{"id":1790,"date":"2025-05-16T01:48:54","date_gmt":"2025-05-16T01:48:54","guid":{"rendered":"https:\/\/cheri-heater.com\/fr\/?post_type=product&#038;p=1790"},"modified":"2025-05-16T01:48:54","modified_gmt":"2025-05-16T01:48:54","slug":"cartouche-chauffante-cc","status":"publish","type":"product","link":"https:\/\/cheri-heater.com\/fr\/product\/cartouche-chauffante-cc\/","title":{"rendered":"Cartouche Chauffante CC"},"content":{"rendered":"","protected":false},"excerpt":{"rendered":"<h2><b><span><span class=\"\">Chauffage de pr\u00e9cision avec cartouche chauffante CC<\/span><\/span><\/b><\/h2>\n<p><span>En mati\u00e8re de solutions de chauffage haute performance, les entreprises exigent fiabilit\u00e9 et efficacit\u00e9.\u00a0<\/span><b><span>Les cartouches chauffantes CC\u00a0<\/span><\/b><span>de Cheri Heater sont con\u00e7ues pour un transfert de chaleur optimal dans les applications industrielles et commerciales. Que vous fabriquiez des composants sensibles ou mainteniez des temp\u00e9ratures pr\u00e9cises, nos cartouches chauffantes CC offrent des performances in\u00e9gal\u00e9es.<\/span><\/p>\n<p><span>L&#8217;expertise de Cheri Heater garantit que chaque produit r\u00e9pond \u00e0 des normes de qualit\u00e9 rigoureuses. Si vos activit\u00e9s n\u00e9cessitent une chaleur constante avec une consommation d&#8217;\u00e9nergie minimale, nos cartouches chauffantes CC sont le choix id\u00e9al.<\/span><\/p>\n<h3><b><span>Pourquoi choisir le radiateur \u00e0 cartouche CC de Cheri Heater\u00a0?<\/span><\/b><\/h3>\n<h4><b><span>Des performances exceptionnelles pour les applications industrielles<\/span><\/b><\/h4>\n<p><span>La\u00a0<\/span><b><span>cartouche chauffante CC\u00a0<\/span><\/b><span>de Cheri Heater est con\u00e7ue pour r\u00e9pondre aux exigences rigoureuses de secteurs tels que l&#8217;automobile, l&#8217;a\u00e9rospatiale, l&#8217;emballage, etc. Sa construction robuste et sa technologie avanc\u00e9e garantissent un chauffage uniforme, ce qui la rend id\u00e9ale pour\u00a0:<\/span><\/p>\n<ul>\n<li aria-level=\"1\"><span>moulage de plastique<\/span><\/li>\n<li aria-level=\"1\"><span>\u00c9quipement de scellage et de d\u00e9coupe<\/span><\/li>\n<li aria-level=\"1\"><span>Marquage \u00e0 chaud et gaufrage<\/span><\/li>\n<li aria-level=\"1\"><span>Fours industriels<\/span><\/li>\n<\/ul>\n<p><span>Avec une distribution de chaleur sup\u00e9rieure et des temps de r\u00e9ponse rapides, vous obtiendrez une productivit\u00e9 in\u00e9gal\u00e9e.<\/span><\/p>\n<h3><b><span>Construit pour durer<\/span><\/b><\/h3>\n<p><span>Fabriqu\u00e9e avec des mat\u00e9riaux de premi\u00e8re qualit\u00e9, la\u00a0<\/span><b><span>cartouche chauffante CC\u00a0<\/span><\/b><span>est con\u00e7ue pour durer. Sa conception robuste r\u00e9siste aux environnements industriels difficiles, garantissant une fiabilit\u00e9 \u00e0 long terme. L&#8217;engagement de Cheri Heater envers la qualit\u00e9 se traduit par une r\u00e9duction des remplacements et des co\u00fbts de maintenance pour votre entreprise.<\/span><\/p>\n<h3><b><span>Solutions de chauffage sur mesure avec cartouche chauffante CC<\/span><\/b><\/h3>\n<p><span>Chez Cheri Heater, nous savons que chaque secteur d&#8217;activit\u00e9 a des exigences sp\u00e9cifiques. C&#8217;est pourquoi nous proposons des options personnalisables pour nos cartouches chauffantes CC, notamment\u00a0:<\/span><\/p>\n<ul>\n<li aria-level=\"1\"><span>Diff\u00e9rentes puissances et tensions adapt\u00e9es \u00e0 votre \u00e9quipement<\/span><\/li>\n<li aria-level=\"1\"><span>Longueurs et diam\u00e8tres personnalis\u00e9s pour un ajustement parfait<\/span><\/li>\n<li aria-level=\"1\"><span>Mat\u00e9riaux de fil conducteur et de gaine en option pour une protection suppl\u00e9mentaire<\/span><\/li>\n<\/ul>\n<h3><b><span>Cheri Heater\u00a0: votre partenaire de confiance en solutions de chauffage<\/span><\/b><\/h3>\n<p><span>En collaborant avec Cheri Heater, vous n&#8217;achetez pas seulement un produit\u00a0; vous investissez dans l&#8217;expertise et l&#8217;innovation. Nos cartouches chauffantes CC b\u00e9n\u00e9ficient des garanties suivantes\u00a0:<\/span><\/p>\n<ul>\n<li aria-level=\"1\"><span>Support technique complet<\/span><\/li>\n<li aria-level=\"1\"><span>Livraison rapide pour des temps d&#8217;arr\u00eat minimis\u00e9s<\/span><\/li>\n<li aria-level=\"1\"><span>Des prix comp\u00e9titifs sans compromis sur la qualit\u00e9<\/span><\/li>\n<\/ul>\n<p><span>Nous sommes fiers de fournir des solutions de chauffage qui r\u00e9pondent aux demandes \u00e9volutives des industries modernes.<\/span><\/p>\n<p><span>Pr\u00eat \u00e0 passer \u00e0 la vitesse sup\u00e9rieure\u00a0? Contactez Cheri Heater d\u00e8s maintenant et d\u00e9couvrez comment nos cartouches chauffantes CC peuvent transformer vos processus.<\/span><\/p>\n","protected":false},"featured_media":1791,"template":"","meta":[],"product_brand":[],"product_cat":[21],"product_tag":[196],"class_list":{"0":"post-1790","1":"product","2":"type-product","3":"status-publish","4":"has-post-thumbnail","6":"product_cat-cartridge-heater","7":"product_tag-cartouche-chauffante-cc","9":"first","10":"instock","11":"shipping-taxable","12":"product-type-simple"},"yoast_head":"<!-- This site is optimized with the Yoast SEO plugin v27.3 - https:\/\/yoast.com\/product\/yoast-seo-wordpress\/ -->\n<title>Cartouche chauffante CC haute qualit\u00e9 | Cheri-heater.com<\/title>\n<meta name=\"description\" content=\"Cartouches chauffantes CC haut de gamme pour des solutions de chauffage efficaces et pr\u00e9cises. Durables, fiables et personnalisables pour les applications industrielles et commerciales.\" \/>\n<meta name=\"robots\" content=\"index, follow, max-snippet:-1, max-image-preview:large, max-video-preview:-1\" \/>\n<link rel=\"canonical\" href=\"https:\/\/cheri-heater.com\/fr\/product\/cartouche-chauffante-cc\/\" \/>\n<meta property=\"og:locale\" content=\"en_US\" \/>\n<meta property=\"og:type\" content=\"article\" \/>\n<meta property=\"og:title\" content=\"Cartouche chauffante CC haute qualit\u00e9 | Cheri-heater.com\" \/>\n<meta property=\"og:description\" content=\"Cartouches chauffantes CC haut de gamme pour des solutions de chauffage efficaces et pr\u00e9cises. Durables, fiables et personnalisables pour les applications industrielles et commerciales.\" \/>\n<meta property=\"og:url\" content=\"https:\/\/cheri-heater.com\/fr\/product\/cartouche-chauffante-cc\/\" \/>\n<meta property=\"og:site_name\" content=\"Cheri Heater Technology Co.,Ltd.\" \/>\n<meta property=\"og:image\" content=\"https:\/\/cheri-heater.com\/fr\/wp-content\/uploads\/2025\/05\/s-l500.jpg\" \/>\n\t<meta property=\"og:image:width\" content=\"500\" \/>\n\t<meta property=\"og:image:height\" content=\"500\" \/>\n\t<meta property=\"og:image:type\" content=\"image\/jpeg\" \/>\n<meta name=\"twitter:card\" content=\"summary_large_image\" \/>\n<meta name=\"twitter:label1\" content=\"Est. reading time\" \/>\n\t<meta name=\"twitter:data1\" content=\"1 minute\" \/>\n<!-- \/ Yoast SEO plugin. -->","yoast_head_json":{"title":"Cartouche chauffante CC haute qualit\u00e9 | Cheri-heater.com","description":"Cartouches chauffantes CC haut de gamme pour des solutions de chauffage efficaces et pr\u00e9cises. Durables, fiables et personnalisables pour les applications industrielles et commerciales.","robots":{"index":"index","follow":"follow","max-snippet":"max-snippet:-1","max-image-preview":"max-image-preview:large","max-video-preview":"max-video-preview:-1"},"canonical":"https:\/\/cheri-heater.com\/fr\/product\/cartouche-chauffante-cc\/","og_locale":"en_US","og_type":"article","og_title":"Cartouche chauffante CC haute qualit\u00e9 | Cheri-heater.com","og_description":"Cartouches chauffantes CC haut de gamme pour des solutions de chauffage efficaces et pr\u00e9cises. Durables, fiables et personnalisables pour les applications industrielles et commerciales.","og_url":"https:\/\/cheri-heater.com\/fr\/product\/cartouche-chauffante-cc\/","og_site_name":"Cheri Heater Technology Co.,Ltd.","og_image":[{"width":500,"height":500,"url":"https:\/\/cheri-heater.com\/fr\/wp-content\/uploads\/2025\/05\/s-l500.jpg","type":"image\/jpeg"}],"twitter_card":"summary_large_image","twitter_misc":{"Est. reading time":"1 minute"},"schema":{"@context":"https:\/\/schema.org","@graph":[{"@type":"WebPage","@id":"https:\/\/cheri-heater.com\/fr\/product\/cartouche-chauffante-cc\/","url":"https:\/\/cheri-heater.com\/fr\/product\/cartouche-chauffante-cc\/","name":"Cartouche chauffante CC haute qualit\u00e9 | Cheri-heater.com","isPartOf":{"@id":"https:\/\/cheri-heater.com\/fr\/#website"},"primaryImageOfPage":{"@id":"https:\/\/cheri-heater.com\/fr\/product\/cartouche-chauffante-cc\/#primaryimage"},"image":{"@id":"https:\/\/cheri-heater.com\/fr\/product\/cartouche-chauffante-cc\/#primaryimage"},"thumbnailUrl":"https:\/\/cheri-heater.com\/fr\/wp-content\/uploads\/2025\/05\/s-l500.jpg","datePublished":"2025-05-16T01:48:54+00:00","description":"Cartouches chauffantes CC haut de gamme pour des solutions de chauffage efficaces et pr\u00e9cises. Durables, fiables et personnalisables pour les applications industrielles et commerciales.","breadcrumb":{"@id":"https:\/\/cheri-heater.com\/fr\/product\/cartouche-chauffante-cc\/#breadcrumb"},"inLanguage":"en-US","potentialAction":[{"@type":"ReadAction","target":["https:\/\/cheri-heater.com\/fr\/product\/cartouche-chauffante-cc\/"]}]},{"@type":"ImageObject","inLanguage":"en-US","@id":"https:\/\/cheri-heater.com\/fr\/product\/cartouche-chauffante-cc\/#primaryimage","url":"https:\/\/cheri-heater.com\/fr\/wp-content\/uploads\/2025\/05\/s-l500.jpg","contentUrl":"https:\/\/cheri-heater.com\/fr\/wp-content\/uploads\/2025\/05\/s-l500.jpg","width":500,"height":500,"caption":"Cartouche Chauffante CC"},{"@type":"BreadcrumbList","@id":"https:\/\/cheri-heater.com\/fr\/product\/cartouche-chauffante-cc\/#breadcrumb","itemListElement":[{"@type":"ListItem","position":1,"name":"Home","item":"https:\/\/cheri-heater.com\/fr\/"},{"@type":"ListItem","position":2,"name":"Products","item":"https:\/\/cheri-heater.com\/fr\/products\/"},{"@type":"ListItem","position":3,"name":"Cartouche Chauffante CC"}]},{"@type":"WebSite","@id":"https:\/\/cheri-heater.com\/fr\/#website","url":"https:\/\/cheri-heater.com\/fr\/","name":"Cheri Heater Technology Co.,Ltd.","description":"","publisher":{"@id":"https:\/\/cheri-heater.com\/fr\/#organization"},"potentialAction":[{"@type":"SearchAction","target":{"@type":"EntryPoint","urlTemplate":"https:\/\/cheri-heater.com\/fr\/?s={search_term_string}"},"query-input":{"@type":"PropertyValueSpecification","valueRequired":true,"valueName":"search_term_string"}}],"inLanguage":"en-US"},{"@type":"Organization","@id":"https:\/\/cheri-heater.com\/fr\/#organization","name":"Cheri Heater Technology Co.,Ltd.","url":"https:\/\/cheri-heater.com\/fr\/","logo":{"@type":"ImageObject","inLanguage":"en-US","@id":"https:\/\/cheri-heater.com\/fr\/#\/schema\/logo\/image\/","url":"https:\/\/cheri-heater.com\/fr\/wp-content\/uploads\/2024\/06\/cropped-logo-resize.png","contentUrl":"https:\/\/cheri-heater.com\/fr\/wp-content\/uploads\/2024\/06\/cropped-logo-resize.png","width":346,"height":99,"caption":"Cheri Heater Technology Co.,Ltd."},"image":{"@id":"https:\/\/cheri-heater.com\/fr\/#\/schema\/logo\/image\/"}}]}},"_links":{"self":[{"href":"https:\/\/cheri-heater.com\/fr\/wp-json\/wp\/v2\/product\/1790","targetHints":{"allow":["GET"]}}],"collection":[{"href":"https:\/\/cheri-heater.com\/fr\/wp-json\/wp\/v2\/product"}],"about":[{"href":"https:\/\/cheri-heater.com\/fr\/wp-json\/wp\/v2\/types\/product"}],"wp:featuredmedia":[{"embeddable":true,"href":"https:\/\/cheri-heater.com\/fr\/wp-json\/wp\/v2\/media\/1791"}],"wp:attachment":[{"href":"https:\/\/cheri-heater.com\/fr\/wp-json\/wp\/v2\/media?parent=1790"}],"wp:term":[{"taxonomy":"product_brand","embeddable":true,"href":"https:\/\/cheri-heater.com\/fr\/wp-json\/wp\/v2\/product_brand?post=1790"},{"taxonomy":"product_cat","embeddable":true,"href":"https:\/\/cheri-heater.com\/fr\/wp-json\/wp\/v2\/product_cat?post=1790"},{"taxonomy":"product_tag","embeddable":true,"href":"https:\/\/cheri-heater.com\/fr\/wp-json\/wp\/v2\/product_tag?post=1790"}],"curies":[{"name":"wp","href":"https:\/\/api.w.org\/{rel}","templated":true}]}}