{"id":1792,"date":"2025-05-16T01:53:43","date_gmt":"2025-05-16T01:53:43","guid":{"rendered":"https:\/\/cheri-heater.com\/fr\/?post_type=product&#038;p=1792"},"modified":"2025-05-16T01:53:43","modified_gmt":"2025-05-16T01:53:43","slug":"micro-cartouche-chauffante","status":"publish","type":"product","link":"https:\/\/cheri-heater.com\/fr\/product\/micro-cartouche-chauffante\/","title":{"rendered":"Micro-Cartouche Chauffante"},"content":{"rendered":"","protected":false},"excerpt":{"rendered":"<h1 class=\"\" data-start=\"131\" data-end=\"169\"><span><span class=\"\">Fabricants de micro-cartouches chauffantes<\/span><\/span><\/h1>\n<p class=\"\" data-start=\"171\" data-end=\"657\"><span>Lorsque la pr\u00e9cision, la fiabilit\u00e9 et la compacit\u00e9 des solutions de chauffage sont essentielles, choisir le bon fabricant de micro-cartouches chauffantes fait toute la diff\u00e9rence. Chez Cheri-heater.com, nous sommes sp\u00e9cialis\u00e9s dans la production de micro-cartouches chauffantes hautes performances qui r\u00e9pondent aux besoins exigeants des industries du monde entier. Forts de nombreuses ann\u00e9es d&#8217;expertise, de capacit\u00e9s de fabrication avanc\u00e9es et d&#8217;un engagement qualit\u00e9, nous sommes fiers d&#8217;\u00eatre l&#8217;un des principaux fabricants de micro-cartouches chauffantes du march\u00e9.<\/span><\/p>\n<h2 class=\"\" data-start=\"659\" data-end=\"707\"><span>Qui sont les fabricants de micro-cartouches chauffantes ?<\/span><\/h2>\n<p class=\"\" data-start=\"709\" data-end=\"1158\"><span>Les fabricants de micro-cartouches chauffantes con\u00e7oivent et produisent des \u00e9l\u00e9ments chauffants miniatures con\u00e7us pour les espaces restreints. Ces fabricants doivent proposer des produits alliant haute densit\u00e9 de puissance, excellent contr\u00f4le de la temp\u00e9rature et durabilit\u00e9 dans des dimensions tr\u00e8s compactes. Des applications telles que les dispositifs m\u00e9dicaux, l&#8217;impression 3D, l&#8217;a\u00e9rospatiale, l&#8217;emballage et l&#8217;automobile d\u00e9pendent des performances constantes de ces \u00e9l\u00e9ments chauffants compacts mais puissants.<\/span><\/p>\n<p class=\"\" data-start=\"1160\" data-end=\"1472\"><span>En tant que fabricant de micro-cartouches chauffantes de confiance, nous comprenons le r\u00f4le crucial de nos produits dans vos op\u00e9rations. C&#8217;est pourquoi nous utilisons de l&#8217;acier inoxydable de premi\u00e8re qualit\u00e9, une isolation en oxyde de magn\u00e9sium de haute puret\u00e9 et des technologies de fils r\u00e9sistifs de pointe pour garantir que chaque \u00e9l\u00e9ment chauffant que nous livrons r\u00e9pond aux normes les plus strictes.<\/span><\/p>\n<h3 data-start=\"1474\" data-end=\"1552\"><span>Pourquoi choisir Cheri-heater.com comme fabricant de micro-cartouches chauffantes\u00a0?<\/span><\/h3>\n<p class=\"\" data-start=\"1554\" data-end=\"1742\"><span>Chez Cheri-heater.com, nous sommes bien plus que de simples fabricants de micro-cartouches chauffantes\u00a0: nous sommes votre partenaire en innovation. Voici pourquoi des clients de divers secteurs nous choisissent\u00a0:<\/span><\/p>\n<ul data-start=\"1744\" data-end=\"2426\">\n<li class=\"\" data-start=\"1744\" data-end=\"1912\">\n<p class=\"\" data-start=\"1746\" data-end=\"1912\"><strong data-start=\"1746\" data-end=\"1772\"><span>Options de personnalisation :<\/span><\/strong><span>\u00a0Nous proposons une large gamme de tailles, de puissances, de tensions, de configurations de fils conducteurs et d&#8217;options de montage personnalis\u00e9es pour s&#8217;adapter \u00e0 votre application sp\u00e9cifique.<\/span><\/p>\n<\/li>\n<li class=\"\" data-start=\"1913\" data-end=\"2036\">\n<p class=\"\" data-start=\"1915\" data-end=\"2036\"><strong data-start=\"1915\" data-end=\"1932\"><span>Haute qualit\u00e9 :<\/span><\/strong><span>\u00a0nos radiateurs sont construits avec pr\u00e9cision et rigoureusement test\u00e9s pour garantir des performances et une long\u00e9vit\u00e9 maximales.<\/span><\/p>\n<\/li>\n<li class=\"\" data-start=\"2037\" data-end=\"2160\">\n<p class=\"\" data-start=\"2039\" data-end=\"2160\"><strong data-start=\"2039\" data-end=\"2059\"><span>D\u00e9lai d&#8217;ex\u00e9cution rapide :<\/span><\/strong><span>\u00a0Gr\u00e2ce \u00e0 notre processus de fabrication efficace, nous offrons une livraison rapide sans compromettre la qualit\u00e9.<\/span><\/p>\n<\/li>\n<li class=\"\" data-start=\"2161\" data-end=\"2280\">\n<p class=\"\" data-start=\"2163\" data-end=\"2280\"><strong data-start=\"2163\" data-end=\"2187\"><span>Expertise technique :<\/span><\/strong><span>\u00a0Notre \u00e9quipe d&#8217;ing\u00e9nieurs fournit un support complet, de la consultation de conception au service apr\u00e8s-vente.<\/span><\/p>\n<\/li>\n<li class=\"\" data-start=\"2281\" data-end=\"2426\">\n<p class=\"\" data-start=\"2283\" data-end=\"2426\"><strong data-start=\"2283\" data-end=\"2307\"><span>Prix \u200b\u200bcomp\u00e9titifs :<\/span><\/strong><span>\u00a0une qualit\u00e9 sup\u00e9rieure ne doit pas n\u00e9cessairement \u00eatre synonyme de prix \u00e9lev\u00e9 : nous proposons des prix comp\u00e9titifs sur tous nos micro-cartouches chauffantes.<\/span><\/p>\n<\/li>\n<\/ul>\n<h4 data-start=\"2550\" data-end=\"2592\"><span>Applications des micro-cartouches chauffantes<\/span><\/h4>\n<p class=\"\" data-start=\"2594\" data-end=\"2711\"><span>Les principaux fabricants de micro-cartouches chauffantes s&#8217;adressent \u00e0 un large \u00e9ventail d&#8217;industries et d&#8217;applications, notamment :<\/span><\/p>\n<ul data-start=\"2713\" data-end=\"3127\">\n<li class=\"\" data-start=\"2713\" data-end=\"2789\">\n<p class=\"\" data-start=\"2715\" data-end=\"2789\"><strong data-start=\"2715\" data-end=\"2735\"><span>Dispositifs m\u00e9dicaux :<\/span><\/strong><span>\u00a0Pour un chauffage pr\u00e9cis des outils de diagnostic et chirurgicaux.<\/span><\/p>\n<\/li>\n<li class=\"\" data-start=\"2790\" data-end=\"2870\">\n<p class=\"\" data-start=\"2792\" data-end=\"2870\"><strong data-start=\"2792\" data-end=\"2808\"><span>Imprimantes 3D :<\/span><\/strong><span>\u00a0pour le chauffage des buses et du lit avec un contr\u00f4le pr\u00e9cis de la temp\u00e9rature.<\/span><\/p>\n<\/li>\n<li class=\"\" data-start=\"2871\" data-end=\"2945\">\n<p class=\"\" data-start=\"2873\" data-end=\"2945\"><strong data-start=\"2873\" data-end=\"2897\"><span>\u00c9quipement d&#8217;emballage :<\/span><\/strong><span>\u00a0pour les applications de scellage, de d\u00e9coupe et de soudage.<\/span><\/p>\n<\/li>\n<li class=\"\" data-start=\"2946\" data-end=\"3037\">\n<p class=\"\" data-start=\"2948\" data-end=\"3037\"><strong data-start=\"2948\" data-end=\"2977\"><span>A\u00e9rospatiale et automobile :<\/span><\/strong><span>\u00a0pour des solutions de chauffage compactes o\u00f9 la fiabilit\u00e9 est cruciale.<\/span><\/p>\n<\/li>\n<li class=\"\" data-start=\"3038\" data-end=\"3127\">\n<p class=\"\" data-start=\"3040\" data-end=\"3127\"><strong data-start=\"3040\" data-end=\"3060\"><span>Transformation des aliments :<\/span><\/strong><span>\u00a0pour les besoins de chauffage \u00e0 petit facteur de forme dans les machines et les outils.<\/span><\/p>\n<\/li>\n<\/ul>\n<p class=\"\" data-start=\"3129\" data-end=\"3225\"><span>Quelle que soit votre application, nos appareils de chauffage sont con\u00e7us pour fonctionner dans les conditions les plus exigeantes.<\/span><\/p>\n<h2 class=\"\" data-start=\"3227\" data-end=\"3254\"><span>Devenez partenaire avec les experts<\/span><\/h2>\n<p class=\"\" data-start=\"3256\" data-end=\"3527\"><span>Choisir le bon fabricant de micro-cartouches chauffantes peut avoir un impact consid\u00e9rable sur l&#8217;efficacit\u00e9, la dur\u00e9e de vie et les performances de votre produit. Chez Cheri-heater.com, nous sommes fiers de proposer des radiateurs offrant une qualit\u00e9 exceptionnelle, des designs innovants et une fiabilit\u00e9 in\u00e9gal\u00e9e.<\/span><\/p>\n","protected":false},"featured_media":1793,"template":"","meta":[],"product_brand":[],"product_cat":[21],"product_tag":[197],"class_list":{"0":"post-1792","1":"product","2":"type-product","3":"status-publish","4":"has-post-thumbnail","6":"product_cat-cartridge-heater","7":"product_tag-micro-cartouche-chauffante","9":"first","10":"instock","11":"shipping-taxable","12":"product-type-simple"},"yoast_head":"<!-- This site is optimized with the Yoast SEO plugin v27.3 - https:\/\/yoast.com\/product\/yoast-seo-wordpress\/ -->\n<title>Meilleurs fabricants de micro-cartouches chauffantes | Cheri-heater.com<\/title>\n<meta name=\"description\" content=\"Vous recherchez des fabricants experts de micro-cartouches chauffantes\u00a0? Nous proposons des radiateurs compacts et durables, con\u00e7us sur mesure pour r\u00e9pondre \u00e0 vos besoins sp\u00e9cifiques.\" \/>\n<meta name=\"robots\" content=\"index, follow, max-snippet:-1, max-image-preview:large, max-video-preview:-1\" \/>\n<link rel=\"canonical\" href=\"https:\/\/cheri-heater.com\/fr\/product\/micro-cartouche-chauffante\/\" \/>\n<meta property=\"og:locale\" content=\"en_US\" \/>\n<meta property=\"og:type\" content=\"article\" \/>\n<meta property=\"og:title\" content=\"Meilleurs fabricants de micro-cartouches chauffantes | Cheri-heater.com\" \/>\n<meta property=\"og:description\" content=\"Vous recherchez des fabricants experts de micro-cartouches chauffantes\u00a0? Nous proposons des radiateurs compacts et durables, con\u00e7us sur mesure pour r\u00e9pondre \u00e0 vos besoins sp\u00e9cifiques.\" \/>\n<meta property=\"og:url\" content=\"https:\/\/cheri-heater.com\/fr\/product\/micro-cartouche-chauffante\/\" \/>\n<meta property=\"og:site_name\" content=\"Cheri Heater Technology Co.,Ltd.\" \/>\n<meta property=\"og:image\" content=\"https:\/\/cheri-heater.com\/fr\/wp-content\/uploads\/2025\/05\/947e7888-1ef1-4c90-9131-0a9107b41814.jpg\" \/>\n\t<meta property=\"og:image:width\" content=\"960\" \/>\n\t<meta property=\"og:image:height\" content=\"1280\" \/>\n\t<meta property=\"og:image:type\" content=\"image\/jpeg\" \/>\n<meta name=\"twitter:card\" content=\"summary_large_image\" \/>\n<meta name=\"twitter:label1\" content=\"Est. reading time\" \/>\n\t<meta name=\"twitter:data1\" content=\"1 minute\" \/>\n<!-- \/ Yoast SEO plugin. -->","yoast_head_json":{"title":"Meilleurs fabricants de micro-cartouches chauffantes | Cheri-heater.com","description":"Vous recherchez des fabricants experts de micro-cartouches chauffantes\u00a0? Nous proposons des radiateurs compacts et durables, con\u00e7us sur mesure pour r\u00e9pondre \u00e0 vos besoins sp\u00e9cifiques.","robots":{"index":"index","follow":"follow","max-snippet":"max-snippet:-1","max-image-preview":"max-image-preview:large","max-video-preview":"max-video-preview:-1"},"canonical":"https:\/\/cheri-heater.com\/fr\/product\/micro-cartouche-chauffante\/","og_locale":"en_US","og_type":"article","og_title":"Meilleurs fabricants de micro-cartouches chauffantes | Cheri-heater.com","og_description":"Vous recherchez des fabricants experts de micro-cartouches chauffantes\u00a0? Nous proposons des radiateurs compacts et durables, con\u00e7us sur mesure pour r\u00e9pondre \u00e0 vos besoins sp\u00e9cifiques.","og_url":"https:\/\/cheri-heater.com\/fr\/product\/micro-cartouche-chauffante\/","og_site_name":"Cheri Heater Technology Co.,Ltd.","og_image":[{"width":960,"height":1280,"url":"https:\/\/cheri-heater.com\/fr\/wp-content\/uploads\/2025\/05\/947e7888-1ef1-4c90-9131-0a9107b41814.jpg","type":"image\/jpeg"}],"twitter_card":"summary_large_image","twitter_misc":{"Est. reading time":"1 minute"},"schema":{"@context":"https:\/\/schema.org","@graph":[{"@type":"WebPage","@id":"https:\/\/cheri-heater.com\/fr\/product\/micro-cartouche-chauffante\/","url":"https:\/\/cheri-heater.com\/fr\/product\/micro-cartouche-chauffante\/","name":"Meilleurs fabricants de micro-cartouches chauffantes | Cheri-heater.com","isPartOf":{"@id":"https:\/\/cheri-heater.com\/fr\/#website"},"primaryImageOfPage":{"@id":"https:\/\/cheri-heater.com\/fr\/product\/micro-cartouche-chauffante\/#primaryimage"},"image":{"@id":"https:\/\/cheri-heater.com\/fr\/product\/micro-cartouche-chauffante\/#primaryimage"},"thumbnailUrl":"https:\/\/cheri-heater.com\/fr\/wp-content\/uploads\/2025\/05\/947e7888-1ef1-4c90-9131-0a9107b41814.jpg","datePublished":"2025-05-16T01:53:43+00:00","description":"Vous recherchez des fabricants experts de micro-cartouches chauffantes\u00a0? Nous proposons des radiateurs compacts et durables, con\u00e7us sur mesure pour r\u00e9pondre \u00e0 vos besoins sp\u00e9cifiques.","breadcrumb":{"@id":"https:\/\/cheri-heater.com\/fr\/product\/micro-cartouche-chauffante\/#breadcrumb"},"inLanguage":"en-US","potentialAction":[{"@type":"ReadAction","target":["https:\/\/cheri-heater.com\/fr\/product\/micro-cartouche-chauffante\/"]}]},{"@type":"ImageObject","inLanguage":"en-US","@id":"https:\/\/cheri-heater.com\/fr\/product\/micro-cartouche-chauffante\/#primaryimage","url":"https:\/\/cheri-heater.com\/fr\/wp-content\/uploads\/2025\/05\/947e7888-1ef1-4c90-9131-0a9107b41814.jpg","contentUrl":"https:\/\/cheri-heater.com\/fr\/wp-content\/uploads\/2025\/05\/947e7888-1ef1-4c90-9131-0a9107b41814.jpg","width":960,"height":1280,"caption":"Micro-Cartouche Chauffante"},{"@type":"BreadcrumbList","@id":"https:\/\/cheri-heater.com\/fr\/product\/micro-cartouche-chauffante\/#breadcrumb","itemListElement":[{"@type":"ListItem","position":1,"name":"Home","item":"https:\/\/cheri-heater.com\/fr\/"},{"@type":"ListItem","position":2,"name":"Products","item":"https:\/\/cheri-heater.com\/fr\/products\/"},{"@type":"ListItem","position":3,"name":"Micro-Cartouche Chauffante"}]},{"@type":"WebSite","@id":"https:\/\/cheri-heater.com\/fr\/#website","url":"https:\/\/cheri-heater.com\/fr\/","name":"Cheri Heater Technology Co.,Ltd.","description":"","publisher":{"@id":"https:\/\/cheri-heater.com\/fr\/#organization"},"potentialAction":[{"@type":"SearchAction","target":{"@type":"EntryPoint","urlTemplate":"https:\/\/cheri-heater.com\/fr\/?s={search_term_string}"},"query-input":{"@type":"PropertyValueSpecification","valueRequired":true,"valueName":"search_term_string"}}],"inLanguage":"en-US"},{"@type":"Organization","@id":"https:\/\/cheri-heater.com\/fr\/#organization","name":"Cheri Heater Technology Co.,Ltd.","url":"https:\/\/cheri-heater.com\/fr\/","logo":{"@type":"ImageObject","inLanguage":"en-US","@id":"https:\/\/cheri-heater.com\/fr\/#\/schema\/logo\/image\/","url":"https:\/\/cheri-heater.com\/fr\/wp-content\/uploads\/2024\/06\/cropped-logo-resize.png","contentUrl":"https:\/\/cheri-heater.com\/fr\/wp-content\/uploads\/2024\/06\/cropped-logo-resize.png","width":346,"height":99,"caption":"Cheri Heater Technology Co.,Ltd."},"image":{"@id":"https:\/\/cheri-heater.com\/fr\/#\/schema\/logo\/image\/"}}]}},"_links":{"self":[{"href":"https:\/\/cheri-heater.com\/fr\/wp-json\/wp\/v2\/product\/1792","targetHints":{"allow":["GET"]}}],"collection":[{"href":"https:\/\/cheri-heater.com\/fr\/wp-json\/wp\/v2\/product"}],"about":[{"href":"https:\/\/cheri-heater.com\/fr\/wp-json\/wp\/v2\/types\/product"}],"wp:featuredmedia":[{"embeddable":true,"href":"https:\/\/cheri-heater.com\/fr\/wp-json\/wp\/v2\/media\/1793"}],"wp:attachment":[{"href":"https:\/\/cheri-heater.com\/fr\/wp-json\/wp\/v2\/media?parent=1792"}],"wp:term":[{"taxonomy":"product_brand","embeddable":true,"href":"https:\/\/cheri-heater.com\/fr\/wp-json\/wp\/v2\/product_brand?post=1792"},{"taxonomy":"product_cat","embeddable":true,"href":"https:\/\/cheri-heater.com\/fr\/wp-json\/wp\/v2\/product_cat?post=1792"},{"taxonomy":"product_tag","embeddable":true,"href":"https:\/\/cheri-heater.com\/fr\/wp-json\/wp\/v2\/product_tag?post=1792"}],"curies":[{"name":"wp","href":"https:\/\/api.w.org\/{rel}","templated":true}]}}