{"id":1797,"date":"2025-05-16T02:01:51","date_gmt":"2025-05-16T02:01:51","guid":{"rendered":"https:\/\/cheri-heater.com\/fr\/?post_type=product&#038;p=1797"},"modified":"2025-05-16T02:01:51","modified_gmt":"2025-05-16T02:01:51","slug":"cartouche-chauffante-pour-moule","status":"publish","type":"product","link":"https:\/\/cheri-heater.com\/fr\/product\/cartouche-chauffante-pour-moule\/","title":{"rendered":"Cartouche Chauffante Pour Moule"},"content":{"rendered":"","protected":false},"excerpt":{"rendered":"<h1><span><span class=\"\">Fabricant expert de cartouches chauffantes pour moules<\/span><\/span><\/h1>\n<p><span>Vous recherchez des cartouches chauffantes pour moules haut de gamme, con\u00e7ues pour des performances et une fiabilit\u00e9 optimales\u00a0? Ne cherchez plus\u00a0: Cheri Heater Technology Co., Ltd, fabricant leader sp\u00e9cialis\u00e9 dans la production de\u00a0<\/span><a href=\"https:\/\/cheri-heater.com\/\"><span>radiateurs industriels de haute qualit\u00e9<\/span><\/a><span>\u00a0, notamment de cartouches chauffantes pour moules de pr\u00e9cision, est fait pour vous.<\/span><\/p>\n<h2><span>Notre gamme de cartouches chauffantes pour moules haut de gamme<\/span><\/h2>\n<p><span>Cheri Heater Technology Co., Ltd propose une vaste gamme de cartouches chauffantes pour moules, con\u00e7ues pour r\u00e9pondre aux exigences rigoureuses des applications industrielles. Ax\u00e9es sur une qualit\u00e9 sup\u00e9rieure et une ing\u00e9nierie de pr\u00e9cision, nos cartouches chauffantes pour moules sont disponibles pour r\u00e9pondre \u00e0 divers besoins industriels et sont soigneusement con\u00e7ues pour garantir des performances thermiques et une long\u00e9vit\u00e9 optimales.<\/span><\/p>\n<h3><span>Pourquoi choisir Cheri Heater pour les radiateurs \u00e0 cartouche moul\u00e9e ?<\/span><\/h3>\n<p><span>En choisissant Cheri Heater Technology Co., Ltd comme fabricant de cartouches chauffantes pour moules, vous b\u00e9n\u00e9ficiez d&#8217;un service client in\u00e9gal\u00e9, de solutions de chauffage sur mesure et d&#8217;une garantie solide. Notre \u00e9quipe exp\u00e9riment\u00e9e se consacre \u00e0 la conception de cartouches chauffantes pour moules aux formes, dimensions et mat\u00e9riaux pr\u00e9cis, r\u00e9pondant ainsi aux besoins sp\u00e9cifiques de nos clients industriels.<\/span><\/p>\n","protected":false},"featured_media":1798,"template":"","meta":[],"product_brand":[],"product_cat":[21],"product_tag":[198],"class_list":{"0":"post-1797","1":"product","2":"type-product","3":"status-publish","4":"has-post-thumbnail","6":"product_cat-cartridge-heater","7":"product_tag-cartouche-chauffante-pour-moule","9":"first","10":"instock","11":"shipping-taxable","12":"product-type-simple"},"yoast_head":"<!-- This site is optimized with the Yoast SEO plugin v27.3 - https:\/\/yoast.com\/product\/yoast-seo-wordpress\/ -->\n<title>Fabricant de cartouches chauffantes pour moules | Solutions de chauffage de qualit\u00e9<\/title>\n<meta name=\"description\" content=\"Vous recherchez des cartouches chauffantes fiables pour vos moules\u00a0? Nos services de fabrication de premier ordre proposent des solutions de chauffage de pr\u00e9cision adapt\u00e9es \u00e0 vos besoins industriels.\" \/>\n<meta name=\"robots\" content=\"index, follow, max-snippet:-1, max-image-preview:large, max-video-preview:-1\" \/>\n<link rel=\"canonical\" href=\"https:\/\/cheri-heater.com\/fr\/product\/cartouche-chauffante-pour-moule\/\" \/>\n<meta property=\"og:locale\" content=\"en_US\" \/>\n<meta property=\"og:type\" content=\"article\" \/>\n<meta property=\"og:title\" content=\"Fabricant de cartouches chauffantes pour moules | Solutions de chauffage de qualit\u00e9\" \/>\n<meta property=\"og:description\" content=\"Vous recherchez des cartouches chauffantes fiables pour vos moules\u00a0? Nos services de fabrication de premier ordre proposent des solutions de chauffage de pr\u00e9cision adapt\u00e9es \u00e0 vos besoins industriels.\" \/>\n<meta property=\"og:url\" content=\"https:\/\/cheri-heater.com\/fr\/product\/cartouche-chauffante-pour-moule\/\" \/>\n<meta property=\"og:site_name\" content=\"Cheri Heater Technology Co.,Ltd.\" \/>\n<meta property=\"og:image\" content=\"https:\/\/cheri-heater.com\/fr\/wp-content\/uploads\/2025\/05\/Cheri-Electrothermal-Equipment-Limited-Company-9.jpg\" \/>\n\t<meta property=\"og:image:width\" content=\"790\" \/>\n\t<meta property=\"og:image:height\" content=\"545\" \/>\n\t<meta property=\"og:image:type\" content=\"image\/jpeg\" \/>\n<meta name=\"twitter:card\" content=\"summary_large_image\" \/>\n<meta name=\"twitter:label1\" content=\"Est. reading time\" \/>\n\t<meta name=\"twitter:data1\" content=\"1 minute\" \/>\n<!-- \/ Yoast SEO plugin. -->","yoast_head_json":{"title":"Fabricant de cartouches chauffantes pour moules | Solutions de chauffage de qualit\u00e9","description":"Vous recherchez des cartouches chauffantes fiables pour vos moules\u00a0? Nos services de fabrication de premier ordre proposent des solutions de chauffage de pr\u00e9cision adapt\u00e9es \u00e0 vos besoins industriels.","robots":{"index":"index","follow":"follow","max-snippet":"max-snippet:-1","max-image-preview":"max-image-preview:large","max-video-preview":"max-video-preview:-1"},"canonical":"https:\/\/cheri-heater.com\/fr\/product\/cartouche-chauffante-pour-moule\/","og_locale":"en_US","og_type":"article","og_title":"Fabricant de cartouches chauffantes pour moules | Solutions de chauffage de qualit\u00e9","og_description":"Vous recherchez des cartouches chauffantes fiables pour vos moules\u00a0? Nos services de fabrication de premier ordre proposent des solutions de chauffage de pr\u00e9cision adapt\u00e9es \u00e0 vos besoins industriels.","og_url":"https:\/\/cheri-heater.com\/fr\/product\/cartouche-chauffante-pour-moule\/","og_site_name":"Cheri Heater Technology Co.,Ltd.","og_image":[{"width":790,"height":545,"url":"https:\/\/cheri-heater.com\/fr\/wp-content\/uploads\/2025\/05\/Cheri-Electrothermal-Equipment-Limited-Company-9.jpg","type":"image\/jpeg"}],"twitter_card":"summary_large_image","twitter_misc":{"Est. reading time":"1 minute"},"schema":{"@context":"https:\/\/schema.org","@graph":[{"@type":"WebPage","@id":"https:\/\/cheri-heater.com\/fr\/product\/cartouche-chauffante-pour-moule\/","url":"https:\/\/cheri-heater.com\/fr\/product\/cartouche-chauffante-pour-moule\/","name":"Fabricant de cartouches chauffantes pour moules | Solutions de chauffage de qualit\u00e9","isPartOf":{"@id":"https:\/\/cheri-heater.com\/fr\/#website"},"primaryImageOfPage":{"@id":"https:\/\/cheri-heater.com\/fr\/product\/cartouche-chauffante-pour-moule\/#primaryimage"},"image":{"@id":"https:\/\/cheri-heater.com\/fr\/product\/cartouche-chauffante-pour-moule\/#primaryimage"},"thumbnailUrl":"https:\/\/cheri-heater.com\/fr\/wp-content\/uploads\/2025\/05\/Cheri-Electrothermal-Equipment-Limited-Company-9.jpg","datePublished":"2025-05-16T02:01:51+00:00","description":"Vous recherchez des cartouches chauffantes fiables pour vos moules\u00a0? Nos services de fabrication de premier ordre proposent des solutions de chauffage de pr\u00e9cision adapt\u00e9es \u00e0 vos besoins industriels.","breadcrumb":{"@id":"https:\/\/cheri-heater.com\/fr\/product\/cartouche-chauffante-pour-moule\/#breadcrumb"},"inLanguage":"en-US","potentialAction":[{"@type":"ReadAction","target":["https:\/\/cheri-heater.com\/fr\/product\/cartouche-chauffante-pour-moule\/"]}]},{"@type":"ImageObject","inLanguage":"en-US","@id":"https:\/\/cheri-heater.com\/fr\/product\/cartouche-chauffante-pour-moule\/#primaryimage","url":"https:\/\/cheri-heater.com\/fr\/wp-content\/uploads\/2025\/05\/Cheri-Electrothermal-Equipment-Limited-Company-9.jpg","contentUrl":"https:\/\/cheri-heater.com\/fr\/wp-content\/uploads\/2025\/05\/Cheri-Electrothermal-Equipment-Limited-Company-9.jpg","width":790,"height":545,"caption":"Cartouche Chauffante Pour Moule"},{"@type":"BreadcrumbList","@id":"https:\/\/cheri-heater.com\/fr\/product\/cartouche-chauffante-pour-moule\/#breadcrumb","itemListElement":[{"@type":"ListItem","position":1,"name":"Home","item":"https:\/\/cheri-heater.com\/fr\/"},{"@type":"ListItem","position":2,"name":"Products","item":"https:\/\/cheri-heater.com\/fr\/products\/"},{"@type":"ListItem","position":3,"name":"Cartouche Chauffante Pour Moule"}]},{"@type":"WebSite","@id":"https:\/\/cheri-heater.com\/fr\/#website","url":"https:\/\/cheri-heater.com\/fr\/","name":"Cheri Heater Technology Co.,Ltd.","description":"","publisher":{"@id":"https:\/\/cheri-heater.com\/fr\/#organization"},"potentialAction":[{"@type":"SearchAction","target":{"@type":"EntryPoint","urlTemplate":"https:\/\/cheri-heater.com\/fr\/?s={search_term_string}"},"query-input":{"@type":"PropertyValueSpecification","valueRequired":true,"valueName":"search_term_string"}}],"inLanguage":"en-US"},{"@type":"Organization","@id":"https:\/\/cheri-heater.com\/fr\/#organization","name":"Cheri Heater Technology Co.,Ltd.","url":"https:\/\/cheri-heater.com\/fr\/","logo":{"@type":"ImageObject","inLanguage":"en-US","@id":"https:\/\/cheri-heater.com\/fr\/#\/schema\/logo\/image\/","url":"https:\/\/cheri-heater.com\/fr\/wp-content\/uploads\/2024\/06\/cropped-logo-resize.png","contentUrl":"https:\/\/cheri-heater.com\/fr\/wp-content\/uploads\/2024\/06\/cropped-logo-resize.png","width":346,"height":99,"caption":"Cheri Heater Technology Co.,Ltd."},"image":{"@id":"https:\/\/cheri-heater.com\/fr\/#\/schema\/logo\/image\/"}}]}},"_links":{"self":[{"href":"https:\/\/cheri-heater.com\/fr\/wp-json\/wp\/v2\/product\/1797","targetHints":{"allow":["GET"]}}],"collection":[{"href":"https:\/\/cheri-heater.com\/fr\/wp-json\/wp\/v2\/product"}],"about":[{"href":"https:\/\/cheri-heater.com\/fr\/wp-json\/wp\/v2\/types\/product"}],"wp:featuredmedia":[{"embeddable":true,"href":"https:\/\/cheri-heater.com\/fr\/wp-json\/wp\/v2\/media\/1798"}],"wp:attachment":[{"href":"https:\/\/cheri-heater.com\/fr\/wp-json\/wp\/v2\/media?parent=1797"}],"wp:term":[{"taxonomy":"product_brand","embeddable":true,"href":"https:\/\/cheri-heater.com\/fr\/wp-json\/wp\/v2\/product_brand?post=1797"},{"taxonomy":"product_cat","embeddable":true,"href":"https:\/\/cheri-heater.com\/fr\/wp-json\/wp\/v2\/product_cat?post=1797"},{"taxonomy":"product_tag","embeddable":true,"href":"https:\/\/cheri-heater.com\/fr\/wp-json\/wp\/v2\/product_tag?post=1797"}],"curies":[{"name":"wp","href":"https:\/\/api.w.org\/{rel}","templated":true}]}}