{"id":1814,"date":"2025-05-17T01:22:02","date_gmt":"2025-05-17T01:22:02","guid":{"rendered":"https:\/\/cheri-heater.com\/fr\/?post_type=product&#038;p=1814"},"modified":"2025-05-17T01:22:02","modified_gmt":"2025-05-17T01:22:02","slug":"chauffe-crayon","status":"publish","type":"product","link":"https:\/\/cheri-heater.com\/fr\/product\/chauffe-crayon\/","title":{"rendered":"Chauffe-Crayon"},"content":{"rendered":"","protected":false},"excerpt":{"rendered":"<h2><b><span><span class=\"\">Principaux fabricants de chauffe-crayons<\/span><\/span><\/b><\/h2>\n<p><span>Lorsque le chauffage de pr\u00e9cision est la pierre angulaire de vos processus industriels,\u00a0<\/span><b><span>Cheri Heater\u00a0<\/span><\/b><span>est votre\u00a0<\/span><b><span>fabricant de crayons chauffants de confiance\u00a0<\/span><\/b><span>. Con\u00e7us pour l&#8217;excellence, nos crayons chauffants offrent des solutions de chauffage cibl\u00e9es et efficaces, adapt\u00e9es aux exigences de divers secteurs. Que vous soyez dans le secteur du plastique, de l&#8217;emballage, des dispositifs m\u00e9dicaux ou autre, nos crayons chauffants garantissent des performances optimales pour chaque application.<\/span><\/p>\n<h2><b><span>Pourquoi choisir Cheri Heater comme fabricant de votre radiateur \u00e0 crayon ?<\/span><\/b><\/h2>\n<p><span>En tant que fabricant leader\u00a0<\/span><b><span>de radiateurs \u00e0 crayon\u00a0<\/span><\/b><span>, Cheri Heater offre une qualit\u00e9 et une innovation in\u00e9gal\u00e9es. Forts de nombreuses ann\u00e9es d&#8217;expertise dans la conception de solutions de chauffage avanc\u00e9es, nous comprenons la n\u00e9cessit\u00e9 de radiateurs durables et performants pour assurer le bon fonctionnement de vos op\u00e9rations.\u00a0<\/span><\/p>\n<p><span>Nos radiateurs \u00e0 crayon sont con\u00e7us pour fournir un transfert de chaleur rapide, un contr\u00f4le pr\u00e9cis de la temp\u00e9rature et un facteur de forme compact pour une int\u00e9gration transparente dans vos syst\u00e8mes.<\/span><\/p>\n<h3><b><span>Principaux avantages du choix du chauffage Cheri\u00a0:<\/span><\/b><\/h3>\n<ol>\n<li aria-level=\"1\"><b><span>Ing\u00e9nierie sur mesure<\/span><\/b><span>\u00a0: Nous sommes sp\u00e9cialis\u00e9s dans la conception de crayons chauffants adapt\u00e9s \u00e0 vos sp\u00e9cifications. De la puissance massique au mat\u00e9riau de la gaine, chaque d\u00e9tail est personnalis\u00e9 selon vos besoins sp\u00e9cifiques.<\/span><\/li>\n<li aria-level=\"1\"><b><span>Durabilit\u00e9 exceptionnelle\u00a0<\/span><\/b><span>: Fabriqu\u00e9s avec des mat\u00e9riaux de premi\u00e8re qualit\u00e9, nos radiateurs r\u00e9sistent aux environnements exigeants, garantissant une dur\u00e9e de vie plus longue et des performances constantes.<\/span><\/li>\n<li aria-level=\"1\"><b><span>Chauffage de pr\u00e9cision\u00a0<\/span><\/b><span>: gr\u00e2ce \u00e0 des contr\u00f4les de temp\u00e9rature avanc\u00e9s, nos radiateurs \u00e0 crayon offrent un chauffage pr\u00e9cis et efficace pour les applications critiques.<\/span><\/li>\n<\/ol>\n<h3><b><span>Industries qui font confiance \u00e0 nos chauffe-crayons<\/span><\/b><\/h3>\n<p><span>Cheri Heater propose des solutions de chauffage sur mesure \u00e0 un large \u00e9ventail d&#8217;industries. Fabricant de premier plan\u00a0<\/span><b><span>de radiateurs \u00e0 crayon\u00a0<\/span><\/b><span>, nous sommes fiers de cr\u00e9er des produits qui am\u00e9liorent l&#8217;efficacit\u00e9 op\u00e9rationnelle dans les domaines suivants\u00a0:<\/span><\/p>\n<ul>\n<li aria-level=\"1\"><b><span>Plastiques et emballages\u00a0<\/span><\/b><span>: Id\u00e9al pour les applications de moulage par injection, de scellage et de d\u00e9coupe.<\/span><\/li>\n<li aria-level=\"1\"><b><span>\u00c9quipement m\u00e9dical\u00a0<\/span><\/b><span>: Assurer un chauffage de pr\u00e9cision pour les besoins de fabrication sensibles.<\/span><\/li>\n<li aria-level=\"1\"><b><span>A\u00e9ronautique et Automobile\u00a0<\/span><\/b><span>: Offrir une chaleur fiable pour les composants utilis\u00e9s dans des environnements extr\u00eames.<\/span><\/li>\n<\/ul>\n<h3><b><span>Devenez partenaire de Cheri Heater d\u00e8s aujourd&#8217;hui<\/span><\/b><\/h3>\n<p><b><span>Chez Cheri Heater, nous comprenons que chaque application est unique. En tant que fabricant de crayons chauffants\u00a0<\/span><\/b><span>de r\u00e9f\u00e9rence\u00a0<\/span><span>, nous nous engageons \u00e0 d\u00e9passer vos attentes gr\u00e2ce \u00e0 des produits de qualit\u00e9 et un service exceptionnel.<\/span><\/p>\n<h3><b><span>Contactez-nous pour des solutions sur mesure<\/span><\/b><\/h3>\n<p><span>Pr\u00eat \u00e0 optimiser vos proc\u00e9d\u00e9s de chauffage industriel\u00a0? Contactez Cheri Heater d\u00e8s aujourd&#8217;hui pour discuter de vos besoins sp\u00e9cifiques. Que vous ayez besoin de radiateurs crayons standard ou d&#8217;une solution sur mesure, nous sommes l\u00e0 pour aider votre entreprise \u00e0 atteindre ses objectifs.<\/span><\/p>\n","protected":false},"featured_media":1815,"template":"","meta":[],"product_brand":[],"product_cat":[21],"product_tag":[200],"class_list":{"0":"post-1814","1":"product","2":"type-product","3":"status-publish","4":"has-post-thumbnail","6":"product_cat-cartridge-heater","7":"product_tag-chauffe-crayon","9":"first","10":"instock","11":"shipping-taxable","12":"product-type-simple"},"yoast_head":"<!-- This site is optimized with the Yoast SEO plugin v27.3 - https:\/\/yoast.com\/product\/yoast-seo-wordpress\/ -->\n<title>Principaux fabricants de chauffe-crayons en Chine | Cheri-heater.com<\/title>\n<meta name=\"description\" content=\"Radiateurs crayons haut de gamme des plus grands fabricants. Solutions fiables, efficaces et personnalisables pour les besoins de chauffage industriels et commerciaux.\" \/>\n<meta name=\"robots\" content=\"index, follow, max-snippet:-1, max-image-preview:large, max-video-preview:-1\" \/>\n<link rel=\"canonical\" href=\"https:\/\/cheri-heater.com\/fr\/product\/chauffe-crayon\/\" \/>\n<meta property=\"og:locale\" content=\"en_US\" \/>\n<meta property=\"og:type\" content=\"article\" \/>\n<meta property=\"og:title\" content=\"Principaux fabricants de chauffe-crayons en Chine | Cheri-heater.com\" \/>\n<meta property=\"og:description\" content=\"Radiateurs crayons haut de gamme des plus grands fabricants. Solutions fiables, efficaces et personnalisables pour les besoins de chauffage industriels et commerciaux.\" \/>\n<meta property=\"og:url\" content=\"https:\/\/cheri-heater.com\/fr\/product\/chauffe-crayon\/\" \/>\n<meta property=\"og:site_name\" content=\"Cheri Heater Technology Co.,Ltd.\" \/>\n<meta property=\"og:image\" content=\"https:\/\/cheri-heater.com\/fr\/wp-content\/uploads\/2025\/05\/hot-rod-cartridge-heater-500x500-1.jpg\" \/>\n\t<meta property=\"og:image:width\" content=\"500\" \/>\n\t<meta property=\"og:image:height\" content=\"500\" \/>\n\t<meta property=\"og:image:type\" content=\"image\/jpeg\" \/>\n<meta name=\"twitter:card\" content=\"summary_large_image\" \/>\n<meta name=\"twitter:label1\" content=\"Est. reading time\" \/>\n\t<meta name=\"twitter:data1\" content=\"1 minute\" \/>\n<!-- \/ Yoast SEO plugin. -->","yoast_head_json":{"title":"Principaux fabricants de chauffe-crayons en Chine | Cheri-heater.com","description":"Radiateurs crayons haut de gamme des plus grands fabricants. Solutions fiables, efficaces et personnalisables pour les besoins de chauffage industriels et commerciaux.","robots":{"index":"index","follow":"follow","max-snippet":"max-snippet:-1","max-image-preview":"max-image-preview:large","max-video-preview":"max-video-preview:-1"},"canonical":"https:\/\/cheri-heater.com\/fr\/product\/chauffe-crayon\/","og_locale":"en_US","og_type":"article","og_title":"Principaux fabricants de chauffe-crayons en Chine | Cheri-heater.com","og_description":"Radiateurs crayons haut de gamme des plus grands fabricants. Solutions fiables, efficaces et personnalisables pour les besoins de chauffage industriels et commerciaux.","og_url":"https:\/\/cheri-heater.com\/fr\/product\/chauffe-crayon\/","og_site_name":"Cheri Heater Technology Co.,Ltd.","og_image":[{"width":500,"height":500,"url":"https:\/\/cheri-heater.com\/fr\/wp-content\/uploads\/2025\/05\/hot-rod-cartridge-heater-500x500-1.jpg","type":"image\/jpeg"}],"twitter_card":"summary_large_image","twitter_misc":{"Est. reading time":"1 minute"},"schema":{"@context":"https:\/\/schema.org","@graph":[{"@type":"WebPage","@id":"https:\/\/cheri-heater.com\/fr\/product\/chauffe-crayon\/","url":"https:\/\/cheri-heater.com\/fr\/product\/chauffe-crayon\/","name":"Principaux fabricants de chauffe-crayons en Chine | Cheri-heater.com","isPartOf":{"@id":"https:\/\/cheri-heater.com\/fr\/#website"},"primaryImageOfPage":{"@id":"https:\/\/cheri-heater.com\/fr\/product\/chauffe-crayon\/#primaryimage"},"image":{"@id":"https:\/\/cheri-heater.com\/fr\/product\/chauffe-crayon\/#primaryimage"},"thumbnailUrl":"https:\/\/cheri-heater.com\/fr\/wp-content\/uploads\/2025\/05\/hot-rod-cartridge-heater-500x500-1.jpg","datePublished":"2025-05-17T01:22:02+00:00","description":"Radiateurs crayons haut de gamme des plus grands fabricants. Solutions fiables, efficaces et personnalisables pour les besoins de chauffage industriels et commerciaux.","breadcrumb":{"@id":"https:\/\/cheri-heater.com\/fr\/product\/chauffe-crayon\/#breadcrumb"},"inLanguage":"en-US","potentialAction":[{"@type":"ReadAction","target":["https:\/\/cheri-heater.com\/fr\/product\/chauffe-crayon\/"]}]},{"@type":"ImageObject","inLanguage":"en-US","@id":"https:\/\/cheri-heater.com\/fr\/product\/chauffe-crayon\/#primaryimage","url":"https:\/\/cheri-heater.com\/fr\/wp-content\/uploads\/2025\/05\/hot-rod-cartridge-heater-500x500-1.jpg","contentUrl":"https:\/\/cheri-heater.com\/fr\/wp-content\/uploads\/2025\/05\/hot-rod-cartridge-heater-500x500-1.jpg","width":500,"height":500,"caption":"Chauffe-Crayon"},{"@type":"BreadcrumbList","@id":"https:\/\/cheri-heater.com\/fr\/product\/chauffe-crayon\/#breadcrumb","itemListElement":[{"@type":"ListItem","position":1,"name":"Home","item":"https:\/\/cheri-heater.com\/fr\/"},{"@type":"ListItem","position":2,"name":"Products","item":"https:\/\/cheri-heater.com\/fr\/products\/"},{"@type":"ListItem","position":3,"name":"Chauffe-Crayon"}]},{"@type":"WebSite","@id":"https:\/\/cheri-heater.com\/fr\/#website","url":"https:\/\/cheri-heater.com\/fr\/","name":"Cheri Heater Technology Co.,Ltd.","description":"","publisher":{"@id":"https:\/\/cheri-heater.com\/fr\/#organization"},"potentialAction":[{"@type":"SearchAction","target":{"@type":"EntryPoint","urlTemplate":"https:\/\/cheri-heater.com\/fr\/?s={search_term_string}"},"query-input":{"@type":"PropertyValueSpecification","valueRequired":true,"valueName":"search_term_string"}}],"inLanguage":"en-US"},{"@type":"Organization","@id":"https:\/\/cheri-heater.com\/fr\/#organization","name":"Cheri Heater Technology Co.,Ltd.","url":"https:\/\/cheri-heater.com\/fr\/","logo":{"@type":"ImageObject","inLanguage":"en-US","@id":"https:\/\/cheri-heater.com\/fr\/#\/schema\/logo\/image\/","url":"https:\/\/cheri-heater.com\/fr\/wp-content\/uploads\/2024\/06\/cropped-logo-resize.png","contentUrl":"https:\/\/cheri-heater.com\/fr\/wp-content\/uploads\/2024\/06\/cropped-logo-resize.png","width":346,"height":99,"caption":"Cheri Heater Technology Co.,Ltd."},"image":{"@id":"https:\/\/cheri-heater.com\/fr\/#\/schema\/logo\/image\/"}}]}},"_links":{"self":[{"href":"https:\/\/cheri-heater.com\/fr\/wp-json\/wp\/v2\/product\/1814","targetHints":{"allow":["GET"]}}],"collection":[{"href":"https:\/\/cheri-heater.com\/fr\/wp-json\/wp\/v2\/product"}],"about":[{"href":"https:\/\/cheri-heater.com\/fr\/wp-json\/wp\/v2\/types\/product"}],"wp:featuredmedia":[{"embeddable":true,"href":"https:\/\/cheri-heater.com\/fr\/wp-json\/wp\/v2\/media\/1815"}],"wp:attachment":[{"href":"https:\/\/cheri-heater.com\/fr\/wp-json\/wp\/v2\/media?parent=1814"}],"wp:term":[{"taxonomy":"product_brand","embeddable":true,"href":"https:\/\/cheri-heater.com\/fr\/wp-json\/wp\/v2\/product_brand?post=1814"},{"taxonomy":"product_cat","embeddable":true,"href":"https:\/\/cheri-heater.com\/fr\/wp-json\/wp\/v2\/product_cat?post=1814"},{"taxonomy":"product_tag","embeddable":true,"href":"https:\/\/cheri-heater.com\/fr\/wp-json\/wp\/v2\/product_tag?post=1814"}],"curies":[{"name":"wp","href":"https:\/\/api.w.org\/{rel}","templated":true}]}}