{"id":1816,"date":"2025-05-17T01:25:21","date_gmt":"2025-05-17T01:25:21","guid":{"rendered":"https:\/\/cheri-heater.com\/fr\/?post_type=product&#038;p=1816"},"modified":"2025-05-17T01:25:21","modified_gmt":"2025-05-17T01:25:21","slug":"rechauffeur-de-tige-de-crayon","status":"publish","type":"product","link":"https:\/\/cheri-heater.com\/fr\/product\/rechauffeur-de-tige-de-crayon\/","title":{"rendered":"R\u00e9chauffeur De Tige De Crayon"},"content":{"rendered":"","protected":false},"excerpt":{"rendered":"<h2><b><span><span class=\"\">Chauffage \u00e0 tige crayon Chauffage haute performance par Cheri Heater<\/span><\/span><\/b><\/h2>\n<p><b><span>Le radiateur \u00e0 tige crayon\u00a0<\/span><\/b><span>de Cheri Heater\u00a0<\/span><span>est con\u00e7u pour allier efficacit\u00e9, durabilit\u00e9 et pr\u00e9cision dans diverses applications industrielles. Gr\u00e2ce \u00e0 sa conception compacte et \u00e0 ses mat\u00e9riaux de qualit\u00e9 sup\u00e9rieure, il offre des performances constantes pour les t\u00e2ches \u00e0 haute temp\u00e9rature comme le moulage, le scellage et la transformation. Con\u00e7u pour une efficacit\u00e9 \u00e9nerg\u00e9tique optimale, il constitue le choix id\u00e9al pour les industries n\u00e9cessitant des solutions de chauffage fiables dans des espaces r\u00e9duits.<\/span><\/p>\n<p><span>Que vous ayez besoin d&#8217;une puissance, d&#8217;une tension ou d&#8217;une taille personnalis\u00e9es, Cheri Heater garantit que chaque\u00a0<\/span><b><span>radiateur \u00e0 tige crayon\u00a0<\/span><\/b><span>r\u00e9pond \u00e0 vos besoins sp\u00e9cifiques.<\/span><\/p>\n<h3><b><span>Principales caract\u00e9ristiques du r\u00e9chauffeur \u00e0 tige de crayon<\/span><\/b><\/h3>\n<p><span>Le\u00a0<\/span><b><span>radiateur \u00e0 tige crayon\u00a0<\/span><\/b><span>de Cheri Heater offre :<\/span><\/p>\n<ul>\n<li aria-level=\"1\"><b><span>Construction compacte\u00a0<\/span><\/b><span>: s&#8217;int\u00e8gre parfaitement dans les espaces restreints.<\/span><\/li>\n<li aria-level=\"1\"><b><span>Performances \u00e0 haute temp\u00e9rature\u00a0<\/span><\/b><span>: fonctionne efficacement dans des conditions extr\u00eames.<\/span><\/li>\n<li aria-level=\"1\"><b><span>Mat\u00e9riaux durables\u00a0<\/span><\/b><span>: assure une utilisation durable m\u00eame dans des environnements exigeants.<\/span><\/li>\n<li aria-level=\"1\"><b><span>Options personnalis\u00e9es\u00a0<\/span><\/b><span>: puissance, tension et longueur adapt\u00e9es \u00e0 vos besoins.<\/span><\/li>\n<\/ul>\n<p><span>Gr\u00e2ce \u00e0 une ing\u00e9nierie de pr\u00e9cision, le\u00a0<\/span><b><span>r\u00e9chauffeur de tige de crayon\u00a0<\/span><\/b><span>assure un chauffage uniforme et un excellent contr\u00f4le thermique.<\/span><\/p>\n<h3><b><span>Applications du r\u00e9chauffeur \u00e0 tige de crayon<\/span><\/b><\/h3>\n<p><b><span>Le r\u00e9chauffeur \u00e0 tige crayon\u00a0<\/span><\/b><span>de Cheri Heater\u00a0<\/span><span>est une solution polyvalente pour les industries telles que :<\/span><\/p>\n<ul>\n<li aria-level=\"1\"><b><span>Machines industrielles\u00a0<\/span><\/b><span>: Fournit un chauffage constant dans des syst\u00e8mes complexes.<\/span><\/li>\n<li aria-level=\"1\"><b><span>Traitement du plastique\u00a0<\/span><\/b><span>: Fournit une chaleur uniforme pour le moulage et l&#8217;extrusion.<\/span><\/li>\n<li aria-level=\"1\"><b><span>Outils m\u00e9dicaux\u00a0<\/span><\/b><span>: Offre un contr\u00f4le thermique pr\u00e9cis pour les \u00e9quipements sp\u00e9cialis\u00e9s.<\/span><\/li>\n<li aria-level=\"1\"><b><span>Emballage alimentaire\u00a0<\/span><\/b><span>: Maintient des temp\u00e9ratures pr\u00e9cises pour les applications de scellage.<\/span><\/li>\n<\/ul>\n<p><span>Son adaptabilit\u00e9 en fait une solution de chauffage fiable dans tous les secteurs.<\/span><\/p>\n<h3><b><span>Chauffage \u00e0 tige de crayon \u2013 Chauffage de pr\u00e9cision par Cheri Heater<\/span><\/b><\/h3>\n<p><b><span>Le radiateur \u00e0 tige crayon\u00a0<\/span><\/b><span>de Cheri Heater\u00a0<\/span><span>est con\u00e7u pour les industries exigeant des solutions de chauffage efficaces et peu encombrantes. Compact et robuste, il assure un contr\u00f4le pr\u00e9cis de la temp\u00e9rature pour des applications telles que le moulage du plastique, l&#8217;emballage et les instruments m\u00e9dicaux.\u00a0<\/span><\/p>\n<p><i><\/i><b><i><span>Choisissez notre radiateur \u00e0 tige crayon\u00a0<\/span><\/i><\/b><span><i>personnalisable\u00a0<\/i><\/span><i><span>pour des performances fiables et adapt\u00e9es \u00e0 vos besoins sp\u00e9cifiques. Contactez Cheri Heater d\u00e8s aujourd&#8217;hui\u00a0!<\/span><\/i><\/p>\n<h4><b><span>Pourquoi choisir le radiateur \u00e0 tige crayon de Cheri Heater ?<\/span><\/b><\/h4>\n<p><span>Cheri Heater allie innovation et expertise pour cr\u00e9er des produits de haute qualit\u00e9, comme le\u00a0<\/span><b><span>radiateur \u00e0 tige crayon\u00a0<\/span><\/b><span>. Con\u00e7us pour des performances et une fiabilit\u00e9 optimales, nos radiateurs sont reconnus par les professionnels du monde entier.<\/span><\/p>\n<p><span>Contactez Cheri Heater d\u00e8s aujourd&#8217;hui pour d\u00e9couvrir comment notre\u00a0<\/span><b><span>radiateur \u00e0 tige crayon\u00a0<\/span><\/b><span>peut transformer vos processus de chauffage.<\/span><\/p>\n","protected":false},"featured_media":1817,"template":"","meta":[],"product_brand":[],"product_cat":[21],"product_tag":[201],"class_list":{"0":"post-1816","1":"product","2":"type-product","3":"status-publish","4":"has-post-thumbnail","6":"product_cat-cartridge-heater","7":"product_tag-rechauffeur-de-tige-de-crayon","9":"first","10":"instock","11":"shipping-taxable","12":"product-type-simple"},"yoast_head":"<!-- This site is optimized with the Yoast SEO plugin v27.3 - https:\/\/yoast.com\/product\/yoast-seo-wordpress\/ -->\n<title>Fabricant de radiateurs \u00e0 tige de crayon de haute qualit\u00e9 | Cheri-heater.com<\/title>\n<meta name=\"description\" content=\"D\u00e9couvrez des barres chauffantes de qualit\u00e9 sup\u00e9rieure, propos\u00e9es par des fabricants de confiance. Des solutions de chauffage durables, efficaces et personnalisables pour r\u00e9pondre \u00e0 divers besoins industriels.\" \/>\n<meta name=\"robots\" content=\"index, follow, max-snippet:-1, max-image-preview:large, max-video-preview:-1\" \/>\n<link rel=\"canonical\" href=\"https:\/\/cheri-heater.com\/fr\/product\/rechauffeur-de-tige-de-crayon\/\" \/>\n<meta property=\"og:locale\" content=\"en_US\" \/>\n<meta property=\"og:type\" content=\"article\" \/>\n<meta property=\"og:title\" content=\"Fabricant de radiateurs \u00e0 tige de crayon de haute qualit\u00e9 | Cheri-heater.com\" \/>\n<meta property=\"og:description\" content=\"D\u00e9couvrez des barres chauffantes de qualit\u00e9 sup\u00e9rieure, propos\u00e9es par des fabricants de confiance. Des solutions de chauffage durables, efficaces et personnalisables pour r\u00e9pondre \u00e0 divers besoins industriels.\" \/>\n<meta property=\"og:url\" content=\"https:\/\/cheri-heater.com\/fr\/product\/rechauffeur-de-tige-de-crayon\/\" \/>\n<meta property=\"og:site_name\" content=\"Cheri Heater Technology Co.,Ltd.\" \/>\n<meta property=\"og:image\" content=\"https:\/\/cheri-heater.com\/fr\/wp-content\/uploads\/2025\/05\/pencil.jpg\" \/>\n\t<meta property=\"og:image:width\" content=\"1000\" \/>\n\t<meta property=\"og:image:height\" content=\"1000\" \/>\n\t<meta property=\"og:image:type\" content=\"image\/jpeg\" \/>\n<meta name=\"twitter:card\" content=\"summary_large_image\" \/>\n<meta name=\"twitter:label1\" content=\"Est. reading time\" \/>\n\t<meta name=\"twitter:data1\" content=\"1 minute\" \/>\n<!-- \/ Yoast SEO plugin. -->","yoast_head_json":{"title":"Fabricant de radiateurs \u00e0 tige de crayon de haute qualit\u00e9 | Cheri-heater.com","description":"D\u00e9couvrez des barres chauffantes de qualit\u00e9 sup\u00e9rieure, propos\u00e9es par des fabricants de confiance. Des solutions de chauffage durables, efficaces et personnalisables pour r\u00e9pondre \u00e0 divers besoins industriels.","robots":{"index":"index","follow":"follow","max-snippet":"max-snippet:-1","max-image-preview":"max-image-preview:large","max-video-preview":"max-video-preview:-1"},"canonical":"https:\/\/cheri-heater.com\/fr\/product\/rechauffeur-de-tige-de-crayon\/","og_locale":"en_US","og_type":"article","og_title":"Fabricant de radiateurs \u00e0 tige de crayon de haute qualit\u00e9 | Cheri-heater.com","og_description":"D\u00e9couvrez des barres chauffantes de qualit\u00e9 sup\u00e9rieure, propos\u00e9es par des fabricants de confiance. Des solutions de chauffage durables, efficaces et personnalisables pour r\u00e9pondre \u00e0 divers besoins industriels.","og_url":"https:\/\/cheri-heater.com\/fr\/product\/rechauffeur-de-tige-de-crayon\/","og_site_name":"Cheri Heater Technology Co.,Ltd.","og_image":[{"width":1000,"height":1000,"url":"https:\/\/cheri-heater.com\/fr\/wp-content\/uploads\/2025\/05\/pencil.jpg","type":"image\/jpeg"}],"twitter_card":"summary_large_image","twitter_misc":{"Est. reading time":"1 minute"},"schema":{"@context":"https:\/\/schema.org","@graph":[{"@type":"WebPage","@id":"https:\/\/cheri-heater.com\/fr\/product\/rechauffeur-de-tige-de-crayon\/","url":"https:\/\/cheri-heater.com\/fr\/product\/rechauffeur-de-tige-de-crayon\/","name":"Fabricant de radiateurs \u00e0 tige de crayon de haute qualit\u00e9 | Cheri-heater.com","isPartOf":{"@id":"https:\/\/cheri-heater.com\/fr\/#website"},"primaryImageOfPage":{"@id":"https:\/\/cheri-heater.com\/fr\/product\/rechauffeur-de-tige-de-crayon\/#primaryimage"},"image":{"@id":"https:\/\/cheri-heater.com\/fr\/product\/rechauffeur-de-tige-de-crayon\/#primaryimage"},"thumbnailUrl":"https:\/\/cheri-heater.com\/fr\/wp-content\/uploads\/2025\/05\/pencil.jpg","datePublished":"2025-05-17T01:25:21+00:00","description":"D\u00e9couvrez des barres chauffantes de qualit\u00e9 sup\u00e9rieure, propos\u00e9es par des fabricants de confiance. Des solutions de chauffage durables, efficaces et personnalisables pour r\u00e9pondre \u00e0 divers besoins industriels.","breadcrumb":{"@id":"https:\/\/cheri-heater.com\/fr\/product\/rechauffeur-de-tige-de-crayon\/#breadcrumb"},"inLanguage":"en-US","potentialAction":[{"@type":"ReadAction","target":["https:\/\/cheri-heater.com\/fr\/product\/rechauffeur-de-tige-de-crayon\/"]}]},{"@type":"ImageObject","inLanguage":"en-US","@id":"https:\/\/cheri-heater.com\/fr\/product\/rechauffeur-de-tige-de-crayon\/#primaryimage","url":"https:\/\/cheri-heater.com\/fr\/wp-content\/uploads\/2025\/05\/pencil.jpg","contentUrl":"https:\/\/cheri-heater.com\/fr\/wp-content\/uploads\/2025\/05\/pencil.jpg","width":1000,"height":1000,"caption":"R\u00e9chauffeur De Tige De Crayon"},{"@type":"BreadcrumbList","@id":"https:\/\/cheri-heater.com\/fr\/product\/rechauffeur-de-tige-de-crayon\/#breadcrumb","itemListElement":[{"@type":"ListItem","position":1,"name":"Home","item":"https:\/\/cheri-heater.com\/fr\/"},{"@type":"ListItem","position":2,"name":"Products","item":"https:\/\/cheri-heater.com\/fr\/products\/"},{"@type":"ListItem","position":3,"name":"R\u00e9chauffeur De Tige De Crayon"}]},{"@type":"WebSite","@id":"https:\/\/cheri-heater.com\/fr\/#website","url":"https:\/\/cheri-heater.com\/fr\/","name":"Cheri Heater Technology Co.,Ltd.","description":"","publisher":{"@id":"https:\/\/cheri-heater.com\/fr\/#organization"},"potentialAction":[{"@type":"SearchAction","target":{"@type":"EntryPoint","urlTemplate":"https:\/\/cheri-heater.com\/fr\/?s={search_term_string}"},"query-input":{"@type":"PropertyValueSpecification","valueRequired":true,"valueName":"search_term_string"}}],"inLanguage":"en-US"},{"@type":"Organization","@id":"https:\/\/cheri-heater.com\/fr\/#organization","name":"Cheri Heater Technology Co.,Ltd.","url":"https:\/\/cheri-heater.com\/fr\/","logo":{"@type":"ImageObject","inLanguage":"en-US","@id":"https:\/\/cheri-heater.com\/fr\/#\/schema\/logo\/image\/","url":"https:\/\/cheri-heater.com\/fr\/wp-content\/uploads\/2024\/06\/cropped-logo-resize.png","contentUrl":"https:\/\/cheri-heater.com\/fr\/wp-content\/uploads\/2024\/06\/cropped-logo-resize.png","width":346,"height":99,"caption":"Cheri Heater Technology Co.,Ltd."},"image":{"@id":"https:\/\/cheri-heater.com\/fr\/#\/schema\/logo\/image\/"}}]}},"_links":{"self":[{"href":"https:\/\/cheri-heater.com\/fr\/wp-json\/wp\/v2\/product\/1816","targetHints":{"allow":["GET"]}}],"collection":[{"href":"https:\/\/cheri-heater.com\/fr\/wp-json\/wp\/v2\/product"}],"about":[{"href":"https:\/\/cheri-heater.com\/fr\/wp-json\/wp\/v2\/types\/product"}],"wp:featuredmedia":[{"embeddable":true,"href":"https:\/\/cheri-heater.com\/fr\/wp-json\/wp\/v2\/media\/1817"}],"wp:attachment":[{"href":"https:\/\/cheri-heater.com\/fr\/wp-json\/wp\/v2\/media?parent=1816"}],"wp:term":[{"taxonomy":"product_brand","embeddable":true,"href":"https:\/\/cheri-heater.com\/fr\/wp-json\/wp\/v2\/product_brand?post=1816"},{"taxonomy":"product_cat","embeddable":true,"href":"https:\/\/cheri-heater.com\/fr\/wp-json\/wp\/v2\/product_cat?post=1816"},{"taxonomy":"product_tag","embeddable":true,"href":"https:\/\/cheri-heater.com\/fr\/wp-json\/wp\/v2\/product_tag?post=1816"}],"curies":[{"name":"wp","href":"https:\/\/api.w.org\/{rel}","templated":true}]}}