{"id":1818,"date":"2025-05-17T01:40:04","date_gmt":"2025-05-17T01:40:04","guid":{"rendered":"https:\/\/cheri-heater.com\/fr\/?post_type=product&#038;p=1818"},"modified":"2025-05-17T01:40:04","modified_gmt":"2025-05-17T01:40:04","slug":"rechauffeur-tubulaire-filete-de-1-1-2-pouce","status":"publish","type":"product","link":"https:\/\/cheri-heater.com\/fr\/product\/rechauffeur-tubulaire-filete-de-1-1-2-pouce\/","title":{"rendered":"R\u00e9chauffeur Tubulaire Filet\u00e9 De 1 1\/2 Pouce"},"content":{"rendered":"","protected":false},"excerpt":{"rendered":"<h2><span><span class=\"\">Chauffage tubulaire filet\u00e9 de 1 1\/2 po \u2013 Solutions de chauffage fiables chez Cheri Heater<\/span><\/span><\/h2>\n<p><span>Bienvenue chez\u00a0<\/span><strong><span>Cheri Heater<\/span><\/strong><span>\u00a0, votre source de confiance pour des solutions de chauffage haut de gamme. Notre\u00a0<\/span><strong><span>radiateur tubulaire filet\u00e9 de 1 1\/2 pouce<\/span><\/strong><span>\u00a0est un \u00e9l\u00e9ment chauffant polyvalent et durable, con\u00e7u pour r\u00e9pondre \u00e0 divers besoins de chauffage industriels et commerciaux. Que vous g\u00e9riez un processus de fabrication, exploitiez des machines ou recherchiez des solutions de chauffage sur mesure, nos radiateurs tubulaires offrent des performances exceptionnelles.<\/span><\/p>\n<p><span>Son filetage de 1 1\/2 pouce facilite l&#8217;installation et le rend id\u00e9al pour les applications n\u00e9cessitant un chauffage pr\u00e9cis et s\u00fbr. Fabriqu\u00e9 \u00e0 partir de mat\u00e9riaux de haute qualit\u00e9, ce radiateur est con\u00e7u pour r\u00e9sister aux environnements difficiles, offrant un transfert de chaleur et une efficacit\u00e9 \u00e9nerg\u00e9tique sup\u00e9rieurs. Sa construction robuste garantit sa long\u00e9vit\u00e9, r\u00e9duisant ainsi les temps d&#8217;arr\u00eat et les co\u00fbts de maintenance.<\/span><\/p>\n<p><span>Chez\u00a0<\/span><strong><span>Cheri Heater<\/span><\/strong><span>\u00a0, l&#8217;innovation et la satisfaction client sont notre priorit\u00e9. Nos radiateurs tubulaires sont personnalisables pour s&#8217;adapter \u00e0 des plages de temp\u00e9rature, des puissances et des options de montage sp\u00e9cifiques. Cette flexibilit\u00e9 permet aux entreprises d&#8217;optimiser leurs op\u00e9rations et d&#8217;obtenir des r\u00e9sultats constants.<\/span><\/p>\n<h3><span>Pourquoi choisir Cheri Heater ?<\/span><\/h3>\n<p><span>Forts de nombreuses ann\u00e9es d&#8217;exp\u00e9rience dans le secteur du chauffage, nous sommes fiers de proposer des produits fiables et un service client exceptionnel. Notre \u00e9quipe d&#8217;experts est l\u00e0 pour vous aider \u00e0 trouver la solution de chauffage id\u00e9ale, adapt\u00e9e \u00e0 vos besoins.<\/span><\/p>\n","protected":false},"featured_media":1819,"template":"","meta":[],"product_brand":[],"product_cat":[28],"product_tag":[202],"class_list":{"0":"post-1818","1":"product","2":"type-product","3":"status-publish","4":"has-post-thumbnail","6":"product_cat-tubular-heater","7":"product_tag-rechauffeur-tubulaire-filete-de-1-1-2-pouce","9":"first","10":"instock","11":"shipping-taxable","12":"product-type-simple"},"yoast_head":"<!-- This site is optimized with the Yoast SEO plugin v27.3 - https:\/\/yoast.com\/product\/yoast-seo-wordpress\/ -->\n<title>Meilleur radiateur tubulaire filet\u00e9 de 1 1\/2 pouce | Cheri-heater.com<\/title>\n<meta name=\"description\" content=\"\u00c9l\u00e9ments chauffants tubulaires filet\u00e9s de 1 1\/2 po haut de gamme chez Cheri Heater. Con\u00e7us pour la durabilit\u00e9 et l&#039;efficacit\u00e9, ces \u00e9l\u00e9ments chauffants assurent un transfert de chaleur pr\u00e9cis pour les applications industrielles et commerciales. Parfaits pour des installations s\u00e9curis\u00e9es, ils sont personnalisables pour r\u00e9pondre \u00e0 des exigences sp\u00e9cifiques. Rendez-nous visite d\u00e8s aujourd&#039;hui sur cheri-heater.com.\" \/>\n<meta name=\"robots\" content=\"index, follow, max-snippet:-1, max-image-preview:large, max-video-preview:-1\" \/>\n<link rel=\"canonical\" href=\"https:\/\/cheri-heater.com\/fr\/product\/rechauffeur-tubulaire-filete-de-1-1-2-pouce\/\" \/>\n<meta property=\"og:locale\" content=\"en_US\" \/>\n<meta property=\"og:type\" content=\"article\" \/>\n<meta property=\"og:title\" content=\"Meilleur radiateur tubulaire filet\u00e9 de 1 1\/2 pouce | Cheri-heater.com\" \/>\n<meta property=\"og:description\" content=\"\u00c9l\u00e9ments chauffants tubulaires filet\u00e9s de 1 1\/2 po haut de gamme chez Cheri Heater. Con\u00e7us pour la durabilit\u00e9 et l&#039;efficacit\u00e9, ces \u00e9l\u00e9ments chauffants assurent un transfert de chaleur pr\u00e9cis pour les applications industrielles et commerciales. Parfaits pour des installations s\u00e9curis\u00e9es, ils sont personnalisables pour r\u00e9pondre \u00e0 des exigences sp\u00e9cifiques. Rendez-nous visite d\u00e8s aujourd&#039;hui sur cheri-heater.com.\" \/>\n<meta property=\"og:url\" content=\"https:\/\/cheri-heater.com\/fr\/product\/rechauffeur-tubulaire-filete-de-1-1-2-pouce\/\" \/>\n<meta property=\"og:site_name\" content=\"Cheri Heater Technology Co.,Ltd.\" \/>\n<meta property=\"og:image\" content=\"https:\/\/cheri-heater.com\/fr\/wp-content\/uploads\/2025\/05\/i-14.jpg\" \/>\n\t<meta property=\"og:image:width\" content=\"320\" \/>\n\t<meta property=\"og:image:height\" content=\"320\" \/>\n\t<meta property=\"og:image:type\" content=\"image\/jpeg\" \/>\n<meta name=\"twitter:card\" content=\"summary_large_image\" \/>\n<meta name=\"twitter:label1\" content=\"Est. reading time\" \/>\n\t<meta name=\"twitter:data1\" content=\"1 minute\" \/>\n<!-- \/ Yoast SEO plugin. -->","yoast_head_json":{"title":"Meilleur radiateur tubulaire filet\u00e9 de 1 1\/2 pouce | Cheri-heater.com","description":"\u00c9l\u00e9ments chauffants tubulaires filet\u00e9s de 1 1\/2 po haut de gamme chez Cheri Heater. Con\u00e7us pour la durabilit\u00e9 et l'efficacit\u00e9, ces \u00e9l\u00e9ments chauffants assurent un transfert de chaleur pr\u00e9cis pour les applications industrielles et commerciales. Parfaits pour des installations s\u00e9curis\u00e9es, ils sont personnalisables pour r\u00e9pondre \u00e0 des exigences sp\u00e9cifiques. Rendez-nous visite d\u00e8s aujourd'hui sur cheri-heater.com.","robots":{"index":"index","follow":"follow","max-snippet":"max-snippet:-1","max-image-preview":"max-image-preview:large","max-video-preview":"max-video-preview:-1"},"canonical":"https:\/\/cheri-heater.com\/fr\/product\/rechauffeur-tubulaire-filete-de-1-1-2-pouce\/","og_locale":"en_US","og_type":"article","og_title":"Meilleur radiateur tubulaire filet\u00e9 de 1 1\/2 pouce | Cheri-heater.com","og_description":"\u00c9l\u00e9ments chauffants tubulaires filet\u00e9s de 1 1\/2 po haut de gamme chez Cheri Heater. Con\u00e7us pour la durabilit\u00e9 et l'efficacit\u00e9, ces \u00e9l\u00e9ments chauffants assurent un transfert de chaleur pr\u00e9cis pour les applications industrielles et commerciales. Parfaits pour des installations s\u00e9curis\u00e9es, ils sont personnalisables pour r\u00e9pondre \u00e0 des exigences sp\u00e9cifiques. Rendez-nous visite d\u00e8s aujourd'hui sur cheri-heater.com.","og_url":"https:\/\/cheri-heater.com\/fr\/product\/rechauffeur-tubulaire-filete-de-1-1-2-pouce\/","og_site_name":"Cheri Heater Technology Co.,Ltd.","og_image":[{"width":320,"height":320,"url":"https:\/\/cheri-heater.com\/fr\/wp-content\/uploads\/2025\/05\/i-14.jpg","type":"image\/jpeg"}],"twitter_card":"summary_large_image","twitter_misc":{"Est. reading time":"1 minute"},"schema":{"@context":"https:\/\/schema.org","@graph":[{"@type":"WebPage","@id":"https:\/\/cheri-heater.com\/fr\/product\/rechauffeur-tubulaire-filete-de-1-1-2-pouce\/","url":"https:\/\/cheri-heater.com\/fr\/product\/rechauffeur-tubulaire-filete-de-1-1-2-pouce\/","name":"Meilleur radiateur tubulaire filet\u00e9 de 1 1\/2 pouce | Cheri-heater.com","isPartOf":{"@id":"https:\/\/cheri-heater.com\/fr\/#website"},"primaryImageOfPage":{"@id":"https:\/\/cheri-heater.com\/fr\/product\/rechauffeur-tubulaire-filete-de-1-1-2-pouce\/#primaryimage"},"image":{"@id":"https:\/\/cheri-heater.com\/fr\/product\/rechauffeur-tubulaire-filete-de-1-1-2-pouce\/#primaryimage"},"thumbnailUrl":"https:\/\/cheri-heater.com\/fr\/wp-content\/uploads\/2025\/05\/i-14.jpg","datePublished":"2025-05-17T01:40:04+00:00","description":"\u00c9l\u00e9ments chauffants tubulaires filet\u00e9s de 1 1\/2 po haut de gamme chez Cheri Heater. Con\u00e7us pour la durabilit\u00e9 et l'efficacit\u00e9, ces \u00e9l\u00e9ments chauffants assurent un transfert de chaleur pr\u00e9cis pour les applications industrielles et commerciales. Parfaits pour des installations s\u00e9curis\u00e9es, ils sont personnalisables pour r\u00e9pondre \u00e0 des exigences sp\u00e9cifiques. Rendez-nous visite d\u00e8s aujourd'hui sur cheri-heater.com.","breadcrumb":{"@id":"https:\/\/cheri-heater.com\/fr\/product\/rechauffeur-tubulaire-filete-de-1-1-2-pouce\/#breadcrumb"},"inLanguage":"en-US","potentialAction":[{"@type":"ReadAction","target":["https:\/\/cheri-heater.com\/fr\/product\/rechauffeur-tubulaire-filete-de-1-1-2-pouce\/"]}]},{"@type":"ImageObject","inLanguage":"en-US","@id":"https:\/\/cheri-heater.com\/fr\/product\/rechauffeur-tubulaire-filete-de-1-1-2-pouce\/#primaryimage","url":"https:\/\/cheri-heater.com\/fr\/wp-content\/uploads\/2025\/05\/i-14.jpg","contentUrl":"https:\/\/cheri-heater.com\/fr\/wp-content\/uploads\/2025\/05\/i-14.jpg","width":320,"height":320,"caption":"R\u00e9chauffeur Tubulaire Filet\u00e9 De 1 1\/2 Pouce"},{"@type":"BreadcrumbList","@id":"https:\/\/cheri-heater.com\/fr\/product\/rechauffeur-tubulaire-filete-de-1-1-2-pouce\/#breadcrumb","itemListElement":[{"@type":"ListItem","position":1,"name":"Home","item":"https:\/\/cheri-heater.com\/fr\/"},{"@type":"ListItem","position":2,"name":"Products","item":"https:\/\/cheri-heater.com\/fr\/products\/"},{"@type":"ListItem","position":3,"name":"R\u00e9chauffeur Tubulaire Filet\u00e9 De 1 1\/2 Pouce"}]},{"@type":"WebSite","@id":"https:\/\/cheri-heater.com\/fr\/#website","url":"https:\/\/cheri-heater.com\/fr\/","name":"Cheri Heater Technology Co.,Ltd.","description":"","publisher":{"@id":"https:\/\/cheri-heater.com\/fr\/#organization"},"potentialAction":[{"@type":"SearchAction","target":{"@type":"EntryPoint","urlTemplate":"https:\/\/cheri-heater.com\/fr\/?s={search_term_string}"},"query-input":{"@type":"PropertyValueSpecification","valueRequired":true,"valueName":"search_term_string"}}],"inLanguage":"en-US"},{"@type":"Organization","@id":"https:\/\/cheri-heater.com\/fr\/#organization","name":"Cheri Heater Technology Co.,Ltd.","url":"https:\/\/cheri-heater.com\/fr\/","logo":{"@type":"ImageObject","inLanguage":"en-US","@id":"https:\/\/cheri-heater.com\/fr\/#\/schema\/logo\/image\/","url":"https:\/\/cheri-heater.com\/fr\/wp-content\/uploads\/2024\/06\/cropped-logo-resize.png","contentUrl":"https:\/\/cheri-heater.com\/fr\/wp-content\/uploads\/2024\/06\/cropped-logo-resize.png","width":346,"height":99,"caption":"Cheri Heater Technology Co.,Ltd."},"image":{"@id":"https:\/\/cheri-heater.com\/fr\/#\/schema\/logo\/image\/"}}]}},"_links":{"self":[{"href":"https:\/\/cheri-heater.com\/fr\/wp-json\/wp\/v2\/product\/1818","targetHints":{"allow":["GET"]}}],"collection":[{"href":"https:\/\/cheri-heater.com\/fr\/wp-json\/wp\/v2\/product"}],"about":[{"href":"https:\/\/cheri-heater.com\/fr\/wp-json\/wp\/v2\/types\/product"}],"wp:featuredmedia":[{"embeddable":true,"href":"https:\/\/cheri-heater.com\/fr\/wp-json\/wp\/v2\/media\/1819"}],"wp:attachment":[{"href":"https:\/\/cheri-heater.com\/fr\/wp-json\/wp\/v2\/media?parent=1818"}],"wp:term":[{"taxonomy":"product_brand","embeddable":true,"href":"https:\/\/cheri-heater.com\/fr\/wp-json\/wp\/v2\/product_brand?post=1818"},{"taxonomy":"product_cat","embeddable":true,"href":"https:\/\/cheri-heater.com\/fr\/wp-json\/wp\/v2\/product_cat?post=1818"},{"taxonomy":"product_tag","embeddable":true,"href":"https:\/\/cheri-heater.com\/fr\/wp-json\/wp\/v2\/product_tag?post=1818"}],"curies":[{"name":"wp","href":"https:\/\/api.w.org\/{rel}","templated":true}]}}