{"id":1820,"date":"2025-05-17T01:43:21","date_gmt":"2025-05-17T01:43:21","guid":{"rendered":"https:\/\/cheri-heater.com\/fr\/?post_type=product&#038;p=1820"},"modified":"2025-05-17T01:43:22","modified_gmt":"2025-05-17T01:43:22","slug":"chauffe-eau-tubulaire-solaire-de-1-pouce","status":"publish","type":"product","link":"https:\/\/cheri-heater.com\/fr\/product\/chauffe-eau-tubulaire-solaire-de-1-pouce\/","title":{"rendered":"Chauffe-Eau Tubulaire Solaire De 1 Pouce"},"content":{"rendered":"","protected":false},"excerpt":{"rendered":"<h2><span><span class=\"\">Radiateur tubulaire solaire de 1 pouce de premier ordre<\/span><\/span><\/h2>\n<p><span>Chez Cheri Heater, nous sommes sp\u00e9cialis\u00e9s dans les solutions de chauffage innovantes et \u00e9co\u00e9nerg\u00e9tiques, et notre\u00a0<\/span><strong><span>radiateur tubulaire solaire de 2,5 cm (1 pouce)<\/span><\/strong><span>\u00a0est l&#8217;une de nos meilleures offres. Con\u00e7u pour exploiter l&#8217;\u00e9nergie solaire pour un chauffage efficace et \u00e9cologique, ce radiateur tubulaire est id\u00e9al pour les applications r\u00e9sidentielles et industrielles n\u00e9cessitant des solutions \u00e9nerg\u00e9tiques durables.<\/span><\/p>\n<p><span>Le radiateur tubulaire solaire de 2,5 cm allie une technologie solaire de pointe \u00e0 la fiabilit\u00e9 d&#8217;un radiateur tubulaire traditionnel. Son diam\u00e8tre compact de 2,5 cm facilite son installation dans une vari\u00e9t\u00e9 de syst\u00e8mes, des chauffe-eau solaires aux syst\u00e8mes de chauffage. Le capteur solaire capte et convertit efficacement la lumi\u00e8re du soleil en \u00e9nergie thermique, fournissant ainsi une source de chaleur constante et renouvelable. Cela r\u00e9duit la d\u00e9pendance aux sources d&#8217;\u00e9nergie conventionnelles, vous permettant ainsi de r\u00e9duire vos factures d&#8217;\u00e9lectricit\u00e9 tout en contribuant \u00e0 la durabilit\u00e9 environnementale.<\/span><\/p>\n<p><span>Fabriqu\u00e9 \u00e0 partir de mat\u00e9riaux durables et de haute qualit\u00e9, le radiateur tubulaire solaire de 2,5 cm (1 pouce) est con\u00e7u pour durer et fonctionner efficacement, m\u00eame dans des conditions climatiques difficiles. Sa conception r\u00e9sistante \u00e0 la corrosion garantit une durabilit\u00e9 accrue et offre un rendement thermique \u00e9lev\u00e9 avec un entretien minimal.<\/span><\/p>\n<p><span>Que vous cherchiez \u00e0 chauffer de l&#8217;eau, de l&#8217;air ou d&#8217;autres fluides,\u00a0<\/span><strong><span>le chauffe-eau solaire tubulaire de 2,5 cm<\/span><\/strong><span>\u00a0de Cheri Heater offre une solution durable et \u00e9conomique. Il est id\u00e9al pour les entreprises et les particuliers soucieux de l&#8217;environnement qui souhaitent r\u00e9duire leur empreinte carbone et leurs d\u00e9penses \u00e9nerg\u00e9tiques.<\/span><\/p>\n","protected":false},"featured_media":1821,"template":"","meta":[],"product_brand":[],"product_cat":[28],"product_tag":[203],"class_list":{"0":"post-1820","1":"product","2":"type-product","3":"status-publish","4":"has-post-thumbnail","6":"product_cat-tubular-heater","7":"product_tag-chauffe-eau-tubulaire-solaire-de-1-pouce","9":"first","10":"instock","11":"shipping-taxable","12":"product-type-simple"},"yoast_head":"<!-- This site is optimized with the Yoast SEO plugin v27.3 - https:\/\/yoast.com\/product\/yoast-seo-wordpress\/ -->\n<title>Meilleur radiateur tubulaire solaire de 1 pouce | Cheri-heater.com<\/title>\n<meta name=\"description\" content=\"Cheri Heater propose le radiateur tubulaire solaire de 2,5 cm (1 pouce), con\u00e7u pour exploiter l&#039;\u00e9nergie solaire pour un chauffage efficace et durable. Id\u00e9al pour les applications r\u00e9sidentielles et industrielles, ce radiateur compact et durable offre une solution \u00e9conomique pour chauffer l&#039;eau, l&#039;air et les fluides. Gr\u00e2ce \u00e0 son rendement thermique \u00e9lev\u00e9 et \u00e0 son faible entretien, il constitue le choix id\u00e9al pour r\u00e9duire les co\u00fbts \u00e9nerg\u00e9tiques et minimiser l&#039;impact environnemental. Visitez Cheri Heater pour plus d&#039;informations et trouver la solution de chauffage solaire id\u00e9ale.\" \/>\n<meta name=\"robots\" content=\"index, follow, max-snippet:-1, max-image-preview:large, max-video-preview:-1\" \/>\n<link rel=\"canonical\" href=\"https:\/\/cheri-heater.com\/fr\/product\/chauffe-eau-tubulaire-solaire-de-1-pouce\/\" \/>\n<meta property=\"og:locale\" content=\"en_US\" \/>\n<meta property=\"og:type\" content=\"article\" \/>\n<meta property=\"og:title\" content=\"Meilleur radiateur tubulaire solaire de 1 pouce | Cheri-heater.com\" \/>\n<meta property=\"og:description\" content=\"Cheri Heater propose le radiateur tubulaire solaire de 2,5 cm (1 pouce), con\u00e7u pour exploiter l&#039;\u00e9nergie solaire pour un chauffage efficace et durable. Id\u00e9al pour les applications r\u00e9sidentielles et industrielles, ce radiateur compact et durable offre une solution \u00e9conomique pour chauffer l&#039;eau, l&#039;air et les fluides. Gr\u00e2ce \u00e0 son rendement thermique \u00e9lev\u00e9 et \u00e0 son faible entretien, il constitue le choix id\u00e9al pour r\u00e9duire les co\u00fbts \u00e9nerg\u00e9tiques et minimiser l&#039;impact environnemental. Visitez Cheri Heater pour plus d&#039;informations et trouver la solution de chauffage solaire id\u00e9ale.\" \/>\n<meta property=\"og:url\" content=\"https:\/\/cheri-heater.com\/fr\/product\/chauffe-eau-tubulaire-solaire-de-1-pouce\/\" \/>\n<meta property=\"og:site_name\" content=\"Cheri Heater Technology Co.,Ltd.\" \/>\n<meta property=\"article:modified_time\" content=\"2025-05-17T01:43:22+00:00\" \/>\n<meta property=\"og:image\" content=\"https:\/\/cheri-heater.com\/fr\/wp-content\/uploads\/2025\/05\/solar.jpg\" \/>\n\t<meta property=\"og:image:width\" content=\"320\" \/>\n\t<meta property=\"og:image:height\" content=\"320\" \/>\n\t<meta property=\"og:image:type\" content=\"image\/jpeg\" \/>\n<meta name=\"twitter:card\" content=\"summary_large_image\" \/>\n<meta name=\"twitter:label1\" content=\"Est. reading time\" \/>\n\t<meta name=\"twitter:data1\" content=\"1 minute\" \/>\n<!-- \/ Yoast SEO plugin. -->","yoast_head_json":{"title":"Meilleur radiateur tubulaire solaire de 1 pouce | Cheri-heater.com","description":"Cheri Heater propose le radiateur tubulaire solaire de 2,5 cm (1 pouce), con\u00e7u pour exploiter l'\u00e9nergie solaire pour un chauffage efficace et durable. Id\u00e9al pour les applications r\u00e9sidentielles et industrielles, ce radiateur compact et durable offre une solution \u00e9conomique pour chauffer l'eau, l'air et les fluides. Gr\u00e2ce \u00e0 son rendement thermique \u00e9lev\u00e9 et \u00e0 son faible entretien, il constitue le choix id\u00e9al pour r\u00e9duire les co\u00fbts \u00e9nerg\u00e9tiques et minimiser l'impact environnemental. Visitez Cheri Heater pour plus d'informations et trouver la solution de chauffage solaire id\u00e9ale.","robots":{"index":"index","follow":"follow","max-snippet":"max-snippet:-1","max-image-preview":"max-image-preview:large","max-video-preview":"max-video-preview:-1"},"canonical":"https:\/\/cheri-heater.com\/fr\/product\/chauffe-eau-tubulaire-solaire-de-1-pouce\/","og_locale":"en_US","og_type":"article","og_title":"Meilleur radiateur tubulaire solaire de 1 pouce | Cheri-heater.com","og_description":"Cheri Heater propose le radiateur tubulaire solaire de 2,5 cm (1 pouce), con\u00e7u pour exploiter l'\u00e9nergie solaire pour un chauffage efficace et durable. Id\u00e9al pour les applications r\u00e9sidentielles et industrielles, ce radiateur compact et durable offre une solution \u00e9conomique pour chauffer l'eau, l'air et les fluides. Gr\u00e2ce \u00e0 son rendement thermique \u00e9lev\u00e9 et \u00e0 son faible entretien, il constitue le choix id\u00e9al pour r\u00e9duire les co\u00fbts \u00e9nerg\u00e9tiques et minimiser l'impact environnemental. Visitez Cheri Heater pour plus d'informations et trouver la solution de chauffage solaire id\u00e9ale.","og_url":"https:\/\/cheri-heater.com\/fr\/product\/chauffe-eau-tubulaire-solaire-de-1-pouce\/","og_site_name":"Cheri Heater Technology Co.,Ltd.","article_modified_time":"2025-05-17T01:43:22+00:00","og_image":[{"width":320,"height":320,"url":"https:\/\/cheri-heater.com\/fr\/wp-content\/uploads\/2025\/05\/solar.jpg","type":"image\/jpeg"}],"twitter_card":"summary_large_image","twitter_misc":{"Est. reading time":"1 minute"},"schema":{"@context":"https:\/\/schema.org","@graph":[{"@type":"WebPage","@id":"https:\/\/cheri-heater.com\/fr\/product\/chauffe-eau-tubulaire-solaire-de-1-pouce\/","url":"https:\/\/cheri-heater.com\/fr\/product\/chauffe-eau-tubulaire-solaire-de-1-pouce\/","name":"Meilleur radiateur tubulaire solaire de 1 pouce | Cheri-heater.com","isPartOf":{"@id":"https:\/\/cheri-heater.com\/fr\/#website"},"primaryImageOfPage":{"@id":"https:\/\/cheri-heater.com\/fr\/product\/chauffe-eau-tubulaire-solaire-de-1-pouce\/#primaryimage"},"image":{"@id":"https:\/\/cheri-heater.com\/fr\/product\/chauffe-eau-tubulaire-solaire-de-1-pouce\/#primaryimage"},"thumbnailUrl":"https:\/\/cheri-heater.com\/fr\/wp-content\/uploads\/2025\/05\/solar.jpg","datePublished":"2025-05-17T01:43:21+00:00","dateModified":"2025-05-17T01:43:22+00:00","description":"Cheri Heater propose le radiateur tubulaire solaire de 2,5 cm (1 pouce), con\u00e7u pour exploiter l'\u00e9nergie solaire pour un chauffage efficace et durable. Id\u00e9al pour les applications r\u00e9sidentielles et industrielles, ce radiateur compact et durable offre une solution \u00e9conomique pour chauffer l'eau, l'air et les fluides. Gr\u00e2ce \u00e0 son rendement thermique \u00e9lev\u00e9 et \u00e0 son faible entretien, il constitue le choix id\u00e9al pour r\u00e9duire les co\u00fbts \u00e9nerg\u00e9tiques et minimiser l'impact environnemental. Visitez Cheri Heater pour plus d'informations et trouver la solution de chauffage solaire id\u00e9ale.","breadcrumb":{"@id":"https:\/\/cheri-heater.com\/fr\/product\/chauffe-eau-tubulaire-solaire-de-1-pouce\/#breadcrumb"},"inLanguage":"en-US","potentialAction":[{"@type":"ReadAction","target":["https:\/\/cheri-heater.com\/fr\/product\/chauffe-eau-tubulaire-solaire-de-1-pouce\/"]}]},{"@type":"ImageObject","inLanguage":"en-US","@id":"https:\/\/cheri-heater.com\/fr\/product\/chauffe-eau-tubulaire-solaire-de-1-pouce\/#primaryimage","url":"https:\/\/cheri-heater.com\/fr\/wp-content\/uploads\/2025\/05\/solar.jpg","contentUrl":"https:\/\/cheri-heater.com\/fr\/wp-content\/uploads\/2025\/05\/solar.jpg","width":320,"height":320,"caption":"Chauffe-Eau Tubulaire Solaire De 1 Pouce"},{"@type":"BreadcrumbList","@id":"https:\/\/cheri-heater.com\/fr\/product\/chauffe-eau-tubulaire-solaire-de-1-pouce\/#breadcrumb","itemListElement":[{"@type":"ListItem","position":1,"name":"Home","item":"https:\/\/cheri-heater.com\/fr\/"},{"@type":"ListItem","position":2,"name":"Products","item":"https:\/\/cheri-heater.com\/fr\/products\/"},{"@type":"ListItem","position":3,"name":"Chauffe-Eau Tubulaire Solaire De 1 Pouce"}]},{"@type":"WebSite","@id":"https:\/\/cheri-heater.com\/fr\/#website","url":"https:\/\/cheri-heater.com\/fr\/","name":"Cheri Heater Technology Co.,Ltd.","description":"","publisher":{"@id":"https:\/\/cheri-heater.com\/fr\/#organization"},"potentialAction":[{"@type":"SearchAction","target":{"@type":"EntryPoint","urlTemplate":"https:\/\/cheri-heater.com\/fr\/?s={search_term_string}"},"query-input":{"@type":"PropertyValueSpecification","valueRequired":true,"valueName":"search_term_string"}}],"inLanguage":"en-US"},{"@type":"Organization","@id":"https:\/\/cheri-heater.com\/fr\/#organization","name":"Cheri Heater Technology Co.,Ltd.","url":"https:\/\/cheri-heater.com\/fr\/","logo":{"@type":"ImageObject","inLanguage":"en-US","@id":"https:\/\/cheri-heater.com\/fr\/#\/schema\/logo\/image\/","url":"https:\/\/cheri-heater.com\/fr\/wp-content\/uploads\/2024\/06\/cropped-logo-resize.png","contentUrl":"https:\/\/cheri-heater.com\/fr\/wp-content\/uploads\/2024\/06\/cropped-logo-resize.png","width":346,"height":99,"caption":"Cheri Heater Technology Co.,Ltd."},"image":{"@id":"https:\/\/cheri-heater.com\/fr\/#\/schema\/logo\/image\/"}}]}},"_links":{"self":[{"href":"https:\/\/cheri-heater.com\/fr\/wp-json\/wp\/v2\/product\/1820","targetHints":{"allow":["GET"]}}],"collection":[{"href":"https:\/\/cheri-heater.com\/fr\/wp-json\/wp\/v2\/product"}],"about":[{"href":"https:\/\/cheri-heater.com\/fr\/wp-json\/wp\/v2\/types\/product"}],"wp:featuredmedia":[{"embeddable":true,"href":"https:\/\/cheri-heater.com\/fr\/wp-json\/wp\/v2\/media\/1821"}],"wp:attachment":[{"href":"https:\/\/cheri-heater.com\/fr\/wp-json\/wp\/v2\/media?parent=1820"}],"wp:term":[{"taxonomy":"product_brand","embeddable":true,"href":"https:\/\/cheri-heater.com\/fr\/wp-json\/wp\/v2\/product_brand?post=1820"},{"taxonomy":"product_cat","embeddable":true,"href":"https:\/\/cheri-heater.com\/fr\/wp-json\/wp\/v2\/product_cat?post=1820"},{"taxonomy":"product_tag","embeddable":true,"href":"https:\/\/cheri-heater.com\/fr\/wp-json\/wp\/v2\/product_tag?post=1820"}],"curies":[{"name":"wp","href":"https:\/\/api.w.org\/{rel}","templated":true}]}}