{"id":1822,"date":"2025-05-17T01:46:18","date_gmt":"2025-05-17T01:46:18","guid":{"rendered":"https:\/\/cheri-heater.com\/fr\/?post_type=product&#038;p=1822"},"modified":"2025-05-17T01:46:19","modified_gmt":"2025-05-17T01:46:19","slug":"rechauffeur-tubulaire-a-bride-de-2-pouces","status":"publish","type":"product","link":"https:\/\/cheri-heater.com\/fr\/product\/rechauffeur-tubulaire-a-bride-de-2-pouces\/","title":{"rendered":"R\u00e9chauffeur Tubulaire \u00c0 Bride De 2 Pouces"},"content":{"rendered":"","protected":false},"excerpt":{"rendered":"<h2><span><span class=\"\">R\u00e9chauffeur tubulaire \u00e0 bride de 2 pouces<\/span><\/span><\/h2>\n<p><span>Chez\u00a0<\/span><strong><span>Cheri Heater<\/span><\/strong><span>\u00a0, nous proposons des solutions de chauffage de haute qualit\u00e9, adapt\u00e9es aux exigences de divers secteurs d&#8217;activit\u00e9. Notre\u00a0<\/span><strong><span>radiateur tubulaire \u00e0 bride de 2 pouces<\/span><\/strong><span>\u00a0est con\u00e7u pour allier efficacit\u00e9, durabilit\u00e9 et facilit\u00e9 d&#8217;installation, ce qui en fait un choix fiable pour vos besoins de chauffage.<\/span><\/p>\n<p><span>Ce r\u00e9chauffeur tubulaire est dot\u00e9 d&#8217;une bride robuste de 5 cm (2 pouces), offrant un ajustement s\u00fbr pour les applications industrielles n\u00e9cessitant une distribution pr\u00e9cise de la chaleur. Fabriqu\u00e9 \u00e0 partir de mat\u00e9riaux haut de gamme, il offre des performances constantes, m\u00eame dans les environnements difficiles. Sa polyvalence le rend id\u00e9al pour une utilisation dans les proc\u00e9d\u00e9s chimiques, les \u00e9quipements agroalimentaires, le chauffage de l&#8217;eau et autres syst\u00e8mes industriels.<\/span><\/p>\n<p><span>Le\u00a0<\/span><strong><span>r\u00e9chauffeur tubulaire \u00e0 bride de 2 pouces<\/span><\/strong><span>\u00a0est personnalisable pour r\u00e9pondre \u00e0 des exigences op\u00e9rationnelles sp\u00e9cifiques. Que vous ayez besoin d&#8217;ajuster la puissance, la tension ou les plages de temp\u00e9rature, notre \u00e9quipe est pr\u00eate \u00e0 cr\u00e9er une solution sur mesure pour optimiser vos processus.<\/span><\/p>\n<h3><span>Pourquoi choisir Cheri Heater ?<\/span><\/h3>\n<p><span>Forts de nombreuses ann\u00e9es d&#8217;expertise dans le secteur du chauffage, nous nous engageons \u00e0 fournir des produits haut de gamme et un service client exceptionnel. Nos appareils de chauffage sont fabriqu\u00e9s selon des normes de qualit\u00e9 rigoureuses, garantissant un fonctionnement fiable et des performances durables.<\/span><\/p>\n<p><span><span class=\"VIpgJd-yAWNEb-VIpgJd-fmcmS-sn54Q\">Visitez\u00a0<\/span><\/span><strong><a href=\"https:\/\/cheri-heater.com\/\" target=\"_new\" rel=\"noopener\"><span><span class=\"VIpgJd-yAWNEb-VIpgJd-fmcmS-sn54Q\">cheri-heater.com<\/span><\/span><\/a><\/strong><span><span class=\"VIpgJd-yAWNEb-VIpgJd-fmcmS-sn54Q\">\u00a0pour d\u00e9couvrir notre gamme de produits de chauffage innovants. Des conseils d&#8217;experts aux solutions sur mesure, nous sommes l\u00e0 pour vous aider \u00e0 optimiser vos op\u00e9rations gr\u00e2ce \u00e0 une technologie de chauffage fiable et efficace. Am\u00e9liorez vos syst\u00e8mes gr\u00e2ce aux performances \u00e9prouv\u00e9es de notre\u00a0<\/span><\/span><strong><span><span class=\"VIpgJd-yAWNEb-VIpgJd-fmcmS-sn54Q\">radiateur tubulaire \u00e0 bride de 5 cm<\/span><\/span><\/strong><span><span class=\"VIpgJd-yAWNEb-VIpgJd-fmcmS-sn54Q\">\u00a0et constatez la diff\u00e9rence d\u00e8s aujourd&#8217;hui\u00a0!<\/span><\/span><\/p>\n","protected":false},"featured_media":1823,"template":"","meta":[],"product_brand":[],"product_cat":[28],"product_tag":[204],"class_list":{"0":"post-1822","1":"product","2":"type-product","3":"status-publish","4":"has-post-thumbnail","6":"product_cat-tubular-heater","7":"product_tag-rechauffeur-tubulaire-a-bride-de-2-pouces","9":"first","10":"instock","11":"shipping-taxable","12":"product-type-simple"},"yoast_head":"<!-- This site is optimized with the Yoast SEO plugin v27.3 - https:\/\/yoast.com\/product\/yoast-seo-wordpress\/ -->\n<title>Radiateur tubulaire \u00e0 bride de 2 pouces de haute qualit\u00e9 | Cheri-heater.com<\/title>\n<meta name=\"description\" content=\"Le radiateur tubulaire \u00e0 bride de 2 pouces de Cheri Heater est con\u00e7u pour offrir durabilit\u00e9 et performance dans les applications industrielles. Id\u00e9al pour des installations s\u00e9curis\u00e9es et une distribution pr\u00e9cise de la chaleur, il est disponible en options personnalisables pour r\u00e9pondre \u00e0 vos besoins sp\u00e9cifiques. Pour plus d&#039;informations, rendez-vous sur cheri-heater.com.\" \/>\n<meta name=\"robots\" content=\"index, follow, max-snippet:-1, max-image-preview:large, max-video-preview:-1\" \/>\n<link rel=\"canonical\" href=\"https:\/\/cheri-heater.com\/fr\/product\/rechauffeur-tubulaire-a-bride-de-2-pouces\/\" \/>\n<meta property=\"og:locale\" content=\"en_US\" \/>\n<meta property=\"og:type\" content=\"article\" \/>\n<meta property=\"og:title\" content=\"Radiateur tubulaire \u00e0 bride de 2 pouces de haute qualit\u00e9 | Cheri-heater.com\" \/>\n<meta property=\"og:description\" content=\"Le radiateur tubulaire \u00e0 bride de 2 pouces de Cheri Heater est con\u00e7u pour offrir durabilit\u00e9 et performance dans les applications industrielles. Id\u00e9al pour des installations s\u00e9curis\u00e9es et une distribution pr\u00e9cise de la chaleur, il est disponible en options personnalisables pour r\u00e9pondre \u00e0 vos besoins sp\u00e9cifiques. Pour plus d&#039;informations, rendez-vous sur cheri-heater.com.\" \/>\n<meta property=\"og:url\" content=\"https:\/\/cheri-heater.com\/fr\/product\/rechauffeur-tubulaire-a-bride-de-2-pouces\/\" \/>\n<meta property=\"og:site_name\" content=\"Cheri Heater Technology Co.,Ltd.\" \/>\n<meta property=\"article:modified_time\" content=\"2025-05-17T01:46:19+00:00\" \/>\n<meta property=\"og:image\" content=\"https:\/\/cheri-heater.com\/fr\/wp-content\/uploads\/2025\/05\/82d18ff1-6f1a-4a6b-9ddd-f781f22bb445.jpg\" \/>\n\t<meta property=\"og:image:width\" content=\"1000\" \/>\n\t<meta property=\"og:image:height\" content=\"1000\" \/>\n\t<meta property=\"og:image:type\" content=\"image\/jpeg\" \/>\n<meta name=\"twitter:card\" content=\"summary_large_image\" \/>\n<meta name=\"twitter:label1\" content=\"Est. reading time\" \/>\n\t<meta name=\"twitter:data1\" content=\"1 minute\" \/>\n<!-- \/ Yoast SEO plugin. -->","yoast_head_json":{"title":"Radiateur tubulaire \u00e0 bride de 2 pouces de haute qualit\u00e9 | Cheri-heater.com","description":"Le radiateur tubulaire \u00e0 bride de 2 pouces de Cheri Heater est con\u00e7u pour offrir durabilit\u00e9 et performance dans les applications industrielles. Id\u00e9al pour des installations s\u00e9curis\u00e9es et une distribution pr\u00e9cise de la chaleur, il est disponible en options personnalisables pour r\u00e9pondre \u00e0 vos besoins sp\u00e9cifiques. Pour plus d'informations, rendez-vous sur cheri-heater.com.","robots":{"index":"index","follow":"follow","max-snippet":"max-snippet:-1","max-image-preview":"max-image-preview:large","max-video-preview":"max-video-preview:-1"},"canonical":"https:\/\/cheri-heater.com\/fr\/product\/rechauffeur-tubulaire-a-bride-de-2-pouces\/","og_locale":"en_US","og_type":"article","og_title":"Radiateur tubulaire \u00e0 bride de 2 pouces de haute qualit\u00e9 | Cheri-heater.com","og_description":"Le radiateur tubulaire \u00e0 bride de 2 pouces de Cheri Heater est con\u00e7u pour offrir durabilit\u00e9 et performance dans les applications industrielles. Id\u00e9al pour des installations s\u00e9curis\u00e9es et une distribution pr\u00e9cise de la chaleur, il est disponible en options personnalisables pour r\u00e9pondre \u00e0 vos besoins sp\u00e9cifiques. Pour plus d'informations, rendez-vous sur cheri-heater.com.","og_url":"https:\/\/cheri-heater.com\/fr\/product\/rechauffeur-tubulaire-a-bride-de-2-pouces\/","og_site_name":"Cheri Heater Technology Co.,Ltd.","article_modified_time":"2025-05-17T01:46:19+00:00","og_image":[{"width":1000,"height":1000,"url":"https:\/\/cheri-heater.com\/fr\/wp-content\/uploads\/2025\/05\/82d18ff1-6f1a-4a6b-9ddd-f781f22bb445.jpg","type":"image\/jpeg"}],"twitter_card":"summary_large_image","twitter_misc":{"Est. reading time":"1 minute"},"schema":{"@context":"https:\/\/schema.org","@graph":[{"@type":"WebPage","@id":"https:\/\/cheri-heater.com\/fr\/product\/rechauffeur-tubulaire-a-bride-de-2-pouces\/","url":"https:\/\/cheri-heater.com\/fr\/product\/rechauffeur-tubulaire-a-bride-de-2-pouces\/","name":"Radiateur tubulaire \u00e0 bride de 2 pouces de haute qualit\u00e9 | Cheri-heater.com","isPartOf":{"@id":"https:\/\/cheri-heater.com\/fr\/#website"},"primaryImageOfPage":{"@id":"https:\/\/cheri-heater.com\/fr\/product\/rechauffeur-tubulaire-a-bride-de-2-pouces\/#primaryimage"},"image":{"@id":"https:\/\/cheri-heater.com\/fr\/product\/rechauffeur-tubulaire-a-bride-de-2-pouces\/#primaryimage"},"thumbnailUrl":"https:\/\/cheri-heater.com\/fr\/wp-content\/uploads\/2025\/05\/82d18ff1-6f1a-4a6b-9ddd-f781f22bb445.jpg","datePublished":"2025-05-17T01:46:18+00:00","dateModified":"2025-05-17T01:46:19+00:00","description":"Le radiateur tubulaire \u00e0 bride de 2 pouces de Cheri Heater est con\u00e7u pour offrir durabilit\u00e9 et performance dans les applications industrielles. Id\u00e9al pour des installations s\u00e9curis\u00e9es et une distribution pr\u00e9cise de la chaleur, il est disponible en options personnalisables pour r\u00e9pondre \u00e0 vos besoins sp\u00e9cifiques. Pour plus d'informations, rendez-vous sur cheri-heater.com.","breadcrumb":{"@id":"https:\/\/cheri-heater.com\/fr\/product\/rechauffeur-tubulaire-a-bride-de-2-pouces\/#breadcrumb"},"inLanguage":"en-US","potentialAction":[{"@type":"ReadAction","target":["https:\/\/cheri-heater.com\/fr\/product\/rechauffeur-tubulaire-a-bride-de-2-pouces\/"]}]},{"@type":"ImageObject","inLanguage":"en-US","@id":"https:\/\/cheri-heater.com\/fr\/product\/rechauffeur-tubulaire-a-bride-de-2-pouces\/#primaryimage","url":"https:\/\/cheri-heater.com\/fr\/wp-content\/uploads\/2025\/05\/82d18ff1-6f1a-4a6b-9ddd-f781f22bb445.jpg","contentUrl":"https:\/\/cheri-heater.com\/fr\/wp-content\/uploads\/2025\/05\/82d18ff1-6f1a-4a6b-9ddd-f781f22bb445.jpg","width":1000,"height":1000,"caption":"R\u00e9chauffeur Tubulaire \u00c0 Bride De 2 Pouces"},{"@type":"BreadcrumbList","@id":"https:\/\/cheri-heater.com\/fr\/product\/rechauffeur-tubulaire-a-bride-de-2-pouces\/#breadcrumb","itemListElement":[{"@type":"ListItem","position":1,"name":"Home","item":"https:\/\/cheri-heater.com\/fr\/"},{"@type":"ListItem","position":2,"name":"Products","item":"https:\/\/cheri-heater.com\/fr\/products\/"},{"@type":"ListItem","position":3,"name":"R\u00e9chauffeur Tubulaire \u00c0 Bride De 2 Pouces"}]},{"@type":"WebSite","@id":"https:\/\/cheri-heater.com\/fr\/#website","url":"https:\/\/cheri-heater.com\/fr\/","name":"Cheri Heater Technology Co.,Ltd.","description":"","publisher":{"@id":"https:\/\/cheri-heater.com\/fr\/#organization"},"potentialAction":[{"@type":"SearchAction","target":{"@type":"EntryPoint","urlTemplate":"https:\/\/cheri-heater.com\/fr\/?s={search_term_string}"},"query-input":{"@type":"PropertyValueSpecification","valueRequired":true,"valueName":"search_term_string"}}],"inLanguage":"en-US"},{"@type":"Organization","@id":"https:\/\/cheri-heater.com\/fr\/#organization","name":"Cheri Heater Technology Co.,Ltd.","url":"https:\/\/cheri-heater.com\/fr\/","logo":{"@type":"ImageObject","inLanguage":"en-US","@id":"https:\/\/cheri-heater.com\/fr\/#\/schema\/logo\/image\/","url":"https:\/\/cheri-heater.com\/fr\/wp-content\/uploads\/2024\/06\/cropped-logo-resize.png","contentUrl":"https:\/\/cheri-heater.com\/fr\/wp-content\/uploads\/2024\/06\/cropped-logo-resize.png","width":346,"height":99,"caption":"Cheri Heater Technology Co.,Ltd."},"image":{"@id":"https:\/\/cheri-heater.com\/fr\/#\/schema\/logo\/image\/"}}]}},"_links":{"self":[{"href":"https:\/\/cheri-heater.com\/fr\/wp-json\/wp\/v2\/product\/1822","targetHints":{"allow":["GET"]}}],"collection":[{"href":"https:\/\/cheri-heater.com\/fr\/wp-json\/wp\/v2\/product"}],"about":[{"href":"https:\/\/cheri-heater.com\/fr\/wp-json\/wp\/v2\/types\/product"}],"wp:featuredmedia":[{"embeddable":true,"href":"https:\/\/cheri-heater.com\/fr\/wp-json\/wp\/v2\/media\/1823"}],"wp:attachment":[{"href":"https:\/\/cheri-heater.com\/fr\/wp-json\/wp\/v2\/media?parent=1822"}],"wp:term":[{"taxonomy":"product_brand","embeddable":true,"href":"https:\/\/cheri-heater.com\/fr\/wp-json\/wp\/v2\/product_brand?post=1822"},{"taxonomy":"product_cat","embeddable":true,"href":"https:\/\/cheri-heater.com\/fr\/wp-json\/wp\/v2\/product_cat?post=1822"},{"taxonomy":"product_tag","embeddable":true,"href":"https:\/\/cheri-heater.com\/fr\/wp-json\/wp\/v2\/product_tag?post=1822"}],"curies":[{"name":"wp","href":"https:\/\/api.w.org\/{rel}","templated":true}]}}