{"id":1825,"date":"2025-05-17T01:50:53","date_gmt":"2025-05-17T01:50:53","guid":{"rendered":"https:\/\/cheri-heater.com\/fr\/?post_type=product&#038;p=1825"},"modified":"2025-05-17T01:50:54","modified_gmt":"2025-05-17T01:50:54","slug":"chaudiere-tubulaire-chauffante","status":"publish","type":"product","link":"https:\/\/cheri-heater.com\/fr\/product\/chaudiere-tubulaire-chauffante\/","title":{"rendered":"Chaudi\u00e8re Tubulaire Chauffante"},"content":{"rendered":"","protected":false},"excerpt":{"rendered":"<h2><span><span class=\"\">Fabricants de radiateurs tubulaires de haute qualit\u00e9<\/span><\/span><\/h2>\n<p><span>Vous recherchez une solution de chauffage con\u00e7ue pour offrir des performances constantes\u00a0? Le\u00a0<\/span><b><span>radiateur tubulaire pour chaudi\u00e8re\u00a0<\/span><\/b><span>Cheri Heater est con\u00e7u pour les applications industrielles et offre fiabilit\u00e9 et durabilit\u00e9 dans les environnements exigeants.\u00a0<\/span><\/p>\n<p><span>Parfaits pour les acheteurs professionnels \u00e0 la recherche de commandes en gros, ces appareils de chauffage sont con\u00e7us pour r\u00e9pondre \u00e0 des normes rigoureuses tout en garantissant l&#8217;efficacit\u00e9 \u00e9nerg\u00e9tique.<\/span><\/p>\n<h3><b><span>R\u00e9chauffeur tubulaire de chaudi\u00e8re sup\u00e9rieur pour applications industrielles<\/span><\/b><\/h3>\n<p><b><span>Le r\u00e9chauffeur tubulaire pour chaudi\u00e8re\u00a0<\/span><\/b><span>Cheri Heater\u00a0<\/span><span>se distingue par sa technologie de pointe. Fabriqu\u00e9 en acier inoxydable ou en alliages de nickel de haute qualit\u00e9, il assure un transfert de chaleur optimal et des performances durables. Ces r\u00e9chauffeurs sont con\u00e7us pour les chaudi\u00e8res de secteurs tels que l&#8217;industrie manufacturi\u00e8re, l&#8217;industrie pharmaceutique, l&#8217;agroalimentaire et la production chimique.<\/span><\/p>\n<ul>\n<li aria-level=\"1\"><b><span>Conception personnalisable\u00a0<\/span><\/b><span>: Adaptez les sp\u00e9cifications du radiateur aux besoins de votre chaudi\u00e8re.<\/span><\/li>\n<li aria-level=\"1\"><b><span>Efficacit\u00e9 \u00e9nerg\u00e9tique\u00a0<\/span><\/b><span>: Consommation d\u2019\u00e9nergie r\u00e9duite sans compromettre la production de chaleur.<\/span><\/li>\n<li aria-level=\"1\"><b><span>S\u00e9curit\u00e9 assur\u00e9e\u00a0<\/span><\/b><span>: Con\u00e7u pour fonctionner dans des plages de temp\u00e9rature s\u00fbres, prot\u00e9geant \u00e0 la fois l&#8217;\u00e9quipement et le personnel.<\/span><\/li>\n<\/ul>\n<p><span>Gr\u00e2ce \u00e0 ces fonctionnalit\u00e9s, vos op\u00e9rations se d\u00e9roulent sans probl\u00e8me, r\u00e9duisant ainsi les temps d\u2019arr\u00eat et les co\u00fbts de maintenance.<\/span><\/p>\n<h3><b><span>Pourquoi choisir le radiateur tubulaire pour chaudi\u00e8re de Cheri Heater ?<\/span><\/b><\/h3>\n<p><span>Cheri Heater est une marque de confiance en mati\u00e8re de solutions de chauffage industriel. En choisissant notre\u00a0<\/span><b><span>r\u00e9chauffeur tubulaire pour chaudi\u00e8re\u00a0<\/span><\/b><span>, vous investissez dans\u00a0:<\/span><\/p>\n<ul>\n<li aria-level=\"1\"><b><span>Durabilit\u00e9\u00a0<\/span><\/b><span>: Mat\u00e9riaux de haute qualit\u00e9 qui r\u00e9sistent aux temp\u00e9ratures extr\u00eames et aux conditions difficiles.<\/span><\/li>\n<li aria-level=\"1\"><b><span>\u00c9volutivit\u00e9\u00a0<\/span><\/b><span>: Id\u00e9al pour les acheteurs d\u2019entreprise ayant besoin de solutions de chauffage \u00e0 grande \u00e9chelle.<\/span><\/li>\n<li aria-level=\"1\"><b><span>Solutions rentables\u00a0<\/span><\/b><span>: prix comp\u00e9titifs pour les commandes group\u00e9es, garantissant une valeur pour chaque unit\u00e9.<\/span><\/li>\n<\/ul>\n<p><span>Les acheteurs professionnels appr\u00e9cient notre engagement envers la qualit\u00e9 et la constance de nos produits. Chaque appareil de chauffage est rigoureusement test\u00e9 pour r\u00e9pondre aux normes de l&#8217;industrie, vous garantissant ainsi des performances optimales sans compromis.<\/span><\/p>\n<h3><b><span>Industries b\u00e9n\u00e9ficiant d&#8217;un r\u00e9chauffeur tubulaire de chaudi\u00e8re<\/span><\/b><\/h3>\n<p><b><span>Le radiateur tubulaire pour chaudi\u00e8re\u00a0<\/span><\/b><span>de Cheri Heater\u00a0<\/span><span>est une solution polyvalente r\u00e9pondant aux besoins d&#8217;une gamme d&#8217;industries :<\/span><\/p>\n<ul>\n<li aria-level=\"1\"><b><span>Textile\u00a0<\/span><\/b><span>: Chauffage fiable pour la teinture et le traitement.<\/span><\/li>\n<li aria-level=\"1\"><b><span>Chimie\u00a0<\/span><\/b><span>: Contr\u00f4le pr\u00e9cis de la temp\u00e9rature pour les r\u00e9actions sensibles.<\/span><\/li>\n<li aria-level=\"1\"><b><span>Alimentation et boissons\u00a0<\/span><\/b><span>: Chauffage s\u00fbr pour la transformation et la st\u00e9rilisation.<\/span><\/li>\n<\/ul>\n<p><span>Optimisez vos op\u00e9rations gr\u00e2ce \u00e0 l&#8217;expertise et aux produits de pointe de Cheri Heater. Confiez-nous la fourniture de solutions de chauffage qui optimisent l&#8217;efficacit\u00e9 et r\u00e9duisent les co\u00fbts d&#8217;exploitation de votre entreprise.<\/span><\/p>\n<p><span>Contactez Cheri Heater d\u00e8s aujourd&#8217;hui pour en savoir plus sur nos radiateurs tubulaires pour chaudi\u00e8res ou demandez un devis personnalis\u00e9 pour les commandes en gros.<\/span><\/p>\n","protected":false},"featured_media":1826,"template":"","meta":[],"product_brand":[],"product_cat":[28],"product_tag":[205],"class_list":{"0":"post-1825","1":"product","2":"type-product","3":"status-publish","4":"has-post-thumbnail","6":"product_cat-tubular-heater","7":"product_tag-chaudiere-tubulaire-chauffante","9":"first","10":"instock","11":"shipping-taxable","12":"product-type-simple"},"yoast_head":"<!-- This site is optimized with the Yoast SEO plugin v27.3 - https:\/\/yoast.com\/product\/yoast-seo-wordpress\/ -->\n<title>Meilleurs fabricants de radiateurs tubulaires pour chaudi\u00e8res | Cheri-heater.com<\/title>\n<meta name=\"description\" content=\"Fabricant leader de r\u00e9chauffeurs tubulaires pour chaudi\u00e8res - R\u00e9sistances tubulaires durables et efficaces pour chaudi\u00e8res. Solutions de qualit\u00e9 pour vos besoins de chauffage industriel. Contactez-nous\u00a0!\" \/>\n<meta name=\"robots\" content=\"index, follow, max-snippet:-1, max-image-preview:large, max-video-preview:-1\" \/>\n<link rel=\"canonical\" href=\"https:\/\/cheri-heater.com\/fr\/product\/chaudiere-tubulaire-chauffante\/\" \/>\n<meta property=\"og:locale\" content=\"en_US\" \/>\n<meta property=\"og:type\" content=\"article\" \/>\n<meta property=\"og:title\" content=\"Meilleurs fabricants de radiateurs tubulaires pour chaudi\u00e8res | Cheri-heater.com\" \/>\n<meta property=\"og:description\" content=\"Fabricant leader de r\u00e9chauffeurs tubulaires pour chaudi\u00e8res - R\u00e9sistances tubulaires durables et efficaces pour chaudi\u00e8res. Solutions de qualit\u00e9 pour vos besoins de chauffage industriel. Contactez-nous\u00a0!\" \/>\n<meta property=\"og:url\" content=\"https:\/\/cheri-heater.com\/fr\/product\/chaudiere-tubulaire-chauffante\/\" \/>\n<meta property=\"og:site_name\" content=\"Cheri Heater Technology Co.,Ltd.\" \/>\n<meta property=\"article:modified_time\" content=\"2025-05-17T01:50:54+00:00\" \/>\n<meta property=\"og:image\" content=\"https:\/\/cheri-heater.com\/fr\/wp-content\/uploads\/2025\/05\/boiler.jpg\" \/>\n\t<meta property=\"og:image:width\" content=\"1920\" \/>\n\t<meta property=\"og:image:height\" content=\"1080\" \/>\n\t<meta property=\"og:image:type\" content=\"image\/jpeg\" \/>\n<meta name=\"twitter:card\" content=\"summary_large_image\" \/>\n<meta name=\"twitter:label1\" content=\"Est. reading time\" \/>\n\t<meta name=\"twitter:data1\" content=\"1 minute\" \/>\n<!-- \/ Yoast SEO plugin. -->","yoast_head_json":{"title":"Meilleurs fabricants de radiateurs tubulaires pour chaudi\u00e8res | Cheri-heater.com","description":"Fabricant leader de r\u00e9chauffeurs tubulaires pour chaudi\u00e8res - R\u00e9sistances tubulaires durables et efficaces pour chaudi\u00e8res. Solutions de qualit\u00e9 pour vos besoins de chauffage industriel. Contactez-nous\u00a0!","robots":{"index":"index","follow":"follow","max-snippet":"max-snippet:-1","max-image-preview":"max-image-preview:large","max-video-preview":"max-video-preview:-1"},"canonical":"https:\/\/cheri-heater.com\/fr\/product\/chaudiere-tubulaire-chauffante\/","og_locale":"en_US","og_type":"article","og_title":"Meilleurs fabricants de radiateurs tubulaires pour chaudi\u00e8res | Cheri-heater.com","og_description":"Fabricant leader de r\u00e9chauffeurs tubulaires pour chaudi\u00e8res - R\u00e9sistances tubulaires durables et efficaces pour chaudi\u00e8res. Solutions de qualit\u00e9 pour vos besoins de chauffage industriel. Contactez-nous\u00a0!","og_url":"https:\/\/cheri-heater.com\/fr\/product\/chaudiere-tubulaire-chauffante\/","og_site_name":"Cheri Heater Technology Co.,Ltd.","article_modified_time":"2025-05-17T01:50:54+00:00","og_image":[{"width":1920,"height":1080,"url":"https:\/\/cheri-heater.com\/fr\/wp-content\/uploads\/2025\/05\/boiler.jpg","type":"image\/jpeg"}],"twitter_card":"summary_large_image","twitter_misc":{"Est. reading time":"1 minute"},"schema":{"@context":"https:\/\/schema.org","@graph":[{"@type":"WebPage","@id":"https:\/\/cheri-heater.com\/fr\/product\/chaudiere-tubulaire-chauffante\/","url":"https:\/\/cheri-heater.com\/fr\/product\/chaudiere-tubulaire-chauffante\/","name":"Meilleurs fabricants de radiateurs tubulaires pour chaudi\u00e8res | Cheri-heater.com","isPartOf":{"@id":"https:\/\/cheri-heater.com\/fr\/#website"},"primaryImageOfPage":{"@id":"https:\/\/cheri-heater.com\/fr\/product\/chaudiere-tubulaire-chauffante\/#primaryimage"},"image":{"@id":"https:\/\/cheri-heater.com\/fr\/product\/chaudiere-tubulaire-chauffante\/#primaryimage"},"thumbnailUrl":"https:\/\/cheri-heater.com\/fr\/wp-content\/uploads\/2025\/05\/boiler.jpg","datePublished":"2025-05-17T01:50:53+00:00","dateModified":"2025-05-17T01:50:54+00:00","description":"Fabricant leader de r\u00e9chauffeurs tubulaires pour chaudi\u00e8res - R\u00e9sistances tubulaires durables et efficaces pour chaudi\u00e8res. Solutions de qualit\u00e9 pour vos besoins de chauffage industriel. Contactez-nous\u00a0!","breadcrumb":{"@id":"https:\/\/cheri-heater.com\/fr\/product\/chaudiere-tubulaire-chauffante\/#breadcrumb"},"inLanguage":"en-US","potentialAction":[{"@type":"ReadAction","target":["https:\/\/cheri-heater.com\/fr\/product\/chaudiere-tubulaire-chauffante\/"]}]},{"@type":"ImageObject","inLanguage":"en-US","@id":"https:\/\/cheri-heater.com\/fr\/product\/chaudiere-tubulaire-chauffante\/#primaryimage","url":"https:\/\/cheri-heater.com\/fr\/wp-content\/uploads\/2025\/05\/boiler.jpg","contentUrl":"https:\/\/cheri-heater.com\/fr\/wp-content\/uploads\/2025\/05\/boiler.jpg","width":1920,"height":1080,"caption":"Chaudi\u00e8re Tubulaire Chauffante"},{"@type":"BreadcrumbList","@id":"https:\/\/cheri-heater.com\/fr\/product\/chaudiere-tubulaire-chauffante\/#breadcrumb","itemListElement":[{"@type":"ListItem","position":1,"name":"Home","item":"https:\/\/cheri-heater.com\/fr\/"},{"@type":"ListItem","position":2,"name":"Products","item":"https:\/\/cheri-heater.com\/fr\/products\/"},{"@type":"ListItem","position":3,"name":"Chaudi\u00e8re Tubulaire Chauffante"}]},{"@type":"WebSite","@id":"https:\/\/cheri-heater.com\/fr\/#website","url":"https:\/\/cheri-heater.com\/fr\/","name":"Cheri Heater Technology Co.,Ltd.","description":"","publisher":{"@id":"https:\/\/cheri-heater.com\/fr\/#organization"},"potentialAction":[{"@type":"SearchAction","target":{"@type":"EntryPoint","urlTemplate":"https:\/\/cheri-heater.com\/fr\/?s={search_term_string}"},"query-input":{"@type":"PropertyValueSpecification","valueRequired":true,"valueName":"search_term_string"}}],"inLanguage":"en-US"},{"@type":"Organization","@id":"https:\/\/cheri-heater.com\/fr\/#organization","name":"Cheri Heater Technology Co.,Ltd.","url":"https:\/\/cheri-heater.com\/fr\/","logo":{"@type":"ImageObject","inLanguage":"en-US","@id":"https:\/\/cheri-heater.com\/fr\/#\/schema\/logo\/image\/","url":"https:\/\/cheri-heater.com\/fr\/wp-content\/uploads\/2024\/06\/cropped-logo-resize.png","contentUrl":"https:\/\/cheri-heater.com\/fr\/wp-content\/uploads\/2024\/06\/cropped-logo-resize.png","width":346,"height":99,"caption":"Cheri Heater Technology Co.,Ltd."},"image":{"@id":"https:\/\/cheri-heater.com\/fr\/#\/schema\/logo\/image\/"}}]}},"_links":{"self":[{"href":"https:\/\/cheri-heater.com\/fr\/wp-json\/wp\/v2\/product\/1825","targetHints":{"allow":["GET"]}}],"collection":[{"href":"https:\/\/cheri-heater.com\/fr\/wp-json\/wp\/v2\/product"}],"about":[{"href":"https:\/\/cheri-heater.com\/fr\/wp-json\/wp\/v2\/types\/product"}],"wp:featuredmedia":[{"embeddable":true,"href":"https:\/\/cheri-heater.com\/fr\/wp-json\/wp\/v2\/media\/1826"}],"wp:attachment":[{"href":"https:\/\/cheri-heater.com\/fr\/wp-json\/wp\/v2\/media?parent=1825"}],"wp:term":[{"taxonomy":"product_brand","embeddable":true,"href":"https:\/\/cheri-heater.com\/fr\/wp-json\/wp\/v2\/product_brand?post=1825"},{"taxonomy":"product_cat","embeddable":true,"href":"https:\/\/cheri-heater.com\/fr\/wp-json\/wp\/v2\/product_cat?post=1825"},{"taxonomy":"product_tag","embeddable":true,"href":"https:\/\/cheri-heater.com\/fr\/wp-json\/wp\/v2\/product_tag?post=1825"}],"curies":[{"name":"wp","href":"https:\/\/api.w.org\/{rel}","templated":true}]}}