{"id":1827,"date":"2025-05-17T01:54:27","date_gmt":"2025-05-17T01:54:27","guid":{"rendered":"https:\/\/cheri-heater.com\/fr\/?post_type=product&#038;p=1827"},"modified":"2025-05-17T01:54:27","modified_gmt":"2025-05-17T01:54:27","slug":"element-de-chauffage-dair","status":"publish","type":"product","link":"https:\/\/cheri-heater.com\/fr\/product\/element-de-chauffage-dair\/","title":{"rendered":"\u00c9l\u00e9ment De Chauffage D&#8217;air"},"content":{"rendered":"","protected":false},"excerpt":{"rendered":"<h2><span><span class=\"\">Meilleur \u00e9l\u00e9ment de chauffage d&#8217;air<\/span><\/span><\/h2>\n<p><span><span class=\"\">Chez Cheri Heater, nous sommes sp\u00e9cialis\u00e9s dans la fourniture d&#8217;\u00e9l\u00e9ments de chauffage d&#8217;air de qualit\u00e9 sup\u00e9rieure, con\u00e7us pour un chauffage efficace et fiable des syst\u00e8mes d&#8217;air dans une large gamme d&#8217;applications commerciales et industrielles. Nos \u00e9l\u00e9ments de chauffage d&#8217;air sont con\u00e7us pour r\u00e9pondre aux exigences \u00e9lev\u00e9es du chauffage de l&#8217;air dans divers environnements, notamment les syst\u00e8mes CVC, les proc\u00e9d\u00e9s de s\u00e9chage et les syst\u00e8mes de ventilation.<\/span><\/span><\/p>\n<p><span>L&#8217;\u00e9l\u00e9ment chauffant \u00e0 air est con\u00e7u pour un transfert thermique optimal, garantissant un chauffage rapide et efficace avec une consommation d&#8217;\u00e9nergie minimale. Que vous chauffiez l&#8217;air pour des proc\u00e9d\u00e9s industriels ou mainteniez un environnement confortable dans des espaces commerciaux, nos \u00e9l\u00e9ments chauffants \u00e0 air offrent des performances constantes, contribuant ainsi \u00e0 r\u00e9duire les co\u00fbts d&#8217;exploitation tout en am\u00e9liorant l&#8217;efficacit\u00e9 \u00e9nerg\u00e9tique.<\/span><\/p>\n<p><span>Fabriqu\u00e9s \u00e0 partir de mat\u00e9riaux de haute qualit\u00e9, nos \u00e9l\u00e9ments de chauffage d&#8217;air sont con\u00e7us pour durer. R\u00e9sistants \u00e0 la corrosion, ils sont con\u00e7us pour supporter les rigueurs d&#8217;une utilisation industrielle. Disponibles en plusieurs tailles, puissances et configurations, ils s&#8217;adaptent aux besoins de chauffage sp\u00e9cifiques de votre application. Des petites unit\u00e9s commerciales aux syst\u00e8mes industriels de grande envergure, nous proposons la solution id\u00e9ale pour votre projet.<\/span><\/p>\n<p><span>Les \u00e9l\u00e9ments chauffants \u00e0 air Cheri Heater sont faciles \u00e0 installer et \u00e0 entretenir, vous offrant une solution de chauffage simple et durable. Notre \u00e9quipe d&#8217;experts est l\u00e0 pour vous guider dans le choix de l&#8217;\u00e9l\u00e9ment id\u00e9al pour votre syst\u00e8me, garantissant des performances optimales et des \u00e9conomies d&#8217;\u00e9nergie.<\/span><\/p>\n","protected":false},"featured_media":1829,"template":"","meta":[],"product_brand":[],"product_cat":[28],"product_tag":[206],"class_list":{"0":"post-1827","1":"product","2":"type-product","3":"status-publish","4":"has-post-thumbnail","6":"product_cat-tubular-heater","7":"product_tag-element-de-chauffage-dair","9":"first","10":"instock","11":"shipping-taxable","12":"product-type-simple"},"yoast_head":"<!-- This site is optimized with the Yoast SEO plugin v27.3 - https:\/\/yoast.com\/product\/yoast-seo-wordpress\/ -->\n<title>Meilleur \u00e9l\u00e9ment chauffant pour air | Cheri-heater.com<\/title>\n<meta name=\"description\" content=\"Cheri Heater propose des \u00e9l\u00e9ments de chauffage d&#039;air de haute qualit\u00e9, con\u00e7us pour des performances optimales dans les applications CVC, industrielles et commerciales. Nos \u00e9l\u00e9ments \u00e9co\u00e9nerg\u00e9tiques assurent un chauffage rapide et constant tout en r\u00e9duisant les co\u00fbts d&#039;exploitation. Disponibles en diff\u00e9rentes tailles et configurations, ils sont con\u00e7us pour durer et r\u00e9sister aux environnements exigeants. Visitez Cheri Heater pour trouver la solution de chauffage d&#039;air id\u00e9ale pour vos besoins.\" \/>\n<meta name=\"robots\" content=\"index, follow, max-snippet:-1, max-image-preview:large, max-video-preview:-1\" \/>\n<link rel=\"canonical\" href=\"https:\/\/cheri-heater.com\/fr\/product\/element-de-chauffage-dair\/\" \/>\n<meta property=\"og:locale\" content=\"en_US\" \/>\n<meta property=\"og:type\" content=\"article\" \/>\n<meta property=\"og:title\" content=\"Meilleur \u00e9l\u00e9ment chauffant pour air | Cheri-heater.com\" \/>\n<meta property=\"og:description\" content=\"Cheri Heater propose des \u00e9l\u00e9ments de chauffage d&#039;air de haute qualit\u00e9, con\u00e7us pour des performances optimales dans les applications CVC, industrielles et commerciales. Nos \u00e9l\u00e9ments \u00e9co\u00e9nerg\u00e9tiques assurent un chauffage rapide et constant tout en r\u00e9duisant les co\u00fbts d&#039;exploitation. Disponibles en diff\u00e9rentes tailles et configurations, ils sont con\u00e7us pour durer et r\u00e9sister aux environnements exigeants. Visitez Cheri Heater pour trouver la solution de chauffage d&#039;air id\u00e9ale pour vos besoins.\" \/>\n<meta property=\"og:url\" content=\"https:\/\/cheri-heater.com\/fr\/product\/element-de-chauffage-dair\/\" \/>\n<meta property=\"og:site_name\" content=\"Cheri Heater Technology Co.,Ltd.\" \/>\n<meta property=\"og:image\" content=\"https:\/\/cheri-heater.com\/fr\/wp-content\/uploads\/2025\/05\/finned.jpg\" \/>\n\t<meta property=\"og:image:width\" content=\"712\" \/>\n\t<meta property=\"og:image:height\" content=\"506\" \/>\n\t<meta property=\"og:image:type\" content=\"image\/jpeg\" \/>\n<meta name=\"twitter:card\" content=\"summary_large_image\" \/>\n<meta name=\"twitter:label1\" content=\"Est. reading time\" \/>\n\t<meta name=\"twitter:data1\" content=\"1 minute\" \/>\n<!-- \/ Yoast SEO plugin. -->","yoast_head_json":{"title":"Meilleur \u00e9l\u00e9ment chauffant pour air | Cheri-heater.com","description":"Cheri Heater propose des \u00e9l\u00e9ments de chauffage d'air de haute qualit\u00e9, con\u00e7us pour des performances optimales dans les applications CVC, industrielles et commerciales. Nos \u00e9l\u00e9ments \u00e9co\u00e9nerg\u00e9tiques assurent un chauffage rapide et constant tout en r\u00e9duisant les co\u00fbts d'exploitation. Disponibles en diff\u00e9rentes tailles et configurations, ils sont con\u00e7us pour durer et r\u00e9sister aux environnements exigeants. Visitez Cheri Heater pour trouver la solution de chauffage d'air id\u00e9ale pour vos besoins.","robots":{"index":"index","follow":"follow","max-snippet":"max-snippet:-1","max-image-preview":"max-image-preview:large","max-video-preview":"max-video-preview:-1"},"canonical":"https:\/\/cheri-heater.com\/fr\/product\/element-de-chauffage-dair\/","og_locale":"en_US","og_type":"article","og_title":"Meilleur \u00e9l\u00e9ment chauffant pour air | Cheri-heater.com","og_description":"Cheri Heater propose des \u00e9l\u00e9ments de chauffage d'air de haute qualit\u00e9, con\u00e7us pour des performances optimales dans les applications CVC, industrielles et commerciales. Nos \u00e9l\u00e9ments \u00e9co\u00e9nerg\u00e9tiques assurent un chauffage rapide et constant tout en r\u00e9duisant les co\u00fbts d'exploitation. Disponibles en diff\u00e9rentes tailles et configurations, ils sont con\u00e7us pour durer et r\u00e9sister aux environnements exigeants. Visitez Cheri Heater pour trouver la solution de chauffage d'air id\u00e9ale pour vos besoins.","og_url":"https:\/\/cheri-heater.com\/fr\/product\/element-de-chauffage-dair\/","og_site_name":"Cheri Heater Technology Co.,Ltd.","og_image":[{"width":712,"height":506,"url":"https:\/\/cheri-heater.com\/fr\/wp-content\/uploads\/2025\/05\/finned.jpg","type":"image\/jpeg"}],"twitter_card":"summary_large_image","twitter_misc":{"Est. reading time":"1 minute"},"schema":{"@context":"https:\/\/schema.org","@graph":[{"@type":"WebPage","@id":"https:\/\/cheri-heater.com\/fr\/product\/element-de-chauffage-dair\/","url":"https:\/\/cheri-heater.com\/fr\/product\/element-de-chauffage-dair\/","name":"Meilleur \u00e9l\u00e9ment chauffant pour air | Cheri-heater.com","isPartOf":{"@id":"https:\/\/cheri-heater.com\/fr\/#website"},"primaryImageOfPage":{"@id":"https:\/\/cheri-heater.com\/fr\/product\/element-de-chauffage-dair\/#primaryimage"},"image":{"@id":"https:\/\/cheri-heater.com\/fr\/product\/element-de-chauffage-dair\/#primaryimage"},"thumbnailUrl":"https:\/\/cheri-heater.com\/fr\/wp-content\/uploads\/2025\/05\/finned.jpg","datePublished":"2025-05-17T01:54:27+00:00","description":"Cheri Heater propose des \u00e9l\u00e9ments de chauffage d'air de haute qualit\u00e9, con\u00e7us pour des performances optimales dans les applications CVC, industrielles et commerciales. Nos \u00e9l\u00e9ments \u00e9co\u00e9nerg\u00e9tiques assurent un chauffage rapide et constant tout en r\u00e9duisant les co\u00fbts d'exploitation. Disponibles en diff\u00e9rentes tailles et configurations, ils sont con\u00e7us pour durer et r\u00e9sister aux environnements exigeants. Visitez Cheri Heater pour trouver la solution de chauffage d'air id\u00e9ale pour vos besoins.","breadcrumb":{"@id":"https:\/\/cheri-heater.com\/fr\/product\/element-de-chauffage-dair\/#breadcrumb"},"inLanguage":"en-US","potentialAction":[{"@type":"ReadAction","target":["https:\/\/cheri-heater.com\/fr\/product\/element-de-chauffage-dair\/"]}]},{"@type":"ImageObject","inLanguage":"en-US","@id":"https:\/\/cheri-heater.com\/fr\/product\/element-de-chauffage-dair\/#primaryimage","url":"https:\/\/cheri-heater.com\/fr\/wp-content\/uploads\/2025\/05\/finned.jpg","contentUrl":"https:\/\/cheri-heater.com\/fr\/wp-content\/uploads\/2025\/05\/finned.jpg","width":712,"height":506,"caption":"\u00c9l\u00e9ment De Chauffage D'air"},{"@type":"BreadcrumbList","@id":"https:\/\/cheri-heater.com\/fr\/product\/element-de-chauffage-dair\/#breadcrumb","itemListElement":[{"@type":"ListItem","position":1,"name":"Home","item":"https:\/\/cheri-heater.com\/fr\/"},{"@type":"ListItem","position":2,"name":"Products","item":"https:\/\/cheri-heater.com\/fr\/products\/"},{"@type":"ListItem","position":3,"name":"\u00c9l\u00e9ment De Chauffage D&#8217;air"}]},{"@type":"WebSite","@id":"https:\/\/cheri-heater.com\/fr\/#website","url":"https:\/\/cheri-heater.com\/fr\/","name":"Cheri Heater Technology Co.,Ltd.","description":"","publisher":{"@id":"https:\/\/cheri-heater.com\/fr\/#organization"},"potentialAction":[{"@type":"SearchAction","target":{"@type":"EntryPoint","urlTemplate":"https:\/\/cheri-heater.com\/fr\/?s={search_term_string}"},"query-input":{"@type":"PropertyValueSpecification","valueRequired":true,"valueName":"search_term_string"}}],"inLanguage":"en-US"},{"@type":"Organization","@id":"https:\/\/cheri-heater.com\/fr\/#organization","name":"Cheri Heater Technology Co.,Ltd.","url":"https:\/\/cheri-heater.com\/fr\/","logo":{"@type":"ImageObject","inLanguage":"en-US","@id":"https:\/\/cheri-heater.com\/fr\/#\/schema\/logo\/image\/","url":"https:\/\/cheri-heater.com\/fr\/wp-content\/uploads\/2024\/06\/cropped-logo-resize.png","contentUrl":"https:\/\/cheri-heater.com\/fr\/wp-content\/uploads\/2024\/06\/cropped-logo-resize.png","width":346,"height":99,"caption":"Cheri Heater Technology Co.,Ltd."},"image":{"@id":"https:\/\/cheri-heater.com\/fr\/#\/schema\/logo\/image\/"}}]}},"_links":{"self":[{"href":"https:\/\/cheri-heater.com\/fr\/wp-json\/wp\/v2\/product\/1827","targetHints":{"allow":["GET"]}}],"collection":[{"href":"https:\/\/cheri-heater.com\/fr\/wp-json\/wp\/v2\/product"}],"about":[{"href":"https:\/\/cheri-heater.com\/fr\/wp-json\/wp\/v2\/types\/product"}],"wp:featuredmedia":[{"embeddable":true,"href":"https:\/\/cheri-heater.com\/fr\/wp-json\/wp\/v2\/media\/1829"}],"wp:attachment":[{"href":"https:\/\/cheri-heater.com\/fr\/wp-json\/wp\/v2\/media?parent=1827"}],"wp:term":[{"taxonomy":"product_brand","embeddable":true,"href":"https:\/\/cheri-heater.com\/fr\/wp-json\/wp\/v2\/product_brand?post=1827"},{"taxonomy":"product_cat","embeddable":true,"href":"https:\/\/cheri-heater.com\/fr\/wp-json\/wp\/v2\/product_cat?post=1827"},{"taxonomy":"product_tag","embeddable":true,"href":"https:\/\/cheri-heater.com\/fr\/wp-json\/wp\/v2\/product_tag?post=1827"}],"curies":[{"name":"wp","href":"https:\/\/api.w.org\/{rel}","templated":true}]}}