{"id":1830,"date":"2025-05-17T01:57:17","date_gmt":"2025-05-17T01:57:17","guid":{"rendered":"https:\/\/cheri-heater.com\/fr\/?post_type=product&#038;p=1830"},"modified":"2025-05-17T01:57:17","modified_gmt":"2025-05-17T01:57:17","slug":"radiateur-tubulaire-personnalise","status":"publish","type":"product","link":"https:\/\/cheri-heater.com\/fr\/product\/radiateur-tubulaire-personnalise\/","title":{"rendered":"Radiateur Tubulaire Personnalis\u00e9"},"content":{"rendered":"","protected":false},"excerpt":{"rendered":"<h2><b><span><span class=\"\">Meilleur radiateur tubulaire personnalis\u00e9\u00a0<\/span><\/span><\/b><\/h2>\n<p><b><span>Cheri Heater est sp\u00e9cialis\u00e9 dans la fourniture de radiateurs tubulaires sur mesure\u00a0<\/span><\/b><span>de haute qualit\u00e9,\u00a0<\/span><span>adapt\u00e9s aux applications industrielles. Con\u00e7us pour \u00eatre efficaces et durables, nos radiateurs sont fabriqu\u00e9s pour r\u00e9pondre pr\u00e9cis\u00e9ment aux sp\u00e9cifications de vos projets, garantissant des performances optimales dans les environnements exigeants. Que vous ayez besoin d&#8217;une densit\u00e9 de puissance sp\u00e9cifique ou de formes personnalis\u00e9es, nous vous proposons des radiateurs adapt\u00e9s \u00e0 vos exigences techniques.<\/span><\/p>\n<h3><b><span>Applications des radiateurs tubulaires personnalis\u00e9s<\/span><\/b><\/h3>\n<p><b><span>Les radiateurs tubulaires personnalis\u00e9s\u00a0<\/span><\/b><span>de Cheri Heater\u00a0<\/span><span>sont largement reconnus dans de nombreux secteurs pour leur polyvalence et leurs performances. Parmi les applications courantes, on peut citer\u00a0:<\/span><\/p>\n<ul>\n<li aria-level=\"1\"><b><span>Fabrication :\u00a0<\/span><\/b><span>Id\u00e9al pour un chauffage pr\u00e9cis dans les processus d&#8217;extrusion, de moulage par injection et d&#8217;emballage.<\/span><\/li>\n<li aria-level=\"1\"><b><span>Syst\u00e8mes CVC :\u00a0<\/span><\/b><span>parfaits pour les solutions de chauffage de l&#8217;air et des locaux dans les installations commerciales.<\/span><\/li>\n<li aria-level=\"1\"><b><span>Transformation des aliments :\u00a0<\/span><\/b><span>assure un contr\u00f4le constant de la temp\u00e9rature des fours, des friteuses et des \u00e9quipements de s\u00e9chage.<\/span><\/li>\n<li aria-level=\"1\"><b><span>\u00c9quipement m\u00e9dical :\u00a0<\/span><\/b><span>Fournit un chauffage fiable pour les st\u00e9rilisateurs et les appareils de diagnostic.<\/span><\/li>\n<\/ul>\n<p><span>Nos appareils de chauffage sont con\u00e7us pour r\u00e9sister \u00e0 des conditions extr\u00eames, ce qui en fait un choix privil\u00e9gi\u00e9 pour les professionnels \u00e0 la recherche de solutions de chauffage robustes.<\/span><\/p>\n<h3><b><span>Caract\u00e9ristiques sup\u00e9rieures du radiateur tubulaire personnalis\u00e9 de Cheri Heater<\/span><\/b><\/h3>\n<p><b><span>Les radiateurs tubulaires personnalis\u00e9s\u00a0<\/span><\/b><span>de Cheri Heater\u00a0<\/span><span>sont \u00e9quip\u00e9s de fonctionnalit\u00e9s avanc\u00e9es pour r\u00e9pondre \u00e0 vos objectifs op\u00e9rationnels\u00a0:<\/span><\/p>\n<ul>\n<li aria-level=\"1\"><b><span>Options de conception personnalis\u00e9es :\u00a0<\/span><\/b><span>forme, taille et puissance adapt\u00e9es \u00e0 votre application.<\/span><\/li>\n<li aria-level=\"1\"><b><span>R\u00e9sistance \u00e0 la corrosion :\u00a0<\/span><\/b><span>Fabriqu\u00e9 avec des mat\u00e9riaux durables comme l&#8217;acier inoxydable et l&#8217;Incoloy pour r\u00e9sister aux environnements difficiles.<\/span><\/li>\n<li aria-level=\"1\"><b><span>Efficacit\u00e9 \u00e9nerg\u00e9tique :\u00a0<\/span><\/b><span>optimis\u00e9 pour un transfert de chaleur maximal et une consommation d&#8217;\u00e9nergie r\u00e9duite.<\/span><\/li>\n<li aria-level=\"1\"><b><span>Conformit\u00e9 aux normes de s\u00e9curit\u00e9 :\u00a0<\/span><\/b><span>Con\u00e7u pour r\u00e9pondre aux certifications et r\u00e9glementations de s\u00e9curit\u00e9 de l&#8217;industrie.<\/span><\/li>\n<\/ul>\n<p><span>Lorsque vous choisissez Cheri Heater, vous investissez dans une technologie qui offre un chauffage pr\u00e9cis avec une fiabilit\u00e9 \u00e0 long terme.<\/span><\/p>\n<h3><b><span>Pourquoi choisir le radiateur tubulaire personnalis\u00e9 de Cheri Heater ?<\/span><\/b><\/h3>\n<p><span>Pour les entreprises n\u00e9cessitant\u00a0<\/span><b><span>des radiateurs tubulaires personnalis\u00e9s\u00a0<\/span><\/b><span>en gros, Cheri Heater est le partenaire de confiance qui offre qualit\u00e9 et performance. Forts de nombreuses ann\u00e9es d&#8217;exp\u00e9rience au service d&#8217;industries du monde entier, nous priorisons vos besoins op\u00e9rationnels gr\u00e2ce \u00e0 des processus de fabrication efficaces et un accompagnement d\u00e9di\u00e9.<\/span><\/p>\n<h3><b><span>Partenariat avec Cheri Heater pour des radiateurs tubulaires personnalis\u00e9s\u00a0<\/span><\/b><\/h3>\n<p><span>Contactez notre \u00e9quipe d\u00e8s aujourd&#8217;hui pour discuter de vos besoins en chauffage et d\u00e9couvrir comment Cheri Heater peut \u00eatre le partenaire id\u00e9al pour vos solutions de chauffage industriel.<\/span><\/p>\n","protected":false},"featured_media":1831,"template":"","meta":[],"product_brand":[],"product_cat":[28],"product_tag":[207],"class_list":{"0":"post-1830","1":"product","2":"type-product","3":"status-publish","4":"has-post-thumbnail","6":"product_cat-tubular-heater","7":"product_tag-radiateur-tubulaire-personnalise","9":"first","10":"instock","11":"shipping-taxable","12":"product-type-simple"},"yoast_head":"<!-- This site is optimized with the Yoast SEO plugin v27.3 - https:\/\/yoast.com\/product\/yoast-seo-wordpress\/ -->\n<title>Meilleurs fabricants de radiateurs tubulaires personnalis\u00e9s | Cheri-heater.com<\/title>\n<meta name=\"description\" content=\"D\u00e9couvrez des radiateurs tubulaires personnalis\u00e9s de haute qualit\u00e9, propos\u00e9s par les meilleurs fabricants. Efficaces, durables et parfaits pour diverses applications de chauffage industriel.\" \/>\n<meta name=\"robots\" content=\"index, follow, max-snippet:-1, max-image-preview:large, max-video-preview:-1\" \/>\n<link rel=\"canonical\" href=\"https:\/\/cheri-heater.com\/fr\/product\/radiateur-tubulaire-personnalise\/\" \/>\n<meta property=\"og:locale\" content=\"en_US\" \/>\n<meta property=\"og:type\" content=\"article\" \/>\n<meta property=\"og:title\" content=\"Meilleurs fabricants de radiateurs tubulaires personnalis\u00e9s | Cheri-heater.com\" \/>\n<meta property=\"og:description\" content=\"D\u00e9couvrez des radiateurs tubulaires personnalis\u00e9s de haute qualit\u00e9, propos\u00e9s par les meilleurs fabricants. Efficaces, durables et parfaits pour diverses applications de chauffage industriel.\" \/>\n<meta property=\"og:url\" content=\"https:\/\/cheri-heater.com\/fr\/product\/radiateur-tubulaire-personnalise\/\" \/>\n<meta property=\"og:site_name\" content=\"Cheri Heater Technology Co.,Ltd.\" \/>\n<meta property=\"og:image\" content=\"https:\/\/cheri-heater.com\/fr\/wp-content\/uploads\/2025\/05\/steam.jpg\" \/>\n\t<meta property=\"og:image:width\" content=\"320\" \/>\n\t<meta property=\"og:image:height\" content=\"320\" \/>\n\t<meta property=\"og:image:type\" content=\"image\/jpeg\" \/>\n<meta name=\"twitter:card\" content=\"summary_large_image\" \/>\n<meta name=\"twitter:label1\" content=\"Est. reading time\" \/>\n\t<meta name=\"twitter:data1\" content=\"1 minute\" \/>\n<!-- \/ Yoast SEO plugin. -->","yoast_head_json":{"title":"Meilleurs fabricants de radiateurs tubulaires personnalis\u00e9s | Cheri-heater.com","description":"D\u00e9couvrez des radiateurs tubulaires personnalis\u00e9s de haute qualit\u00e9, propos\u00e9s par les meilleurs fabricants. Efficaces, durables et parfaits pour diverses applications de chauffage industriel.","robots":{"index":"index","follow":"follow","max-snippet":"max-snippet:-1","max-image-preview":"max-image-preview:large","max-video-preview":"max-video-preview:-1"},"canonical":"https:\/\/cheri-heater.com\/fr\/product\/radiateur-tubulaire-personnalise\/","og_locale":"en_US","og_type":"article","og_title":"Meilleurs fabricants de radiateurs tubulaires personnalis\u00e9s | Cheri-heater.com","og_description":"D\u00e9couvrez des radiateurs tubulaires personnalis\u00e9s de haute qualit\u00e9, propos\u00e9s par les meilleurs fabricants. Efficaces, durables et parfaits pour diverses applications de chauffage industriel.","og_url":"https:\/\/cheri-heater.com\/fr\/product\/radiateur-tubulaire-personnalise\/","og_site_name":"Cheri Heater Technology Co.,Ltd.","og_image":[{"width":320,"height":320,"url":"https:\/\/cheri-heater.com\/fr\/wp-content\/uploads\/2025\/05\/steam.jpg","type":"image\/jpeg"}],"twitter_card":"summary_large_image","twitter_misc":{"Est. reading time":"1 minute"},"schema":{"@context":"https:\/\/schema.org","@graph":[{"@type":"WebPage","@id":"https:\/\/cheri-heater.com\/fr\/product\/radiateur-tubulaire-personnalise\/","url":"https:\/\/cheri-heater.com\/fr\/product\/radiateur-tubulaire-personnalise\/","name":"Meilleurs fabricants de radiateurs tubulaires personnalis\u00e9s | Cheri-heater.com","isPartOf":{"@id":"https:\/\/cheri-heater.com\/fr\/#website"},"primaryImageOfPage":{"@id":"https:\/\/cheri-heater.com\/fr\/product\/radiateur-tubulaire-personnalise\/#primaryimage"},"image":{"@id":"https:\/\/cheri-heater.com\/fr\/product\/radiateur-tubulaire-personnalise\/#primaryimage"},"thumbnailUrl":"https:\/\/cheri-heater.com\/fr\/wp-content\/uploads\/2025\/05\/steam.jpg","datePublished":"2025-05-17T01:57:17+00:00","description":"D\u00e9couvrez des radiateurs tubulaires personnalis\u00e9s de haute qualit\u00e9, propos\u00e9s par les meilleurs fabricants. Efficaces, durables et parfaits pour diverses applications de chauffage industriel.","breadcrumb":{"@id":"https:\/\/cheri-heater.com\/fr\/product\/radiateur-tubulaire-personnalise\/#breadcrumb"},"inLanguage":"en-US","potentialAction":[{"@type":"ReadAction","target":["https:\/\/cheri-heater.com\/fr\/product\/radiateur-tubulaire-personnalise\/"]}]},{"@type":"ImageObject","inLanguage":"en-US","@id":"https:\/\/cheri-heater.com\/fr\/product\/radiateur-tubulaire-personnalise\/#primaryimage","url":"https:\/\/cheri-heater.com\/fr\/wp-content\/uploads\/2025\/05\/steam.jpg","contentUrl":"https:\/\/cheri-heater.com\/fr\/wp-content\/uploads\/2025\/05\/steam.jpg","width":320,"height":320,"caption":"Radiateur Tubulaire Personnalis\u00e9"},{"@type":"BreadcrumbList","@id":"https:\/\/cheri-heater.com\/fr\/product\/radiateur-tubulaire-personnalise\/#breadcrumb","itemListElement":[{"@type":"ListItem","position":1,"name":"Home","item":"https:\/\/cheri-heater.com\/fr\/"},{"@type":"ListItem","position":2,"name":"Products","item":"https:\/\/cheri-heater.com\/fr\/products\/"},{"@type":"ListItem","position":3,"name":"Radiateur Tubulaire Personnalis\u00e9"}]},{"@type":"WebSite","@id":"https:\/\/cheri-heater.com\/fr\/#website","url":"https:\/\/cheri-heater.com\/fr\/","name":"Cheri Heater Technology Co.,Ltd.","description":"","publisher":{"@id":"https:\/\/cheri-heater.com\/fr\/#organization"},"potentialAction":[{"@type":"SearchAction","target":{"@type":"EntryPoint","urlTemplate":"https:\/\/cheri-heater.com\/fr\/?s={search_term_string}"},"query-input":{"@type":"PropertyValueSpecification","valueRequired":true,"valueName":"search_term_string"}}],"inLanguage":"en-US"},{"@type":"Organization","@id":"https:\/\/cheri-heater.com\/fr\/#organization","name":"Cheri Heater Technology Co.,Ltd.","url":"https:\/\/cheri-heater.com\/fr\/","logo":{"@type":"ImageObject","inLanguage":"en-US","@id":"https:\/\/cheri-heater.com\/fr\/#\/schema\/logo\/image\/","url":"https:\/\/cheri-heater.com\/fr\/wp-content\/uploads\/2024\/06\/cropped-logo-resize.png","contentUrl":"https:\/\/cheri-heater.com\/fr\/wp-content\/uploads\/2024\/06\/cropped-logo-resize.png","width":346,"height":99,"caption":"Cheri Heater Technology Co.,Ltd."},"image":{"@id":"https:\/\/cheri-heater.com\/fr\/#\/schema\/logo\/image\/"}}]}},"_links":{"self":[{"href":"https:\/\/cheri-heater.com\/fr\/wp-json\/wp\/v2\/product\/1830","targetHints":{"allow":["GET"]}}],"collection":[{"href":"https:\/\/cheri-heater.com\/fr\/wp-json\/wp\/v2\/product"}],"about":[{"href":"https:\/\/cheri-heater.com\/fr\/wp-json\/wp\/v2\/types\/product"}],"wp:featuredmedia":[{"embeddable":true,"href":"https:\/\/cheri-heater.com\/fr\/wp-json\/wp\/v2\/media\/1831"}],"wp:attachment":[{"href":"https:\/\/cheri-heater.com\/fr\/wp-json\/wp\/v2\/media?parent=1830"}],"wp:term":[{"taxonomy":"product_brand","embeddable":true,"href":"https:\/\/cheri-heater.com\/fr\/wp-json\/wp\/v2\/product_brand?post=1830"},{"taxonomy":"product_cat","embeddable":true,"href":"https:\/\/cheri-heater.com\/fr\/wp-json\/wp\/v2\/product_cat?post=1830"},{"taxonomy":"product_tag","embeddable":true,"href":"https:\/\/cheri-heater.com\/fr\/wp-json\/wp\/v2\/product_tag?post=1830"}],"curies":[{"name":"wp","href":"https:\/\/api.w.org\/{rel}","templated":true}]}}