{"id":1832,"date":"2025-05-17T02:00:10","date_gmt":"2025-05-17T02:00:10","guid":{"rendered":"https:\/\/cheri-heater.com\/fr\/?post_type=product&#038;p=1832"},"modified":"2025-05-17T02:00:10","modified_gmt":"2025-05-17T02:00:10","slug":"radiateur-tubulaire-electrique","status":"publish","type":"product","link":"https:\/\/cheri-heater.com\/fr\/product\/radiateur-tubulaire-electrique\/","title":{"rendered":"Radiateur Tubulaire \u00c9lectrique"},"content":{"rendered":"","protected":false},"excerpt":{"rendered":"<h2><span><span class=\"\">Radiateur tubulaire \u00e9lectrique de pointe<\/span><\/span><\/h2>\n<p><span>Notre r\u00e9chauffeur tubulaire \u00e9lectrique est l&#8217;un des plus fiables et performants du march\u00e9. Nous le concevons pour r\u00e9pondre \u00e0 une large gamme de besoins industriels. Son proc\u00e9d\u00e9 de transfert thermique est id\u00e9al pour chauffer divers milieux, notamment les solides, les liquides et les gaz.\u00a0\u00a0<\/span><\/p>\n<h3><span>Principales caract\u00e9ristiques de notre radiateur tubulaire \u00e9lectrique<\/span><\/h3>\n<ul>\n<li>\u00a0 \u00a0 \u00a0\u00a0<span>Construction fiable \u2013 Nos radiateurs tubulaires sont fabriqu\u00e9s \u00e0 partir de mati\u00e8res premi\u00e8res de haute qualit\u00e9 con\u00e7ues pour des performances durables.<\/span><\/li>\n<li>\u00a0 \u00a0 \u00a0\u00a0<span>Personnalisation \u2013 Nos radiateurs tubulaires \u00e9lectriques sont disponibles en diff\u00e9rentes longueurs, puissances et diam\u00e8tres. Cela permet de r\u00e9pondre \u00e0 divers besoins d&#8217;applications industrielles.<\/span><\/li>\n<li>\u00a0 \u00a0 \u00a0\u00a0<span>Efficacit\u00e9 maximale \u2013 Il r\u00e9duit les co\u00fbts d\u2019exploitation et la consommation d\u2019\u00e9nergie.<\/span><\/li>\n<\/ul>\n<h3><span>Applications de notre radiateur tubulaire \u00e9lectrique<\/span><\/h3>\n<ul>\n<li>\u00a0 \u00a0 \u00a0\u00a0<span>Machines d&#8217;emballage<\/span><\/li>\n<li>\u00a0 \u00a0 \u00a0\u00a0<span>Protection contre la for\u00eat et le d\u00e9givrage<\/span><\/li>\n<li>\u00a0 \u00a0 \u00a0\u00a0<span>Maintien des temp\u00e9ratures requises dans les tubes<\/span><\/li>\n<li>\u00a0 \u00a0 \u00a0\u00a0<span>machines de transformation des aliments<\/span><\/li>\n<li>\u00a0 \u00a0 \u00a0\u00a0<span>Chauffage des fluides trait\u00e9s dans des cuves et des r\u00e9servoirs<\/span><\/li>\n<\/ul>\n<h3><span>Avantages du radiateur tubulaire \u00e9lectrique<\/span><\/h3>\n<ul>\n<li>\u00a0 \u00a0 \u00a0\u00a0<span>Efficacit\u00e9 du processus \u2013 Un chauffage fiable et constant am\u00e9liore le rendement de fabrication.<\/span><\/li>\n<li>\u00a0 \u00a0 \u00a0\u00a0<span>Qualit\u00e9 am\u00e9lior\u00e9e \u2013 La pr\u00e9cision du contr\u00f4le de la temp\u00e9rature assure une qualit\u00e9 constante du produit.<\/span><\/li>\n<li>\u00a0 \u00a0 \u00a0\u00a0<span>Consommation d\u2019\u00e9nergie minimis\u00e9e \u2013 Il est pr\u00e9f\u00e9rable de minimiser les co\u00fbts op\u00e9rationnels, ce qui conduit \u00e0 une empreinte carbone minimis\u00e9e.<\/span><\/li>\n<li>\u00a0 \u00a0 \u00a0\u00a0<span>Applications diverses \u2013 Id\u00e9al pour les besoins industriels de chauffage au niveau de la masse.<\/span><\/li>\n<\/ul>\n<p><span>Les caract\u00e9ristiques et avantages mentionn\u00e9s ci-dessus font de Cheri l&#8217;un des principaux fabricants de radiateurs tubulaires \u00e9lectriques. Nous privil\u00e9gions la qualit\u00e9 et une livraison rapide. Notre \u00e9quipe interne v\u00e9rifie et assure la qualit\u00e9 de chaque appareil. Nous accordons une grande importance \u00e0 la qualit\u00e9 du service et \u00e0 la ponctualit\u00e9 des livraisons.<\/span><\/p>\n<p><span>Alors, ne cherchez plus\u00a0! Envoyez-nous vos besoins et sp\u00e9cifications. Nous vous fournirons les meilleurs appareils de chauffage pour soutenir votre production de haute qualit\u00e9. Contactez-nous et demandez un devis.<\/span><\/p>\n","protected":false},"featured_media":1833,"template":"","meta":[],"product_brand":[],"product_cat":[28],"product_tag":[208],"class_list":{"0":"post-1832","1":"product","2":"type-product","3":"status-publish","4":"has-post-thumbnail","6":"product_cat-tubular-heater","7":"product_tag-radiateur-tubulaire-electrique","9":"first","10":"instock","11":"shipping-taxable","12":"product-type-simple"},"yoast_head":"<!-- This site is optimized with the Yoast SEO plugin v27.3 - https:\/\/yoast.com\/product\/yoast-seo-wordpress\/ -->\n<title>Fabricant de radiateurs tubulaires \u00e9lectriques de qualit\u00e9 | Cheri-heater.com<\/title>\n<meta name=\"description\" content=\"D\u00e9couvrez l&#039;efficacit\u00e9 des radiateurs tubulaires \u00e9lectriques, pour un chauffage pr\u00e9cis dans diverses applications. Id\u00e9al pour l&#039;industrie.\" \/>\n<meta name=\"robots\" content=\"index, follow, max-snippet:-1, max-image-preview:large, max-video-preview:-1\" \/>\n<link rel=\"canonical\" href=\"https:\/\/cheri-heater.com\/fr\/product\/radiateur-tubulaire-electrique\/\" \/>\n<meta property=\"og:locale\" content=\"en_US\" \/>\n<meta property=\"og:type\" content=\"article\" \/>\n<meta property=\"og:title\" content=\"Fabricant de radiateurs tubulaires \u00e9lectriques de qualit\u00e9 | Cheri-heater.com\" \/>\n<meta property=\"og:description\" content=\"D\u00e9couvrez l&#039;efficacit\u00e9 des radiateurs tubulaires \u00e9lectriques, pour un chauffage pr\u00e9cis dans diverses applications. Id\u00e9al pour l&#039;industrie.\" \/>\n<meta property=\"og:url\" content=\"https:\/\/cheri-heater.com\/fr\/product\/radiateur-tubulaire-electrique\/\" \/>\n<meta property=\"og:site_name\" content=\"Cheri Heater Technology Co.,Ltd.\" \/>\n<meta property=\"og:image\" content=\"https:\/\/cheri-heater.com\/fr\/wp-content\/uploads\/2025\/05\/images-1.jpg\" \/>\n\t<meta property=\"og:image:width\" content=\"256\" \/>\n\t<meta property=\"og:image:height\" content=\"197\" \/>\n\t<meta property=\"og:image:type\" content=\"image\/jpeg\" \/>\n<meta name=\"twitter:card\" content=\"summary_large_image\" \/>\n<meta name=\"twitter:label1\" content=\"Est. reading time\" \/>\n\t<meta name=\"twitter:data1\" content=\"1 minute\" \/>\n<!-- \/ Yoast SEO plugin. -->","yoast_head_json":{"title":"Fabricant de radiateurs tubulaires \u00e9lectriques de qualit\u00e9 | Cheri-heater.com","description":"D\u00e9couvrez l'efficacit\u00e9 des radiateurs tubulaires \u00e9lectriques, pour un chauffage pr\u00e9cis dans diverses applications. Id\u00e9al pour l'industrie.","robots":{"index":"index","follow":"follow","max-snippet":"max-snippet:-1","max-image-preview":"max-image-preview:large","max-video-preview":"max-video-preview:-1"},"canonical":"https:\/\/cheri-heater.com\/fr\/product\/radiateur-tubulaire-electrique\/","og_locale":"en_US","og_type":"article","og_title":"Fabricant de radiateurs tubulaires \u00e9lectriques de qualit\u00e9 | Cheri-heater.com","og_description":"D\u00e9couvrez l'efficacit\u00e9 des radiateurs tubulaires \u00e9lectriques, pour un chauffage pr\u00e9cis dans diverses applications. Id\u00e9al pour l'industrie.","og_url":"https:\/\/cheri-heater.com\/fr\/product\/radiateur-tubulaire-electrique\/","og_site_name":"Cheri Heater Technology Co.,Ltd.","og_image":[{"width":256,"height":197,"url":"https:\/\/cheri-heater.com\/fr\/wp-content\/uploads\/2025\/05\/images-1.jpg","type":"image\/jpeg"}],"twitter_card":"summary_large_image","twitter_misc":{"Est. reading time":"1 minute"},"schema":{"@context":"https:\/\/schema.org","@graph":[{"@type":"WebPage","@id":"https:\/\/cheri-heater.com\/fr\/product\/radiateur-tubulaire-electrique\/","url":"https:\/\/cheri-heater.com\/fr\/product\/radiateur-tubulaire-electrique\/","name":"Fabricant de radiateurs tubulaires \u00e9lectriques de qualit\u00e9 | Cheri-heater.com","isPartOf":{"@id":"https:\/\/cheri-heater.com\/fr\/#website"},"primaryImageOfPage":{"@id":"https:\/\/cheri-heater.com\/fr\/product\/radiateur-tubulaire-electrique\/#primaryimage"},"image":{"@id":"https:\/\/cheri-heater.com\/fr\/product\/radiateur-tubulaire-electrique\/#primaryimage"},"thumbnailUrl":"https:\/\/cheri-heater.com\/fr\/wp-content\/uploads\/2025\/05\/images-1.jpg","datePublished":"2025-05-17T02:00:10+00:00","description":"D\u00e9couvrez l'efficacit\u00e9 des radiateurs tubulaires \u00e9lectriques, pour un chauffage pr\u00e9cis dans diverses applications. Id\u00e9al pour l'industrie.","breadcrumb":{"@id":"https:\/\/cheri-heater.com\/fr\/product\/radiateur-tubulaire-electrique\/#breadcrumb"},"inLanguage":"en-US","potentialAction":[{"@type":"ReadAction","target":["https:\/\/cheri-heater.com\/fr\/product\/radiateur-tubulaire-electrique\/"]}]},{"@type":"ImageObject","inLanguage":"en-US","@id":"https:\/\/cheri-heater.com\/fr\/product\/radiateur-tubulaire-electrique\/#primaryimage","url":"https:\/\/cheri-heater.com\/fr\/wp-content\/uploads\/2025\/05\/images-1.jpg","contentUrl":"https:\/\/cheri-heater.com\/fr\/wp-content\/uploads\/2025\/05\/images-1.jpg","width":256,"height":197,"caption":"Radiateur Tubulaire \u00c9lectrique"},{"@type":"BreadcrumbList","@id":"https:\/\/cheri-heater.com\/fr\/product\/radiateur-tubulaire-electrique\/#breadcrumb","itemListElement":[{"@type":"ListItem","position":1,"name":"Home","item":"https:\/\/cheri-heater.com\/fr\/"},{"@type":"ListItem","position":2,"name":"Products","item":"https:\/\/cheri-heater.com\/fr\/products\/"},{"@type":"ListItem","position":3,"name":"Radiateur Tubulaire \u00c9lectrique"}]},{"@type":"WebSite","@id":"https:\/\/cheri-heater.com\/fr\/#website","url":"https:\/\/cheri-heater.com\/fr\/","name":"Cheri Heater Technology Co.,Ltd.","description":"","publisher":{"@id":"https:\/\/cheri-heater.com\/fr\/#organization"},"potentialAction":[{"@type":"SearchAction","target":{"@type":"EntryPoint","urlTemplate":"https:\/\/cheri-heater.com\/fr\/?s={search_term_string}"},"query-input":{"@type":"PropertyValueSpecification","valueRequired":true,"valueName":"search_term_string"}}],"inLanguage":"en-US"},{"@type":"Organization","@id":"https:\/\/cheri-heater.com\/fr\/#organization","name":"Cheri Heater Technology Co.,Ltd.","url":"https:\/\/cheri-heater.com\/fr\/","logo":{"@type":"ImageObject","inLanguage":"en-US","@id":"https:\/\/cheri-heater.com\/fr\/#\/schema\/logo\/image\/","url":"https:\/\/cheri-heater.com\/fr\/wp-content\/uploads\/2024\/06\/cropped-logo-resize.png","contentUrl":"https:\/\/cheri-heater.com\/fr\/wp-content\/uploads\/2024\/06\/cropped-logo-resize.png","width":346,"height":99,"caption":"Cheri Heater Technology Co.,Ltd."},"image":{"@id":"https:\/\/cheri-heater.com\/fr\/#\/schema\/logo\/image\/"}}]}},"_links":{"self":[{"href":"https:\/\/cheri-heater.com\/fr\/wp-json\/wp\/v2\/product\/1832","targetHints":{"allow":["GET"]}}],"collection":[{"href":"https:\/\/cheri-heater.com\/fr\/wp-json\/wp\/v2\/product"}],"about":[{"href":"https:\/\/cheri-heater.com\/fr\/wp-json\/wp\/v2\/types\/product"}],"wp:featuredmedia":[{"embeddable":true,"href":"https:\/\/cheri-heater.com\/fr\/wp-json\/wp\/v2\/media\/1833"}],"wp:attachment":[{"href":"https:\/\/cheri-heater.com\/fr\/wp-json\/wp\/v2\/media?parent=1832"}],"wp:term":[{"taxonomy":"product_brand","embeddable":true,"href":"https:\/\/cheri-heater.com\/fr\/wp-json\/wp\/v2\/product_brand?post=1832"},{"taxonomy":"product_cat","embeddable":true,"href":"https:\/\/cheri-heater.com\/fr\/wp-json\/wp\/v2\/product_cat?post=1832"},{"taxonomy":"product_tag","embeddable":true,"href":"https:\/\/cheri-heater.com\/fr\/wp-json\/wp\/v2\/product_tag?post=1832"}],"curies":[{"name":"wp","href":"https:\/\/api.w.org\/{rel}","templated":true}]}}