{"id":1834,"date":"2025-05-17T02:05:25","date_gmt":"2025-05-17T02:05:25","guid":{"rendered":"https:\/\/cheri-heater.com\/fr\/?post_type=product&#038;p=1834"},"modified":"2025-05-17T02:05:25","modified_gmt":"2025-05-17T02:05:25","slug":"rechauffeur-tubulaire-a-bride","status":"publish","type":"product","link":"https:\/\/cheri-heater.com\/fr\/product\/rechauffeur-tubulaire-a-bride\/","title":{"rendered":"R\u00e9chauffeur Tubulaire \u00c0 Bride"},"content":{"rendered":"","protected":false},"excerpt":{"rendered":"<h2><span><span class=\"\">Meilleur r\u00e9chauffeur tubulaire \u00e0 bride<\/span><\/span><\/h2>\n<p><span>Le r\u00e9chauffeur tubulaire \u00e0 bride Cheri-heater offre une solution de chauffage pratique et fiable pour diverses applications industrielles. Gr\u00e2ce \u00e0 son montage \u00e0 bride, ce r\u00e9chauffeur simplifie l&#8217;installation et assure une fixation solide \u00e0 votre \u00e9quipement.<\/span><\/p>\n<p><b><span>Caract\u00e9ristiques principales :<\/span><\/b><\/p>\n<ul>\n<li aria-level=\"1\"><b><span>Installation simplifi\u00e9e :\u00a0<\/span><\/b><span>la bride int\u00e9gr\u00e9e permet un montage facile et s\u00e9curis\u00e9 du radiateur dans votre \u00e9quipement, minimisant ainsi le temps et la complexit\u00e9 de l&#8217;installation.<\/span><\/li>\n<li aria-level=\"1\"><b><span>Contr\u00f4le pr\u00e9cis de la temp\u00e9rature :\u00a0<\/span><\/b><span>les radiateurs tubulaires \u00e0 bride Cheri-heater fournissent un chauffage pr\u00e9cis et constant, permettant un contr\u00f4le pr\u00e9cis de la temp\u00e9rature pour vos processus industriels.<\/span><\/li>\n<li aria-level=\"1\"><b><span>Construction durable :\u00a0<\/span><\/b><span>Fabriqu\u00e9s avec des mat\u00e9riaux de haute qualit\u00e9 comme l&#8217;acier inoxydable ou l&#8217;Incoloy, nos radiateurs tubulaires \u00e0 bride offrent une r\u00e9sistance exceptionnelle \u00e0 la corrosion et aux temp\u00e9ratures \u00e9lev\u00e9es, garantissant des performances durables.<\/span><\/li>\n<li aria-level=\"1\"><b><span>Configurations personnalisables :\u00a0<\/span><\/b><span>Propos\u00e9s dans une vari\u00e9t\u00e9 de diam\u00e8tres, de longueurs, de puissances et de mat\u00e9riaux de gaine, les radiateurs tubulaires \u00e0 bride Cheri-heater peuvent \u00eatre personnalis\u00e9s pour r\u00e9pondre aux besoins sp\u00e9cifiques de votre application.<\/span><\/li>\n<li aria-level=\"1\"><b><span>Applications polyvalentes :\u00a0<\/span><\/b><span>les radiateurs tubulaires \u00e0 bride Cheri-heater sont id\u00e9aux pour diverses applications de chauffage industriel, notamment :<\/span>\n<ul>\n<li aria-level=\"2\"><span>Fours et s\u00e9choirs<\/span><\/li>\n<li aria-level=\"2\"><span>\u00c9quipement de traitement chimique<\/span><\/li>\n<li aria-level=\"2\"><span>Syst\u00e8mes de chauffage \u00e0 huile hydraulique<\/span><\/li>\n<li aria-level=\"2\"><span>R\u00e9servoirs de chauffage d&#8217;asphalte<\/span><\/li>\n<li aria-level=\"2\"><span>\u00c9quipement de nettoyage industriel<\/span><\/li>\n<li aria-level=\"2\"><span>Et bien d&#8217;autres encore<\/span><\/li>\n<\/ul>\n<\/li>\n<\/ul>\n<p><b><span>Simplifiez l&#8217;installation, assurez un montage s\u00fbr et obtenez un contr\u00f4le pr\u00e9cis de la temp\u00e9rature avec les radiateurs tubulaires \u00e0 bride Cheri-heater. Contactez nos experts d\u00e8s aujourd&#8217;hui pour discuter de votre projet et obtenir un devis\u00a0!<\/span><\/b><\/p>\n","protected":false},"featured_media":1835,"template":"","meta":[],"product_brand":[],"product_cat":[28],"product_tag":[209],"class_list":{"0":"post-1834","1":"product","2":"type-product","3":"status-publish","4":"has-post-thumbnail","6":"product_cat-tubular-heater","7":"product_tag-rechauffeur-tubulaire-a-bride","9":"first","10":"instock","11":"shipping-taxable","12":"product-type-simple"},"yoast_head":"<!-- This site is optimized with the Yoast SEO plugin v27.3 - https:\/\/yoast.com\/product\/yoast-seo-wordpress\/ -->\n<title>Meilleurs fabricants de radiateurs tubulaires \u00e0 bride | Cheri-heater.com<\/title>\n<meta name=\"description\" content=\"Les meilleurs \u00e9l\u00e9ments chauffants tubulaires \u00e0 bride pour un chauffage industriel fiable et efficace. Nos \u00e9l\u00e9ments chauffants de haute qualit\u00e9 offrent des performances et une durabilit\u00e9 exceptionnelles pour une vari\u00e9t\u00e9 d&#039;applications.\" \/>\n<meta name=\"robots\" content=\"index, follow, max-snippet:-1, max-image-preview:large, max-video-preview:-1\" \/>\n<link rel=\"canonical\" href=\"https:\/\/cheri-heater.com\/fr\/product\/rechauffeur-tubulaire-a-bride\/\" \/>\n<meta property=\"og:locale\" content=\"en_US\" \/>\n<meta property=\"og:type\" content=\"article\" \/>\n<meta property=\"og:title\" content=\"Meilleurs fabricants de radiateurs tubulaires \u00e0 bride | Cheri-heater.com\" \/>\n<meta property=\"og:description\" content=\"Les meilleurs \u00e9l\u00e9ments chauffants tubulaires \u00e0 bride pour un chauffage industriel fiable et efficace. Nos \u00e9l\u00e9ments chauffants de haute qualit\u00e9 offrent des performances et une durabilit\u00e9 exceptionnelles pour une vari\u00e9t\u00e9 d&#039;applications.\" \/>\n<meta property=\"og:url\" content=\"https:\/\/cheri-heater.com\/fr\/product\/rechauffeur-tubulaire-a-bride\/\" \/>\n<meta property=\"og:site_name\" content=\"Cheri Heater Technology Co.,Ltd.\" \/>\n<meta property=\"og:image\" content=\"https:\/\/cheri-heater.com\/fr\/wp-content\/uploads\/2025\/05\/front-1-1.jpg\" \/>\n\t<meta property=\"og:image:width\" content=\"760\" \/>\n\t<meta property=\"og:image:height\" content=\"760\" \/>\n\t<meta property=\"og:image:type\" content=\"image\/jpeg\" \/>\n<meta name=\"twitter:card\" content=\"summary_large_image\" \/>\n<meta name=\"twitter:label1\" content=\"Est. reading time\" \/>\n\t<meta name=\"twitter:data1\" content=\"1 minute\" \/>\n<!-- \/ Yoast SEO plugin. -->","yoast_head_json":{"title":"Meilleurs fabricants de radiateurs tubulaires \u00e0 bride | Cheri-heater.com","description":"Les meilleurs \u00e9l\u00e9ments chauffants tubulaires \u00e0 bride pour un chauffage industriel fiable et efficace. Nos \u00e9l\u00e9ments chauffants de haute qualit\u00e9 offrent des performances et une durabilit\u00e9 exceptionnelles pour une vari\u00e9t\u00e9 d'applications.","robots":{"index":"index","follow":"follow","max-snippet":"max-snippet:-1","max-image-preview":"max-image-preview:large","max-video-preview":"max-video-preview:-1"},"canonical":"https:\/\/cheri-heater.com\/fr\/product\/rechauffeur-tubulaire-a-bride\/","og_locale":"en_US","og_type":"article","og_title":"Meilleurs fabricants de radiateurs tubulaires \u00e0 bride | Cheri-heater.com","og_description":"Les meilleurs \u00e9l\u00e9ments chauffants tubulaires \u00e0 bride pour un chauffage industriel fiable et efficace. Nos \u00e9l\u00e9ments chauffants de haute qualit\u00e9 offrent des performances et une durabilit\u00e9 exceptionnelles pour une vari\u00e9t\u00e9 d'applications.","og_url":"https:\/\/cheri-heater.com\/fr\/product\/rechauffeur-tubulaire-a-bride\/","og_site_name":"Cheri Heater Technology Co.,Ltd.","og_image":[{"width":760,"height":760,"url":"https:\/\/cheri-heater.com\/fr\/wp-content\/uploads\/2025\/05\/front-1-1.jpg","type":"image\/jpeg"}],"twitter_card":"summary_large_image","twitter_misc":{"Est. reading time":"1 minute"},"schema":{"@context":"https:\/\/schema.org","@graph":[{"@type":"WebPage","@id":"https:\/\/cheri-heater.com\/fr\/product\/rechauffeur-tubulaire-a-bride\/","url":"https:\/\/cheri-heater.com\/fr\/product\/rechauffeur-tubulaire-a-bride\/","name":"Meilleurs fabricants de radiateurs tubulaires \u00e0 bride | Cheri-heater.com","isPartOf":{"@id":"https:\/\/cheri-heater.com\/fr\/#website"},"primaryImageOfPage":{"@id":"https:\/\/cheri-heater.com\/fr\/product\/rechauffeur-tubulaire-a-bride\/#primaryimage"},"image":{"@id":"https:\/\/cheri-heater.com\/fr\/product\/rechauffeur-tubulaire-a-bride\/#primaryimage"},"thumbnailUrl":"https:\/\/cheri-heater.com\/fr\/wp-content\/uploads\/2025\/05\/front-1-1.jpg","datePublished":"2025-05-17T02:05:25+00:00","description":"Les meilleurs \u00e9l\u00e9ments chauffants tubulaires \u00e0 bride pour un chauffage industriel fiable et efficace. Nos \u00e9l\u00e9ments chauffants de haute qualit\u00e9 offrent des performances et une durabilit\u00e9 exceptionnelles pour une vari\u00e9t\u00e9 d'applications.","breadcrumb":{"@id":"https:\/\/cheri-heater.com\/fr\/product\/rechauffeur-tubulaire-a-bride\/#breadcrumb"},"inLanguage":"en-US","potentialAction":[{"@type":"ReadAction","target":["https:\/\/cheri-heater.com\/fr\/product\/rechauffeur-tubulaire-a-bride\/"]}]},{"@type":"ImageObject","inLanguage":"en-US","@id":"https:\/\/cheri-heater.com\/fr\/product\/rechauffeur-tubulaire-a-bride\/#primaryimage","url":"https:\/\/cheri-heater.com\/fr\/wp-content\/uploads\/2025\/05\/front-1-1.jpg","contentUrl":"https:\/\/cheri-heater.com\/fr\/wp-content\/uploads\/2025\/05\/front-1-1.jpg","width":760,"height":760,"caption":"R\u00e9chauffeur Tubulaire \u00c0 Bride"},{"@type":"BreadcrumbList","@id":"https:\/\/cheri-heater.com\/fr\/product\/rechauffeur-tubulaire-a-bride\/#breadcrumb","itemListElement":[{"@type":"ListItem","position":1,"name":"Home","item":"https:\/\/cheri-heater.com\/fr\/"},{"@type":"ListItem","position":2,"name":"Products","item":"https:\/\/cheri-heater.com\/fr\/products\/"},{"@type":"ListItem","position":3,"name":"R\u00e9chauffeur Tubulaire \u00c0 Bride"}]},{"@type":"WebSite","@id":"https:\/\/cheri-heater.com\/fr\/#website","url":"https:\/\/cheri-heater.com\/fr\/","name":"Cheri Heater Technology Co.,Ltd.","description":"","publisher":{"@id":"https:\/\/cheri-heater.com\/fr\/#organization"},"potentialAction":[{"@type":"SearchAction","target":{"@type":"EntryPoint","urlTemplate":"https:\/\/cheri-heater.com\/fr\/?s={search_term_string}"},"query-input":{"@type":"PropertyValueSpecification","valueRequired":true,"valueName":"search_term_string"}}],"inLanguage":"en-US"},{"@type":"Organization","@id":"https:\/\/cheri-heater.com\/fr\/#organization","name":"Cheri Heater Technology Co.,Ltd.","url":"https:\/\/cheri-heater.com\/fr\/","logo":{"@type":"ImageObject","inLanguage":"en-US","@id":"https:\/\/cheri-heater.com\/fr\/#\/schema\/logo\/image\/","url":"https:\/\/cheri-heater.com\/fr\/wp-content\/uploads\/2024\/06\/cropped-logo-resize.png","contentUrl":"https:\/\/cheri-heater.com\/fr\/wp-content\/uploads\/2024\/06\/cropped-logo-resize.png","width":346,"height":99,"caption":"Cheri Heater Technology Co.,Ltd."},"image":{"@id":"https:\/\/cheri-heater.com\/fr\/#\/schema\/logo\/image\/"}}]}},"_links":{"self":[{"href":"https:\/\/cheri-heater.com\/fr\/wp-json\/wp\/v2\/product\/1834","targetHints":{"allow":["GET"]}}],"collection":[{"href":"https:\/\/cheri-heater.com\/fr\/wp-json\/wp\/v2\/product"}],"about":[{"href":"https:\/\/cheri-heater.com\/fr\/wp-json\/wp\/v2\/types\/product"}],"wp:featuredmedia":[{"embeddable":true,"href":"https:\/\/cheri-heater.com\/fr\/wp-json\/wp\/v2\/media\/1835"}],"wp:attachment":[{"href":"https:\/\/cheri-heater.com\/fr\/wp-json\/wp\/v2\/media?parent=1834"}],"wp:term":[{"taxonomy":"product_brand","embeddable":true,"href":"https:\/\/cheri-heater.com\/fr\/wp-json\/wp\/v2\/product_brand?post=1834"},{"taxonomy":"product_cat","embeddable":true,"href":"https:\/\/cheri-heater.com\/fr\/wp-json\/wp\/v2\/product_cat?post=1834"},{"taxonomy":"product_tag","embeddable":true,"href":"https:\/\/cheri-heater.com\/fr\/wp-json\/wp\/v2\/product_tag?post=1834"}],"curies":[{"name":"wp","href":"https:\/\/api.w.org\/{rel}","templated":true}]}}