{"id":1840,"date":"2025-05-17T02:11:07","date_gmt":"2025-05-17T02:11:07","guid":{"rendered":"https:\/\/cheri-heater.com\/fr\/?post_type=product&#038;p=1840"},"modified":"2025-05-17T02:11:07","modified_gmt":"2025-05-17T02:11:07","slug":"thermoplongeur-a-bride","status":"publish","type":"product","link":"https:\/\/cheri-heater.com\/fr\/product\/thermoplongeur-a-bride\/","title":{"rendered":"Thermoplongeur \u00c0 Bride"},"content":{"rendered":"","protected":false},"excerpt":{"rendered":"<h2><b><span><span class=\"\">Fabricants fiables de thermoplongeurs \u00e0 bride<\/span><\/span><\/b><\/h2>\n<p><b><span>Le thermoplongeur \u00e0 bride\u00a0<\/span><\/b><span>Cheri Heater\u00a0<\/span><span>offre des solutions de pr\u00e9cision pour les besoins de chauffage industriel. Con\u00e7u pour durer et offrir des performances \u00e9lev\u00e9es, ce thermoplongeur est id\u00e9al pour les applications n\u00e9cessitant une chaleur contr\u00f4l\u00e9e dans les r\u00e9servoirs, les cuves ou les cuves sous pression. Gr\u00e2ce \u00e0 sa conception robuste \u00e0 bride, il assure un transfert de chaleur exceptionnel tout en garantissant s\u00e9curit\u00e9 et fiabilit\u00e9 dans les environnements difficiles.<\/span><\/p>\n<h3><b><span>Pourquoi choisir le thermoplongeur \u00e0 bride Cheri Heater ?<\/span><\/b><\/h3>\n<p><span>En mati\u00e8re de chauffage industriel, le\u00a0<\/span><b><span>thermoplongeur \u00e0 bride\u00a0<\/span><\/b><span>de Cheri Heater se distingue par sa polyvalence et son efficacit\u00e9. Ses principales caract\u00e9ristiques sont les suivantes\u00a0:<\/span><\/p>\n<ul>\n<li aria-level=\"1\"><b><span>Options personnalisables :\u00a0<\/span><\/b><span>Personnalisez votre appareil de chauffage avec une gamme de tailles de brides, de mat\u00e9riaux et de densit\u00e9s de puissance adapt\u00e9es \u00e0 votre application sp\u00e9cifique.<\/span><\/li>\n<li aria-level=\"1\"><b><span>Mat\u00e9riaux de qualit\u00e9 sup\u00e9rieure :\u00a0<\/span><\/b><span>Construit avec des \u00e9l\u00e9ments en acier inoxydable ou en Incoloy, garantissant une r\u00e9sistance \u00e0 la corrosion et une dur\u00e9e de vie prolong\u00e9e.<\/span><\/li>\n<li aria-level=\"1\"><b><span>Contr\u00f4le de pr\u00e9cision :\u00a0<\/span><\/b><span>compatible avec les thermocouples et les thermostats pour une gestion pr\u00e9cise de la temp\u00e9rature, minimisant le gaspillage d&#8217;\u00e9nergie.<\/span><\/li>\n<\/ul>\n<h3><b><span>Applications du thermoplongeur \u00e0 bride Cheri Heater<\/span><\/b><\/h3>\n<p><b><span>Le thermoplongeur \u00e0 bride\u00a0<\/span><\/b><span>de Cheri Heater\u00a0<\/span><span>est le choix id\u00e9al pour une vari\u00e9t\u00e9 d&#8217;industries, notamment :<\/span><\/p>\n<h3><b><span>1. P\u00e9trole et gaz<\/span><\/b><\/h3>\n<p><span>Chauffez efficacement les fluides, les lubrifiants et les mat\u00e9riaux visqueux dans les installations offshore et onshore.<\/span><\/p>\n<h3><b><span>2. Traitement chimique<\/span><\/b><\/h3>\n<p><span>Maintenez des temp\u00e9ratures pr\u00e9cises pour les r\u00e9actions chimiques ou le m\u00e9lange de mat\u00e9riaux sans compromettre la s\u00e9curit\u00e9.<\/span><\/p>\n<h3><b><span>3. Nourriture et boissons<\/span><\/b><\/h3>\n<p><span>Assurez la coh\u00e9rence du traitement des liquides, tels que les sirops, les huiles ou les produits laitiers, avec des options de personnalisation de qualit\u00e9 alimentaire.<\/span><\/p>\n<h3><b><span>4. Traitement de l&#8217;eau<\/span><\/b><\/h3>\n<p><span>Optimiser le chauffage des syst\u00e8mes de traitement de l&#8217;eau ou des eaux us\u00e9es dans les installations industrielles.<\/span><\/p>\n<h3><b><span>5. Syst\u00e8mes CVC<\/span><\/b><\/h3>\n<p><span>Fournit un chauffage d&#8217;appoint pour les syst\u00e8mes CVC \u00e0 grande \u00e9chelle, garantissant une r\u00e9gulation de temp\u00e9rature \u00e9conome en \u00e9nergie.<\/span><\/p>\n<h3><b><span>Pourquoi Cheri Heater pour un thermoplongeur \u00e0 bride ?<\/span><\/b><\/h3>\n<p><span>Cheri Heater b\u00e9n\u00e9ficie de plusieurs d\u00e9cennies d&#8217;expertise dans la fabrication de thermoplongeurs haute performance adapt\u00e9s aux besoins industriels. Chaque\u00a0<\/span><b><span>thermoplongeur \u00e0 bride\u00a0<\/span><\/b><span>est rigoureusement test\u00e9 pour r\u00e9pondre aux normes internationales, garantissant fiabilit\u00e9 et performances optimales dans des conditions exigeantes.<\/span><\/p>\n<p><span>Investissez dans le meilleur avec\u00a0<\/span><b><span>le thermoplongeur \u00e0 bride de Cheri Heater\u00a0<\/span><\/b><span>et d\u00e9couvrez le m\u00e9lange parfait d&#8217;innovation, de qualit\u00e9 et d&#8217;efficacit\u00e9 pour votre entreprise.<\/span><\/p>\n","protected":false},"featured_media":1841,"template":"","meta":[],"product_brand":[],"product_cat":[28],"product_tag":[210],"class_list":{"0":"post-1840","1":"product","2":"type-product","3":"status-publish","4":"has-post-thumbnail","6":"product_cat-tubular-heater","7":"product_tag-thermoplongeur-a-bride","9":"first","10":"instock","11":"shipping-taxable","12":"product-type-simple"},"yoast_head":"<!-- This site is optimized with the Yoast SEO plugin v27.3 - https:\/\/yoast.com\/product\/yoast-seo-wordpress\/ -->\n<title>Fabricants de thermoplongeurs \u00e0 bride | Cheri-heater.com<\/title>\n<meta name=\"description\" content=\"D\u00e9couvrez des fabricants fiables de thermoplongeurs \u00e0 brides offrant des solutions durables et efficaces pour le chauffage industriel et le contr\u00f4le de la temp\u00e9rature des fluides.\" \/>\n<meta name=\"robots\" content=\"index, follow, max-snippet:-1, max-image-preview:large, max-video-preview:-1\" \/>\n<link rel=\"canonical\" href=\"https:\/\/cheri-heater.com\/fr\/product\/thermoplongeur-a-bride\/\" \/>\n<meta property=\"og:locale\" content=\"en_US\" \/>\n<meta property=\"og:type\" content=\"article\" \/>\n<meta property=\"og:title\" content=\"Fabricants de thermoplongeurs \u00e0 bride | Cheri-heater.com\" \/>\n<meta property=\"og:description\" content=\"D\u00e9couvrez des fabricants fiables de thermoplongeurs \u00e0 brides offrant des solutions durables et efficaces pour le chauffage industriel et le contr\u00f4le de la temp\u00e9rature des fluides.\" \/>\n<meta property=\"og:url\" content=\"https:\/\/cheri-heater.com\/fr\/product\/thermoplongeur-a-bride\/\" \/>\n<meta property=\"og:site_name\" content=\"Cheri Heater Technology Co.,Ltd.\" \/>\n<meta property=\"og:image\" content=\"https:\/\/cheri-heater.com\/fr\/wp-content\/uploads\/2025\/05\/82d18ff1-6f1a-4a6b-9ddd-f781f22bb445-1.jpg\" \/>\n\t<meta property=\"og:image:width\" content=\"1000\" \/>\n\t<meta property=\"og:image:height\" content=\"1000\" \/>\n\t<meta property=\"og:image:type\" content=\"image\/jpeg\" \/>\n<meta name=\"twitter:card\" content=\"summary_large_image\" \/>\n<meta name=\"twitter:label1\" content=\"Est. reading time\" \/>\n\t<meta name=\"twitter:data1\" content=\"1 minute\" \/>\n<!-- \/ Yoast SEO plugin. -->","yoast_head_json":{"title":"Fabricants de thermoplongeurs \u00e0 bride | Cheri-heater.com","description":"D\u00e9couvrez des fabricants fiables de thermoplongeurs \u00e0 brides offrant des solutions durables et efficaces pour le chauffage industriel et le contr\u00f4le de la temp\u00e9rature des fluides.","robots":{"index":"index","follow":"follow","max-snippet":"max-snippet:-1","max-image-preview":"max-image-preview:large","max-video-preview":"max-video-preview:-1"},"canonical":"https:\/\/cheri-heater.com\/fr\/product\/thermoplongeur-a-bride\/","og_locale":"en_US","og_type":"article","og_title":"Fabricants de thermoplongeurs \u00e0 bride | Cheri-heater.com","og_description":"D\u00e9couvrez des fabricants fiables de thermoplongeurs \u00e0 brides offrant des solutions durables et efficaces pour le chauffage industriel et le contr\u00f4le de la temp\u00e9rature des fluides.","og_url":"https:\/\/cheri-heater.com\/fr\/product\/thermoplongeur-a-bride\/","og_site_name":"Cheri Heater Technology Co.,Ltd.","og_image":[{"width":1000,"height":1000,"url":"https:\/\/cheri-heater.com\/fr\/wp-content\/uploads\/2025\/05\/82d18ff1-6f1a-4a6b-9ddd-f781f22bb445-1.jpg","type":"image\/jpeg"}],"twitter_card":"summary_large_image","twitter_misc":{"Est. reading time":"1 minute"},"schema":{"@context":"https:\/\/schema.org","@graph":[{"@type":"WebPage","@id":"https:\/\/cheri-heater.com\/fr\/product\/thermoplongeur-a-bride\/","url":"https:\/\/cheri-heater.com\/fr\/product\/thermoplongeur-a-bride\/","name":"Fabricants de thermoplongeurs \u00e0 bride | Cheri-heater.com","isPartOf":{"@id":"https:\/\/cheri-heater.com\/fr\/#website"},"primaryImageOfPage":{"@id":"https:\/\/cheri-heater.com\/fr\/product\/thermoplongeur-a-bride\/#primaryimage"},"image":{"@id":"https:\/\/cheri-heater.com\/fr\/product\/thermoplongeur-a-bride\/#primaryimage"},"thumbnailUrl":"https:\/\/cheri-heater.com\/fr\/wp-content\/uploads\/2025\/05\/82d18ff1-6f1a-4a6b-9ddd-f781f22bb445-1.jpg","datePublished":"2025-05-17T02:11:07+00:00","description":"D\u00e9couvrez des fabricants fiables de thermoplongeurs \u00e0 brides offrant des solutions durables et efficaces pour le chauffage industriel et le contr\u00f4le de la temp\u00e9rature des fluides.","breadcrumb":{"@id":"https:\/\/cheri-heater.com\/fr\/product\/thermoplongeur-a-bride\/#breadcrumb"},"inLanguage":"en-US","potentialAction":[{"@type":"ReadAction","target":["https:\/\/cheri-heater.com\/fr\/product\/thermoplongeur-a-bride\/"]}]},{"@type":"ImageObject","inLanguage":"en-US","@id":"https:\/\/cheri-heater.com\/fr\/product\/thermoplongeur-a-bride\/#primaryimage","url":"https:\/\/cheri-heater.com\/fr\/wp-content\/uploads\/2025\/05\/82d18ff1-6f1a-4a6b-9ddd-f781f22bb445-1.jpg","contentUrl":"https:\/\/cheri-heater.com\/fr\/wp-content\/uploads\/2025\/05\/82d18ff1-6f1a-4a6b-9ddd-f781f22bb445-1.jpg","width":1000,"height":1000,"caption":"Thermoplongeur \u00c0 Bride"},{"@type":"BreadcrumbList","@id":"https:\/\/cheri-heater.com\/fr\/product\/thermoplongeur-a-bride\/#breadcrumb","itemListElement":[{"@type":"ListItem","position":1,"name":"Home","item":"https:\/\/cheri-heater.com\/fr\/"},{"@type":"ListItem","position":2,"name":"Products","item":"https:\/\/cheri-heater.com\/fr\/products\/"},{"@type":"ListItem","position":3,"name":"Thermoplongeur \u00c0 Bride"}]},{"@type":"WebSite","@id":"https:\/\/cheri-heater.com\/fr\/#website","url":"https:\/\/cheri-heater.com\/fr\/","name":"Cheri Heater Technology Co.,Ltd.","description":"","publisher":{"@id":"https:\/\/cheri-heater.com\/fr\/#organization"},"potentialAction":[{"@type":"SearchAction","target":{"@type":"EntryPoint","urlTemplate":"https:\/\/cheri-heater.com\/fr\/?s={search_term_string}"},"query-input":{"@type":"PropertyValueSpecification","valueRequired":true,"valueName":"search_term_string"}}],"inLanguage":"en-US"},{"@type":"Organization","@id":"https:\/\/cheri-heater.com\/fr\/#organization","name":"Cheri Heater Technology Co.,Ltd.","url":"https:\/\/cheri-heater.com\/fr\/","logo":{"@type":"ImageObject","inLanguage":"en-US","@id":"https:\/\/cheri-heater.com\/fr\/#\/schema\/logo\/image\/","url":"https:\/\/cheri-heater.com\/fr\/wp-content\/uploads\/2024\/06\/cropped-logo-resize.png","contentUrl":"https:\/\/cheri-heater.com\/fr\/wp-content\/uploads\/2024\/06\/cropped-logo-resize.png","width":346,"height":99,"caption":"Cheri Heater Technology Co.,Ltd."},"image":{"@id":"https:\/\/cheri-heater.com\/fr\/#\/schema\/logo\/image\/"}}]}},"_links":{"self":[{"href":"https:\/\/cheri-heater.com\/fr\/wp-json\/wp\/v2\/product\/1840","targetHints":{"allow":["GET"]}}],"collection":[{"href":"https:\/\/cheri-heater.com\/fr\/wp-json\/wp\/v2\/product"}],"about":[{"href":"https:\/\/cheri-heater.com\/fr\/wp-json\/wp\/v2\/types\/product"}],"wp:featuredmedia":[{"embeddable":true,"href":"https:\/\/cheri-heater.com\/fr\/wp-json\/wp\/v2\/media\/1841"}],"wp:attachment":[{"href":"https:\/\/cheri-heater.com\/fr\/wp-json\/wp\/v2\/media?parent=1840"}],"wp:term":[{"taxonomy":"product_brand","embeddable":true,"href":"https:\/\/cheri-heater.com\/fr\/wp-json\/wp\/v2\/product_brand?post=1840"},{"taxonomy":"product_cat","embeddable":true,"href":"https:\/\/cheri-heater.com\/fr\/wp-json\/wp\/v2\/product_cat?post=1840"},{"taxonomy":"product_tag","embeddable":true,"href":"https:\/\/cheri-heater.com\/fr\/wp-json\/wp\/v2\/product_tag?post=1840"}],"curies":[{"name":"wp","href":"https:\/\/api.w.org\/{rel}","templated":true}]}}