{"id":1842,"date":"2025-05-17T02:14:02","date_gmt":"2025-05-17T02:14:02","guid":{"rendered":"https:\/\/cheri-heater.com\/fr\/?post_type=product&#038;p=1842"},"modified":"2025-05-17T02:14:02","modified_gmt":"2025-05-17T02:14:02","slug":"rechauffeur-tubulaire-a-air-chaud","status":"publish","type":"product","link":"https:\/\/cheri-heater.com\/fr\/product\/rechauffeur-tubulaire-a-air-chaud\/","title":{"rendered":"R\u00e9chauffeur Tubulaire \u00c0 Air Chaud"},"content":{"rendered":"","protected":false},"excerpt":{"rendered":"<h2><strong><span><span class=\"\">Chauffage tubulaire \u00e0 air chaud de haute qualit\u00e9<\/span><\/span><\/strong><\/h2>\n<p><span><span class=\"\">Chez Cheri Heater, nous proposons des radiateurs tubulaires \u00e0 air chaud haute performance con\u00e7us pour r\u00e9pondre aux besoins de chauffage de diverses applications industrielles et commerciales. Ces radiateurs sont id\u00e9aux pour chauffer efficacement l&#8217;air dans des environnements tels que les chambres de s\u00e9chage, les centrales de traitement d&#8217;air et les syst\u00e8mes de chauffage de proc\u00e9d\u00e9s industriels.<\/span><\/span><\/p>\n<p><span>Nos radiateurs tubulaires \u00e0 air chaud sont robustes et durables, garantissant des performances durables, m\u00eame dans les environnements les plus exigeants. Fabriqu\u00e9s avec des mat\u00e9riaux de haute qualit\u00e9 et une ing\u00e9nierie de pointe, ils sont con\u00e7us pour r\u00e9sister aux temp\u00e9ratures \u00e9lev\u00e9es et aux conditions difficiles, offrant une chaleur fiable et constante.<\/span><\/p>\n<p><span>La conception tubulaire de nos radiateurs permet une circulation d&#8217;air optimale et une distribution uniforme de la chaleur, garantissant un chauffage efficace sur de grandes surfaces. Les \u00e9l\u00e9ments chauffants sont con\u00e7us avec pr\u00e9cision pour offrir une efficacit\u00e9 thermique \u00e9lev\u00e9e, contribuant ainsi \u00e0 r\u00e9duire la consommation d&#8217;\u00e9nergie tout en fournissant une chaleur efficace. Que vous souhaitiez s\u00e9cher des mat\u00e9riaux dans une usine, maintenir la temp\u00e9rature de grands espaces ou chauffer des proc\u00e9d\u00e9s industriels sp\u00e9cialis\u00e9s, nos radiateurs tubulaires \u00e0 air chaud constituent la solution id\u00e9ale.<\/span><\/p>\n<p><span>Les radiateurs tubulaires \u00e0 air chaud Cheri Heater sont disponibles en diff\u00e9rentes tailles, puissances et configurations pour r\u00e9pondre \u00e0 un large \u00e9ventail d&#8217;applications. Nous proposons des options de personnalisation pour r\u00e9pondre parfaitement \u00e0 vos besoins sp\u00e9cifiques et vous garantir la solution de chauffage la plus efficace et la plus fiable pour votre entreprise.<\/span><\/p>\n","protected":false},"featured_media":1843,"template":"","meta":[],"product_brand":[],"product_cat":[28],"product_tag":[211],"class_list":{"0":"post-1842","1":"product","2":"type-product","3":"status-publish","4":"has-post-thumbnail","6":"product_cat-tubular-heater","7":"product_tag-rechauffeur-tubulaire-a-air-chaud","9":"first","10":"instock","11":"shipping-taxable","12":"product-type-simple"},"yoast_head":"<!-- This site is optimized with the Yoast SEO plugin v27.3 - https:\/\/yoast.com\/product\/yoast-seo-wordpress\/ -->\n<title>Chauffage tubulaire \u00e0 air chaud de haute qualit\u00e9 | Cheri-heater.com<\/title>\n<meta name=\"description\" content=\"Cheri Heater propose des radiateurs tubulaires \u00e0 air chaud de haute qualit\u00e9, con\u00e7us pour un transfert de chaleur optimal et une efficacit\u00e9 \u00e9nerg\u00e9tique optimale dans les applications de chauffage de l&#039;air industriel et commercial. Id\u00e9als pour le s\u00e9chage, le traitement de l&#039;air et le chauffage industriel, ces radiateurs durables offrent des performances constantes et une distribution de chaleur fiable. Disponibles en tailles et configurations personnalisables, ils sont con\u00e7us pour r\u00e9pondre aux besoins exigeants de votre entreprise. Visitez Cheri Heater pour d\u00e9couvrir les meilleures solutions de chauffage \u00e9co\u00e9nerg\u00e9tiques.\" \/>\n<meta name=\"robots\" content=\"index, follow, max-snippet:-1, max-image-preview:large, max-video-preview:-1\" \/>\n<link rel=\"canonical\" href=\"https:\/\/cheri-heater.com\/fr\/product\/rechauffeur-tubulaire-a-air-chaud\/\" \/>\n<meta property=\"og:locale\" content=\"en_US\" \/>\n<meta property=\"og:type\" content=\"article\" \/>\n<meta property=\"og:title\" content=\"Chauffage tubulaire \u00e0 air chaud de haute qualit\u00e9 | Cheri-heater.com\" \/>\n<meta property=\"og:description\" content=\"Cheri Heater propose des radiateurs tubulaires \u00e0 air chaud de haute qualit\u00e9, con\u00e7us pour un transfert de chaleur optimal et une efficacit\u00e9 \u00e9nerg\u00e9tique optimale dans les applications de chauffage de l&#039;air industriel et commercial. Id\u00e9als pour le s\u00e9chage, le traitement de l&#039;air et le chauffage industriel, ces radiateurs durables offrent des performances constantes et une distribution de chaleur fiable. Disponibles en tailles et configurations personnalisables, ils sont con\u00e7us pour r\u00e9pondre aux besoins exigeants de votre entreprise. Visitez Cheri Heater pour d\u00e9couvrir les meilleures solutions de chauffage \u00e9co\u00e9nerg\u00e9tiques.\" \/>\n<meta property=\"og:url\" content=\"https:\/\/cheri-heater.com\/fr\/product\/rechauffeur-tubulaire-a-air-chaud\/\" \/>\n<meta property=\"og:site_name\" content=\"Cheri Heater Technology Co.,Ltd.\" \/>\n<meta property=\"og:image\" content=\"https:\/\/cheri-heater.com\/fr\/wp-content\/uploads\/2025\/05\/i-15.jpg\" \/>\n\t<meta property=\"og:image:width\" content=\"320\" \/>\n\t<meta property=\"og:image:height\" content=\"320\" \/>\n\t<meta property=\"og:image:type\" content=\"image\/jpeg\" \/>\n<meta name=\"twitter:card\" content=\"summary_large_image\" \/>\n<meta name=\"twitter:label1\" content=\"Est. reading time\" \/>\n\t<meta name=\"twitter:data1\" content=\"1 minute\" \/>\n<!-- \/ Yoast SEO plugin. -->","yoast_head_json":{"title":"Chauffage tubulaire \u00e0 air chaud de haute qualit\u00e9 | Cheri-heater.com","description":"Cheri Heater propose des radiateurs tubulaires \u00e0 air chaud de haute qualit\u00e9, con\u00e7us pour un transfert de chaleur optimal et une efficacit\u00e9 \u00e9nerg\u00e9tique optimale dans les applications de chauffage de l'air industriel et commercial. Id\u00e9als pour le s\u00e9chage, le traitement de l'air et le chauffage industriel, ces radiateurs durables offrent des performances constantes et une distribution de chaleur fiable. Disponibles en tailles et configurations personnalisables, ils sont con\u00e7us pour r\u00e9pondre aux besoins exigeants de votre entreprise. Visitez Cheri Heater pour d\u00e9couvrir les meilleures solutions de chauffage \u00e9co\u00e9nerg\u00e9tiques.","robots":{"index":"index","follow":"follow","max-snippet":"max-snippet:-1","max-image-preview":"max-image-preview:large","max-video-preview":"max-video-preview:-1"},"canonical":"https:\/\/cheri-heater.com\/fr\/product\/rechauffeur-tubulaire-a-air-chaud\/","og_locale":"en_US","og_type":"article","og_title":"Chauffage tubulaire \u00e0 air chaud de haute qualit\u00e9 | Cheri-heater.com","og_description":"Cheri Heater propose des radiateurs tubulaires \u00e0 air chaud de haute qualit\u00e9, con\u00e7us pour un transfert de chaleur optimal et une efficacit\u00e9 \u00e9nerg\u00e9tique optimale dans les applications de chauffage de l'air industriel et commercial. Id\u00e9als pour le s\u00e9chage, le traitement de l'air et le chauffage industriel, ces radiateurs durables offrent des performances constantes et une distribution de chaleur fiable. Disponibles en tailles et configurations personnalisables, ils sont con\u00e7us pour r\u00e9pondre aux besoins exigeants de votre entreprise. Visitez Cheri Heater pour d\u00e9couvrir les meilleures solutions de chauffage \u00e9co\u00e9nerg\u00e9tiques.","og_url":"https:\/\/cheri-heater.com\/fr\/product\/rechauffeur-tubulaire-a-air-chaud\/","og_site_name":"Cheri Heater Technology Co.,Ltd.","og_image":[{"width":320,"height":320,"url":"https:\/\/cheri-heater.com\/fr\/wp-content\/uploads\/2025\/05\/i-15.jpg","type":"image\/jpeg"}],"twitter_card":"summary_large_image","twitter_misc":{"Est. reading time":"1 minute"},"schema":{"@context":"https:\/\/schema.org","@graph":[{"@type":"WebPage","@id":"https:\/\/cheri-heater.com\/fr\/product\/rechauffeur-tubulaire-a-air-chaud\/","url":"https:\/\/cheri-heater.com\/fr\/product\/rechauffeur-tubulaire-a-air-chaud\/","name":"Chauffage tubulaire \u00e0 air chaud de haute qualit\u00e9 | Cheri-heater.com","isPartOf":{"@id":"https:\/\/cheri-heater.com\/fr\/#website"},"primaryImageOfPage":{"@id":"https:\/\/cheri-heater.com\/fr\/product\/rechauffeur-tubulaire-a-air-chaud\/#primaryimage"},"image":{"@id":"https:\/\/cheri-heater.com\/fr\/product\/rechauffeur-tubulaire-a-air-chaud\/#primaryimage"},"thumbnailUrl":"https:\/\/cheri-heater.com\/fr\/wp-content\/uploads\/2025\/05\/i-15.jpg","datePublished":"2025-05-17T02:14:02+00:00","description":"Cheri Heater propose des radiateurs tubulaires \u00e0 air chaud de haute qualit\u00e9, con\u00e7us pour un transfert de chaleur optimal et une efficacit\u00e9 \u00e9nerg\u00e9tique optimale dans les applications de chauffage de l'air industriel et commercial. Id\u00e9als pour le s\u00e9chage, le traitement de l'air et le chauffage industriel, ces radiateurs durables offrent des performances constantes et une distribution de chaleur fiable. Disponibles en tailles et configurations personnalisables, ils sont con\u00e7us pour r\u00e9pondre aux besoins exigeants de votre entreprise. Visitez Cheri Heater pour d\u00e9couvrir les meilleures solutions de chauffage \u00e9co\u00e9nerg\u00e9tiques.","breadcrumb":{"@id":"https:\/\/cheri-heater.com\/fr\/product\/rechauffeur-tubulaire-a-air-chaud\/#breadcrumb"},"inLanguage":"en-US","potentialAction":[{"@type":"ReadAction","target":["https:\/\/cheri-heater.com\/fr\/product\/rechauffeur-tubulaire-a-air-chaud\/"]}]},{"@type":"ImageObject","inLanguage":"en-US","@id":"https:\/\/cheri-heater.com\/fr\/product\/rechauffeur-tubulaire-a-air-chaud\/#primaryimage","url":"https:\/\/cheri-heater.com\/fr\/wp-content\/uploads\/2025\/05\/i-15.jpg","contentUrl":"https:\/\/cheri-heater.com\/fr\/wp-content\/uploads\/2025\/05\/i-15.jpg","width":320,"height":320,"caption":"R\u00e9chauffeur Tubulaire \u00c0 Air Chaud"},{"@type":"BreadcrumbList","@id":"https:\/\/cheri-heater.com\/fr\/product\/rechauffeur-tubulaire-a-air-chaud\/#breadcrumb","itemListElement":[{"@type":"ListItem","position":1,"name":"Home","item":"https:\/\/cheri-heater.com\/fr\/"},{"@type":"ListItem","position":2,"name":"Products","item":"https:\/\/cheri-heater.com\/fr\/products\/"},{"@type":"ListItem","position":3,"name":"R\u00e9chauffeur Tubulaire \u00c0 Air Chaud"}]},{"@type":"WebSite","@id":"https:\/\/cheri-heater.com\/fr\/#website","url":"https:\/\/cheri-heater.com\/fr\/","name":"Cheri Heater Technology Co.,Ltd.","description":"","publisher":{"@id":"https:\/\/cheri-heater.com\/fr\/#organization"},"potentialAction":[{"@type":"SearchAction","target":{"@type":"EntryPoint","urlTemplate":"https:\/\/cheri-heater.com\/fr\/?s={search_term_string}"},"query-input":{"@type":"PropertyValueSpecification","valueRequired":true,"valueName":"search_term_string"}}],"inLanguage":"en-US"},{"@type":"Organization","@id":"https:\/\/cheri-heater.com\/fr\/#organization","name":"Cheri Heater Technology Co.,Ltd.","url":"https:\/\/cheri-heater.com\/fr\/","logo":{"@type":"ImageObject","inLanguage":"en-US","@id":"https:\/\/cheri-heater.com\/fr\/#\/schema\/logo\/image\/","url":"https:\/\/cheri-heater.com\/fr\/wp-content\/uploads\/2024\/06\/cropped-logo-resize.png","contentUrl":"https:\/\/cheri-heater.com\/fr\/wp-content\/uploads\/2024\/06\/cropped-logo-resize.png","width":346,"height":99,"caption":"Cheri Heater Technology Co.,Ltd."},"image":{"@id":"https:\/\/cheri-heater.com\/fr\/#\/schema\/logo\/image\/"}}]}},"_links":{"self":[{"href":"https:\/\/cheri-heater.com\/fr\/wp-json\/wp\/v2\/product\/1842","targetHints":{"allow":["GET"]}}],"collection":[{"href":"https:\/\/cheri-heater.com\/fr\/wp-json\/wp\/v2\/product"}],"about":[{"href":"https:\/\/cheri-heater.com\/fr\/wp-json\/wp\/v2\/types\/product"}],"wp:featuredmedia":[{"embeddable":true,"href":"https:\/\/cheri-heater.com\/fr\/wp-json\/wp\/v2\/media\/1843"}],"wp:attachment":[{"href":"https:\/\/cheri-heater.com\/fr\/wp-json\/wp\/v2\/media?parent=1842"}],"wp:term":[{"taxonomy":"product_brand","embeddable":true,"href":"https:\/\/cheri-heater.com\/fr\/wp-json\/wp\/v2\/product_brand?post=1842"},{"taxonomy":"product_cat","embeddable":true,"href":"https:\/\/cheri-heater.com\/fr\/wp-json\/wp\/v2\/product_cat?post=1842"},{"taxonomy":"product_tag","embeddable":true,"href":"https:\/\/cheri-heater.com\/fr\/wp-json\/wp\/v2\/product_tag?post=1842"}],"curies":[{"name":"wp","href":"https:\/\/api.w.org\/{rel}","templated":true}]}}