{"id":1844,"date":"2025-05-17T02:19:01","date_gmt":"2025-05-17T02:19:01","guid":{"rendered":"https:\/\/cheri-heater.com\/fr\/?post_type=product&#038;p=1844"},"modified":"2025-05-17T02:19:02","modified_gmt":"2025-05-17T02:19:02","slug":"rechauffeur-tubulaire-a-vapeur","status":"publish","type":"product","link":"https:\/\/cheri-heater.com\/fr\/product\/rechauffeur-tubulaire-a-vapeur\/","title":{"rendered":"R\u00e9chauffeur Tubulaire \u00c0 Vapeur"},"content":{"rendered":"","protected":false},"excerpt":{"rendered":"<h2><b><span><span class=\"\">Fabricants de r\u00e9chauffeurs tubulaires \u00e0 vapeur de haute qualit\u00e9<\/span><\/span><\/b><\/h2>\n<p><span>Cheri Heater pr\u00e9sente le\u00a0<\/span><b><span>r\u00e9chauffeur tubulaire \u00e0 vapeur\u00a0<\/span><\/b><span>, une solution robuste con\u00e7ue pour r\u00e9pondre aux exigences \u00e9lev\u00e9es en mati\u00e8re de chauffage industriel. Con\u00e7u avec pr\u00e9cision et performant, ce r\u00e9chauffeur est id\u00e9al pour les usines, les centrales et autres installations \u00e0 grande \u00e9chelle n\u00e9cessitant un chauffage \u00e0 la vapeur constant et efficace.\u00a0<\/span><\/p>\n<p><span>Que ce soit pour le pr\u00e9chauffage, le s\u00e9chage ou le traitement, notre r\u00e9chauffeur tubulaire \u00e0 vapeur assure un transfert d&#8217;\u00e9nergie optimal et une fiabilit\u00e9 durable.<\/span><\/p>\n<h3><b><span>Efficacit\u00e9 et durabilit\u00e9 exceptionnelles<\/span><\/b><\/h3>\n<p><b><span>Le r\u00e9chauffeur tubulaire \u00e0 vapeur\u00a0<\/span><\/b><span>Cheri Heater\u00a0<\/span><span>est fabriqu\u00e9 \u00e0 partir de mat\u00e9riaux de haute qualit\u00e9, garantissant durabilit\u00e9 et r\u00e9sistance \u00e0 l&#8217;usure dans les environnements \u00e0 haute pression. Sa conception avanc\u00e9e favorise une distribution uniforme de la chaleur, r\u00e9duisant ainsi le gaspillage d&#8217;\u00e9nergie et optimisant l&#8217;efficacit\u00e9 op\u00e9rationnelle. S&#8217;int\u00e9grant facilement aux syst\u00e8mes existants, il offre une exp\u00e9rience de chauffage fluide, minimisant les temps d&#8217;arr\u00eat et am\u00e9liorant la productivit\u00e9.<\/span><\/p>\n<h3><b><span>Principales caract\u00e9ristiques de notre r\u00e9chauffeur tubulaire \u00e0 vapeur<\/span><\/b><\/h3>\n<ul>\n<li aria-level=\"1\"><b><span>Ing\u00e9nierie de pr\u00e9cision\u00a0<\/span><\/b><span>: con\u00e7ue pour des performances constantes m\u00eame dans des conditions extr\u00eames.<\/span><\/li>\n<li aria-level=\"1\"><b><span>Options personnalisables\u00a0<\/span><\/b><span>: Disponibles en plusieurs puissances et longueurs pour r\u00e9pondre \u00e0 divers besoins industriels.<\/span><\/li>\n<li aria-level=\"1\"><b><span>R\u00e9sistance \u00e0 la corrosion\u00a0<\/span><\/b><span>: Construit avec des rev\u00eatements anticorrosion, parfait pour les environnements industriels difficiles.<\/span><\/li>\n<li aria-level=\"1\"><b><span>Efficacit\u00e9 \u00e9nerg\u00e9tique\u00a0<\/span><\/b><span>: optimis\u00e9e pour r\u00e9duire les co\u00fbts op\u00e9rationnels sans compromettre les performances.<\/span><\/li>\n<li aria-level=\"1\"><b><span>Entretien simple\u00a0<\/span><\/b><span>: la conception facile \u00e0 nettoyer garantit un entretien minimal, \u00e9conomisant du temps et des ressources.<\/span><\/li>\n<\/ul>\n<h2><b><span>Pourquoi choisir Cheri Heater pour les solutions de chauffage tubulaire \u00e0 vapeur ?<\/span><\/b><\/h2>\n<p><span>Cheri Heater est sp\u00e9cialis\u00e9 dans les \u00e9quipements de chauffage de qualit\u00e9 industrielle, auxquels font confiance des entreprises de nombreux secteurs. Notre\u00a0<\/span><b><span>r\u00e9chauffeur tubulaire \u00e0 vapeur\u00a0<\/span><\/b><span>est non seulement fiable, mais \u00e9galement con\u00e7u pour r\u00e9pondre aux exigences \u00e9lev\u00e9es des acheteurs professionnels. Gr\u00e2ce \u00e0 nos options d&#8217;achat en gros, nous r\u00e9pondons aux besoins des usines, des sites de production et des grandes entreprises.<\/span><\/p>\n<p><span>Notre engagement qualit\u00e9 garantit que chaque appareil r\u00e9pond \u00e0 des normes rigoureuses de s\u00e9curit\u00e9 et de performance. En choisissant Cheri Heater, vous investissez dans un produit offrant une efficacit\u00e9 et une long\u00e9vit\u00e9 in\u00e9gal\u00e9es.<\/span><\/p>\n<h3><b><span>Contactez-nous pour les commandes en gros<\/span><\/b><\/h3>\n<p><span>Am\u00e9liorez vos syst\u00e8mes de chauffage industriel avec le\u00a0<\/span><b><span>r\u00e9chauffeur tubulaire \u00e0 vapeur Cheri Heater\u00a0<\/span><\/b><span>. Con\u00e7u pour la performance, construit pour durer et adapt\u00e9 \u00e0 vos besoins sp\u00e9cifiques, c&#8217;est le choix id\u00e9al pour les entreprises souhaitant optimiser leurs processus de chauffage. Contactez-nous d\u00e8s aujourd&#8217;hui pour discuter des tarifs de gros et des options de personnalisation adapt\u00e9es \u00e0 votre secteur d&#8217;activit\u00e9.<\/span><\/p>\n","protected":false},"featured_media":1845,"template":"","meta":[],"product_brand":[],"product_cat":[28],"product_tag":[212],"class_list":{"0":"post-1844","1":"product","2":"type-product","3":"status-publish","4":"has-post-thumbnail","6":"product_cat-tubular-heater","7":"product_tag-rechauffeur-tubulaire-a-vapeur","9":"first","10":"instock","11":"shipping-taxable","12":"product-type-simple"},"yoast_head":"<!-- This site is optimized with the Yoast SEO plugin v27.3 - https:\/\/yoast.com\/product\/yoast-seo-wordpress\/ -->\n<title>Principaux fabricants de radiateurs tubulaires \u00e0 vapeur | Cheri-heater.com<\/title>\n<meta name=\"description\" content=\"Principaux fabricants de radiateurs tubulaires\u00a0: radiateurs tubulaires de haute qualit\u00e9 et efficaces pour applications industrielles et commerciales. Solutions de chauffage fiables. Contactez-nous\u00a0!\" \/>\n<meta name=\"robots\" content=\"index, follow, max-snippet:-1, max-image-preview:large, max-video-preview:-1\" \/>\n<link rel=\"canonical\" href=\"https:\/\/cheri-heater.com\/fr\/product\/rechauffeur-tubulaire-a-vapeur\/\" \/>\n<meta property=\"og:locale\" content=\"en_US\" \/>\n<meta property=\"og:type\" content=\"article\" \/>\n<meta property=\"og:title\" content=\"Principaux fabricants de radiateurs tubulaires \u00e0 vapeur | Cheri-heater.com\" \/>\n<meta property=\"og:description\" content=\"Principaux fabricants de radiateurs tubulaires\u00a0: radiateurs tubulaires de haute qualit\u00e9 et efficaces pour applications industrielles et commerciales. Solutions de chauffage fiables. Contactez-nous\u00a0!\" \/>\n<meta property=\"og:url\" content=\"https:\/\/cheri-heater.com\/fr\/product\/rechauffeur-tubulaire-a-vapeur\/\" \/>\n<meta property=\"og:site_name\" content=\"Cheri Heater Technology Co.,Ltd.\" \/>\n<meta property=\"article:modified_time\" content=\"2025-05-17T02:19:02+00:00\" \/>\n<meta property=\"og:image\" content=\"https:\/\/cheri-heater.com\/fr\/wp-content\/uploads\/2025\/05\/steam-1.jpg\" \/>\n\t<meta property=\"og:image:width\" content=\"320\" \/>\n\t<meta property=\"og:image:height\" content=\"320\" \/>\n\t<meta property=\"og:image:type\" content=\"image\/jpeg\" \/>\n<meta name=\"twitter:card\" content=\"summary_large_image\" \/>\n<meta name=\"twitter:label1\" content=\"Est. reading time\" \/>\n\t<meta name=\"twitter:data1\" content=\"1 minute\" \/>\n<!-- \/ Yoast SEO plugin. -->","yoast_head_json":{"title":"Principaux fabricants de radiateurs tubulaires \u00e0 vapeur | Cheri-heater.com","description":"Principaux fabricants de radiateurs tubulaires\u00a0: radiateurs tubulaires de haute qualit\u00e9 et efficaces pour applications industrielles et commerciales. Solutions de chauffage fiables. Contactez-nous\u00a0!","robots":{"index":"index","follow":"follow","max-snippet":"max-snippet:-1","max-image-preview":"max-image-preview:large","max-video-preview":"max-video-preview:-1"},"canonical":"https:\/\/cheri-heater.com\/fr\/product\/rechauffeur-tubulaire-a-vapeur\/","og_locale":"en_US","og_type":"article","og_title":"Principaux fabricants de radiateurs tubulaires \u00e0 vapeur | Cheri-heater.com","og_description":"Principaux fabricants de radiateurs tubulaires\u00a0: radiateurs tubulaires de haute qualit\u00e9 et efficaces pour applications industrielles et commerciales. Solutions de chauffage fiables. Contactez-nous\u00a0!","og_url":"https:\/\/cheri-heater.com\/fr\/product\/rechauffeur-tubulaire-a-vapeur\/","og_site_name":"Cheri Heater Technology Co.,Ltd.","article_modified_time":"2025-05-17T02:19:02+00:00","og_image":[{"width":320,"height":320,"url":"https:\/\/cheri-heater.com\/fr\/wp-content\/uploads\/2025\/05\/steam-1.jpg","type":"image\/jpeg"}],"twitter_card":"summary_large_image","twitter_misc":{"Est. reading time":"1 minute"},"schema":{"@context":"https:\/\/schema.org","@graph":[{"@type":"WebPage","@id":"https:\/\/cheri-heater.com\/fr\/product\/rechauffeur-tubulaire-a-vapeur\/","url":"https:\/\/cheri-heater.com\/fr\/product\/rechauffeur-tubulaire-a-vapeur\/","name":"Principaux fabricants de radiateurs tubulaires \u00e0 vapeur | Cheri-heater.com","isPartOf":{"@id":"https:\/\/cheri-heater.com\/fr\/#website"},"primaryImageOfPage":{"@id":"https:\/\/cheri-heater.com\/fr\/product\/rechauffeur-tubulaire-a-vapeur\/#primaryimage"},"image":{"@id":"https:\/\/cheri-heater.com\/fr\/product\/rechauffeur-tubulaire-a-vapeur\/#primaryimage"},"thumbnailUrl":"https:\/\/cheri-heater.com\/fr\/wp-content\/uploads\/2025\/05\/steam-1.jpg","datePublished":"2025-05-17T02:19:01+00:00","dateModified":"2025-05-17T02:19:02+00:00","description":"Principaux fabricants de radiateurs tubulaires\u00a0: radiateurs tubulaires de haute qualit\u00e9 et efficaces pour applications industrielles et commerciales. Solutions de chauffage fiables. Contactez-nous\u00a0!","breadcrumb":{"@id":"https:\/\/cheri-heater.com\/fr\/product\/rechauffeur-tubulaire-a-vapeur\/#breadcrumb"},"inLanguage":"en-US","potentialAction":[{"@type":"ReadAction","target":["https:\/\/cheri-heater.com\/fr\/product\/rechauffeur-tubulaire-a-vapeur\/"]}]},{"@type":"ImageObject","inLanguage":"en-US","@id":"https:\/\/cheri-heater.com\/fr\/product\/rechauffeur-tubulaire-a-vapeur\/#primaryimage","url":"https:\/\/cheri-heater.com\/fr\/wp-content\/uploads\/2025\/05\/steam-1.jpg","contentUrl":"https:\/\/cheri-heater.com\/fr\/wp-content\/uploads\/2025\/05\/steam-1.jpg","width":320,"height":320,"caption":"R\u00e9chauffeur Tubulaire \u00c0 Vapeur"},{"@type":"BreadcrumbList","@id":"https:\/\/cheri-heater.com\/fr\/product\/rechauffeur-tubulaire-a-vapeur\/#breadcrumb","itemListElement":[{"@type":"ListItem","position":1,"name":"Home","item":"https:\/\/cheri-heater.com\/fr\/"},{"@type":"ListItem","position":2,"name":"Products","item":"https:\/\/cheri-heater.com\/fr\/products\/"},{"@type":"ListItem","position":3,"name":"R\u00e9chauffeur Tubulaire \u00c0 Vapeur"}]},{"@type":"WebSite","@id":"https:\/\/cheri-heater.com\/fr\/#website","url":"https:\/\/cheri-heater.com\/fr\/","name":"Cheri Heater Technology Co.,Ltd.","description":"","publisher":{"@id":"https:\/\/cheri-heater.com\/fr\/#organization"},"potentialAction":[{"@type":"SearchAction","target":{"@type":"EntryPoint","urlTemplate":"https:\/\/cheri-heater.com\/fr\/?s={search_term_string}"},"query-input":{"@type":"PropertyValueSpecification","valueRequired":true,"valueName":"search_term_string"}}],"inLanguage":"en-US"},{"@type":"Organization","@id":"https:\/\/cheri-heater.com\/fr\/#organization","name":"Cheri Heater Technology Co.,Ltd.","url":"https:\/\/cheri-heater.com\/fr\/","logo":{"@type":"ImageObject","inLanguage":"en-US","@id":"https:\/\/cheri-heater.com\/fr\/#\/schema\/logo\/image\/","url":"https:\/\/cheri-heater.com\/fr\/wp-content\/uploads\/2024\/06\/cropped-logo-resize.png","contentUrl":"https:\/\/cheri-heater.com\/fr\/wp-content\/uploads\/2024\/06\/cropped-logo-resize.png","width":346,"height":99,"caption":"Cheri Heater Technology Co.,Ltd."},"image":{"@id":"https:\/\/cheri-heater.com\/fr\/#\/schema\/logo\/image\/"}}]}},"_links":{"self":[{"href":"https:\/\/cheri-heater.com\/fr\/wp-json\/wp\/v2\/product\/1844","targetHints":{"allow":["GET"]}}],"collection":[{"href":"https:\/\/cheri-heater.com\/fr\/wp-json\/wp\/v2\/product"}],"about":[{"href":"https:\/\/cheri-heater.com\/fr\/wp-json\/wp\/v2\/types\/product"}],"wp:featuredmedia":[{"embeddable":true,"href":"https:\/\/cheri-heater.com\/fr\/wp-json\/wp\/v2\/media\/1845"}],"wp:attachment":[{"href":"https:\/\/cheri-heater.com\/fr\/wp-json\/wp\/v2\/media?parent=1844"}],"wp:term":[{"taxonomy":"product_brand","embeddable":true,"href":"https:\/\/cheri-heater.com\/fr\/wp-json\/wp\/v2\/product_brand?post=1844"},{"taxonomy":"product_cat","embeddable":true,"href":"https:\/\/cheri-heater.com\/fr\/wp-json\/wp\/v2\/product_cat?post=1844"},{"taxonomy":"product_tag","embeddable":true,"href":"https:\/\/cheri-heater.com\/fr\/wp-json\/wp\/v2\/product_tag?post=1844"}],"curies":[{"name":"wp","href":"https:\/\/api.w.org\/{rel}","templated":true}]}}