{"id":1846,"date":"2025-05-17T02:22:23","date_gmt":"2025-05-17T02:22:23","guid":{"rendered":"https:\/\/cheri-heater.com\/fr\/?post_type=product&#038;p=1846"},"modified":"2025-05-17T02:22:23","modified_gmt":"2025-05-17T02:22:23","slug":"tube-de-chauffage-du-reservoir","status":"publish","type":"product","link":"https:\/\/cheri-heater.com\/fr\/product\/tube-de-chauffage-du-reservoir\/","title":{"rendered":"Tube De Chauffage Du R\u00e9servoir"},"content":{"rendered":"","protected":false},"excerpt":{"rendered":"<h2><b><span><span class=\"\">Obtenez un tube chauffant de r\u00e9servoir de qualit\u00e9 sup\u00e9rieure de Cheri Heater<\/span><\/span><\/b><\/h2>\n<p><span>Cheri Heater pr\u00e9sente le\u00a0<\/span><b><span>tube chauffant pour r\u00e9servoir\u00a0<\/span><\/b><span>, con\u00e7u pour r\u00e9pondre aux exigences des syst\u00e8mes de chauffage industriels. Qu&#8217;il s&#8217;agisse de traitement chimique, de stockage d&#8217;eau ou de chauffage au fioul, nos tubes chauffants robustes garantissent efficacit\u00e9, durabilit\u00e9 et r\u00e9partition uniforme de la chaleur. Con\u00e7us pour une int\u00e9gration parfaite, ils offrent des performances fiables dans un large \u00e9ventail d&#8217;applications.<\/span><\/p>\n<h2><b><span>Pourquoi choisir le tube chauffant pour r\u00e9servoir de Cheri Heater ?<\/span><\/b><\/h2>\n<ol>\n<li><b><span>Durabilit\u00e9 in\u00e9gal\u00e9e\u00a0:\u00a0<\/span><\/b><span>Fabriqu\u00e9 en acier inoxydable de haute qualit\u00e9, le tube de chauffage du r\u00e9servoir Cheri Heater r\u00e9siste \u00e0 la corrosion et \u00e0 l&#8217;usure, garantissant des performances durables, m\u00eame dans les environnements difficiles. Nos tubes sont con\u00e7us pour r\u00e9sister \u00e0 des temp\u00e9ratures et des pressions extr\u00eames, vous assurant ainsi une tranquillit\u00e9 d&#8217;esprit lors des op\u00e9rations critiques.<\/span><b><br \/>\n<\/b><\/li>\n<li><b><span>Efficacit\u00e9 \u00e9nerg\u00e9tique\u00a0:\u00a0<\/span><\/b><span>Optimis\u00e9s pour une consommation \u00e9nerg\u00e9tique minimale, nos tubes chauffants r\u00e9duisent les co\u00fbts d&#8217;exploitation tout en maintenant une puissance calorifique sup\u00e9rieure. Leur conception avanc\u00e9e minimise les pertes de chaleur et optimise l&#8217;efficacit\u00e9 de votre syst\u00e8me.<\/span><b><br \/>\n<\/b><\/li>\n<li><b><span>Application polyvalente :\u00a0<\/span><\/b><span>Notre\u00a0<b>tube de chauffage de r\u00e9servoir\u00a0<\/b>est id\u00e9al pour diverses industries, notamment :<\/span><b><br \/>\n<\/b><b><\/b><\/li>\n<\/ol>\n<ul>\n<li aria-level=\"1\"><span>Traitement chimique et p\u00e9trochimique<\/span><\/li>\n<li aria-level=\"1\"><span>Production d&#8217;aliments et de boissons<\/span><\/li>\n<li aria-level=\"1\"><span>fabrication de produits pharmaceutiques<\/span><\/li>\n<li aria-level=\"1\"><span>Installations de traitement des eaux<\/span><\/li>\n<\/ul>\n<h3><b><span>Principales caract\u00e9ristiques de notre tube chauffant pour r\u00e9servoir<\/span><\/b><\/h3>\n<ul>\n<li aria-level=\"1\"><b><span>Ing\u00e9nierie de pr\u00e9cision :\u00a0<\/span><\/b><span>con\u00e7ue pour un transfert de chaleur optimal, garantissant un chauffage constant et uniforme dans tout le r\u00e9servoir.<\/span><\/li>\n<li aria-level=\"1\"><b><span>Options personnalisables :\u00a0<\/span><\/b><span>disponibles en diff\u00e9rentes longueurs, diam\u00e8tres et puissances pour r\u00e9pondre aux exigences industrielles sp\u00e9cifiques.<\/span><\/li>\n<li aria-level=\"1\"><b><span>Normes de s\u00e9curit\u00e9 :\u00a0<\/span><\/b><span>Enti\u00e8rement conforme aux normes internationales de s\u00e9curit\u00e9 et de qualit\u00e9 pour les \u00e9quipements de chauffage industriels.<\/span><\/li>\n<\/ul>\n<h3><b><span>Applications du tube chauffant pour r\u00e9servoir Cheri Heater<\/span><\/b><\/h3>\n<ol>\n<li><b><span>Traitement chimique :\u00a0<\/span><\/b><span>Maintenir un contr\u00f4le pr\u00e9cis de la temp\u00e9rature pour les r\u00e9actions sensibles.\u00a0<\/span><span><b>2. Chauffage de l&#8217;eau :\u00a0<\/b>Assurer des solutions \u00e9co\u00e9nerg\u00e9tiques pour les syst\u00e8mes de stockage de l&#8217;eau.\u00a0<b>3. Chauffage de l&#8217;huile :\u00a0<\/b>Performances fiables pour maintenir la fluidit\u00e9 et la viscosit\u00e9 dans les r\u00e9servoirs de stockage d&#8217;huile.<\/span><br \/>\n<b><\/b><br \/>\n<b><\/b><\/li>\n<\/ol>\n<p><b><span>Le tube chauffant de r\u00e9servoir\u00a0<\/span><\/b><span>de Cheri Heater\u00a0<\/span><span>est con\u00e7u en pensant \u00e0 votre entreprise, offrant une efficacit\u00e9 et une fiabilit\u00e9 qui am\u00e9liorent vos op\u00e9rations industrielles.<\/span><\/p>\n<h2><b><span>Faites confiance \u00e0 Cheri Heater pour des solutions de chauffage avanc\u00e9es<\/span><\/b><\/h2>\n<p><span>Faites appel \u00e0 Cheri Heater pour des \u00e9quipements de chauffage innovants adapt\u00e9s aux besoins de votre entreprise. Ax\u00e9s sur la performance et la durabilit\u00e9, nos\u00a0<\/span><b><span>tubes chauffants pour r\u00e9servoirs\u00a0<\/span><\/b><span>offrent un rapport qualit\u00e9-prix exceptionnel.<\/span><\/p>\n<p><span><span class=\"VIpgJd-yAWNEb-VIpgJd-fmcmS-sn54Q\">\u00c9quipez vos r\u00e9servoirs du meilleur \u2013 choisissez Cheri Heater d\u00e8s aujourd\u2019hui.<\/span><\/span><\/p>\n","protected":false},"featured_media":1847,"template":"","meta":[],"product_brand":[],"product_cat":[28],"product_tag":[213],"class_list":{"0":"post-1846","1":"product","2":"type-product","3":"status-publish","4":"has-post-thumbnail","6":"product_cat-tubular-heater","7":"product_tag-tube-de-chauffage-du-reservoir","9":"first","10":"instock","11":"shipping-taxable","12":"product-type-simple"},"yoast_head":"<!-- This site is optimized with the Yoast SEO plugin v27.3 - https:\/\/yoast.com\/product\/yoast-seo-wordpress\/ -->\n<title>Fabricant de tubes chauffants de qualit\u00e9 pour r\u00e9servoirs | Cheri-heater.com<\/title>\n<meta name=\"description\" content=\"Fabricants de tubes chauffants pour r\u00e9servoirs de premier ordre\u00a0: tubes chauffants durables et de haute qualit\u00e9 pour r\u00e9servoirs. Solutions fiables pour les besoins industriels et commerciaux. Contactez-nous\u00a0!\" \/>\n<meta name=\"robots\" content=\"index, follow, max-snippet:-1, max-image-preview:large, max-video-preview:-1\" \/>\n<link rel=\"canonical\" href=\"https:\/\/cheri-heater.com\/fr\/product\/tube-de-chauffage-du-reservoir\/\" \/>\n<meta property=\"og:locale\" content=\"en_US\" \/>\n<meta property=\"og:type\" content=\"article\" \/>\n<meta property=\"og:title\" content=\"Fabricant de tubes chauffants de qualit\u00e9 pour r\u00e9servoirs | Cheri-heater.com\" \/>\n<meta property=\"og:description\" content=\"Fabricants de tubes chauffants pour r\u00e9servoirs de premier ordre\u00a0: tubes chauffants durables et de haute qualit\u00e9 pour r\u00e9servoirs. Solutions fiables pour les besoins industriels et commerciaux. Contactez-nous\u00a0!\" \/>\n<meta property=\"og:url\" content=\"https:\/\/cheri-heater.com\/fr\/product\/tube-de-chauffage-du-reservoir\/\" \/>\n<meta property=\"og:site_name\" content=\"Cheri Heater Technology Co.,Ltd.\" \/>\n<meta property=\"og:image\" content=\"https:\/\/cheri-heater.com\/fr\/wp-content\/uploads\/2025\/05\/tank.png\" \/>\n\t<meta property=\"og:image:width\" content=\"350\" \/>\n\t<meta property=\"og:image:height\" content=\"289\" \/>\n\t<meta property=\"og:image:type\" content=\"image\/png\" \/>\n<meta name=\"twitter:card\" content=\"summary_large_image\" \/>\n<meta name=\"twitter:label1\" content=\"Est. reading time\" \/>\n\t<meta name=\"twitter:data1\" content=\"1 minute\" \/>\n<!-- \/ Yoast SEO plugin. -->","yoast_head_json":{"title":"Fabricant de tubes chauffants de qualit\u00e9 pour r\u00e9servoirs | Cheri-heater.com","description":"Fabricants de tubes chauffants pour r\u00e9servoirs de premier ordre\u00a0: tubes chauffants durables et de haute qualit\u00e9 pour r\u00e9servoirs. Solutions fiables pour les besoins industriels et commerciaux. Contactez-nous\u00a0!","robots":{"index":"index","follow":"follow","max-snippet":"max-snippet:-1","max-image-preview":"max-image-preview:large","max-video-preview":"max-video-preview:-1"},"canonical":"https:\/\/cheri-heater.com\/fr\/product\/tube-de-chauffage-du-reservoir\/","og_locale":"en_US","og_type":"article","og_title":"Fabricant de tubes chauffants de qualit\u00e9 pour r\u00e9servoirs | Cheri-heater.com","og_description":"Fabricants de tubes chauffants pour r\u00e9servoirs de premier ordre\u00a0: tubes chauffants durables et de haute qualit\u00e9 pour r\u00e9servoirs. Solutions fiables pour les besoins industriels et commerciaux. Contactez-nous\u00a0!","og_url":"https:\/\/cheri-heater.com\/fr\/product\/tube-de-chauffage-du-reservoir\/","og_site_name":"Cheri Heater Technology Co.,Ltd.","og_image":[{"width":350,"height":289,"url":"https:\/\/cheri-heater.com\/fr\/wp-content\/uploads\/2025\/05\/tank.png","type":"image\/png"}],"twitter_card":"summary_large_image","twitter_misc":{"Est. reading time":"1 minute"},"schema":{"@context":"https:\/\/schema.org","@graph":[{"@type":"WebPage","@id":"https:\/\/cheri-heater.com\/fr\/product\/tube-de-chauffage-du-reservoir\/","url":"https:\/\/cheri-heater.com\/fr\/product\/tube-de-chauffage-du-reservoir\/","name":"Fabricant de tubes chauffants de qualit\u00e9 pour r\u00e9servoirs | Cheri-heater.com","isPartOf":{"@id":"https:\/\/cheri-heater.com\/fr\/#website"},"primaryImageOfPage":{"@id":"https:\/\/cheri-heater.com\/fr\/product\/tube-de-chauffage-du-reservoir\/#primaryimage"},"image":{"@id":"https:\/\/cheri-heater.com\/fr\/product\/tube-de-chauffage-du-reservoir\/#primaryimage"},"thumbnailUrl":"https:\/\/cheri-heater.com\/fr\/wp-content\/uploads\/2025\/05\/tank.png","datePublished":"2025-05-17T02:22:23+00:00","description":"Fabricants de tubes chauffants pour r\u00e9servoirs de premier ordre\u00a0: tubes chauffants durables et de haute qualit\u00e9 pour r\u00e9servoirs. Solutions fiables pour les besoins industriels et commerciaux. Contactez-nous\u00a0!","breadcrumb":{"@id":"https:\/\/cheri-heater.com\/fr\/product\/tube-de-chauffage-du-reservoir\/#breadcrumb"},"inLanguage":"en-US","potentialAction":[{"@type":"ReadAction","target":["https:\/\/cheri-heater.com\/fr\/product\/tube-de-chauffage-du-reservoir\/"]}]},{"@type":"ImageObject","inLanguage":"en-US","@id":"https:\/\/cheri-heater.com\/fr\/product\/tube-de-chauffage-du-reservoir\/#primaryimage","url":"https:\/\/cheri-heater.com\/fr\/wp-content\/uploads\/2025\/05\/tank.png","contentUrl":"https:\/\/cheri-heater.com\/fr\/wp-content\/uploads\/2025\/05\/tank.png","width":350,"height":289,"caption":"Tube De Chauffage Du R\u00e9servoir"},{"@type":"BreadcrumbList","@id":"https:\/\/cheri-heater.com\/fr\/product\/tube-de-chauffage-du-reservoir\/#breadcrumb","itemListElement":[{"@type":"ListItem","position":1,"name":"Home","item":"https:\/\/cheri-heater.com\/fr\/"},{"@type":"ListItem","position":2,"name":"Products","item":"https:\/\/cheri-heater.com\/fr\/products\/"},{"@type":"ListItem","position":3,"name":"Tube De Chauffage Du R\u00e9servoir"}]},{"@type":"WebSite","@id":"https:\/\/cheri-heater.com\/fr\/#website","url":"https:\/\/cheri-heater.com\/fr\/","name":"Cheri Heater Technology Co.,Ltd.","description":"","publisher":{"@id":"https:\/\/cheri-heater.com\/fr\/#organization"},"potentialAction":[{"@type":"SearchAction","target":{"@type":"EntryPoint","urlTemplate":"https:\/\/cheri-heater.com\/fr\/?s={search_term_string}"},"query-input":{"@type":"PropertyValueSpecification","valueRequired":true,"valueName":"search_term_string"}}],"inLanguage":"en-US"},{"@type":"Organization","@id":"https:\/\/cheri-heater.com\/fr\/#organization","name":"Cheri Heater Technology Co.,Ltd.","url":"https:\/\/cheri-heater.com\/fr\/","logo":{"@type":"ImageObject","inLanguage":"en-US","@id":"https:\/\/cheri-heater.com\/fr\/#\/schema\/logo\/image\/","url":"https:\/\/cheri-heater.com\/fr\/wp-content\/uploads\/2024\/06\/cropped-logo-resize.png","contentUrl":"https:\/\/cheri-heater.com\/fr\/wp-content\/uploads\/2024\/06\/cropped-logo-resize.png","width":346,"height":99,"caption":"Cheri Heater Technology Co.,Ltd."},"image":{"@id":"https:\/\/cheri-heater.com\/fr\/#\/schema\/logo\/image\/"}}]}},"_links":{"self":[{"href":"https:\/\/cheri-heater.com\/fr\/wp-json\/wp\/v2\/product\/1846","targetHints":{"allow":["GET"]}}],"collection":[{"href":"https:\/\/cheri-heater.com\/fr\/wp-json\/wp\/v2\/product"}],"about":[{"href":"https:\/\/cheri-heater.com\/fr\/wp-json\/wp\/v2\/types\/product"}],"wp:featuredmedia":[{"embeddable":true,"href":"https:\/\/cheri-heater.com\/fr\/wp-json\/wp\/v2\/media\/1847"}],"wp:attachment":[{"href":"https:\/\/cheri-heater.com\/fr\/wp-json\/wp\/v2\/media?parent=1846"}],"wp:term":[{"taxonomy":"product_brand","embeddable":true,"href":"https:\/\/cheri-heater.com\/fr\/wp-json\/wp\/v2\/product_brand?post=1846"},{"taxonomy":"product_cat","embeddable":true,"href":"https:\/\/cheri-heater.com\/fr\/wp-json\/wp\/v2\/product_cat?post=1846"},{"taxonomy":"product_tag","embeddable":true,"href":"https:\/\/cheri-heater.com\/fr\/wp-json\/wp\/v2\/product_tag?post=1846"}],"curies":[{"name":"wp","href":"https:\/\/api.w.org\/{rel}","templated":true}]}}