{"id":1848,"date":"2025-05-17T02:27:25","date_gmt":"2025-05-17T02:27:25","guid":{"rendered":"https:\/\/cheri-heater.com\/fr\/?post_type=product&#038;p=1848"},"modified":"2025-05-17T02:27:25","modified_gmt":"2025-05-17T02:27:25","slug":"rechauffeur-tubulaire-filete","status":"publish","type":"product","link":"https:\/\/cheri-heater.com\/fr\/product\/rechauffeur-tubulaire-filete\/","title":{"rendered":"R\u00e9chauffeur Tubulaire Filet\u00e9"},"content":{"rendered":"","protected":false},"excerpt":{"rendered":"<h2><span><span class=\"\">Meilleur fabricant de radiateurs tubulaires filet\u00e9s<\/span><\/span><\/h2>\n<p><span>Assurez un chauffage constant et fiable de vos \u00e9quipements gr\u00e2ce au r\u00e9chauffeur tubulaire filet\u00e9 Cheri-heater. Polyvalent, ce r\u00e9chauffeur est dot\u00e9 d&#8217;un \u00e9l\u00e9ment chauffant r\u00e9sistif gain\u00e9 d&#8217;une gaine m\u00e9tallique r\u00e9sistante, offrant un transfert de chaleur pr\u00e9cis et efficace pour diverses applications industrielles.<\/span><\/p>\n<h3><b><span>Avantages des radiateurs tubulaires filet\u00e9s Cheri-heater :<\/span><\/b><\/h3>\n<ul>\n<li aria-level=\"1\"><b><span>Chauffage polyvalent :\u00a0<\/span><\/b><span>Convient \u00e0 une large gamme d&#8217;applications n\u00e9cessitant un chauffage direct ou indirect.<\/span><\/li>\n<li aria-level=\"1\"><b><span>Contr\u00f4le pr\u00e9cis :\u00a0<\/span><\/b><span>obtenez un contr\u00f4le pr\u00e9cis de la temp\u00e9rature gr\u00e2ce \u00e0 des thermostats ou des panneaux de commande.<\/span><\/li>\n<li aria-level=\"1\"><b><span>R\u00e9partition uniforme de la chaleur :\u00a0<\/span><\/b><span>la conception cylindrique assure une r\u00e9partition uniforme de la chaleur sur toute la longueur de l&#8217;\u00e9l\u00e9ment.<\/span><\/li>\n<li aria-level=\"1\"><b><span>Capacit\u00e9 \u00e0 haute temp\u00e9rature :\u00a0<\/span><\/b><span>r\u00e9siste aux temp\u00e9ratures de fonctionnement \u00e9lev\u00e9es pour les processus industriels exigeants.<\/span><\/li>\n<li aria-level=\"1\"><b><span>Options personnalisables :\u00a0<\/span><\/b><span>disponibles dans diff\u00e9rents diam\u00e8tres, longueurs, puissances et mat\u00e9riaux de gaine pour r\u00e9pondre \u00e0 vos besoins sp\u00e9cifiques.<\/span><\/li>\n<\/ul>\n<p><b><span>Les radiateurs tubulaires filet\u00e9s Cheri-heater sont id\u00e9aux pour :<\/span><\/b><\/p>\n<ul>\n<li aria-level=\"1\"><span>Chauffage de liquides et de gaz<\/span><\/li>\n<li aria-level=\"1\"><span>Fours et fourneaux<\/span><\/li>\n<li aria-level=\"1\"><span>Chauffage du plateau<\/span><\/li>\n<li aria-level=\"1\"><span>Matrices et moules<\/span><\/li>\n<li aria-level=\"1\"><span>\u00c9quipement de transformation des aliments<\/span><\/li>\n<li aria-level=\"1\"><b><span>Et une vari\u00e9t\u00e9 d\u2019autres applications industrielles !<\/span><\/b><\/li>\n<\/ul>\n<p><b><span>Principales caract\u00e9ristiques de notre radiateur tubulaire filet\u00e9\u00a0:<\/span><\/b><\/p>\n<ul>\n<li aria-level=\"1\"><span>Conception pliable pour une installation flexible.<\/span><\/li>\n<li aria-level=\"1\"><span>Densit\u00e9s de puissance \u00e9lev\u00e9es pour un transfert de chaleur efficace.<\/span><\/li>\n<li aria-level=\"1\"><span>Longue dur\u00e9e de vie pour des performances fiables.<\/span><\/li>\n<\/ul>\n<p><b><span>Contactez Cheri-heater d\u00e8s aujourd&#8217;hui pour discuter de vos besoins sp\u00e9cifiques et d\u00e9couvrir comment nos radiateurs tubulaires filet\u00e9s peuvent am\u00e9liorer vos processus de chauffage.<\/span><\/b><\/p>\n","protected":false},"featured_media":1849,"template":"","meta":[],"product_brand":[],"product_cat":[28],"product_tag":[214],"class_list":{"0":"post-1848","1":"product","2":"type-product","3":"status-publish","4":"has-post-thumbnail","6":"product_cat-tubular-heater","7":"product_tag-rechauffeur-tubulaire-filete","9":"first","10":"instock","11":"shipping-taxable","12":"product-type-simple"},"yoast_head":"<!-- This site is optimized with the Yoast SEO plugin v27.3 - https:\/\/yoast.com\/product\/yoast-seo-wordpress\/ -->\n<title>Fabricant leader de radiateurs tubulaires \u00e0 filetage | Cheri-heater.com<\/title>\n<meta name=\"description\" content=\"Notre \u00e9l\u00e9ment chauffant tubulaire filet\u00e9 de haute qualit\u00e9 est con\u00e7u pour des solutions de chauffage efficaces et fiables. Parfait pour diverses applications.\" \/>\n<meta name=\"robots\" content=\"index, follow, max-snippet:-1, max-image-preview:large, max-video-preview:-1\" \/>\n<link rel=\"canonical\" href=\"https:\/\/cheri-heater.com\/fr\/product\/rechauffeur-tubulaire-filete\/\" \/>\n<meta property=\"og:locale\" content=\"en_US\" \/>\n<meta property=\"og:type\" content=\"article\" \/>\n<meta property=\"og:title\" content=\"Fabricant leader de radiateurs tubulaires \u00e0 filetage | Cheri-heater.com\" \/>\n<meta property=\"og:description\" content=\"Notre \u00e9l\u00e9ment chauffant tubulaire filet\u00e9 de haute qualit\u00e9 est con\u00e7u pour des solutions de chauffage efficaces et fiables. Parfait pour diverses applications.\" \/>\n<meta property=\"og:url\" content=\"https:\/\/cheri-heater.com\/fr\/product\/rechauffeur-tubulaire-filete\/\" \/>\n<meta property=\"og:site_name\" content=\"Cheri Heater Technology Co.,Ltd.\" \/>\n<meta property=\"og:image\" content=\"https:\/\/cheri-heater.com\/fr\/wp-content\/uploads\/2025\/05\/Cheri-Electrothermal-Equipment-Limited-Company-5.jpg\" \/>\n\t<meta property=\"og:image:width\" content=\"712\" \/>\n\t<meta property=\"og:image:height\" content=\"579\" \/>\n\t<meta property=\"og:image:type\" content=\"image\/jpeg\" \/>\n<meta name=\"twitter:card\" content=\"summary_large_image\" \/>\n<meta name=\"twitter:label1\" content=\"Est. reading time\" \/>\n\t<meta name=\"twitter:data1\" content=\"1 minute\" \/>\n<!-- \/ Yoast SEO plugin. -->","yoast_head_json":{"title":"Fabricant leader de radiateurs tubulaires \u00e0 filetage | Cheri-heater.com","description":"Notre \u00e9l\u00e9ment chauffant tubulaire filet\u00e9 de haute qualit\u00e9 est con\u00e7u pour des solutions de chauffage efficaces et fiables. Parfait pour diverses applications.","robots":{"index":"index","follow":"follow","max-snippet":"max-snippet:-1","max-image-preview":"max-image-preview:large","max-video-preview":"max-video-preview:-1"},"canonical":"https:\/\/cheri-heater.com\/fr\/product\/rechauffeur-tubulaire-filete\/","og_locale":"en_US","og_type":"article","og_title":"Fabricant leader de radiateurs tubulaires \u00e0 filetage | Cheri-heater.com","og_description":"Notre \u00e9l\u00e9ment chauffant tubulaire filet\u00e9 de haute qualit\u00e9 est con\u00e7u pour des solutions de chauffage efficaces et fiables. Parfait pour diverses applications.","og_url":"https:\/\/cheri-heater.com\/fr\/product\/rechauffeur-tubulaire-filete\/","og_site_name":"Cheri Heater Technology Co.,Ltd.","og_image":[{"width":712,"height":579,"url":"https:\/\/cheri-heater.com\/fr\/wp-content\/uploads\/2025\/05\/Cheri-Electrothermal-Equipment-Limited-Company-5.jpg","type":"image\/jpeg"}],"twitter_card":"summary_large_image","twitter_misc":{"Est. reading time":"1 minute"},"schema":{"@context":"https:\/\/schema.org","@graph":[{"@type":"WebPage","@id":"https:\/\/cheri-heater.com\/fr\/product\/rechauffeur-tubulaire-filete\/","url":"https:\/\/cheri-heater.com\/fr\/product\/rechauffeur-tubulaire-filete\/","name":"Fabricant leader de radiateurs tubulaires \u00e0 filetage | Cheri-heater.com","isPartOf":{"@id":"https:\/\/cheri-heater.com\/fr\/#website"},"primaryImageOfPage":{"@id":"https:\/\/cheri-heater.com\/fr\/product\/rechauffeur-tubulaire-filete\/#primaryimage"},"image":{"@id":"https:\/\/cheri-heater.com\/fr\/product\/rechauffeur-tubulaire-filete\/#primaryimage"},"thumbnailUrl":"https:\/\/cheri-heater.com\/fr\/wp-content\/uploads\/2025\/05\/Cheri-Electrothermal-Equipment-Limited-Company-5.jpg","datePublished":"2025-05-17T02:27:25+00:00","description":"Notre \u00e9l\u00e9ment chauffant tubulaire filet\u00e9 de haute qualit\u00e9 est con\u00e7u pour des solutions de chauffage efficaces et fiables. Parfait pour diverses applications.","breadcrumb":{"@id":"https:\/\/cheri-heater.com\/fr\/product\/rechauffeur-tubulaire-filete\/#breadcrumb"},"inLanguage":"en-US","potentialAction":[{"@type":"ReadAction","target":["https:\/\/cheri-heater.com\/fr\/product\/rechauffeur-tubulaire-filete\/"]}]},{"@type":"ImageObject","inLanguage":"en-US","@id":"https:\/\/cheri-heater.com\/fr\/product\/rechauffeur-tubulaire-filete\/#primaryimage","url":"https:\/\/cheri-heater.com\/fr\/wp-content\/uploads\/2025\/05\/Cheri-Electrothermal-Equipment-Limited-Company-5.jpg","contentUrl":"https:\/\/cheri-heater.com\/fr\/wp-content\/uploads\/2025\/05\/Cheri-Electrothermal-Equipment-Limited-Company-5.jpg","width":712,"height":579,"caption":"R\u00e9chauffeur Tubulaire Filet\u00e9"},{"@type":"BreadcrumbList","@id":"https:\/\/cheri-heater.com\/fr\/product\/rechauffeur-tubulaire-filete\/#breadcrumb","itemListElement":[{"@type":"ListItem","position":1,"name":"Home","item":"https:\/\/cheri-heater.com\/fr\/"},{"@type":"ListItem","position":2,"name":"Products","item":"https:\/\/cheri-heater.com\/fr\/products\/"},{"@type":"ListItem","position":3,"name":"R\u00e9chauffeur Tubulaire Filet\u00e9"}]},{"@type":"WebSite","@id":"https:\/\/cheri-heater.com\/fr\/#website","url":"https:\/\/cheri-heater.com\/fr\/","name":"Cheri Heater Technology Co.,Ltd.","description":"","publisher":{"@id":"https:\/\/cheri-heater.com\/fr\/#organization"},"potentialAction":[{"@type":"SearchAction","target":{"@type":"EntryPoint","urlTemplate":"https:\/\/cheri-heater.com\/fr\/?s={search_term_string}"},"query-input":{"@type":"PropertyValueSpecification","valueRequired":true,"valueName":"search_term_string"}}],"inLanguage":"en-US"},{"@type":"Organization","@id":"https:\/\/cheri-heater.com\/fr\/#organization","name":"Cheri Heater Technology Co.,Ltd.","url":"https:\/\/cheri-heater.com\/fr\/","logo":{"@type":"ImageObject","inLanguage":"en-US","@id":"https:\/\/cheri-heater.com\/fr\/#\/schema\/logo\/image\/","url":"https:\/\/cheri-heater.com\/fr\/wp-content\/uploads\/2024\/06\/cropped-logo-resize.png","contentUrl":"https:\/\/cheri-heater.com\/fr\/wp-content\/uploads\/2024\/06\/cropped-logo-resize.png","width":346,"height":99,"caption":"Cheri Heater Technology Co.,Ltd."},"image":{"@id":"https:\/\/cheri-heater.com\/fr\/#\/schema\/logo\/image\/"}}]}},"_links":{"self":[{"href":"https:\/\/cheri-heater.com\/fr\/wp-json\/wp\/v2\/product\/1848","targetHints":{"allow":["GET"]}}],"collection":[{"href":"https:\/\/cheri-heater.com\/fr\/wp-json\/wp\/v2\/product"}],"about":[{"href":"https:\/\/cheri-heater.com\/fr\/wp-json\/wp\/v2\/types\/product"}],"wp:featuredmedia":[{"embeddable":true,"href":"https:\/\/cheri-heater.com\/fr\/wp-json\/wp\/v2\/media\/1849"}],"wp:attachment":[{"href":"https:\/\/cheri-heater.com\/fr\/wp-json\/wp\/v2\/media?parent=1848"}],"wp:term":[{"taxonomy":"product_brand","embeddable":true,"href":"https:\/\/cheri-heater.com\/fr\/wp-json\/wp\/v2\/product_brand?post=1848"},{"taxonomy":"product_cat","embeddable":true,"href":"https:\/\/cheri-heater.com\/fr\/wp-json\/wp\/v2\/product_cat?post=1848"},{"taxonomy":"product_tag","embeddable":true,"href":"https:\/\/cheri-heater.com\/fr\/wp-json\/wp\/v2\/product_tag?post=1848"}],"curies":[{"name":"wp","href":"https:\/\/api.w.org\/{rel}","templated":true}]}}