{"id":1853,"date":"2025-05-17T02:30:17","date_gmt":"2025-05-17T02:30:17","guid":{"rendered":"https:\/\/cheri-heater.com\/fr\/?post_type=product&#038;p=1853"},"modified":"2025-05-17T02:30:17","modified_gmt":"2025-05-17T02:30:17","slug":"rechauffeur-dair-tubulaire","status":"publish","type":"product","link":"https:\/\/cheri-heater.com\/fr\/product\/rechauffeur-dair-tubulaire\/","title":{"rendered":"R\u00e9chauffeur D&#8217;air Tubulaire"},"content":{"rendered":"","protected":false},"excerpt":{"rendered":"<h2><b><span><span class=\"\">Solutions de r\u00e9chauffeurs d&#8217;air tubulaires pour un chauffage industriel efficace<\/span><\/span><\/b><\/h2>\n<h2><b><span>Pourquoi le radiateur tubulaire Cheri Heater se d\u00e9marque-t-il\u00a0?<\/span><\/b><\/h2>\n<p><b><span>Les a\u00e9rothermes tubulaires\u00a0<\/span><\/b><span>Cheri Heater\u00a0<\/span><span>sont con\u00e7us pour r\u00e9pondre aux exigences rigoureuses des applications industrielles et commerciales. Fabriqu\u00e9s avec des mat\u00e9riaux de haute qualit\u00e9 et une ing\u00e9nierie de pr\u00e9cision, nos a\u00e9rothermes offrent des performances thermiques constantes, garantissant le bon fonctionnement et l&#8217;efficacit\u00e9 de vos op\u00e9rations. Con\u00e7us pour une durabilit\u00e9 accrue, nos a\u00e9rothermes sont reconnus par des entreprises de secteurs tels que la fabrication, le CVC et les industries de transformation.<\/span><\/p>\n<h2><b><span>Applications des r\u00e9chauffeurs d&#8217;air tubulaires dans diverses industries<\/span><\/b><\/h2>\n<p><span>Notre\u00a0<\/span><b><span>r\u00e9chauffeur d&#8217;air tubulaire\u00a0<\/span><\/b><span>offre une polyvalence in\u00e9gal\u00e9e, au service d&#8217;industries telles que :<\/span><\/p>\n<ul>\n<li aria-level=\"1\"><b><span>Fabrication :\u00a0<\/span><\/b><span>Maintenir une chaleur contr\u00f4l\u00e9e pour les \u00e9quipements et les lignes d&#8217;assemblage.<\/span><\/li>\n<li aria-level=\"1\"><b><span>Syst\u00e8mes CVC :\u00a0<\/span><\/b><span>Assurent un flux d\u2019air uniforme et une distribution de la temp\u00e9rature.<\/span><\/li>\n<li aria-level=\"1\"><b><span>Traitement chimique :\u00a0<\/span><\/b><span>Facilite les op\u00e9rations critiques n\u00e9cessitant une production thermique fiable.<\/span><\/li>\n<li aria-level=\"1\"><b><span>Alimentation et boissons :\u00a0<\/span><\/b><span>Soutenir les processus de st\u00e9rilisation et de s\u00e9chage.<\/span><\/li>\n<\/ul>\n<p><span>Quelle que soit l\u2019ampleur ou la complexit\u00e9 de vos besoins de chauffage, Cheri Heater propose des solutions adapt\u00e9es \u00e0 vos sp\u00e9cifications.<\/span><\/p>\n<h2><b><span>Principales caract\u00e9ristiques du r\u00e9chauffeur d&#8217;air tubulaire de Cheri Heater<\/span><\/b><\/h2>\n<ol>\n<li aria-level=\"1\"><b><span>Efficacit\u00e9 exceptionnelle de transfert de chaleur\u00a0<\/span><\/b><span>Con\u00e7u pour optimiser la production d&#8217;\u00e9nergie thermique, notre\u00a0<b>r\u00e9chauffeur d&#8217;air tubulaire\u00a0<\/b>r\u00e9duit la consommation d&#8217;\u00e9nergie, diminuant ainsi les co\u00fbts d&#8217;exploitation.<\/span><b><br \/>\n<\/b><b><\/b><\/li>\n<li aria-level=\"1\"><b><span>Options de conception personnalisables\u00a0<\/span><\/b><span>Nous proposons des configurations flexibles, permettant une int\u00e9gration transparente dans les syst\u00e8mes existants ou de nouvelles configurations.<\/span><b><br \/>\n<\/b><\/li>\n<li aria-level=\"1\"><b><span>Mat\u00e9riaux r\u00e9sistants \u00e0 la corrosion\u00a0<\/span><\/b><span>Con\u00e7us pour r\u00e9sister aux environnements difficiles, nos appareils de chauffage garantissent la fiabilit\u00e9 et minimisent les besoins de maintenance.<\/span><b><br \/>\n<\/b><\/li>\n<li aria-level=\"1\"><b><span>Contr\u00f4le de temp\u00e9rature de pr\u00e9cision\u00a0<\/span><\/b><span>Obtenez une r\u00e9gulation thermique pr\u00e9cise pour les applications critiques, pr\u00e9servant ainsi les normes op\u00e9rationnelles et la qualit\u00e9 du produit.<\/span><b><br \/>\n<\/b><\/li>\n<li aria-level=\"1\"><b><span>Conformit\u00e9 aux normes de l&#8217;industrie\u00a0<\/span><\/b><span>Tous les produits Cheri Heater, y compris le\u00a0<b>r\u00e9chauffeur d&#8217;air tubulaire\u00a0<\/b>, r\u00e9pondent aux certifications mondiales de s\u00e9curit\u00e9 et de performance.<\/span><b><br \/>\n<\/b><b><\/b><\/li>\n<\/ol>\n<h2><b><span>Pourquoi les acheteurs professionnels pr\u00e9f\u00e8rent Cheri Heater<\/span><\/b><\/h2>\n<p><span>Chez Cheri Heater, nous allions une ing\u00e9nierie innovante \u00e0 une approche centr\u00e9e sur le client. Les acheteurs en gros b\u00e9n\u00e9ficient de prix comp\u00e9titifs, d&#8217;une livraison simplifi\u00e9e et d&#8217;une \u00e9quipe pr\u00eate \u00e0 vous accompagner pour l&#8217;installation et le support technique. Que vous souhaitiez moderniser vos syst\u00e8mes existants ou planifier un nouveau projet, notre\u00a0<\/span><b><span>a\u00e9rotherme tubulaire\u00a0<\/span><\/b><span>est un investissement en termes d&#8217;efficacit\u00e9 et de fiabilit\u00e9.<\/span><\/p>\n<p><b><i><span>Cheri Heater : l\u00e0 o\u00f9 la performance rencontre la pr\u00e9cision pour tous les besoins de chauffage industriel.<\/span><\/i><\/b><\/p>\n","protected":false},"featured_media":1854,"template":"","meta":[],"product_brand":[],"product_cat":[28],"product_tag":[215],"class_list":{"0":"post-1853","1":"product","2":"type-product","3":"status-publish","4":"has-post-thumbnail","6":"product_cat-tubular-heater","7":"product_tag-rechauffeur-dair-tubulaire","9":"first","10":"instock","11":"shipping-taxable","12":"product-type-simple"},"yoast_head":"<!-- This site is optimized with the Yoast SEO plugin v27.3 - https:\/\/yoast.com\/product\/yoast-seo-wordpress\/ -->\n<title>Chauffage tubulaire haute qualit\u00e9 | Cheri-heater.com<\/title>\n<meta name=\"description\" content=\"D\u00e9couvrez des r\u00e9chauffeurs d&#039;air tubulaires \u00e0 haut rendement pour un contr\u00f4le pr\u00e9cis de la temp\u00e9rature dans les applications industrielles. Des solutions durables, fiables et \u00e9conomes en \u00e9nergie.\" \/>\n<meta name=\"robots\" content=\"index, follow, max-snippet:-1, max-image-preview:large, max-video-preview:-1\" \/>\n<link rel=\"canonical\" href=\"https:\/\/cheri-heater.com\/fr\/product\/rechauffeur-dair-tubulaire\/\" \/>\n<meta property=\"og:locale\" content=\"en_US\" \/>\n<meta property=\"og:type\" content=\"article\" \/>\n<meta property=\"og:title\" content=\"Chauffage tubulaire haute qualit\u00e9 | Cheri-heater.com\" \/>\n<meta property=\"og:description\" content=\"D\u00e9couvrez des r\u00e9chauffeurs d&#039;air tubulaires \u00e0 haut rendement pour un contr\u00f4le pr\u00e9cis de la temp\u00e9rature dans les applications industrielles. Des solutions durables, fiables et \u00e9conomes en \u00e9nergie.\" \/>\n<meta property=\"og:url\" content=\"https:\/\/cheri-heater.com\/fr\/product\/rechauffeur-dair-tubulaire\/\" \/>\n<meta property=\"og:site_name\" content=\"Cheri Heater Technology Co.,Ltd.\" \/>\n<meta property=\"og:image\" content=\"https:\/\/cheri-heater.com\/fr\/wp-content\/uploads\/2025\/05\/air.jpg\" \/>\n\t<meta property=\"og:image:width\" content=\"320\" \/>\n\t<meta property=\"og:image:height\" content=\"320\" \/>\n\t<meta property=\"og:image:type\" content=\"image\/jpeg\" \/>\n<meta name=\"twitter:card\" content=\"summary_large_image\" \/>\n<meta name=\"twitter:label1\" content=\"Est. reading time\" \/>\n\t<meta name=\"twitter:data1\" content=\"1 minute\" \/>\n<!-- \/ Yoast SEO plugin. -->","yoast_head_json":{"title":"Chauffage tubulaire haute qualit\u00e9 | Cheri-heater.com","description":"D\u00e9couvrez des r\u00e9chauffeurs d'air tubulaires \u00e0 haut rendement pour un contr\u00f4le pr\u00e9cis de la temp\u00e9rature dans les applications industrielles. Des solutions durables, fiables et \u00e9conomes en \u00e9nergie.","robots":{"index":"index","follow":"follow","max-snippet":"max-snippet:-1","max-image-preview":"max-image-preview:large","max-video-preview":"max-video-preview:-1"},"canonical":"https:\/\/cheri-heater.com\/fr\/product\/rechauffeur-dair-tubulaire\/","og_locale":"en_US","og_type":"article","og_title":"Chauffage tubulaire haute qualit\u00e9 | Cheri-heater.com","og_description":"D\u00e9couvrez des r\u00e9chauffeurs d'air tubulaires \u00e0 haut rendement pour un contr\u00f4le pr\u00e9cis de la temp\u00e9rature dans les applications industrielles. Des solutions durables, fiables et \u00e9conomes en \u00e9nergie.","og_url":"https:\/\/cheri-heater.com\/fr\/product\/rechauffeur-dair-tubulaire\/","og_site_name":"Cheri Heater Technology Co.,Ltd.","og_image":[{"width":320,"height":320,"url":"https:\/\/cheri-heater.com\/fr\/wp-content\/uploads\/2025\/05\/air.jpg","type":"image\/jpeg"}],"twitter_card":"summary_large_image","twitter_misc":{"Est. reading time":"1 minute"},"schema":{"@context":"https:\/\/schema.org","@graph":[{"@type":"WebPage","@id":"https:\/\/cheri-heater.com\/fr\/product\/rechauffeur-dair-tubulaire\/","url":"https:\/\/cheri-heater.com\/fr\/product\/rechauffeur-dair-tubulaire\/","name":"Chauffage tubulaire haute qualit\u00e9 | Cheri-heater.com","isPartOf":{"@id":"https:\/\/cheri-heater.com\/fr\/#website"},"primaryImageOfPage":{"@id":"https:\/\/cheri-heater.com\/fr\/product\/rechauffeur-dair-tubulaire\/#primaryimage"},"image":{"@id":"https:\/\/cheri-heater.com\/fr\/product\/rechauffeur-dair-tubulaire\/#primaryimage"},"thumbnailUrl":"https:\/\/cheri-heater.com\/fr\/wp-content\/uploads\/2025\/05\/air.jpg","datePublished":"2025-05-17T02:30:17+00:00","description":"D\u00e9couvrez des r\u00e9chauffeurs d'air tubulaires \u00e0 haut rendement pour un contr\u00f4le pr\u00e9cis de la temp\u00e9rature dans les applications industrielles. Des solutions durables, fiables et \u00e9conomes en \u00e9nergie.","breadcrumb":{"@id":"https:\/\/cheri-heater.com\/fr\/product\/rechauffeur-dair-tubulaire\/#breadcrumb"},"inLanguage":"en-US","potentialAction":[{"@type":"ReadAction","target":["https:\/\/cheri-heater.com\/fr\/product\/rechauffeur-dair-tubulaire\/"]}]},{"@type":"ImageObject","inLanguage":"en-US","@id":"https:\/\/cheri-heater.com\/fr\/product\/rechauffeur-dair-tubulaire\/#primaryimage","url":"https:\/\/cheri-heater.com\/fr\/wp-content\/uploads\/2025\/05\/air.jpg","contentUrl":"https:\/\/cheri-heater.com\/fr\/wp-content\/uploads\/2025\/05\/air.jpg","width":320,"height":320,"caption":"R\u00e9chauffeur D'air Tubulaire"},{"@type":"BreadcrumbList","@id":"https:\/\/cheri-heater.com\/fr\/product\/rechauffeur-dair-tubulaire\/#breadcrumb","itemListElement":[{"@type":"ListItem","position":1,"name":"Home","item":"https:\/\/cheri-heater.com\/fr\/"},{"@type":"ListItem","position":2,"name":"Products","item":"https:\/\/cheri-heater.com\/fr\/products\/"},{"@type":"ListItem","position":3,"name":"R\u00e9chauffeur D&#8217;air Tubulaire"}]},{"@type":"WebSite","@id":"https:\/\/cheri-heater.com\/fr\/#website","url":"https:\/\/cheri-heater.com\/fr\/","name":"Cheri Heater Technology Co.,Ltd.","description":"","publisher":{"@id":"https:\/\/cheri-heater.com\/fr\/#organization"},"potentialAction":[{"@type":"SearchAction","target":{"@type":"EntryPoint","urlTemplate":"https:\/\/cheri-heater.com\/fr\/?s={search_term_string}"},"query-input":{"@type":"PropertyValueSpecification","valueRequired":true,"valueName":"search_term_string"}}],"inLanguage":"en-US"},{"@type":"Organization","@id":"https:\/\/cheri-heater.com\/fr\/#organization","name":"Cheri Heater Technology Co.,Ltd.","url":"https:\/\/cheri-heater.com\/fr\/","logo":{"@type":"ImageObject","inLanguage":"en-US","@id":"https:\/\/cheri-heater.com\/fr\/#\/schema\/logo\/image\/","url":"https:\/\/cheri-heater.com\/fr\/wp-content\/uploads\/2024\/06\/cropped-logo-resize.png","contentUrl":"https:\/\/cheri-heater.com\/fr\/wp-content\/uploads\/2024\/06\/cropped-logo-resize.png","width":346,"height":99,"caption":"Cheri Heater Technology Co.,Ltd."},"image":{"@id":"https:\/\/cheri-heater.com\/fr\/#\/schema\/logo\/image\/"}}]}},"_links":{"self":[{"href":"https:\/\/cheri-heater.com\/fr\/wp-json\/wp\/v2\/product\/1853","targetHints":{"allow":["GET"]}}],"collection":[{"href":"https:\/\/cheri-heater.com\/fr\/wp-json\/wp\/v2\/product"}],"about":[{"href":"https:\/\/cheri-heater.com\/fr\/wp-json\/wp\/v2\/types\/product"}],"wp:featuredmedia":[{"embeddable":true,"href":"https:\/\/cheri-heater.com\/fr\/wp-json\/wp\/v2\/media\/1854"}],"wp:attachment":[{"href":"https:\/\/cheri-heater.com\/fr\/wp-json\/wp\/v2\/media?parent=1853"}],"wp:term":[{"taxonomy":"product_brand","embeddable":true,"href":"https:\/\/cheri-heater.com\/fr\/wp-json\/wp\/v2\/product_brand?post=1853"},{"taxonomy":"product_cat","embeddable":true,"href":"https:\/\/cheri-heater.com\/fr\/wp-json\/wp\/v2\/product_cat?post=1853"},{"taxonomy":"product_tag","embeddable":true,"href":"https:\/\/cheri-heater.com\/fr\/wp-json\/wp\/v2\/product_tag?post=1853"}],"curies":[{"name":"wp","href":"https:\/\/api.w.org\/{rel}","templated":true}]}}