{"id":1855,"date":"2025-05-17T02:35:24","date_gmt":"2025-05-17T02:35:24","guid":{"rendered":"https:\/\/cheri-heater.com\/fr\/?post_type=product&#038;p=1855"},"modified":"2025-05-17T02:35:24","modified_gmt":"2025-05-17T02:35:24","slug":"chauffage-tubulaire-avec-thermostat","status":"publish","type":"product","link":"https:\/\/cheri-heater.com\/fr\/product\/chauffage-tubulaire-avec-thermostat\/","title":{"rendered":"Chauffage Tubulaire Avec Thermostat"},"content":{"rendered":"","protected":false},"excerpt":{"rendered":"<h2><b><span>Meilleurs fabricants de radiateurs tubulaires avec thermostat<\/span><\/b><\/h2>\n<p><b><span>Le radiateur tubulaire avec thermostat\u00a0<\/span><\/b><span>Cheri Heater\u00a0<\/span><span>est con\u00e7u pour fournir un chauffage fiable, constant et efficace dans les environnements industriels exigeants. Con\u00e7us pour les acheteurs en gros \u00e0 la recherche de solutions de chauffage de qualit\u00e9 sup\u00e9rieure, nos radiateurs tubulaires offrent un contr\u00f4le pr\u00e9cis de la temp\u00e9rature, une durabilit\u00e9 et une efficacit\u00e9 \u00e9nerg\u00e9tique optimales.<\/span><\/p>\n<h3><b><span>Pourquoi choisir le radiateur tubulaire avec thermostat de Cheri Heater ?\u00a0<\/span><\/b><\/h3>\n<p><span>Dot\u00e9s d&#8217;un thermostat int\u00e9gr\u00e9, ces radiateurs offrent des r\u00e9glages de temp\u00e9rature personnalisables, garantissant des performances optimales pour chaque application. Que vous soyez actif dans le secteur de la transformation chimique, de la fabrication ou de la production alimentaire, les produits Cheri Heater sont reconnus par les plus grandes industries pour leur qualit\u00e9 et leur fiabilit\u00e9 in\u00e9gal\u00e9es.<\/span><\/p>\n<h3><b><span>Principales caract\u00e9ristiques de notre radiateur tubulaire avec thermostat<\/span><\/b><\/h3>\n<ol>\n<li aria-level=\"1\"><b><span>Contr\u00f4le pr\u00e9cis de la temp\u00e9rature :\u00a0<\/span><\/b><span>le thermostat permet une r\u00e9gulation pr\u00e9cise de la temp\u00e9rature, r\u00e9duisant ainsi le gaspillage d&#8217;\u00e9nergie et am\u00e9liorant l&#8217;efficacit\u00e9 op\u00e9rationnelle.<\/span><b><br \/>\n<\/b><\/li>\n<li aria-level=\"1\"><b><span>Construction robuste :\u00a0<\/span><\/b><span>Fabriqu\u00e9s avec des mat\u00e9riaux de haute qualit\u00e9, nos radiateurs tubulaires r\u00e9sistent \u00e0 des conditions extr\u00eames, garantissant des performances \u00e0 long terme m\u00eame dans des environnements industriels difficiles.<\/span><b><br \/>\n<\/b><\/li>\n<li aria-level=\"1\"><b><span>Polyvalence dans les applications :\u00a0<\/span><\/b><span>Ces appareils de chauffage sont adaptables \u00e0 une large gamme d&#8217;utilisations industrielles, notamment le s\u00e9chage, le chauffage de liquides et le chauffage des locaux.<\/span><b><br \/>\n<\/b><\/li>\n<li aria-level=\"1\"><b><span>Disponibilit\u00e9 en gros\u00a0:\u00a0<\/span><\/b><span>Cheri Heater comprend les besoins des acheteurs professionnels. Notre capacit\u00e9 de production permet de traiter des commandes en gros sans compromettre la qualit\u00e9 ni les d\u00e9lais de livraison.<\/span><b><br \/>\n<\/b><\/li>\n<\/ol>\n<h3><b><span>Avantages du partenariat avec Cheri Heater<\/span><\/b><\/h3>\n<p><span>En tant que marque de confiance en solutions de chauffage industriel, Cheri Heater s&#8217;engage \u00e0 fournir des produits adapt\u00e9s \u00e0 vos objectifs commerciaux. Notre\u00a0<\/span><b><span>radiateur tubulaire avec thermostat\u00a0<\/span><\/b><span>garantit\u00a0:<\/span><\/p>\n<ul>\n<li aria-level=\"1\"><span>Co\u00fbts d\u2019exploitation r\u00e9duits gr\u00e2ce \u00e0 des conceptions \u00e9co\u00e9nerg\u00e9tiques.<\/span><\/li>\n<li aria-level=\"1\"><span>Conformit\u00e9 aux normes de l\u2019industrie en mati\u00e8re de s\u00e9curit\u00e9 et de performance.<\/span><\/li>\n<li aria-level=\"1\"><span>Options de personnalisation pour r\u00e9pondre aux exigences sp\u00e9cifiques du projet.<\/span><\/li>\n<\/ul>\n<p><span>Que vous cherchiez \u00e0 am\u00e9liorer les processus de production ou \u00e0 maintenir des environnements de chauffage contr\u00f4l\u00e9s, nos solutions sont con\u00e7ues en fonction de votre entreprise.<\/span><\/p>\n<h3><b><span>Passez votre commande en gros aujourd&#8217;hui<\/span><\/b><\/h3>\n<p><span>Cheri Heater est sp\u00e9cialis\u00e9 dans la fourniture de solutions de chauffage haut de gamme pour les applications industrielles. Contactez-nous pour discuter de vos besoins concernant notre\u00a0<\/span><b><span>radiateur tubulaire avec thermostat\u00a0<\/span><\/b><span>et obtenir des devis personnalis\u00e9s pour les commandes group\u00e9es.<\/span><\/p>\n<p><span>Associez-vous \u00e0 Cheri Heater pour rationaliser vos besoins de chauffage industriel avec efficacit\u00e9, fiabilit\u00e9 et pr\u00e9cision.<\/span><\/p>\n","protected":false},"featured_media":1856,"template":"","meta":[],"product_brand":[],"product_cat":[28],"product_tag":[216],"class_list":{"0":"post-1855","1":"product","2":"type-product","3":"status-publish","4":"has-post-thumbnail","6":"product_cat-tubular-heater","7":"product_tag-chauffage-tubulaire-avec-thermostat","9":"first","10":"instock","11":"shipping-taxable","12":"product-type-simple"},"yoast_head":"<!-- This site is optimized with the Yoast SEO plugin v27.3 - https:\/\/yoast.com\/product\/yoast-seo-wordpress\/ -->\n<title>Fabricants de radiateurs tubulaires avec thermostat | Cheri-heater.com<\/title>\n<meta name=\"description\" content=\"Trouvez des radiateurs tubulaires de haute qualit\u00e9 avec thermostats de fabricants reconnus. Id\u00e9als pour un contr\u00f4le pr\u00e9cis de la temp\u00e9rature et une efficacit\u00e9 \u00e9nerg\u00e9tique optimale dans divers secteurs.\" \/>\n<meta name=\"robots\" content=\"index, follow, max-snippet:-1, max-image-preview:large, max-video-preview:-1\" \/>\n<link rel=\"canonical\" href=\"https:\/\/cheri-heater.com\/fr\/product\/chauffage-tubulaire-avec-thermostat\/\" \/>\n<meta property=\"og:locale\" content=\"en_US\" \/>\n<meta property=\"og:type\" content=\"article\" \/>\n<meta property=\"og:title\" content=\"Fabricants de radiateurs tubulaires avec thermostat | Cheri-heater.com\" \/>\n<meta property=\"og:description\" content=\"Trouvez des radiateurs tubulaires de haute qualit\u00e9 avec thermostats de fabricants reconnus. Id\u00e9als pour un contr\u00f4le pr\u00e9cis de la temp\u00e9rature et une efficacit\u00e9 \u00e9nerg\u00e9tique optimale dans divers secteurs.\" \/>\n<meta property=\"og:url\" content=\"https:\/\/cheri-heater.com\/fr\/product\/chauffage-tubulaire-avec-thermostat\/\" \/>\n<meta property=\"og:site_name\" content=\"Cheri Heater Technology Co.,Ltd.\" \/>\n<meta property=\"og:image\" content=\"https:\/\/cheri-heater.com\/fr\/wp-content\/uploads\/2025\/05\/b295e437-cc1b-4ad5-8179-87b7bee77652.jpg\" \/>\n\t<meta property=\"og:image:width\" content=\"800\" \/>\n\t<meta property=\"og:image:height\" content=\"678\" \/>\n\t<meta property=\"og:image:type\" content=\"image\/jpeg\" \/>\n<meta name=\"twitter:card\" content=\"summary_large_image\" \/>\n<meta name=\"twitter:label1\" content=\"Est. reading time\" \/>\n\t<meta name=\"twitter:data1\" content=\"1 minute\" \/>\n<!-- \/ Yoast SEO plugin. -->","yoast_head_json":{"title":"Fabricants de radiateurs tubulaires avec thermostat | Cheri-heater.com","description":"Trouvez des radiateurs tubulaires de haute qualit\u00e9 avec thermostats de fabricants reconnus. Id\u00e9als pour un contr\u00f4le pr\u00e9cis de la temp\u00e9rature et une efficacit\u00e9 \u00e9nerg\u00e9tique optimale dans divers secteurs.","robots":{"index":"index","follow":"follow","max-snippet":"max-snippet:-1","max-image-preview":"max-image-preview:large","max-video-preview":"max-video-preview:-1"},"canonical":"https:\/\/cheri-heater.com\/fr\/product\/chauffage-tubulaire-avec-thermostat\/","og_locale":"en_US","og_type":"article","og_title":"Fabricants de radiateurs tubulaires avec thermostat | Cheri-heater.com","og_description":"Trouvez des radiateurs tubulaires de haute qualit\u00e9 avec thermostats de fabricants reconnus. Id\u00e9als pour un contr\u00f4le pr\u00e9cis de la temp\u00e9rature et une efficacit\u00e9 \u00e9nerg\u00e9tique optimale dans divers secteurs.","og_url":"https:\/\/cheri-heater.com\/fr\/product\/chauffage-tubulaire-avec-thermostat\/","og_site_name":"Cheri Heater Technology Co.,Ltd.","og_image":[{"width":800,"height":678,"url":"https:\/\/cheri-heater.com\/fr\/wp-content\/uploads\/2025\/05\/b295e437-cc1b-4ad5-8179-87b7bee77652.jpg","type":"image\/jpeg"}],"twitter_card":"summary_large_image","twitter_misc":{"Est. reading time":"1 minute"},"schema":{"@context":"https:\/\/schema.org","@graph":[{"@type":"WebPage","@id":"https:\/\/cheri-heater.com\/fr\/product\/chauffage-tubulaire-avec-thermostat\/","url":"https:\/\/cheri-heater.com\/fr\/product\/chauffage-tubulaire-avec-thermostat\/","name":"Fabricants de radiateurs tubulaires avec thermostat | Cheri-heater.com","isPartOf":{"@id":"https:\/\/cheri-heater.com\/fr\/#website"},"primaryImageOfPage":{"@id":"https:\/\/cheri-heater.com\/fr\/product\/chauffage-tubulaire-avec-thermostat\/#primaryimage"},"image":{"@id":"https:\/\/cheri-heater.com\/fr\/product\/chauffage-tubulaire-avec-thermostat\/#primaryimage"},"thumbnailUrl":"https:\/\/cheri-heater.com\/fr\/wp-content\/uploads\/2025\/05\/b295e437-cc1b-4ad5-8179-87b7bee77652.jpg","datePublished":"2025-05-17T02:35:24+00:00","description":"Trouvez des radiateurs tubulaires de haute qualit\u00e9 avec thermostats de fabricants reconnus. Id\u00e9als pour un contr\u00f4le pr\u00e9cis de la temp\u00e9rature et une efficacit\u00e9 \u00e9nerg\u00e9tique optimale dans divers secteurs.","breadcrumb":{"@id":"https:\/\/cheri-heater.com\/fr\/product\/chauffage-tubulaire-avec-thermostat\/#breadcrumb"},"inLanguage":"en-US","potentialAction":[{"@type":"ReadAction","target":["https:\/\/cheri-heater.com\/fr\/product\/chauffage-tubulaire-avec-thermostat\/"]}]},{"@type":"ImageObject","inLanguage":"en-US","@id":"https:\/\/cheri-heater.com\/fr\/product\/chauffage-tubulaire-avec-thermostat\/#primaryimage","url":"https:\/\/cheri-heater.com\/fr\/wp-content\/uploads\/2025\/05\/b295e437-cc1b-4ad5-8179-87b7bee77652.jpg","contentUrl":"https:\/\/cheri-heater.com\/fr\/wp-content\/uploads\/2025\/05\/b295e437-cc1b-4ad5-8179-87b7bee77652.jpg","width":800,"height":678,"caption":"Chauffage Tubulaire Avec Thermostat"},{"@type":"BreadcrumbList","@id":"https:\/\/cheri-heater.com\/fr\/product\/chauffage-tubulaire-avec-thermostat\/#breadcrumb","itemListElement":[{"@type":"ListItem","position":1,"name":"Home","item":"https:\/\/cheri-heater.com\/fr\/"},{"@type":"ListItem","position":2,"name":"Products","item":"https:\/\/cheri-heater.com\/fr\/products\/"},{"@type":"ListItem","position":3,"name":"Chauffage Tubulaire Avec Thermostat"}]},{"@type":"WebSite","@id":"https:\/\/cheri-heater.com\/fr\/#website","url":"https:\/\/cheri-heater.com\/fr\/","name":"Cheri Heater Technology Co.,Ltd.","description":"","publisher":{"@id":"https:\/\/cheri-heater.com\/fr\/#organization"},"potentialAction":[{"@type":"SearchAction","target":{"@type":"EntryPoint","urlTemplate":"https:\/\/cheri-heater.com\/fr\/?s={search_term_string}"},"query-input":{"@type":"PropertyValueSpecification","valueRequired":true,"valueName":"search_term_string"}}],"inLanguage":"en-US"},{"@type":"Organization","@id":"https:\/\/cheri-heater.com\/fr\/#organization","name":"Cheri Heater Technology Co.,Ltd.","url":"https:\/\/cheri-heater.com\/fr\/","logo":{"@type":"ImageObject","inLanguage":"en-US","@id":"https:\/\/cheri-heater.com\/fr\/#\/schema\/logo\/image\/","url":"https:\/\/cheri-heater.com\/fr\/wp-content\/uploads\/2024\/06\/cropped-logo-resize.png","contentUrl":"https:\/\/cheri-heater.com\/fr\/wp-content\/uploads\/2024\/06\/cropped-logo-resize.png","width":346,"height":99,"caption":"Cheri Heater Technology Co.,Ltd."},"image":{"@id":"https:\/\/cheri-heater.com\/fr\/#\/schema\/logo\/image\/"}}]}},"_links":{"self":[{"href":"https:\/\/cheri-heater.com\/fr\/wp-json\/wp\/v2\/product\/1855","targetHints":{"allow":["GET"]}}],"collection":[{"href":"https:\/\/cheri-heater.com\/fr\/wp-json\/wp\/v2\/product"}],"about":[{"href":"https:\/\/cheri-heater.com\/fr\/wp-json\/wp\/v2\/types\/product"}],"wp:featuredmedia":[{"embeddable":true,"href":"https:\/\/cheri-heater.com\/fr\/wp-json\/wp\/v2\/media\/1856"}],"wp:attachment":[{"href":"https:\/\/cheri-heater.com\/fr\/wp-json\/wp\/v2\/media?parent=1855"}],"wp:term":[{"taxonomy":"product_brand","embeddable":true,"href":"https:\/\/cheri-heater.com\/fr\/wp-json\/wp\/v2\/product_brand?post=1855"},{"taxonomy":"product_cat","embeddable":true,"href":"https:\/\/cheri-heater.com\/fr\/wp-json\/wp\/v2\/product_cat?post=1855"},{"taxonomy":"product_tag","embeddable":true,"href":"https:\/\/cheri-heater.com\/fr\/wp-json\/wp\/v2\/product_tag?post=1855"}],"curies":[{"name":"wp","href":"https:\/\/api.w.org\/{rel}","templated":true}]}}