{"id":1857,"date":"2025-05-17T02:37:51","date_gmt":"2025-05-17T02:37:51","guid":{"rendered":"https:\/\/cheri-heater.com\/fr\/?post_type=product&#038;p=1857"},"modified":"2025-05-17T02:37:51","modified_gmt":"2025-05-17T02:37:51","slug":"rechauffeur-dhuile-tubulaire","status":"publish","type":"product","link":"https:\/\/cheri-heater.com\/fr\/product\/rechauffeur-dhuile-tubulaire\/","title":{"rendered":"R\u00e9chauffeur D&#8217;huile Tubulaire"},"content":{"rendered":"","protected":false},"excerpt":{"rendered":"<h2><b><span><span class=\"\">Meilleurs fabricants de radiateurs tubulaires \u00e0 huile<\/span><\/span><\/b><\/h2>\n<p><b><span>Cheri Heater propose des r\u00e9chauffeurs d&#8217;huile tubulaires\u00a0<\/span><\/b><span>avanc\u00e9s,\u00a0<\/span><span>con\u00e7us pour r\u00e9pondre aux besoins sp\u00e9cifiques des applications de chauffage industriel. Con\u00e7us avec pr\u00e9cision, nos r\u00e9chauffeurs d&#8217;huile tubulaires offrent des performances constantes, une efficacit\u00e9 \u00e9nerg\u00e9tique et une durabilit\u00e9 optimales, ce qui en fait le choix privil\u00e9gi\u00e9 des entreprises recherchant des solutions de chauffage de haute qualit\u00e9.<\/span><\/p>\n<h3><b><span>Con\u00e7u pour l&#8217;efficacit\u00e9 et la performance<\/span><\/b><\/h3>\n<p><span>Nos r\u00e9chauffeurs tubulaires \u00e0 huile sont con\u00e7us pour assurer une distribution uniforme de la chaleur, r\u00e9duisant ainsi le gaspillage d&#8217;\u00e9nergie et garantissant des r\u00e9sultats optimaux. Gr\u00e2ce \u00e0 des mat\u00e9riaux robustes et \u00e0 une technologie innovante, ces r\u00e9chauffeurs sont con\u00e7us pour r\u00e9sister aux environnements exigeants et offrent une fiabilit\u00e9 optimale dans des secteurs tels que l&#8217;industrie manufacturi\u00e8re, la p\u00e9trochimie et l&#8217;agroalimentaire.<\/span><\/p>\n<p><span>Cheri Heater privil\u00e9gie la valeur \u00e0 long terme. En minimisant les besoins d&#8217;entretien et en maximisant l&#8217;efficacit\u00e9 op\u00e9rationnelle, nos radiateurs tubulaires au fioul constituent un investissement rentable pendant des ann\u00e9es.<\/span><\/p>\n<h3><b><span>Applications des radiateurs tubulaires \u00e0 huile Cheri Heater<\/span><\/b><\/h3>\n<p><span>De la fabrication industrielle aux applications sp\u00e9cialis\u00e9es, les radiateurs tubulaires \u00e0 huile Cheri Heater sont utilis\u00e9s dans un large \u00e9ventail d&#8217;industries. Parmi les applications courantes, on peut citer\u00a0:<\/span><\/p>\n<ul>\n<li aria-level=\"1\"><b><span>Syst\u00e8mes de pr\u00e9chauffage de l&#8217;huile :\u00a0<\/span><\/b><span>Maintenir la viscosit\u00e9 pour un fonctionnement fluide.<\/span><\/li>\n<li aria-level=\"1\"><b><span>\u00c9changeurs de chaleur :\u00a0<\/span><\/b><span>assurent un transfert de chaleur efficace dans les syst\u00e8mes critiques.<\/span><\/li>\n<li aria-level=\"1\"><b><span>Fours industriels :\u00a0<\/span><\/b><span>Assurent un chauffage pr\u00e9cis et constant pour des processus vari\u00e9s.<\/span><\/li>\n<\/ul>\n<p><span>Ces appareils de chauffage sont personnalisables pour s&#8217;adapter \u00e0 des exigences op\u00e9rationnelles uniques, offrant aux entreprises la flexibilit\u00e9 n\u00e9cessaire pour atteindre leurs objectifs sans compromettre la qualit\u00e9.<\/span><\/p>\n<h3><b><span>Pourquoi les entreprises font confiance \u00e0 Cheri Heater<\/span><\/b><\/h3>\n<p><span>Cheri Heater est une marque de confiance en mati\u00e8re de solutions de chauffage industriel. Notre expertise dans la fabrication\u00a0<\/span><b><span>de radiateurs tubulaires \u00e0 huile\u00a0<\/span><\/b><span>garantit aux entreprises un produit qui d\u00e9passe leurs attentes en termes de performance et de long\u00e9vit\u00e9. Chaque radiateur est soumis \u00e0 des tests rigoureux pour r\u00e9pondre \u00e0 des normes strictes de s\u00e9curit\u00e9 et d&#8217;efficacit\u00e9.<\/span><\/p>\n<p><span>De plus, l&#8217;engagement de Cheri Heater envers la satisfaction client garantit un accompagnement tout au long des \u00e9tapes d&#8217;achat et d&#8217;exploitation. Forts de notre expertise et de notre exp\u00e9rience \u00e9prouv\u00e9e, nous assurons une int\u00e9gration parfaite \u00e0 vos syst\u00e8mes.<\/span><\/p>\n<h3><b><span>Passez aux radiateurs tubulaires \u00e0 huile de Cheri Heater<\/span><\/b><\/h3>\n<p><span>Am\u00e9liorez l&#8217;efficacit\u00e9 et la fiabilit\u00e9 de vos proc\u00e9d\u00e9s de chauffage industriel gr\u00e2ce aux\u00a0<\/span><b><span>r\u00e9chauffeurs tubulaires \u00e0 huile\u00a0<\/span><\/b><span>Cheri Heater. Pour toute demande de renseignements ou commande group\u00e9e, contactez notre \u00e9quipe d\u00e8s aujourd&#8217;hui et d\u00e9couvrez comment nos solutions peuvent optimiser vos op\u00e9rations.<\/span><\/p>\n<p><b><i><span>Cheri Heater \u2013 Votre partenaire en chauffage industriel haute performance.<\/span><\/i><\/b><\/p>\n","protected":false},"featured_media":0,"template":"","meta":[],"product_brand":[],"product_cat":[28],"product_tag":[217],"class_list":{"0":"post-1857","1":"product","2":"type-product","3":"status-publish","5":"product_cat-tubular-heater","6":"product_tag-rechauffeur-dhuile-tubulaire","8":"first","9":"instock","10":"shipping-taxable","11":"product-type-simple"},"yoast_head":"<!-- This site is optimized with the Yoast SEO plugin v27.3 - https:\/\/yoast.com\/product\/yoast-seo-wordpress\/ -->\n<title>Meilleurs fabricants de radiateurs tubulaires \u00e0 huile | Cheri-heater.com<\/title>\n<meta name=\"description\" content=\"Fabricants de r\u00e9chauffeurs d&#039;huile tubulaires de premier plan\u00a0: r\u00e9chauffeurs d&#039;huile de haute qualit\u00e9 et efficaces pour usage industriel et commercial. Solutions de chauffage fiables et durables. Contactez-nous\u00a0!\" \/>\n<meta name=\"robots\" content=\"index, follow, max-snippet:-1, max-image-preview:large, max-video-preview:-1\" \/>\n<link rel=\"canonical\" href=\"https:\/\/cheri-heater.com\/fr\/product\/rechauffeur-dhuile-tubulaire\/\" \/>\n<meta property=\"og:locale\" content=\"en_US\" \/>\n<meta property=\"og:type\" content=\"article\" \/>\n<meta property=\"og:title\" content=\"Meilleurs fabricants de radiateurs tubulaires \u00e0 huile | Cheri-heater.com\" \/>\n<meta property=\"og:description\" content=\"Fabricants de r\u00e9chauffeurs d&#039;huile tubulaires de premier plan\u00a0: r\u00e9chauffeurs d&#039;huile de haute qualit\u00e9 et efficaces pour usage industriel et commercial. Solutions de chauffage fiables et durables. Contactez-nous\u00a0!\" \/>\n<meta property=\"og:url\" content=\"https:\/\/cheri-heater.com\/fr\/product\/rechauffeur-dhuile-tubulaire\/\" \/>\n<meta property=\"og:site_name\" content=\"Cheri Heater Technology Co.,Ltd.\" \/>\n<meta name=\"twitter:card\" content=\"summary_large_image\" \/>\n<!-- \/ Yoast SEO plugin. -->","yoast_head_json":{"title":"Meilleurs fabricants de radiateurs tubulaires \u00e0 huile | Cheri-heater.com","description":"Fabricants de r\u00e9chauffeurs d'huile tubulaires de premier plan\u00a0: r\u00e9chauffeurs d'huile de haute qualit\u00e9 et efficaces pour usage industriel et commercial. Solutions de chauffage fiables et durables. Contactez-nous\u00a0!","robots":{"index":"index","follow":"follow","max-snippet":"max-snippet:-1","max-image-preview":"max-image-preview:large","max-video-preview":"max-video-preview:-1"},"canonical":"https:\/\/cheri-heater.com\/fr\/product\/rechauffeur-dhuile-tubulaire\/","og_locale":"en_US","og_type":"article","og_title":"Meilleurs fabricants de radiateurs tubulaires \u00e0 huile | Cheri-heater.com","og_description":"Fabricants de r\u00e9chauffeurs d'huile tubulaires de premier plan\u00a0: r\u00e9chauffeurs d'huile de haute qualit\u00e9 et efficaces pour usage industriel et commercial. Solutions de chauffage fiables et durables. Contactez-nous\u00a0!","og_url":"https:\/\/cheri-heater.com\/fr\/product\/rechauffeur-dhuile-tubulaire\/","og_site_name":"Cheri Heater Technology Co.,Ltd.","twitter_card":"summary_large_image","schema":{"@context":"https:\/\/schema.org","@graph":[{"@type":"WebPage","@id":"https:\/\/cheri-heater.com\/fr\/product\/rechauffeur-dhuile-tubulaire\/","url":"https:\/\/cheri-heater.com\/fr\/product\/rechauffeur-dhuile-tubulaire\/","name":"Meilleurs fabricants de radiateurs tubulaires \u00e0 huile | Cheri-heater.com","isPartOf":{"@id":"https:\/\/cheri-heater.com\/fr\/#website"},"datePublished":"2025-05-17T02:37:51+00:00","description":"Fabricants de r\u00e9chauffeurs d'huile tubulaires de premier plan\u00a0: r\u00e9chauffeurs d'huile de haute qualit\u00e9 et efficaces pour usage industriel et commercial. Solutions de chauffage fiables et durables. Contactez-nous\u00a0!","breadcrumb":{"@id":"https:\/\/cheri-heater.com\/fr\/product\/rechauffeur-dhuile-tubulaire\/#breadcrumb"},"inLanguage":"en-US","potentialAction":[{"@type":"ReadAction","target":["https:\/\/cheri-heater.com\/fr\/product\/rechauffeur-dhuile-tubulaire\/"]}]},{"@type":"BreadcrumbList","@id":"https:\/\/cheri-heater.com\/fr\/product\/rechauffeur-dhuile-tubulaire\/#breadcrumb","itemListElement":[{"@type":"ListItem","position":1,"name":"Home","item":"https:\/\/cheri-heater.com\/fr\/"},{"@type":"ListItem","position":2,"name":"Products","item":"https:\/\/cheri-heater.com\/fr\/products\/"},{"@type":"ListItem","position":3,"name":"R\u00e9chauffeur D&#8217;huile Tubulaire"}]},{"@type":"WebSite","@id":"https:\/\/cheri-heater.com\/fr\/#website","url":"https:\/\/cheri-heater.com\/fr\/","name":"Cheri Heater Technology Co.,Ltd.","description":"","publisher":{"@id":"https:\/\/cheri-heater.com\/fr\/#organization"},"potentialAction":[{"@type":"SearchAction","target":{"@type":"EntryPoint","urlTemplate":"https:\/\/cheri-heater.com\/fr\/?s={search_term_string}"},"query-input":{"@type":"PropertyValueSpecification","valueRequired":true,"valueName":"search_term_string"}}],"inLanguage":"en-US"},{"@type":"Organization","@id":"https:\/\/cheri-heater.com\/fr\/#organization","name":"Cheri Heater Technology Co.,Ltd.","url":"https:\/\/cheri-heater.com\/fr\/","logo":{"@type":"ImageObject","inLanguage":"en-US","@id":"https:\/\/cheri-heater.com\/fr\/#\/schema\/logo\/image\/","url":"https:\/\/cheri-heater.com\/fr\/wp-content\/uploads\/2024\/06\/cropped-logo-resize.png","contentUrl":"https:\/\/cheri-heater.com\/fr\/wp-content\/uploads\/2024\/06\/cropped-logo-resize.png","width":346,"height":99,"caption":"Cheri Heater Technology Co.,Ltd."},"image":{"@id":"https:\/\/cheri-heater.com\/fr\/#\/schema\/logo\/image\/"}}]}},"_links":{"self":[{"href":"https:\/\/cheri-heater.com\/fr\/wp-json\/wp\/v2\/product\/1857","targetHints":{"allow":["GET"]}}],"collection":[{"href":"https:\/\/cheri-heater.com\/fr\/wp-json\/wp\/v2\/product"}],"about":[{"href":"https:\/\/cheri-heater.com\/fr\/wp-json\/wp\/v2\/types\/product"}],"wp:attachment":[{"href":"https:\/\/cheri-heater.com\/fr\/wp-json\/wp\/v2\/media?parent=1857"}],"wp:term":[{"taxonomy":"product_brand","embeddable":true,"href":"https:\/\/cheri-heater.com\/fr\/wp-json\/wp\/v2\/product_brand?post=1857"},{"taxonomy":"product_cat","embeddable":true,"href":"https:\/\/cheri-heater.com\/fr\/wp-json\/wp\/v2\/product_cat?post=1857"},{"taxonomy":"product_tag","embeddable":true,"href":"https:\/\/cheri-heater.com\/fr\/wp-json\/wp\/v2\/product_tag?post=1857"}],"curies":[{"name":"wp","href":"https:\/\/api.w.org\/{rel}","templated":true}]}}