{"id":1858,"date":"2025-05-17T02:41:26","date_gmt":"2025-05-17T02:41:26","guid":{"rendered":"https:\/\/cheri-heater.com\/fr\/?post_type=product&#038;p=1858"},"modified":"2025-05-17T02:41:26","modified_gmt":"2025-05-17T02:41:26","slug":"chauffe-eau-tubulaire","status":"publish","type":"product","link":"https:\/\/cheri-heater.com\/fr\/product\/chauffe-eau-tubulaire\/","title":{"rendered":"Chauffe-Eau Tubulaire"},"content":{"rendered":"","protected":false},"excerpt":{"rendered":"<h2><b><span><span class=\"\">Fabricants de chauffe-eau tubulaires de qualit\u00e9 sup\u00e9rieure<\/span><\/span><\/b><\/h2>\n<p><b><span>Le chauffe-eau tubulaire\u00a0<\/span><\/b><span>Cheri Heater\u00a0<\/span><span>offre une solution robuste, efficace et durable aux entreprises exigeant des performances de chauffage constantes. Con\u00e7u pour un usage industriel et commercial, ce produit associe des mat\u00e9riaux de haute qualit\u00e9 \u00e0 une technologie de pointe pour garantir sa fiabilit\u00e9 dans les environnements exigeants.\u00a0<\/span><\/p>\n<p><span>Que vous g\u00e9riez des processus de fabrication, des syst\u00e8mes de blanchisserie \u00e0 grande \u00e9chelle ou des applications sp\u00e9cialis\u00e9es, ce radiateur est con\u00e7u pour r\u00e9pondre \u00e0 vos besoins avec pr\u00e9cision et durabilit\u00e9.<\/span><\/p>\n<h3><b><span>Des performances sup\u00e9rieures pour des exigences \u00e9lev\u00e9es<\/span><\/b><\/h3>\n<p><span>Ce\u00a0<\/span><b><span>chauffe-eau tubulaire\u00a0<\/span><\/b><span>est con\u00e7u pour offrir une efficacit\u00e9 thermique exceptionnelle tout en maintenant un fonctionnement constant. Sa structure tubulaire sans soudure assure une r\u00e9partition homog\u00e8ne de la chaleur, r\u00e9duisant ainsi la consommation d&#8217;\u00e9nergie et optimisant les performances. Con\u00e7u pour un fonctionnement continu, ce chauffe-eau est id\u00e9al pour les entreprises n\u00e9cessitant un chauffage ininterrompu pendant de longues heures.<\/span><\/p>\n<p><b><span>Caract\u00e9ristiques principales :<\/span><\/b><\/p>\n<ul>\n<li aria-level=\"1\"><b><span>Construction durable :\u00a0<\/span><\/b><span>Fabriqu\u00e9 \u00e0 partir de mat\u00e9riaux r\u00e9sistants \u00e0 la corrosion, garantissant la long\u00e9vit\u00e9 dans des environnements rigoureux.<\/span><\/li>\n<li aria-level=\"1\"><b><span>Conception personnalisable :\u00a0<\/span><\/b><span>disponible dans une vari\u00e9t\u00e9 de longueurs et de densit\u00e9s de puissance pour r\u00e9pondre \u00e0 divers besoins industriels.<\/span><\/li>\n<li aria-level=\"1\"><b><span>Installation rapide :\u00a0<\/span><\/b><span>la conception simplifi\u00e9e permet une int\u00e9gration facile dans les syst\u00e8mes existants.<\/span><\/li>\n<li aria-level=\"1\"><b><span>S\u00e9curit\u00e9 assur\u00e9e :\u00a0<\/span><\/b><span>\u00e9quip\u00e9 de m\u00e9canismes de protection contre la surchauffe pour maintenir des op\u00e9rations s\u00fbres.<\/span><\/li>\n<\/ul>\n<h2><b><span>Applications du chauffe-eau tubulaire Cheri Heater<\/span><\/b><\/h2>\n<p><span>Con\u00e7u pour r\u00e9pondre aux besoins de diverses industries, le\u00a0<\/span><b><span>chauffe-eau tubulaire\u00a0<\/span><\/b><span>est un choix polyvalent pour des applications telles que :<\/span><\/p>\n<ul>\n<li aria-level=\"1\"><b><span>Traitement chimique :\u00a0<\/span><\/b><span>assure un contr\u00f4le pr\u00e9cis de la temp\u00e9rature pour les r\u00e9actions chimiques.<\/span><\/li>\n<li aria-level=\"1\"><b><span>Industrie agroalimentaire :\u00a0<\/span><\/b><span>maintient l\u2019eau \u00e0 la temp\u00e9rature optimale pour le nettoyage et le traitement.<\/span><\/li>\n<li aria-level=\"1\"><b><span>Fabrication pharmaceutique :\u00a0<\/span><\/b><span>Maintient des conditions st\u00e9riles en fournissant un chauffage constant.<\/span><\/li>\n<li aria-level=\"1\"><b><span>Syst\u00e8mes CVC :\u00a0<\/span><\/b><span>Alimente les chaudi\u00e8res et les syst\u00e8mes de chauffage central pour les espaces commerciaux.<\/span><\/li>\n<\/ul>\n<h3><b><span>Chauffe-eau tubulaire de qualit\u00e9 auquel vous pouvez faire confiance<\/span><\/b><\/h3>\n<p><span>Chez Cheri Heater, la qualit\u00e9 est la pierre angulaire de notre processus de fabrication. Chaque\u00a0<\/span><b><span>chauffe-eau tubulaire\u00a0<\/span><\/b><span>est soumis \u00e0 des tests rigoureux pour r\u00e9pondre aux normes de l&#8217;industrie. Gr\u00e2ce \u00e0 ses performances fiables et \u00e0 sa facilit\u00e9 d&#8217;entretien, ce chauffe-eau minimise les temps d&#8217;arr\u00eat et optimise l&#8217;efficacit\u00e9 op\u00e9rationnelle.<\/span><\/p>\n<p><b><span><span class=\"VIpgJd-yAWNEb-VIpgJd-fmcmS-sn54Q\">Investissez dans une solution qui soutient les objectifs de productivit\u00e9 de votre entreprise. Optez pour le chauffe-eau tubulaire\u00a0<\/span><\/span><\/b><span><span class=\"VIpgJd-yAWNEb-VIpgJd-fmcmS-sn54Q\">Cheri Heater\u00a0<\/span><\/span><span><span class=\"VIpgJd-yAWNEb-VIpgJd-fmcmS-sn54Q\">et d\u00e9couvrez un produit con\u00e7u pour fonctionner sous pression. Contactez-nous d\u00e8s aujourd&#8217;hui pour vos commandes group\u00e9es et demandes de renseignements\u00a0!<\/span><\/span><\/p>\n","protected":false},"featured_media":1859,"template":"","meta":[],"product_brand":[],"product_cat":[28],"product_tag":[218],"class_list":{"0":"post-1858","1":"product","2":"type-product","3":"status-publish","4":"has-post-thumbnail","6":"product_cat-tubular-heater","7":"product_tag-chauffe-eau-tubulaire","9":"first","10":"instock","11":"shipping-taxable","12":"product-type-simple"},"yoast_head":"<!-- This site is optimized with the Yoast SEO plugin v27.3 - https:\/\/yoast.com\/product\/yoast-seo-wordpress\/ -->\n<title>Fabricants de chauffe-eau tubulaires de qualit\u00e9 sup\u00e9rieure | Cheri-heater.com<\/title>\n<meta name=\"description\" content=\"Fabricants leaders de chauffe-eau tubulaires\u00a0: chauffe-eau de haute qualit\u00e9 et performants pour usage industriel et commercial. Solutions de chauffage durables. Contactez-nous\u00a0!\" \/>\n<meta name=\"robots\" content=\"index, follow, max-snippet:-1, max-image-preview:large, max-video-preview:-1\" \/>\n<link rel=\"canonical\" href=\"https:\/\/cheri-heater.com\/fr\/product\/chauffe-eau-tubulaire\/\" \/>\n<meta property=\"og:locale\" content=\"en_US\" \/>\n<meta property=\"og:type\" content=\"article\" \/>\n<meta property=\"og:title\" content=\"Fabricants de chauffe-eau tubulaires de qualit\u00e9 sup\u00e9rieure | Cheri-heater.com\" \/>\n<meta property=\"og:description\" content=\"Fabricants leaders de chauffe-eau tubulaires\u00a0: chauffe-eau de haute qualit\u00e9 et performants pour usage industriel et commercial. Solutions de chauffage durables. Contactez-nous\u00a0!\" \/>\n<meta property=\"og:url\" content=\"https:\/\/cheri-heater.com\/fr\/product\/chauffe-eau-tubulaire\/\" \/>\n<meta property=\"og:site_name\" content=\"Cheri Heater Technology Co.,Ltd.\" \/>\n<meta property=\"og:image\" content=\"https:\/\/cheri-heater.com\/fr\/wp-content\/uploads\/2025\/05\/b295e437-cc1b-4ad5-8179-87b7bee77652-1.jpg\" \/>\n\t<meta property=\"og:image:width\" content=\"800\" \/>\n\t<meta property=\"og:image:height\" content=\"678\" \/>\n\t<meta property=\"og:image:type\" content=\"image\/jpeg\" \/>\n<meta name=\"twitter:card\" content=\"summary_large_image\" \/>\n<meta name=\"twitter:label1\" content=\"Est. reading time\" \/>\n\t<meta name=\"twitter:data1\" content=\"1 minute\" \/>\n<!-- \/ Yoast SEO plugin. -->","yoast_head_json":{"title":"Fabricants de chauffe-eau tubulaires de qualit\u00e9 sup\u00e9rieure | Cheri-heater.com","description":"Fabricants leaders de chauffe-eau tubulaires\u00a0: chauffe-eau de haute qualit\u00e9 et performants pour usage industriel et commercial. Solutions de chauffage durables. Contactez-nous\u00a0!","robots":{"index":"index","follow":"follow","max-snippet":"max-snippet:-1","max-image-preview":"max-image-preview:large","max-video-preview":"max-video-preview:-1"},"canonical":"https:\/\/cheri-heater.com\/fr\/product\/chauffe-eau-tubulaire\/","og_locale":"en_US","og_type":"article","og_title":"Fabricants de chauffe-eau tubulaires de qualit\u00e9 sup\u00e9rieure | Cheri-heater.com","og_description":"Fabricants leaders de chauffe-eau tubulaires\u00a0: chauffe-eau de haute qualit\u00e9 et performants pour usage industriel et commercial. Solutions de chauffage durables. Contactez-nous\u00a0!","og_url":"https:\/\/cheri-heater.com\/fr\/product\/chauffe-eau-tubulaire\/","og_site_name":"Cheri Heater Technology Co.,Ltd.","og_image":[{"width":800,"height":678,"url":"https:\/\/cheri-heater.com\/fr\/wp-content\/uploads\/2025\/05\/b295e437-cc1b-4ad5-8179-87b7bee77652-1.jpg","type":"image\/jpeg"}],"twitter_card":"summary_large_image","twitter_misc":{"Est. reading time":"1 minute"},"schema":{"@context":"https:\/\/schema.org","@graph":[{"@type":"WebPage","@id":"https:\/\/cheri-heater.com\/fr\/product\/chauffe-eau-tubulaire\/","url":"https:\/\/cheri-heater.com\/fr\/product\/chauffe-eau-tubulaire\/","name":"Fabricants de chauffe-eau tubulaires de qualit\u00e9 sup\u00e9rieure | Cheri-heater.com","isPartOf":{"@id":"https:\/\/cheri-heater.com\/fr\/#website"},"primaryImageOfPage":{"@id":"https:\/\/cheri-heater.com\/fr\/product\/chauffe-eau-tubulaire\/#primaryimage"},"image":{"@id":"https:\/\/cheri-heater.com\/fr\/product\/chauffe-eau-tubulaire\/#primaryimage"},"thumbnailUrl":"https:\/\/cheri-heater.com\/fr\/wp-content\/uploads\/2025\/05\/b295e437-cc1b-4ad5-8179-87b7bee77652-1.jpg","datePublished":"2025-05-17T02:41:26+00:00","description":"Fabricants leaders de chauffe-eau tubulaires\u00a0: chauffe-eau de haute qualit\u00e9 et performants pour usage industriel et commercial. Solutions de chauffage durables. Contactez-nous\u00a0!","breadcrumb":{"@id":"https:\/\/cheri-heater.com\/fr\/product\/chauffe-eau-tubulaire\/#breadcrumb"},"inLanguage":"en-US","potentialAction":[{"@type":"ReadAction","target":["https:\/\/cheri-heater.com\/fr\/product\/chauffe-eau-tubulaire\/"]}]},{"@type":"ImageObject","inLanguage":"en-US","@id":"https:\/\/cheri-heater.com\/fr\/product\/chauffe-eau-tubulaire\/#primaryimage","url":"https:\/\/cheri-heater.com\/fr\/wp-content\/uploads\/2025\/05\/b295e437-cc1b-4ad5-8179-87b7bee77652-1.jpg","contentUrl":"https:\/\/cheri-heater.com\/fr\/wp-content\/uploads\/2025\/05\/b295e437-cc1b-4ad5-8179-87b7bee77652-1.jpg","width":800,"height":678,"caption":"Chauffe-Eau Tubulaire"},{"@type":"BreadcrumbList","@id":"https:\/\/cheri-heater.com\/fr\/product\/chauffe-eau-tubulaire\/#breadcrumb","itemListElement":[{"@type":"ListItem","position":1,"name":"Home","item":"https:\/\/cheri-heater.com\/fr\/"},{"@type":"ListItem","position":2,"name":"Products","item":"https:\/\/cheri-heater.com\/fr\/products\/"},{"@type":"ListItem","position":3,"name":"Chauffe-Eau Tubulaire"}]},{"@type":"WebSite","@id":"https:\/\/cheri-heater.com\/fr\/#website","url":"https:\/\/cheri-heater.com\/fr\/","name":"Cheri Heater Technology Co.,Ltd.","description":"","publisher":{"@id":"https:\/\/cheri-heater.com\/fr\/#organization"},"potentialAction":[{"@type":"SearchAction","target":{"@type":"EntryPoint","urlTemplate":"https:\/\/cheri-heater.com\/fr\/?s={search_term_string}"},"query-input":{"@type":"PropertyValueSpecification","valueRequired":true,"valueName":"search_term_string"}}],"inLanguage":"en-US"},{"@type":"Organization","@id":"https:\/\/cheri-heater.com\/fr\/#organization","name":"Cheri Heater Technology Co.,Ltd.","url":"https:\/\/cheri-heater.com\/fr\/","logo":{"@type":"ImageObject","inLanguage":"en-US","@id":"https:\/\/cheri-heater.com\/fr\/#\/schema\/logo\/image\/","url":"https:\/\/cheri-heater.com\/fr\/wp-content\/uploads\/2024\/06\/cropped-logo-resize.png","contentUrl":"https:\/\/cheri-heater.com\/fr\/wp-content\/uploads\/2024\/06\/cropped-logo-resize.png","width":346,"height":99,"caption":"Cheri Heater Technology Co.,Ltd."},"image":{"@id":"https:\/\/cheri-heater.com\/fr\/#\/schema\/logo\/image\/"}}]}},"_links":{"self":[{"href":"https:\/\/cheri-heater.com\/fr\/wp-json\/wp\/v2\/product\/1858","targetHints":{"allow":["GET"]}}],"collection":[{"href":"https:\/\/cheri-heater.com\/fr\/wp-json\/wp\/v2\/product"}],"about":[{"href":"https:\/\/cheri-heater.com\/fr\/wp-json\/wp\/v2\/types\/product"}],"wp:featuredmedia":[{"embeddable":true,"href":"https:\/\/cheri-heater.com\/fr\/wp-json\/wp\/v2\/media\/1859"}],"wp:attachment":[{"href":"https:\/\/cheri-heater.com\/fr\/wp-json\/wp\/v2\/media?parent=1858"}],"wp:term":[{"taxonomy":"product_brand","embeddable":true,"href":"https:\/\/cheri-heater.com\/fr\/wp-json\/wp\/v2\/product_brand?post=1858"},{"taxonomy":"product_cat","embeddable":true,"href":"https:\/\/cheri-heater.com\/fr\/wp-json\/wp\/v2\/product_cat?post=1858"},{"taxonomy":"product_tag","embeddable":true,"href":"https:\/\/cheri-heater.com\/fr\/wp-json\/wp\/v2\/product_tag?post=1858"}],"curies":[{"name":"wp","href":"https:\/\/api.w.org\/{rel}","templated":true}]}}