{"id":842,"date":"2024-06-03T18:08:21","date_gmt":"2024-06-03T18:08:21","guid":{"rendered":"https:\/\/cheri-heater.com\/fr\/?post_type=product&#038;p=842"},"modified":"2024-07-28T23:49:21","modified_gmt":"2024-07-28T23:49:21","slug":"brass-band-heater","status":"publish","type":"product","link":"https:\/\/cheri-heater.com\/fr\/product\/brass-band-heater\/","title":{"rendered":"chauffage en bande en laiton"},"content":{"rendered":"<table width=\"750\" cellspacing=\"0\" cellpadding=\"0\">\n<tbody>\n<tr valign=\"top\">\n<td bgcolor=\"#f3f4f8\" width=\"224\">\n<p class=\"western\" align=\"left\"><span style=\"font-family: \u5b8b\u4f53;\"><span style=\"font-size: medium;\"><b>Nom du produit<\/b><\/span><\/span><\/p>\n<\/td>\n<td width=\"524\">\n<p class=\"western\" align=\"left\"><span style=\"font-family: \u5b8b\u4f53;\"><span style=\"font-size: small;\">Chauffage \u00e0 bande en laiton<\/span><\/span><\/p>\n<\/td>\n<\/tr>\n<tr valign=\"top\">\n<td bgcolor=\"#f3f4f8\" width=\"224\">\n<p class=\"western\" align=\"left\"><span style=\"font-family: \u5b8b\u4f53;\"><span style=\"font-size: medium;\"><b>Mat\u00e9riau<\/b><\/span><\/span><\/p>\n<\/td>\n<td width=\"524\">\n<p class=\"western\" align=\"left\"><span style=\"font-family: \u5b8b\u4f53;\"><span style=\"font-size: small;\">Laiton<\/span><\/span><\/p>\n<\/td>\n<\/tr>\n<tr valign=\"top\">\n<td bgcolor=\"#f3f4f8\" width=\"224\">\n<p class=\"western\" align=\"left\"><span style=\"font-family: \u5b8b\u4f53;\"><span style=\"font-size: medium;\"><b>Voltage<\/b><\/span><\/span><\/p>\n<\/td>\n<td width=\"524\">\n<p class=\"western\" align=\"left\"><span style=\"font-family: \u5b8b\u4f53;\"><span style=\"font-size: small;\">110V, 220V, 450V<\/span><\/span><\/p>\n<\/td>\n<\/tr>\n<tr valign=\"top\">\n<td bgcolor=\"#f3f4f8\" width=\"224\">\n<p class=\"western\" align=\"left\"><span style=\"font-family: \u5b8b\u4f53;\"><span style=\"font-size: medium;\"><b>Taille<\/b><\/span><\/span><\/p>\n<\/td>\n<td width=\"524\">\n<p class=\"western\" align=\"left\"><span style=\"font-family: \u5b8b\u4f53;\"><span style=\"font-size: small;\">35*45\/35*50\/35*60\/36*30\/36*35mm (diam\u00e8tre*hauteur)<\/span><\/span><\/p>\n<\/td>\n<\/tr>\n<tr valign=\"top\">\n<td bgcolor=\"#f3f4f8\" width=\"224\">\n<p class=\"western\" align=\"left\"><span style=\"font-family: \u5b8b\u4f53;\"><span style=\"font-size: medium;\"><b>Puissance<\/b><\/span><\/span><\/p>\n<\/td>\n<td width=\"524\">\n<p class=\"western\" align=\"left\"><span style=\"font-family: \u5b8b\u4f53;\"><span style=\"font-size: small;\">200W\/250W\/280W\/150W\/180W<\/span><\/span><\/p>\n<\/td>\n<\/tr>\n<tr valign=\"top\">\n<td bgcolor=\"#f3f4f8\" width=\"224\">\n<p class=\"western\" align=\"left\"><span style=\"font-family: \u5b8b\u4f53;\"><span style=\"font-size: medium;\"><b>Temp\u00e9rature de fonctionnement maximale<\/b><\/span><\/span><\/p>\n<\/td>\n<td width=\"524\">\n<p class=\"western\" align=\"left\"><span style=\"font-family: \u5b8b\u4f53;\"><span style=\"font-size: small;\"><span lang=\"en-US\">300-400<\/span><\/span><\/span><span style=\"font-family: \u5b8b\u4f53;\"><span style=\"font-size: small;\"><span lang=\"en-US\">\u2103<\/span><\/span><\/span><\/p>\n<\/td>\n<\/tr>\n<tr valign=\"top\">\n<td bgcolor=\"#f3f4f8\" width=\"224\">\n<p class=\"western\" align=\"left\"><span style=\"font-family: \u5b8b\u4f53;\"><span style=\"font-size: medium;\"><b>Type de fil r\u00e9sistif<\/b><\/span><\/span><\/p>\n<\/td>\n<td width=\"524\">\n<p class=\"western\" align=\"left\"><span style=\"font-family: \u5b8b\u4f53;\"><span style=\"font-size: small;\">NiCr 80\/20<\/span><\/span><\/p>\n<\/td>\n<\/tr>\n<tr valign=\"top\">\n<td bgcolor=\"#f3f4f8\" width=\"224\">\n<p class=\"western\" align=\"left\"><span style=\"font-family: \u5b8b\u4f53;\"><span style=\"font-size: medium;\"><b>Construction de la bande<\/b><\/span><\/span><\/p>\n<\/td>\n<td width=\"524\">\n<p class=\"western\" align=\"left\"><span style=\"font-family: \u5b8b\u4f53;\"><span style=\"font-size: small;\">Monobloc ou en deux pi\u00e8ces<\/span><\/span><\/p>\n<\/td>\n<\/tr>\n<tr valign=\"top\">\n<td bgcolor=\"#f3f4f8\" width=\"224\">\n<p class=\"western\" align=\"left\"><span style=\"font-family: \u5b8b\u4f53;\"><span style=\"font-size: medium;\"><b>Type de m\u00e9canisme de verrouillage de l&#8217;\u00e9cart<\/b><\/span><\/span><\/p>\n<\/td>\n<td width=\"524\">\n<p class=\"western\" align=\"left\"><span style=\"font-family: \u5b8b\u4f53;\"><span style=\"font-size: small;\">Bride, \u00c9crous \u00e0 baril ou Aucun<\/span><\/span><\/p>\n<\/td>\n<\/tr>\n<tr valign=\"top\">\n<td bgcolor=\"#f3f4f8\" width=\"224\">\n<p class=\"western\" align=\"left\"><span style=\"font-family: \u5b8b\u4f53;\"><span style=\"font-size: medium;\"><b>Position de sortie des fils<\/b><\/span><\/span><\/p>\n<\/td>\n<td width=\"524\">\n<p class=\"western\" align=\"left\"><span style=\"font-family: \u5b8b\u4f53;\"><span style=\"font-size: small;\">Standard ou Personnalis\u00e9<\/span><\/span><\/p>\n<\/td>\n<\/tr>\n<tr valign=\"top\">\n<td bgcolor=\"#f3f4f8\" width=\"224\">\n<p class=\"western\" align=\"left\"><span style=\"font-family: \u5b8b\u4f53;\"><span style=\"font-size: medium;\"><b>Style de terminaison<\/b><\/span><\/span><\/p>\n<\/td>\n<td width=\"524\">\n<p class=\"western\" align=\"left\"><span style=\"font-family: \u5b8b\u4f53;\"><span style=\"font-size: small;\">Fil standard, Terminal \u00e0 vis ; Prise Euro 2 broches ou Prise Euro 3 broches<\/span><\/span><\/p>\n<\/td>\n<\/tr>\n<tr valign=\"top\">\n<td bgcolor=\"#f3f4f8\" width=\"224\">\n<p class=\"western\" align=\"left\"><span style=\"font-family: \u5b8b\u4f53;\"><span style=\"font-size: medium;\"><b>Disponibilit\u00e9 des trous<\/b><\/span><\/span><\/p>\n<\/td>\n<td width=\"524\">\n<p class=\"western\" align=\"left\"><span style=\"font-family: \u5b8b\u4f53;\"><span style=\"font-size: small;\">Conception personnalis\u00e9e<\/span><\/span><\/p>\n<\/td>\n<\/tr>\n<tr valign=\"top\">\n<td bgcolor=\"#f3f4f8\" width=\"224\">\n<p class=\"western\" align=\"left\"><span style=\"font-family: \u5b8b\u4f53;\"><span style=\"font-size: medium;\"><b>Disponibilit\u00e9 des encoches<\/b><\/span><\/span><\/p>\n<\/td>\n<td width=\"524\">\n<p class=\"western\" align=\"left\"><span style=\"font-family: \u5b8b\u4f53;\"><span style=\"font-size: small;\">Conception personnalis\u00e9e<\/span><\/span><\/p>\n<\/td>\n<\/tr>\n<\/tbody>\n<\/table>\n","protected":false},"excerpt":{"rendered":"<p>Nom du produit Chauffage \u00e0 bande en laiton Mat\u00e9riau Laiton Voltage 110V, 220V, 450V Taille 35*45\/35*50\/35*60\/36*30\/36*35mm (diam\u00e8tre*hauteur) Puissance 200W\/250W\/280W\/150W\/180W Temp\u00e9rature de fonctionnement maximale 300-400\u2103 Type de fil r\u00e9sistif NiCr 80\/20 Construction de la bande Monobloc ou en deux pi\u00e8ces Type de m\u00e9canisme de verrouillage de l&#8217;\u00e9cart Bride, \u00c9crous \u00e0 baril ou Aucun Position de sortie [&hellip;]<\/p>\n","protected":false},"featured_media":848,"template":"","meta":[],"product_brand":[],"product_cat":[20],"product_tag":[149],"class_list":{"0":"post-842","1":"product","2":"type-product","3":"status-publish","4":"has-post-thumbnail","6":"product_cat-band-heater","7":"product_tag-brass-band-heater","9":"first","10":"instock","11":"shipping-taxable","12":"product-type-simple"},"yoast_head":"<!-- This site is optimized with the Yoast SEO plugin v27.3 - https:\/\/yoast.com\/product\/yoast-seo-wordpress\/ -->\n<title>chauffage en bande en laiton - Cheri Heater Technology Co.,Ltd.<\/title>\n<meta name=\"robots\" content=\"index, follow, max-snippet:-1, max-image-preview:large, max-video-preview:-1\" \/>\n<link rel=\"canonical\" href=\"https:\/\/cheri-heater.com\/fr\/product\/brass-band-heater\/\" \/>\n<meta property=\"og:locale\" content=\"en_US\" \/>\n<meta property=\"og:type\" content=\"article\" \/>\n<meta property=\"og:title\" content=\"chauffage en bande en laiton - Cheri Heater Technology Co.,Ltd.\" \/>\n<meta property=\"og:description\" content=\"Nom du produit Chauffage \u00e0 bande en laiton Mat\u00e9riau Laiton Voltage 110V, 220V, 450V Taille 35*45\/35*50\/35*60\/36*30\/36*35mm (diam\u00e8tre*hauteur) Puissance 200W\/250W\/280W\/150W\/180W Temp\u00e9rature de fonctionnement maximale 300-400\u2103 Type de fil r\u00e9sistif NiCr 80\/20 Construction de la bande Monobloc ou en deux pi\u00e8ces Type de m\u00e9canisme de verrouillage de l&#8217;\u00e9cart Bride, \u00c9crous \u00e0 baril ou Aucun Position de sortie [&hellip;]\" \/>\n<meta property=\"og:url\" content=\"https:\/\/cheri-heater.com\/fr\/product\/brass-band-heater\/\" \/>\n<meta property=\"og:site_name\" content=\"Cheri Heater Technology Co.,Ltd.\" \/>\n<meta property=\"article:modified_time\" content=\"2024-07-28T23:49:21+00:00\" \/>\n<meta property=\"og:image\" content=\"https:\/\/cheri-heater.com\/fr\/wp-content\/uploads\/2024\/06\/H0a276c6dba73471fa03c1e5099063a30b-1.jpg\" \/>\n\t<meta property=\"og:image:width\" content=\"800\" \/>\n\t<meta property=\"og:image:height\" content=\"800\" \/>\n\t<meta property=\"og:image:type\" content=\"image\/jpeg\" \/>\n<meta name=\"twitter:card\" content=\"summary_large_image\" \/>\n<meta name=\"twitter:label1\" content=\"Est. reading time\" \/>\n\t<meta name=\"twitter:data1\" content=\"1 minute\" \/>\n<!-- \/ Yoast SEO plugin. -->","yoast_head_json":{"title":"chauffage en bande en laiton - Cheri Heater Technology Co.,Ltd.","robots":{"index":"index","follow":"follow","max-snippet":"max-snippet:-1","max-image-preview":"max-image-preview:large","max-video-preview":"max-video-preview:-1"},"canonical":"https:\/\/cheri-heater.com\/fr\/product\/brass-band-heater\/","og_locale":"en_US","og_type":"article","og_title":"chauffage en bande en laiton - Cheri Heater Technology Co.,Ltd.","og_description":"Nom du produit Chauffage \u00e0 bande en laiton Mat\u00e9riau Laiton Voltage 110V, 220V, 450V Taille 35*45\/35*50\/35*60\/36*30\/36*35mm (diam\u00e8tre*hauteur) Puissance 200W\/250W\/280W\/150W\/180W Temp\u00e9rature de fonctionnement maximale 300-400\u2103 Type de fil r\u00e9sistif NiCr 80\/20 Construction de la bande Monobloc ou en deux pi\u00e8ces Type de m\u00e9canisme de verrouillage de l&#8217;\u00e9cart Bride, \u00c9crous \u00e0 baril ou Aucun Position de sortie [&hellip;]","og_url":"https:\/\/cheri-heater.com\/fr\/product\/brass-band-heater\/","og_site_name":"Cheri Heater Technology Co.,Ltd.","article_modified_time":"2024-07-28T23:49:21+00:00","og_image":[{"width":800,"height":800,"url":"https:\/\/cheri-heater.com\/fr\/wp-content\/uploads\/2024\/06\/H0a276c6dba73471fa03c1e5099063a30b-1.jpg","type":"image\/jpeg"}],"twitter_card":"summary_large_image","twitter_misc":{"Est. reading time":"1 minute"},"schema":{"@context":"https:\/\/schema.org","@graph":[{"@type":"WebPage","@id":"https:\/\/cheri-heater.com\/fr\/product\/brass-band-heater\/","url":"https:\/\/cheri-heater.com\/fr\/product\/brass-band-heater\/","name":"chauffage en bande en laiton - Cheri Heater Technology Co.,Ltd.","isPartOf":{"@id":"https:\/\/cheri-heater.com\/fr\/#website"},"primaryImageOfPage":{"@id":"https:\/\/cheri-heater.com\/fr\/product\/brass-band-heater\/#primaryimage"},"image":{"@id":"https:\/\/cheri-heater.com\/fr\/product\/brass-band-heater\/#primaryimage"},"thumbnailUrl":"https:\/\/cheri-heater.com\/fr\/wp-content\/uploads\/2024\/06\/H0a276c6dba73471fa03c1e5099063a30b-1.jpg","datePublished":"2024-06-03T18:08:21+00:00","dateModified":"2024-07-28T23:49:21+00:00","breadcrumb":{"@id":"https:\/\/cheri-heater.com\/fr\/product\/brass-band-heater\/#breadcrumb"},"inLanguage":"en-US","potentialAction":[{"@type":"ReadAction","target":["https:\/\/cheri-heater.com\/fr\/product\/brass-band-heater\/"]}]},{"@type":"ImageObject","inLanguage":"en-US","@id":"https:\/\/cheri-heater.com\/fr\/product\/brass-band-heater\/#primaryimage","url":"https:\/\/cheri-heater.com\/fr\/wp-content\/uploads\/2024\/06\/H0a276c6dba73471fa03c1e5099063a30b-1.jpg","contentUrl":"https:\/\/cheri-heater.com\/fr\/wp-content\/uploads\/2024\/06\/H0a276c6dba73471fa03c1e5099063a30b-1.jpg","width":800,"height":800},{"@type":"BreadcrumbList","@id":"https:\/\/cheri-heater.com\/fr\/product\/brass-band-heater\/#breadcrumb","itemListElement":[{"@type":"ListItem","position":1,"name":"Home","item":"https:\/\/cheri-heater.com\/fr\/"},{"@type":"ListItem","position":2,"name":"Products","item":"https:\/\/cheri-heater.com\/fr\/products\/"},{"@type":"ListItem","position":3,"name":"chauffage en bande en laiton"}]},{"@type":"WebSite","@id":"https:\/\/cheri-heater.com\/fr\/#website","url":"https:\/\/cheri-heater.com\/fr\/","name":"Cheri Heater Technology Co.,Ltd.","description":"","publisher":{"@id":"https:\/\/cheri-heater.com\/fr\/#organization"},"potentialAction":[{"@type":"SearchAction","target":{"@type":"EntryPoint","urlTemplate":"https:\/\/cheri-heater.com\/fr\/?s={search_term_string}"},"query-input":{"@type":"PropertyValueSpecification","valueRequired":true,"valueName":"search_term_string"}}],"inLanguage":"en-US"},{"@type":"Organization","@id":"https:\/\/cheri-heater.com\/fr\/#organization","name":"Cheri Heater Technology Co.,Ltd.","url":"https:\/\/cheri-heater.com\/fr\/","logo":{"@type":"ImageObject","inLanguage":"en-US","@id":"https:\/\/cheri-heater.com\/fr\/#\/schema\/logo\/image\/","url":"https:\/\/cheri-heater.com\/fr\/wp-content\/uploads\/2024\/06\/cropped-logo-resize.png","contentUrl":"https:\/\/cheri-heater.com\/fr\/wp-content\/uploads\/2024\/06\/cropped-logo-resize.png","width":346,"height":99,"caption":"Cheri Heater Technology Co.,Ltd."},"image":{"@id":"https:\/\/cheri-heater.com\/fr\/#\/schema\/logo\/image\/"}}]}},"_links":{"self":[{"href":"https:\/\/cheri-heater.com\/fr\/wp-json\/wp\/v2\/product\/842","targetHints":{"allow":["GET"]}}],"collection":[{"href":"https:\/\/cheri-heater.com\/fr\/wp-json\/wp\/v2\/product"}],"about":[{"href":"https:\/\/cheri-heater.com\/fr\/wp-json\/wp\/v2\/types\/product"}],"wp:featuredmedia":[{"embeddable":true,"href":"https:\/\/cheri-heater.com\/fr\/wp-json\/wp\/v2\/media\/848"}],"wp:attachment":[{"href":"https:\/\/cheri-heater.com\/fr\/wp-json\/wp\/v2\/media?parent=842"}],"wp:term":[{"taxonomy":"product_brand","embeddable":true,"href":"https:\/\/cheri-heater.com\/fr\/wp-json\/wp\/v2\/product_brand?post=842"},{"taxonomy":"product_cat","embeddable":true,"href":"https:\/\/cheri-heater.com\/fr\/wp-json\/wp\/v2\/product_cat?post=842"},{"taxonomy":"product_tag","embeddable":true,"href":"https:\/\/cheri-heater.com\/fr\/wp-json\/wp\/v2\/product_tag?post=842"}],"curies":[{"name":"wp","href":"https:\/\/api.w.org\/{rel}","templated":true}]}}