{"id":849,"date":"2024-06-03T18:08:33","date_gmt":"2024-06-03T18:08:33","guid":{"rendered":"https:\/\/cheri-heater.com\/fr\/?post_type=product&#038;p=849"},"modified":"2024-07-28T23:48:56","modified_gmt":"2024-07-28T23:48:56","slug":"ceramic-band-heater","status":"publish","type":"product","link":"https:\/\/cheri-heater.com\/fr\/product\/ceramic-band-heater\/","title":{"rendered":"chauffage en bande c\u00e9ramique"},"content":{"rendered":"<table width=\"750\" cellspacing=\"0\" cellpadding=\"0\">\n<tbody>\n<tr valign=\"top\">\n<td bgcolor=\"#ffffff\" width=\"306\" height=\"19\">\n<p class=\"western\" align=\"left\"><span style=\"color: #333333;\"><span style=\"font-family: Helvetica, Arial, sans-serif;\"><span style=\"font-size: small;\">Nom du produit<\/span><\/span><\/span><\/p>\n<\/td>\n<td bgcolor=\"#ffffff\" width=\"442\">\n<p class=\"western\" align=\"left\"><span style=\"color: #333333;\"><span style=\"font-family: Helvetica, Arial, sans-serif;\"><span style=\"font-size: small;\">Chauffages \u00e0 bande en c\u00e9ramique<\/span><\/span><\/span><\/p>\n<\/td>\n<\/tr>\n<tr valign=\"top\">\n<td bgcolor=\"#ffffff\" width=\"306\" height=\"20\">\n<p class=\"western\" align=\"left\"><span style=\"color: #333333;\"><span style=\"font-family: Helvetica, Arial, sans-serif;\"><span style=\"font-size: small;\">Mat\u00e9riau d&#8217;isolation<\/span><\/span><\/span><\/p>\n<\/td>\n<td bgcolor=\"#ffffff\" width=\"442\">\n<p class=\"western\" align=\"left\"><span style=\"color: #333333;\"><span style=\"font-family: Helvetica, Arial, sans-serif;\"><span style=\"font-size: small;\">Isolation en fibre c\u00e9ramique<\/span><\/span><\/span><\/p>\n<\/td>\n<\/tr>\n<tr valign=\"top\">\n<td bgcolor=\"#ffffff\" width=\"306\" height=\"20\">\n<p class=\"western\" align=\"left\"><span style=\"color: #333333;\"><span style=\"font-family: Helvetica, Arial, sans-serif;\"><span style=\"font-size: small;\">Plage de longueur d&#8217;onde<\/span><\/span><\/span><\/p>\n<\/td>\n<td bgcolor=\"#ffffff\" width=\"442\">\n<p class=\"western\" align=\"left\"><span style=\"color: #333333;\"><span style=\"font-family: Helvetica, Arial, sans-serif;\"><span style=\"font-size: small;\">2-10 Microns<\/span><\/span><\/span><\/p>\n<\/td>\n<\/tr>\n<tr valign=\"top\">\n<td bgcolor=\"#ffffff\" width=\"306\" height=\"20\">\n<p class=\"western\" align=\"left\"><span style=\"color: #333333;\"><span style=\"font-family: Helvetica, Arial, sans-serif;\"><span style=\"font-size: small;\">Densit\u00e9 de puissance maximale<\/span><\/span><\/span><\/p>\n<\/td>\n<td bgcolor=\"#ffffff\" width=\"442\">\n<p class=\"western\" align=\"left\"><span style=\"color: #333333;\"><span style=\"font-family: Helvetica, Arial, sans-serif;\"><span style=\"font-size: small;\">6 W\/cm\u00b2<\/span><\/span><\/span><\/p>\n<\/td>\n<\/tr>\n<tr valign=\"top\">\n<td bgcolor=\"#ffffff\" width=\"306\" height=\"20\">\n<p class=\"western\" align=\"left\"><span style=\"color: #333333;\"><span style=\"font-family: Helvetica, Arial, sans-serif;\"><span style=\"font-size: small;\">Tol\u00e9rance de puissance<\/span><\/span><\/span><\/p>\n<\/td>\n<td bgcolor=\"#ffffff\" width=\"442\">\n<p class=\"western\" align=\"left\"><span style=\"color: #333333;\"><span style=\"font-family: Helvetica, Arial, sans-serif;\"><span style=\"font-size: small;\">+5% -10%<\/span><\/span><\/span><\/p>\n<\/td>\n<\/tr>\n<tr valign=\"top\">\n<td bgcolor=\"#ffffff\" width=\"306\" height=\"20\">\n<p class=\"western\" align=\"left\"><span style=\"color: #333333;\"><span style=\"font-family: Helvetica, Arial, sans-serif;\"><span style=\"font-size: small;\">Temp\u00e9rature de fonctionnement<\/span><\/span><\/span><\/p>\n<\/td>\n<td bgcolor=\"#ffffff\" width=\"442\">\n<p class=\"western\" align=\"left\"><span style=\"color: #333333;\"><span style=\"font-family: Helvetica, Arial, sans-serif;\"><span style=\"font-size: small;\">300\u00b0C \u00e0 700\u00b0C (572\u00b0F &#8211; 1292\u00b0F)<\/span><\/span><\/span><\/p>\n<\/td>\n<\/tr>\n<tr valign=\"top\">\n<td bgcolor=\"#ffffff\" width=\"306\" height=\"20\">\n<p class=\"western\" align=\"left\"><span style=\"color: #333333;\"><span style=\"font-family: Helvetica, Arial, sans-serif;\"><span style=\"font-size: small;\">Diam\u00e8tre mini<\/span><\/span><\/span><\/p>\n<\/td>\n<td bgcolor=\"#ffffff\" width=\"442\">\n<p class=\"western\" align=\"left\"><span style=\"color: #333333;\"><span style=\"font-family: Helvetica, Arial, sans-serif;\"><span style=\"font-size: small;\">60mm<\/span><\/span><\/span><\/p>\n<\/td>\n<\/tr>\n<tr valign=\"top\">\n<td bgcolor=\"#ffffff\" width=\"306\" height=\"20\">\n<p class=\"western\" align=\"left\"><span style=\"color: #333333;\"><span style=\"font-family: Helvetica, Arial, sans-serif;\"><span style=\"font-size: small;\">Hauteur mini<\/span><\/span><\/span><\/p>\n<\/td>\n<td bgcolor=\"#ffffff\" width=\"442\">\n<p class=\"western\" align=\"left\"><span style=\"color: #333333;\"><span style=\"font-family: Helvetica, Arial, sans-serif;\"><span style=\"font-size: small;\">25,4mm<\/span><\/span><\/span><\/p>\n<\/td>\n<\/tr>\n<tr valign=\"top\">\n<td bgcolor=\"#ffffff\" width=\"306\" height=\"20\">\n<p class=\"western\" align=\"left\"><span style=\"color: #333333;\"><span style=\"font-family: Helvetica, Arial, sans-serif;\"><span style=\"font-size: small;\">\u00c9paisseur standard<\/span><\/span><\/span><\/p>\n<\/td>\n<td bgcolor=\"#ffffff\" width=\"442\">\n<p class=\"western\" align=\"left\"><span style=\"color: #333333;\"><span style=\"font-family: Helvetica, Arial, sans-serif;\"><span style=\"font-size: small;\">12 mm<\/span><\/span><\/span><\/p>\n<\/td>\n<\/tr>\n<tr valign=\"top\">\n<td bgcolor=\"#ffffff\" width=\"306\" height=\"20\">\n<p class=\"western\" align=\"left\"><span style=\"color: #333333;\"><span style=\"font-family: Helvetica, Arial, sans-serif;\"><span style=\"font-size: small;\">\u00c9cart standard<\/span><\/span><\/span><\/p>\n<\/td>\n<td bgcolor=\"#ffffff\" width=\"442\">\n<p class=\"western\" align=\"left\"><span style=\"color: #333333;\"><span style=\"font-family: Helvetica, Arial, sans-serif;\"><span style=\"font-size: small;\">9 mm<\/span><\/span><\/span><\/p>\n<\/td>\n<\/tr>\n<tr valign=\"top\">\n<td bgcolor=\"#ffffff\" width=\"306\" height=\"19\">\n<p class=\"western\" align=\"left\"><span style=\"color: #333333;\"><span style=\"font-family: Helvetica, Arial, sans-serif;\"><span style=\"font-size: small;\">Dur\u00e9e de vie op\u00e9rationnelle<\/span><\/span><\/span><\/p>\n<\/td>\n<td bgcolor=\"#ffffff\" width=\"442\">\n<p class=\"western\" align=\"left\"><span style=\"color: #333333;\"><span style=\"font-family: Helvetica, Arial, sans-serif;\"><span style=\"font-size: small;\">20000 heures<\/span><\/span><\/span><\/p>\n<\/td>\n<\/tr>\n<\/tbody>\n<\/table>\n","protected":false},"excerpt":{"rendered":"<p class=\"western\"><span style=\"color: #333333;\"><span style=\"font-family: Helvetica, Arial, sans-serif;\"><span style=\"font-size: small;\">Les chauffages \u00e0 bande en c\u00e9ramique sont des chauffages \u00e0 temp\u00e9rature moyenne \u00e0 \u00e9lev\u00e9e, avec une temp\u00e9rature de fonctionnement maximale de 600\u2103. Ils offrent une longue dur\u00e9e de vie et consomment moins de puissance (gr\u00e2ce \u00e0 l&#8217;isolation) dans les applications d&#8217;extrusion et de moulage par injection de plastiques.<\/span><\/span><\/span><\/p>\n<p class=\"western\"><span style=\"color: #333333;\"><span style=\"font-family: Helvetica, Arial, sans-serif;\"><span style=\"font-size: small;\">Les chauffages \u00e0 bande en c\u00e9ramique sont disponibles avec diff\u00e9rents styles de bornes, sont enti\u00e8rement flexibles et peuvent accueillir des trous et d\u00e9coupes. Un ing\u00e9nierie en usine est disponible pour aider \u00e0 la conception et au d\u00e9veloppement de chauffages sp\u00e9ciaux pour des besoins particuliers.<\/span><\/span><\/span><\/p>\n","protected":false},"featured_media":856,"template":"","meta":[],"product_brand":[],"product_cat":[20],"product_tag":[150],"class_list":{"0":"post-849","1":"product","2":"type-product","3":"status-publish","4":"has-post-thumbnail","6":"product_cat-band-heater","7":"product_tag-ceramic-band-heater","9":"first","10":"instock","11":"shipping-taxable","12":"product-type-simple"},"yoast_head":"<!-- This site is optimized with the Yoast SEO plugin v27.3 - https:\/\/yoast.com\/product\/yoast-seo-wordpress\/ -->\n<title>Meilleur fabricant de chauffages en bande c\u00e9ramique | Solutions de chauffage de qualit\u00e9<\/title>\n<meta name=\"description\" content=\"Fabricants de chauffages en bande c\u00e9ramique de premier plan offrant des solutions de chauffage industrielles de haute qualit\u00e9 et efficaces. Trouvez les meilleurs produits pour vos besoins avec des conseils d&#039;experts et un service client exceptionnel. D\u00e9couvrez d\u00e8s aujourd&#039;hui notre s\u00e9lection hautement recommand\u00e9e !\" \/>\n<meta name=\"robots\" content=\"index, follow, max-snippet:-1, max-image-preview:large, max-video-preview:-1\" \/>\n<link rel=\"canonical\" href=\"https:\/\/cheri-heater.com\/fr\/product\/ceramic-band-heater\/\" \/>\n<meta property=\"og:locale\" content=\"en_US\" \/>\n<meta property=\"og:type\" content=\"article\" \/>\n<meta property=\"og:title\" content=\"Meilleur fabricant de chauffages en bande c\u00e9ramique | Solutions de chauffage de qualit\u00e9\" \/>\n<meta property=\"og:description\" content=\"Fabricants de chauffages en bande c\u00e9ramique de premier plan offrant des solutions de chauffage industrielles de haute qualit\u00e9 et efficaces. Trouvez les meilleurs produits pour vos besoins avec des conseils d&#039;experts et un service client exceptionnel. D\u00e9couvrez d\u00e8s aujourd&#039;hui notre s\u00e9lection hautement recommand\u00e9e !\" \/>\n<meta property=\"og:url\" content=\"https:\/\/cheri-heater.com\/fr\/product\/ceramic-band-heater\/\" \/>\n<meta property=\"og:site_name\" content=\"Cheri Heater Technology Co.,Ltd.\" \/>\n<meta property=\"article:modified_time\" content=\"2024-07-28T23:48:56+00:00\" \/>\n<meta property=\"og:image\" content=\"https:\/\/cheri-heater.com\/fr\/wp-content\/uploads\/2024\/06\/HTB1J1hadjfguuRjSspkq6xchpXac-1.jpg\" \/>\n\t<meta property=\"og:image:width\" content=\"800\" \/>\n\t<meta property=\"og:image:height\" content=\"800\" \/>\n\t<meta property=\"og:image:type\" content=\"image\/jpeg\" \/>\n<meta name=\"twitter:card\" content=\"summary_large_image\" \/>\n<meta name=\"twitter:label1\" content=\"Est. reading time\" \/>\n\t<meta name=\"twitter:data1\" content=\"1 minute\" \/>\n<!-- \/ Yoast SEO plugin. -->","yoast_head_json":{"title":"Meilleur fabricant de chauffages en bande c\u00e9ramique | Solutions de chauffage de qualit\u00e9","description":"Fabricants de chauffages en bande c\u00e9ramique de premier plan offrant des solutions de chauffage industrielles de haute qualit\u00e9 et efficaces. Trouvez les meilleurs produits pour vos besoins avec des conseils d'experts et un service client exceptionnel. D\u00e9couvrez d\u00e8s aujourd'hui notre s\u00e9lection hautement recommand\u00e9e !","robots":{"index":"index","follow":"follow","max-snippet":"max-snippet:-1","max-image-preview":"max-image-preview:large","max-video-preview":"max-video-preview:-1"},"canonical":"https:\/\/cheri-heater.com\/fr\/product\/ceramic-band-heater\/","og_locale":"en_US","og_type":"article","og_title":"Meilleur fabricant de chauffages en bande c\u00e9ramique | Solutions de chauffage de qualit\u00e9","og_description":"Fabricants de chauffages en bande c\u00e9ramique de premier plan offrant des solutions de chauffage industrielles de haute qualit\u00e9 et efficaces. Trouvez les meilleurs produits pour vos besoins avec des conseils d'experts et un service client exceptionnel. D\u00e9couvrez d\u00e8s aujourd'hui notre s\u00e9lection hautement recommand\u00e9e !","og_url":"https:\/\/cheri-heater.com\/fr\/product\/ceramic-band-heater\/","og_site_name":"Cheri Heater Technology Co.,Ltd.","article_modified_time":"2024-07-28T23:48:56+00:00","og_image":[{"width":800,"height":800,"url":"https:\/\/cheri-heater.com\/fr\/wp-content\/uploads\/2024\/06\/HTB1J1hadjfguuRjSspkq6xchpXac-1.jpg","type":"image\/jpeg"}],"twitter_card":"summary_large_image","twitter_misc":{"Est. reading time":"1 minute"},"schema":{"@context":"https:\/\/schema.org","@graph":[{"@type":"WebPage","@id":"https:\/\/cheri-heater.com\/fr\/product\/ceramic-band-heater\/","url":"https:\/\/cheri-heater.com\/fr\/product\/ceramic-band-heater\/","name":"Meilleur fabricant de chauffages en bande c\u00e9ramique | Solutions de chauffage de qualit\u00e9","isPartOf":{"@id":"https:\/\/cheri-heater.com\/fr\/#website"},"primaryImageOfPage":{"@id":"https:\/\/cheri-heater.com\/fr\/product\/ceramic-band-heater\/#primaryimage"},"image":{"@id":"https:\/\/cheri-heater.com\/fr\/product\/ceramic-band-heater\/#primaryimage"},"thumbnailUrl":"https:\/\/cheri-heater.com\/fr\/wp-content\/uploads\/2024\/06\/HTB1J1hadjfguuRjSspkq6xchpXac-1.jpg","datePublished":"2024-06-03T18:08:33+00:00","dateModified":"2024-07-28T23:48:56+00:00","description":"Fabricants de chauffages en bande c\u00e9ramique de premier plan offrant des solutions de chauffage industrielles de haute qualit\u00e9 et efficaces. Trouvez les meilleurs produits pour vos besoins avec des conseils d'experts et un service client exceptionnel. D\u00e9couvrez d\u00e8s aujourd'hui notre s\u00e9lection hautement recommand\u00e9e !","breadcrumb":{"@id":"https:\/\/cheri-heater.com\/fr\/product\/ceramic-band-heater\/#breadcrumb"},"inLanguage":"en-US","potentialAction":[{"@type":"ReadAction","target":["https:\/\/cheri-heater.com\/fr\/product\/ceramic-band-heater\/"]}]},{"@type":"ImageObject","inLanguage":"en-US","@id":"https:\/\/cheri-heater.com\/fr\/product\/ceramic-band-heater\/#primaryimage","url":"https:\/\/cheri-heater.com\/fr\/wp-content\/uploads\/2024\/06\/HTB1J1hadjfguuRjSspkq6xchpXac-1.jpg","contentUrl":"https:\/\/cheri-heater.com\/fr\/wp-content\/uploads\/2024\/06\/HTB1J1hadjfguuRjSspkq6xchpXac-1.jpg","width":800,"height":800},{"@type":"BreadcrumbList","@id":"https:\/\/cheri-heater.com\/fr\/product\/ceramic-band-heater\/#breadcrumb","itemListElement":[{"@type":"ListItem","position":1,"name":"Home","item":"https:\/\/cheri-heater.com\/fr\/"},{"@type":"ListItem","position":2,"name":"Products","item":"https:\/\/cheri-heater.com\/fr\/products\/"},{"@type":"ListItem","position":3,"name":"chauffage en bande c\u00e9ramique"}]},{"@type":"WebSite","@id":"https:\/\/cheri-heater.com\/fr\/#website","url":"https:\/\/cheri-heater.com\/fr\/","name":"Cheri Heater Technology Co.,Ltd.","description":"","publisher":{"@id":"https:\/\/cheri-heater.com\/fr\/#organization"},"potentialAction":[{"@type":"SearchAction","target":{"@type":"EntryPoint","urlTemplate":"https:\/\/cheri-heater.com\/fr\/?s={search_term_string}"},"query-input":{"@type":"PropertyValueSpecification","valueRequired":true,"valueName":"search_term_string"}}],"inLanguage":"en-US"},{"@type":"Organization","@id":"https:\/\/cheri-heater.com\/fr\/#organization","name":"Cheri Heater Technology Co.,Ltd.","url":"https:\/\/cheri-heater.com\/fr\/","logo":{"@type":"ImageObject","inLanguage":"en-US","@id":"https:\/\/cheri-heater.com\/fr\/#\/schema\/logo\/image\/","url":"https:\/\/cheri-heater.com\/fr\/wp-content\/uploads\/2024\/06\/cropped-logo-resize.png","contentUrl":"https:\/\/cheri-heater.com\/fr\/wp-content\/uploads\/2024\/06\/cropped-logo-resize.png","width":346,"height":99,"caption":"Cheri Heater Technology Co.,Ltd."},"image":{"@id":"https:\/\/cheri-heater.com\/fr\/#\/schema\/logo\/image\/"}}]}},"_links":{"self":[{"href":"https:\/\/cheri-heater.com\/fr\/wp-json\/wp\/v2\/product\/849","targetHints":{"allow":["GET"]}}],"collection":[{"href":"https:\/\/cheri-heater.com\/fr\/wp-json\/wp\/v2\/product"}],"about":[{"href":"https:\/\/cheri-heater.com\/fr\/wp-json\/wp\/v2\/types\/product"}],"wp:featuredmedia":[{"embeddable":true,"href":"https:\/\/cheri-heater.com\/fr\/wp-json\/wp\/v2\/media\/856"}],"wp:attachment":[{"href":"https:\/\/cheri-heater.com\/fr\/wp-json\/wp\/v2\/media?parent=849"}],"wp:term":[{"taxonomy":"product_brand","embeddable":true,"href":"https:\/\/cheri-heater.com\/fr\/wp-json\/wp\/v2\/product_brand?post=849"},{"taxonomy":"product_cat","embeddable":true,"href":"https:\/\/cheri-heater.com\/fr\/wp-json\/wp\/v2\/product_cat?post=849"},{"taxonomy":"product_tag","embeddable":true,"href":"https:\/\/cheri-heater.com\/fr\/wp-json\/wp\/v2\/product_tag?post=849"}],"curies":[{"name":"wp","href":"https:\/\/api.w.org\/{rel}","templated":true}]}}