{"id":857,"date":"2024-06-03T18:11:47","date_gmt":"2024-06-03T18:11:47","guid":{"rendered":"https:\/\/cheri-heater.com\/fr\/?post_type=product&#038;p=857"},"modified":"2024-07-28T23:47:49","modified_gmt":"2024-07-28T23:47:49","slug":"mica-band-heater","status":"publish","type":"product","link":"https:\/\/cheri-heater.com\/fr\/product\/mica-band-heater\/","title":{"rendered":"chauffage en bande de mica"},"content":{"rendered":"<table width=\"750\" cellspacing=\"0\" cellpadding=\"0\">\n<tbody>\n<tr valign=\"top\">\n<td bgcolor=\"#ffffff\" width=\"158\">\n<p class=\"western\" align=\"left\"><span style=\"font-family: Helvetica, Arial, sans-serif;\"><span style=\"font-size: medium;\"><span style=\"color: #333333;\">Nom du produit<\/span><\/span><\/span><\/p>\n<\/td>\n<td bgcolor=\"#ffffff\" width=\"590\">\n<p class=\"western\" align=\"left\"><span style=\"font-family: Helvetica, Arial, sans-serif;\"><span style=\"font-size: medium;\"><span lang=\"en-US\"><span style=\"color: #333333;\">Chauffage \u00e0 bande Mica<\/span><\/span><\/span><\/span><\/p>\n<\/td>\n<\/tr>\n<tr valign=\"top\">\n<td bgcolor=\"#ffffff\" width=\"158\">\n<p class=\"western\" align=\"left\"><span style=\"font-family: Helvetica, Arial, sans-serif;\"><span style=\"font-size: medium;\"><span style=\"color: #333333;\">Mat\u00e9riau de gaine<\/span><\/span><\/span><\/p>\n<\/td>\n<td bgcolor=\"#ffffff\" width=\"590\">\n<p class=\"western\" align=\"left\"><span style=\"font-family: Helvetica, Arial, sans-serif;\"><span style=\"font-size: medium;\"><span style=\"color: #333333;\">Acier inoxydable 304 ou autre sur demande<\/span><\/span><\/span><\/p>\n<\/td>\n<\/tr>\n<tr valign=\"top\">\n<td bgcolor=\"#ffffff\" width=\"158\">\n<p class=\"western\" align=\"left\"><span style=\"font-family: Helvetica, Arial, sans-serif;\"><span style=\"font-size: medium;\"><span style=\"color: #333333;\">Mat\u00e9riau d&#8217;isolation<\/span><\/span><\/span><\/p>\n<\/td>\n<td bgcolor=\"#ffffff\" width=\"590\">\n<p class=\"western\" align=\"left\"><span style=\"font-family: Helvetica, Arial, sans-serif;\"><span style=\"font-size: medium;\"><span style=\"color: #333333;\">Mica<\/span><\/span><\/span><\/p>\n<\/td>\n<\/tr>\n<tr valign=\"top\">\n<td bgcolor=\"#ffffff\" width=\"158\">\n<p class=\"western\" align=\"left\"><span style=\"font-family: Helvetica, Arial, sans-serif;\"><span style=\"font-size: medium;\"><span style=\"color: #333333;\">Fil de chauffage de r\u00e9sistance<\/span><\/span><\/span><\/p>\n<\/td>\n<td bgcolor=\"#ffffff\" width=\"590\">\n<p class=\"western\" align=\"left\"><span style=\"font-family: Helvetica, Arial, sans-serif;\"><span style=\"font-size: medium;\"><span style=\"color: #333333;\">Ni-Cr 8020<\/span><\/span><\/span><\/p>\n<\/td>\n<\/tr>\n<tr valign=\"top\">\n<td bgcolor=\"#ffffff\" width=\"158\">\n<p class=\"western\" align=\"left\"><span style=\"font-family: Helvetica, Arial, sans-serif;\"><span style=\"font-size: medium;\"><span style=\"color: #333333;\">Temp\u00e9rature<\/span><\/span><\/span><\/p>\n<\/td>\n<td bgcolor=\"#ffffff\" width=\"590\">\n<p class=\"western\" align=\"left\"><span style=\"font-family: Helvetica, Arial, sans-serif;\"><span style=\"font-size: medium;\"><span style=\"color: #333333;\">500-600 degr\u00e9s Celsius<\/span><\/span><\/span><\/p>\n<\/td>\n<\/tr>\n<tr valign=\"top\">\n<td bgcolor=\"#ffffff\" width=\"158\">\n<p class=\"western\" align=\"left\"><span style=\"font-family: Helvetica, Arial, sans-serif;\"><span style=\"font-size: medium;\"><span style=\"color: #333333;\">Densit\u00e9 de puissance<\/span><\/span><\/span><\/p>\n<\/td>\n<td bgcolor=\"#ffffff\" width=\"590\">\n<p class=\"western\" align=\"left\"><span style=\"font-family: Helvetica, Arial, sans-serif;\"><span style=\"font-size: medium;\"><span style=\"color: #333333;\">3W par centim\u00e8tre carr\u00e9<\/span><\/span><\/span><\/p>\n<\/td>\n<\/tr>\n<tr valign=\"top\">\n<td bgcolor=\"#ffffff\" width=\"158\">\n<p class=\"western\" align=\"left\"><span style=\"font-family: Helvetica, Arial, sans-serif;\"><span style=\"font-size: medium;\"><span style=\"color: #333333;\">Forme<\/span><\/span><\/span><\/p>\n<\/td>\n<td bgcolor=\"#ffffff\" width=\"590\">\n<p class=\"western\" align=\"left\"><span style=\"font-family: Helvetica, Arial, sans-serif;\"><span style=\"font-size: medium;\"><span style=\"color: #333333;\">Sur demande<\/span><\/span><\/span><\/p>\n<\/td>\n<\/tr>\n<tr valign=\"top\">\n<td bgcolor=\"#ffffff\" width=\"158\">\n<p class=\"western\" align=\"left\"><span style=\"font-family: Helvetica, Arial, sans-serif;\"><span style=\"font-size: medium;\"><span style=\"color: #333333;\">Taille et dimensions<\/span><\/span><\/span><\/p>\n<\/td>\n<td bgcolor=\"#ffffff\" width=\"590\">\n<p class=\"western\" align=\"left\"><span style=\"font-family: Helvetica, Arial, sans-serif;\"><span style=\"font-size: medium;\"><span style=\"color: #333333;\">Personnalis\u00e9<\/span><\/span><\/span><\/p>\n<\/td>\n<\/tr>\n<tr valign=\"top\">\n<td bgcolor=\"#ffffff\" width=\"158\">\n<p class=\"western\" align=\"left\"><span style=\"font-family: Helvetica, Arial, sans-serif;\"><span style=\"font-size: medium;\"><span style=\"color: #333333;\">Tension et puissance<\/span><\/span><\/span><\/p>\n<\/td>\n<td bgcolor=\"#ffffff\" width=\"590\">\n<p class=\"western\" align=\"left\"><span style=\"font-family: Helvetica, Arial, sans-serif;\"><span style=\"font-size: medium;\"><span style=\"color: #333333;\">Personnalis\u00e9<\/span><\/span><\/span><\/p>\n<\/td>\n<\/tr>\n<tr valign=\"top\">\n<td rowspan=\"4\" bgcolor=\"#ffffff\" width=\"158\">\n<p class=\"western\" align=\"left\"><span style=\"font-family: Helvetica, Arial, sans-serif;\"><span style=\"font-size: medium;\"><span style=\"color: #333333;\">Application<\/span><\/span><\/span><\/p>\n<\/td>\n<td bgcolor=\"#ffffff\" width=\"590\">\n<p class=\"western\" align=\"left\"><span style=\"font-family: Helvetica, Arial, sans-serif;\"><span style=\"font-size: medium;\"><span style=\"color: #333333;\">\u00c9l\u00e9ment chauffant pour divers \u00e9quipements et machines<\/span><\/span><\/span><\/p>\n<\/td>\n<\/tr>\n<tr valign=\"top\">\n<td bgcolor=\"#ffffff\" width=\"590\">\n<p class=\"western\" align=\"left\"><span style=\"font-family: Helvetica, Arial, sans-serif;\"><span style=\"font-size: medium;\"><span style=\"color: #333333;\">Applications industrielles et agricoles<\/span><\/span><\/span><\/p>\n<\/td>\n<\/tr>\n<tr valign=\"top\">\n<td bgcolor=\"#ffffff\" width=\"590\">\n<p class=\"western\" align=\"left\"><span style=\"font-family: Helvetica, Arial, sans-serif;\"><span style=\"font-size: medium;\"><span style=\"color: #333333;\">Appareils de chauffage, m\u00e9tallurgie, industrie chimique, transformation des plastiques, industrie \u00e9lectrique<\/span><\/span><\/span><\/p>\n<\/td>\n<\/tr>\n<tr valign=\"top\">\n<td bgcolor=\"#ffffff\" width=\"590\">\n<p class=\"western\" align=\"left\"><span style=\"font-family: Helvetica, Arial, sans-serif;\"><span style=\"font-size: medium;\"><span style=\"color: #333333;\">Ou appareils m\u00e9nagers<\/span><\/span><\/span><\/p>\n<\/td>\n<\/tr>\n<\/tbody>\n<\/table>\n","protected":false},"excerpt":{"rendered":"<p>Nom du produit Chauffage \u00e0 bande Mica Mat\u00e9riau de gaine Acier inoxydable 304 ou autre sur demande Mat\u00e9riau d&#8217;isolation Mica Fil de chauffage de r\u00e9sistance Ni-Cr 8020 Temp\u00e9rature 500-600 degr\u00e9s Celsius Densit\u00e9 de puissance 3W par centim\u00e8tre carr\u00e9 Forme Sur demande Taille et dimensions Personnalis\u00e9 Tension et puissance Personnalis\u00e9 Application \u00c9l\u00e9ment chauffant pour divers \u00e9quipements [&hellip;]<\/p>\n","protected":false},"featured_media":870,"template":"","meta":[],"product_brand":[],"product_cat":[20],"product_tag":[151],"class_list":{"0":"post-857","1":"product","2":"type-product","3":"status-publish","4":"has-post-thumbnail","6":"product_cat-band-heater","7":"product_tag-mica-band-heater","9":"first","10":"instock","11":"shipping-taxable","12":"product-type-simple"},"yoast_head":"<!-- This site is optimized with the Yoast SEO plugin v27.3 - https:\/\/yoast.com\/product\/yoast-seo-wordpress\/ -->\n<title>Meilleurs fabricants de chauffages en bande de mica | Solutions de chauffage industrielles<\/title>\n<meta name=\"description\" content=\"Principaux fabricants de chauffages en bande de mica connus pour leurs solutions de chauffage industrielles sup\u00e9rieures. Obtenez des chauffages en bande de mica de haute qualit\u00e9, durables et efficaces pour r\u00e9pondre \u00e0 vos besoins sp\u00e9cifiques. Trouvez le produit parfait avec des conseils d&#039;experts et un excellent service client. Achetez d\u00e8s maintenant !\" \/>\n<meta name=\"robots\" content=\"index, follow, max-snippet:-1, max-image-preview:large, max-video-preview:-1\" \/>\n<link rel=\"canonical\" href=\"https:\/\/cheri-heater.com\/fr\/product\/mica-band-heater\/\" \/>\n<meta property=\"og:locale\" content=\"en_US\" \/>\n<meta property=\"og:type\" content=\"article\" \/>\n<meta property=\"og:title\" content=\"Meilleurs fabricants de chauffages en bande de mica | Solutions de chauffage industrielles\" \/>\n<meta property=\"og:description\" content=\"Principaux fabricants de chauffages en bande de mica connus pour leurs solutions de chauffage industrielles sup\u00e9rieures. Obtenez des chauffages en bande de mica de haute qualit\u00e9, durables et efficaces pour r\u00e9pondre \u00e0 vos besoins sp\u00e9cifiques. Trouvez le produit parfait avec des conseils d&#039;experts et un excellent service client. Achetez d\u00e8s maintenant !\" \/>\n<meta property=\"og:url\" content=\"https:\/\/cheri-heater.com\/fr\/product\/mica-band-heater\/\" \/>\n<meta property=\"og:site_name\" content=\"Cheri Heater Technology Co.,Ltd.\" \/>\n<meta property=\"article:modified_time\" content=\"2024-07-28T23:47:49+00:00\" \/>\n<meta property=\"og:image\" content=\"https:\/\/cheri-heater.com\/fr\/wp-content\/uploads\/2024\/06\/\u5fae\u4fe1\u56fe\u7247_202303151536127.jpg\" \/>\n\t<meta property=\"og:image:width\" content=\"760\" \/>\n\t<meta property=\"og:image:height\" content=\"760\" \/>\n\t<meta property=\"og:image:type\" content=\"image\/jpeg\" \/>\n<meta name=\"twitter:card\" content=\"summary_large_image\" \/>\n<meta name=\"twitter:label1\" content=\"Est. reading time\" \/>\n\t<meta name=\"twitter:data1\" content=\"1 minute\" \/>\n<!-- \/ Yoast SEO plugin. -->","yoast_head_json":{"title":"Meilleurs fabricants de chauffages en bande de mica | Solutions de chauffage industrielles","description":"Principaux fabricants de chauffages en bande de mica connus pour leurs solutions de chauffage industrielles sup\u00e9rieures. Obtenez des chauffages en bande de mica de haute qualit\u00e9, durables et efficaces pour r\u00e9pondre \u00e0 vos besoins sp\u00e9cifiques. Trouvez le produit parfait avec des conseils d'experts et un excellent service client. Achetez d\u00e8s maintenant !","robots":{"index":"index","follow":"follow","max-snippet":"max-snippet:-1","max-image-preview":"max-image-preview:large","max-video-preview":"max-video-preview:-1"},"canonical":"https:\/\/cheri-heater.com\/fr\/product\/mica-band-heater\/","og_locale":"en_US","og_type":"article","og_title":"Meilleurs fabricants de chauffages en bande de mica | Solutions de chauffage industrielles","og_description":"Principaux fabricants de chauffages en bande de mica connus pour leurs solutions de chauffage industrielles sup\u00e9rieures. Obtenez des chauffages en bande de mica de haute qualit\u00e9, durables et efficaces pour r\u00e9pondre \u00e0 vos besoins sp\u00e9cifiques. Trouvez le produit parfait avec des conseils d'experts et un excellent service client. Achetez d\u00e8s maintenant !","og_url":"https:\/\/cheri-heater.com\/fr\/product\/mica-band-heater\/","og_site_name":"Cheri Heater Technology Co.,Ltd.","article_modified_time":"2024-07-28T23:47:49+00:00","og_image":[{"width":760,"height":760,"url":"https:\/\/cheri-heater.com\/fr\/wp-content\/uploads\/2024\/06\/\u5fae\u4fe1\u56fe\u7247_202303151536127.jpg","type":"image\/jpeg"}],"twitter_card":"summary_large_image","twitter_misc":{"Est. reading time":"1 minute"},"schema":{"@context":"https:\/\/schema.org","@graph":[{"@type":"WebPage","@id":"https:\/\/cheri-heater.com\/fr\/product\/mica-band-heater\/","url":"https:\/\/cheri-heater.com\/fr\/product\/mica-band-heater\/","name":"Meilleurs fabricants de chauffages en bande de mica | Solutions de chauffage industrielles","isPartOf":{"@id":"https:\/\/cheri-heater.com\/fr\/#website"},"primaryImageOfPage":{"@id":"https:\/\/cheri-heater.com\/fr\/product\/mica-band-heater\/#primaryimage"},"image":{"@id":"https:\/\/cheri-heater.com\/fr\/product\/mica-band-heater\/#primaryimage"},"thumbnailUrl":"https:\/\/cheri-heater.com\/fr\/wp-content\/uploads\/2024\/06\/\u5fae\u4fe1\u56fe\u7247_202303151536127.jpg","datePublished":"2024-06-03T18:11:47+00:00","dateModified":"2024-07-28T23:47:49+00:00","description":"Principaux fabricants de chauffages en bande de mica connus pour leurs solutions de chauffage industrielles sup\u00e9rieures. Obtenez des chauffages en bande de mica de haute qualit\u00e9, durables et efficaces pour r\u00e9pondre \u00e0 vos besoins sp\u00e9cifiques. Trouvez le produit parfait avec des conseils d'experts et un excellent service client. Achetez d\u00e8s maintenant !","breadcrumb":{"@id":"https:\/\/cheri-heater.com\/fr\/product\/mica-band-heater\/#breadcrumb"},"inLanguage":"en-US","potentialAction":[{"@type":"ReadAction","target":["https:\/\/cheri-heater.com\/fr\/product\/mica-band-heater\/"]}]},{"@type":"ImageObject","inLanguage":"en-US","@id":"https:\/\/cheri-heater.com\/fr\/product\/mica-band-heater\/#primaryimage","url":"https:\/\/cheri-heater.com\/fr\/wp-content\/uploads\/2024\/06\/\u5fae\u4fe1\u56fe\u7247_202303151536127.jpg","contentUrl":"https:\/\/cheri-heater.com\/fr\/wp-content\/uploads\/2024\/06\/\u5fae\u4fe1\u56fe\u7247_202303151536127.jpg","width":760,"height":760},{"@type":"BreadcrumbList","@id":"https:\/\/cheri-heater.com\/fr\/product\/mica-band-heater\/#breadcrumb","itemListElement":[{"@type":"ListItem","position":1,"name":"Home","item":"https:\/\/cheri-heater.com\/fr\/"},{"@type":"ListItem","position":2,"name":"Products","item":"https:\/\/cheri-heater.com\/fr\/products\/"},{"@type":"ListItem","position":3,"name":"chauffage en bande de mica"}]},{"@type":"WebSite","@id":"https:\/\/cheri-heater.com\/fr\/#website","url":"https:\/\/cheri-heater.com\/fr\/","name":"Cheri Heater Technology Co.,Ltd.","description":"","publisher":{"@id":"https:\/\/cheri-heater.com\/fr\/#organization"},"potentialAction":[{"@type":"SearchAction","target":{"@type":"EntryPoint","urlTemplate":"https:\/\/cheri-heater.com\/fr\/?s={search_term_string}"},"query-input":{"@type":"PropertyValueSpecification","valueRequired":true,"valueName":"search_term_string"}}],"inLanguage":"en-US"},{"@type":"Organization","@id":"https:\/\/cheri-heater.com\/fr\/#organization","name":"Cheri Heater Technology Co.,Ltd.","url":"https:\/\/cheri-heater.com\/fr\/","logo":{"@type":"ImageObject","inLanguage":"en-US","@id":"https:\/\/cheri-heater.com\/fr\/#\/schema\/logo\/image\/","url":"https:\/\/cheri-heater.com\/fr\/wp-content\/uploads\/2024\/06\/cropped-logo-resize.png","contentUrl":"https:\/\/cheri-heater.com\/fr\/wp-content\/uploads\/2024\/06\/cropped-logo-resize.png","width":346,"height":99,"caption":"Cheri Heater Technology Co.,Ltd."},"image":{"@id":"https:\/\/cheri-heater.com\/fr\/#\/schema\/logo\/image\/"}}]}},"_links":{"self":[{"href":"https:\/\/cheri-heater.com\/fr\/wp-json\/wp\/v2\/product\/857","targetHints":{"allow":["GET"]}}],"collection":[{"href":"https:\/\/cheri-heater.com\/fr\/wp-json\/wp\/v2\/product"}],"about":[{"href":"https:\/\/cheri-heater.com\/fr\/wp-json\/wp\/v2\/types\/product"}],"wp:featuredmedia":[{"embeddable":true,"href":"https:\/\/cheri-heater.com\/fr\/wp-json\/wp\/v2\/media\/870"}],"wp:attachment":[{"href":"https:\/\/cheri-heater.com\/fr\/wp-json\/wp\/v2\/media?parent=857"}],"wp:term":[{"taxonomy":"product_brand","embeddable":true,"href":"https:\/\/cheri-heater.com\/fr\/wp-json\/wp\/v2\/product_brand?post=857"},{"taxonomy":"product_cat","embeddable":true,"href":"https:\/\/cheri-heater.com\/fr\/wp-json\/wp\/v2\/product_cat?post=857"},{"taxonomy":"product_tag","embeddable":true,"href":"https:\/\/cheri-heater.com\/fr\/wp-json\/wp\/v2\/product_tag?post=857"}],"curies":[{"name":"wp","href":"https:\/\/api.w.org\/{rel}","templated":true}]}}