{"id":916,"date":"2024-06-04T18:00:13","date_gmt":"2024-06-04T18:00:13","guid":{"rendered":"https:\/\/cheri-heater.com\/fr\/?post_type=product&#038;p=916"},"modified":"2024-07-28T23:46:37","modified_gmt":"2024-07-28T23:46:37","slug":"cartridge-heater-for-3d-printer","status":"publish","type":"product","link":"https:\/\/cheri-heater.com\/fr\/product\/cartridge-heater-for-3d-printer\/","title":{"rendered":"chauffage \u00e0 cartouche pour imprimante 3D"},"content":{"rendered":"<table width=\"745\" cellspacing=\"0\" cellpadding=\"0\">\n<tbody>\n<tr>\n<td bgcolor=\"#ffffff\" width=\"291\" height=\"23\">\n<p class=\"western\" align=\"center\"><span style=\"font-size: medium;\"><span style=\"font-family: Arial, sans-serif;\">Fil de chauffage \u00e0 r\u00e9sistance<\/span><\/span><\/p>\n<\/td>\n<td bgcolor=\"#ffffff\" width=\"452\">\n<p class=\"western\" align=\"center\"><span style=\"font-size: medium;\"><span style=\"font-family: Arial, sans-serif;\">Fil NiCr 80\/20<\/span><\/span><\/p>\n<\/td>\n<\/tr>\n<tr>\n<td bgcolor=\"#ffffff\" width=\"291\" height=\"24\">\n<p class=\"western\" align=\"center\"><span style=\"font-size: medium;\"><span style=\"font-family: Arial, sans-serif;\">Tol\u00e9rance de puissance<\/span><\/span><\/p>\n<\/td>\n<td bgcolor=\"#ffffff\" width=\"452\">\n<p class=\"western\" align=\"center\"><span style=\"font-size: medium;\"><span style=\"font-family: Arial, sans-serif;\">+5%, -10%<\/span><\/span><\/p>\n<\/td>\n<\/tr>\n<tr>\n<td bgcolor=\"#ffffff\" width=\"291\" height=\"24\">\n<p class=\"western\" align=\"center\"><span style=\"font-size: medium;\"><span style=\"font-family: Arial, sans-serif;\">Tol\u00e9rance de r\u00e9sistance<\/span><\/span><\/p>\n<\/td>\n<td bgcolor=\"#ffffff\" width=\"452\">\n<p class=\"western\" align=\"center\"><span style=\"font-size: medium;\"><span style=\"font-family: Arial, sans-serif;\">+10%, -5%<\/span><\/span><\/p>\n<\/td>\n<\/tr>\n<tr>\n<td bgcolor=\"#ffffff\" width=\"291\" height=\"24\">\n<p class=\"western\" align=\"center\"><span style=\"font-size: medium;\"><span style=\"font-family: Arial, sans-serif;\">Tol\u00e9rance de longueur<\/span><\/span><\/p>\n<\/td>\n<td bgcolor=\"#ffffff\" width=\"452\">\n<p class=\"western\" align=\"center\"><span style=\"font-size: medium;\"><span style=\"font-family: Arial, sans-serif;\">\u00b11 mm<\/span><\/span><\/p>\n<\/td>\n<\/tr>\n<tr>\n<td bgcolor=\"#ffffff\" width=\"291\" height=\"24\">\n<p class=\"western\" align=\"center\"><span style=\"font-size: medium;\"><span style=\"font-family: Arial, sans-serif;\">Tol\u00e9rance de diam\u00e8tre<\/span><\/span><\/p>\n<\/td>\n<td bgcolor=\"#ffffff\" width=\"452\">\n<p class=\"western\" align=\"center\"><span style=\"font-size: medium;\"><span style=\"font-family: Arial, sans-serif;\">-0.02mm<\/span><\/span><\/p>\n<\/td>\n<\/tr>\n<tr>\n<td bgcolor=\"#ffffff\" width=\"291\" height=\"24\">\n<p class=\"western\" align=\"center\"><span style=\"font-size: medium;\"><span style=\"font-family: Arial, sans-serif;\">Zone froide standard<\/span><\/span><\/p>\n<\/td>\n<td bgcolor=\"#ffffff\" width=\"452\">\n<p class=\"western\" align=\"center\"><span style=\"font-size: medium;\"><span style=\"font-family: Arial, sans-serif;\">5-10mm<\/span><\/span><\/p>\n<\/td>\n<\/tr>\n<tr>\n<td bgcolor=\"#ffffff\" width=\"291\" height=\"24\">\n<p class=\"western\" align=\"center\"><span style=\"font-size: medium;\"><span style=\"font-family: Arial, sans-serif;\">R\u00e9sistance \u00e0 l&#8217;isolation (\u00e0 froid)<\/span><\/span><\/p>\n<\/td>\n<td bgcolor=\"#ffffff\" width=\"452\">\n<p class=\"western\" align=\"center\">\u2265 <span style=\"font-family: Arial, sans-serif;\"><span style=\"font-size: medium;\">500 M\u03a9<\/span><\/span><\/p>\n<\/td>\n<\/tr>\n<tr>\n<td bgcolor=\"#ffffff\" width=\"291\" height=\"24\">\n<p class=\"western\" align=\"center\"><span style=\"font-size: medium;\"><span style=\"font-family: Arial, sans-serif;\">Courant de fuite maximum (\u00e0 froid)<\/span><\/span><\/p>\n<\/td>\n<td bgcolor=\"#ffffff\" width=\"452\">\n<p class=\"western\" align=\"center\">\u2264 <span style=\"font-family: Arial, sans-serif;\"><span style=\"font-size: medium;\">0.5 mA<\/span><\/span><\/p>\n<\/td>\n<\/tr>\n<tr>\n<td bgcolor=\"#ffffff\" width=\"291\" height=\"28\">\n<p class=\"western\" align=\"center\"><span style=\"font-size: medium;\"><span style=\"font-family: Arial, sans-serif;\">Emplacement du thermocouple<\/span><\/span><\/p>\n<\/td>\n<td bgcolor=\"#ffffff\" width=\"452\">\n<p class=\"western\" align=\"center\"><span style=\"font-size: medium;\"><span style=\"font-family: Arial, sans-serif;\">type J \/ K \/ Fil de terre<\/span><\/span><\/p>\n<\/td>\n<\/tr>\n<\/tbody>\n<\/table>\n<p><img fetchpriority=\"high\" decoding=\"async\" class=\"aligncenter size-full wp-image-931\" src=\"https:\/\/cheri-heater.com\/fr\/wp-content\/uploads\/2024\/06\/description1-1.jpg\" alt=\"\" width=\"750\" height=\"750\" srcset=\"https:\/\/cheri-heater.com\/fr\/wp-content\/uploads\/2024\/06\/description1-1.jpg 750w, https:\/\/cheri-heater.com\/fr\/wp-content\/uploads\/2024\/06\/description1-1-300x300.jpg 300w, https:\/\/cheri-heater.com\/fr\/wp-content\/uploads\/2024\/06\/description1-1-100x100.jpg 100w, https:\/\/cheri-heater.com\/fr\/wp-content\/uploads\/2024\/06\/description1-1-600x600.jpg 600w, https:\/\/cheri-heater.com\/fr\/wp-content\/uploads\/2024\/06\/description1-1-150x150.jpg 150w\" sizes=\"(max-width: 750px) 100vw, 750px\" \/><br \/>\n<img decoding=\"async\" class=\"aligncenter size-full wp-image-930 lazyload\" data-src=\"https:\/\/cheri-heater.com\/fr\/wp-content\/uploads\/2024\/06\/description2-1.jpg\" alt=\"\" width=\"746\" height=\"607\" data-srcset=\"https:\/\/cheri-heater.com\/fr\/wp-content\/uploads\/2024\/06\/description2-1.jpg 746w, https:\/\/cheri-heater.com\/fr\/wp-content\/uploads\/2024\/06\/description2-1-600x488.jpg 600w, https:\/\/cheri-heater.com\/fr\/wp-content\/uploads\/2024\/06\/description2-1-300x244.jpg 300w\" data-sizes=\"(max-width: 746px) 100vw, 746px\" src=\"data:image\/svg+xml;base64,PHN2ZyB3aWR0aD0iMSIgaGVpZ2h0PSIxIiB4bWxucz0iaHR0cDovL3d3dy53My5vcmcvMjAwMC9zdmciPjwvc3ZnPg==\" style=\"--smush-placeholder-width: 746px; --smush-placeholder-aspect-ratio: 746\/607;\" \/><br \/>\n<img decoding=\"async\" class=\"aligncenter size-full wp-image-929 lazyload\" data-src=\"https:\/\/cheri-heater.com\/fr\/wp-content\/uploads\/2024\/06\/description3-1.jpg\" alt=\"\" width=\"752\" height=\"671\" data-srcset=\"https:\/\/cheri-heater.com\/fr\/wp-content\/uploads\/2024\/06\/description3-1.jpg 752w, https:\/\/cheri-heater.com\/fr\/wp-content\/uploads\/2024\/06\/description3-1-600x535.jpg 600w, https:\/\/cheri-heater.com\/fr\/wp-content\/uploads\/2024\/06\/description3-1-300x268.jpg 300w\" data-sizes=\"(max-width: 752px) 100vw, 752px\" src=\"data:image\/svg+xml;base64,PHN2ZyB3aWR0aD0iMSIgaGVpZ2h0PSIxIiB4bWxucz0iaHR0cDovL3d3dy53My5vcmcvMjAwMC9zdmciPjwvc3ZnPg==\" style=\"--smush-placeholder-width: 752px; --smush-placeholder-aspect-ratio: 752\/671;\" \/><br \/>\n<img decoding=\"async\" class=\"aligncenter size-full wp-image-928 lazyload\" data-src=\"https:\/\/cheri-heater.com\/fr\/wp-content\/uploads\/2024\/06\/description4-1.jpg\" alt=\"\" width=\"960\" height=\"877\" data-srcset=\"https:\/\/cheri-heater.com\/fr\/wp-content\/uploads\/2024\/06\/description4-1.jpg 960w, https:\/\/cheri-heater.com\/fr\/wp-content\/uploads\/2024\/06\/description4-1-600x548.jpg 600w, https:\/\/cheri-heater.com\/fr\/wp-content\/uploads\/2024\/06\/description4-1-300x274.jpg 300w, https:\/\/cheri-heater.com\/fr\/wp-content\/uploads\/2024\/06\/description4-1-768x702.jpg 768w\" data-sizes=\"(max-width: 960px) 100vw, 960px\" src=\"data:image\/svg+xml;base64,PHN2ZyB3aWR0aD0iMSIgaGVpZ2h0PSIxIiB4bWxucz0iaHR0cDovL3d3dy53My5vcmcvMjAwMC9zdmciPjwvc3ZnPg==\" style=\"--smush-placeholder-width: 960px; --smush-placeholder-aspect-ratio: 960\/877;\" \/><br \/>\n<img decoding=\"async\" class=\"aligncenter size-full wp-image-927 lazyload\" data-src=\"https:\/\/cheri-heater.com\/fr\/wp-content\/uploads\/2024\/06\/description5-1.jpg\" alt=\"\" width=\"960\" height=\"679\" data-srcset=\"https:\/\/cheri-heater.com\/fr\/wp-content\/uploads\/2024\/06\/description5-1.jpg 960w, https:\/\/cheri-heater.com\/fr\/wp-content\/uploads\/2024\/06\/description5-1-600x424.jpg 600w, https:\/\/cheri-heater.com\/fr\/wp-content\/uploads\/2024\/06\/description5-1-300x212.jpg 300w, https:\/\/cheri-heater.com\/fr\/wp-content\/uploads\/2024\/06\/description5-1-768x543.jpg 768w\" data-sizes=\"(max-width: 960px) 100vw, 960px\" src=\"data:image\/svg+xml;base64,PHN2ZyB3aWR0aD0iMSIgaGVpZ2h0PSIxIiB4bWxucz0iaHR0cDovL3d3dy53My5vcmcvMjAwMC9zdmciPjwvc3ZnPg==\" style=\"--smush-placeholder-width: 960px; --smush-placeholder-aspect-ratio: 960\/679;\" \/><\/p>\n","protected":false},"excerpt":{"rendered":"<h2><span lang=\"FR\" style=\"color: #000000;\">Meilleurs fabricants de chauffages pour imprimantes 3D<\/span><\/h2>\n<p class=\"Normal1\"><span lang=\"FR\" style=\"color: #000000;\">Cheri Heater Co. est un fabricant de chauffages pour imprimantes 3D de premier plan avec un processus de qualit\u00e9 strict. Nos produits sont reconnus pour leurs normes \u00e9lev\u00e9es de qualit\u00e9, garantissant s\u00e9curit\u00e9 et fiabilit\u00e9.<\/span><\/p>\n<h3><span style=\"color: #000000;\"><a style=\"color: #000000;\" name=\"_h8hnhmuopb04\"><\/a><span lang=\"FR\">Qu&#8217;est-ce qu&#8217;un chauffage pour imprimante 3D ?<\/span><\/span><\/h3>\n<p class=\"Normal1\"><span lang=\"FR\" style=\"color: #000000;\">Un chauffage pour imprimante 3D est un type sp\u00e9cifique con\u00e7u pour les imprimantes 3D. Il est responsable du chauffage de la buse et de la fusion du mat\u00e9riau de filament avant l&#8217;extrusion. Ils sont compacts et de forme cylindrique pour s&#8217;int\u00e9grer parfaitement dans l&#8217;ensemble du bloc chaud.<\/span><\/p>\n<h3><span style=\"color: #000000;\"><a style=\"color: #000000;\" name=\"_q69mu7xpqrm\"><\/a><span lang=\"FR\">Avantages des chauffages pour imprimantes 3D<\/span><\/span><\/h3>\n<p class=\"Normal1\"><span lang=\"FR\" style=\"color: #000000;\">Cheri Heater Co. est connu comme un fabricant fiable de chauffages pour imprimantes 3D. Nos chauffages maintiennent des temp\u00e9ratures comprises entre 200\u00b0C et 300\u00b0C. Ils offrent un contr\u00f4le de temp\u00e9rature pr\u00e9cis et constant gr\u00e2ce \u00e0 des capteurs et des contr\u00f4leurs de temp\u00e9rature.<\/span><\/p>\n<p class=\"Normal1\"><span lang=\"FR\" style=\"color: #000000;\">Nos chauffages permettent de gagner du temps en permettant aux imprimantes d&#8217;atteindre rapidement la temp\u00e9rature d&#8217;impression requise. Nos chauffages pour imprimantes 3D sont fabriqu\u00e9s avec des mat\u00e9riaux de haute qualit\u00e9 pour offrir durabilit\u00e9 et r\u00e9sistance \u00e0 l&#8217;usure m\u00eame lors d&#8217;une utilisation prolong\u00e9e.<\/span><\/p>\n<h3><span style=\"color: #000000;\"><a style=\"color: #000000;\" name=\"_wq8x5862et7r\"><\/a><span lang=\"FR\">Applications des chauffages pour imprimantes 3D<\/span><\/span><\/h3>\n<p class=\"Normal1\"><span lang=\"FR\" style=\"color: #000000;\">Utiliser des chauffages \u00e0 cartouche compatibles et de haute qualit\u00e9 dans les imprimantes 3D est crucial pour garantir des r\u00e9sultats d&#8217;impression stables et coh\u00e9rents. Notre unit\u00e9 de fabrication de chauffages pour imprimantes 3D produit divers chauffages en fonction des sp\u00e9cifications de l&#8217;imprimante. L&#8217;impression 3D a connu une croissance rapide car elle s&#8217;est adapt\u00e9e \u00e0 la technologie. Elle est largement utilis\u00e9e pour la publicit\u00e9, les \u00e9tiquettes de marque, les sc\u00e8nes de r\u00e9alit\u00e9 virtuelle et de nombreux autres secteurs. Un chauffage pour imprimante 3D est un \u00e9l\u00e9ment crucial pour garantir la qualit\u00e9 d&#8217;impression.<\/span><\/p>\n","protected":false},"featured_media":938,"template":"","meta":[],"product_brand":[],"product_cat":[21],"product_tag":[152],"class_list":{"0":"post-916","1":"product","2":"type-product","3":"status-publish","4":"has-post-thumbnail","6":"product_cat-cartridge-heater","7":"product_tag-cartridge-heater-for-3d-printer","9":"first","10":"instock","11":"shipping-taxable","12":"product-type-simple"},"yoast_head":"<!-- This site is optimized with the Yoast SEO plugin v27.3 - https:\/\/yoast.com\/product\/yoast-seo-wordpress\/ -->\n<title>Fabricants de chauffages pour imprimantes 3D de haute qualit\u00e9 | Cheri-heater.com<\/title>\n<meta name=\"description\" content=\"Principaux fabricants de chauffages pour imprimantes 3D offrant des solutions de chauffage fiables et pr\u00e9cises pour des performances optimales en impression 3D. Contactez-nous pour des conceptions personnalis\u00e9es !\" \/>\n<meta name=\"robots\" content=\"index, follow, max-snippet:-1, max-image-preview:large, max-video-preview:-1\" \/>\n<link rel=\"canonical\" href=\"https:\/\/cheri-heater.com\/fr\/product\/cartridge-heater-for-3d-printer\/\" \/>\n<meta property=\"og:locale\" content=\"en_US\" \/>\n<meta property=\"og:type\" content=\"article\" \/>\n<meta property=\"og:title\" content=\"Fabricants de chauffages pour imprimantes 3D de haute qualit\u00e9 | Cheri-heater.com\" \/>\n<meta property=\"og:description\" content=\"Principaux fabricants de chauffages pour imprimantes 3D offrant des solutions de chauffage fiables et pr\u00e9cises pour des performances optimales en impression 3D. Contactez-nous pour des conceptions personnalis\u00e9es !\" \/>\n<meta property=\"og:url\" content=\"https:\/\/cheri-heater.com\/fr\/product\/cartridge-heater-for-3d-printer\/\" \/>\n<meta property=\"og:site_name\" content=\"Cheri Heater Technology Co.,Ltd.\" \/>\n<meta property=\"article:modified_time\" content=\"2024-07-28T23:46:37+00:00\" \/>\n<meta property=\"og:image\" content=\"https:\/\/cheri-heater.com\/fr\/wp-content\/uploads\/2024\/06\/Cheri-Electrothermal-Equipment-Limited-Company-31.jpg\" \/>\n\t<meta property=\"og:image:width\" content=\"786\" \/>\n\t<meta property=\"og:image:height\" content=\"572\" \/>\n\t<meta property=\"og:image:type\" content=\"image\/jpeg\" \/>\n<meta name=\"twitter:card\" content=\"summary_large_image\" \/>\n<meta name=\"twitter:label1\" content=\"Est. reading time\" \/>\n\t<meta name=\"twitter:data1\" content=\"2 minutes\" \/>\n<!-- \/ Yoast SEO plugin. -->","yoast_head_json":{"title":"Fabricants de chauffages pour imprimantes 3D de haute qualit\u00e9 | Cheri-heater.com","description":"Principaux fabricants de chauffages pour imprimantes 3D offrant des solutions de chauffage fiables et pr\u00e9cises pour des performances optimales en impression 3D. Contactez-nous pour des conceptions personnalis\u00e9es !","robots":{"index":"index","follow":"follow","max-snippet":"max-snippet:-1","max-image-preview":"max-image-preview:large","max-video-preview":"max-video-preview:-1"},"canonical":"https:\/\/cheri-heater.com\/fr\/product\/cartridge-heater-for-3d-printer\/","og_locale":"en_US","og_type":"article","og_title":"Fabricants de chauffages pour imprimantes 3D de haute qualit\u00e9 | Cheri-heater.com","og_description":"Principaux fabricants de chauffages pour imprimantes 3D offrant des solutions de chauffage fiables et pr\u00e9cises pour des performances optimales en impression 3D. Contactez-nous pour des conceptions personnalis\u00e9es !","og_url":"https:\/\/cheri-heater.com\/fr\/product\/cartridge-heater-for-3d-printer\/","og_site_name":"Cheri Heater Technology Co.,Ltd.","article_modified_time":"2024-07-28T23:46:37+00:00","og_image":[{"width":786,"height":572,"url":"https:\/\/cheri-heater.com\/fr\/wp-content\/uploads\/2024\/06\/Cheri-Electrothermal-Equipment-Limited-Company-31.jpg","type":"image\/jpeg"}],"twitter_card":"summary_large_image","twitter_misc":{"Est. reading time":"2 minutes"},"schema":{"@context":"https:\/\/schema.org","@graph":[{"@type":"WebPage","@id":"https:\/\/cheri-heater.com\/fr\/product\/cartridge-heater-for-3d-printer\/","url":"https:\/\/cheri-heater.com\/fr\/product\/cartridge-heater-for-3d-printer\/","name":"Fabricants de chauffages pour imprimantes 3D de haute qualit\u00e9 | Cheri-heater.com","isPartOf":{"@id":"https:\/\/cheri-heater.com\/fr\/#website"},"primaryImageOfPage":{"@id":"https:\/\/cheri-heater.com\/fr\/product\/cartridge-heater-for-3d-printer\/#primaryimage"},"image":{"@id":"https:\/\/cheri-heater.com\/fr\/product\/cartridge-heater-for-3d-printer\/#primaryimage"},"thumbnailUrl":"https:\/\/cheri-heater.com\/fr\/wp-content\/uploads\/2024\/06\/Cheri-Electrothermal-Equipment-Limited-Company-31.jpg","datePublished":"2024-06-04T18:00:13+00:00","dateModified":"2024-07-28T23:46:37+00:00","description":"Principaux fabricants de chauffages pour imprimantes 3D offrant des solutions de chauffage fiables et pr\u00e9cises pour des performances optimales en impression 3D. Contactez-nous pour des conceptions personnalis\u00e9es !","breadcrumb":{"@id":"https:\/\/cheri-heater.com\/fr\/product\/cartridge-heater-for-3d-printer\/#breadcrumb"},"inLanguage":"en-US","potentialAction":[{"@type":"ReadAction","target":["https:\/\/cheri-heater.com\/fr\/product\/cartridge-heater-for-3d-printer\/"]}]},{"@type":"ImageObject","inLanguage":"en-US","@id":"https:\/\/cheri-heater.com\/fr\/product\/cartridge-heater-for-3d-printer\/#primaryimage","url":"https:\/\/cheri-heater.com\/fr\/wp-content\/uploads\/2024\/06\/Cheri-Electrothermal-Equipment-Limited-Company-31.jpg","contentUrl":"https:\/\/cheri-heater.com\/fr\/wp-content\/uploads\/2024\/06\/Cheri-Electrothermal-Equipment-Limited-Company-31.jpg","width":786,"height":572},{"@type":"BreadcrumbList","@id":"https:\/\/cheri-heater.com\/fr\/product\/cartridge-heater-for-3d-printer\/#breadcrumb","itemListElement":[{"@type":"ListItem","position":1,"name":"Home","item":"https:\/\/cheri-heater.com\/fr\/"},{"@type":"ListItem","position":2,"name":"Products","item":"https:\/\/cheri-heater.com\/fr\/products\/"},{"@type":"ListItem","position":3,"name":"chauffage \u00e0 cartouche pour imprimante 3D"}]},{"@type":"WebSite","@id":"https:\/\/cheri-heater.com\/fr\/#website","url":"https:\/\/cheri-heater.com\/fr\/","name":"Cheri Heater Technology Co.,Ltd.","description":"","publisher":{"@id":"https:\/\/cheri-heater.com\/fr\/#organization"},"potentialAction":[{"@type":"SearchAction","target":{"@type":"EntryPoint","urlTemplate":"https:\/\/cheri-heater.com\/fr\/?s={search_term_string}"},"query-input":{"@type":"PropertyValueSpecification","valueRequired":true,"valueName":"search_term_string"}}],"inLanguage":"en-US"},{"@type":"Organization","@id":"https:\/\/cheri-heater.com\/fr\/#organization","name":"Cheri Heater Technology Co.,Ltd.","url":"https:\/\/cheri-heater.com\/fr\/","logo":{"@type":"ImageObject","inLanguage":"en-US","@id":"https:\/\/cheri-heater.com\/fr\/#\/schema\/logo\/image\/","url":"https:\/\/cheri-heater.com\/fr\/wp-content\/uploads\/2024\/06\/cropped-logo-resize.png","contentUrl":"https:\/\/cheri-heater.com\/fr\/wp-content\/uploads\/2024\/06\/cropped-logo-resize.png","width":346,"height":99,"caption":"Cheri Heater Technology Co.,Ltd."},"image":{"@id":"https:\/\/cheri-heater.com\/fr\/#\/schema\/logo\/image\/"}}]}},"_links":{"self":[{"href":"https:\/\/cheri-heater.com\/fr\/wp-json\/wp\/v2\/product\/916","targetHints":{"allow":["GET"]}}],"collection":[{"href":"https:\/\/cheri-heater.com\/fr\/wp-json\/wp\/v2\/product"}],"about":[{"href":"https:\/\/cheri-heater.com\/fr\/wp-json\/wp\/v2\/types\/product"}],"wp:featuredmedia":[{"embeddable":true,"href":"https:\/\/cheri-heater.com\/fr\/wp-json\/wp\/v2\/media\/938"}],"wp:attachment":[{"href":"https:\/\/cheri-heater.com\/fr\/wp-json\/wp\/v2\/media?parent=916"}],"wp:term":[{"taxonomy":"product_brand","embeddable":true,"href":"https:\/\/cheri-heater.com\/fr\/wp-json\/wp\/v2\/product_brand?post=916"},{"taxonomy":"product_cat","embeddable":true,"href":"https:\/\/cheri-heater.com\/fr\/wp-json\/wp\/v2\/product_cat?post=916"},{"taxonomy":"product_tag","embeddable":true,"href":"https:\/\/cheri-heater.com\/fr\/wp-json\/wp\/v2\/product_tag?post=916"}],"curies":[{"name":"wp","href":"https:\/\/api.w.org\/{rel}","templated":true}]}}