{"id":939,"date":"2024-06-04T18:00:32","date_gmt":"2024-06-04T18:00:32","guid":{"rendered":"https:\/\/cheri-heater.com\/fr\/?post_type=product&#038;p=939"},"modified":"2024-07-28T23:45:18","modified_gmt":"2024-07-28T23:45:18","slug":"cartridge-heater-for-co2-heater","status":"publish","type":"product","link":"https:\/\/cheri-heater.com\/fr\/product\/cartridge-heater-for-co2-heater\/","title":{"rendered":"chauffage \u00e0 cartouche pour chauffe-eau au CO2"},"content":{"rendered":"","protected":false},"excerpt":{"rendered":"<h2><span lang=\"FR\" style=\"color: #000000;\">Meilleur Fabricant de Chauffe-CO2<\/span><\/h2>\n<p class=\"Normal1\"><span lang=\"FR\" style=\"color: #000000;\">Cheri Heater Technology Co. est un fabricant de chauffe-CO2 de premier plan avec une large gamme de produits offrant un excellent transfert de chaleur et une longue dur\u00e9e de vie. Nous fabriquons nos produits en utilisant des mat\u00e9riaux de la plus haute qualit\u00e9 et respectant les normes les plus strictes pour r\u00e9sister \u00e0 des param\u00e8tres environnementaux s\u00e9v\u00e8res.<\/span><\/p>\n<p class=\"Normal1\"><span lang=\"FR\" style=\"color: #000000;\">Nous sommes des fabricants fiables de chauffe-CO2 pour le chauffage de moules, de plateaux, de matrices et d&#8217;autres applications n\u00e9cessitant un chauffage localis\u00e9. Nos chauffe-CO2 peuvent \u00eatre utilis\u00e9s pour des temp\u00e9ratures allant jusqu&#8217;\u00e0 800 degr\u00e9s Celsius.<\/span><\/p>\n<p class=\"Normal1\"><span lang=\"FR\" style=\"color: #000000;\">Nos chauffe-CO2 emp\u00eachent le gel et la formation de glace s\u00e8che dans les r\u00e9gulateurs de pression pour fournir un approvisionnement stable en gaz de protection. Ils sont \u00e9galement des accessoires pratiques pour les bouteilles de gaz. Cheri Heater Co. assure des normes \u00e9lev\u00e9es de s\u00e9curit\u00e9 et de fiabilit\u00e9 pour garantir que notre \u00e9quipement et nos produits sont s\u00fbrs \u00e0 utiliser dans tous les types de temp\u00e9ratures extr\u00eames.<\/span><\/p>\n<h3><span style=\"color: #000000;\"><a style=\"color: #000000;\" name=\"_dzb2ukqsgyuy\"><\/a><span lang=\"FR\">Qu&#8217;est-ce que les Chauffe-CO2 ?<\/span><\/span><\/h3>\n<p class=\"Normal1\"><span lang=\"FR\" style=\"color: #000000;\">Les chauffe-CO2 sont des dispositifs \u00e9lectriques qui utilisent la r\u00e9sistance \u00e9lectrique pour chauffer le CO2, le dioxyde de carbone ou l&#8217;azote. Nos chauffe-cartouches sont disponibles en diff\u00e9rentes tailles m\u00e9triques et imp\u00e9riales selon vos besoins. Lorsque le CO2 se d\u00e9compresse rapidement ou est transf\u00e9r\u00e9 \u00e0 grande vitesse, cela provoque une absorption de chaleur et un gel. Dans ce cas, les chauffe-CO2 peuvent aider \u00e0 pr\u00e9venir le gel.<\/span><\/p>\n<h3><span style=\"color: #000000;\"><a style=\"color: #000000;\" name=\"_ibngg91v3xsg\"><\/a><span lang=\"FR\">Applications des Chauffe-CO2<\/span><\/span><\/h3>\n<p class=\"Normal1\"><span lang=\"FR\" style=\"color: #000000;\">Nous sommes des fabricants leaders de chauffe-CO2 pour les industries de traitement des aliments, de traitement thermique et de fabrication. Nos chauffe-cartouches peuvent \u00e9galement chauffer de l&#8217;eau ou des gaz. D&#8217;autres applications des chauffe-CO2 comprennent, mais ne se limitent pas \u00e0, la technologie m\u00e9dicale, les produits chimiques, l&#8217;\u00e9lectronique, l&#8217;emballage et les industries nucl\u00e9aires.<\/span><\/p>\n","protected":false},"featured_media":942,"template":"","meta":[],"product_brand":[],"product_cat":[21],"product_tag":[153],"class_list":{"0":"post-939","1":"product","2":"type-product","3":"status-publish","4":"has-post-thumbnail","6":"product_cat-cartridge-heater","7":"product_tag-cartridge-heater-for-co2-heater","9":"first","10":"instock","11":"shipping-taxable","12":"product-type-simple"},"yoast_head":"<!-- This site is optimized with the Yoast SEO plugin v27.3 - https:\/\/yoast.com\/product\/yoast-seo-wordpress\/ -->\n<title>Meilleur fabricant de chauffages au CO2 en Chine | Cheri-heater.com<\/title>\n<meta name=\"description\" content=\"Vous cherchez un fabricant de chauffages au CO2 de confiance ? Nous proposons des chauffages au CO2 de haute qualit\u00e9, efficaces et fiables, con\u00e7us pour r\u00e9pondre \u00e0 vos besoins sp\u00e9cifiques.\" \/>\n<meta name=\"robots\" content=\"index, follow, max-snippet:-1, max-image-preview:large, max-video-preview:-1\" \/>\n<link rel=\"canonical\" href=\"https:\/\/cheri-heater.com\/fr\/product\/cartridge-heater-for-co2-heater\/\" \/>\n<meta property=\"og:locale\" content=\"en_US\" \/>\n<meta property=\"og:type\" content=\"article\" \/>\n<meta property=\"og:title\" content=\"Meilleur fabricant de chauffages au CO2 en Chine | Cheri-heater.com\" \/>\n<meta property=\"og:description\" content=\"Vous cherchez un fabricant de chauffages au CO2 de confiance ? Nous proposons des chauffages au CO2 de haute qualit\u00e9, efficaces et fiables, con\u00e7us pour r\u00e9pondre \u00e0 vos besoins sp\u00e9cifiques.\" \/>\n<meta property=\"og:url\" content=\"https:\/\/cheri-heater.com\/fr\/product\/cartridge-heater-for-co2-heater\/\" \/>\n<meta property=\"og:site_name\" content=\"Cheri Heater Technology Co.,Ltd.\" \/>\n<meta property=\"article:modified_time\" content=\"2024-07-28T23:45:18+00:00\" \/>\n<meta property=\"og:image\" content=\"https:\/\/cheri-heater.com\/fr\/wp-content\/uploads\/2024\/06\/Cheri-Electrothermal-Equipment-Limited-Company-25.jpg\" \/>\n\t<meta property=\"og:image:width\" content=\"780\" \/>\n\t<meta property=\"og:image:height\" content=\"560\" \/>\n\t<meta property=\"og:image:type\" content=\"image\/jpeg\" \/>\n<meta name=\"twitter:card\" content=\"summary_large_image\" \/>\n<meta name=\"twitter:label1\" content=\"Est. reading time\" \/>\n\t<meta name=\"twitter:data1\" content=\"1 minute\" \/>\n<!-- \/ Yoast SEO plugin. -->","yoast_head_json":{"title":"Meilleur fabricant de chauffages au CO2 en Chine | Cheri-heater.com","description":"Vous cherchez un fabricant de chauffages au CO2 de confiance ? Nous proposons des chauffages au CO2 de haute qualit\u00e9, efficaces et fiables, con\u00e7us pour r\u00e9pondre \u00e0 vos besoins sp\u00e9cifiques.","robots":{"index":"index","follow":"follow","max-snippet":"max-snippet:-1","max-image-preview":"max-image-preview:large","max-video-preview":"max-video-preview:-1"},"canonical":"https:\/\/cheri-heater.com\/fr\/product\/cartridge-heater-for-co2-heater\/","og_locale":"en_US","og_type":"article","og_title":"Meilleur fabricant de chauffages au CO2 en Chine | Cheri-heater.com","og_description":"Vous cherchez un fabricant de chauffages au CO2 de confiance ? Nous proposons des chauffages au CO2 de haute qualit\u00e9, efficaces et fiables, con\u00e7us pour r\u00e9pondre \u00e0 vos besoins sp\u00e9cifiques.","og_url":"https:\/\/cheri-heater.com\/fr\/product\/cartridge-heater-for-co2-heater\/","og_site_name":"Cheri Heater Technology Co.,Ltd.","article_modified_time":"2024-07-28T23:45:18+00:00","og_image":[{"width":780,"height":560,"url":"https:\/\/cheri-heater.com\/fr\/wp-content\/uploads\/2024\/06\/Cheri-Electrothermal-Equipment-Limited-Company-25.jpg","type":"image\/jpeg"}],"twitter_card":"summary_large_image","twitter_misc":{"Est. reading time":"1 minute"},"schema":{"@context":"https:\/\/schema.org","@graph":[{"@type":"WebPage","@id":"https:\/\/cheri-heater.com\/fr\/product\/cartridge-heater-for-co2-heater\/","url":"https:\/\/cheri-heater.com\/fr\/product\/cartridge-heater-for-co2-heater\/","name":"Meilleur fabricant de chauffages au CO2 en Chine | Cheri-heater.com","isPartOf":{"@id":"https:\/\/cheri-heater.com\/fr\/#website"},"primaryImageOfPage":{"@id":"https:\/\/cheri-heater.com\/fr\/product\/cartridge-heater-for-co2-heater\/#primaryimage"},"image":{"@id":"https:\/\/cheri-heater.com\/fr\/product\/cartridge-heater-for-co2-heater\/#primaryimage"},"thumbnailUrl":"https:\/\/cheri-heater.com\/fr\/wp-content\/uploads\/2024\/06\/Cheri-Electrothermal-Equipment-Limited-Company-25.jpg","datePublished":"2024-06-04T18:00:32+00:00","dateModified":"2024-07-28T23:45:18+00:00","description":"Vous cherchez un fabricant de chauffages au CO2 de confiance ? Nous proposons des chauffages au CO2 de haute qualit\u00e9, efficaces et fiables, con\u00e7us pour r\u00e9pondre \u00e0 vos besoins sp\u00e9cifiques.","breadcrumb":{"@id":"https:\/\/cheri-heater.com\/fr\/product\/cartridge-heater-for-co2-heater\/#breadcrumb"},"inLanguage":"en-US","potentialAction":[{"@type":"ReadAction","target":["https:\/\/cheri-heater.com\/fr\/product\/cartridge-heater-for-co2-heater\/"]}]},{"@type":"ImageObject","inLanguage":"en-US","@id":"https:\/\/cheri-heater.com\/fr\/product\/cartridge-heater-for-co2-heater\/#primaryimage","url":"https:\/\/cheri-heater.com\/fr\/wp-content\/uploads\/2024\/06\/Cheri-Electrothermal-Equipment-Limited-Company-25.jpg","contentUrl":"https:\/\/cheri-heater.com\/fr\/wp-content\/uploads\/2024\/06\/Cheri-Electrothermal-Equipment-Limited-Company-25.jpg","width":780,"height":560},{"@type":"BreadcrumbList","@id":"https:\/\/cheri-heater.com\/fr\/product\/cartridge-heater-for-co2-heater\/#breadcrumb","itemListElement":[{"@type":"ListItem","position":1,"name":"Home","item":"https:\/\/cheri-heater.com\/fr\/"},{"@type":"ListItem","position":2,"name":"Products","item":"https:\/\/cheri-heater.com\/fr\/products\/"},{"@type":"ListItem","position":3,"name":"chauffage \u00e0 cartouche pour chauffe-eau au CO2"}]},{"@type":"WebSite","@id":"https:\/\/cheri-heater.com\/fr\/#website","url":"https:\/\/cheri-heater.com\/fr\/","name":"Cheri Heater Technology Co.,Ltd.","description":"","publisher":{"@id":"https:\/\/cheri-heater.com\/fr\/#organization"},"potentialAction":[{"@type":"SearchAction","target":{"@type":"EntryPoint","urlTemplate":"https:\/\/cheri-heater.com\/fr\/?s={search_term_string}"},"query-input":{"@type":"PropertyValueSpecification","valueRequired":true,"valueName":"search_term_string"}}],"inLanguage":"en-US"},{"@type":"Organization","@id":"https:\/\/cheri-heater.com\/fr\/#organization","name":"Cheri Heater Technology Co.,Ltd.","url":"https:\/\/cheri-heater.com\/fr\/","logo":{"@type":"ImageObject","inLanguage":"en-US","@id":"https:\/\/cheri-heater.com\/fr\/#\/schema\/logo\/image\/","url":"https:\/\/cheri-heater.com\/fr\/wp-content\/uploads\/2024\/06\/cropped-logo-resize.png","contentUrl":"https:\/\/cheri-heater.com\/fr\/wp-content\/uploads\/2024\/06\/cropped-logo-resize.png","width":346,"height":99,"caption":"Cheri Heater Technology Co.,Ltd."},"image":{"@id":"https:\/\/cheri-heater.com\/fr\/#\/schema\/logo\/image\/"}}]}},"_links":{"self":[{"href":"https:\/\/cheri-heater.com\/fr\/wp-json\/wp\/v2\/product\/939","targetHints":{"allow":["GET"]}}],"collection":[{"href":"https:\/\/cheri-heater.com\/fr\/wp-json\/wp\/v2\/product"}],"about":[{"href":"https:\/\/cheri-heater.com\/fr\/wp-json\/wp\/v2\/types\/product"}],"wp:featuredmedia":[{"embeddable":true,"href":"https:\/\/cheri-heater.com\/fr\/wp-json\/wp\/v2\/media\/942"}],"wp:attachment":[{"href":"https:\/\/cheri-heater.com\/fr\/wp-json\/wp\/v2\/media?parent=939"}],"wp:term":[{"taxonomy":"product_brand","embeddable":true,"href":"https:\/\/cheri-heater.com\/fr\/wp-json\/wp\/v2\/product_brand?post=939"},{"taxonomy":"product_cat","embeddable":true,"href":"https:\/\/cheri-heater.com\/fr\/wp-json\/wp\/v2\/product_cat?post=939"},{"taxonomy":"product_tag","embeddable":true,"href":"https:\/\/cheri-heater.com\/fr\/wp-json\/wp\/v2\/product_tag?post=939"}],"curies":[{"name":"wp","href":"https:\/\/api.w.org\/{rel}","templated":true}]}}