{"id":944,"date":"2024-06-04T18:02:15","date_gmt":"2024-06-04T18:02:15","guid":{"rendered":"https:\/\/cheri-heater.com\/fr\/?post_type=product&#038;p=944"},"modified":"2024-07-28T23:44:04","modified_gmt":"2024-07-28T23:44:04","slug":"fined-cartridge-heater","status":"publish","type":"product","link":"https:\/\/cheri-heater.com\/fr\/product\/fined-cartridge-heater\/","title":{"rendered":"chauffage \u00e0 cartouche affin\u00e9"},"content":{"rendered":"<table dir=\"ltr\" width=\"750\" cellspacing=\"0\" cellpadding=\"0\" align=\"left\">\n<tbody>\n<tr valign=\"top\">\n<td width=\"402\">\n<p class=\"western\" align=\"left\"><span style=\"font-size: small;\"><span style=\"font-family: \u5b8b\u4f53;\">Mat\u00e9riau de la cartouche chauffante<\/span><\/span><\/p>\n<\/td>\n<td width=\"346\">\n<p class=\"western\" align=\"left\"><span style=\"font-family: \u5b8b\u4f53;\"><span style=\"font-size: small;\"><span lang=\"en-US\">Ss304, ss310s, ss316, ss316L, ss321, incoloy, etc.<\/span><\/span><\/span><\/p>\n<\/td>\n<\/tr>\n<tr valign=\"top\">\n<td width=\"402\">\n<p class=\"western\" align=\"left\"><span style=\"font-size: small;\"><span style=\"font-family: \u5b8b\u4f53;\">Diam\u00e8tre de la cartouche chauffante<\/span><\/span><\/p>\n<\/td>\n<td width=\"346\">\n<p class=\"western\" align=\"left\"><span style=\"font-family: \u5b8b\u4f53;\"><span style=\"font-size: small;\"><span lang=\"en-US\">Minimum: 2mm, personnalisable<\/span><\/span><\/span><\/p>\n<\/td>\n<\/tr>\n<tr valign=\"top\">\n<td width=\"402\">\n<p class=\"western\" align=\"left\"><span style=\"font-size: small;\"><span style=\"font-family: \u5b8b\u4f53;\">Marque de l&#8217;\u00e9l\u00e9ment chauffant de la cartouche<\/span><\/span><\/p>\n<\/td>\n<td width=\"346\">\n<p class=\"western\" align=\"left\"><span style=\"font-size: small;\"><span style=\"font-family: \u5b8b\u4f53;\">OEM<\/span><\/span><\/p>\n<\/td>\n<\/tr>\n<tr valign=\"top\">\n<td width=\"402\">\n<p class=\"western\" align=\"left\"><span style=\"font-size: small;\"><span style=\"font-family: \u5b8b\u4f53;\">Temp\u00e9rature maximale des \u00e9l\u00e9ments chauffants de la cartouche<\/span><\/span><\/p>\n<\/td>\n<td width=\"346\">\n<p class=\"western\" align=\"left\"><span style=\"color: #000000;\"><span style=\"font-family: Verdana;\"><span style=\"font-size: small;\"><span lang=\"en-US\">900 \u00baC<\/span><\/span><\/span><\/span><\/p>\n<\/td>\n<\/tr>\n<tr valign=\"top\">\n<td width=\"402\">\n<p class=\"western\" align=\"left\"><span style=\"font-size: small;\"><span style=\"font-family: \u5b8b\u4f53;\">D\u00e9lai de livraison des \u00e9l\u00e9ments chauffants de la cartouche<\/span><\/span><\/p>\n<\/td>\n<td width=\"346\">\n<p class=\"western\" align=\"left\"><span style=\"font-size: small;\"><span style=\"font-family: \u5b8b\u4f53;\">D\u00e9lai de livraison des \u00e9l\u00e9ments chauffants de la cartouche<\/span><\/span><\/p>\n<\/td>\n<\/tr>\n<tr valign=\"top\">\n<td width=\"402\">\n<p class=\"western\" align=\"left\"><span style=\"font-size: small;\"><span style=\"font-family: \u5b8b\u4f53;\">Thermocouple interne des \u00e9l\u00e9ments chauffants de la cartouche<\/span><\/span><\/p>\n<\/td>\n<td width=\"346\">\n<p class=\"western\" align=\"left\"><span style=\"font-size: small;\"><span style=\"font-family: \u5b8b\u4f53;\">Type J, K<\/span><\/span><\/p>\n<\/td>\n<\/tr>\n<\/tbody>\n<\/table>\n<h3 class=\"western\">Caract\u00e9ristiques principales<\/h3>\n<p><span style=\"color: #333333;\"><span style=\"font-family: Times New Roman, serif;\"><span style=\"font-size: small;\"><span style=\"font-size: medium;\"><br \/>\n1. Densit\u00e9 de puissance \u00e9lev\u00e9e (puissance de surface de la zone chauffante 10-25w\/cm2) Temp\u00e9rature de fonctionnement <450 degr\u00e9s<br \/>\n2. Densit\u00e9 de puissance moyenne, faible (puissance de surface de la zone chauffante 5-11w\/cm2) Temp\u00e9rature de fonctionnement <300 degr\u00e9s<br \/>\n3. Tension : 12-250V ou selon demande<br \/>\n4. Construction \u00e0 haute densit\u00e9<br \/>\n5. La construction en acier inoxydable de haute qualit\u00e9 offre une protection durable m\u00eame dans les environnements industriels les plus robustes. Prot\u00e9g\u00e9s par une gaine en acier inoxydable, leur densit\u00e9 de puissance peut atteindre 50w\/cm2 et leur temp\u00e9rature de fonctionnement peut aller jusqu&#8217;\u00e0 800 degr\u00e9s<br \/>\n<\/span><\/span><\/span><\/span><\/p>\n","protected":false},"excerpt":{"rendered":"<p>Les chauffages \u00e0 cartouche sont des \u00e9l\u00e9ments chauffants \u00e9lectriques cylindriques. Principalement utilis\u00e9s pour chauffer des solides tels que des presses d&#8217;injection, des plaques de chauffage ou divers outils, ils peuvent \u00e9galement \u00eatre utilis\u00e9s pour chauffer de l&#8217;eau ou des gaz dans certaines conditions. Largement utilis\u00e9s pour la fabrication de pi\u00e8ces en plastique et en caoutchouc dans l&#8217;industrie automobile ou dans l&#8217;industrie de transformation des aliments, ils sont \u00e9galement couramment trouv\u00e9s dans les industries chimique, \u00e9lectronique, des \u00e9quipements m\u00e9dicaux, de l&#8217;emballage et nucl\u00e9aire<\/p>\n","protected":false},"featured_media":949,"template":"","meta":[],"product_brand":[],"product_cat":[21],"product_tag":[],"class_list":{"0":"post-944","1":"product","2":"type-product","3":"status-publish","4":"has-post-thumbnail","6":"product_cat-cartridge-heater","8":"first","9":"instock","10":"shipping-taxable","11":"product-type-simple"},"yoast_head":"<!-- This site is optimized with the Yoast SEO plugin v27.3 - https:\/\/yoast.com\/product\/yoast-seo-wordpress\/ -->\n<title>Meilleurs fabricants de chauffages \u00e0 cartouche \u00e0 ailettes | Cheri-heater.com<\/title>\n<meta name=\"description\" content=\"Fabricants de chauffages \u00e0 cartouche \u00e0 ailettes de premier plan offrant des solutions de chauffage efficaces et fiables. Nos chauffages \u00e0 cartouche \u00e0 ailettes de haute qualit\u00e9 sont con\u00e7us pour un transfert de chaleur optimal et une durabilit\u00e9 accrue. Parfaits pour diverses applications industrielles. Contactez-nous d\u00e8s aujourd&#039;hui pour des solutions personnalis\u00e9es !\" \/>\n<meta name=\"robots\" content=\"index, follow, max-snippet:-1, max-image-preview:large, max-video-preview:-1\" \/>\n<link rel=\"canonical\" href=\"https:\/\/cheri-heater.com\/fr\/product\/fined-cartridge-heater\/\" \/>\n<meta property=\"og:locale\" content=\"en_US\" \/>\n<meta property=\"og:type\" content=\"article\" \/>\n<meta property=\"og:title\" content=\"Meilleurs fabricants de chauffages \u00e0 cartouche \u00e0 ailettes | Cheri-heater.com\" \/>\n<meta property=\"og:description\" content=\"Fabricants de chauffages \u00e0 cartouche \u00e0 ailettes de premier plan offrant des solutions de chauffage efficaces et fiables. Nos chauffages \u00e0 cartouche \u00e0 ailettes de haute qualit\u00e9 sont con\u00e7us pour un transfert de chaleur optimal et une durabilit\u00e9 accrue. Parfaits pour diverses applications industrielles. Contactez-nous d\u00e8s aujourd&#039;hui pour des solutions personnalis\u00e9es !\" \/>\n<meta property=\"og:url\" content=\"https:\/\/cheri-heater.com\/fr\/product\/fined-cartridge-heater\/\" \/>\n<meta property=\"og:site_name\" content=\"Cheri Heater Technology Co.,Ltd.\" \/>\n<meta property=\"article:modified_time\" content=\"2024-07-28T23:44:04+00:00\" \/>\n<meta property=\"og:image\" content=\"https:\/\/cheri-heater.com\/fr\/wp-content\/uploads\/2024\/06\/front2.jpg\" \/>\n\t<meta property=\"og:image:width\" content=\"720\" \/>\n\t<meta property=\"og:image:height\" content=\"720\" \/>\n\t<meta property=\"og:image:type\" content=\"image\/jpeg\" \/>\n<meta name=\"twitter:card\" content=\"summary_large_image\" \/>\n<meta name=\"twitter:label1\" content=\"Est. reading time\" \/>\n\t<meta name=\"twitter:data1\" content=\"1 minute\" \/>\n<!-- \/ Yoast SEO plugin. -->","yoast_head_json":{"title":"Meilleurs fabricants de chauffages \u00e0 cartouche \u00e0 ailettes | Cheri-heater.com","description":"Fabricants de chauffages \u00e0 cartouche \u00e0 ailettes de premier plan offrant des solutions de chauffage efficaces et fiables. Nos chauffages \u00e0 cartouche \u00e0 ailettes de haute qualit\u00e9 sont con\u00e7us pour un transfert de chaleur optimal et une durabilit\u00e9 accrue. Parfaits pour diverses applications industrielles. Contactez-nous d\u00e8s aujourd'hui pour des solutions personnalis\u00e9es !","robots":{"index":"index","follow":"follow","max-snippet":"max-snippet:-1","max-image-preview":"max-image-preview:large","max-video-preview":"max-video-preview:-1"},"canonical":"https:\/\/cheri-heater.com\/fr\/product\/fined-cartridge-heater\/","og_locale":"en_US","og_type":"article","og_title":"Meilleurs fabricants de chauffages \u00e0 cartouche \u00e0 ailettes | Cheri-heater.com","og_description":"Fabricants de chauffages \u00e0 cartouche \u00e0 ailettes de premier plan offrant des solutions de chauffage efficaces et fiables. Nos chauffages \u00e0 cartouche \u00e0 ailettes de haute qualit\u00e9 sont con\u00e7us pour un transfert de chaleur optimal et une durabilit\u00e9 accrue. Parfaits pour diverses applications industrielles. Contactez-nous d\u00e8s aujourd'hui pour des solutions personnalis\u00e9es !","og_url":"https:\/\/cheri-heater.com\/fr\/product\/fined-cartridge-heater\/","og_site_name":"Cheri Heater Technology Co.,Ltd.","article_modified_time":"2024-07-28T23:44:04+00:00","og_image":[{"width":720,"height":720,"url":"https:\/\/cheri-heater.com\/fr\/wp-content\/uploads\/2024\/06\/front2.jpg","type":"image\/jpeg"}],"twitter_card":"summary_large_image","twitter_misc":{"Est. reading time":"1 minute"},"schema":{"@context":"https:\/\/schema.org","@graph":[{"@type":"WebPage","@id":"https:\/\/cheri-heater.com\/fr\/product\/fined-cartridge-heater\/","url":"https:\/\/cheri-heater.com\/fr\/product\/fined-cartridge-heater\/","name":"Meilleurs fabricants de chauffages \u00e0 cartouche \u00e0 ailettes | Cheri-heater.com","isPartOf":{"@id":"https:\/\/cheri-heater.com\/fr\/#website"},"primaryImageOfPage":{"@id":"https:\/\/cheri-heater.com\/fr\/product\/fined-cartridge-heater\/#primaryimage"},"image":{"@id":"https:\/\/cheri-heater.com\/fr\/product\/fined-cartridge-heater\/#primaryimage"},"thumbnailUrl":"https:\/\/cheri-heater.com\/fr\/wp-content\/uploads\/2024\/06\/front2.jpg","datePublished":"2024-06-04T18:02:15+00:00","dateModified":"2024-07-28T23:44:04+00:00","description":"Fabricants de chauffages \u00e0 cartouche \u00e0 ailettes de premier plan offrant des solutions de chauffage efficaces et fiables. Nos chauffages \u00e0 cartouche \u00e0 ailettes de haute qualit\u00e9 sont con\u00e7us pour un transfert de chaleur optimal et une durabilit\u00e9 accrue. Parfaits pour diverses applications industrielles. Contactez-nous d\u00e8s aujourd'hui pour des solutions personnalis\u00e9es !","breadcrumb":{"@id":"https:\/\/cheri-heater.com\/fr\/product\/fined-cartridge-heater\/#breadcrumb"},"inLanguage":"en-US","potentialAction":[{"@type":"ReadAction","target":["https:\/\/cheri-heater.com\/fr\/product\/fined-cartridge-heater\/"]}]},{"@type":"ImageObject","inLanguage":"en-US","@id":"https:\/\/cheri-heater.com\/fr\/product\/fined-cartridge-heater\/#primaryimage","url":"https:\/\/cheri-heater.com\/fr\/wp-content\/uploads\/2024\/06\/front2.jpg","contentUrl":"https:\/\/cheri-heater.com\/fr\/wp-content\/uploads\/2024\/06\/front2.jpg","width":720,"height":720},{"@type":"BreadcrumbList","@id":"https:\/\/cheri-heater.com\/fr\/product\/fined-cartridge-heater\/#breadcrumb","itemListElement":[{"@type":"ListItem","position":1,"name":"Home","item":"https:\/\/cheri-heater.com\/fr\/"},{"@type":"ListItem","position":2,"name":"Products","item":"https:\/\/cheri-heater.com\/fr\/products\/"},{"@type":"ListItem","position":3,"name":"chauffage \u00e0 cartouche affin\u00e9"}]},{"@type":"WebSite","@id":"https:\/\/cheri-heater.com\/fr\/#website","url":"https:\/\/cheri-heater.com\/fr\/","name":"Cheri Heater Technology Co.,Ltd.","description":"","publisher":{"@id":"https:\/\/cheri-heater.com\/fr\/#organization"},"potentialAction":[{"@type":"SearchAction","target":{"@type":"EntryPoint","urlTemplate":"https:\/\/cheri-heater.com\/fr\/?s={search_term_string}"},"query-input":{"@type":"PropertyValueSpecification","valueRequired":true,"valueName":"search_term_string"}}],"inLanguage":"en-US"},{"@type":"Organization","@id":"https:\/\/cheri-heater.com\/fr\/#organization","name":"Cheri Heater Technology Co.,Ltd.","url":"https:\/\/cheri-heater.com\/fr\/","logo":{"@type":"ImageObject","inLanguage":"en-US","@id":"https:\/\/cheri-heater.com\/fr\/#\/schema\/logo\/image\/","url":"https:\/\/cheri-heater.com\/fr\/wp-content\/uploads\/2024\/06\/cropped-logo-resize.png","contentUrl":"https:\/\/cheri-heater.com\/fr\/wp-content\/uploads\/2024\/06\/cropped-logo-resize.png","width":346,"height":99,"caption":"Cheri Heater Technology Co.,Ltd."},"image":{"@id":"https:\/\/cheri-heater.com\/fr\/#\/schema\/logo\/image\/"}}]}},"_links":{"self":[{"href":"https:\/\/cheri-heater.com\/fr\/wp-json\/wp\/v2\/product\/944","targetHints":{"allow":["GET"]}}],"collection":[{"href":"https:\/\/cheri-heater.com\/fr\/wp-json\/wp\/v2\/product"}],"about":[{"href":"https:\/\/cheri-heater.com\/fr\/wp-json\/wp\/v2\/types\/product"}],"wp:featuredmedia":[{"embeddable":true,"href":"https:\/\/cheri-heater.com\/fr\/wp-json\/wp\/v2\/media\/949"}],"wp:attachment":[{"href":"https:\/\/cheri-heater.com\/fr\/wp-json\/wp\/v2\/media?parent=944"}],"wp:term":[{"taxonomy":"product_brand","embeddable":true,"href":"https:\/\/cheri-heater.com\/fr\/wp-json\/wp\/v2\/product_brand?post=944"},{"taxonomy":"product_cat","embeddable":true,"href":"https:\/\/cheri-heater.com\/fr\/wp-json\/wp\/v2\/product_cat?post=944"},{"taxonomy":"product_tag","embeddable":true,"href":"https:\/\/cheri-heater.com\/fr\/wp-json\/wp\/v2\/product_tag?post=944"}],"curies":[{"name":"wp","href":"https:\/\/api.w.org\/{rel}","templated":true}]}}