{"id":950,"date":"2024-06-04T18:04:33","date_gmt":"2024-06-04T18:04:33","guid":{"rendered":"https:\/\/cheri-heater.com\/fr\/?post_type=product&#038;p=950"},"modified":"2024-07-28T23:42:42","modified_gmt":"2024-07-28T23:42:42","slug":"immersion-water-heater","status":"publish","type":"product","link":"https:\/\/cheri-heater.com\/fr\/product\/immersion-water-heater\/","title":{"rendered":"chauffage \u00e0 cartouche pour moule"},"content":{"rendered":"<table width=\"100%\" cellspacing=\"0\" cellpadding=\"0\">\n<tbody>\n<tr valign=\"top\">\n<td bgcolor=\"#f3f4f8\" width=\"31%\">\n<p class=\"western\" align=\"left\"><span style=\"font-size: medium;\"><b><span style=\"font-family: \u5b8b\u4f53;\">Nom<\/span><\/b><\/span><\/p>\n<\/td>\n<td width=\"69%\">\n<p class=\"western\" align=\"left\"><span style=\"font-size: medium;\"><span style=\"font-family: \u5b8b\u4f53;\">\u00c9l\u00e9ment de Chauffage \u00e0 Eau en Acier Inoxydable de 12 Volts 230W<\/span><\/span><\/p>\n<\/td>\n<\/tr>\n<tr valign=\"top\">\n<td bgcolor=\"#f3f4f8\" width=\"31%\">\n<p class=\"western\" align=\"left\"><span style=\"font-size: medium;\"><b><span style=\"font-family: \u5b8b\u4f53;\">Tol\u00e9rance de Puissance<\/span><\/b><\/span><\/p>\n<\/td>\n<td width=\"69%\">\n<p class=\"western\" align=\"left\"><span style=\"font-size: medium;\"><span style=\"font-family: \u5b8b\u4f53;\">+5%, -10%<\/span><\/span><\/p>\n<\/td>\n<\/tr>\n<tr valign=\"top\">\n<td bgcolor=\"#f3f4f8\" width=\"31%\">\n<p class=\"western\" align=\"left\"><span style=\"font-size: medium;\"><b><span style=\"font-family: \u5b8b\u4f53;\">Tol\u00e9rance de R\u00e9sistance<\/span><\/b><\/span><\/p>\n<\/td>\n<td width=\"69%\">\n<p class=\"western\" align=\"left\"><span style=\"font-size: medium;\"><span style=\"font-family: \u5b8b\u4f53;\">+10%, -5%<\/span><\/span><\/p>\n<\/td>\n<\/tr>\n<tr valign=\"top\">\n<td bgcolor=\"#f3f4f8\" width=\"31%\">\n<p class=\"western\" align=\"left\"><span style=\"font-size: medium;\"><b><span style=\"font-family: \u5b8b\u4f53;\">Tensions Disponibles<\/span><\/b><\/span><\/p>\n<\/td>\n<td width=\"69%\">\n<p class=\"western\" align=\"left\"><span style=\"font-size: medium;\"><span style=\"font-family: \u5b8b\u4f53;\">380V, 240V, 220V, 110V, 36V, 24V ou 12V<\/span><\/span><\/p>\n<\/td>\n<\/tr>\n<tr valign=\"top\">\n<td bgcolor=\"#f3f4f8\" width=\"31%\">\n<p class=\"western\" align=\"left\"><span style=\"font-size: medium;\"><b><span style=\"font-family: \u5b8b\u4f53;\">Temp\u00e9rature Max de Fonctionnement<\/span><\/b><\/span><\/p>\n<\/td>\n<td width=\"69%\">\n<p class=\"western\" align=\"left\"><span style=\"font-size: medium;\"><span style=\"font-family: \u5b8b\u4f53;\">870\u00baC (1600F)<\/span><\/span><\/p>\n<\/td>\n<\/tr>\n<tr valign=\"top\">\n<td bgcolor=\"#f3f4f8\" width=\"31%\">\n<p class=\"western\" align=\"left\"><span style=\"font-size: medium;\"><b><span style=\"font-family: \u5b8b\u4f53;\">Tol\u00e9rance de Longueur<\/span><\/b><\/span><\/p>\n<\/td>\n<td width=\"69%\">\n<p class=\"western\" align=\"left\"><span style=\"font-size: medium;\"><span style=\"font-family: \u5b8b\u4f53;\">\u00b1 2% ou 3.2mm (1\/8\u201d), selon la valeur la plus \u00e9lev\u00e9e.<\/span><\/span><\/p>\n<\/td>\n<\/tr>\n<tr valign=\"top\">\n<td bgcolor=\"#f3f4f8\" width=\"31%\">\n<p class=\"western\" align=\"left\"><span style=\"font-size: medium;\"><b><span style=\"font-family: \u5b8b\u4f53;\">Tol\u00e9rance de Cambrure<\/span><\/b><\/span><\/p>\n<\/td>\n<td width=\"69%\">\n<p class=\"western\" align=\"left\"><span style=\"font-size: medium;\"><span style=\"font-family: \u5b8b\u4f53;\">1.7mm par m\u00e8tre (0.020\u201d par pied).<\/span><\/span><\/p>\n<\/td>\n<\/tr>\n<tr valign=\"top\">\n<td bgcolor=\"#f3f4f8\" width=\"31%\">\n<p class=\"western\" align=\"left\"><span style=\"font-size: medium;\"><b><span style=\"font-family: \u5b8b\u4f53;\">Tol\u00e9rance de Diam\u00e8tre<\/span><\/b><\/span><\/p>\n<\/td>\n<td width=\"69%\">\n<p class=\"western\" align=\"left\"><span style=\"font-size: medium;\"><span style=\"font-family: \u5b8b\u4f53;\">Le diam\u00e8tre \u00e0 chaque extr\u00e9mit\u00e9 peut varier de +0.05mm \u00e0 -0.1mm (+.002&#8243; -.004&#8243;)<\/span><\/span><\/p>\n<\/td>\n<\/tr>\n<tr valign=\"top\">\n<td bgcolor=\"#f3f4f8\" width=\"31%\">\n<p class=\"western\" align=\"left\"><span style=\"font-size: medium;\"><b><span style=\"font-family: \u5b8b\u4f53;\">Zone Non Chauff\u00e9e Standard<\/span><\/b><\/span><\/p>\n<\/td>\n<td width=\"69%\">\n<p class=\"western\" align=\"left\"><span style=\"font-size: medium;\"><span style=\"font-family: \u5b8b\u4f53;\">5-10mm<\/span><\/span><\/p>\n<\/td>\n<\/tr>\n<tr valign=\"top\">\n<td bgcolor=\"#f3f4f8\" width=\"31%\">\n<p class=\"western\" align=\"left\"><span style=\"font-size: medium;\"><b><span style=\"font-family: \u5b8b\u4f53;\">Thermocouple Interne<\/span><\/b><\/span><\/p>\n<\/td>\n<td width=\"69%\">\n<p class=\"western\" align=\"left\"><span style=\"font-size: medium;\"><span style=\"font-family: \u5b8b\u4f53;\">type J ou K<\/span><\/span><\/p>\n<\/td>\n<\/tr>\n<tr valign=\"top\">\n<td bgcolor=\"#f3f4f8\" width=\"31%\">\n<p class=\"western\" align=\"left\"><span style=\"font-size: medium;\"><b><span style=\"font-family: \u5b8b\u4f53;\">Emplacement du Thermocouple<\/span><\/b><\/span><\/p>\n<\/td>\n<td width=\"69%\">\n<p class=\"western\" align=\"left\"><span style=\"font-size: medium;\"><span style=\"font-family: \u5b8b\u4f53;\">Extr\u00e9mit\u00e9 du disque, gaine, centre du chauffage<\/span><\/span><\/p>\n<\/td>\n<\/tr>\n<tr valign=\"top\">\n<td bgcolor=\"#f3f4f8\" width=\"31%\">\n<p class=\"western\" align=\"left\"><span style=\"font-size: medium;\"><b><span style=\"font-family: \u5b8b\u4f53;\">R\u00e9sistance d&#8217;isolation (\u00e0 froid)<\/span><\/b><\/span><\/p>\n<\/td>\n<td width=\"69%\">\n<p class=\"western\" align=\"left\">\u2265 <span style=\"font-family: \u5b8b\u4f53;\"><span style=\"font-size: medium;\">500 M\u03a9<\/span><\/span><\/p>\n<\/td>\n<\/tr>\n<tr valign=\"top\">\n<td bgcolor=\"#f3f4f8\" width=\"31%\">\n<p class=\"western\" align=\"left\"><span style=\"font-size: medium;\"><b><span style=\"font-family: \u5b8b\u4f53;\">Courant de Fuite Maximum (\u00e0 froid)<\/span><\/b><\/span><\/p>\n<\/td>\n<td width=\"69%\">\n<p class=\"western\" align=\"left\">\u2264 <span style=\"font-family: \u5b8b\u4f53;\"><span style=\"font-size: medium;\">0.5 mA<\/span><\/span><\/p>\n<\/td>\n<\/tr>\n<tr valign=\"top\">\n<td bgcolor=\"#f3f4f8\" width=\"31%\">\n<p class=\"western\" align=\"left\"><span style=\"font-size: medium;\"><b><span style=\"font-family: \u5b8b\u4f53;\">Diam\u00e8tre<\/span><\/b><\/span><\/p>\n<\/td>\n<td width=\"69%\">\n<p class=\"western\" align=\"left\"><span style=\"font-family: \u5b8b\u4f53;\"><span style=\"font-size: medium;\"><span lang=\"en-US\">de<\/span><\/span><\/span><span style=\"font-family: \u5b8b\u4f53;\"><span style=\"font-size: medium;\"><span lang=\"en-US\"> 2.0mm \u00e0 30mm<\/span><\/span><\/span><\/p>\n<\/td>\n<\/tr>\n<\/tbody>\n<\/table>\n","protected":false},"excerpt":{"rendered":"<p>Nom \u00c9l\u00e9ment de Chauffage \u00e0 Eau en Acier Inoxydable de 12 Volts 230W Tol\u00e9rance de Puissance +5%, -10% Tol\u00e9rance de R\u00e9sistance +10%, -5% Tensions Disponibles 380V, 240V, 220V, 110V, 36V, 24V ou 12V Temp\u00e9rature Max de Fonctionnement 870\u00baC (1600F) Tol\u00e9rance de Longueur \u00b1 2% ou 3.2mm (1\/8\u201d), selon la valeur la plus \u00e9lev\u00e9e. Tol\u00e9rance de [&hellip;]<\/p>\n","protected":false},"featured_media":955,"template":"","meta":[],"product_brand":[],"product_cat":[21],"product_tag":[],"class_list":{"0":"post-950","1":"product","2":"type-product","3":"status-publish","4":"has-post-thumbnail","6":"product_cat-cartridge-heater","8":"first","9":"instock","10":"shipping-taxable","11":"product-type-simple"},"yoast_head":"<!-- This site is optimized with the Yoast SEO plugin v27.3 - https:\/\/yoast.com\/product\/yoast-seo-wordpress\/ -->\n<title>Chauffe-eaux \u00e0 immersion efficaces pour un chauffage rapide<\/title>\n<meta name=\"description\" content=\"Nos chauffe-eaux \u00e0 immersion efficaces, con\u00e7us pour un chauffage rapide et fiable de l&#039;eau. Parfaits pour diverses applications, nos chauffe-eaux offrent durabilit\u00e9 et performance \u00e9conomique. Choisissez parmi notre gamme de chauffe-eaux \u00e0 immersion de haute qualit\u00e9 et profitez d&#039;eau chaude instantan\u00e9e. Achetez d\u00e8s maintenant !\" \/>\n<meta name=\"robots\" content=\"index, follow, max-snippet:-1, max-image-preview:large, max-video-preview:-1\" \/>\n<link rel=\"canonical\" href=\"https:\/\/cheri-heater.com\/fr\/product\/immersion-water-heater\/\" \/>\n<meta property=\"og:locale\" content=\"en_US\" \/>\n<meta property=\"og:type\" content=\"article\" \/>\n<meta property=\"og:title\" content=\"Chauffe-eaux \u00e0 immersion efficaces pour un chauffage rapide\" \/>\n<meta property=\"og:description\" content=\"Nos chauffe-eaux \u00e0 immersion efficaces, con\u00e7us pour un chauffage rapide et fiable de l&#039;eau. Parfaits pour diverses applications, nos chauffe-eaux offrent durabilit\u00e9 et performance \u00e9conomique. Choisissez parmi notre gamme de chauffe-eaux \u00e0 immersion de haute qualit\u00e9 et profitez d&#039;eau chaude instantan\u00e9e. Achetez d\u00e8s maintenant !\" \/>\n<meta property=\"og:url\" content=\"https:\/\/cheri-heater.com\/fr\/product\/immersion-water-heater\/\" \/>\n<meta property=\"og:site_name\" content=\"Cheri Heater Technology Co.,Ltd.\" \/>\n<meta property=\"article:modified_time\" content=\"2024-07-28T23:42:42+00:00\" \/>\n<meta property=\"og:image\" content=\"https:\/\/cheri-heater.com\/fr\/wp-content\/uploads\/2024\/06\/\u5fae\u4fe1\u56fe\u7247_202302171252586.jpg\" \/>\n\t<meta property=\"og:image:width\" content=\"760\" \/>\n\t<meta property=\"og:image:height\" content=\"760\" \/>\n\t<meta property=\"og:image:type\" content=\"image\/jpeg\" \/>\n<meta name=\"twitter:card\" content=\"summary_large_image\" \/>\n<meta name=\"twitter:label1\" content=\"Est. reading time\" \/>\n\t<meta name=\"twitter:data1\" content=\"1 minute\" \/>\n<!-- \/ Yoast SEO plugin. -->","yoast_head_json":{"title":"Chauffe-eaux \u00e0 immersion efficaces pour un chauffage rapide","description":"Nos chauffe-eaux \u00e0 immersion efficaces, con\u00e7us pour un chauffage rapide et fiable de l'eau. Parfaits pour diverses applications, nos chauffe-eaux offrent durabilit\u00e9 et performance \u00e9conomique. Choisissez parmi notre gamme de chauffe-eaux \u00e0 immersion de haute qualit\u00e9 et profitez d'eau chaude instantan\u00e9e. Achetez d\u00e8s maintenant !","robots":{"index":"index","follow":"follow","max-snippet":"max-snippet:-1","max-image-preview":"max-image-preview:large","max-video-preview":"max-video-preview:-1"},"canonical":"https:\/\/cheri-heater.com\/fr\/product\/immersion-water-heater\/","og_locale":"en_US","og_type":"article","og_title":"Chauffe-eaux \u00e0 immersion efficaces pour un chauffage rapide","og_description":"Nos chauffe-eaux \u00e0 immersion efficaces, con\u00e7us pour un chauffage rapide et fiable de l'eau. Parfaits pour diverses applications, nos chauffe-eaux offrent durabilit\u00e9 et performance \u00e9conomique. Choisissez parmi notre gamme de chauffe-eaux \u00e0 immersion de haute qualit\u00e9 et profitez d'eau chaude instantan\u00e9e. Achetez d\u00e8s maintenant !","og_url":"https:\/\/cheri-heater.com\/fr\/product\/immersion-water-heater\/","og_site_name":"Cheri Heater Technology Co.,Ltd.","article_modified_time":"2024-07-28T23:42:42+00:00","og_image":[{"width":760,"height":760,"url":"https:\/\/cheri-heater.com\/fr\/wp-content\/uploads\/2024\/06\/\u5fae\u4fe1\u56fe\u7247_202302171252586.jpg","type":"image\/jpeg"}],"twitter_card":"summary_large_image","twitter_misc":{"Est. reading time":"1 minute"},"schema":{"@context":"https:\/\/schema.org","@graph":[{"@type":"WebPage","@id":"https:\/\/cheri-heater.com\/fr\/product\/immersion-water-heater\/","url":"https:\/\/cheri-heater.com\/fr\/product\/immersion-water-heater\/","name":"Chauffe-eaux \u00e0 immersion efficaces pour un chauffage rapide","isPartOf":{"@id":"https:\/\/cheri-heater.com\/fr\/#website"},"primaryImageOfPage":{"@id":"https:\/\/cheri-heater.com\/fr\/product\/immersion-water-heater\/#primaryimage"},"image":{"@id":"https:\/\/cheri-heater.com\/fr\/product\/immersion-water-heater\/#primaryimage"},"thumbnailUrl":"https:\/\/cheri-heater.com\/fr\/wp-content\/uploads\/2024\/06\/\u5fae\u4fe1\u56fe\u7247_202302171252586.jpg","datePublished":"2024-06-04T18:04:33+00:00","dateModified":"2024-07-28T23:42:42+00:00","description":"Nos chauffe-eaux \u00e0 immersion efficaces, con\u00e7us pour un chauffage rapide et fiable de l'eau. Parfaits pour diverses applications, nos chauffe-eaux offrent durabilit\u00e9 et performance \u00e9conomique. Choisissez parmi notre gamme de chauffe-eaux \u00e0 immersion de haute qualit\u00e9 et profitez d'eau chaude instantan\u00e9e. Achetez d\u00e8s maintenant !","breadcrumb":{"@id":"https:\/\/cheri-heater.com\/fr\/product\/immersion-water-heater\/#breadcrumb"},"inLanguage":"en-US","potentialAction":[{"@type":"ReadAction","target":["https:\/\/cheri-heater.com\/fr\/product\/immersion-water-heater\/"]}]},{"@type":"ImageObject","inLanguage":"en-US","@id":"https:\/\/cheri-heater.com\/fr\/product\/immersion-water-heater\/#primaryimage","url":"https:\/\/cheri-heater.com\/fr\/wp-content\/uploads\/2024\/06\/\u5fae\u4fe1\u56fe\u7247_202302171252586.jpg","contentUrl":"https:\/\/cheri-heater.com\/fr\/wp-content\/uploads\/2024\/06\/\u5fae\u4fe1\u56fe\u7247_202302171252586.jpg","width":760,"height":760},{"@type":"BreadcrumbList","@id":"https:\/\/cheri-heater.com\/fr\/product\/immersion-water-heater\/#breadcrumb","itemListElement":[{"@type":"ListItem","position":1,"name":"Home","item":"https:\/\/cheri-heater.com\/fr\/"},{"@type":"ListItem","position":2,"name":"Products","item":"https:\/\/cheri-heater.com\/fr\/products\/"},{"@type":"ListItem","position":3,"name":"chauffage \u00e0 cartouche pour moule"}]},{"@type":"WebSite","@id":"https:\/\/cheri-heater.com\/fr\/#website","url":"https:\/\/cheri-heater.com\/fr\/","name":"Cheri Heater Technology Co.,Ltd.","description":"","publisher":{"@id":"https:\/\/cheri-heater.com\/fr\/#organization"},"potentialAction":[{"@type":"SearchAction","target":{"@type":"EntryPoint","urlTemplate":"https:\/\/cheri-heater.com\/fr\/?s={search_term_string}"},"query-input":{"@type":"PropertyValueSpecification","valueRequired":true,"valueName":"search_term_string"}}],"inLanguage":"en-US"},{"@type":"Organization","@id":"https:\/\/cheri-heater.com\/fr\/#organization","name":"Cheri Heater Technology Co.,Ltd.","url":"https:\/\/cheri-heater.com\/fr\/","logo":{"@type":"ImageObject","inLanguage":"en-US","@id":"https:\/\/cheri-heater.com\/fr\/#\/schema\/logo\/image\/","url":"https:\/\/cheri-heater.com\/fr\/wp-content\/uploads\/2024\/06\/cropped-logo-resize.png","contentUrl":"https:\/\/cheri-heater.com\/fr\/wp-content\/uploads\/2024\/06\/cropped-logo-resize.png","width":346,"height":99,"caption":"Cheri Heater Technology Co.,Ltd."},"image":{"@id":"https:\/\/cheri-heater.com\/fr\/#\/schema\/logo\/image\/"}}]}},"_links":{"self":[{"href":"https:\/\/cheri-heater.com\/fr\/wp-json\/wp\/v2\/product\/950","targetHints":{"allow":["GET"]}}],"collection":[{"href":"https:\/\/cheri-heater.com\/fr\/wp-json\/wp\/v2\/product"}],"about":[{"href":"https:\/\/cheri-heater.com\/fr\/wp-json\/wp\/v2\/types\/product"}],"wp:featuredmedia":[{"embeddable":true,"href":"https:\/\/cheri-heater.com\/fr\/wp-json\/wp\/v2\/media\/955"}],"wp:attachment":[{"href":"https:\/\/cheri-heater.com\/fr\/wp-json\/wp\/v2\/media?parent=950"}],"wp:term":[{"taxonomy":"product_brand","embeddable":true,"href":"https:\/\/cheri-heater.com\/fr\/wp-json\/wp\/v2\/product_brand?post=950"},{"taxonomy":"product_cat","embeddable":true,"href":"https:\/\/cheri-heater.com\/fr\/wp-json\/wp\/v2\/product_cat?post=950"},{"taxonomy":"product_tag","embeddable":true,"href":"https:\/\/cheri-heater.com\/fr\/wp-json\/wp\/v2\/product_tag?post=950"}],"curies":[{"name":"wp","href":"https:\/\/api.w.org\/{rel}","templated":true}]}}