{"id":956,"date":"2024-06-04T18:06:57","date_gmt":"2024-06-04T18:06:57","guid":{"rendered":"https:\/\/cheri-heater.com\/fr\/?post_type=product&#038;p=956"},"modified":"2024-07-28T23:49:46","modified_gmt":"2024-07-28T23:49:46","slug":"mold-cartridge-heater","status":"publish","type":"product","link":"https:\/\/cheri-heater.com\/fr\/product\/mold-cartridge-heater\/","title":{"rendered":"chauffage \u00e0 cartouche pour moule"},"content":{"rendered":"<p align=\"left\"><span style=\"color: #000000;\"><strong><span style=\"font-family: Arial, sans-serif;\"><span style=\"font-size: medium;\">Processus de fabrication : <\/span><\/span><\/strong><\/span><\/p>\n<p align=\"left\"><span style=\"font-family: Arial, sans-serif; color: #000000;\"><span style=\"font-size: medium;\">mettre des fils chauffants \u00e0 travers le tuyau en acier sans soudure, le tube en cuivre ou en aluminium, en utilisant une machine de remplissage pour remplir plus uniform\u00e9ment l&#8217;objet d&#8217;isolation et d&#8217;oxydation thermique dans les espaces, tels que la poudre de magn\u00e9sium cristalline (alumine ou sable de quartz propre sont tous disponibles) etc., puis utiliser une machine de r\u00e9traction de tube pour r\u00e9duire le diam\u00e8tre du tube, densifier le m\u00e9dium d&#8217;oxyde (atteindre une densit\u00e9 sup\u00e9rieure \u00e0 3,3 g\/cm3), assurer que le fil chauffant est coup\u00e9 de l&#8217;air, que la position centrale touche la paroi du tuyau et ne se d\u00e9place pas. Cela peut augmenter la puissance de chauffage de plus de dix fois par unit\u00e9 de surface. La dur\u00e9e de vie peut \u00eatre am\u00e9lior\u00e9e \u00e0 plus de 10 ans. Compar\u00e9 \u00e0 un \u00e9l\u00e9ment de chauffage \u00e9lectrique de grande puissance, les chauffages tubulaires peuvent \u00e9conomiser 5 % de mati\u00e8re et l&#8217;efficacit\u00e9 thermique peut atteindre plus de 90 %.<\/span><\/span><\/p>\n<p align=\"left\"><span style=\"color: #000000;\"><strong><span style=\"font-family: Arial Black, sans-serif;\"><span style=\"font-size: large;\">Application :<\/span><\/span><\/strong><\/span><\/p>\n<p align=\"left\"><span style=\"font-family: Arial, sans-serif; color: #000000;\"><span style=\"font-size: medium;\">1 Chauffage de chambre \u00e0 semi-conducteurs<\/span><\/span><\/p>\n<p align=\"left\"><span style=\"font-size: medium; color: #000000;\"><span style=\"font-family: Arial, sans-serif;\">2 Connexion de fils de plaquette \u00e0 semi-conducteurs<\/span><\/span><\/p>\n<p align=\"left\"><span style=\"font-family: Arial, sans-serif; color: #000000;\"><span style=\"font-size: medium;\">3 Liaison de fils et de matrices \u00e0 semi-conducteurs<\/span><\/span><\/p>\n<p align=\"left\"><span style=\"font-family: Arial, sans-serif; color: #000000;\"><span style=\"font-size: medium;\">4 Protection contre le gel et d\u00e9givrage de l&#8217;\u00e9quipement dans les climats froids ou les applications<\/span><\/span><\/p>\n<p align=\"left\"><span style=\"font-family: Arial, sans-serif; color: #000000;\"><span style=\"font-size: medium;\">5 Contr\u00f4le de l&#8217;humidit\u00e9<\/span><\/span><\/p>\n<p align=\"left\"><span style=\"font-family: Arial, sans-serif; color: #000000;\"><span style=\"font-size: medium;\">6 Chauffage de confort pour les patients utilis\u00e9s dans les dispositifs m\u00e9dicaux<\/span><\/span><\/p>\n<p align=\"left\"><span style=\"font-family: Arial, sans-serif; color: #000000;\"><span style=\"font-size: medium;\">7 Chauffage de matrices et de plateaux<\/span><\/span><\/p>\n<p align=\"left\"><span style=\"font-family: Arial, sans-serif; color: #000000;\"><span style=\"font-size: medium;\">8 Barres de scellage utilis\u00e9es dans les \u00e9quipements d&#8217;emballage<\/span><\/span><\/p>\n<p align=\"left\"><span style=\"font-family: Arial, sans-serif; color: #000000;\"><span style=\"font-size: medium;\">9 Chauffage des \u00e9chantillons de test en chromatographie en phase gazeuse<\/span><\/span><\/p>\n<p align=\"left\"><span style=\"font-size: medium; color: #000000;\"><span style=\"font-family: Arial, sans-serif;\"><span style=\"font-size: large;\"><b>Caract\u00e9ristiques et Propri\u00e9t\u00e9s<\/b><\/span><\/span><span style=\"font-family: Arial, sans-serif;\"><span style=\"font-size: large;\"> <\/span><\/span><span style=\"font-family: Arial, sans-serif;\"><span style=\"font-size: large;\"><b> <\/b><\/span><\/span><\/span><\/p>\n<p align=\"left\"><span style=\"font-size: medium; color: #000000;\"><span style=\"font-family: Arial, sans-serif;\">Diam\u00e8tre du tube : \u03a6<\/span><span style=\"font-family: Arial, sans-serif;\"><span lang=\"fr-FR\">2<\/span><\/span><span style=\"font-family: Arial, sans-serif;\">mm-\u03a630mm<\/span><\/span><\/p>\n<p align=\"left\"><span style=\"font-family: Arial, sans-serif; color: #000000;\"><span style=\"font-size: medium;\">Mat\u00e9riau du tube : SS201, SS304, SS316, SS321 et INCOLOY800 etc<\/span><\/span><\/p>\n<p align=\"left\"><span style=\"font-family: Arial, sans-serif; color: #000000;\"><span style=\"font-size: medium;\">Mat\u00e9riau isolant : MgO<\/span><\/span><\/p>\n<p align=\"left\"><span style=\"font-family: Arial, sans-serif; color: #000000;\"><span style=\"font-size: medium;\">Mat\u00e9riau conducteur : Fil de r\u00e9sistance en Nichrome<\/span><\/span><\/p>\n<p align=\"left\"><span style=\"font-family: Arial, sans-serif; color: #000000;\"><span style=\"font-size: medium;\">Densit\u00e9 de puissance : Haute\/Moyenne\/Basse (5-25w\/cm2)<\/span><\/span><\/p>\n<p align=\"left\"><span style=\"font-family: Arial, sans-serif; color: #000000;\"><span style=\"font-size: medium;\">Option de connexion de fil : Borne \u00e0 vis ou fil de connexion <\/span><\/span><\/p>\n<p align=\"left\"><span style=\"font-family: Arial, sans-serif; color: #000000;\"><span style=\"font-size: medium;\">Type de fil de connexion : 300mm Standard (T\u00e9flon\/Silicone Fibres haute temp\u00e9rature sont disponibles pour le chauffage \u00e9lectrique \u00e0 cartouche)<\/span><\/span><\/p>\n<p align=\"left\"><span style=\"color: #000000;\"><strong class=\"western\"><span style=\"font-family: Arial, sans-serif;\"><span style=\"font-size: large;\"><b><span style=\"font-size: medium;\">Avantages <\/span><\/b><\/span><\/span><\/strong><\/span><\/p>\n<p align=\"left\"><span style=\"font-size: medium; color: #000000;\"><span style=\"font-family: Arial, sans-serif;\">c\u00e2blage interne : r\u00e9sistance \u00e0 haute temp\u00e9rature, chauffage uniforme, haute conductivit\u00e9 thermique et difficile <\/span><\/span><\/p>\n<p align=\"left\"><span style=\"color: #000000;\"> <span style=\"font-family: Arial, sans-serif;\"><span style=\"font-size: medium;\">rupture de c\u00e2ble.<\/span><\/span><\/span><\/p>\n<p align=\"left\"><span style=\"font-size: medium; color: #000000;\"><span style=\"font-family: Arial, sans-serif;\">c\u00e2blage externe : r\u00e9sistance \u00e0 haute temp\u00e9rature, chauffage uniforme et haute conductivit\u00e9 thermique.<\/span><\/span><\/p>\n<p align=\"left\"><span style=\"color: #000000;\"><strong class=\"western\"><span style=\"font-family: Arial, sans-serif;\"><span style=\"font-size: small;\"><b><span style=\"font-size: medium;\">Fiches techniques<\/span><\/b><\/span><\/span><\/strong><\/span><\/p>\n<table width=\"745\" cellspacing=\"0\" cellpadding=\"0\">\n<tbody>\n<tr>\n<td bgcolor=\"#ffffff\" width=\"291\" height=\"17\">\n<p class=\"western\" align=\"center\"><span style=\"font-size: medium; color: #000000;\"><span style=\"font-family: Arial, sans-serif;\">Fil chauffant de r\u00e9sistance<\/span><\/span><\/p>\n<\/td>\n<td bgcolor=\"#ffffff\" width=\"452\">\n<p class=\"western\" align=\"center\"><span style=\"font-size: medium; color: #000000;\"><span style=\"font-family: Arial, sans-serif;\">Fil NiCr 80\/20<\/span><\/span><\/p>\n<\/td>\n<\/tr>\n<tr>\n<td bgcolor=\"#ffffff\" width=\"291\" height=\"18\">\n<p class=\"western\" align=\"center\"><span style=\"font-size: medium; color: #000000;\"><span style=\"font-family: Arial, sans-serif;\">Tol\u00e9rance de puissance<\/span><\/span><\/p>\n<\/td>\n<td bgcolor=\"#ffffff\" width=\"452\">\n<p class=\"western\" align=\"center\"><span style=\"font-size: medium; color: #000000;\"><span style=\"font-family: Arial, sans-serif;\">+5%, -10%<\/span><\/span><\/p>\n<\/td>\n<\/tr>\n<tr>\n<td bgcolor=\"#ffffff\" width=\"291\" height=\"18\">\n<p class=\"western\" align=\"center\"><span style=\"font-size: medium; color: #000000;\"><span style=\"font-family: Arial, sans-serif;\">Tol\u00e9rance de r\u00e9sistance<\/span><\/span><\/p>\n<\/td>\n<td bgcolor=\"#ffffff\" width=\"452\">\n<p class=\"western\" align=\"center\"><span style=\"font-size: medium; color: #000000;\"><span style=\"font-family: Arial, sans-serif;\">+10%, -5%<\/span><\/span><\/p>\n<\/td>\n<\/tr>\n<tr>\n<td bgcolor=\"#ffffff\" width=\"291\" height=\"18\">\n<p class=\"western\" align=\"center\"><span style=\"font-size: medium; color: #000000;\"><span style=\"font-family: Arial, sans-serif;\">Tol\u00e9rance de longueur<\/span><\/span><\/p>\n<\/td>\n<td bgcolor=\"#ffffff\" width=\"452\">\n<p class=\"western\" align=\"center\"><span style=\"font-size: medium; color: #000000;\"><span style=\"font-family: Arial, sans-serif;\">\u00b11 mm<\/span><\/span><\/p>\n<\/td>\n<\/tr>\n<tr>\n<td bgcolor=\"#ffffff\" width=\"291\" height=\"18\">\n<p class=\"western\" align=\"center\"><span style=\"font-size: medium; color: #000000;\"><span style=\"font-family: Arial, sans-serif;\">Tol\u00e9rance de diam\u00e8tre<\/span><\/span><\/p>\n<\/td>\n<td bgcolor=\"#ffffff\" width=\"452\">\n<p class=\"western\" align=\"center\"><span style=\"color: #000000;\"><span style=\"font-family: Arial, sans-serif;\"><span style=\"font-size: medium;\"><span lang=\"fr-FR\">\u00b1 0,02mm<\/span><\/span><\/span><\/span><\/p>\n<\/td>\n<\/tr>\n<tr>\n<td bgcolor=\"#ffffff\" width=\"291\" height=\"18\">\n<p class=\"western\" align=\"center\"><span style=\"font-size: medium; color: #000000;\"><span style=\"font-family: Arial, sans-serif;\">Zone froide standard<\/span><\/span><\/p>\n<\/td>\n<td bgcolor=\"#ffffff\" width=\"452\">\n<p class=\"western\" align=\"center\"><span style=\"font-size: medium; color: #000000;\"><span style=\"font-family: Arial, sans-serif;\">5-10mm<\/span><\/span><\/p>\n<\/td>\n<\/tr>\n<tr>\n<td bgcolor=\"#ffffff\" width=\"291\" height=\"18\">\n<p class=\"western\" align=\"center\"><span style=\"font-size: medium; color: #000000;\"><span style=\"font-family: Arial, sans-serif;\">R\u00e9sistance d&#8217;isolation (\u00e0 froid)<\/span><\/span><\/p>\n<\/td>\n<td bgcolor=\"#ffffff\" width=\"452\">\n<p class=\"western\" align=\"center\"><span style=\"color: #000000;\">\u2265 <span style=\"font-family: Arial, sans-serif;\"><span style=\"font-size: medium;\">500 M\u03a9<\/span><\/span><\/span><\/p>\n<\/td>\n<\/tr>\n<tr>\n<td bgcolor=\"#ffffff\" width=\"291\" height=\"18\">\n<p class=\"western\" align=\"center\"><span style=\"font-size: medium; color: #000000;\"><span style=\"font-family: Arial, sans-serif;\">Courant de fuite maximal (\u00e0 froid)<\/span><\/span><\/p>\n<\/td>\n<td bgcolor=\"#ffffff\" width=\"452\">\n<p class=\"western\" align=\"center\"><span style=\"color: #000000;\">\u2264 <span style=\"font-family: Arial, sans-serif;\"><span style=\"font-size: medium;\">0,5 mA<\/span><\/span><\/span><\/p>\n<\/td>\n<\/tr>\n<tr>\n<td bgcolor=\"#ffffff\" width=\"291\" height=\"35\">\n<p class=\"western\" align=\"center\"><span style=\"font-size: medium; color: #000000;\"><span style=\"font-family: Arial, sans-serif;\">Emplacement du thermocouple<\/span><\/span><\/p>\n<\/td>\n<td bgcolor=\"#ffffff\" width=\"452\">\n<p class=\"western\" align=\"center\"><span style=\"font-size: medium; color: #000000;\"><span style=\"font-family: Arial, sans-serif;\">type J \/ K \/ fil de terre<\/span><\/span><\/p>\n<\/td>\n<\/tr>\n<\/tbody>\n<\/table>\n<p><span style=\"color: #000000;\"><img fetchpriority=\"high\" decoding=\"async\" class=\"aligncenter size-full wp-image-967\" src=\"https:\/\/cheri-heater.com\/fr\/wp-content\/uploads\/2024\/06\/H4fb30f9ec0f74e66949697022506984dA.jpg\" alt=\"\" width=\"750\" height=\"789\" srcset=\"https:\/\/cheri-heater.com\/fr\/wp-content\/uploads\/2024\/06\/H4fb30f9ec0f74e66949697022506984dA.jpg 750w, https:\/\/cheri-heater.com\/fr\/wp-content\/uploads\/2024\/06\/H4fb30f9ec0f74e66949697022506984dA-600x631.jpg 600w, https:\/\/cheri-heater.com\/fr\/wp-content\/uploads\/2024\/06\/H4fb30f9ec0f74e66949697022506984dA-285x300.jpg 285w\" sizes=\"(max-width: 750px) 100vw, 750px\" \/> <img decoding=\"async\" class=\"aligncenter size-full wp-image-968 lazyload\" data-src=\"https:\/\/cheri-heater.com\/fr\/wp-content\/uploads\/2024\/06\/H8e04086bbf3d44f3bf7703abaf948773c.jpg\" alt=\"\" width=\"800\" height=\"735\" data-srcset=\"https:\/\/cheri-heater.com\/fr\/wp-content\/uploads\/2024\/06\/H8e04086bbf3d44f3bf7703abaf948773c.jpg 800w, https:\/\/cheri-heater.com\/fr\/wp-content\/uploads\/2024\/06\/H8e04086bbf3d44f3bf7703abaf948773c-600x551.jpg 600w, https:\/\/cheri-heater.com\/fr\/wp-content\/uploads\/2024\/06\/H8e04086bbf3d44f3bf7703abaf948773c-300x276.jpg 300w, https:\/\/cheri-heater.com\/fr\/wp-content\/uploads\/2024\/06\/H8e04086bbf3d44f3bf7703abaf948773c-768x706.jpg 768w\" data-sizes=\"(max-width: 800px) 100vw, 800px\" src=\"data:image\/svg+xml;base64,PHN2ZyB3aWR0aD0iMSIgaGVpZ2h0PSIxIiB4bWxucz0iaHR0cDovL3d3dy53My5vcmcvMjAwMC9zdmciPjwvc3ZnPg==\" style=\"--smush-placeholder-width: 800px; --smush-placeholder-aspect-ratio: 800\/735;\" \/> <img decoding=\"async\" class=\"aligncenter size-full wp-image-969 lazyload\" data-src=\"https:\/\/cheri-heater.com\/fr\/wp-content\/uploads\/2024\/06\/HTB1jF1kaOjrK1RjSsplq6xHmVXaC.jpg\" alt=\"\" width=\"750\" height=\"600\" data-srcset=\"https:\/\/cheri-heater.com\/fr\/wp-content\/uploads\/2024\/06\/HTB1jF1kaOjrK1RjSsplq6xHmVXaC.jpg 750w, https:\/\/cheri-heater.com\/fr\/wp-content\/uploads\/2024\/06\/HTB1jF1kaOjrK1RjSsplq6xHmVXaC-600x480.jpg 600w, https:\/\/cheri-heater.com\/fr\/wp-content\/uploads\/2024\/06\/HTB1jF1kaOjrK1RjSsplq6xHmVXaC-300x240.jpg 300w\" data-sizes=\"(max-width: 750px) 100vw, 750px\" src=\"data:image\/svg+xml;base64,PHN2ZyB3aWR0aD0iMSIgaGVpZ2h0PSIxIiB4bWxucz0iaHR0cDovL3d3dy53My5vcmcvMjAwMC9zdmciPjwvc3ZnPg==\" style=\"--smush-placeholder-width: 750px; --smush-placeholder-aspect-ratio: 750\/600;\" \/><\/span><\/p>\n","protected":false},"excerpt":{"rendered":"<h1><span style=\"color: #000000;\">Fabricant Expert de Chauffages \u00e0 Cartouche pour Moules<\/span><\/h1>\n<p><span style=\"color: #000000;\">\u00cates-vous \u00e0 la recherche de chauffages \u00e0 cartouche pour moules de haute qualit\u00e9, con\u00e7us pour une performance et une fiabilit\u00e9 sup\u00e9rieures ? Ne cherchez pas plus loin que Cheri Heater Technology Co., Ltd &#8211; un fabricant de premier plan sp\u00e9cialis\u00e9 dans la production de <a href=\"https:\/\/cheri-heater.com\/fr\/\">chauffages industriels de haute qualit\u00e9<\/a>, y compris des chauffages \u00e0 cartouche pour moules fabriqu\u00e9s avec pr\u00e9cision.<\/span><\/p>\n<h2><span style=\"color: #000000;\">Notre gamme de chauffages \u00e0 cartouche pour moules de pointe<\/span><\/h2>\n<p><span style=\"color: #000000;\">Cheri Heater Technology Co., Ltd propose une vaste gamme de chauffages \u00e0 cartouche pour moules con\u00e7us pour r\u00e9pondre aux exigences rigoureuses des applications industrielles. Avec un accent sur la qualit\u00e9 sup\u00e9rieure et une ing\u00e9nierie pr\u00e9cise, nos chauffages \u00e0 cartouche pour moules sont disponibles pour diverses exigences industrielles et sont m\u00e9ticuleusement con\u00e7us pour garantir des performances thermiques optimales et une long\u00e9vit\u00e9 accrue.<\/span><\/p>\n<h3><span style=\"color: #000000;\">Pourquoi choisir Cheri Heater pour les chauffages \u00e0 cartouche pour moules ?<\/span><\/h3>\n<p><span style=\"color: #000000;\">En choisissant Cheri Heater Technology Co., Ltd comme fabricant de vos chauffages \u00e0 cartouche pour moules, vous b\u00e9n\u00e9ficiez d&#8217;un support client in\u00e9gal\u00e9, de solutions de chauffage sur mesure et d&#8217;un engagement \u00e0 fournir des garanties robustes. Notre \u00e9quipe exp\u00e9riment\u00e9e est d\u00e9di\u00e9e \u00e0 la conception de chauffages \u00e0 cartouche pour moules dans des formes, tailles et mat\u00e9riaux pr\u00e9cis, garantissant qu&#8217;ils r\u00e9pondent aux besoins uniques de nos clients industriels.<\/span><\/p>\n","protected":false},"featured_media":964,"template":"","meta":[],"product_brand":[],"product_cat":[21],"product_tag":[154],"class_list":{"0":"post-956","1":"product","2":"type-product","3":"status-publish","4":"has-post-thumbnail","6":"product_cat-cartridge-heater","7":"product_tag-mold-cartridge-heater","9":"first","10":"instock","11":"shipping-taxable","12":"product-type-simple"},"yoast_head":"<!-- This site is optimized with the Yoast SEO plugin v27.3 - https:\/\/yoast.com\/product\/yoast-seo-wordpress\/ -->\n<title>Meilleur fabricant de chauffages \u00e0 cartouche pour moules | Solutions de chauffage de qualit\u00e9<\/title>\n<meta name=\"description\" content=\"Vous cherchez des chauffages \u00e0 cartouche pour moules fiables ? Nos services de fabrication de premier plan offrent des solutions de chauffage con\u00e7ues avec pr\u00e9cision pour vos besoins industriels\" \/>\n<meta name=\"robots\" content=\"index, follow, max-snippet:-1, max-image-preview:large, max-video-preview:-1\" \/>\n<link rel=\"canonical\" href=\"https:\/\/cheri-heater.com\/fr\/product\/mold-cartridge-heater\/\" \/>\n<meta property=\"og:locale\" content=\"en_US\" \/>\n<meta property=\"og:type\" content=\"article\" \/>\n<meta property=\"og:title\" content=\"Meilleur fabricant de chauffages \u00e0 cartouche pour moules | Solutions de chauffage de qualit\u00e9\" \/>\n<meta property=\"og:description\" content=\"Vous cherchez des chauffages \u00e0 cartouche pour moules fiables ? Nos services de fabrication de premier plan offrent des solutions de chauffage con\u00e7ues avec pr\u00e9cision pour vos besoins industriels\" \/>\n<meta property=\"og:url\" content=\"https:\/\/cheri-heater.com\/fr\/product\/mold-cartridge-heater\/\" \/>\n<meta property=\"og:site_name\" content=\"Cheri Heater Technology Co.,Ltd.\" \/>\n<meta property=\"article:modified_time\" content=\"2024-07-28T23:49:46+00:00\" \/>\n<meta property=\"og:image\" content=\"https:\/\/cheri-heater.com\/fr\/wp-content\/uploads\/2024\/06\/Cheri-Electrothermal-Equipment-Limited-Company-9.jpg\" \/>\n\t<meta property=\"og:image:width\" content=\"790\" \/>\n\t<meta property=\"og:image:height\" content=\"545\" \/>\n\t<meta property=\"og:image:type\" content=\"image\/jpeg\" \/>\n<meta name=\"twitter:card\" content=\"summary_large_image\" \/>\n<meta name=\"twitter:label1\" content=\"Est. reading time\" \/>\n\t<meta name=\"twitter:data1\" content=\"3 minutes\" \/>\n<!-- \/ Yoast SEO plugin. -->","yoast_head_json":{"title":"Meilleur fabricant de chauffages \u00e0 cartouche pour moules | Solutions de chauffage de qualit\u00e9","description":"Vous cherchez des chauffages \u00e0 cartouche pour moules fiables ? Nos services de fabrication de premier plan offrent des solutions de chauffage con\u00e7ues avec pr\u00e9cision pour vos besoins industriels","robots":{"index":"index","follow":"follow","max-snippet":"max-snippet:-1","max-image-preview":"max-image-preview:large","max-video-preview":"max-video-preview:-1"},"canonical":"https:\/\/cheri-heater.com\/fr\/product\/mold-cartridge-heater\/","og_locale":"en_US","og_type":"article","og_title":"Meilleur fabricant de chauffages \u00e0 cartouche pour moules | Solutions de chauffage de qualit\u00e9","og_description":"Vous cherchez des chauffages \u00e0 cartouche pour moules fiables ? Nos services de fabrication de premier plan offrent des solutions de chauffage con\u00e7ues avec pr\u00e9cision pour vos besoins industriels","og_url":"https:\/\/cheri-heater.com\/fr\/product\/mold-cartridge-heater\/","og_site_name":"Cheri Heater Technology Co.,Ltd.","article_modified_time":"2024-07-28T23:49:46+00:00","og_image":[{"width":790,"height":545,"url":"https:\/\/cheri-heater.com\/fr\/wp-content\/uploads\/2024\/06\/Cheri-Electrothermal-Equipment-Limited-Company-9.jpg","type":"image\/jpeg"}],"twitter_card":"summary_large_image","twitter_misc":{"Est. reading time":"3 minutes"},"schema":{"@context":"https:\/\/schema.org","@graph":[{"@type":"WebPage","@id":"https:\/\/cheri-heater.com\/fr\/product\/mold-cartridge-heater\/","url":"https:\/\/cheri-heater.com\/fr\/product\/mold-cartridge-heater\/","name":"Meilleur fabricant de chauffages \u00e0 cartouche pour moules | Solutions de chauffage de qualit\u00e9","isPartOf":{"@id":"https:\/\/cheri-heater.com\/fr\/#website"},"primaryImageOfPage":{"@id":"https:\/\/cheri-heater.com\/fr\/product\/mold-cartridge-heater\/#primaryimage"},"image":{"@id":"https:\/\/cheri-heater.com\/fr\/product\/mold-cartridge-heater\/#primaryimage"},"thumbnailUrl":"https:\/\/cheri-heater.com\/fr\/wp-content\/uploads\/2024\/06\/Cheri-Electrothermal-Equipment-Limited-Company-9.jpg","datePublished":"2024-06-04T18:06:57+00:00","dateModified":"2024-07-28T23:49:46+00:00","description":"Vous cherchez des chauffages \u00e0 cartouche pour moules fiables ? Nos services de fabrication de premier plan offrent des solutions de chauffage con\u00e7ues avec pr\u00e9cision pour vos besoins industriels","breadcrumb":{"@id":"https:\/\/cheri-heater.com\/fr\/product\/mold-cartridge-heater\/#breadcrumb"},"inLanguage":"en-US","potentialAction":[{"@type":"ReadAction","target":["https:\/\/cheri-heater.com\/fr\/product\/mold-cartridge-heater\/"]}]},{"@type":"ImageObject","inLanguage":"en-US","@id":"https:\/\/cheri-heater.com\/fr\/product\/mold-cartridge-heater\/#primaryimage","url":"https:\/\/cheri-heater.com\/fr\/wp-content\/uploads\/2024\/06\/Cheri-Electrothermal-Equipment-Limited-Company-9.jpg","contentUrl":"https:\/\/cheri-heater.com\/fr\/wp-content\/uploads\/2024\/06\/Cheri-Electrothermal-Equipment-Limited-Company-9.jpg","width":790,"height":545},{"@type":"BreadcrumbList","@id":"https:\/\/cheri-heater.com\/fr\/product\/mold-cartridge-heater\/#breadcrumb","itemListElement":[{"@type":"ListItem","position":1,"name":"Home","item":"https:\/\/cheri-heater.com\/fr\/"},{"@type":"ListItem","position":2,"name":"Products","item":"https:\/\/cheri-heater.com\/fr\/products\/"},{"@type":"ListItem","position":3,"name":"chauffage \u00e0 cartouche pour moule"}]},{"@type":"WebSite","@id":"https:\/\/cheri-heater.com\/fr\/#website","url":"https:\/\/cheri-heater.com\/fr\/","name":"Cheri Heater Technology Co.,Ltd.","description":"","publisher":{"@id":"https:\/\/cheri-heater.com\/fr\/#organization"},"potentialAction":[{"@type":"SearchAction","target":{"@type":"EntryPoint","urlTemplate":"https:\/\/cheri-heater.com\/fr\/?s={search_term_string}"},"query-input":{"@type":"PropertyValueSpecification","valueRequired":true,"valueName":"search_term_string"}}],"inLanguage":"en-US"},{"@type":"Organization","@id":"https:\/\/cheri-heater.com\/fr\/#organization","name":"Cheri Heater Technology Co.,Ltd.","url":"https:\/\/cheri-heater.com\/fr\/","logo":{"@type":"ImageObject","inLanguage":"en-US","@id":"https:\/\/cheri-heater.com\/fr\/#\/schema\/logo\/image\/","url":"https:\/\/cheri-heater.com\/fr\/wp-content\/uploads\/2024\/06\/cropped-logo-resize.png","contentUrl":"https:\/\/cheri-heater.com\/fr\/wp-content\/uploads\/2024\/06\/cropped-logo-resize.png","width":346,"height":99,"caption":"Cheri Heater Technology Co.,Ltd."},"image":{"@id":"https:\/\/cheri-heater.com\/fr\/#\/schema\/logo\/image\/"}}]}},"_links":{"self":[{"href":"https:\/\/cheri-heater.com\/fr\/wp-json\/wp\/v2\/product\/956","targetHints":{"allow":["GET"]}}],"collection":[{"href":"https:\/\/cheri-heater.com\/fr\/wp-json\/wp\/v2\/product"}],"about":[{"href":"https:\/\/cheri-heater.com\/fr\/wp-json\/wp\/v2\/types\/product"}],"wp:featuredmedia":[{"embeddable":true,"href":"https:\/\/cheri-heater.com\/fr\/wp-json\/wp\/v2\/media\/964"}],"wp:attachment":[{"href":"https:\/\/cheri-heater.com\/fr\/wp-json\/wp\/v2\/media?parent=956"}],"wp:term":[{"taxonomy":"product_brand","embeddable":true,"href":"https:\/\/cheri-heater.com\/fr\/wp-json\/wp\/v2\/product_brand?post=956"},{"taxonomy":"product_cat","embeddable":true,"href":"https:\/\/cheri-heater.com\/fr\/wp-json\/wp\/v2\/product_cat?post=956"},{"taxonomy":"product_tag","embeddable":true,"href":"https:\/\/cheri-heater.com\/fr\/wp-json\/wp\/v2\/product_tag?post=956"}],"curies":[{"name":"wp","href":"https:\/\/api.w.org\/{rel}","templated":true}]}}