{"id":974,"date":"2024-06-04T18:13:00","date_gmt":"2024-06-04T18:13:00","guid":{"rendered":"https:\/\/cheri-heater.com\/fr\/?post_type=product&#038;p=974"},"modified":"2024-07-28T22:44:42","modified_gmt":"2024-07-28T22:44:42","slug":"threaded-cartridge-heater","status":"publish","type":"product","link":"https:\/\/cheri-heater.com\/fr\/product\/threaded-cartridge-heater\/","title":{"rendered":"chauffage \u00e0 cartouche filet\u00e9e"},"content":{"rendered":"<p class=\"western\" align=\"left\"><span style=\"color: #333333;\"><span style=\"font-family: Times New Roman, serif;\"><span style=\"font-size: medium;\">Les chauffages \u00e0 cartouche peuvent fonctionner \u00e0 des temp\u00e9ratures allant jusqu&#8217;\u00e0 750\u2103 et atteindre des densit\u00e9s de puissance allant jusqu&#8217;\u00e0 30 watts par centim\u00e8tre carr\u00e9. Disponibles en stock ou fabriqu\u00e9s sur mesure selon vos besoins sp\u00e9cifiques, ils sont disponibles en de nombreux diam\u00e8tres et longueurs imp\u00e9riaux et m\u00e9triques avec diff\u00e9rents types de terminaisons, puissances et tensions. Les chauffages \u00e0 cartouche sont un excellent choix pour \u00eatre utilis\u00e9s comme source conductrice pour chauffer des plaques m\u00e9talliques solides, des blocs et des matrices, ou comme source de chaleur convective pour divers liquides et gaz. Les chauffages \u00e0 cartouche peuvent \u00eatre utilis\u00e9s dans une atmosph\u00e8re sous vide avec des directives de conception appropri\u00e9es.<\/span><\/span><\/span><\/span><\/p>\n<table width=\"750\" cellspacing=\"0\" cellpadding=\"0\">\n<tbody>\n<tr valign=\"top\">\n<td bgcolor=\"#f3f4f8\" width=\"151\">\n<p class=\"western\" align=\"left\"><span style=\"font-size: medium;\"><span style=\"font-family: Times New Roman, serif;\">Nom de l&#8217;article<\/span><\/span><\/p>\n<\/td>\n<td width=\"597\">\n<p class=\"western\" align=\"left\"><span style=\"font-family: Times New Roman, serif;\"><span style=\"font-size: medium;\">Chauffage \u00e0 cartouche \u00e0 haute puissance \u00e0 filetage<\/span><\/span><\/p>\n<\/td>\n<\/tr>\n<tr valign=\"top\">\n<td bgcolor=\"#f3f4f8\" width=\"151\">\n<p class=\"western\" align=\"left\"><span style=\"font-size: medium;\"><span style=\"font-family: Times New Roman, serif;\">Fil de chauffage<\/span><\/span><\/p>\n<\/td>\n<td width=\"597\">\n<p class=\"western\" align=\"left\"><span style=\"font-size: medium;\"><span style=\"font-family: Times New Roman, serif;\">Ni-Cr ou FeCr<\/span><\/span><\/p>\n<\/td>\n<\/tr>\n<tr valign=\"top\">\n<td bgcolor=\"#f3f4f8\" width=\"151\">\n<p class=\"western\" align=\"left\"><span style=\"font-size: medium;\"><span style=\"font-family: Times New Roman, serif;\">Gaine<\/span><\/span><\/p>\n<\/td>\n<td width=\"597\">\n<p class=\"western\" align=\"left\"><span style=\"font-size: medium;\"><span style=\"font-family: Times New Roman, serif;\">Acier inoxydable 304, 321, 316, Incoloy 800, Incoloy 840, Ti<\/span><\/span><\/p>\n<\/td>\n<\/tr>\n<tr valign=\"top\">\n<td bgcolor=\"#f3f4f8\" width=\"151\">\n<p class=\"western\" align=\"left\"><span style=\"font-size: medium;\"><span style=\"font-family: Times New Roman, serif;\">Isolation<\/span><\/span><\/p>\n<\/td>\n<td width=\"597\">\n<p class=\"western\" align=\"left\"><span style=\"font-size: medium;\"><span style=\"font-family: Times New Roman, serif;\">MgO de haute puret\u00e9<\/span><\/span><\/p>\n<\/td>\n<\/tr>\n<tr valign=\"top\">\n<td bgcolor=\"#f3f4f8\" width=\"151\">\n<p class=\"western\" align=\"left\"><span style=\"font-size: medium;\"><span style=\"font-family: Times New Roman, serif;\">Temp\u00e9rature maximale<\/span><\/span><\/p>\n<\/td>\n<td width=\"597\">\n<p class=\"western\" align=\"left\"><span style=\"font-family: Times New Roman, serif;\"><span style=\"font-size: medium;\">900 degr\u00e9s Celsius<\/span><\/span><\/p>\n<\/td>\n<\/tr>\n<tr valign=\"top\">\n<td bgcolor=\"#f3f4f8\" width=\"151\">\n<p class=\"western\" align=\"left\"><span style=\"font-size: medium;\"><span style=\"font-family: Times New Roman, serif;\">Courant de fuite<\/span><\/span><\/p>\n<\/td>\n<td width=\"597\">\n<p class=\"western\" align=\"left\"><span style=\"font-size: medium;\"><span style=\"font-family: Times New Roman, serif;\">750\u2103, &lt; 0.3mA<\/span><\/span><\/p>\n<\/td>\n<\/tr>\n<tr valign=\"top\">\n<td bgcolor=\"#f3f4f8\" width=\"151\">\n<p class=\"western\" align=\"left\"><span style=\"font-size: medium;\"><span style=\"font-family: Times New Roman, serif;\">Tension de r\u00e9sistance<\/span><\/span><\/p>\n<\/td>\n<td width=\"597\">\n<p class=\"western\" align=\"left\"><span style=\"font-size: medium;\"><span style=\"font-family: Times New Roman, serif;\">&gt; 2KV, 1 min<\/span><\/span><\/p>\n<\/td>\n<\/tr>\n<tr valign=\"top\">\n<td bgcolor=\"#f3f4f8\" width=\"151\">\n<p class=\"western\" align=\"left\"><span style=\"font-size: medium;\"><span style=\"font-family: Times New Roman, serif;\">Test AC on-off<\/span><\/span><\/p>\n<\/td>\n<td width=\"597\">\n<p class=\"western\" align=\"left\"><span style=\"font-size: medium;\"><span style=\"font-family: Times New Roman, serif;\">2000 fois<\/span><\/span><\/p>\n<\/td>\n<\/tr>\n<tr valign=\"top\">\n<td bgcolor=\"#f3f4f8\" width=\"151\">\n<p class=\"western\" align=\"left\"><span style=\"font-size: medium;\"><span style=\"font-family: Times New Roman, serif;\">Tensions disponibles<\/span><\/span><\/p>\n<\/td>\n<td width=\"597\">\n<p class=\"western\" align=\"left\"><span style=\"font-size: medium;\"><span style=\"font-family: Times New Roman, serif;\">380V, 240V, 220V, 110V, 36V, 24V ou 12V<\/span><\/span><\/p>\n<\/td>\n<\/tr>\n<tr valign=\"top\">\n<td bgcolor=\"#f3f4f8\" width=\"151\">\n<p class=\"western\" align=\"left\"><span style=\"font-size: medium;\"><span style=\"font-family: Times New Roman, serif;\">Tol\u00e9rance de puissance<\/span><\/span><\/p>\n<\/td>\n<td width=\"597\">\n<p class=\"western\" align=\"left\"><span style=\"font-size: medium;\"><span style=\"font-family: Times New Roman, serif;\">+5%, -10%<\/span><\/span><\/p>\n<\/td>\n<\/tr>\n<tr valign=\"top\">\n<td bgcolor=\"#f3f4f8\" width=\"151\">\n<p class=\"western\" align=\"left\"><span style=\"font-size: medium;\"><span style=\"font-family: Times New Roman, serif;\">Thermocouple<\/span><\/span><\/p>\n<\/td>\n<td width=\"597\">\n<p class=\"western\" align=\"left\"><span style=\"font-size: medium;\"><span style=\"font-family: Times New Roman, serif;\">Type K ou type J<\/span><\/span><\/p>\n<\/td>\n<\/tr>\n<tr valign=\"top\">\n<td bgcolor=\"#f3f4f8\" width=\"151\">\n<p class=\"western\" align=\"left\"><span style=\"font-size: medium;\"><span style=\"font-family: Times New Roman, serif;\">Fil de connexion<\/span><\/span><\/p>\n<\/td>\n<td width=\"597\">\n<p class=\"western\" align=\"left\"><span style=\"font-size: medium;\"><span style=\"font-family: Times New Roman, serif;\">Longueur de 300 mm ; diff\u00e9rents types de fils (Teflon\/silicone fibre de verre haute temp\u00e9rature) disponibles<\/span><\/span><\/p>\n<\/td>\n<\/tr>\n<\/tbody>\n<\/table>\n<p><img fetchpriority=\"high\" decoding=\"async\" class=\"aligncenter size-full wp-image-975\" src=\"https:\/\/cheri-heater.com\/fr\/wp-content\/uploads\/2024\/06\/description-1.jpg\" alt=\"\" width=\"899\" height=\"515\" srcset=\"https:\/\/cheri-heater.com\/fr\/wp-content\/uploads\/2024\/06\/description-1.jpg 899w, https:\/\/cheri-heater.com\/fr\/wp-content\/uploads\/2024\/06\/description-1-600x344.jpg 600w, https:\/\/cheri-heater.com\/fr\/wp-content\/uploads\/2024\/06\/description-1-300x172.jpg 300w, https:\/\/cheri-heater.com\/fr\/wp-content\/uploads\/2024\/06\/description-1-768x440.jpg 768w\" sizes=\"(max-width: 899px) 100vw, 899px\" \/><br \/>\n<img decoding=\"async\" class=\"aligncenter size-full wp-image-976 lazyload\" data-src=\"https:\/\/cheri-heater.com\/fr\/wp-content\/uploads\/2024\/06\/descritpion2.jpg\" alt=\"\" width=\"865\" height=\"639\" data-srcset=\"https:\/\/cheri-heater.com\/fr\/wp-content\/uploads\/2024\/06\/descritpion2.jpg 865w, https:\/\/cheri-heater.com\/fr\/wp-content\/uploads\/2024\/06\/descritpion2-600x443.jpg 600w, https:\/\/cheri-heater.com\/fr\/wp-content\/uploads\/2024\/06\/descritpion2-300x222.jpg 300w, https:\/\/cheri-heater.com\/fr\/wp-content\/uploads\/2024\/06\/descritpion2-768x567.jpg 768w\" data-sizes=\"(max-width: 865px) 100vw, 865px\" src=\"data:image\/svg+xml;base64,PHN2ZyB3aWR0aD0iMSIgaGVpZ2h0PSIxIiB4bWxucz0iaHR0cDovL3d3dy53My5vcmcvMjAwMC9zdmciPjwvc3ZnPg==\" style=\"--smush-placeholder-width: 865px; --smush-placeholder-aspect-ratio: 865\/639;\" \/><\/p>\n","protected":false},"excerpt":{"rendered":"<p class=\"western\" align=\"left\"><span style=\"color: #333333;\"><span style=\"font-family: Times New Roman, serif;\"><span style=\"font-size: medium;\"><span lang=\"fr\">Les chauffages \u00e0 cartouche sont des produits extraordinairement polyvalents et durables utilis\u00e9s pour chauffer une multitude de processus diff\u00e9rents, allant des applications industrielles lourdes \u2013 plastiques et emballages, aux instruments de test analytiques, en passant par leur utilisation dans les avions, les wagons ferroviaires et les camions.<\/span><\/span><\/span><\/span><\/p>\n","protected":false},"featured_media":983,"template":"","meta":[],"product_brand":[],"product_cat":[21],"product_tag":[],"class_list":{"0":"post-974","1":"product","2":"type-product","3":"status-publish","4":"has-post-thumbnail","6":"product_cat-cartridge-heater","8":"first","9":"instock","10":"shipping-taxable","11":"product-type-simple"},"yoast_head":"<!-- This site is optimized with the Yoast SEO plugin v27.3 - https:\/\/yoast.com\/product\/yoast-seo-wordpress\/ -->\n<title>Chauffages \u00e0 cartouche filet\u00e9e de haute qualit\u00e9 pour un chauffage pr\u00e9cis<\/title>\n<meta name=\"description\" content=\"Notre gamme de chauffages \u00e0 cartouche filet\u00e9e de haute qualit\u00e9, con\u00e7us pour un chauffage pr\u00e9cis et efficace dans diverses applications industrielles. Assurez des performances optimales et une durabilit\u00e9 avec nos chauffages \u00e0 cartouche filet\u00e9e fiables et faciles \u00e0 installer. Achetez d\u00e8s maintenant pour des solutions de chauffage sup\u00e9rieures !\" \/>\n<meta name=\"robots\" content=\"index, follow, max-snippet:-1, max-image-preview:large, max-video-preview:-1\" \/>\n<link rel=\"canonical\" href=\"https:\/\/cheri-heater.com\/fr\/product\/threaded-cartridge-heater\/\" \/>\n<meta property=\"og:locale\" content=\"en_US\" \/>\n<meta property=\"og:type\" content=\"article\" \/>\n<meta property=\"og:title\" content=\"Chauffages \u00e0 cartouche filet\u00e9e de haute qualit\u00e9 pour un chauffage pr\u00e9cis\" \/>\n<meta property=\"og:description\" content=\"Notre gamme de chauffages \u00e0 cartouche filet\u00e9e de haute qualit\u00e9, con\u00e7us pour un chauffage pr\u00e9cis et efficace dans diverses applications industrielles. Assurez des performances optimales et une durabilit\u00e9 avec nos chauffages \u00e0 cartouche filet\u00e9e fiables et faciles \u00e0 installer. Achetez d\u00e8s maintenant pour des solutions de chauffage sup\u00e9rieures !\" \/>\n<meta property=\"og:url\" content=\"https:\/\/cheri-heater.com\/fr\/product\/threaded-cartridge-heater\/\" \/>\n<meta property=\"og:site_name\" content=\"Cheri Heater Technology Co.,Ltd.\" \/>\n<meta property=\"article:modified_time\" content=\"2024-07-28T22:44:42+00:00\" \/>\n<meta property=\"og:image\" content=\"https:\/\/cheri-heater.com\/fr\/wp-content\/uploads\/2024\/06\/Cheri-Electrothermal-Equipment-Limited-Company-6-2.jpg\" \/>\n\t<meta property=\"og:image:width\" content=\"800\" \/>\n\t<meta property=\"og:image:height\" content=\"800\" \/>\n\t<meta property=\"og:image:type\" content=\"image\/jpeg\" \/>\n<meta name=\"twitter:card\" content=\"summary_large_image\" \/>\n<meta name=\"twitter:label1\" content=\"Est. reading time\" \/>\n\t<meta name=\"twitter:data1\" content=\"2 minutes\" \/>\n<!-- \/ Yoast SEO plugin. -->","yoast_head_json":{"title":"Chauffages \u00e0 cartouche filet\u00e9e de haute qualit\u00e9 pour un chauffage pr\u00e9cis","description":"Notre gamme de chauffages \u00e0 cartouche filet\u00e9e de haute qualit\u00e9, con\u00e7us pour un chauffage pr\u00e9cis et efficace dans diverses applications industrielles. Assurez des performances optimales et une durabilit\u00e9 avec nos chauffages \u00e0 cartouche filet\u00e9e fiables et faciles \u00e0 installer. Achetez d\u00e8s maintenant pour des solutions de chauffage sup\u00e9rieures !","robots":{"index":"index","follow":"follow","max-snippet":"max-snippet:-1","max-image-preview":"max-image-preview:large","max-video-preview":"max-video-preview:-1"},"canonical":"https:\/\/cheri-heater.com\/fr\/product\/threaded-cartridge-heater\/","og_locale":"en_US","og_type":"article","og_title":"Chauffages \u00e0 cartouche filet\u00e9e de haute qualit\u00e9 pour un chauffage pr\u00e9cis","og_description":"Notre gamme de chauffages \u00e0 cartouche filet\u00e9e de haute qualit\u00e9, con\u00e7us pour un chauffage pr\u00e9cis et efficace dans diverses applications industrielles. Assurez des performances optimales et une durabilit\u00e9 avec nos chauffages \u00e0 cartouche filet\u00e9e fiables et faciles \u00e0 installer. Achetez d\u00e8s maintenant pour des solutions de chauffage sup\u00e9rieures !","og_url":"https:\/\/cheri-heater.com\/fr\/product\/threaded-cartridge-heater\/","og_site_name":"Cheri Heater Technology Co.,Ltd.","article_modified_time":"2024-07-28T22:44:42+00:00","og_image":[{"width":800,"height":800,"url":"https:\/\/cheri-heater.com\/fr\/wp-content\/uploads\/2024\/06\/Cheri-Electrothermal-Equipment-Limited-Company-6-2.jpg","type":"image\/jpeg"}],"twitter_card":"summary_large_image","twitter_misc":{"Est. reading time":"2 minutes"},"schema":{"@context":"https:\/\/schema.org","@graph":[{"@type":"WebPage","@id":"https:\/\/cheri-heater.com\/fr\/product\/threaded-cartridge-heater\/","url":"https:\/\/cheri-heater.com\/fr\/product\/threaded-cartridge-heater\/","name":"Chauffages \u00e0 cartouche filet\u00e9e de haute qualit\u00e9 pour un chauffage pr\u00e9cis","isPartOf":{"@id":"https:\/\/cheri-heater.com\/fr\/#website"},"primaryImageOfPage":{"@id":"https:\/\/cheri-heater.com\/fr\/product\/threaded-cartridge-heater\/#primaryimage"},"image":{"@id":"https:\/\/cheri-heater.com\/fr\/product\/threaded-cartridge-heater\/#primaryimage"},"thumbnailUrl":"https:\/\/cheri-heater.com\/fr\/wp-content\/uploads\/2024\/06\/Cheri-Electrothermal-Equipment-Limited-Company-6-2.jpg","datePublished":"2024-06-04T18:13:00+00:00","dateModified":"2024-07-28T22:44:42+00:00","description":"Notre gamme de chauffages \u00e0 cartouche filet\u00e9e de haute qualit\u00e9, con\u00e7us pour un chauffage pr\u00e9cis et efficace dans diverses applications industrielles. Assurez des performances optimales et une durabilit\u00e9 avec nos chauffages \u00e0 cartouche filet\u00e9e fiables et faciles \u00e0 installer. Achetez d\u00e8s maintenant pour des solutions de chauffage sup\u00e9rieures !","breadcrumb":{"@id":"https:\/\/cheri-heater.com\/fr\/product\/threaded-cartridge-heater\/#breadcrumb"},"inLanguage":"en-US","potentialAction":[{"@type":"ReadAction","target":["https:\/\/cheri-heater.com\/fr\/product\/threaded-cartridge-heater\/"]}]},{"@type":"ImageObject","inLanguage":"en-US","@id":"https:\/\/cheri-heater.com\/fr\/product\/threaded-cartridge-heater\/#primaryimage","url":"https:\/\/cheri-heater.com\/fr\/wp-content\/uploads\/2024\/06\/Cheri-Electrothermal-Equipment-Limited-Company-6-2.jpg","contentUrl":"https:\/\/cheri-heater.com\/fr\/wp-content\/uploads\/2024\/06\/Cheri-Electrothermal-Equipment-Limited-Company-6-2.jpg","width":800,"height":800},{"@type":"BreadcrumbList","@id":"https:\/\/cheri-heater.com\/fr\/product\/threaded-cartridge-heater\/#breadcrumb","itemListElement":[{"@type":"ListItem","position":1,"name":"Home","item":"https:\/\/cheri-heater.com\/fr\/"},{"@type":"ListItem","position":2,"name":"Products","item":"https:\/\/cheri-heater.com\/fr\/products\/"},{"@type":"ListItem","position":3,"name":"chauffage \u00e0 cartouche filet\u00e9e"}]},{"@type":"WebSite","@id":"https:\/\/cheri-heater.com\/fr\/#website","url":"https:\/\/cheri-heater.com\/fr\/","name":"Cheri Heater Technology Co.,Ltd.","description":"","publisher":{"@id":"https:\/\/cheri-heater.com\/fr\/#organization"},"potentialAction":[{"@type":"SearchAction","target":{"@type":"EntryPoint","urlTemplate":"https:\/\/cheri-heater.com\/fr\/?s={search_term_string}"},"query-input":{"@type":"PropertyValueSpecification","valueRequired":true,"valueName":"search_term_string"}}],"inLanguage":"en-US"},{"@type":"Organization","@id":"https:\/\/cheri-heater.com\/fr\/#organization","name":"Cheri Heater Technology Co.,Ltd.","url":"https:\/\/cheri-heater.com\/fr\/","logo":{"@type":"ImageObject","inLanguage":"en-US","@id":"https:\/\/cheri-heater.com\/fr\/#\/schema\/logo\/image\/","url":"https:\/\/cheri-heater.com\/fr\/wp-content\/uploads\/2024\/06\/cropped-logo-resize.png","contentUrl":"https:\/\/cheri-heater.com\/fr\/wp-content\/uploads\/2024\/06\/cropped-logo-resize.png","width":346,"height":99,"caption":"Cheri Heater Technology Co.,Ltd."},"image":{"@id":"https:\/\/cheri-heater.com\/fr\/#\/schema\/logo\/image\/"}}]}},"_links":{"self":[{"href":"https:\/\/cheri-heater.com\/fr\/wp-json\/wp\/v2\/product\/974","targetHints":{"allow":["GET"]}}],"collection":[{"href":"https:\/\/cheri-heater.com\/fr\/wp-json\/wp\/v2\/product"}],"about":[{"href":"https:\/\/cheri-heater.com\/fr\/wp-json\/wp\/v2\/types\/product"}],"wp:featuredmedia":[{"embeddable":true,"href":"https:\/\/cheri-heater.com\/fr\/wp-json\/wp\/v2\/media\/983"}],"wp:attachment":[{"href":"https:\/\/cheri-heater.com\/fr\/wp-json\/wp\/v2\/media?parent=974"}],"wp:term":[{"taxonomy":"product_brand","embeddable":true,"href":"https:\/\/cheri-heater.com\/fr\/wp-json\/wp\/v2\/product_brand?post=974"},{"taxonomy":"product_cat","embeddable":true,"href":"https:\/\/cheri-heater.com\/fr\/wp-json\/wp\/v2\/product_cat?post=974"},{"taxonomy":"product_tag","embeddable":true,"href":"https:\/\/cheri-heater.com\/fr\/wp-json\/wp\/v2\/product_tag?post=974"}],"curies":[{"name":"wp","href":"https:\/\/api.w.org\/{rel}","templated":true}]}}