{"id":984,"date":"2024-06-04T18:20:00","date_gmt":"2024-06-04T18:20:00","guid":{"rendered":"https:\/\/cheri-heater.com\/fr\/?post_type=product&#038;p=984"},"modified":"2024-07-28T22:42:55","modified_gmt":"2024-07-28T22:42:55","slug":"mi-heating-cable","status":"publish","type":"product","link":"https:\/\/cheri-heater.com\/fr\/product\/mi-heating-cable\/","title":{"rendered":"c\u00e2ble de chauffage \u00e0 isolation min\u00e9rale"},"content":{"rendered":"<table width=\"750\" cellspacing=\"0\" cellpadding=\"0\">\n<tbody>\n<tr valign=\"top\">\n<td width=\"211\">\n<p class=\"western\" align=\"center\"><span style=\"font-size: small;\"><span style=\"font-family: \u5b8b\u4f53;\">Mod\u00e8le<\/span><\/span><\/p>\n<\/td>\n<td width=\"340\">\n<p class=\"western\" align=\"center\"><span style=\"font-size: small;\"><span style=\"font-family: \u5b8b\u4f53;\">C\u00e2ble MI arm\u00e9 en acier inoxydable (304\/310\/316)<\/span><\/span><\/p>\n<\/td>\n<td width=\"196\">\n<p class=\"western\" align=\"center\"><span style=\"font-size: small;\"><span style=\"font-family: \u5b8b\u4f53;\">C\u00e2ble MI arm\u00e9 en alliage 825<\/span><\/span><\/p>\n<\/td>\n<\/tr>\n<tr valign=\"top\">\n<td width=\"211\">\n<p class=\"western\" align=\"center\"><span style=\"font-size: small;\"><span style=\"font-family: \u5b8b\u4f53;\">Puissance de sortie<\/span><\/span><\/p>\n<\/td>\n<td colspan=\"2\" width=\"537\">\n<p class=\"western\" align=\"center\"><span style=\"font-size: small;\"><span style=\"font-family: \u5b8b\u4f53;\">0-150W\/m \u00e0 personnaliser<\/span><\/span><\/p>\n<\/td>\n<\/tr>\n<tr valign=\"top\">\n<td width=\"211\">\n<p class=\"western\" align=\"center\"><span style=\"font-size: small;\"><span style=\"font-family: \u5b8b\u4f53;\">Diam\u00e8tre ext\u00e9rieur<\/span><\/span><\/p>\n<\/td>\n<td colspan=\"2\" width=\"537\">\n<p class=\"western\" align=\"left\"><span style=\"font-size: small;\"><span style=\"font-family: \u5b8b\u4f53;\">3\/4\/6 Produits non standard, \u00e0 personnaliser<\/span><\/span><\/p>\n<\/td>\n<\/tr>\n<tr valign=\"top\">\n<td width=\"211\">\n<p class=\"western\" align=\"center\"><span style=\"font-size: small;\"><span style=\"font-family: \u5b8b\u4f53;\">Temp\u00e9rature maximale de maintenance<\/span><\/span><\/p>\n<\/td>\n<td width=\"340\">\n<p class=\"western\" align=\"center\"><span style=\"font-size: small;\"><span style=\"font-family: \u5b8b\u4f53;\">300\u2103<\/span><\/span><\/p>\n<\/td>\n<td width=\"196\">\n<p class=\"western\" align=\"center\"><span style=\"font-size: small;\"><span style=\"font-family: \u5b8b\u4f53;\">600\u2103<\/span><\/span><\/p>\n<\/td>\n<\/tr>\n<tr valign=\"top\">\n<td width=\"211\">\n<p class=\"western\" align=\"center\"><span style=\"font-size: small;\"><span style=\"font-family: \u5b8b\u4f53;\">Temp\u00e9rature maximale de r\u00e9sistance<\/span><\/span><\/p>\n<\/td>\n<td width=\"340\">\n<p class=\"western\" align=\"center\"><span style=\"font-size: small;\"><span style=\"font-family: \u5b8b\u4f53;\">900\u2103<\/span><\/span><\/p>\n<\/td>\n<td width=\"196\">\n<p class=\"western\" align=\"center\"><span style=\"font-size: small;\"><span style=\"font-family: \u5b8b\u4f53;\">1200\u2103<\/span><\/span><\/p>\n<\/td>\n<\/tr>\n<tr valign=\"top\">\n<td width=\"211\">\n<p class=\"western\" align=\"center\"><span style=\"font-size: small;\"><span style=\"font-family: \u5b8b\u4f53;\">Temp\u00e9rature minimale d&#8217;installation<\/span><\/span><\/p>\n<\/td>\n<td colspan=\"2\" width=\"537\">\n<p class=\"western\" align=\"center\"><span style=\"font-size: small;\"><span lang=\"zh-CN\"><span style=\"font-family: \u5b8b\u4f53;\">\uff0d<\/span><\/span><\/span><span style=\"font-family: \u5b8b\u4f53;\"><span style=\"font-size: small;\">50\u2103<\/span><\/span><\/p>\n<\/td>\n<\/tr>\n<\/tbody>\n<\/table>\n<p>&nbsp;<\/p>\n<table width=\"750\" cellspacing=\"0\" cellpadding=\"0\">\n<tbody>\n<tr valign=\"top\">\n<td width=\"168\">\n<p class=\"western\" align=\"left\"><span style=\"font-size: small;\"><span style=\"font-family: \u5b8b\u4f53;\">Diam\u00e8tre<\/span><\/span><\/p>\n<\/td>\n<td width=\"108\">\n<p class=\"western\" align=\"left\"><span style=\"font-size: small;\"><span style=\"font-family: \u5b8b\u4f53;\">Longueur<\/span><\/span><\/p>\n<\/td>\n<td width=\"184\">\n<p class=\"western\" align=\"left\"><span style=\"font-size: small;\"><span style=\"font-family: \u5b8b\u4f53;\">Puissance de sortie<\/span><\/span><\/p>\n<\/td>\n<td width=\"289\">\n<p class=\"western\" align=\"left\"><span style=\"font-size: small;\"><span style=\"font-family: \u5b8b\u4f53;\">Valeur de r\u00e9sistance<\/span><\/span><\/p>\n<\/td>\n<\/tr>\n<tr valign=\"top\">\n<td width=\"168\">\n<p class=\"western\" align=\"left\"><span style=\"font-size: small;\"><span style=\"font-family: \u5b8b\u4f53;\">\u03a61.0\u00b10.10<\/span><\/span><\/p>\n<\/td>\n<td width=\"108\">\n<p class=\"western\" align=\"left\"><span style=\"font-size: small;\"><span style=\"font-family: \u5b8b\u4f53;\">L\u00b10.15<\/span><\/span><\/p>\n<\/td>\n<td width=\"184\">\n<p class=\"western\" align=\"left\"><span style=\"font-size: small;\"><span style=\"font-family: \u5b8b\u4f53;\">P\u00b110%<\/span><\/span><\/p>\n<\/td>\n<td width=\"289\">\n<p class=\"western\" align=\"left\"><span style=\"font-size: small;\"><span style=\"font-family: \u5b8b\u4f53;\">R\u00b110%<\/span><\/span><\/p>\n<\/td>\n<\/tr>\n<tr valign=\"top\">\n<td width=\"168\">\n<p class=\"western\" align=\"left\"><span style=\"font-size: small;\"><span style=\"font-family: \u5b8b\u4f53;\">\u03a62.0\u00b10.10<\/span><\/span><\/p>\n<\/td>\n<td width=\"108\">\n<p class=\"western\" align=\"left\"><span style=\"font-size: small;\"><span style=\"font-family: \u5b8b\u4f53;\">L\u00b10.10<\/span><\/span><\/p>\n<\/td>\n<td width=\"184\">\n<p class=\"western\" align=\"left\"><span style=\"font-size: small;\"><span style=\"font-family: \u5b8b\u4f53;\">P\u00b110%<\/span><\/span><\/p>\n<\/td>\n<td width=\"289\">\n<p class=\"western\" align=\"left\"><span style=\"font-size: small;\"><span style=\"font-family: \u5b8b\u4f53;\">R\u00b110%<\/span><\/span><\/p>\n<\/td>\n<\/tr>\n<tr valign=\"top\">\n<td width=\"168\">\n<p class=\"western\" align=\"left\"><span style=\"font-size: small;\"><span style=\"font-family: \u5b8b\u4f53;\">\u03a63.0\u00b10.15<\/span><\/span><\/p>\n<\/td>\n<td width=\"108\">\n<p class=\"western\" align=\"left\"><span style=\"font-size: small;\"><span style=\"font-family: \u5b8b\u4f53;\">L\u00b10.10<\/span><\/span><\/p>\n<\/td>\n<td width=\"184\">\n<p class=\"western\" align=\"left\"><span style=\"font-size: small;\"><span style=\"font-family: \u5b8b\u4f53;\">P\u00b110%<\/span><\/span><\/p>\n<\/td>\n<td width=\"289\">\n<p class=\"western\" align=\"left\"><span style=\"font-size: small;\"><span style=\"font-family: \u5b8b\u4f53;\">R\u00b110%<\/span><\/span><\/p>\n<\/td>\n<\/tr>\n<tr valign=\"top\">\n<td width=\"168\">\n<p class=\"western\" align=\"left\"><span style=\"font-size: small;\"><span style=\"font-family: \u5b8b\u4f53;\">\u03a64.0\u00b10.15<\/span><\/span><\/p>\n<\/td>\n<td width=\"108\">\n<p class=\"western\" align=\"left\"><span style=\"font-size: small;\"><span style=\"font-family: \u5b8b\u4f53;\">L\u00b10.10<\/span><\/span><\/p>\n<\/td>\n<td width=\"184\">\n<p class=\"western\" align=\"left\"><span style=\"font-size: small;\"><span style=\"font-family: \u5b8b\u4f53;\">P\u00b110%<\/span><\/span><\/p>\n<\/td>\n<td width=\"289\">\n<p class=\"western\" align=\"left\"><span style=\"font-size: small;\"><span style=\"font-family: \u5b8b\u4f53;\">R\u00b110%<\/span><\/span><\/p>\n<\/td>\n<\/tr>\n<tr valign=\"top\">\n<td width=\"168\">\n<p class=\"western\" align=\"left\"><span style=\"font-size: small;\"><span style=\"font-family: \u5b8b\u4f53;\">\u03a65.0\u00b10.15<\/span><\/span><\/p>\n<\/td>\n<td width=\"108\">\n<p class=\"western\" align=\"left\"><span style=\"font-size: small;\"><span style=\"font-family: \u5b8b\u4f53;\">L\u00b10.10<\/span><\/span><\/p>\n<\/td>\n<td width=\"184\">\n<p class=\"western\" align=\"left\"><span style=\"font-size: small;\"><span style=\"font-family: \u5b8b\u4f53;\">P\u00b110%<\/span><\/span><\/p>\n<\/td>\n<td width=\"289\">\n<p class=\"western\" align=\"left\"><span style=\"font-size: small;\"><span style=\"font-family: \u5b8b\u4f53;\">R\u00b110%<\/span><\/span><\/p>\n<\/td>\n<\/tr>\n<tr valign=\"top\">\n<td width=\"168\">\n<p class=\"western\" align=\"left\"><span style=\"font-size: small;\"><span style=\"font-family: \u5b8b\u4f53;\">\u03a66.0\u00b10.20<\/span><\/span><\/p>\n<\/td>\n<td width=\"108\">\n<p class=\"western\" align=\"left\"><span style=\"font-size: small;\"><span style=\"font-family: \u5b8b\u4f53;\">L\u00b10.15<\/span><\/span><\/p>\n<\/td>\n<td width=\"184\">\n<p class=\"western\" align=\"left\"><span style=\"font-size: small;\"><span style=\"font-family: \u5b8b\u4f53;\">P\u00b110%<\/span><\/span><\/p>\n<\/td>\n<td width=\"289\">\n<p class=\"western\" align=\"left\"><span style=\"font-size: small;\"><span style=\"font-family: \u5b8b\u4f53;\">R\u00b110%<\/span><\/span><\/p>\n<\/td>\n<\/tr>\n<tr valign=\"top\">\n<td width=\"168\">\n<p class=\"western\" align=\"left\"><span style=\"font-size: small;\"><span style=\"font-family: \u5b8b\u4f53;\">\u03a68.0\u00b10.20<\/span><\/span><\/p>\n<\/td>\n<td width=\"108\">\n<p class=\"western\" align=\"left\"><span style=\"font-size: small;\"><span style=\"font-family: \u5b8b\u4f53;\">L\u00b10.15<\/span><\/span><\/p>\n<\/td>\n<td width=\"184\">\n<p class=\"western\" align=\"left\"><span style=\"font-size: small;\"><span style=\"font-family: \u5b8b\u4f53;\">P\u00b110%<\/span><\/span><\/p>\n<\/td>\n<td width=\"289\">\n<p class=\"western\" align=\"left\"><span style=\"font-size: small;\"><span style=\"font-family: \u5b8b\u4f53;\">R\u00b110%<\/span><\/span><\/p>\n<\/td>\n<\/tr>\n<tr valign=\"top\">\n<td width=\"168\">\n<p class=\"western\" align=\"left\"><span style=\"font-size: small;\"><span style=\"font-family: \u5b8b\u4f53;\">\u03a61.0\u00b10.25<\/span><\/span><\/p>\n<\/td>\n<td width=\"108\">\n<p class=\"western\" align=\"left\"><span style=\"font-size: small;\"><span style=\"font-family: \u5b8b\u4f53;\">L\u00b10.20<\/span><\/span><\/p>\n<\/td>\n<td width=\"184\">\n<p class=\"western\" align=\"left\"><span style=\"font-size: small;\"><span style=\"font-family: \u5b8b\u4f53;\">P\u00b110%<\/span><\/span><\/p>\n<\/td>\n<td width=\"289\">\n<p class=\"western\" align=\"left\"><span style=\"font-size: small;\"><span style=\"font-family: \u5b8b\u4f53;\">R\u00b110%<\/span><\/span><\/p>\n<\/td>\n<\/tr>\n<\/tbody>\n<\/table>\n<p>&nbsp;<\/p>\n<p><img fetchpriority=\"high\" decoding=\"async\" class=\"aligncenter size-full wp-image-989\" src=\"https:\/\/cheri-heater.com\/fr\/wp-content\/uploads\/2024\/06\/advantage.jpg\" alt=\"\" width=\"750\" height=\"1149\" srcset=\"https:\/\/cheri-heater.com\/fr\/wp-content\/uploads\/2024\/06\/advantage.jpg 750w, https:\/\/cheri-heater.com\/fr\/wp-content\/uploads\/2024\/06\/advantage-600x919.jpg 600w, https:\/\/cheri-heater.com\/fr\/wp-content\/uploads\/2024\/06\/advantage-196x300.jpg 196w, https:\/\/cheri-heater.com\/fr\/wp-content\/uploads\/2024\/06\/advantage-668x1024.jpg 668w\" sizes=\"(max-width: 750px) 100vw, 750px\" \/><br \/>\n<img decoding=\"async\" class=\"aligncenter size-full wp-image-990 lazyload\" data-src=\"https:\/\/cheri-heater.com\/fr\/wp-content\/uploads\/2024\/06\/charactors.jpg\" alt=\"\" width=\"750\" height=\"670\" data-srcset=\"https:\/\/cheri-heater.com\/fr\/wp-content\/uploads\/2024\/06\/charactors.jpg 750w, https:\/\/cheri-heater.com\/fr\/wp-content\/uploads\/2024\/06\/charactors-600x536.jpg 600w, https:\/\/cheri-heater.com\/fr\/wp-content\/uploads\/2024\/06\/charactors-300x268.jpg 300w\" data-sizes=\"(max-width: 750px) 100vw, 750px\" src=\"data:image\/svg+xml;base64,PHN2ZyB3aWR0aD0iMSIgaGVpZ2h0PSIxIiB4bWxucz0iaHR0cDovL3d3dy53My5vcmcvMjAwMC9zdmciPjwvc3ZnPg==\" style=\"--smush-placeholder-width: 750px; --smush-placeholder-aspect-ratio: 750\/670;\" \/><br \/>\n<img decoding=\"async\" class=\"aligncenter size-full wp-image-991 lazyload\" data-src=\"https:\/\/cheri-heater.com\/fr\/wp-content\/uploads\/2024\/06\/details.jpg\" alt=\"\" width=\"750\" height=\"665\" data-srcset=\"https:\/\/cheri-heater.com\/fr\/wp-content\/uploads\/2024\/06\/details.jpg 750w, https:\/\/cheri-heater.com\/fr\/wp-content\/uploads\/2024\/06\/details-600x532.jpg 600w, https:\/\/cheri-heater.com\/fr\/wp-content\/uploads\/2024\/06\/details-300x266.jpg 300w\" data-sizes=\"(max-width: 750px) 100vw, 750px\" src=\"data:image\/svg+xml;base64,PHN2ZyB3aWR0aD0iMSIgaGVpZ2h0PSIxIiB4bWxucz0iaHR0cDovL3d3dy53My5vcmcvMjAwMC9zdmciPjwvc3ZnPg==\" style=\"--smush-placeholder-width: 750px; --smush-placeholder-aspect-ratio: 750\/665;\" \/><br \/>\n<img decoding=\"async\" class=\"aligncenter size-full wp-image-992 lazyload\" data-src=\"https:\/\/cheri-heater.com\/fr\/wp-content\/uploads\/2024\/06\/dimension.jpg\" alt=\"\" width=\"750\" height=\"745\" data-srcset=\"https:\/\/cheri-heater.com\/fr\/wp-content\/uploads\/2024\/06\/dimension.jpg 750w, https:\/\/cheri-heater.com\/fr\/wp-content\/uploads\/2024\/06\/dimension-100x100.jpg 100w, https:\/\/cheri-heater.com\/fr\/wp-content\/uploads\/2024\/06\/dimension-600x596.jpg 600w, https:\/\/cheri-heater.com\/fr\/wp-content\/uploads\/2024\/06\/dimension-300x298.jpg 300w, https:\/\/cheri-heater.com\/fr\/wp-content\/uploads\/2024\/06\/dimension-150x150.jpg 150w\" data-sizes=\"(max-width: 750px) 100vw, 750px\" src=\"data:image\/svg+xml;base64,PHN2ZyB3aWR0aD0iMSIgaGVpZ2h0PSIxIiB4bWxucz0iaHR0cDovL3d3dy53My5vcmcvMjAwMC9zdmciPjwvc3ZnPg==\" style=\"--smush-placeholder-width: 750px; --smush-placeholder-aspect-ratio: 750\/745;\" \/><\/p>\n","protected":false},"excerpt":{"rendered":"<p>Mod\u00e8le C\u00e2ble MI arm\u00e9 en acier inoxydable (304\/310\/316) C\u00e2ble MI arm\u00e9 en alliage 825 Puissance de sortie 0-150W\/m \u00e0 personnaliser Diam\u00e8tre ext\u00e9rieur 3\/4\/6 Produits non standard, \u00e0 personnaliser Temp\u00e9rature maximale de maintenance 300\u2103 600\u2103 Temp\u00e9rature maximale de r\u00e9sistance 900\u2103 1200\u2103 Temp\u00e9rature minimale d&#8217;installation \uff0d50\u2103 &nbsp; Diam\u00e8tre Longueur Puissance de sortie Valeur de r\u00e9sistance \u03a61.0\u00b10.10 L\u00b10.15 [&hellip;]<\/p>\n","protected":false},"featured_media":987,"template":"","meta":[],"product_brand":[],"product_cat":[22],"product_tag":[],"class_list":{"0":"post-984","1":"product","2":"type-product","3":"status-publish","4":"has-post-thumbnail","6":"product_cat-heating-cable","8":"first","9":"instock","10":"shipping-taxable","11":"product-type-simple"},"yoast_head":"<!-- This site is optimized with the Yoast SEO plugin v27.3 - https:\/\/yoast.com\/product\/yoast-seo-wordpress\/ -->\n<title>Meilleur fabricant de c\u00e2bles de chauffage \u00e0 isolation min\u00e9rale | Cheri-heater.com<\/title>\n<meta name=\"description\" content=\"D\u00e9couvrez des c\u00e2bles de chauffage \u00e0 isolation min\u00e9rale premium aupr\u00e8s du fabricant leader. Nos c\u00e2bles de haute qualit\u00e9 et durables sont con\u00e7us pour des performances optimales dans des conditions extr\u00eames. Parfaits pour les applications industrielles et commerciales. Contactez-nous d\u00e8s aujourd&#039;hui pour des solutions de chauffage fiables !\" \/>\n<meta name=\"robots\" content=\"index, follow, max-snippet:-1, max-image-preview:large, max-video-preview:-1\" \/>\n<link rel=\"canonical\" href=\"https:\/\/cheri-heater.com\/fr\/product\/mi-heating-cable\/\" \/>\n<meta property=\"og:locale\" content=\"en_US\" \/>\n<meta property=\"og:type\" content=\"article\" \/>\n<meta property=\"og:title\" content=\"Meilleur fabricant de c\u00e2bles de chauffage \u00e0 isolation min\u00e9rale | Cheri-heater.com\" \/>\n<meta property=\"og:description\" content=\"D\u00e9couvrez des c\u00e2bles de chauffage \u00e0 isolation min\u00e9rale premium aupr\u00e8s du fabricant leader. Nos c\u00e2bles de haute qualit\u00e9 et durables sont con\u00e7us pour des performances optimales dans des conditions extr\u00eames. Parfaits pour les applications industrielles et commerciales. Contactez-nous d\u00e8s aujourd&#039;hui pour des solutions de chauffage fiables !\" \/>\n<meta property=\"og:url\" content=\"https:\/\/cheri-heater.com\/fr\/product\/mi-heating-cable\/\" \/>\n<meta property=\"og:site_name\" content=\"Cheri Heater Technology Co.,Ltd.\" \/>\n<meta property=\"article:modified_time\" content=\"2024-07-28T22:42:55+00:00\" \/>\n<meta property=\"og:image\" content=\"https:\/\/cheri-heater.com\/fr\/wp-content\/uploads\/2024\/06\/H991ec65cb3bf476cb5997b0015b38126K.jpg_720x720q50.jpg\" \/>\n\t<meta property=\"og:image:width\" content=\"720\" \/>\n\t<meta property=\"og:image:height\" content=\"720\" \/>\n\t<meta property=\"og:image:type\" content=\"image\/jpeg\" \/>\n<meta name=\"twitter:card\" content=\"summary_large_image\" \/>\n<meta name=\"twitter:label1\" content=\"Est. reading time\" \/>\n\t<meta name=\"twitter:data1\" content=\"2 minutes\" \/>\n<!-- \/ Yoast SEO plugin. -->","yoast_head_json":{"title":"Meilleur fabricant de c\u00e2bles de chauffage \u00e0 isolation min\u00e9rale | Cheri-heater.com","description":"D\u00e9couvrez des c\u00e2bles de chauffage \u00e0 isolation min\u00e9rale premium aupr\u00e8s du fabricant leader. Nos c\u00e2bles de haute qualit\u00e9 et durables sont con\u00e7us pour des performances optimales dans des conditions extr\u00eames. Parfaits pour les applications industrielles et commerciales. Contactez-nous d\u00e8s aujourd'hui pour des solutions de chauffage fiables !","robots":{"index":"index","follow":"follow","max-snippet":"max-snippet:-1","max-image-preview":"max-image-preview:large","max-video-preview":"max-video-preview:-1"},"canonical":"https:\/\/cheri-heater.com\/fr\/product\/mi-heating-cable\/","og_locale":"en_US","og_type":"article","og_title":"Meilleur fabricant de c\u00e2bles de chauffage \u00e0 isolation min\u00e9rale | Cheri-heater.com","og_description":"D\u00e9couvrez des c\u00e2bles de chauffage \u00e0 isolation min\u00e9rale premium aupr\u00e8s du fabricant leader. Nos c\u00e2bles de haute qualit\u00e9 et durables sont con\u00e7us pour des performances optimales dans des conditions extr\u00eames. Parfaits pour les applications industrielles et commerciales. Contactez-nous d\u00e8s aujourd'hui pour des solutions de chauffage fiables !","og_url":"https:\/\/cheri-heater.com\/fr\/product\/mi-heating-cable\/","og_site_name":"Cheri Heater Technology Co.,Ltd.","article_modified_time":"2024-07-28T22:42:55+00:00","og_image":[{"width":720,"height":720,"url":"https:\/\/cheri-heater.com\/fr\/wp-content\/uploads\/2024\/06\/H991ec65cb3bf476cb5997b0015b38126K.jpg_720x720q50.jpg","type":"image\/jpeg"}],"twitter_card":"summary_large_image","twitter_misc":{"Est. reading time":"2 minutes"},"schema":{"@context":"https:\/\/schema.org","@graph":[{"@type":"WebPage","@id":"https:\/\/cheri-heater.com\/fr\/product\/mi-heating-cable\/","url":"https:\/\/cheri-heater.com\/fr\/product\/mi-heating-cable\/","name":"Meilleur fabricant de c\u00e2bles de chauffage \u00e0 isolation min\u00e9rale | Cheri-heater.com","isPartOf":{"@id":"https:\/\/cheri-heater.com\/fr\/#website"},"primaryImageOfPage":{"@id":"https:\/\/cheri-heater.com\/fr\/product\/mi-heating-cable\/#primaryimage"},"image":{"@id":"https:\/\/cheri-heater.com\/fr\/product\/mi-heating-cable\/#primaryimage"},"thumbnailUrl":"https:\/\/cheri-heater.com\/fr\/wp-content\/uploads\/2024\/06\/H991ec65cb3bf476cb5997b0015b38126K.jpg_720x720q50.jpg","datePublished":"2024-06-04T18:20:00+00:00","dateModified":"2024-07-28T22:42:55+00:00","description":"D\u00e9couvrez des c\u00e2bles de chauffage \u00e0 isolation min\u00e9rale premium aupr\u00e8s du fabricant leader. Nos c\u00e2bles de haute qualit\u00e9 et durables sont con\u00e7us pour des performances optimales dans des conditions extr\u00eames. Parfaits pour les applications industrielles et commerciales. Contactez-nous d\u00e8s aujourd'hui pour des solutions de chauffage fiables !","breadcrumb":{"@id":"https:\/\/cheri-heater.com\/fr\/product\/mi-heating-cable\/#breadcrumb"},"inLanguage":"en-US","potentialAction":[{"@type":"ReadAction","target":["https:\/\/cheri-heater.com\/fr\/product\/mi-heating-cable\/"]}]},{"@type":"ImageObject","inLanguage":"en-US","@id":"https:\/\/cheri-heater.com\/fr\/product\/mi-heating-cable\/#primaryimage","url":"https:\/\/cheri-heater.com\/fr\/wp-content\/uploads\/2024\/06\/H991ec65cb3bf476cb5997b0015b38126K.jpg_720x720q50.jpg","contentUrl":"https:\/\/cheri-heater.com\/fr\/wp-content\/uploads\/2024\/06\/H991ec65cb3bf476cb5997b0015b38126K.jpg_720x720q50.jpg","width":720,"height":720},{"@type":"BreadcrumbList","@id":"https:\/\/cheri-heater.com\/fr\/product\/mi-heating-cable\/#breadcrumb","itemListElement":[{"@type":"ListItem","position":1,"name":"Home","item":"https:\/\/cheri-heater.com\/fr\/"},{"@type":"ListItem","position":2,"name":"Products","item":"https:\/\/cheri-heater.com\/fr\/products\/"},{"@type":"ListItem","position":3,"name":"c\u00e2ble de chauffage \u00e0 isolation min\u00e9rale"}]},{"@type":"WebSite","@id":"https:\/\/cheri-heater.com\/fr\/#website","url":"https:\/\/cheri-heater.com\/fr\/","name":"Cheri Heater Technology Co.,Ltd.","description":"","publisher":{"@id":"https:\/\/cheri-heater.com\/fr\/#organization"},"potentialAction":[{"@type":"SearchAction","target":{"@type":"EntryPoint","urlTemplate":"https:\/\/cheri-heater.com\/fr\/?s={search_term_string}"},"query-input":{"@type":"PropertyValueSpecification","valueRequired":true,"valueName":"search_term_string"}}],"inLanguage":"en-US"},{"@type":"Organization","@id":"https:\/\/cheri-heater.com\/fr\/#organization","name":"Cheri Heater Technology Co.,Ltd.","url":"https:\/\/cheri-heater.com\/fr\/","logo":{"@type":"ImageObject","inLanguage":"en-US","@id":"https:\/\/cheri-heater.com\/fr\/#\/schema\/logo\/image\/","url":"https:\/\/cheri-heater.com\/fr\/wp-content\/uploads\/2024\/06\/cropped-logo-resize.png","contentUrl":"https:\/\/cheri-heater.com\/fr\/wp-content\/uploads\/2024\/06\/cropped-logo-resize.png","width":346,"height":99,"caption":"Cheri Heater Technology Co.,Ltd."},"image":{"@id":"https:\/\/cheri-heater.com\/fr\/#\/schema\/logo\/image\/"}}]}},"_links":{"self":[{"href":"https:\/\/cheri-heater.com\/fr\/wp-json\/wp\/v2\/product\/984","targetHints":{"allow":["GET"]}}],"collection":[{"href":"https:\/\/cheri-heater.com\/fr\/wp-json\/wp\/v2\/product"}],"about":[{"href":"https:\/\/cheri-heater.com\/fr\/wp-json\/wp\/v2\/types\/product"}],"wp:featuredmedia":[{"embeddable":true,"href":"https:\/\/cheri-heater.com\/fr\/wp-json\/wp\/v2\/media\/987"}],"wp:attachment":[{"href":"https:\/\/cheri-heater.com\/fr\/wp-json\/wp\/v2\/media?parent=984"}],"wp:term":[{"taxonomy":"product_brand","embeddable":true,"href":"https:\/\/cheri-heater.com\/fr\/wp-json\/wp\/v2\/product_brand?post=984"},{"taxonomy":"product_cat","embeddable":true,"href":"https:\/\/cheri-heater.com\/fr\/wp-json\/wp\/v2\/product_cat?post=984"},{"taxonomy":"product_tag","embeddable":true,"href":"https:\/\/cheri-heater.com\/fr\/wp-json\/wp\/v2\/product_tag?post=984"}],"curies":[{"name":"wp","href":"https:\/\/api.w.org\/{rel}","templated":true}]}}