{"id":993,"date":"2024-06-04T18:20:12","date_gmt":"2024-06-04T18:20:12","guid":{"rendered":"https:\/\/cheri-heater.com\/fr\/?post_type=product&#038;p=993"},"modified":"2024-07-28T22:41:15","modified_gmt":"2024-07-28T22:41:15","slug":"selfregulating-heating-cable","status":"publish","type":"product","link":"https:\/\/cheri-heater.com\/fr\/product\/selfregulating-heating-cable\/","title":{"rendered":"c\u00e2ble de chauffage autocontr\u00f4lant"},"content":{"rendered":"<p class=\"western\"><span style=\"color: #333333;\"><span style=\"font-family: Times New Roman, serif;\"><span style=\"font-size: medium;\">Les c\u00e2bles chauffants auto-r\u00e9gulants sont utilis\u00e9s pour le contr\u00f4le de temp\u00e9rature, le chauffage et l&#8217;isolation des tuyaux, \u00e9quipements et r\u00e9cipients, notamment dans les cas o\u00f9 le mat\u00e9riau est susceptible de se d\u00e9grader, de se cristalliser ou de geler. Ils sont largement utilis\u00e9s dans des secteurs tels que le p\u00e9trole, la chimie, l&#8217;\u00e9nergie, la m\u00e9tallurgie, l&#8217;industrie l\u00e9g\u00e8re, l&#8217;agroalimentaire, la construction, le gaz et la production de produits agricoles et d\u00e9riv\u00e9s.<\/span><\/span><\/span><\/p>\n<h3 class=\"western\"><span style=\"font-family: Times New Roman, serif;\"><span style=\"font-size: x-large;\"><b><span style=\"color: #333333;\">Caract\u00e9ristiques<\/span><\/b><\/span><\/span><\/h3>\n<ul>\n<li><span style=\"font-family: Times New Roman, serif;\"><span style=\"font-size: medium;\">\u00c9nerg\u00e9tique : le c\u00e2ble auto-r\u00e9gulant consomme moins d&#8217;\u00e9nergie lorsqu&#8217;une chaleur moindre est requise.<\/span><\/span><\/li>\n<li><span style=\"font-family: Times New Roman, serif;\"><span style=\"font-size: medium;\">Facile \u00e0 installer : peut \u00eatre coup\u00e9 \u00e0 n&#8217;importe quelle longueur (jusqu&#8217;\u00e0 la longueur maximale du circuit) sur le terrain.<\/span><\/span><\/li>\n<li><span style=\"font-family: Times New Roman, serif;\"><span style=\"font-size: medium;\">Co\u00fbt d&#8217;installation inf\u00e9rieur \u00e0 celui du tra\u00e7age \u00e0 vapeur, avec moins de frais de maintenance et de temps d&#8217;arr\u00eat.<\/span><\/span><\/li>\n<li><span style=\"font-family: Times New Roman, serif;\"><span style=\"font-size: medium;\">Peut \u00eatre superpos\u00e9 sans risque de br\u00fblure, ce qui simplifie le tra\u00e7age thermique des \u00e9quipements en ligne tels que les vannes, les coudes et les pompes.<\/span><\/span><\/li>\n<li><span style=\"font-family: Times New Roman, serif;\"><span style=\"font-size: medium;\">Gr\u00e2ce \u00e0 son caract\u00e8re auto-r\u00e9gulant, les conditions de surchauffe sont minimis\u00e9es.<\/span><\/span><\/li>\n<li><span style=\"font-family: Times New Roman, serif;\"><span style=\"font-size: medium;\">Les kits de connexion r\u00e9duisent le temps d&#8217;installation.<\/span><\/span><\/li>\n<\/ul>\n<table dir=\"ltr\" width=\"750\" cellspacing=\"0\" cellpadding=\"0\" align=\"left\">\n<tbody>\n<tr valign=\"top\">\n<td bgcolor=\"#f3f4f8\" width=\"113\">\n<p class=\"western\" align=\"center\"><span style=\"color: #333333;\"><span style=\"font-family: Helvetica, Arial, sans-serif;\"><span style=\"font-size: small;\">Type<\/span><\/span><\/span><\/p>\n<\/td>\n<td bgcolor=\"#f7f8fa\" width=\"74\">\n<p class=\"western\" align=\"center\"><span style=\"color: #333333;\"><span style=\"font-family: Helvetica, Arial, sans-serif;\"><span style=\"font-size: small;\">Puissance<\/span><\/span><\/span><\/p>\n<p class=\"western\" align=\"center\"><span style=\"color: #333333;\"><span style=\"font-family: Helvetica, Arial, sans-serif;\"><span style=\"font-size: small;\">(W\/M, \u00e0 10\u2103)<\/span><\/span><\/span><\/p>\n<\/td>\n<td bgcolor=\"#f7f8fa\" width=\"162\">\n<p class=\"western\" align=\"center\"><span style=\"color: #333333;\"><span style=\"font-family: Helvetica, Arial, sans-serif;\"><span style=\"font-size: small;\">Temp\u00e9rature de tol\u00e9rance maximale<\/span><\/span><\/span><\/p>\n<\/td>\n<td bgcolor=\"#f7f8fa\" width=\"156\">\n<p class=\"western\" align=\"center\"><span style=\"color: #333333;\"><span style=\"font-family: Helvetica, Arial, sans-serif;\"><span style=\"font-size: small;\">Temp\u00e9rature de maintien maximale<\/span><\/span><\/span><\/p>\n<\/td>\n<td bgcolor=\"#f7f8fa\" width=\"125\">\n<p class=\"western\" align=\"center\"><span style=\"color: #333333;\"><span style=\"font-family: Helvetica, Arial, sans-serif;\"><span style=\"font-size: small;\">Temp\u00e9rature<\/span><\/span><\/span><\/p>\n<p class=\"western\" align=\"center\"><span style=\"color: #333333;\"><span style=\"font-family: Helvetica, Arial, sans-serif;\"><span style=\"font-size: small;\">d&#8217;installation minimale<\/span><\/span><\/span><\/p>\n<\/td>\n<td bgcolor=\"#f7f8fa\" width=\"118\">\n<p class=\"western\" align=\"center\"><span style=\"color: #333333;\"><span style=\"font-family: Helvetica, Arial, sans-serif;\"><span style=\"font-size: small;\">Longueur d&#8217;utilisation maximale<\/span><\/span><\/span><\/p>\n<p class=\"western\" align=\"center\"><span style=\"color: #333333;\"><span style=\"font-family: Helvetica, Arial, sans-serif;\"><span style=\"font-size: small;\">(bas\u00e9 sur 110\/220V)<\/span><\/span><\/span><\/p>\n<\/td>\n<\/tr>\n<tr valign=\"top\">\n<td bgcolor=\"#f3f4f8\" width=\"113\">\n<p class=\"western\" align=\"center\"><span style=\"color: #333333;\"><span style=\"font-family: Helvetica, Arial, sans-serif;\"><span style=\"font-size: small;\">Temp\u00e9rature basse<\/span><\/span><\/span><\/p>\n<\/td>\n<td bgcolor=\"#ffffff\" width=\"74\">\n<p class=\"western\" align=\"center\"><span style=\"color: #333333;\"><span style=\"font-family: Helvetica, Arial, sans-serif;\"><span style=\"font-size: small;\">10W\/M<\/span><\/span><\/span><\/p>\n<p class=\"western\" align=\"center\"><span style=\"color: #333333;\"><span style=\"font-family: Helvetica, Arial, sans-serif;\"><span style=\"font-size: small;\">15W\/M<\/span><\/span><\/span><\/p>\n<p class=\"western\" align=\"center\"><span style=\"color: #333333;\"><span style=\"font-family: Helvetica, Arial, sans-serif;\"><span style=\"font-size: small;\">25W\/M<\/span><\/span><\/span><\/p>\n<p class=\"western\" align=\"center\"><span style=\"color: #333333;\"><span style=\"font-family: Helvetica, Arial, sans-serif;\"><span style=\"font-size: small;\">35W\/M<\/span><\/span><\/span><\/p>\n<\/td>\n<td bgcolor=\"#ffffff\" width=\"162\">\n<p class=\"western\" align=\"center\"><span style=\"color: #333333;\"><span style=\"font-family: Helvetica, Arial, sans-serif;\"><span style=\"font-size: small;\">105\u2103<\/span><\/span><\/span><\/p>\n<\/td>\n<td bgcolor=\"#ffffff\" width=\"156\">\n<p class=\"western\" align=\"center\"><span style=\"color: #333333;\"><span style=\"font-family: Helvetica, Arial, sans-serif;\"><span style=\"font-size: small;\">65\u2103\u00b15\u2103<\/span><\/span><\/span><\/p>\n<\/td>\n<td bgcolor=\"#ffffff\" width=\"125\">\n<p class=\"western\" align=\"center\"><span style=\"color: #333333;\"><span style=\"font-family: Helvetica, Arial, sans-serif;\"><span style=\"font-size: small;\">-40\u2103<\/span><\/span><\/span><\/p>\n<\/td>\n<td bgcolor=\"#ffffff\" width=\"118\">\n<p class=\"western\" align=\"center\"><span style=\"color: #333333;\"><span style=\"font-family: Helvetica, Arial, sans-serif;\"><span style=\"font-size: small;\">50\/100m<\/span><\/span><\/span><\/p>\n<\/td>\n<\/tr>\n<tr valign=\"top\">\n<td bgcolor=\"#f3f4f8\" width=\"113\">\n<p class=\"western\" align=\"center\"><span style=\"color: #333333;\"><span style=\"font-family: Helvetica, Arial, sans-serif;\"><span style=\"font-size: small;\">Temp\u00e9rature moyenne<\/span><\/span><\/span><\/p>\n<\/td>\n<td bgcolor=\"#ffffff\" width=\"74\">\n<p class=\"western\" align=\"center\"><span style=\"color: #333333;\"><span style=\"font-family: Helvetica, Arial, sans-serif;\"><span style=\"font-size: small;\">35W\/M<\/span><\/span><\/span><\/p>\n<p class=\"western\" align=\"center\"><span style=\"color: #333333;\"><span style=\"font-family: Helvetica, Arial, sans-serif;\"><span style=\"font-size: small;\">45W\/M<\/span><\/span><\/span><\/p>\n<p class=\"western\" align=\"center\"><span style=\"color: #333333;\"><span style=\"font-family: Helvetica, Arial, sans-serif;\"><span style=\"font-size: small;\">50W\/M<\/span><\/span><\/span><\/p>\n<p class=\"western\" align=\"center\"><span style=\"color: #333333;\"><span style=\"font-family: Helvetica, Arial, sans-serif;\"><span style=\"font-size: small;\">75W\/M<\/span><\/span><\/span><\/p>\n<\/td>\n<td bgcolor=\"#ffffff\" width=\"162\">\n<p class=\"western\" align=\"center\"><span style=\"color: #333333;\"><span style=\"font-family: Helvetica, Arial, sans-serif;\"><span style=\"font-size: small;\">105\u2103<\/span><\/span><\/span><\/p>\n<\/td>\n<td bgcolor=\"#ffffff\" width=\"156\">\n<p class=\"western\" align=\"center\"><span style=\"color: #333333;\"><span style=\"font-family: Helvetica, Arial, sans-serif;\"><span style=\"font-size: small;\">65\u2103\u00b15\u2103<\/span><\/span><\/span><\/p>\n<\/td>\n<td bgcolor=\"#ffffff\" width=\"125\">\n<p class=\"western\" align=\"center\"><span style=\"color: #333333;\"><span style=\"font-family: Helvetica, Arial, sans-serif;\"><span style=\"font-size: small;\">-40\u2103<\/span><\/span><\/span><\/p>\n<\/td>\n<td bgcolor=\"#ffffff\" width=\"118\">\n<p class=\"western\" align=\"center\"><span style=\"color: #333333;\"><span style=\"font-family: Helvetica, Arial, sans-serif;\"><span style=\"font-size: small;\">50\/100m<\/span><\/span><\/span><\/p>\n<\/td>\n<\/tr>\n<tr valign=\"top\">\n<td bgcolor=\"#f3f4f8\" width=\"113\">\n<p class=\"western\" align=\"center\"><span style=\"color: #333333;\"><span style=\"font-family: Helvetica, Arial, sans-serif;\"><span style=\"font-size: small;\">Temp\u00e9rature \u00e9lev\u00e9e<\/span><\/span><\/span><\/p>\n<\/td>\n<td bgcolor=\"#ffffff\" width=\"74\">\n<p class=\"western\" align=\"center\"><span style=\"color: #333333;\"><span style=\"font-family: Helvetica, Arial, sans-serif;\"><span style=\"font-size: small;\">55W\/M<\/span><\/span><\/span><\/p>\n<p class=\"western\" align=\"center\"><span style=\"color: #333333;\"><span style=\"font-family: Helvetica, Arial, sans-serif;\"><span style=\"font-size: small;\">70W\/M<\/span><\/span><\/span><\/p>\n<p class=\"western\" align=\"center\"><span style=\"color: #333333;\"><span style=\"font-family: Helvetica, Arial, sans-serif;\"><span style=\"font-size: small;\">70W\/M<\/span><\/span><\/span><\/p>\n<p class=\"western\" align=\"center\"><span style=\"color: #333333;\"><span style=\"font-family: Helvetica, Arial, sans-serif;\"><span style=\"font-size: small;\">100W\/M<\/span><\/span><\/span><\/p>\n<\/td>\n<td bgcolor=\"#ffffff\" width=\"162\">\n<p class=\"western\" align=\"center\"><span style=\"color: #333333;\"><span style=\"font-family: Helvetica, Arial, sans-serif;\"><span style=\"font-size: small;\">105\u2103<\/span><\/span><\/span><\/p>\n<\/td>\n<td bgcolor=\"#ffffff\" width=\"156\">\n<p class=\"western\" align=\"center\"><span style=\"color: #333333;\"><span style=\"font-family: Helvetica, Arial, sans-serif;\"><span style=\"font-size: small;\">65\u2103\u00b15\u2103<\/span><\/span><\/span><\/p>\n<\/td>\n<td bgcolor=\"#ffffff\" width=\"125\">\n<p class=\"western\" align=\"center\"><span style=\"color: #333333;\"><span style=\"font-family: Helvetica, Arial, sans-serif;\"><span style=\"font-size: small;\">-40\u2103<\/span><\/span><\/span><\/p>\n<\/td>\n<td bgcolor=\"#ffffff\" width=\"118\">\n<p class=\"western\" align=\"center\"><span style=\"color: #333333;\"><span style=\"font-family: Helvetica, Arial, sans-serif;\"><span style=\"font-size: small;\">50\/100m<\/span><\/span><\/span><\/p>\n<\/td>\n<\/tr>\n<\/tbody>\n<\/table>\n","protected":false},"excerpt":{"rendered":"<p class=\"western\"><span style=\"color: #333333;\"><span style=\"font-family: Times New Roman, serif;\"><span style=\"font-size: medium;\">Les c\u00e2bles chauffants auto-r\u00e9gulants offrent une grande flexibilit\u00e9 dans la conception et les applications de tra\u00e7age thermique. Constitu\u00e9s d&#8217;une matrice chauffante semi-conductrice extrud\u00e9e entre des fils conducteurs parall\u00e8les, un c\u00e2ble auto-r\u00e9gulant ajuste sa puissance de sortie pour r\u00e9pondre de mani\u00e8re ind\u00e9pendante aux temp\u00e9ratures ambiantes tout au long de sa longueur. \u00c0 mesure que la temp\u00e9rature augmente, la r\u00e9sistance du chauffage augmente, ce qui r\u00e9duit la puissance de sortie. Inversement, lorsque la temp\u00e9rature diminue, la r\u00e9sistance diminue et le c\u00e2ble produit plus de chaleur. Il n&#8217;est donc pas n\u00e9cessaire d&#8217;utiliser un thermostat dans certaines applications. Le c\u00e2ble ne surchauffera jamais ni ne br\u00fblera m\u00eame lorsqu&#8217;il est enroul\u00e9 sur lui-m\u00eame (superpos\u00e9). Il peut \u00e9galement \u00eatre coup\u00e9 \u00e0 n&#8217;importe quelle longueur. C&#8217;est un c\u00e2ble de chauffage pratique, facile \u00e0 utiliser et \u00e9conome en \u00e9nergie.<\/span><\/span><\/span><\/p>\n","protected":false},"featured_media":999,"template":"","meta":[],"product_brand":[],"product_cat":[22],"product_tag":[155],"class_list":{"0":"post-993","1":"product","2":"type-product","3":"status-publish","4":"has-post-thumbnail","6":"product_cat-heating-cable","7":"product_tag-selfregulating-heating-cable","9":"first","10":"instock","11":"shipping-taxable","12":"product-type-simple"},"yoast_head":"<!-- This site is optimized with the Yoast SEO plugin v27.3 - https:\/\/yoast.com\/product\/yoast-seo-wordpress\/ -->\n<title>Fabricant de c\u00e2bles de chauffage autocontr\u00f4lants | Cheri-heater.com<\/title>\n<meta name=\"description\" content=\"C\u00e2bles de chauffage autocontr\u00f4lants de premier choix provenant du meilleur fabricant. Nos c\u00e2bles \u00e9co\u00e9nerg\u00e9tiques s&#039;ajustent aux variations de temp\u00e9rature, offrant un chauffage fiable et s\u00fbr pour diverses applications. Contactez-nous d\u00e8s aujourd&#039;hui pour des solutions de chauffage innovantes et \u00e9conomiques\" \/>\n<meta name=\"robots\" content=\"index, follow, max-snippet:-1, max-image-preview:large, max-video-preview:-1\" \/>\n<link rel=\"canonical\" href=\"https:\/\/cheri-heater.com\/fr\/product\/selfregulating-heating-cable\/\" \/>\n<meta property=\"og:locale\" content=\"en_US\" \/>\n<meta property=\"og:type\" content=\"article\" \/>\n<meta property=\"og:title\" content=\"Fabricant de c\u00e2bles de chauffage autocontr\u00f4lants | Cheri-heater.com\" \/>\n<meta property=\"og:description\" content=\"C\u00e2bles de chauffage autocontr\u00f4lants de premier choix provenant du meilleur fabricant. Nos c\u00e2bles \u00e9co\u00e9nerg\u00e9tiques s&#039;ajustent aux variations de temp\u00e9rature, offrant un chauffage fiable et s\u00fbr pour diverses applications. Contactez-nous d\u00e8s aujourd&#039;hui pour des solutions de chauffage innovantes et \u00e9conomiques\" \/>\n<meta property=\"og:url\" content=\"https:\/\/cheri-heater.com\/fr\/product\/selfregulating-heating-cable\/\" \/>\n<meta property=\"og:site_name\" content=\"Cheri Heater Technology Co.,Ltd.\" \/>\n<meta property=\"article:modified_time\" content=\"2024-07-28T22:41:15+00:00\" \/>\n<meta property=\"og:image\" content=\"https:\/\/cheri-heater.com\/fr\/wp-content\/uploads\/2024\/06\/O1CN01LBt59i1s6RB6asYTI_2215940465717-0-cib-1.jpg\" \/>\n\t<meta property=\"og:image:width\" content=\"800\" \/>\n\t<meta property=\"og:image:height\" content=\"800\" \/>\n\t<meta property=\"og:image:type\" content=\"image\/jpeg\" \/>\n<meta name=\"twitter:card\" content=\"summary_large_image\" \/>\n<meta name=\"twitter:label1\" content=\"Est. reading time\" \/>\n\t<meta name=\"twitter:data1\" content=\"4 minutes\" \/>\n<!-- \/ Yoast SEO plugin. -->","yoast_head_json":{"title":"Fabricant de c\u00e2bles de chauffage autocontr\u00f4lants | Cheri-heater.com","description":"C\u00e2bles de chauffage autocontr\u00f4lants de premier choix provenant du meilleur fabricant. Nos c\u00e2bles \u00e9co\u00e9nerg\u00e9tiques s'ajustent aux variations de temp\u00e9rature, offrant un chauffage fiable et s\u00fbr pour diverses applications. Contactez-nous d\u00e8s aujourd'hui pour des solutions de chauffage innovantes et \u00e9conomiques","robots":{"index":"index","follow":"follow","max-snippet":"max-snippet:-1","max-image-preview":"max-image-preview:large","max-video-preview":"max-video-preview:-1"},"canonical":"https:\/\/cheri-heater.com\/fr\/product\/selfregulating-heating-cable\/","og_locale":"en_US","og_type":"article","og_title":"Fabricant de c\u00e2bles de chauffage autocontr\u00f4lants | Cheri-heater.com","og_description":"C\u00e2bles de chauffage autocontr\u00f4lants de premier choix provenant du meilleur fabricant. Nos c\u00e2bles \u00e9co\u00e9nerg\u00e9tiques s'ajustent aux variations de temp\u00e9rature, offrant un chauffage fiable et s\u00fbr pour diverses applications. Contactez-nous d\u00e8s aujourd'hui pour des solutions de chauffage innovantes et \u00e9conomiques","og_url":"https:\/\/cheri-heater.com\/fr\/product\/selfregulating-heating-cable\/","og_site_name":"Cheri Heater Technology Co.,Ltd.","article_modified_time":"2024-07-28T22:41:15+00:00","og_image":[{"width":800,"height":800,"url":"https:\/\/cheri-heater.com\/fr\/wp-content\/uploads\/2024\/06\/O1CN01LBt59i1s6RB6asYTI_2215940465717-0-cib-1.jpg","type":"image\/jpeg"}],"twitter_card":"summary_large_image","twitter_misc":{"Est. reading time":"4 minutes"},"schema":{"@context":"https:\/\/schema.org","@graph":[{"@type":"WebPage","@id":"https:\/\/cheri-heater.com\/fr\/product\/selfregulating-heating-cable\/","url":"https:\/\/cheri-heater.com\/fr\/product\/selfregulating-heating-cable\/","name":"Fabricant de c\u00e2bles de chauffage autocontr\u00f4lants | Cheri-heater.com","isPartOf":{"@id":"https:\/\/cheri-heater.com\/fr\/#website"},"primaryImageOfPage":{"@id":"https:\/\/cheri-heater.com\/fr\/product\/selfregulating-heating-cable\/#primaryimage"},"image":{"@id":"https:\/\/cheri-heater.com\/fr\/product\/selfregulating-heating-cable\/#primaryimage"},"thumbnailUrl":"https:\/\/cheri-heater.com\/fr\/wp-content\/uploads\/2024\/06\/O1CN01LBt59i1s6RB6asYTI_2215940465717-0-cib-1.jpg","datePublished":"2024-06-04T18:20:12+00:00","dateModified":"2024-07-28T22:41:15+00:00","description":"C\u00e2bles de chauffage autocontr\u00f4lants de premier choix provenant du meilleur fabricant. Nos c\u00e2bles \u00e9co\u00e9nerg\u00e9tiques s'ajustent aux variations de temp\u00e9rature, offrant un chauffage fiable et s\u00fbr pour diverses applications. Contactez-nous d\u00e8s aujourd'hui pour des solutions de chauffage innovantes et \u00e9conomiques","breadcrumb":{"@id":"https:\/\/cheri-heater.com\/fr\/product\/selfregulating-heating-cable\/#breadcrumb"},"inLanguage":"en-US","potentialAction":[{"@type":"ReadAction","target":["https:\/\/cheri-heater.com\/fr\/product\/selfregulating-heating-cable\/"]}]},{"@type":"ImageObject","inLanguage":"en-US","@id":"https:\/\/cheri-heater.com\/fr\/product\/selfregulating-heating-cable\/#primaryimage","url":"https:\/\/cheri-heater.com\/fr\/wp-content\/uploads\/2024\/06\/O1CN01LBt59i1s6RB6asYTI_2215940465717-0-cib-1.jpg","contentUrl":"https:\/\/cheri-heater.com\/fr\/wp-content\/uploads\/2024\/06\/O1CN01LBt59i1s6RB6asYTI_2215940465717-0-cib-1.jpg","width":800,"height":800},{"@type":"BreadcrumbList","@id":"https:\/\/cheri-heater.com\/fr\/product\/selfregulating-heating-cable\/#breadcrumb","itemListElement":[{"@type":"ListItem","position":1,"name":"Home","item":"https:\/\/cheri-heater.com\/fr\/"},{"@type":"ListItem","position":2,"name":"Products","item":"https:\/\/cheri-heater.com\/fr\/products\/"},{"@type":"ListItem","position":3,"name":"c\u00e2ble de chauffage autocontr\u00f4lant"}]},{"@type":"WebSite","@id":"https:\/\/cheri-heater.com\/fr\/#website","url":"https:\/\/cheri-heater.com\/fr\/","name":"Cheri Heater Technology Co.,Ltd.","description":"","publisher":{"@id":"https:\/\/cheri-heater.com\/fr\/#organization"},"potentialAction":[{"@type":"SearchAction","target":{"@type":"EntryPoint","urlTemplate":"https:\/\/cheri-heater.com\/fr\/?s={search_term_string}"},"query-input":{"@type":"PropertyValueSpecification","valueRequired":true,"valueName":"search_term_string"}}],"inLanguage":"en-US"},{"@type":"Organization","@id":"https:\/\/cheri-heater.com\/fr\/#organization","name":"Cheri Heater Technology Co.,Ltd.","url":"https:\/\/cheri-heater.com\/fr\/","logo":{"@type":"ImageObject","inLanguage":"en-US","@id":"https:\/\/cheri-heater.com\/fr\/#\/schema\/logo\/image\/","url":"https:\/\/cheri-heater.com\/fr\/wp-content\/uploads\/2024\/06\/cropped-logo-resize.png","contentUrl":"https:\/\/cheri-heater.com\/fr\/wp-content\/uploads\/2024\/06\/cropped-logo-resize.png","width":346,"height":99,"caption":"Cheri Heater Technology Co.,Ltd."},"image":{"@id":"https:\/\/cheri-heater.com\/fr\/#\/schema\/logo\/image\/"}}]}},"_links":{"self":[{"href":"https:\/\/cheri-heater.com\/fr\/wp-json\/wp\/v2\/product\/993","targetHints":{"allow":["GET"]}}],"collection":[{"href":"https:\/\/cheri-heater.com\/fr\/wp-json\/wp\/v2\/product"}],"about":[{"href":"https:\/\/cheri-heater.com\/fr\/wp-json\/wp\/v2\/types\/product"}],"wp:featuredmedia":[{"embeddable":true,"href":"https:\/\/cheri-heater.com\/fr\/wp-json\/wp\/v2\/media\/999"}],"wp:attachment":[{"href":"https:\/\/cheri-heater.com\/fr\/wp-json\/wp\/v2\/media?parent=993"}],"wp:term":[{"taxonomy":"product_brand","embeddable":true,"href":"https:\/\/cheri-heater.com\/fr\/wp-json\/wp\/v2\/product_brand?post=993"},{"taxonomy":"product_cat","embeddable":true,"href":"https:\/\/cheri-heater.com\/fr\/wp-json\/wp\/v2\/product_cat?post=993"},{"taxonomy":"product_tag","embeddable":true,"href":"https:\/\/cheri-heater.com\/fr\/wp-json\/wp\/v2\/product_tag?post=993"}],"curies":[{"name":"wp","href":"https:\/\/api.w.org\/{rel}","templated":true}]}}