{"id":1792,"date":"2025-05-18T07:09:37","date_gmt":"2025-05-18T07:09:37","guid":{"rendered":"https:\/\/cheri-heater.com\/ru\/?post_type=product&#038;p=1792"},"modified":"2025-05-18T07:09:37","modified_gmt":"2025-05-18T07:09:37","slug":"%d0%b2%d0%be%d1%81%d0%bf%d0%bb%d0%b0%d0%bc%d0%b5%d0%bd%d0%b8%d1%82%d0%b5%d0%bb%d1%8c-%d0%b4%d0%bb%d1%8f-%d0%b3%d1%80%d0%b0%d0%bd%d1%83%d0%bb","status":"publish","type":"product","link":"https:\/\/cheri-heater.com\/ru\/product\/%d0%b2%d0%be%d1%81%d0%bf%d0%bb%d0%b0%d0%bc%d0%b5%d0%bd%d0%b8%d1%82%d0%b5%d0%bb%d1%8c-%d0%b4%d0%bb%d1%8f-%d0%b3%d1%80%d0%b0%d0%bd%d1%83%d0%bb\/","title":{"rendered":"\u0412\u043e\u0441\u043f\u043b\u0430\u043c\u0435\u043d\u0438\u0442\u0435\u043b\u044c \u0414\u043b\u044f \u0413\u0440\u0430\u043d\u0443\u043b"},"content":{"rendered":"","protected":false},"excerpt":{"rendered":"<h2><span>\u041b\u0443\u0447\u0448\u0438\u0435\u00a0<\/span><span>\u043f\u0440\u043e\u0438\u0437\u0432\u043e\u0434\u0438\u0442\u0435\u043b\u0438 \u043f\u0435\u043b\u043b\u0435\u0442\u043d\u044b\u0445 \u0432\u043e\u0441\u043f\u043b\u0430\u043c\u0435\u043d\u0438\u0442\u0435\u043b\u0435\u0439<\/span><\/h2>\n<p><span>\u0411\u0435\u0437\u043e\u043f\u0430\u0441\u043d\u044b\u0435, \u043d\u0430\u0434\u0435\u0436\u043d\u044b\u0435 \u0438 \u044d\u0444\u0444\u0435\u043a\u0442\u0438\u0432\u043d\u044b\u0435 \u043f\u0440\u043e\u0446\u0435\u0441\u0441\u044b \u0437\u0430\u0436\u0438\u0433\u0430\u043d\u0438\u044f \u0441 \u043f\u043e\u043c\u043e\u0449\u044c\u044e \u043f\u0435\u043b\u043b\u0435\u0442\u043d\u043e\u0439 \u0433\u043e\u0440\u0435\u043b\u043a\u0438 \u0433\u0430\u0440\u0430\u043d\u0442\u0438\u0440\u0443\u044e\u0442\u0441\u044f \u043f\u0435\u043b\u043b\u0435\u0442\u043d\u044b\u043c\u0438 \u0432\u043e\u0441\u043f\u043b\u0430\u043c\u0435\u043d\u0438\u0442\u0435\u043b\u044f\u043c\u0438 \u043f\u0440\u043e\u043c\u044b\u0448\u043b\u0435\u043d\u043d\u043e\u0433\u043e \u043a\u043b\u0430\u0441\u0441\u0430 \u043e\u0442 Cheri-heater. \u0412\u043d\u0443\u0442\u0440\u0438 \u043f\u0435\u043b\u043b\u0435\u0442\u043d\u043e\u0439 \u043a\u0430\u043c\u0435\u0440\u044b \u0441\u0433\u043e\u0440\u0430\u043d\u0438\u044f \u043d\u0430\u0448\u0438 \u0432\u043e\u0441\u043f\u043b\u0430\u043c\u0435\u043d\u0438\u0442\u0435\u043b\u0438 \u0438\u0437\u0433\u043e\u0442\u043e\u0432\u043b\u0435\u043d\u044b \u0438\u0437 \u0432\u044b\u0441\u043e\u043a\u043e\u043a\u0430\u0447\u0435\u0441\u0442\u0432\u0435\u043d\u043d\u044b\u0445 \u043c\u0430\u0442\u0435\u0440\u0438\u0430\u043b\u043e\u0432 \u0438 \u0441\u043a\u043e\u043d\u0441\u0442\u0440\u0443\u0438\u0440\u043e\u0432\u0430\u043d\u044b \u0442\u0430\u043a, \u0447\u0442\u043e\u0431\u044b \u0432\u044b\u0434\u0435\u0440\u0436\u0438\u0432\u0430\u0442\u044c \u0441\u0443\u0440\u043e\u0432\u044b\u0435 \u0443\u0441\u043b\u043e\u0432\u0438\u044f.<\/span><\/p>\n<p><span>\u041c\u044b \u043f\u0440\u0435\u0434\u043b\u0430\u0433\u0430\u0435\u043c \u043e\u0442\u043b\u0438\u0447\u043d\u044b\u0439 \u0441\u043f\u043e\u0441\u043e\u0431 \u0434\u043b\u044f \u043f\u0440\u043e\u043c\u044b\u0448\u043b\u0435\u043d\u043d\u044b\u0445 \u0440\u043e\u0437\u043d\u0438\u0447\u043d\u044b\u0445 \u0442\u043e\u0440\u0433\u043e\u0432\u0446\u0435\u0432 \u0445\u0440\u0430\u043d\u0438\u0442\u044c \u0438 \u0434\u0435\u043c\u043e\u043d\u0441\u0442\u0440\u0438\u0440\u043e\u0432\u0430\u0442\u044c \u0441\u0432\u043e\u044e \u043f\u0440\u043e\u0434\u0443\u043a\u0446\u0438\u044e. \u0412\u044b \u043c\u043e\u0436\u0435\u0442\u0435 \u043f\u0440\u043e\u0438\u0437\u0432\u043e\u0434\u0438\u0442\u044c \u0438 \u0443\u043b\u0443\u0447\u0448\u0430\u0442\u044c \u0441\u0432\u043e\u0438 \u043a\u043e\u043d\u0435\u0447\u043d\u044b\u0435 \u043f\u0440\u043e\u0434\u0443\u043a\u0442\u044b \u0441 \u043f\u043e\u043c\u043e\u0449\u044c\u044e \u043d\u0430\u0448\u0435\u0433\u043e Pellet Ignitor. \u0412\u044b \u043f\u043e\u043b\u0443\u0447\u0430\u0435\u0442\u0435 \u043b\u0443\u0447\u0448\u0443\u044e \u0442\u0435\u043f\u043b\u043e\u0432\u0443\u044e \u0437\u0430\u0449\u0438\u0442\u0443 \u0438 \u044d\u0444\u0444\u0435\u043a\u0442\u0438\u0432\u043d\u044b\u0439 \u0438\u043d\u0441\u0442\u0440\u0443\u043c\u0435\u043d\u0442 \u0434\u043b\u044f \u043e\u0431\u0435\u0441\u043f\u0435\u0447\u0435\u043d\u0438\u044f \u0442\u0435\u043f\u043b\u0430 \u0434\u043b\u044f \u0437\u0430\u0442\u0432\u0435\u0440\u0434\u0435\u0432\u0430\u043d\u0438\u044f \u0432\u0430\u0448\u0438\u0445 \u043f\u0440\u043e\u0434\u0443\u043a\u0442\u043e\u0432.\u00a0<\/span><\/p>\n<h3><span>\u041a\u0430\u0447\u0435\u0441\u0442\u0432\u0430 \u0438 \u043f\u0440\u0435\u0438\u043c\u0443\u0449\u0435\u0441\u0442\u0432\u0430:<\/span><\/h3>\n<ul>\n<li aria-level=\"2\"><span>\u0411\u044b\u0441\u0442\u0440\u043e\u0435 \u0438 \u043d\u0430\u0434\u0435\u0436\u043d\u043e\u0435 \u0437\u0430\u0436\u0438\u0433\u0430\u043d\u0438\u0435: \u043f\u0435\u043b\u043b\u0435\u0442\u043d\u043e\u0435 \u0442\u043e\u043f\u043b\u0438\u0432\u043e \u0432\u043e\u0441\u043f\u043b\u0430\u043c\u0435\u043d\u044f\u0435\u0442\u0441\u044f \u0431\u044b\u0441\u0442\u0440\u043e \u0438 \u0441\u0442\u0430\u0431\u0438\u043b\u044c\u043d\u043e.<\/span><\/li>\n<\/ul>\n<ul>\n<li aria-level=\"2\"><span>\u0423\u0432\u0435\u043b\u0438\u0447\u0435\u043d\u043d\u044b\u0439 \u0441\u0440\u043e\u043a \u0441\u043b\u0443\u0436\u0431\u044b: \u0441\u043f\u043e\u0441\u043e\u0431\u043d\u043e\u0441\u0442\u044c \u0432\u044b\u0434\u0435\u0440\u0436\u0438\u0432\u0430\u0442\u044c \u0432\u044b\u0441\u043e\u043a\u0438\u0435 \u0442\u0435\u043c\u043f\u0435\u0440\u0430\u0442\u0443\u0440\u044b.<\/span><\/li>\n<\/ul>\n<ul>\n<li aria-level=\"2\"><span>\u041f\u0440\u043e\u0441\u0442\u0430\u044f \u043a\u043e\u043d\u0441\u0442\u0440\u0443\u043a\u0446\u0438\u044f \u043f\u043e\u0437\u0432\u043e\u043b\u044f\u0435\u0442 \u043b\u0435\u0433\u043a\u043e \u0438\u043d\u0442\u0435\u0433\u0440\u0438\u0440\u043e\u0432\u0430\u0442\u044c \u0435\u0435 \u0432 \u0443\u0436\u0435 \u0441\u0443\u0449\u0435\u0441\u0442\u0432\u0443\u044e\u0449\u0438\u0435 \u0441\u0438\u0441\u0442\u0435\u043c\u044b \u0433\u043e\u0440\u0435\u043b\u043e\u043a, \u0447\u0442\u043e \u0443\u043f\u0440\u043e\u0449\u0430\u0435\u0442 \u0443\u0441\u0442\u0430\u043d\u043e\u0432\u043a\u0443.<\/span><\/li>\n<\/ul>\n<ul>\n<li aria-level=\"2\"><span>\u0420\u0430\u0437\u043d\u043e\u043e\u0431\u0440\u0430\u0437\u0438\u0435 \u043e\u043f\u0446\u0438\u0439: \u043c\u043e\u0449\u043d\u043e\u0441\u0442\u044c \u0438 \u0440\u0430\u0437\u043c\u0435\u0440\u044b \u0433\u043e\u0440\u0435\u043b\u043a\u0438 \u0434\u043b\u044f \u043f\u0435\u043b\u043b\u0435\u0442, \u0441\u043e\u043e\u0442\u0432\u0435\u0442\u0441\u0442\u0432\u0443\u044e\u0449\u0438\u0435 \u0432\u0430\u0448\u0438\u043c \u0443\u043d\u0438\u043a\u0430\u043b\u044c\u043d\u044b\u043c \u043f\u043e\u0442\u0440\u0435\u0431\u043d\u043e\u0441\u0442\u044f\u043c.<\/span><\/li>\n<\/ul>\n<h3><span>\u041f\u0440\u0438\u043c\u0435\u043d\u0435\u043d\u0438\u0435 \u043d\u0430\u0448\u0435\u0433\u043e \u043f\u0435\u043b\u043b\u0435\u0442\u043d\u043e\u0433\u043e \u0432\u043e\u0441\u043f\u043b\u0430\u043c\u0435\u043d\u0438\u0442\u0435\u043b\u044f<\/span><\/h3>\n<ul>\n<li aria-level=\"1\"><span>\u041a\u043e\u0442\u043b\u044b \u043d\u0430 \u0434\u0440\u0435\u0432\u0435\u0441\u043d\u044b\u0445 \u0433\u0440\u0430\u043d\u0443\u043b\u0430\u0445<\/span><\/li>\n<li aria-level=\"1\"><span>\u041f\u0440\u043e\u043c\u044b\u0448\u043b\u0435\u043d\u043d\u044b\u0435 \u043f\u0435\u0447\u0438 \u0434\u043b\u044f \u043f\u0435\u043b\u043b\u0435\u0442<\/span><\/li>\n<li aria-level=\"1\"><span>\u0423\u0441\u0442\u0430\u043d\u043e\u0432\u043a\u0438 \u0434\u043b\u044f \u0441\u0436\u0438\u0433\u0430\u043d\u0438\u044f \u043f\u0435\u043b\u043b\u0435\u0442 \u0438\u0437 \u0431\u0438\u043e\u043c\u0430\u0441\u0441\u044b<\/span><\/li>\n<li aria-level=\"1\"><span>\u041f\u0435\u043b\u043b\u0435\u0442\u043d\u044b\u0435 \u043a\u0430\u043c\u0438\u043d\u043d\u044b\u0435 \u0442\u043e\u043f\u043a\u0438 \u0438 \u043f\u0435\u0447\u0438<\/span><\/li>\n<\/ul>\n<p><span>\u0427\u0430\u0441\u0442\u043e \u043a\u043b\u0438\u0435\u043d\u0442\u044b \u0438\u0441\u043f\u044b\u0442\u044b\u0432\u0430\u044e\u0442 \u0442\u0440\u0443\u0434\u043d\u043e\u0441\u0442\u0438 \u0441 \u043f\u043e\u043d\u0438\u043c\u0430\u043d\u0438\u0435\u043c \u0432\u043e\u0437\u043c\u043e\u0436\u043d\u043e\u0441\u0442\u0435\u0439, \u043a\u043e\u0442\u043e\u0440\u044b\u0435 \u0438\u043c \u0431\u0443\u0434\u0443\u0442 \u043f\u0440\u0435\u0434\u043e\u0441\u0442\u0430\u0432\u043b\u0435\u043d\u044b, \u0438\u043b\u0438 \u043b\u044e\u0431\u043e\u0433\u043e \u0432\u043e\u043f\u0440\u043e\u0441\u0430 \u043e\u0442\u043d\u043e\u0441\u0438\u0442\u0435\u043b\u044c\u043d\u043e \u043a\u043e\u043d\u043a\u0440\u0435\u0442\u043d\u043e\u0439 \u0444\u0443\u043d\u043a\u0446\u0438\u0438 \u043c\u0430\u0448\u0438\u043d\u044b, \u043a\u043e\u0442\u043e\u0440\u044b\u0439 \u043c\u043e\u0436\u0435\u0442 \u043f\u0440\u0438\u0439\u0442\u0438 \u0438\u043c \u0432 \u0433\u043e\u043b\u043e\u0432\u0443. \u0412 \u0442\u0430\u043a\u0438\u0445 \u0441\u043b\u0443\u0447\u0430\u044f\u0445 \u043a\u043b\u0438\u0435\u043d\u0442 \u043c\u043e\u0436\u0435\u0442 \u0441\u0432\u044f\u0437\u0430\u0442\u044c\u0441\u044f \u0441 \u043d\u0430\u0448\u0438\u043c\u0438 \u0441\u043e\u0442\u0440\u0443\u0434\u043d\u0438\u043a\u0430\u043c\u0438 \u0441\u043b\u0443\u0436\u0431\u044b \u043f\u043e\u0434\u0434\u0435\u0440\u0436\u043a\u0438 \u043a\u043b\u0438\u0435\u043d\u0442\u043e\u0432.<\/span><\/p>\n<p><span>\u0412 \u043f\u0440\u0438\u043b\u043e\u0436\u0435\u043d\u0438\u044f\u0445, \u0432\u043a\u043b\u044e\u0447\u0430\u044e\u0449\u0438\u0445 \u0441\u0436\u0438\u0433\u0430\u043d\u0438\u0435 \u043f\u0435\u043b\u043b\u0435\u0442, \u0432\u043e\u0441\u043f\u043b\u0430\u043c\u0435\u043d\u0438\u0442\u0435\u043b\u0438 \u043f\u0435\u043b\u043b\u0435\u0442 Cheri-Heater \u043f\u043e\u043c\u043e\u0433\u0430\u044e\u0442 \u0441\u043e\u0437\u0434\u0430\u0442\u044c \u0431\u043e\u043b\u0435\u0435 \u044d\u0444\u0444\u0435\u043a\u0442\u0438\u0432\u043d\u044b\u0439 \u0438 \u0447\u0438\u0441\u0442\u044b\u0439 \u043f\u0440\u043e\u0446\u0435\u0441\u0441 \u0441\u0436\u0438\u0433\u0430\u043d\u0438\u044f. \u0421\u0432\u044f\u0436\u0438\u0442\u0435\u0441\u044c \u0441 \u043d\u0430\u043c\u0438 \u043f\u0440\u044f\u043c\u043e \u0441\u0435\u0439\u0447\u0430\u0441, \u0447\u0442\u043e\u0431\u044b \u0443\u0437\u043d\u0430\u0442\u044c \u0431\u043e\u043b\u044c\u0448\u0435 \u043e \u0442\u043e\u043c, \u043a\u0430\u043a \u043d\u0430\u0448\u0438 \u0432\u043e\u0441\u043f\u043b\u0430\u043c\u0435\u043d\u0438\u0442\u0435\u043b\u0438 \u043c\u043e\u0433\u0443\u0442 \u0443\u043b\u0443\u0447\u0448\u0438\u0442\u044c \u043f\u0440\u043e\u0438\u0437\u0432\u043e\u0434\u0438\u0442\u0435\u043b\u044c\u043d\u043e\u0441\u0442\u044c \u0432\u0430\u0448\u0435\u0439 \u0433\u043e\u0440\u0435\u043b\u043a\u0438 \u0434\u043b\u044f \u043f\u0435\u043b\u043b\u0435\u0442.<\/span><\/p>\n","protected":false},"featured_media":1793,"template":"","meta":[],"product_brand":[],"product_cat":[21],"product_tag":[196],"class_list":{"0":"post-1792","1":"product","2":"type-product","3":"status-publish","4":"has-post-thumbnail","6":"product_cat-cartridge-heater","7":"product_tag-196","9":"first","10":"instock","11":"shipping-taxable","12":"product-type-simple"},"yoast_head":"<!-- This site is optimized with the Yoast SEO plugin v27.4 - https:\/\/yoast.com\/product\/yoast-seo-wordpress\/ -->\n<title>Fabricants fiables d&#039;allumeurs \u00e0 pellets en Chine | Cheri-heater.com<\/title>\n<meta name=\"description\" content=\"Trouvez les meilleurs fabricants d&#039;allumeurs \u00e0 granul\u00e9s pour des solutions d&#039;allumage fiables et performantes. Id\u00e9al pour un chauffage efficace. D\u00e9couvrez d\u00e8s maintenant des produits de qualit\u00e9 et des marques de confiance\u00a0!\" \/>\n<meta name=\"robots\" content=\"index, follow, max-snippet:-1, max-image-preview:large, max-video-preview:-1\" \/>\n<link rel=\"canonical\" href=\"https:\/\/cheri-heater.com\/ru\/product\/\u0432\u043e\u0441\u043f\u043b\u0430\u043c\u0435\u043d\u0438\u0442\u0435\u043b\u044c-\u0434\u043b\u044f-\u0433\u0440\u0430\u043d\u0443\u043b\/\" \/>\n<meta property=\"og:locale\" content=\"en_US\" \/>\n<meta property=\"og:type\" content=\"article\" \/>\n<meta property=\"og:title\" content=\"Fabricants fiables d&#039;allumeurs \u00e0 pellets en Chine | Cheri-heater.com\" \/>\n<meta property=\"og:description\" content=\"Trouvez les meilleurs fabricants d&#039;allumeurs \u00e0 granul\u00e9s pour des solutions d&#039;allumage fiables et performantes. Id\u00e9al pour un chauffage efficace. D\u00e9couvrez d\u00e8s maintenant des produits de qualit\u00e9 et des marques de confiance\u00a0!\" \/>\n<meta property=\"og:url\" content=\"https:\/\/cheri-heater.com\/ru\/product\/\u0432\u043e\u0441\u043f\u043b\u0430\u043c\u0435\u043d\u0438\u0442\u0435\u043b\u044c-\u0434\u043b\u044f-\u0433\u0440\u0430\u043d\u0443\u043b\/\" \/>\n<meta property=\"og:site_name\" content=\"Cheri Heater Technology Co.,Ltd.\" \/>\n<meta property=\"og:image\" content=\"https:\/\/cheri-heater.com\/ru\/wp-content\/uploads\/2025\/05\/Cheri-Electrothermal-Equipment-Limited-Company-2.jpg\" \/>\n\t<meta property=\"og:image:width\" content=\"1920\" \/>\n\t<meta property=\"og:image:height\" content=\"1685\" \/>\n\t<meta property=\"og:image:type\" content=\"image\/jpeg\" \/>\n<meta name=\"twitter:card\" content=\"summary_large_image\" \/>\n<meta name=\"twitter:label1\" content=\"Est. reading time\" \/>\n\t<meta name=\"twitter:data1\" content=\"1 minute\" \/>\n<!-- \/ Yoast SEO plugin. -->","yoast_head_json":{"title":"Fabricants fiables d'allumeurs \u00e0 pellets en Chine | Cheri-heater.com","description":"Trouvez les meilleurs fabricants d'allumeurs \u00e0 granul\u00e9s pour des solutions d'allumage fiables et performantes. Id\u00e9al pour un chauffage efficace. D\u00e9couvrez d\u00e8s maintenant des produits de qualit\u00e9 et des marques de confiance\u00a0!","robots":{"index":"index","follow":"follow","max-snippet":"max-snippet:-1","max-image-preview":"max-image-preview:large","max-video-preview":"max-video-preview:-1"},"canonical":"https:\/\/cheri-heater.com\/ru\/product\/\u0432\u043e\u0441\u043f\u043b\u0430\u043c\u0435\u043d\u0438\u0442\u0435\u043b\u044c-\u0434\u043b\u044f-\u0433\u0440\u0430\u043d\u0443\u043b\/","og_locale":"en_US","og_type":"article","og_title":"Fabricants fiables d'allumeurs \u00e0 pellets en Chine | Cheri-heater.com","og_description":"Trouvez les meilleurs fabricants d'allumeurs \u00e0 granul\u00e9s pour des solutions d'allumage fiables et performantes. Id\u00e9al pour un chauffage efficace. D\u00e9couvrez d\u00e8s maintenant des produits de qualit\u00e9 et des marques de confiance\u00a0!","og_url":"https:\/\/cheri-heater.com\/ru\/product\/\u0432\u043e\u0441\u043f\u043b\u0430\u043c\u0435\u043d\u0438\u0442\u0435\u043b\u044c-\u0434\u043b\u044f-\u0433\u0440\u0430\u043d\u0443\u043b\/","og_site_name":"Cheri Heater Technology Co.,Ltd.","og_image":[{"width":1920,"height":1685,"url":"https:\/\/cheri-heater.com\/ru\/wp-content\/uploads\/2025\/05\/Cheri-Electrothermal-Equipment-Limited-Company-2.jpg","type":"image\/jpeg"}],"twitter_card":"summary_large_image","twitter_misc":{"Est. reading time":"1 minute"},"schema":{"@context":"https:\/\/schema.org","@graph":[{"@type":"WebPage","@id":"https:\/\/cheri-heater.com\/ru\/product\/%d0%b2%d0%be%d1%81%d0%bf%d0%bb%d0%b0%d0%bc%d0%b5%d0%bd%d0%b8%d1%82%d0%b5%d0%bb%d1%8c-%d0%b4%d0%bb%d1%8f-%d0%b3%d1%80%d0%b0%d0%bd%d1%83%d0%bb\/","url":"https:\/\/cheri-heater.com\/ru\/product\/%d0%b2%d0%be%d1%81%d0%bf%d0%bb%d0%b0%d0%bc%d0%b5%d0%bd%d0%b8%d1%82%d0%b5%d0%bb%d1%8c-%d0%b4%d0%bb%d1%8f-%d0%b3%d1%80%d0%b0%d0%bd%d1%83%d0%bb\/","name":"Fabricants fiables d'allumeurs \u00e0 pellets en Chine | Cheri-heater.com","isPartOf":{"@id":"https:\/\/cheri-heater.com\/ru\/#website"},"primaryImageOfPage":{"@id":"https:\/\/cheri-heater.com\/ru\/product\/%d0%b2%d0%be%d1%81%d0%bf%d0%bb%d0%b0%d0%bc%d0%b5%d0%bd%d0%b8%d1%82%d0%b5%d0%bb%d1%8c-%d0%b4%d0%bb%d1%8f-%d0%b3%d1%80%d0%b0%d0%bd%d1%83%d0%bb\/#primaryimage"},"image":{"@id":"https:\/\/cheri-heater.com\/ru\/product\/%d0%b2%d0%be%d1%81%d0%bf%d0%bb%d0%b0%d0%bc%d0%b5%d0%bd%d0%b8%d1%82%d0%b5%d0%bb%d1%8c-%d0%b4%d0%bb%d1%8f-%d0%b3%d1%80%d0%b0%d0%bd%d1%83%d0%bb\/#primaryimage"},"thumbnailUrl":"https:\/\/cheri-heater.com\/ru\/wp-content\/uploads\/2025\/05\/Cheri-Electrothermal-Equipment-Limited-Company-2.jpg","datePublished":"2025-05-18T07:09:37+00:00","description":"Trouvez les meilleurs fabricants d'allumeurs \u00e0 granul\u00e9s pour des solutions d'allumage fiables et performantes. Id\u00e9al pour un chauffage efficace. D\u00e9couvrez d\u00e8s maintenant des produits de qualit\u00e9 et des marques de confiance\u00a0!","breadcrumb":{"@id":"https:\/\/cheri-heater.com\/ru\/product\/%d0%b2%d0%be%d1%81%d0%bf%d0%bb%d0%b0%d0%bc%d0%b5%d0%bd%d0%b8%d1%82%d0%b5%d0%bb%d1%8c-%d0%b4%d0%bb%d1%8f-%d0%b3%d1%80%d0%b0%d0%bd%d1%83%d0%bb\/#breadcrumb"},"inLanguage":"en-US","potentialAction":[{"@type":"ReadAction","target":["https:\/\/cheri-heater.com\/ru\/product\/%d0%b2%d0%be%d1%81%d0%bf%d0%bb%d0%b0%d0%bc%d0%b5%d0%bd%d0%b8%d1%82%d0%b5%d0%bb%d1%8c-%d0%b4%d0%bb%d1%8f-%d0%b3%d1%80%d0%b0%d0%bd%d1%83%d0%bb\/"]}]},{"@type":"ImageObject","inLanguage":"en-US","@id":"https:\/\/cheri-heater.com\/ru\/product\/%d0%b2%d0%be%d1%81%d0%bf%d0%bb%d0%b0%d0%bc%d0%b5%d0%bd%d0%b8%d1%82%d0%b5%d0%bb%d1%8c-%d0%b4%d0%bb%d1%8f-%d0%b3%d1%80%d0%b0%d0%bd%d1%83%d0%bb\/#primaryimage","url":"https:\/\/cheri-heater.com\/ru\/wp-content\/uploads\/2025\/05\/Cheri-Electrothermal-Equipment-Limited-Company-2.jpg","contentUrl":"https:\/\/cheri-heater.com\/ru\/wp-content\/uploads\/2025\/05\/Cheri-Electrothermal-Equipment-Limited-Company-2.jpg","width":1920,"height":1685,"caption":"\u0412\u043e\u0441\u043f\u043b\u0430\u043c\u0435\u043d\u0438\u0442\u0435\u043b\u044c \u0414\u043b\u044f \u0413\u0440\u0430\u043d\u0443\u043b"},{"@type":"BreadcrumbList","@id":"https:\/\/cheri-heater.com\/ru\/product\/%d0%b2%d0%be%d1%81%d0%bf%d0%bb%d0%b0%d0%bc%d0%b5%d0%bd%d0%b8%d1%82%d0%b5%d0%bb%d1%8c-%d0%b4%d0%bb%d1%8f-%d0%b3%d1%80%d0%b0%d0%bd%d1%83%d0%bb\/#breadcrumb","itemListElement":[{"@type":"ListItem","position":1,"name":"Home","item":"https:\/\/cheri-heater.com\/ru\/"},{"@type":"ListItem","position":2,"name":"Products","item":"https:\/\/cheri-heater.com\/ru\/products\/"},{"@type":"ListItem","position":3,"name":"\u0412\u043e\u0441\u043f\u043b\u0430\u043c\u0435\u043d\u0438\u0442\u0435\u043b\u044c \u0414\u043b\u044f \u0413\u0440\u0430\u043d\u0443\u043b"}]},{"@type":"WebSite","@id":"https:\/\/cheri-heater.com\/ru\/#website","url":"https:\/\/cheri-heater.com\/ru\/","name":"Cheri Heater Technology Co.,Ltd.","description":"","publisher":{"@id":"https:\/\/cheri-heater.com\/ru\/#organization"},"potentialAction":[{"@type":"SearchAction","target":{"@type":"EntryPoint","urlTemplate":"https:\/\/cheri-heater.com\/ru\/?s={search_term_string}"},"query-input":{"@type":"PropertyValueSpecification","valueRequired":true,"valueName":"search_term_string"}}],"inLanguage":"en-US"},{"@type":"Organization","@id":"https:\/\/cheri-heater.com\/ru\/#organization","name":"Cheri Heater Technology Co.,Ltd.","url":"https:\/\/cheri-heater.com\/ru\/","logo":{"@type":"ImageObject","inLanguage":"en-US","@id":"https:\/\/cheri-heater.com\/ru\/#\/schema\/logo\/image\/","url":"https:\/\/cheri-heater.com\/ru\/wp-content\/uploads\/2024\/06\/cropped-logo-resize.png","contentUrl":"https:\/\/cheri-heater.com\/ru\/wp-content\/uploads\/2024\/06\/cropped-logo-resize.png","width":346,"height":99,"caption":"Cheri Heater Technology Co.,Ltd."},"image":{"@id":"https:\/\/cheri-heater.com\/ru\/#\/schema\/logo\/image\/"}}]}},"_links":{"self":[{"href":"https:\/\/cheri-heater.com\/ru\/wp-json\/wp\/v2\/product\/1792","targetHints":{"allow":["GET"]}}],"collection":[{"href":"https:\/\/cheri-heater.com\/ru\/wp-json\/wp\/v2\/product"}],"about":[{"href":"https:\/\/cheri-heater.com\/ru\/wp-json\/wp\/v2\/types\/product"}],"wp:featuredmedia":[{"embeddable":true,"href":"https:\/\/cheri-heater.com\/ru\/wp-json\/wp\/v2\/media\/1793"}],"wp:attachment":[{"href":"https:\/\/cheri-heater.com\/ru\/wp-json\/wp\/v2\/media?parent=1792"}],"wp:term":[{"taxonomy":"product_brand","embeddable":true,"href":"https:\/\/cheri-heater.com\/ru\/wp-json\/wp\/v2\/product_brand?post=1792"},{"taxonomy":"product_cat","embeddable":true,"href":"https:\/\/cheri-heater.com\/ru\/wp-json\/wp\/v2\/product_cat?post=1792"},{"taxonomy":"product_tag","embeddable":true,"href":"https:\/\/cheri-heater.com\/ru\/wp-json\/wp\/v2\/product_tag?post=1792"}],"curies":[{"name":"wp","href":"https:\/\/api.w.org\/{rel}","templated":true}]}}