{"id":1808,"date":"2025-05-18T07:41:09","date_gmt":"2025-05-18T07:41:09","guid":{"rendered":"https:\/\/cheri-heater.com\/ru\/?post_type=product&#038;p=1808"},"modified":"2025-05-18T07:41:09","modified_gmt":"2025-05-18T07:41:09","slug":"%d1%82%d1%80%d1%83%d0%b1%d1%87%d0%b0%d1%82%d1%8b%d0%b9-%d0%bd%d0%b0%d0%b3%d1%80%d0%b5%d0%b2%d0%b0%d1%82%d0%b5%d0%bb%d1%8c-%d1%81-%d1%84%d0%bb%d0%b0%d0%bd%d1%86%d0%b5%d0%bc-2-%d0%b4%d1%8e%d0%b9%d0%bc","status":"publish","type":"product","link":"https:\/\/cheri-heater.com\/ru\/product\/%d1%82%d1%80%d1%83%d0%b1%d1%87%d0%b0%d1%82%d1%8b%d0%b9-%d0%bd%d0%b0%d0%b3%d1%80%d0%b5%d0%b2%d0%b0%d1%82%d0%b5%d0%bb%d1%8c-%d1%81-%d1%84%d0%bb%d0%b0%d0%bd%d1%86%d0%b5%d0%bc-2-%d0%b4%d1%8e%d0%b9%d0%bc\/","title":{"rendered":"\u0422\u0440\u0443\u0431\u0447\u0430\u0442\u044b\u0439 \u041d\u0430\u0433\u0440\u0435\u0432\u0430\u0442\u0435\u043b\u044c \u0421 \u0424\u043b\u0430\u043d\u0446\u0435\u043c 2 \u0414\u044e\u0439\u043c\u0430"},"content":{"rendered":"","protected":false},"excerpt":{"rendered":"<h2><span>\u0422\u0440\u0443\u0431\u0447\u0430\u0442\u044b\u0439 \u043d\u0430\u0433\u0440\u0435\u0432\u0430\u0442\u0435\u043b\u044c \u0441 \u0444\u043b\u0430\u043d\u0446\u0435\u043c 2 \u0434\u044e\u0439\u043c\u0430<\/span><\/h2>\n<p><span>\u0412\u00a0<\/span><strong><span>Cheri Heater<\/span><\/strong><span>\u00a0\u043c\u044b \u043f\u0440\u0435\u0434\u043b\u0430\u0433\u0430\u0435\u043c \u0432\u044b\u0441\u043e\u043a\u043e\u043a\u0430\u0447\u0435\u0441\u0442\u0432\u0435\u043d\u043d\u044b\u0435 \u0440\u0435\u0448\u0435\u043d\u0438\u044f \u0434\u043b\u044f \u043e\u0442\u043e\u043f\u043b\u0435\u043d\u0438\u044f, \u0440\u0430\u0437\u0440\u0430\u0431\u043e\u0442\u0430\u043d\u043d\u044b\u0435 \u0441 \u0443\u0447\u0435\u0442\u043e\u043c \u043f\u043e\u0442\u0440\u0435\u0431\u043d\u043e\u0441\u0442\u0435\u0439 \u0440\u0430\u0437\u043b\u0438\u0447\u043d\u044b\u0445 \u043e\u0442\u0440\u0430\u0441\u043b\u0435\u0439 \u043f\u0440\u043e\u043c\u044b\u0448\u043b\u0435\u043d\u043d\u043e\u0441\u0442\u0438. \u041d\u0430\u0448\u00a0<\/span><strong><span>2-\u0434\u044e\u0439\u043c\u043e\u0432\u044b\u0439 \u0444\u043b\u0430\u043d\u0446\u0435\u0432\u044b\u0439 \u0442\u0440\u0443\u0431\u0447\u0430\u0442\u044b\u0439 \u043d\u0430\u0433\u0440\u0435\u0432\u0430\u0442\u0435\u043b\u044c<\/span><\/strong><span>\u00a0\u0440\u0430\u0437\u0440\u0430\u0431\u043e\u0442\u0430\u043d \u0434\u043b\u044f \u044d\u0444\u0444\u0435\u043a\u0442\u0438\u0432\u043d\u043e\u0441\u0442\u0438, \u0434\u043e\u043b\u0433\u043e\u0432\u0435\u0447\u043d\u043e\u0441\u0442\u0438 \u0438 \u043f\u0440\u043e\u0441\u0442\u043e\u0442\u044b \u0443\u0441\u0442\u0430\u043d\u043e\u0432\u043a\u0438, \u0447\u0442\u043e \u0434\u0435\u043b\u0430\u0435\u0442 \u0435\u0433\u043e \u043d\u0430\u0434\u0435\u0436\u043d\u044b\u043c \u0432\u044b\u0431\u043e\u0440\u043e\u043c \u0434\u043b\u044f \u0432\u0430\u0448\u0438\u0445 \u043f\u043e\u0442\u0440\u0435\u0431\u043d\u043e\u0441\u0442\u0435\u0439 \u0432 \u043e\u0442\u043e\u043f\u043b\u0435\u043d\u0438\u0438.<\/span><\/p>\n<p><span>\u042d\u0442\u043e\u0442 \u0442\u0440\u0443\u0431\u0447\u0430\u0442\u044b\u0439 \u043d\u0430\u0433\u0440\u0435\u0432\u0430\u0442\u0435\u043b\u044c \u0438\u043c\u0435\u0435\u0442 \u043f\u0440\u043e\u0447\u043d\u0443\u044e \u043a\u043e\u043d\u0441\u0442\u0440\u0443\u043a\u0446\u0438\u044e \u0444\u043b\u0430\u043d\u0446\u0430 2 \u0434\u044e\u0439\u043c\u0430, \u043e\u0431\u0435\u0441\u043f\u0435\u0447\u0438\u0432\u0430\u044e\u0449\u0443\u044e \u043d\u0430\u0434\u0435\u0436\u043d\u0443\u044e \u043f\u043e\u0441\u0430\u0434\u043a\u0443 \u0434\u043b\u044f \u043f\u0440\u043e\u043c\u044b\u0448\u043b\u0435\u043d\u043d\u044b\u0445 \u043f\u0440\u0438\u043c\u0435\u043d\u0435\u043d\u0438\u0439, \u0442\u0440\u0435\u0431\u0443\u044e\u0449\u0438\u0445 \u0442\u043e\u0447\u043d\u043e\u0433\u043e \u0440\u0430\u0441\u043f\u0440\u0435\u0434\u0435\u043b\u0435\u043d\u0438\u044f \u0442\u0435\u043f\u043b\u0430. \u0418\u0437\u0433\u043e\u0442\u043e\u0432\u043b\u0435\u043d\u043d\u044b\u0439 \u0438\u0437 \u0432\u044b\u0441\u043e\u043a\u043e\u043a\u0430\u0447\u0435\u0441\u0442\u0432\u0435\u043d\u043d\u044b\u0445 \u043c\u0430\u0442\u0435\u0440\u0438\u0430\u043b\u043e\u0432, \u043e\u043d \u043e\u0431\u0435\u0441\u043f\u0435\u0447\u0438\u0432\u0430\u0435\u0442 \u043f\u043e\u0441\u0442\u043e\u044f\u043d\u043d\u0443\u044e \u043f\u0440\u043e\u0438\u0437\u0432\u043e\u0434\u0438\u0442\u0435\u043b\u044c\u043d\u043e\u0441\u0442\u044c \u0434\u0430\u0436\u0435 \u0432 \u0441\u0443\u0440\u043e\u0432\u044b\u0445 \u0443\u0441\u043b\u043e\u0432\u0438\u044f\u0445. \u0415\u0433\u043e \u0443\u043d\u0438\u0432\u0435\u0440\u0441\u0430\u043b\u044c\u043d\u043e\u0441\u0442\u044c \u0434\u0435\u043b\u0430\u0435\u0442 \u0435\u0433\u043e \u0438\u0434\u0435\u0430\u043b\u044c\u043d\u044b\u043c \u0434\u043b\u044f \u0438\u0441\u043f\u043e\u043b\u044c\u0437\u043e\u0432\u0430\u043d\u0438\u044f \u0432 \u0445\u0438\u043c\u0438\u0447\u0435\u0441\u043a\u043e\u0439 \u043e\u0431\u0440\u0430\u0431\u043e\u0442\u043a\u0435, \u043e\u0431\u043e\u0440\u0443\u0434\u043e\u0432\u0430\u043d\u0438\u0438 \u0434\u043b\u044f \u043f\u0440\u043e\u0438\u0437\u0432\u043e\u0434\u0441\u0442\u0432\u0430 \u043f\u0440\u043e\u0434\u0443\u043a\u0442\u043e\u0432 \u043f\u0438\u0442\u0430\u043d\u0438\u044f \u0438 \u043d\u0430\u043f\u0438\u0442\u043a\u043e\u0432, \u043d\u0430\u0433\u0440\u0435\u0432\u0430 \u0432\u043e\u0434\u044b \u0438 \u0434\u0440\u0443\u0433\u0438\u0445 \u043f\u0440\u043e\u043c\u044b\u0448\u043b\u0435\u043d\u043d\u044b\u0445 \u0441\u0438\u0441\u0442\u0435\u043c\u0430\u0445.<\/span><\/p>\n<p><span>\u0422\u0440\u0443\u0431\u0447\u0430\u0442\u044b\u0439\u00a0<\/span><strong><span>\u043d\u0430\u0433\u0440\u0435\u0432\u0430\u0442\u0435\u043b\u044c \u0441 \u0444\u043b\u0430\u043d\u0446\u0435\u043c 2 \u0434\u044e\u0439\u043c\u0430<\/span><\/strong><span>\u00a0\u043d\u0430\u0441\u0442\u0440\u0430\u0438\u0432\u0430\u0435\u0442\u0441\u044f \u0432 \u0441\u043e\u043e\u0442\u0432\u0435\u0442\u0441\u0442\u0432\u0438\u0438 \u0441 \u043a\u043e\u043d\u043a\u0440\u0435\u0442\u043d\u044b\u043c\u0438 \u044d\u043a\u0441\u043f\u043b\u0443\u0430\u0442\u0430\u0446\u0438\u043e\u043d\u043d\u044b\u043c\u0438 \u0442\u0440\u0435\u0431\u043e\u0432\u0430\u043d\u0438\u044f\u043c\u0438. \u0415\u0441\u043b\u0438 \u0432\u0430\u043c \u043d\u0443\u0436\u043d\u0430 \u0440\u0435\u0433\u0443\u043b\u0438\u0440\u043e\u0432\u043a\u0430 \u043c\u043e\u0449\u043d\u043e\u0441\u0442\u0438, \u043d\u0430\u043f\u0440\u044f\u0436\u0435\u043d\u0438\u044f \u0438\u043b\u0438 \u0442\u0435\u043c\u043f\u0435\u0440\u0430\u0442\u0443\u0440\u043d\u044b\u0445 \u0434\u0438\u0430\u043f\u0430\u0437\u043e\u043d\u043e\u0432, \u043d\u0430\u0448\u0430 \u043a\u043e\u043c\u0430\u043d\u0434\u0430 \u0433\u043e\u0442\u043e\u0432\u0430 \u0441\u043e\u0437\u0434\u0430\u0442\u044c \u0438\u043d\u0434\u0438\u0432\u0438\u0434\u0443\u0430\u043b\u044c\u043d\u043e\u0435 \u0440\u0435\u0448\u0435\u043d\u0438\u0435 \u0434\u043b\u044f \u043e\u043f\u0442\u0438\u043c\u0438\u0437\u0430\u0446\u0438\u0438 \u0432\u0430\u0448\u0438\u0445 \u043f\u0440\u043e\u0446\u0435\u0441\u0441\u043e\u0432.<\/span><\/p>\n<h3><span>\u041f\u043e\u0447\u0435\u043c\u0443 \u0441\u0442\u043e\u0438\u0442 \u0432\u044b\u0431\u0440\u0430\u0442\u044c Cheri Heater?<\/span><\/h3>\n<p><span>\u0418\u043c\u0435\u044f \u043c\u043d\u043e\u0433\u043e\u043b\u0435\u0442\u043d\u0438\u0439 \u043e\u043f\u044b\u0442 \u0432 \u043e\u0442\u043e\u043f\u0438\u0442\u0435\u043b\u044c\u043d\u043e\u0439 \u043e\u0442\u0440\u0430\u0441\u043b\u0438, \u043c\u044b \u0441\u0442\u0440\u0435\u043c\u0438\u043c\u0441\u044f \u043f\u043e\u0441\u0442\u0430\u0432\u043b\u044f\u0442\u044c \u043f\u0435\u0440\u0432\u043e\u043a\u043b\u0430\u0441\u0441\u043d\u0443\u044e \u043f\u0440\u043e\u0434\u0443\u043a\u0446\u0438\u044e \u0438 \u0438\u0441\u043a\u043b\u044e\u0447\u0438\u0442\u0435\u043b\u044c\u043d\u043e\u0435 \u043e\u0431\u0441\u043b\u0443\u0436\u0438\u0432\u0430\u043d\u0438\u0435 \u043a\u043b\u0438\u0435\u043d\u0442\u043e\u0432. \u041d\u0430\u0448\u0438 \u043e\u0431\u043e\u0433\u0440\u0435\u0432\u0430\u0442\u0435\u043b\u0438 \u043f\u0440\u043e\u0438\u0437\u0432\u043e\u0434\u044f\u0442\u0441\u044f \u0432 \u0441\u043e\u043e\u0442\u0432\u0435\u0442\u0441\u0442\u0432\u0438\u0438 \u0441\u043e \u0441\u0442\u0440\u043e\u0433\u0438\u043c\u0438 \u0441\u0442\u0430\u043d\u0434\u0430\u0440\u0442\u0430\u043c\u0438 \u043a\u0430\u0447\u0435\u0441\u0442\u0432\u0430, \u0433\u0430\u0440\u0430\u043d\u0442\u0438\u0440\u0443\u044f \u043d\u0430\u0434\u0435\u0436\u043d\u0443\u044e \u0440\u0430\u0431\u043e\u0442\u0443 \u0438 \u0434\u043b\u0438\u0442\u0435\u043b\u044c\u043d\u044b\u0439 \u0441\u0440\u043e\u043a \u0441\u043b\u0443\u0436\u0431\u044b.<\/span><\/p>\n<p><span>\u041f\u043e\u0441\u0435\u0442\u0438\u0442\u0435\u00a0<\/span><strong><a href=\"https:\/\/cheri-heater.com\/\" target=\"_new\" rel=\"noopener\"><span>cheri-heater.com<\/span><\/a><\/strong><span>\u00a0, \u0447\u0442\u043e\u0431\u044b \u043e\u0437\u043d\u0430\u043a\u043e\u043c\u0438\u0442\u044c\u0441\u044f \u0441 \u043d\u0430\u0448\u0438\u043c \u0430\u0441\u0441\u043e\u0440\u0442\u0438\u043c\u0435\u043d\u0442\u043e\u043c \u0438\u043d\u043d\u043e\u0432\u0430\u0446\u0438\u043e\u043d\u043d\u044b\u0445 \u043e\u0442\u043e\u043f\u0438\u0442\u0435\u043b\u044c\u043d\u044b\u0445 \u043f\u0440\u043e\u0434\u0443\u043a\u0442\u043e\u0432. \u041e\u0442 \u044d\u043a\u0441\u043f\u0435\u0440\u0442\u043d\u044b\u0445 \u043a\u043e\u043d\u0441\u0443\u043b\u044c\u0442\u0430\u0446\u0438\u0439 \u0434\u043e \u0438\u043d\u0434\u0438\u0432\u0438\u0434\u0443\u0430\u043b\u044c\u043d\u044b\u0445 \u0440\u0435\u0448\u0435\u043d\u0438\u0439, \u043c\u044b \u0437\u0434\u0435\u0441\u044c, \u0447\u0442\u043e\u0431\u044b \u043f\u043e\u043c\u043e\u0447\u044c \u0432\u0430\u043c \u0443\u043b\u0443\u0447\u0448\u0438\u0442\u044c \u0432\u0430\u0448\u0438 \u043e\u043f\u0435\u0440\u0430\u0446\u0438\u0438 \u0441 \u043f\u043e\u043c\u043e\u0449\u044c\u044e \u043d\u0430\u0434\u0435\u0436\u043d\u043e\u0439 \u0438 \u044d\u0444\u0444\u0435\u043a\u0442\u0438\u0432\u043d\u043e\u0439 \u043e\u0442\u043e\u043f\u0438\u0442\u0435\u043b\u044c\u043d\u043e\u0439 \u0442\u0435\u0445\u043d\u043e\u043b\u043e\u0433\u0438\u0438. \u041c\u043e\u0434\u0435\u0440\u043d\u0438\u0437\u0438\u0440\u0443\u0439\u0442\u0435 \u0441\u0432\u043e\u0438 \u0441\u0438\u0441\u0442\u0435\u043c\u044b \u0441 \u043f\u043e\u043c\u043e\u0449\u044c\u044e \u043f\u0440\u043e\u0432\u0435\u0440\u0435\u043d\u043d\u043e\u0439 \u043f\u0440\u043e\u0438\u0437\u0432\u043e\u0434\u0438\u0442\u0435\u043b\u044c\u043d\u043e\u0441\u0442\u0438 \u043d\u0430\u0448\u0435\u0433\u043e\u00a0<\/span><strong><span>\u0444\u043b\u0430\u043d\u0446\u0435\u0432\u043e\u0433\u043e \u0442\u0440\u0443\u0431\u0447\u0430\u0442\u043e\u0433\u043e \u043d\u0430\u0433\u0440\u0435\u0432\u0430\u0442\u0435\u043b\u044f 2 \u0434\u044e\u0439\u043c\u0430<\/span><\/strong><span>\u00a0\u0438 \u043f\u043e\u0447\u0443\u0432\u0441\u0442\u0432\u0443\u0439\u0442\u0435 \u0440\u0430\u0437\u043d\u0438\u0446\u0443 \u0443\u0436\u0435 \u0441\u0435\u0433\u043e\u0434\u043d\u044f!<\/span><\/p>\n","protected":false},"featured_media":1809,"template":"","meta":[],"product_brand":[],"product_cat":[28],"product_tag":[202],"class_list":{"0":"post-1808","1":"product","2":"type-product","3":"status-publish","4":"has-post-thumbnail","6":"product_cat-tubular-heater","7":"product_tag-----2-","9":"first","10":"instock","11":"shipping-taxable","12":"product-type-simple"},"yoast_head":"<!-- This site is optimized with the Yoast SEO plugin v27.3 - https:\/\/yoast.com\/product\/yoast-seo-wordpress\/ -->\n<title>Radiateur tubulaire \u00e0 bride de 2 pouces de haute qualit\u00e9 | Cheri-heater.com<\/title>\n<meta name=\"description\" content=\"Le radiateur tubulaire \u00e0 bride de 2 pouces de Cheri Heater est con\u00e7u pour offrir durabilit\u00e9 et efficacit\u00e9 dans les applications industrielles. Id\u00e9al pour des installations s\u00e9curis\u00e9es et une distribution pr\u00e9cise de la chaleur, il est disponible en options personnalisables pour r\u00e9pondre \u00e0 vos besoins sp\u00e9cifiques. Pour plus d&#039;informations, rendez-vous sur cheri-heater.com.\" \/>\n<meta name=\"robots\" content=\"index, follow, max-snippet:-1, max-image-preview:large, max-video-preview:-1\" \/>\n<link rel=\"canonical\" href=\"https:\/\/cheri-heater.com\/ru\/product\/\u0442\u0440\u0443\u0431\u0447\u0430\u0442\u044b\u0439-\u043d\u0430\u0433\u0440\u0435\u0432\u0430\u0442\u0435\u043b\u044c-\u0441-\u0444\u043b\u0430\u043d\u0446\u0435\u043c-2-\u0434\u044e\u0439\u043c\/\" \/>\n<meta property=\"og:locale\" content=\"en_US\" \/>\n<meta property=\"og:type\" content=\"article\" \/>\n<meta property=\"og:title\" content=\"Radiateur tubulaire \u00e0 bride de 2 pouces de haute qualit\u00e9 | Cheri-heater.com\" \/>\n<meta property=\"og:description\" content=\"Le radiateur tubulaire \u00e0 bride de 2 pouces de Cheri Heater est con\u00e7u pour offrir durabilit\u00e9 et efficacit\u00e9 dans les applications industrielles. Id\u00e9al pour des installations s\u00e9curis\u00e9es et une distribution pr\u00e9cise de la chaleur, il est disponible en options personnalisables pour r\u00e9pondre \u00e0 vos besoins sp\u00e9cifiques. Pour plus d&#039;informations, rendez-vous sur cheri-heater.com.\" \/>\n<meta property=\"og:url\" content=\"https:\/\/cheri-heater.com\/ru\/product\/\u0442\u0440\u0443\u0431\u0447\u0430\u0442\u044b\u0439-\u043d\u0430\u0433\u0440\u0435\u0432\u0430\u0442\u0435\u043b\u044c-\u0441-\u0444\u043b\u0430\u043d\u0446\u0435\u043c-2-\u0434\u044e\u0439\u043c\/\" \/>\n<meta property=\"og:site_name\" content=\"Cheri Heater Technology Co.,Ltd.\" \/>\n<meta property=\"og:image\" content=\"https:\/\/cheri-heater.com\/ru\/wp-content\/uploads\/2025\/05\/82d18ff1-6f1a-4a6b-9ddd-f781f22bb445.jpg\" \/>\n\t<meta property=\"og:image:width\" content=\"1000\" \/>\n\t<meta property=\"og:image:height\" content=\"1000\" \/>\n\t<meta property=\"og:image:type\" content=\"image\/jpeg\" \/>\n<meta name=\"twitter:card\" content=\"summary_large_image\" \/>\n<meta name=\"twitter:label1\" content=\"Est. reading time\" \/>\n\t<meta name=\"twitter:data1\" content=\"1 minute\" \/>\n<!-- \/ Yoast SEO plugin. -->","yoast_head_json":{"title":"Radiateur tubulaire \u00e0 bride de 2 pouces de haute qualit\u00e9 | Cheri-heater.com","description":"Le radiateur tubulaire \u00e0 bride de 2 pouces de Cheri Heater est con\u00e7u pour offrir durabilit\u00e9 et efficacit\u00e9 dans les applications industrielles. Id\u00e9al pour des installations s\u00e9curis\u00e9es et une distribution pr\u00e9cise de la chaleur, il est disponible en options personnalisables pour r\u00e9pondre \u00e0 vos besoins sp\u00e9cifiques. Pour plus d'informations, rendez-vous sur cheri-heater.com.","robots":{"index":"index","follow":"follow","max-snippet":"max-snippet:-1","max-image-preview":"max-image-preview:large","max-video-preview":"max-video-preview:-1"},"canonical":"https:\/\/cheri-heater.com\/ru\/product\/\u0442\u0440\u0443\u0431\u0447\u0430\u0442\u044b\u0439-\u043d\u0430\u0433\u0440\u0435\u0432\u0430\u0442\u0435\u043b\u044c-\u0441-\u0444\u043b\u0430\u043d\u0446\u0435\u043c-2-\u0434\u044e\u0439\u043c\/","og_locale":"en_US","og_type":"article","og_title":"Radiateur tubulaire \u00e0 bride de 2 pouces de haute qualit\u00e9 | Cheri-heater.com","og_description":"Le radiateur tubulaire \u00e0 bride de 2 pouces de Cheri Heater est con\u00e7u pour offrir durabilit\u00e9 et efficacit\u00e9 dans les applications industrielles. Id\u00e9al pour des installations s\u00e9curis\u00e9es et une distribution pr\u00e9cise de la chaleur, il est disponible en options personnalisables pour r\u00e9pondre \u00e0 vos besoins sp\u00e9cifiques. Pour plus d'informations, rendez-vous sur cheri-heater.com.","og_url":"https:\/\/cheri-heater.com\/ru\/product\/\u0442\u0440\u0443\u0431\u0447\u0430\u0442\u044b\u0439-\u043d\u0430\u0433\u0440\u0435\u0432\u0430\u0442\u0435\u043b\u044c-\u0441-\u0444\u043b\u0430\u043d\u0446\u0435\u043c-2-\u0434\u044e\u0439\u043c\/","og_site_name":"Cheri Heater Technology Co.,Ltd.","og_image":[{"width":1000,"height":1000,"url":"https:\/\/cheri-heater.com\/ru\/wp-content\/uploads\/2025\/05\/82d18ff1-6f1a-4a6b-9ddd-f781f22bb445.jpg","type":"image\/jpeg"}],"twitter_card":"summary_large_image","twitter_misc":{"Est. reading time":"1 minute"},"schema":{"@context":"https:\/\/schema.org","@graph":[{"@type":"WebPage","@id":"https:\/\/cheri-heater.com\/ru\/product\/%d1%82%d1%80%d1%83%d0%b1%d1%87%d0%b0%d1%82%d1%8b%d0%b9-%d0%bd%d0%b0%d0%b3%d1%80%d0%b5%d0%b2%d0%b0%d1%82%d0%b5%d0%bb%d1%8c-%d1%81-%d1%84%d0%bb%d0%b0%d0%bd%d1%86%d0%b5%d0%bc-2-%d0%b4%d1%8e%d0%b9%d0%bc\/","url":"https:\/\/cheri-heater.com\/ru\/product\/%d1%82%d1%80%d1%83%d0%b1%d1%87%d0%b0%d1%82%d1%8b%d0%b9-%d0%bd%d0%b0%d0%b3%d1%80%d0%b5%d0%b2%d0%b0%d1%82%d0%b5%d0%bb%d1%8c-%d1%81-%d1%84%d0%bb%d0%b0%d0%bd%d1%86%d0%b5%d0%bc-2-%d0%b4%d1%8e%d0%b9%d0%bc\/","name":"Radiateur tubulaire \u00e0 bride de 2 pouces de haute qualit\u00e9 | Cheri-heater.com","isPartOf":{"@id":"https:\/\/cheri-heater.com\/ru\/#website"},"primaryImageOfPage":{"@id":"https:\/\/cheri-heater.com\/ru\/product\/%d1%82%d1%80%d1%83%d0%b1%d1%87%d0%b0%d1%82%d1%8b%d0%b9-%d0%bd%d0%b0%d0%b3%d1%80%d0%b5%d0%b2%d0%b0%d1%82%d0%b5%d0%bb%d1%8c-%d1%81-%d1%84%d0%bb%d0%b0%d0%bd%d1%86%d0%b5%d0%bc-2-%d0%b4%d1%8e%d0%b9%d0%bc\/#primaryimage"},"image":{"@id":"https:\/\/cheri-heater.com\/ru\/product\/%d1%82%d1%80%d1%83%d0%b1%d1%87%d0%b0%d1%82%d1%8b%d0%b9-%d0%bd%d0%b0%d0%b3%d1%80%d0%b5%d0%b2%d0%b0%d1%82%d0%b5%d0%bb%d1%8c-%d1%81-%d1%84%d0%bb%d0%b0%d0%bd%d1%86%d0%b5%d0%bc-2-%d0%b4%d1%8e%d0%b9%d0%bc\/#primaryimage"},"thumbnailUrl":"https:\/\/cheri-heater.com\/ru\/wp-content\/uploads\/2025\/05\/82d18ff1-6f1a-4a6b-9ddd-f781f22bb445.jpg","datePublished":"2025-05-18T07:41:09+00:00","description":"Le radiateur tubulaire \u00e0 bride de 2 pouces de Cheri Heater est con\u00e7u pour offrir durabilit\u00e9 et efficacit\u00e9 dans les applications industrielles. Id\u00e9al pour des installations s\u00e9curis\u00e9es et une distribution pr\u00e9cise de la chaleur, il est disponible en options personnalisables pour r\u00e9pondre \u00e0 vos besoins sp\u00e9cifiques. Pour plus d'informations, rendez-vous sur cheri-heater.com.","breadcrumb":{"@id":"https:\/\/cheri-heater.com\/ru\/product\/%d1%82%d1%80%d1%83%d0%b1%d1%87%d0%b0%d1%82%d1%8b%d0%b9-%d0%bd%d0%b0%d0%b3%d1%80%d0%b5%d0%b2%d0%b0%d1%82%d0%b5%d0%bb%d1%8c-%d1%81-%d1%84%d0%bb%d0%b0%d0%bd%d1%86%d0%b5%d0%bc-2-%d0%b4%d1%8e%d0%b9%d0%bc\/#breadcrumb"},"inLanguage":"en-US","potentialAction":[{"@type":"ReadAction","target":["https:\/\/cheri-heater.com\/ru\/product\/%d1%82%d1%80%d1%83%d0%b1%d1%87%d0%b0%d1%82%d1%8b%d0%b9-%d0%bd%d0%b0%d0%b3%d1%80%d0%b5%d0%b2%d0%b0%d1%82%d0%b5%d0%bb%d1%8c-%d1%81-%d1%84%d0%bb%d0%b0%d0%bd%d1%86%d0%b5%d0%bc-2-%d0%b4%d1%8e%d0%b9%d0%bc\/"]}]},{"@type":"ImageObject","inLanguage":"en-US","@id":"https:\/\/cheri-heater.com\/ru\/product\/%d1%82%d1%80%d1%83%d0%b1%d1%87%d0%b0%d1%82%d1%8b%d0%b9-%d0%bd%d0%b0%d0%b3%d1%80%d0%b5%d0%b2%d0%b0%d1%82%d0%b5%d0%bb%d1%8c-%d1%81-%d1%84%d0%bb%d0%b0%d0%bd%d1%86%d0%b5%d0%bc-2-%d0%b4%d1%8e%d0%b9%d0%bc\/#primaryimage","url":"https:\/\/cheri-heater.com\/ru\/wp-content\/uploads\/2025\/05\/82d18ff1-6f1a-4a6b-9ddd-f781f22bb445.jpg","contentUrl":"https:\/\/cheri-heater.com\/ru\/wp-content\/uploads\/2025\/05\/82d18ff1-6f1a-4a6b-9ddd-f781f22bb445.jpg","width":1000,"height":1000,"caption":"\u0422\u0440\u0443\u0431\u0447\u0430\u0442\u044b\u0439 \u041d\u0430\u0433\u0440\u0435\u0432\u0430\u0442\u0435\u043b\u044c \u0421 \u0424\u043b\u0430\u043d\u0446\u0435\u043c 2 \u0414\u044e\u0439\u043c\u0430"},{"@type":"BreadcrumbList","@id":"https:\/\/cheri-heater.com\/ru\/product\/%d1%82%d1%80%d1%83%d0%b1%d1%87%d0%b0%d1%82%d1%8b%d0%b9-%d0%bd%d0%b0%d0%b3%d1%80%d0%b5%d0%b2%d0%b0%d1%82%d0%b5%d0%bb%d1%8c-%d1%81-%d1%84%d0%bb%d0%b0%d0%bd%d1%86%d0%b5%d0%bc-2-%d0%b4%d1%8e%d0%b9%d0%bc\/#breadcrumb","itemListElement":[{"@type":"ListItem","position":1,"name":"Home","item":"https:\/\/cheri-heater.com\/ru\/"},{"@type":"ListItem","position":2,"name":"Products","item":"https:\/\/cheri-heater.com\/ru\/products\/"},{"@type":"ListItem","position":3,"name":"\u0422\u0440\u0443\u0431\u0447\u0430\u0442\u044b\u0439 \u041d\u0430\u0433\u0440\u0435\u0432\u0430\u0442\u0435\u043b\u044c \u0421 \u0424\u043b\u0430\u043d\u0446\u0435\u043c 2 \u0414\u044e\u0439\u043c\u0430"}]},{"@type":"WebSite","@id":"https:\/\/cheri-heater.com\/ru\/#website","url":"https:\/\/cheri-heater.com\/ru\/","name":"Cheri Heater Technology Co.,Ltd.","description":"","publisher":{"@id":"https:\/\/cheri-heater.com\/ru\/#organization"},"potentialAction":[{"@type":"SearchAction","target":{"@type":"EntryPoint","urlTemplate":"https:\/\/cheri-heater.com\/ru\/?s={search_term_string}"},"query-input":{"@type":"PropertyValueSpecification","valueRequired":true,"valueName":"search_term_string"}}],"inLanguage":"en-US"},{"@type":"Organization","@id":"https:\/\/cheri-heater.com\/ru\/#organization","name":"Cheri Heater Technology Co.,Ltd.","url":"https:\/\/cheri-heater.com\/ru\/","logo":{"@type":"ImageObject","inLanguage":"en-US","@id":"https:\/\/cheri-heater.com\/ru\/#\/schema\/logo\/image\/","url":"https:\/\/cheri-heater.com\/ru\/wp-content\/uploads\/2024\/06\/cropped-logo-resize.png","contentUrl":"https:\/\/cheri-heater.com\/ru\/wp-content\/uploads\/2024\/06\/cropped-logo-resize.png","width":346,"height":99,"caption":"Cheri Heater Technology Co.,Ltd."},"image":{"@id":"https:\/\/cheri-heater.com\/ru\/#\/schema\/logo\/image\/"}}]}},"_links":{"self":[{"href":"https:\/\/cheri-heater.com\/ru\/wp-json\/wp\/v2\/product\/1808","targetHints":{"allow":["GET"]}}],"collection":[{"href":"https:\/\/cheri-heater.com\/ru\/wp-json\/wp\/v2\/product"}],"about":[{"href":"https:\/\/cheri-heater.com\/ru\/wp-json\/wp\/v2\/types\/product"}],"wp:featuredmedia":[{"embeddable":true,"href":"https:\/\/cheri-heater.com\/ru\/wp-json\/wp\/v2\/media\/1809"}],"wp:attachment":[{"href":"https:\/\/cheri-heater.com\/ru\/wp-json\/wp\/v2\/media?parent=1808"}],"wp:term":[{"taxonomy":"product_brand","embeddable":true,"href":"https:\/\/cheri-heater.com\/ru\/wp-json\/wp\/v2\/product_brand?post=1808"},{"taxonomy":"product_cat","embeddable":true,"href":"https:\/\/cheri-heater.com\/ru\/wp-json\/wp\/v2\/product_cat?post=1808"},{"taxonomy":"product_tag","embeddable":true,"href":"https:\/\/cheri-heater.com\/ru\/wp-json\/wp\/v2\/product_tag?post=1808"}],"curies":[{"name":"wp","href":"https:\/\/api.w.org\/{rel}","templated":true}]}}