{"id":1818,"date":"2025-05-19T01:10:23","date_gmt":"2025-05-19T01:10:23","guid":{"rendered":"https:\/\/cheri-heater.com\/ru\/?post_type=product&#038;p=1818"},"modified":"2025-05-19T01:10:23","modified_gmt":"2025-05-19T01:10:23","slug":"%d0%ba%d0%b0%d0%bd%d0%b0%d0%bb%d1%8c%d0%bd%d1%8b%d0%b9-%d0%bd%d0%b0%d0%b3%d1%80%d0%b5%d0%b2%d0%b0%d1%82%d0%b5%d0%bb%d1%8c%d0%bd%d1%8b%d0%b9-%d1%8d%d0%bb%d0%b5%d0%bc%d0%b5%d0%bd%d1%82","status":"publish","type":"product","link":"https:\/\/cheri-heater.com\/ru\/product\/%d0%ba%d0%b0%d0%bd%d0%b0%d0%bb%d1%8c%d0%bd%d1%8b%d0%b9-%d0%bd%d0%b0%d0%b3%d1%80%d0%b5%d0%b2%d0%b0%d1%82%d0%b5%d0%bb%d1%8c%d0%bd%d1%8b%d0%b9-%d1%8d%d0%bb%d0%b5%d0%bc%d0%b5%d0%bd%d1%82\/","title":{"rendered":"\u041a\u0430\u043d\u0430\u043b\u044c\u043d\u044b\u0439 \u041d\u0430\u0433\u0440\u0435\u0432\u0430\u0442\u0435\u043b\u044c\u043d\u044b\u0439 \u042d\u043b\u0435\u043c\u0435\u043d\u0442"},"content":{"rendered":"","protected":false},"excerpt":{"rendered":"<h2><span><span class=\"\">\u041b\u0443\u0447\u0448\u0438\u0439 \u044d\u043b\u0435\u043c\u0435\u043d\u0442 \u043a\u0430\u043d\u0430\u043b\u044c\u043d\u043e\u0433\u043e \u043d\u0430\u0433\u0440\u0435\u0432\u0430\u0442\u0435\u043b\u044f<\/span><\/span><\/h2>\n<p><span>\u0412 Cheri Heater \u043c\u044b \u043f\u0440\u0435\u0434\u043b\u0430\u0433\u0430\u0435\u043c \u0432\u044b\u0441\u043e\u043a\u043e\u043a\u0430\u0447\u0435\u0441\u0442\u0432\u0435\u043d\u043d\u044b\u0435 \u044d\u043b\u0435\u043c\u0435\u043d\u0442\u044b \u043a\u0430\u043d\u0430\u043b\u044c\u043d\u043e\u0433\u043e \u043d\u0430\u0433\u0440\u0435\u0432\u0430\u0442\u0435\u043b\u044f, \u0440\u0430\u0437\u0440\u0430\u0431\u043e\u0442\u0430\u043d\u043d\u044b\u0435 \u0434\u043b\u044f \u043e\u0431\u0435\u0441\u043f\u0435\u0447\u0435\u043d\u0438\u044f \u044d\u0444\u0444\u0435\u043a\u0442\u0438\u0432\u043d\u043e\u0433\u043e \u0438 \u043d\u0430\u0434\u0435\u0436\u043d\u043e\u0433\u043e \u043d\u0430\u0433\u0440\u0435\u0432\u0430 \u0434\u043b\u044f \u0432\u043e\u0437\u0434\u0443\u0448\u043d\u044b\u0445 \u0441\u0438\u0441\u0442\u0435\u043c \u0432 \u0440\u0430\u0437\u043b\u0438\u0447\u043d\u044b\u0445 \u043a\u043e\u043c\u043c\u0435\u0440\u0447\u0435\u0441\u043a\u0438\u0445 \u0438 \u043f\u0440\u043e\u043c\u044b\u0448\u043b\u0435\u043d\u043d\u044b\u0445 \u043f\u0440\u0438\u043c\u0435\u043d\u0435\u043d\u0438\u044f\u0445. \u041d\u0430\u0448\u0438 \u044d\u043b\u0435\u043c\u0435\u043d\u0442\u044b \u043a\u0430\u043d\u0430\u043b\u044c\u043d\u043e\u0433\u043e \u043d\u0430\u0433\u0440\u0435\u0432\u0430\u0442\u0435\u043b\u044f \u0438\u0437\u0433\u043e\u0442\u043e\u0432\u043b\u0435\u043d\u044b \u0441 \u0442\u043e\u0447\u043d\u043e\u0441\u0442\u044c\u044e, \u0447\u0442\u043e\u0431\u044b \u043e\u0431\u0435\u0441\u043f\u0435\u0447\u0438\u0442\u044c \u043f\u043e\u0441\u0442\u043e\u044f\u043d\u043d\u044b\u0439 \u0438 \u044d\u0444\u0444\u0435\u043a\u0442\u0438\u0432\u043d\u044b\u0439 \u043d\u0430\u0433\u0440\u0435\u0432, \u0447\u0442\u043e \u0434\u0435\u043b\u0430\u0435\u0442 \u0438\u0445 \u0438\u0434\u0435\u0430\u043b\u044c\u043d\u044b\u043c\u0438 \u0434\u043b\u044f \u0441\u0438\u0441\u0442\u0435\u043c HVAC, \u0443\u0441\u0442\u0430\u043d\u043e\u0432\u043e\u043a \u043e\u0431\u0440\u0430\u0431\u043e\u0442\u043a\u0438 \u0432\u043e\u0437\u0434\u0443\u0445\u0430 \u0438 \u0434\u0440\u0443\u0433\u0438\u0445 \u0432\u0435\u043d\u0442\u0438\u043b\u044f\u0446\u0438\u043e\u043d\u043d\u044b\u0445 \u0441\u0438\u0441\u0442\u0435\u043c.<\/span><\/p>\n<p><span>\u041d\u0430\u0448 \u043d\u0430\u0433\u0440\u0435\u0432\u0430\u0442\u0435\u043b\u044c\u043d\u044b\u0439 \u044d\u043b\u0435\u043c\u0435\u043d\u0442 \u043a\u0430\u043d\u0430\u043b\u044c\u043d\u043e\u0433\u043e \u043d\u0430\u0433\u0440\u0435\u0432\u0430\u0442\u0435\u043b\u044f \u0440\u0430\u0437\u0440\u0430\u0431\u043e\u0442\u0430\u043d \u0434\u043b\u044f \u043e\u0431\u0435\u0441\u043f\u0435\u0447\u0435\u043d\u0438\u044f \u043e\u043f\u0442\u0438\u043c\u0430\u043b\u044c\u043d\u043e\u0439 \u0442\u0435\u043f\u043b\u043e\u0432\u043e\u0439 \u043c\u043e\u0449\u043d\u043e\u0441\u0442\u0438 \u043f\u0440\u0438 \u0441\u043e\u0445\u0440\u0430\u043d\u0435\u043d\u0438\u0438 \u044d\u043d\u0435\u0440\u0433\u043e\u044d\u0444\u0444\u0435\u043a\u0442\u0438\u0432\u043d\u043e\u0441\u0442\u0438. \u0411\u043b\u0430\u0433\u043e\u0434\u0430\u0440\u044f \u043f\u0440\u0435\u0432\u043e\u0441\u0445\u043e\u0434\u043d\u043e\u0439 \u043a\u043e\u043d\u0441\u0442\u0440\u0443\u043a\u0446\u0438\u0438 \u0438 \u043c\u0430\u0442\u0435\u0440\u0438\u0430\u043b\u0430\u043c \u043d\u0430\u0433\u0440\u0435\u0432\u0430\u0442\u0435\u043b\u044c \u043e\u0431\u0435\u0441\u043f\u0435\u0447\u0438\u0432\u0430\u0435\u0442 \u0440\u0430\u0432\u043d\u043e\u043c\u0435\u0440\u043d\u043e\u0435 \u0440\u0430\u0441\u043f\u0440\u0435\u0434\u0435\u043b\u0435\u043d\u0438\u0435 \u0442\u0435\u043f\u043b\u0430 \u043f\u043e \u0432\u043e\u0437\u0434\u0443\u0445\u043e\u0432\u043e\u0434\u0430\u043c, \u0443\u043b\u0443\u0447\u0448\u0430\u044f \u043a\u0430\u0447\u0435\u0441\u0442\u0432\u043e \u0432\u043e\u0437\u0434\u0443\u0445\u0430 \u0438 \u043a\u043e\u043c\u0444\u043e\u0440\u0442 \u0432 \u0431\u043e\u043b\u044c\u0448\u0438\u0445 \u043f\u043e\u043c\u0435\u0449\u0435\u043d\u0438\u044f\u0445. \u041d\u0435\u0437\u0430\u0432\u0438\u0441\u0438\u043c\u043e \u043e\u0442 \u0442\u043e\u0433\u043e, \u043d\u0443\u0436\u043d\u043e \u043b\u0438 \u0432\u0430\u043c \u043d\u0430\u0433\u0440\u0435\u0432\u0430\u0442\u044c \u0432\u0435\u043d\u0442\u0438\u043b\u044f\u0446\u0438\u043e\u043d\u043d\u044b\u0439 \u0432\u043e\u0437\u0434\u0443\u0445 \u0434\u043b\u044f \u043f\u0440\u043e\u043c\u044b\u0448\u043b\u0435\u043d\u043d\u044b\u0445 \u043f\u0440\u043e\u0446\u0435\u0441\u0441\u043e\u0432 \u0438\u043b\u0438 \u043f\u043e\u0434\u0434\u0435\u0440\u0436\u0438\u0432\u0430\u0442\u044c \u0442\u0435\u043c\u043f\u0435\u0440\u0430\u0442\u0443\u0440\u0443 \u0432 \u043a\u0440\u0443\u043f\u043d\u044b\u0445 \u043a\u043e\u043c\u043c\u0435\u0440\u0447\u0435\u0441\u043a\u0438\u0445 \u0437\u0434\u0430\u043d\u0438\u044f\u0445, \u043d\u0430\u0448\u0438 \u043d\u0430\u0433\u0440\u0435\u0432\u0430\u0442\u0435\u043b\u044c\u043d\u044b\u0435 \u044d\u043b\u0435\u043c\u0435\u043d\u0442\u044b \u043a\u0430\u043d\u0430\u043b\u044c\u043d\u043e\u0433\u043e \u043d\u0430\u0433\u0440\u0435\u0432\u0430\u0442\u0435\u043b\u044f \u0440\u0430\u0437\u0440\u0430\u0431\u043e\u0442\u0430\u043d\u044b \u0434\u043b\u044f \u0443\u0434\u043e\u0432\u043b\u0435\u0442\u0432\u043e\u0440\u0435\u043d\u0438\u044f \u0441\u0430\u043c\u044b\u0445 \u0432\u044b\u0441\u043e\u043a\u0438\u0445 \u0442\u0440\u0435\u0431\u043e\u0432\u0430\u043d\u0438\u0439.<\/span><\/p>\n<p><span>\u041a\u0430\u0436\u0434\u044b\u0439 \u044d\u043b\u0435\u043c\u0435\u043d\u0442 \u043a\u0430\u043d\u0430\u043b\u044c\u043d\u043e\u0433\u043e \u043d\u0430\u0433\u0440\u0435\u0432\u0430\u0442\u0435\u043b\u044f \u0438\u0437\u0433\u043e\u0442\u043e\u0432\u043b\u0435\u043d \u0438\u0437 \u0432\u044b\u0441\u043e\u043a\u043e\u043a\u0430\u0447\u0435\u0441\u0442\u0432\u0435\u043d\u043d\u044b\u0445, \u0443\u0441\u0442\u043e\u0439\u0447\u0438\u0432\u044b\u0445 \u043a \u043a\u043e\u0440\u0440\u043e\u0437\u0438\u0438 \u043c\u0430\u0442\u0435\u0440\u0438\u0430\u043b\u043e\u0432, \u0447\u0442\u043e \u043e\u0431\u0435\u0441\u043f\u0435\u0447\u0438\u0432\u0430\u0435\u0442 \u0434\u043e\u043b\u0433\u043e\u0432\u0435\u0447\u043d\u043e\u0441\u0442\u044c \u0438 \u043d\u0430\u0434\u0435\u0436\u043d\u0443\u044e \u0440\u0430\u0431\u043e\u0442\u0443 \u0434\u0430\u0436\u0435 \u0432 \u0441\u0443\u0440\u043e\u0432\u044b\u0445 \u0443\u0441\u043b\u043e\u0432\u0438\u044f\u0445. \u041d\u0430\u0433\u0440\u0435\u0432\u0430\u0442\u0435\u043b\u044c\u043d\u044b\u0435 \u044d\u043b\u0435\u043c\u0435\u043d\u0442\u044b \u0434\u043e\u0441\u0442\u0443\u043f\u043d\u044b \u0432 \u0440\u0430\u0437\u043b\u0438\u0447\u043d\u044b\u0445 \u0440\u0430\u0437\u043c\u0435\u0440\u0430\u0445 \u0438 \u043a\u043e\u043d\u0444\u0438\u0433\u0443\u0440\u0430\u0446\u0438\u044f\u0445, \u0447\u0442\u043e\u0431\u044b \u0441\u043e\u043e\u0442\u0432\u0435\u0442\u0441\u0442\u0432\u043e\u0432\u0430\u0442\u044c \u0448\u0438\u0440\u043e\u043a\u043e\u043c\u0443 \u0434\u0438\u0430\u043f\u0430\u0437\u043e\u043d\u0443 \u043c\u043e\u0449\u043d\u043e\u0441\u0442\u0435\u0439 \u0432\u043e\u0437\u0434\u0443\u0448\u043d\u043e\u0433\u043e \u043f\u043e\u0442\u043e\u043a\u0430 \u0438 \u0442\u0440\u0435\u0431\u043e\u0432\u0430\u043d\u0438\u0439 \u043a \u0443\u0441\u0442\u0430\u043d\u043e\u0432\u043a\u0435, \u0447\u0442\u043e \u0434\u0435\u043b\u0430\u0435\u0442 \u0438\u0445 \u043b\u0435\u0433\u043a\u043e \u043d\u0430\u0441\u0442\u0440\u0430\u0438\u0432\u0430\u0435\u043c\u044b\u043c\u0438 \u0432 \u0441\u043e\u043e\u0442\u0432\u0435\u0442\u0441\u0442\u0432\u0438\u0438 \u0441 \u0432\u0430\u0448\u0438\u043c\u0438 \u043a\u043e\u043d\u043a\u0440\u0435\u0442\u043d\u044b\u043c\u0438 \u043f\u043e\u0442\u0440\u0435\u0431\u043d\u043e\u0441\u0442\u044f\u043c\u0438.<\/span><\/p>\n<p><span>\u042d\u043b\u0435\u043c\u0435\u043d\u0442\u044b \u043a\u0430\u043d\u0430\u043b\u044c\u043d\u043e\u0433\u043e \u043d\u0430\u0433\u0440\u0435\u0432\u0430\u0442\u0435\u043b\u044f Cheri Heater \u043f\u0440\u043e\u0441\u0442\u044b \u0432 \u0443\u0441\u0442\u0430\u043d\u043e\u0432\u043a\u0435 \u0438 \u043e\u0431\u0441\u043b\u0443\u0436\u0438\u0432\u0430\u043d\u0438\u0438, \u0438 \u043e\u043d\u0438 \u043f\u0440\u0435\u0434\u043b\u0430\u0433\u0430\u044e\u0442 \u0438\u0441\u043a\u043b\u044e\u0447\u0438\u0442\u0435\u043b\u044c\u043d\u0443\u044e \u043f\u0440\u043e\u0438\u0437\u0432\u043e\u0434\u0438\u0442\u0435\u043b\u044c\u043d\u043e\u0441\u0442\u044c \u043f\u043e \u043a\u043e\u043d\u043a\u0443\u0440\u0435\u043d\u0442\u043e\u0441\u043f\u043e\u0441\u043e\u0431\u043d\u044b\u043c \u0446\u0435\u043d\u0430\u043c. \u041d\u0430\u0448\u0430 \u043a\u043e\u043c\u0430\u043d\u0434\u0430 \u044d\u043a\u0441\u043f\u0435\u0440\u0442\u043e\u0432 \u0433\u043e\u0442\u043e\u0432\u0430 \u043f\u043e\u043c\u043e\u0447\u044c \u0432\u0430\u043c \u0432\u044b\u0431\u0440\u0430\u0442\u044c \u043f\u0440\u0430\u0432\u0438\u043b\u044c\u043d\u044b\u0439 \u044d\u043b\u0435\u043c\u0435\u043d\u0442 \u043a\u0430\u043d\u0430\u043b\u044c\u043d\u043e\u0433\u043e \u043d\u0430\u0433\u0440\u0435\u0432\u0430\u0442\u0435\u043b\u044f \u0434\u043b\u044f \u0432\u0430\u0448\u0435\u0433\u043e \u043f\u0440\u0438\u043c\u0435\u043d\u0435\u043d\u0438\u044f, \u0433\u0430\u0440\u0430\u043d\u0442\u0438\u0440\u0443\u044f \u043c\u0430\u043a\u0441\u0438\u043c\u0430\u043b\u044c\u043d\u0443\u044e \u044d\u0444\u0444\u0435\u043a\u0442\u0438\u0432\u043d\u043e\u0441\u0442\u044c \u0438 \u043d\u0430\u0434\u0435\u0436\u043d\u043e\u0441\u0442\u044c.<\/span><\/p>\n","protected":false},"featured_media":1819,"template":"","meta":[],"product_brand":[],"product_cat":[28],"product_tag":[206],"class_list":{"0":"post-1818","1":"product","2":"type-product","3":"status-publish","4":"has-post-thumbnail","6":"product_cat-tubular-heater","7":"product_tag-206","9":"first","10":"instock","11":"shipping-taxable","12":"product-type-simple"},"yoast_head":"<!-- This site is optimized with the Yoast SEO plugin v27.3 - https:\/\/yoast.com\/product\/yoast-seo-wordpress\/ -->\n<title>Meilleur \u00e9l\u00e9ment chauffant pour conduit | Cheri-heater.com<\/title>\n<meta name=\"description\" content=\"Cheri Heater propose des \u00e9l\u00e9ments chauffants haute performance pour conduits d&#039;air, con\u00e7us pour les syst\u00e8mes CVC et les syst\u00e8mes de ventilation industriels. Con\u00e7us pour durer et \u00eatre \u00e9conomes en \u00e9nergie, ces \u00e9l\u00e9ments chauffants assurent une distribution uniforme de la chaleur dans les conduits d&#039;air, ce qui les rend parfaits pour les applications commerciales et industrielles. Des tailles et configurations personnalisables sont disponibles pour r\u00e9pondre \u00e0 vos besoins sp\u00e9cifiques en chauffage. Visitez Cheri Heater pour des solutions de chauffage fiables et adapt\u00e9es \u00e0 votre entreprise.\" \/>\n<meta name=\"robots\" content=\"index, follow, max-snippet:-1, max-image-preview:large, max-video-preview:-1\" \/>\n<link rel=\"canonical\" href=\"https:\/\/cheri-heater.com\/ru\/product\/\u043a\u0430\u043d\u0430\u043b\u044c\u043d\u044b\u0439-\u043d\u0430\u0433\u0440\u0435\u0432\u0430\u0442\u0435\u043b\u044c\u043d\u044b\u0439-\u044d\u043b\u0435\u043c\u0435\u043d\u0442\/\" \/>\n<meta property=\"og:locale\" content=\"en_US\" \/>\n<meta property=\"og:type\" content=\"article\" \/>\n<meta property=\"og:title\" content=\"Meilleur \u00e9l\u00e9ment chauffant pour conduit | Cheri-heater.com\" \/>\n<meta property=\"og:description\" content=\"Cheri Heater propose des \u00e9l\u00e9ments chauffants haute performance pour conduits d&#039;air, con\u00e7us pour les syst\u00e8mes CVC et les syst\u00e8mes de ventilation industriels. Con\u00e7us pour durer et \u00eatre \u00e9conomes en \u00e9nergie, ces \u00e9l\u00e9ments chauffants assurent une distribution uniforme de la chaleur dans les conduits d&#039;air, ce qui les rend parfaits pour les applications commerciales et industrielles. Des tailles et configurations personnalisables sont disponibles pour r\u00e9pondre \u00e0 vos besoins sp\u00e9cifiques en chauffage. Visitez Cheri Heater pour des solutions de chauffage fiables et adapt\u00e9es \u00e0 votre entreprise.\" \/>\n<meta property=\"og:url\" content=\"https:\/\/cheri-heater.com\/ru\/product\/\u043a\u0430\u043d\u0430\u043b\u044c\u043d\u044b\u0439-\u043d\u0430\u0433\u0440\u0435\u0432\u0430\u0442\u0435\u043b\u044c\u043d\u044b\u0439-\u044d\u043b\u0435\u043c\u0435\u043d\u0442\/\" \/>\n<meta property=\"og:site_name\" content=\"Cheri Heater Technology Co.,Ltd.\" \/>\n<meta property=\"og:image\" content=\"https:\/\/cheri-heater.com\/ru\/wp-content\/uploads\/2025\/05\/finned-1.jpg\" \/>\n\t<meta property=\"og:image:width\" content=\"712\" \/>\n\t<meta property=\"og:image:height\" content=\"506\" \/>\n\t<meta property=\"og:image:type\" content=\"image\/jpeg\" \/>\n<meta name=\"twitter:card\" content=\"summary_large_image\" \/>\n<meta name=\"twitter:label1\" content=\"Est. reading time\" \/>\n\t<meta name=\"twitter:data1\" content=\"1 minute\" \/>\n<!-- \/ Yoast SEO plugin. -->","yoast_head_json":{"title":"Meilleur \u00e9l\u00e9ment chauffant pour conduit | Cheri-heater.com","description":"Cheri Heater propose des \u00e9l\u00e9ments chauffants haute performance pour conduits d'air, con\u00e7us pour les syst\u00e8mes CVC et les syst\u00e8mes de ventilation industriels. Con\u00e7us pour durer et \u00eatre \u00e9conomes en \u00e9nergie, ces \u00e9l\u00e9ments chauffants assurent une distribution uniforme de la chaleur dans les conduits d'air, ce qui les rend parfaits pour les applications commerciales et industrielles. Des tailles et configurations personnalisables sont disponibles pour r\u00e9pondre \u00e0 vos besoins sp\u00e9cifiques en chauffage. Visitez Cheri Heater pour des solutions de chauffage fiables et adapt\u00e9es \u00e0 votre entreprise.","robots":{"index":"index","follow":"follow","max-snippet":"max-snippet:-1","max-image-preview":"max-image-preview:large","max-video-preview":"max-video-preview:-1"},"canonical":"https:\/\/cheri-heater.com\/ru\/product\/\u043a\u0430\u043d\u0430\u043b\u044c\u043d\u044b\u0439-\u043d\u0430\u0433\u0440\u0435\u0432\u0430\u0442\u0435\u043b\u044c\u043d\u044b\u0439-\u044d\u043b\u0435\u043c\u0435\u043d\u0442\/","og_locale":"en_US","og_type":"article","og_title":"Meilleur \u00e9l\u00e9ment chauffant pour conduit | Cheri-heater.com","og_description":"Cheri Heater propose des \u00e9l\u00e9ments chauffants haute performance pour conduits d'air, con\u00e7us pour les syst\u00e8mes CVC et les syst\u00e8mes de ventilation industriels. Con\u00e7us pour durer et \u00eatre \u00e9conomes en \u00e9nergie, ces \u00e9l\u00e9ments chauffants assurent une distribution uniforme de la chaleur dans les conduits d'air, ce qui les rend parfaits pour les applications commerciales et industrielles. Des tailles et configurations personnalisables sont disponibles pour r\u00e9pondre \u00e0 vos besoins sp\u00e9cifiques en chauffage. Visitez Cheri Heater pour des solutions de chauffage fiables et adapt\u00e9es \u00e0 votre entreprise.","og_url":"https:\/\/cheri-heater.com\/ru\/product\/\u043a\u0430\u043d\u0430\u043b\u044c\u043d\u044b\u0439-\u043d\u0430\u0433\u0440\u0435\u0432\u0430\u0442\u0435\u043b\u044c\u043d\u044b\u0439-\u044d\u043b\u0435\u043c\u0435\u043d\u0442\/","og_site_name":"Cheri Heater Technology Co.,Ltd.","og_image":[{"width":712,"height":506,"url":"https:\/\/cheri-heater.com\/ru\/wp-content\/uploads\/2025\/05\/finned-1.jpg","type":"image\/jpeg"}],"twitter_card":"summary_large_image","twitter_misc":{"Est. reading time":"1 minute"},"schema":{"@context":"https:\/\/schema.org","@graph":[{"@type":"WebPage","@id":"https:\/\/cheri-heater.com\/ru\/product\/%d0%ba%d0%b0%d0%bd%d0%b0%d0%bb%d1%8c%d0%bd%d1%8b%d0%b9-%d0%bd%d0%b0%d0%b3%d1%80%d0%b5%d0%b2%d0%b0%d1%82%d0%b5%d0%bb%d1%8c%d0%bd%d1%8b%d0%b9-%d1%8d%d0%bb%d0%b5%d0%bc%d0%b5%d0%bd%d1%82\/","url":"https:\/\/cheri-heater.com\/ru\/product\/%d0%ba%d0%b0%d0%bd%d0%b0%d0%bb%d1%8c%d0%bd%d1%8b%d0%b9-%d0%bd%d0%b0%d0%b3%d1%80%d0%b5%d0%b2%d0%b0%d1%82%d0%b5%d0%bb%d1%8c%d0%bd%d1%8b%d0%b9-%d1%8d%d0%bb%d0%b5%d0%bc%d0%b5%d0%bd%d1%82\/","name":"Meilleur \u00e9l\u00e9ment chauffant pour conduit | Cheri-heater.com","isPartOf":{"@id":"https:\/\/cheri-heater.com\/ru\/#website"},"primaryImageOfPage":{"@id":"https:\/\/cheri-heater.com\/ru\/product\/%d0%ba%d0%b0%d0%bd%d0%b0%d0%bb%d1%8c%d0%bd%d1%8b%d0%b9-%d0%bd%d0%b0%d0%b3%d1%80%d0%b5%d0%b2%d0%b0%d1%82%d0%b5%d0%bb%d1%8c%d0%bd%d1%8b%d0%b9-%d1%8d%d0%bb%d0%b5%d0%bc%d0%b5%d0%bd%d1%82\/#primaryimage"},"image":{"@id":"https:\/\/cheri-heater.com\/ru\/product\/%d0%ba%d0%b0%d0%bd%d0%b0%d0%bb%d1%8c%d0%bd%d1%8b%d0%b9-%d0%bd%d0%b0%d0%b3%d1%80%d0%b5%d0%b2%d0%b0%d1%82%d0%b5%d0%bb%d1%8c%d0%bd%d1%8b%d0%b9-%d1%8d%d0%bb%d0%b5%d0%bc%d0%b5%d0%bd%d1%82\/#primaryimage"},"thumbnailUrl":"https:\/\/cheri-heater.com\/ru\/wp-content\/uploads\/2025\/05\/finned-1.jpg","datePublished":"2025-05-19T01:10:23+00:00","description":"Cheri Heater propose des \u00e9l\u00e9ments chauffants haute performance pour conduits d'air, con\u00e7us pour les syst\u00e8mes CVC et les syst\u00e8mes de ventilation industriels. Con\u00e7us pour durer et \u00eatre \u00e9conomes en \u00e9nergie, ces \u00e9l\u00e9ments chauffants assurent une distribution uniforme de la chaleur dans les conduits d'air, ce qui les rend parfaits pour les applications commerciales et industrielles. Des tailles et configurations personnalisables sont disponibles pour r\u00e9pondre \u00e0 vos besoins sp\u00e9cifiques en chauffage. Visitez Cheri Heater pour des solutions de chauffage fiables et adapt\u00e9es \u00e0 votre entreprise.","breadcrumb":{"@id":"https:\/\/cheri-heater.com\/ru\/product\/%d0%ba%d0%b0%d0%bd%d0%b0%d0%bb%d1%8c%d0%bd%d1%8b%d0%b9-%d0%bd%d0%b0%d0%b3%d1%80%d0%b5%d0%b2%d0%b0%d1%82%d0%b5%d0%bb%d1%8c%d0%bd%d1%8b%d0%b9-%d1%8d%d0%bb%d0%b5%d0%bc%d0%b5%d0%bd%d1%82\/#breadcrumb"},"inLanguage":"en-US","potentialAction":[{"@type":"ReadAction","target":["https:\/\/cheri-heater.com\/ru\/product\/%d0%ba%d0%b0%d0%bd%d0%b0%d0%bb%d1%8c%d0%bd%d1%8b%d0%b9-%d0%bd%d0%b0%d0%b3%d1%80%d0%b5%d0%b2%d0%b0%d1%82%d0%b5%d0%bb%d1%8c%d0%bd%d1%8b%d0%b9-%d1%8d%d0%bb%d0%b5%d0%bc%d0%b5%d0%bd%d1%82\/"]}]},{"@type":"ImageObject","inLanguage":"en-US","@id":"https:\/\/cheri-heater.com\/ru\/product\/%d0%ba%d0%b0%d0%bd%d0%b0%d0%bb%d1%8c%d0%bd%d1%8b%d0%b9-%d0%bd%d0%b0%d0%b3%d1%80%d0%b5%d0%b2%d0%b0%d1%82%d0%b5%d0%bb%d1%8c%d0%bd%d1%8b%d0%b9-%d1%8d%d0%bb%d0%b5%d0%bc%d0%b5%d0%bd%d1%82\/#primaryimage","url":"https:\/\/cheri-heater.com\/ru\/wp-content\/uploads\/2025\/05\/finned-1.jpg","contentUrl":"https:\/\/cheri-heater.com\/ru\/wp-content\/uploads\/2025\/05\/finned-1.jpg","width":712,"height":506,"caption":"\u041a\u0430\u043d\u0430\u043b\u044c\u043d\u044b\u0439 \u041d\u0430\u0433\u0440\u0435\u0432\u0430\u0442\u0435\u043b\u044c\u043d\u044b\u0439 \u042d\u043b\u0435\u043c\u0435\u043d\u0442"},{"@type":"BreadcrumbList","@id":"https:\/\/cheri-heater.com\/ru\/product\/%d0%ba%d0%b0%d0%bd%d0%b0%d0%bb%d1%8c%d0%bd%d1%8b%d0%b9-%d0%bd%d0%b0%d0%b3%d1%80%d0%b5%d0%b2%d0%b0%d1%82%d0%b5%d0%bb%d1%8c%d0%bd%d1%8b%d0%b9-%d1%8d%d0%bb%d0%b5%d0%bc%d0%b5%d0%bd%d1%82\/#breadcrumb","itemListElement":[{"@type":"ListItem","position":1,"name":"Home","item":"https:\/\/cheri-heater.com\/ru\/"},{"@type":"ListItem","position":2,"name":"Products","item":"https:\/\/cheri-heater.com\/ru\/products\/"},{"@type":"ListItem","position":3,"name":"\u041a\u0430\u043d\u0430\u043b\u044c\u043d\u044b\u0439 \u041d\u0430\u0433\u0440\u0435\u0432\u0430\u0442\u0435\u043b\u044c\u043d\u044b\u0439 \u042d\u043b\u0435\u043c\u0435\u043d\u0442"}]},{"@type":"WebSite","@id":"https:\/\/cheri-heater.com\/ru\/#website","url":"https:\/\/cheri-heater.com\/ru\/","name":"Cheri Heater Technology Co.,Ltd.","description":"","publisher":{"@id":"https:\/\/cheri-heater.com\/ru\/#organization"},"potentialAction":[{"@type":"SearchAction","target":{"@type":"EntryPoint","urlTemplate":"https:\/\/cheri-heater.com\/ru\/?s={search_term_string}"},"query-input":{"@type":"PropertyValueSpecification","valueRequired":true,"valueName":"search_term_string"}}],"inLanguage":"en-US"},{"@type":"Organization","@id":"https:\/\/cheri-heater.com\/ru\/#organization","name":"Cheri Heater Technology Co.,Ltd.","url":"https:\/\/cheri-heater.com\/ru\/","logo":{"@type":"ImageObject","inLanguage":"en-US","@id":"https:\/\/cheri-heater.com\/ru\/#\/schema\/logo\/image\/","url":"https:\/\/cheri-heater.com\/ru\/wp-content\/uploads\/2024\/06\/cropped-logo-resize.png","contentUrl":"https:\/\/cheri-heater.com\/ru\/wp-content\/uploads\/2024\/06\/cropped-logo-resize.png","width":346,"height":99,"caption":"Cheri Heater Technology Co.,Ltd."},"image":{"@id":"https:\/\/cheri-heater.com\/ru\/#\/schema\/logo\/image\/"}}]}},"_links":{"self":[{"href":"https:\/\/cheri-heater.com\/ru\/wp-json\/wp\/v2\/product\/1818","targetHints":{"allow":["GET"]}}],"collection":[{"href":"https:\/\/cheri-heater.com\/ru\/wp-json\/wp\/v2\/product"}],"about":[{"href":"https:\/\/cheri-heater.com\/ru\/wp-json\/wp\/v2\/types\/product"}],"wp:featuredmedia":[{"embeddable":true,"href":"https:\/\/cheri-heater.com\/ru\/wp-json\/wp\/v2\/media\/1819"}],"wp:attachment":[{"href":"https:\/\/cheri-heater.com\/ru\/wp-json\/wp\/v2\/media?parent=1818"}],"wp:term":[{"taxonomy":"product_brand","embeddable":true,"href":"https:\/\/cheri-heater.com\/ru\/wp-json\/wp\/v2\/product_brand?post=1818"},{"taxonomy":"product_cat","embeddable":true,"href":"https:\/\/cheri-heater.com\/ru\/wp-json\/wp\/v2\/product_cat?post=1818"},{"taxonomy":"product_tag","embeddable":true,"href":"https:\/\/cheri-heater.com\/ru\/wp-json\/wp\/v2\/product_tag?post=1818"}],"curies":[{"name":"wp","href":"https:\/\/api.w.org\/{rel}","templated":true}]}}