{"id":1822,"date":"2025-05-19T01:16:49","date_gmt":"2025-05-19T01:16:49","guid":{"rendered":"https:\/\/cheri-heater.com\/ru\/?post_type=product&#038;p=1822"},"modified":"2025-05-19T01:16:49","modified_gmt":"2025-05-19T01:16:49","slug":"%d1%84%d0%bb%d0%b0%d0%bd%d1%86%d0%b5%d0%b2%d1%8b%d0%b9-%d0%bf%d0%be%d0%b3%d1%80%d1%83%d0%b6%d0%bd%d0%be%d0%b9-%d0%bd%d0%b0%d0%b3%d1%80%d0%b5%d0%b2%d0%b0%d1%82%d0%b5%d0%bb%d1%8c","status":"publish","type":"product","link":"https:\/\/cheri-heater.com\/ru\/product\/%d1%84%d0%bb%d0%b0%d0%bd%d1%86%d0%b5%d0%b2%d1%8b%d0%b9-%d0%bf%d0%be%d0%b3%d1%80%d1%83%d0%b6%d0%bd%d0%be%d0%b9-%d0%bd%d0%b0%d0%b3%d1%80%d0%b5%d0%b2%d0%b0%d1%82%d0%b5%d0%bb%d1%8c\/","title":{"rendered":"\u0424\u043b\u0430\u043d\u0446\u0435\u0432\u044b\u0439 \u041f\u043e\u0433\u0440\u0443\u0436\u043d\u043e\u0439 \u041d\u0430\u0433\u0440\u0435\u0432\u0430\u0442\u0435\u043b\u044c"},"content":{"rendered":"","protected":false},"excerpt":{"rendered":"<h2><b><span><span class=\"\">\u041d\u0430\u0434\u0435\u0436\u043d\u044b\u0435 \u043f\u0440\u043e\u0438\u0437\u0432\u043e\u0434\u0438\u0442\u0435\u043b\u0438 \u0444\u043b\u0430\u043d\u0446\u0435\u0432\u044b\u0445 \u043f\u043e\u0433\u0440\u0443\u0436\u043d\u044b\u0445 \u043d\u0430\u0433\u0440\u0435\u0432\u0430\u0442\u0435\u043b\u0435\u0439<\/span><\/span><\/b><\/h2>\n<p><b><span>\u0424\u043b\u0430\u043d\u0446\u0435\u0432\u044b\u0439 \u043f\u043e\u0433\u0440\u0443\u0436\u043d\u043e\u0439 \u043d\u0430\u0433\u0440\u0435\u0432\u0430\u0442\u0435\u043b\u044c\u00a0<\/span><\/b><span>Cheri Heater\u00a0<\/span><span>\u043f\u0440\u0435\u0434\u043b\u0430\u0433\u0430\u0435\u0442 \u0442\u043e\u0447\u043d\u043e \u0441\u043f\u0440\u043e\u0435\u043a\u0442\u0438\u0440\u043e\u0432\u0430\u043d\u043d\u044b\u0435 \u0440\u0435\u0448\u0435\u043d\u0438\u044f \u0434\u043b\u044f \u043d\u0443\u0436\u0434 \u043f\u0440\u043e\u043c\u044b\u0448\u043b\u0435\u043d\u043d\u043e\u0433\u043e \u043d\u0430\u0433\u0440\u0435\u0432\u0430. \u0420\u0430\u0437\u0440\u0430\u0431\u043e\u0442\u0430\u043d\u043d\u044b\u0439 \u0434\u043b\u044f \u0434\u043e\u043b\u0433\u043e\u0432\u0435\u0447\u043d\u043e\u0441\u0442\u0438 \u0438 \u0432\u044b\u0441\u043e\u043a\u043e\u0439 \u043f\u0440\u043e\u0438\u0437\u0432\u043e\u0434\u0438\u0442\u0435\u043b\u044c\u043d\u043e\u0441\u0442\u0438, \u044d\u0442\u043e\u0442 \u043d\u0430\u0433\u0440\u0435\u0432\u0430\u0442\u0435\u043b\u044c \u0438\u0434\u0435\u0430\u043b\u044c\u043d\u043e \u043f\u043e\u0434\u0445\u043e\u0434\u0438\u0442 \u0434\u043b\u044f \u043f\u0440\u0438\u043c\u0435\u043d\u0435\u043d\u0438\u0439, \u0442\u0440\u0435\u0431\u0443\u044e\u0449\u0438\u0445 \u043a\u043e\u043d\u0442\u0440\u043e\u043b\u0438\u0440\u0443\u0435\u043c\u043e\u0433\u043e \u043d\u0430\u0433\u0440\u0435\u0432\u0430 \u0432 \u0440\u0435\u0437\u0435\u0440\u0432\u0443\u0430\u0440\u0430\u0445, \u0440\u0435\u0437\u0435\u0440\u0432\u0443\u0430\u0440\u0430\u0445 \u0438\u043b\u0438 \u0441\u043e\u0441\u0443\u0434\u0430\u0445 \u043f\u043e\u0434 \u0434\u0430\u0432\u043b\u0435\u043d\u0438\u0435\u043c. \u0411\u043b\u0430\u0433\u043e\u0434\u0430\u0440\u044f \u043f\u0440\u043e\u0447\u043d\u043e\u0439 \u0444\u043b\u0430\u043d\u0446\u0435\u0432\u043e\u0439 \u043a\u043e\u043d\u0441\u0442\u0440\u0443\u043a\u0446\u0438\u0438 \u043e\u043d \u043e\u0431\u0435\u0441\u043f\u0435\u0447\u0438\u0432\u0430\u0435\u0442 \u0438\u0441\u043a\u043b\u044e\u0447\u0438\u0442\u0435\u043b\u044c\u043d\u0443\u044e \u0442\u0435\u043f\u043b\u043e\u043f\u0435\u0440\u0435\u0434\u0430\u0447\u0443, \u0433\u0430\u0440\u0430\u043d\u0442\u0438\u0440\u0443\u044f \u0431\u0435\u0437\u043e\u043f\u0430\u0441\u043d\u043e\u0441\u0442\u044c \u0438 \u043d\u0430\u0434\u0435\u0436\u043d\u043e\u0441\u0442\u044c \u0432 \u0441\u043b\u043e\u0436\u043d\u044b\u0445 \u0443\u0441\u043b\u043e\u0432\u0438\u044f\u0445.<\/span><\/p>\n<h3><b><span>\u041f\u043e\u0447\u0435\u043c\u0443 \u0441\u0442\u043e\u0438\u0442 \u0432\u044b\u0431\u0440\u0430\u0442\u044c \u0444\u043b\u0430\u043d\u0446\u0435\u0432\u044b\u0439 \u043f\u043e\u0433\u0440\u0443\u0436\u043d\u043e\u0439 \u043d\u0430\u0433\u0440\u0435\u0432\u0430\u0442\u0435\u043b\u044c Cheri Heater?<\/span><\/b><\/h3>\n<p><span>\u041a\u043e\u0433\u0434\u0430 \u0440\u0435\u0447\u044c \u0438\u0434\u0435\u0442 \u043e \u043f\u0440\u043e\u043c\u044b\u0448\u043b\u0435\u043d\u043d\u043e\u043c \u043e\u0442\u043e\u043f\u043b\u0435\u043d\u0438\u0438,\u00a0<\/span><b><span>\u0444\u043b\u0430\u043d\u0446\u0435\u0432\u044b\u0439 \u043f\u043e\u0433\u0440\u0443\u0436\u043d\u043e\u0439 \u043d\u0430\u0433\u0440\u0435\u0432\u0430\u0442\u0435\u043b\u044c\u00a0<\/span><\/b><span>\u043e\u0442 Cheri Heater \u0432\u044b\u0434\u0435\u043b\u044f\u0435\u0442\u0441\u044f \u0441\u0432\u043e\u0435\u0439 \u0443\u043d\u0438\u0432\u0435\u0440\u0441\u0430\u043b\u044c\u043d\u043e\u0441\u0442\u044c\u044e \u0438 \u044d\u0444\u0444\u0435\u043a\u0442\u0438\u0432\u043d\u043e\u0441\u0442\u044c\u044e. \u041e\u0441\u043d\u043e\u0432\u043d\u044b\u0435 \u0445\u0430\u0440\u0430\u043a\u0442\u0435\u0440\u0438\u0441\u0442\u0438\u043a\u0438 \u0432\u043a\u043b\u044e\u0447\u0430\u044e\u0442:<\/span><\/p>\n<ul>\n<li aria-level=\"1\"><b><span>\u041d\u0430\u0441\u0442\u0440\u0430\u0438\u0432\u0430\u0435\u043c\u044b\u0435 \u043f\u0430\u0440\u0430\u043c\u0435\u0442\u0440\u044b:\u00a0<\/span><\/b><span>\u0430\u0434\u0430\u043f\u0442\u0438\u0440\u0443\u0439\u0442\u0435 \u0441\u0432\u043e\u0439 \u043d\u0430\u0433\u0440\u0435\u0432\u0430\u0442\u0435\u043b\u044c \u043f\u043e\u0434 \u0432\u0430\u0448\u0438 \u043a\u043e\u043d\u043a\u0440\u0435\u0442\u043d\u044b\u0435 \u0443\u0441\u043b\u043e\u0432\u0438\u044f \u043f\u0440\u0438\u043c\u0435\u043d\u0435\u043d\u0438\u044f, \u0432\u044b\u0431\u0440\u0430\u0432 \u0440\u0430\u0437\u043b\u0438\u0447\u043d\u044b\u0435 \u0440\u0430\u0437\u043c\u0435\u0440\u044b \u0444\u043b\u0430\u043d\u0446\u0435\u0432, \u043c\u0430\u0442\u0435\u0440\u0438\u0430\u043b\u044b \u0438 \u0443\u0434\u0435\u043b\u044c\u043d\u0443\u044e \u043c\u043e\u0449\u043d\u043e\u0441\u0442\u044c.<\/span><\/li>\n<li aria-level=\"1\"><b><span>\u041f\u0440\u0435\u0432\u043e\u0441\u0445\u043e\u0434\u043d\u044b\u0435 \u043c\u0430\u0442\u0435\u0440\u0438\u0430\u043b\u044b:\u00a0<\/span><\/b><span>\u044d\u043b\u0435\u043c\u0435\u043d\u0442\u044b \u0438\u0437\u0433\u043e\u0442\u0430\u0432\u043b\u0438\u0432\u0430\u044e\u0442\u0441\u044f \u0438\u0437 \u043d\u0435\u0440\u0436\u0430\u0432\u0435\u044e\u0449\u0435\u0439 \u0441\u0442\u0430\u043b\u0438 \u0438\u043b\u0438 \u0441\u043f\u043b\u0430\u0432\u0430 Incoloy, \u0447\u0442\u043e \u043e\u0431\u0435\u0441\u043f\u0435\u0447\u0438\u0432\u0430\u0435\u0442 \u0443\u0441\u0442\u043e\u0439\u0447\u0438\u0432\u043e\u0441\u0442\u044c \u043a \u043a\u043e\u0440\u0440\u043e\u0437\u0438\u0438 \u0438 \u0434\u043b\u0438\u0442\u0435\u043b\u044c\u043d\u044b\u0439 \u0441\u0440\u043e\u043a \u0441\u043b\u0443\u0436\u0431\u044b.<\/span><\/li>\n<li aria-level=\"1\"><b><span>\u0422\u043e\u0447\u043d\u043e\u0435 \u0443\u043f\u0440\u0430\u0432\u043b\u0435\u043d\u0438\u0435:\u00a0<\/span><\/b><span>\u0441\u043e\u0432\u043c\u0435\u0441\u0442\u0438\u043c\u043e\u0441\u0442\u044c \u0441 \u0442\u0435\u0440\u043c\u043e\u043f\u0430\u0440\u0430\u043c\u0438 \u0438 \u0442\u0435\u0440\u043c\u043e\u0441\u0442\u0430\u0442\u0430\u043c\u0438 \u0434\u043b\u044f \u0442\u043e\u0447\u043d\u043e\u0433\u043e \u0443\u043f\u0440\u0430\u0432\u043b\u0435\u043d\u0438\u044f \u0442\u0435\u043c\u043f\u0435\u0440\u0430\u0442\u0443\u0440\u043e\u0439, \u0441\u0432\u043e\u0434\u044f \u043a \u043c\u0438\u043d\u0438\u043c\u0443\u043c\u0443 \u043f\u043e\u0442\u0435\u0440\u0438 \u044d\u043d\u0435\u0440\u0433\u0438\u0438.<\/span><\/li>\n<\/ul>\n<h3><b><span>\u041f\u0440\u0438\u043c\u0435\u043d\u0435\u043d\u0438\u0435 \u0444\u043b\u0430\u043d\u0446\u0435\u0432\u043e\u0433\u043e \u043f\u043e\u0433\u0440\u0443\u0436\u043d\u043e\u0433\u043e \u043d\u0430\u0433\u0440\u0435\u0432\u0430\u0442\u0435\u043b\u044f Cheri Heater<\/span><\/b><\/h3>\n<p><b><span>\u0424\u043b\u0430\u043d\u0446\u0435\u0432\u044b\u0439 \u043f\u043e\u0433\u0440\u0443\u0436\u043d\u043e\u0439 \u043d\u0430\u0433\u0440\u0435\u0432\u0430\u0442\u0435\u043b\u044c\u00a0<\/span><\/b><span>Cheri Heater\u00a0<\/span><span>\u2014 \u0438\u0434\u0435\u0430\u043b\u044c\u043d\u044b\u0439 \u0432\u044b\u0431\u043e\u0440 \u0434\u043b\u044f \u0440\u0430\u0437\u043b\u0438\u0447\u043d\u044b\u0445 \u043e\u0442\u0440\u0430\u0441\u043b\u0435\u0439 \u043f\u0440\u043e\u043c\u044b\u0448\u043b\u0435\u043d\u043d\u043e\u0441\u0442\u0438, \u0432\u043a\u043b\u044e\u0447\u0430\u044f:<\/span><\/p>\n<h3><b><span>1. \u041d\u0435\u0444\u0442\u044c \u0438 \u0433\u0430\u0437<\/span><\/b><\/h3>\n<p><span>\u042d\u0444\u0444\u0435\u043a\u0442\u0438\u0432\u043d\u044b\u0439 \u043d\u0430\u0433\u0440\u0435\u0432 \u0436\u0438\u0434\u043a\u043e\u0441\u0442\u0435\u0439, \u0441\u043c\u0430\u0437\u043e\u0447\u043d\u044b\u0445 \u043c\u0430\u0442\u0435\u0440\u0438\u0430\u043b\u043e\u0432 \u0438 \u0432\u044f\u0437\u043a\u0438\u0445 \u043c\u0430\u0442\u0435\u0440\u0438\u0430\u043b\u043e\u0432 \u043d\u0430 \u043c\u043e\u0440\u0441\u043a\u0438\u0445 \u0438 \u0431\u0435\u0440\u0435\u0433\u043e\u0432\u044b\u0445 \u043e\u0431\u044a\u0435\u043a\u0442\u0430\u0445.<\/span><\/p>\n<h3><b><span>2. \u0425\u0438\u043c\u0438\u0447\u0435\u0441\u043a\u0430\u044f \u043e\u0431\u0440\u0430\u0431\u043e\u0442\u043a\u0430<\/span><\/b><\/h3>\n<p><span>\u041f\u043e\u0434\u0434\u0435\u0440\u0436\u0438\u0432\u0430\u0439\u0442\u0435 \u0442\u043e\u0447\u043d\u044b\u0435 \u0442\u0435\u043c\u043f\u0435\u0440\u0430\u0442\u0443\u0440\u044b \u0434\u043b\u044f \u0445\u0438\u043c\u0438\u0447\u0435\u0441\u043a\u0438\u0445 \u0440\u0435\u0430\u043a\u0446\u0438\u0439 \u0438\u043b\u0438 \u0441\u043c\u0435\u0448\u0438\u0432\u0430\u043d\u0438\u044f \u043c\u0430\u0442\u0435\u0440\u0438\u0430\u043b\u043e\u0432 \u0431\u0435\u0437 \u0443\u0449\u0435\u0440\u0431\u0430 \u0434\u043b\u044f \u0431\u0435\u0437\u043e\u043f\u0430\u0441\u043d\u043e\u0441\u0442\u0438.<\/span><\/p>\n<h3><b><span>3. \u0415\u0434\u0430 \u0438 \u043d\u0430\u043f\u0438\u0442\u043a\u0438<\/span><\/b><\/h3>\n<p><span>\u041e\u0431\u0435\u0441\u043f\u0435\u0447\u044c\u0442\u0435 \u0435\u0434\u0438\u043d\u043e\u043e\u0431\u0440\u0430\u0437\u0438\u0435 \u043f\u0440\u0438 \u043e\u0431\u0440\u0430\u0431\u043e\u0442\u043a\u0435 \u0436\u0438\u0434\u043a\u043e\u0441\u0442\u0435\u0439, \u0442\u0430\u043a\u0438\u0445 \u043a\u0430\u043a \u0441\u0438\u0440\u043e\u043f\u044b, \u043c\u0430\u0441\u043b\u0430 \u0438\u043b\u0438 \u043c\u043e\u043b\u043e\u0447\u043d\u044b\u0435 \u043f\u0440\u043e\u0434\u0443\u043a\u0442\u044b, \u0441 \u0432\u043e\u0437\u043c\u043e\u0436\u043d\u043e\u0441\u0442\u044c\u044e \u043d\u0430\u0441\u0442\u0440\u043e\u0439\u043a\u0438 \u043f\u043e\u0434 \u043f\u0438\u0449\u0435\u0432\u043e\u0439 \u0441\u0442\u0430\u043d\u0434\u0430\u0440\u0442.<\/span><\/p>\n<h3><b><span>4. \u041e\u0447\u0438\u0441\u0442\u043a\u0430 \u0432\u043e\u0434\u044b<\/span><\/b><\/h3>\n<p><span>\u041e\u043f\u0442\u0438\u043c\u0438\u0437\u0438\u0440\u0443\u0439\u0442\u0435 \u043d\u0430\u0433\u0440\u0435\u0432 \u0432\u043e\u0434\u044b \u0438 \u0441\u0438\u0441\u0442\u0435\u043c \u043e\u0447\u0438\u0441\u0442\u043a\u0438 \u0441\u0442\u043e\u0447\u043d\u044b\u0445 \u0432\u043e\u0434 \u043d\u0430 \u043f\u0440\u043e\u043c\u044b\u0448\u043b\u0435\u043d\u043d\u044b\u0445 \u043f\u0440\u0435\u0434\u043f\u0440\u0438\u044f\u0442\u0438\u044f\u0445.<\/span><\/p>\n<h3><b><span>5. \u0421\u0438\u0441\u0442\u0435\u043c\u044b \u043e\u0442\u043e\u043f\u043b\u0435\u043d\u0438\u044f, \u0432\u0435\u043d\u0442\u0438\u043b\u044f\u0446\u0438\u0438 \u0438 \u043a\u043e\u043d\u0434\u0438\u0446\u0438\u043e\u043d\u0438\u0440\u043e\u0432\u0430\u043d\u0438\u044f \u0432\u043e\u0437\u0434\u0443\u0445\u0430<\/span><\/b><\/h3>\n<p><span>\u041e\u0431\u0435\u0441\u043f\u0435\u0447\u0438\u0442\u044c \u0434\u043e\u043f\u043e\u043b\u043d\u0438\u0442\u0435\u043b\u044c\u043d\u043e\u0435 \u043e\u0442\u043e\u043f\u043b\u0435\u043d\u0438\u0435 \u0434\u043b\u044f \u043a\u0440\u0443\u043f\u043d\u044b\u0445 \u0441\u0438\u0441\u0442\u0435\u043c \u043e\u0442\u043e\u043f\u043b\u0435\u043d\u0438\u044f, \u0432\u0435\u043d\u0442\u0438\u043b\u044f\u0446\u0438\u0438 \u0438 \u043a\u043e\u043d\u0434\u0438\u0446\u0438\u043e\u043d\u0438\u0440\u043e\u0432\u0430\u043d\u0438\u044f \u0432\u043e\u0437\u0434\u0443\u0445\u0430, \u0433\u0430\u0440\u0430\u043d\u0442\u0438\u0440\u0443\u044f \u044d\u043d\u0435\u0440\u0433\u043e\u044d\u0444\u0444\u0435\u043a\u0442\u0438\u0432\u043d\u043e\u0435 \u0440\u0435\u0433\u0443\u043b\u0438\u0440\u043e\u0432\u0430\u043d\u0438\u0435 \u0442\u0435\u043c\u043f\u0435\u0440\u0430\u0442\u0443\u0440\u044b.<\/span><\/p>\n<h3><b><span>\u041f\u043e\u0447\u0435\u043c\u0443 \u0438\u043c\u0435\u043d\u043d\u043e Cheri Heater \u0434\u043b\u044f \u0444\u043b\u0430\u043d\u0446\u0435\u0432\u043e\u0433\u043e \u043f\u043e\u0433\u0440\u0443\u0436\u043d\u043e\u0433\u043e \u043d\u0430\u0433\u0440\u0435\u0432\u0430\u0442\u0435\u043b\u044f?<\/span><\/b><\/h3>\n<p><span>Cheri Heater \u043f\u0440\u0438\u0432\u043d\u043e\u0441\u0438\u0442 \u0434\u0435\u0441\u044f\u0442\u0438\u043b\u0435\u0442\u0438\u044f \u043e\u043f\u044b\u0442\u0430 \u0432 \u043f\u0440\u043e\u0438\u0437\u0432\u043e\u0434\u0441\u0442\u0432\u043e \u0432\u044b\u0441\u043e\u043a\u043e\u043f\u0440\u043e\u0438\u0437\u0432\u043e\u0434\u0438\u0442\u0435\u043b\u044c\u043d\u044b\u0445 \u043d\u0430\u0433\u0440\u0435\u0432\u0430\u0442\u0435\u043b\u0435\u0439, \u0430\u0434\u0430\u043f\u0442\u0438\u0440\u043e\u0432\u0430\u043d\u043d\u044b\u0445 \u043a \u043f\u0440\u043e\u043c\u044b\u0448\u043b\u0435\u043d\u043d\u044b\u043c \u043f\u043e\u0442\u0440\u0435\u0431\u043d\u043e\u0441\u0442\u044f\u043c. \u041a\u0430\u0436\u0434\u044b\u0439\u00a0<\/span><b><span>\u0444\u043b\u0430\u043d\u0446\u0435\u0432\u044b\u0439 \u043f\u043e\u0433\u0440\u0443\u0436\u043d\u043e\u0439 \u043d\u0430\u0433\u0440\u0435\u0432\u0430\u0442\u0435\u043b\u044c\u00a0<\/span><\/b><span>\u043f\u0440\u043e\u0445\u043e\u0434\u0438\u0442 \u0441\u0442\u0440\u043e\u0433\u0438\u0435 \u0438\u0441\u043f\u044b\u0442\u0430\u043d\u0438\u044f \u043d\u0430 \u0441\u043e\u043e\u0442\u0432\u0435\u0442\u0441\u0442\u0432\u0438\u0435 \u043c\u0435\u0436\u0434\u0443\u043d\u0430\u0440\u043e\u0434\u043d\u044b\u043c \u0441\u0442\u0430\u043d\u0434\u0430\u0440\u0442\u0430\u043c, \u0433\u0430\u0440\u0430\u043d\u0442\u0438\u0440\u0443\u044f \u043d\u0430\u0434\u0435\u0436\u043d\u043e\u0441\u0442\u044c \u0438 \u043f\u0435\u0440\u0432\u043e\u043a\u043b\u0430\u0441\u0441\u043d\u0443\u044e \u043f\u0440\u043e\u0438\u0437\u0432\u043e\u0434\u0438\u0442\u0435\u043b\u044c\u043d\u043e\u0441\u0442\u044c \u0432 \u0441\u043b\u043e\u0436\u043d\u044b\u0445 \u0443\u0441\u043b\u043e\u0432\u0438\u044f\u0445.<\/span><\/p>\n<p><span>\u0418\u043d\u0432\u0435\u0441\u0442\u0438\u0440\u0443\u0439\u0442\u0435 \u0432 \u043b\u0443\u0447\u0448\u0435\u0435 \u0441\u00a0<\/span><b><span>\u0444\u043b\u0430\u043d\u0446\u0435\u0432\u044b\u043c \u043f\u043e\u0433\u0440\u0443\u0436\u043d\u044b\u043c \u043d\u0430\u0433\u0440\u0435\u0432\u0430\u0442\u0435\u043b\u0435\u043c Cheri Heater\u00a0<\/span><\/b><span>\u0438 \u043e\u0449\u0443\u0442\u0438\u0442\u0435 \u0438\u0434\u0435\u0430\u043b\u044c\u043d\u043e\u0435 \u0441\u043e\u0447\u0435\u0442\u0430\u043d\u0438\u0435 \u0438\u043d\u043d\u043e\u0432\u0430\u0446\u0438\u0439, \u043a\u0430\u0447\u0435\u0441\u0442\u0432\u0430 \u0438 \u044d\u0444\u0444\u0435\u043a\u0442\u0438\u0432\u043d\u043e\u0441\u0442\u0438 \u0434\u043b\u044f \u0432\u0430\u0448\u0435\u0433\u043e \u0431\u0438\u0437\u043d\u0435\u0441\u0430.<\/span><\/p>\n","protected":false},"featured_media":1823,"template":"","meta":[],"product_brand":[],"product_cat":[28],"product_tag":[208],"class_list":{"0":"post-1822","1":"product","2":"type-product","3":"status-publish","4":"has-post-thumbnail","6":"product_cat-tubular-heater","7":"product_tag-208","9":"first","10":"instock","11":"shipping-taxable","12":"product-type-simple"},"yoast_head":"<!-- This site is optimized with the Yoast SEO plugin v27.3 - https:\/\/yoast.com\/product\/yoast-seo-wordpress\/ -->\n<title>57 \/ 5,000Fabricants de thermoplongeurs \u00e0 bride | Cheri-heater.com<\/title>\n<meta name=\"description\" content=\"D\u00e9couvrez des fabricants fiables de thermoplongeurs \u00e0 brides offrant des solutions durables et efficaces pour le chauffage industriel et le contr\u00f4le de la temp\u00e9rature des fluides.\" \/>\n<meta name=\"robots\" content=\"index, follow, max-snippet:-1, max-image-preview:large, max-video-preview:-1\" \/>\n<link rel=\"canonical\" href=\"https:\/\/cheri-heater.com\/ru\/product\/\u0444\u043b\u0430\u043d\u0446\u0435\u0432\u044b\u0439-\u043f\u043e\u0433\u0440\u0443\u0436\u043d\u043e\u0439-\u043d\u0430\u0433\u0440\u0435\u0432\u0430\u0442\u0435\u043b\u044c\/\" \/>\n<meta property=\"og:locale\" content=\"en_US\" \/>\n<meta property=\"og:type\" content=\"article\" \/>\n<meta property=\"og:title\" content=\"57 \/ 5,000Fabricants de thermoplongeurs \u00e0 bride | Cheri-heater.com\" \/>\n<meta property=\"og:description\" content=\"D\u00e9couvrez des fabricants fiables de thermoplongeurs \u00e0 brides offrant des solutions durables et efficaces pour le chauffage industriel et le contr\u00f4le de la temp\u00e9rature des fluides.\" \/>\n<meta property=\"og:url\" content=\"https:\/\/cheri-heater.com\/ru\/product\/\u0444\u043b\u0430\u043d\u0446\u0435\u0432\u044b\u0439-\u043f\u043e\u0433\u0440\u0443\u0436\u043d\u043e\u0439-\u043d\u0430\u0433\u0440\u0435\u0432\u0430\u0442\u0435\u043b\u044c\/\" \/>\n<meta property=\"og:site_name\" content=\"Cheri Heater Technology Co.,Ltd.\" \/>\n<meta property=\"og:image\" content=\"https:\/\/cheri-heater.com\/ru\/wp-content\/uploads\/2025\/05\/82d18ff1-6f1a-4a6b-9ddd-f781f22bb445-1.jpg\" \/>\n\t<meta property=\"og:image:width\" content=\"1000\" \/>\n\t<meta property=\"og:image:height\" content=\"1000\" \/>\n\t<meta property=\"og:image:type\" content=\"image\/jpeg\" \/>\n<meta name=\"twitter:card\" content=\"summary_large_image\" \/>\n<meta name=\"twitter:label1\" content=\"Est. reading time\" \/>\n\t<meta name=\"twitter:data1\" content=\"1 minute\" \/>\n<!-- \/ Yoast SEO plugin. -->","yoast_head_json":{"title":"57 \/ 5,000Fabricants de thermoplongeurs \u00e0 bride | Cheri-heater.com","description":"D\u00e9couvrez des fabricants fiables de thermoplongeurs \u00e0 brides offrant des solutions durables et efficaces pour le chauffage industriel et le contr\u00f4le de la temp\u00e9rature des fluides.","robots":{"index":"index","follow":"follow","max-snippet":"max-snippet:-1","max-image-preview":"max-image-preview:large","max-video-preview":"max-video-preview:-1"},"canonical":"https:\/\/cheri-heater.com\/ru\/product\/\u0444\u043b\u0430\u043d\u0446\u0435\u0432\u044b\u0439-\u043f\u043e\u0433\u0440\u0443\u0436\u043d\u043e\u0439-\u043d\u0430\u0433\u0440\u0435\u0432\u0430\u0442\u0435\u043b\u044c\/","og_locale":"en_US","og_type":"article","og_title":"57 \/ 5,000Fabricants de thermoplongeurs \u00e0 bride | Cheri-heater.com","og_description":"D\u00e9couvrez des fabricants fiables de thermoplongeurs \u00e0 brides offrant des solutions durables et efficaces pour le chauffage industriel et le contr\u00f4le de la temp\u00e9rature des fluides.","og_url":"https:\/\/cheri-heater.com\/ru\/product\/\u0444\u043b\u0430\u043d\u0446\u0435\u0432\u044b\u0439-\u043f\u043e\u0433\u0440\u0443\u0436\u043d\u043e\u0439-\u043d\u0430\u0433\u0440\u0435\u0432\u0430\u0442\u0435\u043b\u044c\/","og_site_name":"Cheri Heater Technology Co.,Ltd.","og_image":[{"width":1000,"height":1000,"url":"https:\/\/cheri-heater.com\/ru\/wp-content\/uploads\/2025\/05\/82d18ff1-6f1a-4a6b-9ddd-f781f22bb445-1.jpg","type":"image\/jpeg"}],"twitter_card":"summary_large_image","twitter_misc":{"Est. reading time":"1 minute"},"schema":{"@context":"https:\/\/schema.org","@graph":[{"@type":"WebPage","@id":"https:\/\/cheri-heater.com\/ru\/product\/%d1%84%d0%bb%d0%b0%d0%bd%d1%86%d0%b5%d0%b2%d1%8b%d0%b9-%d0%bf%d0%be%d0%b3%d1%80%d1%83%d0%b6%d0%bd%d0%be%d0%b9-%d0%bd%d0%b0%d0%b3%d1%80%d0%b5%d0%b2%d0%b0%d1%82%d0%b5%d0%bb%d1%8c\/","url":"https:\/\/cheri-heater.com\/ru\/product\/%d1%84%d0%bb%d0%b0%d0%bd%d1%86%d0%b5%d0%b2%d1%8b%d0%b9-%d0%bf%d0%be%d0%b3%d1%80%d1%83%d0%b6%d0%bd%d0%be%d0%b9-%d0%bd%d0%b0%d0%b3%d1%80%d0%b5%d0%b2%d0%b0%d1%82%d0%b5%d0%bb%d1%8c\/","name":"57 \/ 5,000Fabricants de thermoplongeurs \u00e0 bride | Cheri-heater.com","isPartOf":{"@id":"https:\/\/cheri-heater.com\/ru\/#website"},"primaryImageOfPage":{"@id":"https:\/\/cheri-heater.com\/ru\/product\/%d1%84%d0%bb%d0%b0%d0%bd%d1%86%d0%b5%d0%b2%d1%8b%d0%b9-%d0%bf%d0%be%d0%b3%d1%80%d1%83%d0%b6%d0%bd%d0%be%d0%b9-%d0%bd%d0%b0%d0%b3%d1%80%d0%b5%d0%b2%d0%b0%d1%82%d0%b5%d0%bb%d1%8c\/#primaryimage"},"image":{"@id":"https:\/\/cheri-heater.com\/ru\/product\/%d1%84%d0%bb%d0%b0%d0%bd%d1%86%d0%b5%d0%b2%d1%8b%d0%b9-%d0%bf%d0%be%d0%b3%d1%80%d1%83%d0%b6%d0%bd%d0%be%d0%b9-%d0%bd%d0%b0%d0%b3%d1%80%d0%b5%d0%b2%d0%b0%d1%82%d0%b5%d0%bb%d1%8c\/#primaryimage"},"thumbnailUrl":"https:\/\/cheri-heater.com\/ru\/wp-content\/uploads\/2025\/05\/82d18ff1-6f1a-4a6b-9ddd-f781f22bb445-1.jpg","datePublished":"2025-05-19T01:16:49+00:00","description":"D\u00e9couvrez des fabricants fiables de thermoplongeurs \u00e0 brides offrant des solutions durables et efficaces pour le chauffage industriel et le contr\u00f4le de la temp\u00e9rature des fluides.","breadcrumb":{"@id":"https:\/\/cheri-heater.com\/ru\/product\/%d1%84%d0%bb%d0%b0%d0%bd%d1%86%d0%b5%d0%b2%d1%8b%d0%b9-%d0%bf%d0%be%d0%b3%d1%80%d1%83%d0%b6%d0%bd%d0%be%d0%b9-%d0%bd%d0%b0%d0%b3%d1%80%d0%b5%d0%b2%d0%b0%d1%82%d0%b5%d0%bb%d1%8c\/#breadcrumb"},"inLanguage":"en-US","potentialAction":[{"@type":"ReadAction","target":["https:\/\/cheri-heater.com\/ru\/product\/%d1%84%d0%bb%d0%b0%d0%bd%d1%86%d0%b5%d0%b2%d1%8b%d0%b9-%d0%bf%d0%be%d0%b3%d1%80%d1%83%d0%b6%d0%bd%d0%be%d0%b9-%d0%bd%d0%b0%d0%b3%d1%80%d0%b5%d0%b2%d0%b0%d1%82%d0%b5%d0%bb%d1%8c\/"]}]},{"@type":"ImageObject","inLanguage":"en-US","@id":"https:\/\/cheri-heater.com\/ru\/product\/%d1%84%d0%bb%d0%b0%d0%bd%d1%86%d0%b5%d0%b2%d1%8b%d0%b9-%d0%bf%d0%be%d0%b3%d1%80%d1%83%d0%b6%d0%bd%d0%be%d0%b9-%d0%bd%d0%b0%d0%b3%d1%80%d0%b5%d0%b2%d0%b0%d1%82%d0%b5%d0%bb%d1%8c\/#primaryimage","url":"https:\/\/cheri-heater.com\/ru\/wp-content\/uploads\/2025\/05\/82d18ff1-6f1a-4a6b-9ddd-f781f22bb445-1.jpg","contentUrl":"https:\/\/cheri-heater.com\/ru\/wp-content\/uploads\/2025\/05\/82d18ff1-6f1a-4a6b-9ddd-f781f22bb445-1.jpg","width":1000,"height":1000,"caption":"\u0424\u043b\u0430\u043d\u0446\u0435\u0432\u044b\u0439 \u041f\u043e\u0433\u0440\u0443\u0436\u043d\u043e\u0439 \u041d\u0430\u0433\u0440\u0435\u0432\u0430\u0442\u0435\u043b\u044c"},{"@type":"BreadcrumbList","@id":"https:\/\/cheri-heater.com\/ru\/product\/%d1%84%d0%bb%d0%b0%d0%bd%d1%86%d0%b5%d0%b2%d1%8b%d0%b9-%d0%bf%d0%be%d0%b3%d1%80%d1%83%d0%b6%d0%bd%d0%be%d0%b9-%d0%bd%d0%b0%d0%b3%d1%80%d0%b5%d0%b2%d0%b0%d1%82%d0%b5%d0%bb%d1%8c\/#breadcrumb","itemListElement":[{"@type":"ListItem","position":1,"name":"Home","item":"https:\/\/cheri-heater.com\/ru\/"},{"@type":"ListItem","position":2,"name":"Products","item":"https:\/\/cheri-heater.com\/ru\/products\/"},{"@type":"ListItem","position":3,"name":"\u0424\u043b\u0430\u043d\u0446\u0435\u0432\u044b\u0439 \u041f\u043e\u0433\u0440\u0443\u0436\u043d\u043e\u0439 \u041d\u0430\u0433\u0440\u0435\u0432\u0430\u0442\u0435\u043b\u044c"}]},{"@type":"WebSite","@id":"https:\/\/cheri-heater.com\/ru\/#website","url":"https:\/\/cheri-heater.com\/ru\/","name":"Cheri Heater Technology Co.,Ltd.","description":"","publisher":{"@id":"https:\/\/cheri-heater.com\/ru\/#organization"},"potentialAction":[{"@type":"SearchAction","target":{"@type":"EntryPoint","urlTemplate":"https:\/\/cheri-heater.com\/ru\/?s={search_term_string}"},"query-input":{"@type":"PropertyValueSpecification","valueRequired":true,"valueName":"search_term_string"}}],"inLanguage":"en-US"},{"@type":"Organization","@id":"https:\/\/cheri-heater.com\/ru\/#organization","name":"Cheri Heater Technology Co.,Ltd.","url":"https:\/\/cheri-heater.com\/ru\/","logo":{"@type":"ImageObject","inLanguage":"en-US","@id":"https:\/\/cheri-heater.com\/ru\/#\/schema\/logo\/image\/","url":"https:\/\/cheri-heater.com\/ru\/wp-content\/uploads\/2024\/06\/cropped-logo-resize.png","contentUrl":"https:\/\/cheri-heater.com\/ru\/wp-content\/uploads\/2024\/06\/cropped-logo-resize.png","width":346,"height":99,"caption":"Cheri Heater Technology Co.,Ltd."},"image":{"@id":"https:\/\/cheri-heater.com\/ru\/#\/schema\/logo\/image\/"}}]}},"_links":{"self":[{"href":"https:\/\/cheri-heater.com\/ru\/wp-json\/wp\/v2\/product\/1822","targetHints":{"allow":["GET"]}}],"collection":[{"href":"https:\/\/cheri-heater.com\/ru\/wp-json\/wp\/v2\/product"}],"about":[{"href":"https:\/\/cheri-heater.com\/ru\/wp-json\/wp\/v2\/types\/product"}],"wp:featuredmedia":[{"embeddable":true,"href":"https:\/\/cheri-heater.com\/ru\/wp-json\/wp\/v2\/media\/1823"}],"wp:attachment":[{"href":"https:\/\/cheri-heater.com\/ru\/wp-json\/wp\/v2\/media?parent=1822"}],"wp:term":[{"taxonomy":"product_brand","embeddable":true,"href":"https:\/\/cheri-heater.com\/ru\/wp-json\/wp\/v2\/product_brand?post=1822"},{"taxonomy":"product_cat","embeddable":true,"href":"https:\/\/cheri-heater.com\/ru\/wp-json\/wp\/v2\/product_cat?post=1822"},{"taxonomy":"product_tag","embeddable":true,"href":"https:\/\/cheri-heater.com\/ru\/wp-json\/wp\/v2\/product_tag?post=1822"}],"curies":[{"name":"wp","href":"https:\/\/api.w.org\/{rel}","templated":true}]}}