{"id":1826,"date":"2025-05-19T01:24:06","date_gmt":"2025-05-19T01:24:06","guid":{"rendered":"https:\/\/cheri-heater.com\/ru\/?post_type=product&#038;p=1826"},"modified":"2025-05-19T01:24:06","modified_gmt":"2025-05-19T01:24:06","slug":"%d1%82%d1%80%d1%83%d0%b1%d1%87%d0%b0%d1%82%d1%8b%d0%b9-%d0%bd%d0%b0%d0%b3%d1%80%d0%b5%d0%b2%d0%b0%d1%82%d0%b5%d0%bb%d1%8c-%d0%b3%d0%be%d1%80%d1%8f%d1%87%d0%b5%d0%b3%d0%be-%d0%b2%d0%be%d0%b7%d0%b4","status":"publish","type":"product","link":"https:\/\/cheri-heater.com\/ru\/product\/%d1%82%d1%80%d1%83%d0%b1%d1%87%d0%b0%d1%82%d1%8b%d0%b9-%d0%bd%d0%b0%d0%b3%d1%80%d0%b5%d0%b2%d0%b0%d1%82%d0%b5%d0%bb%d1%8c-%d0%b3%d0%be%d1%80%d1%8f%d1%87%d0%b5%d0%b3%d0%be-%d0%b2%d0%be%d0%b7%d0%b4\/","title":{"rendered":"\u0422\u0440\u0443\u0431\u0447\u0430\u0442\u044b\u0439 \u041d\u0430\u0433\u0440\u0435\u0432\u0430\u0442\u0435\u043b\u044c \u0413\u043e\u0440\u044f\u0447\u0435\u0433\u043e \u0412\u043e\u0437\u0434\u0443\u0445\u0430"},"content":{"rendered":"","protected":false},"excerpt":{"rendered":"<h2><strong><span><span class=\"\">\u0412\u044b\u0441\u043e\u043a\u043e\u043a\u0430\u0447\u0435\u0441\u0442\u0432\u0435\u043d\u043d\u044b\u0439 \u0442\u0440\u0443\u0431\u0447\u0430\u0442\u044b\u0439 \u043d\u0430\u0433\u0440\u0435\u0432\u0430\u0442\u0435\u043b\u044c \u0433\u043e\u0440\u044f\u0447\u0435\u0433\u043e \u0432\u043e\u0437\u0434\u0443\u0445\u0430<\/span><\/span><\/strong><\/h2>\n<p><span>\u0412 Cheri Heater \u043c\u044b \u043f\u0440\u0435\u0434\u043b\u0430\u0433\u0430\u0435\u043c \u0432\u044b\u0441\u043e\u043a\u043e\u043f\u0440\u043e\u0438\u0437\u0432\u043e\u0434\u0438\u0442\u0435\u043b\u044c\u043d\u044b\u0435 \u0442\u0440\u0443\u0431\u0447\u0430\u0442\u044b\u0435 \u043d\u0430\u0433\u0440\u0435\u0432\u0430\u0442\u0435\u043b\u0438 \u0433\u043e\u0440\u044f\u0447\u0435\u0433\u043e \u0432\u043e\u0437\u0434\u0443\u0445\u0430, \u0440\u0430\u0437\u0440\u0430\u0431\u043e\u0442\u0430\u043d\u043d\u044b\u0435 \u0434\u043b\u044f \u0443\u0434\u043e\u0432\u043b\u0435\u0442\u0432\u043e\u0440\u0435\u043d\u0438\u044f \u043f\u043e\u0442\u0440\u0435\u0431\u043d\u043e\u0441\u0442\u0435\u0439 \u0432 \u043e\u0442\u043e\u043f\u043b\u0435\u043d\u0438\u0438 \u0440\u0430\u0437\u043b\u0438\u0447\u043d\u044b\u0445 \u043f\u0440\u043e\u043c\u044b\u0448\u043b\u0435\u043d\u043d\u044b\u0445 \u0438 \u043a\u043e\u043c\u043c\u0435\u0440\u0447\u0435\u0441\u043a\u0438\u0445 \u043f\u0440\u0438\u043b\u043e\u0436\u0435\u043d\u0438\u0439. \u042d\u0442\u0438 \u043d\u0430\u0433\u0440\u0435\u0432\u0430\u0442\u0435\u043b\u0438 \u0438\u0434\u0435\u0430\u043b\u044c\u043d\u043e \u043f\u043e\u0434\u0445\u043e\u0434\u044f\u0442 \u0434\u043b\u044f \u044d\u0444\u0444\u0435\u043a\u0442\u0438\u0432\u043d\u043e\u0433\u043e \u043d\u0430\u0433\u0440\u0435\u0432\u0430 \u0432\u043e\u0437\u0434\u0443\u0445\u0430 \u0432 \u0442\u0430\u043a\u0438\u0445 \u0441\u0440\u0435\u0434\u0430\u0445, \u043a\u0430\u043a \u0441\u0443\u0448\u0438\u043b\u044c\u043d\u044b\u0435 \u043a\u0430\u043c\u0435\u0440\u044b, \u0443\u0441\u0442\u0430\u043d\u043e\u0432\u043a\u0438 \u043e\u0431\u0440\u0430\u0431\u043e\u0442\u043a\u0438 \u0432\u043e\u0437\u0434\u0443\u0445\u0430 \u0438 \u043f\u0440\u043e\u043c\u044b\u0448\u043b\u0435\u043d\u043d\u044b\u0435 \u0441\u0438\u0441\u0442\u0435\u043c\u044b \u043d\u0430\u0433\u0440\u0435\u0432\u0430 \u0442\u0435\u0445\u043d\u043e\u043b\u043e\u0433\u0438\u0447\u0435\u0441\u043a\u0438\u0445 \u043f\u0440\u043e\u0446\u0435\u0441\u0441\u043e\u0432.<\/span><\/p>\n<p><span>\u041d\u0430\u0448\u0438 \u0442\u0440\u0443\u0431\u0447\u0430\u0442\u044b\u0435 \u043d\u0430\u0433\u0440\u0435\u0432\u0430\u0442\u0435\u043b\u0438 \u0433\u043e\u0440\u044f\u0447\u0435\u0433\u043e \u0432\u043e\u0437\u0434\u0443\u0445\u0430 \u0438\u043c\u0435\u044e\u0442 \u043f\u0440\u043e\u0447\u043d\u0443\u044e \u0438 \u0434\u043e\u043b\u0433\u043e\u0432\u0435\u0447\u043d\u0443\u044e \u043a\u043e\u043d\u0441\u0442\u0440\u0443\u043a\u0446\u0438\u044e, \u043e\u0431\u0435\u0441\u043f\u0435\u0447\u0438\u0432\u0430\u044e\u0449\u0443\u044e \u0434\u043b\u0438\u0442\u0435\u043b\u044c\u043d\u0443\u044e \u0440\u0430\u0431\u043e\u0442\u0443 \u0434\u0430\u0436\u0435 \u0432 \u0441\u043b\u043e\u0436\u043d\u044b\u0445 \u0443\u0441\u043b\u043e\u0432\u0438\u044f\u0445. \u0418\u0437\u0433\u043e\u0442\u043e\u0432\u043b\u0435\u043d\u043d\u044b\u0435 \u0438\u0437 \u0432\u044b\u0441\u043e\u043a\u043e\u043a\u0430\u0447\u0435\u0441\u0442\u0432\u0435\u043d\u043d\u044b\u0445 \u043c\u0430\u0442\u0435\u0440\u0438\u0430\u043b\u043e\u0432 \u0438 \u043f\u0435\u0440\u0435\u0434\u043e\u0432\u044b\u0445 \u0442\u0435\u0445\u043d\u043e\u043b\u043e\u0433\u0438\u0439, \u044d\u0442\u0438 \u043d\u0430\u0433\u0440\u0435\u0432\u0430\u0442\u0435\u043b\u0438 \u0441\u043e\u0437\u0434\u0430\u043d\u044b \u0434\u043b\u044f \u0442\u043e\u0433\u043e, \u0447\u0442\u043e\u0431\u044b \u0432\u044b\u0434\u0435\u0440\u0436\u0438\u0432\u0430\u0442\u044c \u0432\u044b\u0441\u043e\u043a\u0438\u0435 \u0442\u0435\u043c\u043f\u0435\u0440\u0430\u0442\u0443\u0440\u044b \u0438 \u0441\u0443\u0440\u043e\u0432\u044b\u0435 \u0443\u0441\u043b\u043e\u0432\u0438\u044f, \u043e\u0431\u0435\u0441\u043f\u0435\u0447\u0438\u0432\u0430\u044f \u043d\u0430\u0434\u0435\u0436\u043d\u0443\u044e \u0438 \u043f\u043e\u0441\u0442\u043e\u044f\u043d\u043d\u0443\u044e \u0442\u0435\u043f\u043b\u043e\u043e\u0442\u0434\u0430\u0447\u0443.<\/span><\/p>\n<p><span>\u0422\u0440\u0443\u0431\u0447\u0430\u0442\u0430\u044f \u043a\u043e\u043d\u0441\u0442\u0440\u0443\u043a\u0446\u0438\u044f \u043d\u0430\u0448\u0438\u0445 \u043d\u0430\u0433\u0440\u0435\u0432\u0430\u0442\u0435\u043b\u0435\u0439 \u043e\u0431\u0435\u0441\u043f\u0435\u0447\u0438\u0432\u0430\u0435\u0442 \u043e\u043f\u0442\u0438\u043c\u0430\u043b\u044c\u043d\u044b\u0439 \u043f\u043e\u0442\u043e\u043a \u0432\u043e\u0437\u0434\u0443\u0445\u0430 \u0438 \u0440\u0430\u0432\u043d\u043e\u043c\u0435\u0440\u043d\u043e\u0435 \u0440\u0430\u0441\u043f\u0440\u0435\u0434\u0435\u043b\u0435\u043d\u0438\u0435 \u0442\u0435\u043f\u043b\u0430, \u0433\u0430\u0440\u0430\u043d\u0442\u0438\u0440\u0443\u044f \u044d\u0444\u0444\u0435\u043a\u0442\u0438\u0432\u043d\u044b\u0439 \u043e\u0431\u043e\u0433\u0440\u0435\u0432 \u0431\u043e\u043b\u044c\u0448\u0438\u0445 \u043f\u043b\u043e\u0449\u0430\u0434\u0435\u0439. \u041d\u0430\u0433\u0440\u0435\u0432\u0430\u0442\u0435\u043b\u044c\u043d\u044b\u0435 \u044d\u043b\u0435\u043c\u0435\u043d\u0442\u044b \u0442\u043e\u0447\u043d\u043e \u0441\u043f\u0440\u043e\u0435\u043a\u0442\u0438\u0440\u043e\u0432\u0430\u043d\u044b \u0434\u043b\u044f \u043e\u0431\u0435\u0441\u043f\u0435\u0447\u0435\u043d\u0438\u044f \u0432\u044b\u0441\u043e\u043a\u043e\u0439 \u0442\u0435\u043f\u043b\u043e\u0432\u043e\u0439 \u044d\u0444\u0444\u0435\u043a\u0442\u0438\u0432\u043d\u043e\u0441\u0442\u0438, \u043f\u043e\u043c\u043e\u0433\u0430\u044f \u0441\u043d\u0438\u0437\u0438\u0442\u044c \u043f\u043e\u0442\u0440\u0435\u0431\u043b\u0435\u043d\u0438\u0435 \u044d\u043d\u0435\u0440\u0433\u0438\u0438, \u043e\u0431\u0435\u0441\u043f\u0435\u0447\u0438\u0432\u0430\u044f \u044d\u0444\u0444\u0435\u043a\u0442\u0438\u0432\u043d\u043e\u0435 \u0442\u0435\u043f\u043b\u043e. \u041d\u0435\u0437\u0430\u0432\u0438\u0441\u0438\u043c\u043e \u043e\u0442 \u0442\u043e\u0433\u043e, \u0441\u0443\u0448\u0438\u0442\u0435 \u043b\u0438 \u0432\u044b \u043c\u0430\u0442\u0435\u0440\u0438\u0430\u043b\u044b \u043d\u0430 \u043f\u0440\u043e\u0438\u0437\u0432\u043e\u0434\u0441\u0442\u0432\u0435\u043d\u043d\u043e\u043c \u043f\u0440\u0435\u0434\u043f\u0440\u0438\u044f\u0442\u0438\u0438, \u043f\u043e\u0434\u0434\u0435\u0440\u0436\u0438\u0432\u0430\u0435\u0442\u0435 \u043a\u043b\u0438\u043c\u0430\u0442-\u043a\u043e\u043d\u0442\u0440\u043e\u043b\u044c \u0432 \u0431\u043e\u043b\u044c\u0448\u0438\u0445 \u043f\u043e\u043c\u0435\u0449\u0435\u043d\u0438\u044f\u0445 \u0438\u043b\u0438 \u043e\u0431\u0435\u0441\u043f\u0435\u0447\u0438\u0432\u0430\u0435\u0442\u0435 \u0442\u0435\u043f\u043b\u043e \u0434\u043b\u044f \u0441\u043f\u0435\u0446\u0438\u0430\u043b\u0438\u0437\u0438\u0440\u043e\u0432\u0430\u043d\u043d\u044b\u0445 \u043f\u0440\u043e\u043c\u044b\u0448\u043b\u0435\u043d\u043d\u044b\u0445 \u043f\u0440\u043e\u0446\u0435\u0441\u0441\u043e\u0432, \u043d\u0430\u0448\u0438 \u0442\u0440\u0443\u0431\u0447\u0430\u0442\u044b\u0435 \u043d\u0430\u0433\u0440\u0435\u0432\u0430\u0442\u0435\u043b\u0438 \u0433\u043e\u0440\u044f\u0447\u0435\u0433\u043e \u0432\u043e\u0437\u0434\u0443\u0445\u0430 \u043f\u0440\u0435\u0434\u043b\u0430\u0433\u0430\u044e\u0442 \u0438\u0434\u0435\u0430\u043b\u044c\u043d\u043e\u0435 \u0440\u0435\u0448\u0435\u043d\u0438\u0435.<\/span><\/p>\n<p><span>\u0422\u0440\u0443\u0431\u0447\u0430\u0442\u044b\u0435 \u043d\u0430\u0433\u0440\u0435\u0432\u0430\u0442\u0435\u043b\u0438 \u0433\u043e\u0440\u044f\u0447\u0435\u0433\u043e \u0432\u043e\u0437\u0434\u0443\u0445\u0430 Cheri Heater \u0434\u043e\u0441\u0442\u0443\u043f\u043d\u044b \u0432 \u0440\u0430\u0437\u043b\u0438\u0447\u043d\u044b\u0445 \u0440\u0430\u0437\u043c\u0435\u0440\u0430\u0445, \u043c\u043e\u0449\u043d\u043e\u0441\u0442\u044f\u0445 \u0438 \u043a\u043e\u043d\u0444\u0438\u0433\u0443\u0440\u0430\u0446\u0438\u044f\u0445 \u0434\u043b\u044f \u0448\u0438\u0440\u043e\u043a\u043e\u0433\u043e \u0441\u043f\u0435\u043a\u0442\u0440\u0430 \u043f\u0440\u0438\u043c\u0435\u043d\u0435\u043d\u0438\u0439. \u041c\u044b \u043f\u0440\u0435\u0434\u043b\u0430\u0433\u0430\u0435\u043c \u0432\u0430\u0440\u0438\u0430\u043d\u0442\u044b \u043d\u0430\u0441\u0442\u0440\u043e\u0439\u043a\u0438, \u0447\u0442\u043e\u0431\u044b \u043e\u0431\u0435\u0441\u043f\u0435\u0447\u0438\u0442\u044c \u0438\u0434\u0435\u0430\u043b\u044c\u043d\u043e\u0435 \u0441\u043e\u043e\u0442\u0432\u0435\u0442\u0441\u0442\u0432\u0438\u0435 \u0432\u0430\u0448\u0438\u043c \u043a\u043e\u043d\u043a\u0440\u0435\u0442\u043d\u044b\u043c \u043f\u043e\u0442\u0440\u0435\u0431\u043d\u043e\u0441\u0442\u044f\u043c, \u0433\u0430\u0440\u0430\u043d\u0442\u0438\u0440\u0443\u044f, \u0447\u0442\u043e \u0432\u044b \u043f\u043e\u043b\u0443\u0447\u0438\u0442\u0435 \u043d\u0430\u0438\u0431\u043e\u043b\u0435\u0435 \u044d\u0444\u0444\u0435\u043a\u0442\u0438\u0432\u043d\u043e\u0435 \u0438 \u043d\u0430\u0434\u0435\u0436\u043d\u043e\u0435 \u0440\u0435\u0448\u0435\u043d\u0438\u0435 \u0434\u043b\u044f \u043e\u0442\u043e\u043f\u043b\u0435\u043d\u0438\u044f \u0432\u0430\u0448\u0435\u0433\u043e \u0431\u0438\u0437\u043d\u0435\u0441\u0430.<\/span><\/p>\n","protected":false},"featured_media":1827,"template":"","meta":[],"product_brand":[],"product_cat":[28],"product_tag":[210],"class_list":{"0":"post-1826","1":"product","2":"type-product","3":"status-publish","4":"has-post-thumbnail","6":"product_cat-tubular-heater","7":"product_tag-210","9":"first","10":"instock","11":"shipping-taxable","12":"product-type-simple"},"yoast_head":"<!-- This site is optimized with the Yoast SEO plugin v27.3 - https:\/\/yoast.com\/product\/yoast-seo-wordpress\/ -->\n<title>Chauffage tubulaire \u00e0 air chaud de haute qualit\u00e9 | Cheri-heater.com<\/title>\n<meta name=\"description\" content=\"Cheri Heater propose des radiateurs tubulaires \u00e0 air chaud de haute qualit\u00e9, con\u00e7us pour un transfert de chaleur optimal et une efficacit\u00e9 \u00e9nerg\u00e9tique optimale dans les applications de chauffage de l&#039;air industriel et commercial. Id\u00e9als pour le s\u00e9chage, le traitement de l&#039;air et le chauffage industriel, ces radiateurs durables offrent des performances constantes et une distribution de chaleur fiable. Disponibles en tailles et configurations personnalisables, ils sont con\u00e7us pour r\u00e9pondre aux besoins exigeants de votre entreprise. Visitez Cheri Heater pour d\u00e9couvrir les meilleures solutions de chauffage \u00e9co\u00e9nerg\u00e9tiques.\" \/>\n<meta name=\"robots\" content=\"index, follow, max-snippet:-1, max-image-preview:large, max-video-preview:-1\" \/>\n<link rel=\"canonical\" href=\"https:\/\/cheri-heater.com\/ru\/product\/\u0442\u0440\u0443\u0431\u0447\u0430\u0442\u044b\u0439-\u043d\u0430\u0433\u0440\u0435\u0432\u0430\u0442\u0435\u043b\u044c-\u0433\u043e\u0440\u044f\u0447\u0435\u0433\u043e-\u0432\u043e\u0437\u0434\/\" \/>\n<meta property=\"og:locale\" content=\"en_US\" \/>\n<meta property=\"og:type\" content=\"article\" \/>\n<meta property=\"og:title\" content=\"Chauffage tubulaire \u00e0 air chaud de haute qualit\u00e9 | Cheri-heater.com\" \/>\n<meta property=\"og:description\" content=\"Cheri Heater propose des radiateurs tubulaires \u00e0 air chaud de haute qualit\u00e9, con\u00e7us pour un transfert de chaleur optimal et une efficacit\u00e9 \u00e9nerg\u00e9tique optimale dans les applications de chauffage de l&#039;air industriel et commercial. Id\u00e9als pour le s\u00e9chage, le traitement de l&#039;air et le chauffage industriel, ces radiateurs durables offrent des performances constantes et une distribution de chaleur fiable. Disponibles en tailles et configurations personnalisables, ils sont con\u00e7us pour r\u00e9pondre aux besoins exigeants de votre entreprise. Visitez Cheri Heater pour d\u00e9couvrir les meilleures solutions de chauffage \u00e9co\u00e9nerg\u00e9tiques.\" \/>\n<meta property=\"og:url\" content=\"https:\/\/cheri-heater.com\/ru\/product\/\u0442\u0440\u0443\u0431\u0447\u0430\u0442\u044b\u0439-\u043d\u0430\u0433\u0440\u0435\u0432\u0430\u0442\u0435\u043b\u044c-\u0433\u043e\u0440\u044f\u0447\u0435\u0433\u043e-\u0432\u043e\u0437\u0434\/\" \/>\n<meta property=\"og:site_name\" content=\"Cheri Heater Technology Co.,Ltd.\" \/>\n<meta property=\"og:image\" content=\"https:\/\/cheri-heater.com\/ru\/wp-content\/uploads\/2025\/05\/i-15.jpg\" \/>\n\t<meta property=\"og:image:width\" content=\"320\" \/>\n\t<meta property=\"og:image:height\" content=\"320\" \/>\n\t<meta property=\"og:image:type\" content=\"image\/jpeg\" \/>\n<meta name=\"twitter:card\" content=\"summary_large_image\" \/>\n<meta name=\"twitter:label1\" content=\"Est. reading time\" \/>\n\t<meta name=\"twitter:data1\" content=\"1 minute\" \/>\n<!-- \/ Yoast SEO plugin. -->","yoast_head_json":{"title":"Chauffage tubulaire \u00e0 air chaud de haute qualit\u00e9 | Cheri-heater.com","description":"Cheri Heater propose des radiateurs tubulaires \u00e0 air chaud de haute qualit\u00e9, con\u00e7us pour un transfert de chaleur optimal et une efficacit\u00e9 \u00e9nerg\u00e9tique optimale dans les applications de chauffage de l'air industriel et commercial. Id\u00e9als pour le s\u00e9chage, le traitement de l'air et le chauffage industriel, ces radiateurs durables offrent des performances constantes et une distribution de chaleur fiable. Disponibles en tailles et configurations personnalisables, ils sont con\u00e7us pour r\u00e9pondre aux besoins exigeants de votre entreprise. Visitez Cheri Heater pour d\u00e9couvrir les meilleures solutions de chauffage \u00e9co\u00e9nerg\u00e9tiques.","robots":{"index":"index","follow":"follow","max-snippet":"max-snippet:-1","max-image-preview":"max-image-preview:large","max-video-preview":"max-video-preview:-1"},"canonical":"https:\/\/cheri-heater.com\/ru\/product\/\u0442\u0440\u0443\u0431\u0447\u0430\u0442\u044b\u0439-\u043d\u0430\u0433\u0440\u0435\u0432\u0430\u0442\u0435\u043b\u044c-\u0433\u043e\u0440\u044f\u0447\u0435\u0433\u043e-\u0432\u043e\u0437\u0434\/","og_locale":"en_US","og_type":"article","og_title":"Chauffage tubulaire \u00e0 air chaud de haute qualit\u00e9 | Cheri-heater.com","og_description":"Cheri Heater propose des radiateurs tubulaires \u00e0 air chaud de haute qualit\u00e9, con\u00e7us pour un transfert de chaleur optimal et une efficacit\u00e9 \u00e9nerg\u00e9tique optimale dans les applications de chauffage de l'air industriel et commercial. Id\u00e9als pour le s\u00e9chage, le traitement de l'air et le chauffage industriel, ces radiateurs durables offrent des performances constantes et une distribution de chaleur fiable. Disponibles en tailles et configurations personnalisables, ils sont con\u00e7us pour r\u00e9pondre aux besoins exigeants de votre entreprise. Visitez Cheri Heater pour d\u00e9couvrir les meilleures solutions de chauffage \u00e9co\u00e9nerg\u00e9tiques.","og_url":"https:\/\/cheri-heater.com\/ru\/product\/\u0442\u0440\u0443\u0431\u0447\u0430\u0442\u044b\u0439-\u043d\u0430\u0433\u0440\u0435\u0432\u0430\u0442\u0435\u043b\u044c-\u0433\u043e\u0440\u044f\u0447\u0435\u0433\u043e-\u0432\u043e\u0437\u0434\/","og_site_name":"Cheri Heater Technology Co.,Ltd.","og_image":[{"width":320,"height":320,"url":"https:\/\/cheri-heater.com\/ru\/wp-content\/uploads\/2025\/05\/i-15.jpg","type":"image\/jpeg"}],"twitter_card":"summary_large_image","twitter_misc":{"Est. reading time":"1 minute"},"schema":{"@context":"https:\/\/schema.org","@graph":[{"@type":"WebPage","@id":"https:\/\/cheri-heater.com\/ru\/product\/%d1%82%d1%80%d1%83%d0%b1%d1%87%d0%b0%d1%82%d1%8b%d0%b9-%d0%bd%d0%b0%d0%b3%d1%80%d0%b5%d0%b2%d0%b0%d1%82%d0%b5%d0%bb%d1%8c-%d0%b3%d0%be%d1%80%d1%8f%d1%87%d0%b5%d0%b3%d0%be-%d0%b2%d0%be%d0%b7%d0%b4\/","url":"https:\/\/cheri-heater.com\/ru\/product\/%d1%82%d1%80%d1%83%d0%b1%d1%87%d0%b0%d1%82%d1%8b%d0%b9-%d0%bd%d0%b0%d0%b3%d1%80%d0%b5%d0%b2%d0%b0%d1%82%d0%b5%d0%bb%d1%8c-%d0%b3%d0%be%d1%80%d1%8f%d1%87%d0%b5%d0%b3%d0%be-%d0%b2%d0%be%d0%b7%d0%b4\/","name":"Chauffage tubulaire \u00e0 air chaud de haute qualit\u00e9 | Cheri-heater.com","isPartOf":{"@id":"https:\/\/cheri-heater.com\/ru\/#website"},"primaryImageOfPage":{"@id":"https:\/\/cheri-heater.com\/ru\/product\/%d1%82%d1%80%d1%83%d0%b1%d1%87%d0%b0%d1%82%d1%8b%d0%b9-%d0%bd%d0%b0%d0%b3%d1%80%d0%b5%d0%b2%d0%b0%d1%82%d0%b5%d0%bb%d1%8c-%d0%b3%d0%be%d1%80%d1%8f%d1%87%d0%b5%d0%b3%d0%be-%d0%b2%d0%be%d0%b7%d0%b4\/#primaryimage"},"image":{"@id":"https:\/\/cheri-heater.com\/ru\/product\/%d1%82%d1%80%d1%83%d0%b1%d1%87%d0%b0%d1%82%d1%8b%d0%b9-%d0%bd%d0%b0%d0%b3%d1%80%d0%b5%d0%b2%d0%b0%d1%82%d0%b5%d0%bb%d1%8c-%d0%b3%d0%be%d1%80%d1%8f%d1%87%d0%b5%d0%b3%d0%be-%d0%b2%d0%be%d0%b7%d0%b4\/#primaryimage"},"thumbnailUrl":"https:\/\/cheri-heater.com\/ru\/wp-content\/uploads\/2025\/05\/i-15.jpg","datePublished":"2025-05-19T01:24:06+00:00","description":"Cheri Heater propose des radiateurs tubulaires \u00e0 air chaud de haute qualit\u00e9, con\u00e7us pour un transfert de chaleur optimal et une efficacit\u00e9 \u00e9nerg\u00e9tique optimale dans les applications de chauffage de l'air industriel et commercial. Id\u00e9als pour le s\u00e9chage, le traitement de l'air et le chauffage industriel, ces radiateurs durables offrent des performances constantes et une distribution de chaleur fiable. Disponibles en tailles et configurations personnalisables, ils sont con\u00e7us pour r\u00e9pondre aux besoins exigeants de votre entreprise. Visitez Cheri Heater pour d\u00e9couvrir les meilleures solutions de chauffage \u00e9co\u00e9nerg\u00e9tiques.","breadcrumb":{"@id":"https:\/\/cheri-heater.com\/ru\/product\/%d1%82%d1%80%d1%83%d0%b1%d1%87%d0%b0%d1%82%d1%8b%d0%b9-%d0%bd%d0%b0%d0%b3%d1%80%d0%b5%d0%b2%d0%b0%d1%82%d0%b5%d0%bb%d1%8c-%d0%b3%d0%be%d1%80%d1%8f%d1%87%d0%b5%d0%b3%d0%be-%d0%b2%d0%be%d0%b7%d0%b4\/#breadcrumb"},"inLanguage":"en-US","potentialAction":[{"@type":"ReadAction","target":["https:\/\/cheri-heater.com\/ru\/product\/%d1%82%d1%80%d1%83%d0%b1%d1%87%d0%b0%d1%82%d1%8b%d0%b9-%d0%bd%d0%b0%d0%b3%d1%80%d0%b5%d0%b2%d0%b0%d1%82%d0%b5%d0%bb%d1%8c-%d0%b3%d0%be%d1%80%d1%8f%d1%87%d0%b5%d0%b3%d0%be-%d0%b2%d0%be%d0%b7%d0%b4\/"]}]},{"@type":"ImageObject","inLanguage":"en-US","@id":"https:\/\/cheri-heater.com\/ru\/product\/%d1%82%d1%80%d1%83%d0%b1%d1%87%d0%b0%d1%82%d1%8b%d0%b9-%d0%bd%d0%b0%d0%b3%d1%80%d0%b5%d0%b2%d0%b0%d1%82%d0%b5%d0%bb%d1%8c-%d0%b3%d0%be%d1%80%d1%8f%d1%87%d0%b5%d0%b3%d0%be-%d0%b2%d0%be%d0%b7%d0%b4\/#primaryimage","url":"https:\/\/cheri-heater.com\/ru\/wp-content\/uploads\/2025\/05\/i-15.jpg","contentUrl":"https:\/\/cheri-heater.com\/ru\/wp-content\/uploads\/2025\/05\/i-15.jpg","width":320,"height":320,"caption":"\u0422\u0440\u0443\u0431\u0447\u0430\u0442\u044b\u0439 \u041d\u0430\u0433\u0440\u0435\u0432\u0430\u0442\u0435\u043b\u044c \u0413\u043e\u0440\u044f\u0447\u0435\u0433\u043e \u0412\u043e\u0437\u0434\u0443\u0445\u0430"},{"@type":"BreadcrumbList","@id":"https:\/\/cheri-heater.com\/ru\/product\/%d1%82%d1%80%d1%83%d0%b1%d1%87%d0%b0%d1%82%d1%8b%d0%b9-%d0%bd%d0%b0%d0%b3%d1%80%d0%b5%d0%b2%d0%b0%d1%82%d0%b5%d0%bb%d1%8c-%d0%b3%d0%be%d1%80%d1%8f%d1%87%d0%b5%d0%b3%d0%be-%d0%b2%d0%be%d0%b7%d0%b4\/#breadcrumb","itemListElement":[{"@type":"ListItem","position":1,"name":"Home","item":"https:\/\/cheri-heater.com\/ru\/"},{"@type":"ListItem","position":2,"name":"Products","item":"https:\/\/cheri-heater.com\/ru\/products\/"},{"@type":"ListItem","position":3,"name":"\u0422\u0440\u0443\u0431\u0447\u0430\u0442\u044b\u0439 \u041d\u0430\u0433\u0440\u0435\u0432\u0430\u0442\u0435\u043b\u044c \u0413\u043e\u0440\u044f\u0447\u0435\u0433\u043e \u0412\u043e\u0437\u0434\u0443\u0445\u0430"}]},{"@type":"WebSite","@id":"https:\/\/cheri-heater.com\/ru\/#website","url":"https:\/\/cheri-heater.com\/ru\/","name":"Cheri Heater Technology Co.,Ltd.","description":"","publisher":{"@id":"https:\/\/cheri-heater.com\/ru\/#organization"},"potentialAction":[{"@type":"SearchAction","target":{"@type":"EntryPoint","urlTemplate":"https:\/\/cheri-heater.com\/ru\/?s={search_term_string}"},"query-input":{"@type":"PropertyValueSpecification","valueRequired":true,"valueName":"search_term_string"}}],"inLanguage":"en-US"},{"@type":"Organization","@id":"https:\/\/cheri-heater.com\/ru\/#organization","name":"Cheri Heater Technology Co.,Ltd.","url":"https:\/\/cheri-heater.com\/ru\/","logo":{"@type":"ImageObject","inLanguage":"en-US","@id":"https:\/\/cheri-heater.com\/ru\/#\/schema\/logo\/image\/","url":"https:\/\/cheri-heater.com\/ru\/wp-content\/uploads\/2024\/06\/cropped-logo-resize.png","contentUrl":"https:\/\/cheri-heater.com\/ru\/wp-content\/uploads\/2024\/06\/cropped-logo-resize.png","width":346,"height":99,"caption":"Cheri Heater Technology Co.,Ltd."},"image":{"@id":"https:\/\/cheri-heater.com\/ru\/#\/schema\/logo\/image\/"}}]}},"_links":{"self":[{"href":"https:\/\/cheri-heater.com\/ru\/wp-json\/wp\/v2\/product\/1826","targetHints":{"allow":["GET"]}}],"collection":[{"href":"https:\/\/cheri-heater.com\/ru\/wp-json\/wp\/v2\/product"}],"about":[{"href":"https:\/\/cheri-heater.com\/ru\/wp-json\/wp\/v2\/types\/product"}],"wp:featuredmedia":[{"embeddable":true,"href":"https:\/\/cheri-heater.com\/ru\/wp-json\/wp\/v2\/media\/1827"}],"wp:attachment":[{"href":"https:\/\/cheri-heater.com\/ru\/wp-json\/wp\/v2\/media?parent=1826"}],"wp:term":[{"taxonomy":"product_brand","embeddable":true,"href":"https:\/\/cheri-heater.com\/ru\/wp-json\/wp\/v2\/product_brand?post=1826"},{"taxonomy":"product_cat","embeddable":true,"href":"https:\/\/cheri-heater.com\/ru\/wp-json\/wp\/v2\/product_cat?post=1826"},{"taxonomy":"product_tag","embeddable":true,"href":"https:\/\/cheri-heater.com\/ru\/wp-json\/wp\/v2\/product_tag?post=1826"}],"curies":[{"name":"wp","href":"https:\/\/api.w.org\/{rel}","templated":true}]}}