{"id":738,"date":"2024-06-03T16:31:11","date_gmt":"2024-06-03T16:31:11","guid":{"rendered":"https:\/\/cheri-heater.com\/tr\/?page_id=738"},"modified":"2024-07-30T23:48:11","modified_gmt":"2024-07-30T23:48:11","slug":"about-us","status":"publish","type":"page","link":"https:\/\/cheri-heater.com\/tr\/about-us\/","title":{"rendered":"About Us"},"content":{"rendered":"\t\t<div data-elementor-type=\"wp-page\" data-elementor-id=\"738\" class=\"elementor elementor-738\" data-elementor-post-type=\"page\">\n\t\t\t\t<div class=\"elementor-element elementor-element-bb5efb9 e-con-full e-flex e-con e-parent\" data-id=\"bb5efb9\" data-element_type=\"container\" data-e-type=\"container\" data-settings=\"{&quot;background_background&quot;:&quot;classic&quot;}\">\n\t\t\t\t<\/div>\n\t\t<div class=\"elementor-element elementor-element-398da0a e-con-full e-flex e-con e-parent\" data-id=\"398da0a\" data-element_type=\"container\" data-e-type=\"container\" data-settings=\"{&quot;background_background&quot;:&quot;classic&quot;}\">\n\t\t\t\t<div class=\"elementor-element elementor-element-276b9c4 elementor-widget elementor-widget-woocommerce-breadcrumb\" data-id=\"276b9c4\" data-element_type=\"widget\" data-e-type=\"widget\" data-widget_type=\"woocommerce-breadcrumb.default\">\n\t\t\t\t<div class=\"elementor-widget-container\">\n\t\t\t\t\t<nav class=\"woocommerce-breadcrumb\" aria-label=\"Breadcrumb\">Home<\/nav>\t\t\t\t<\/div>\n\t\t\t\t<\/div>\n\t\t\t\t<\/div>\n\t\t<div class=\"elementor-element elementor-element-ca81484 e-con-full e-flex e-con e-parent\" data-id=\"ca81484\" data-element_type=\"container\" data-e-type=\"container\">\n\t\t<div class=\"elementor-element elementor-element-2d95ec7 e-con-full e-flex e-con e-child\" data-id=\"2d95ec7\" data-element_type=\"container\" data-e-type=\"container\" data-settings=\"{&quot;background_background&quot;:&quot;video&quot;,&quot;background_video_link&quot;:&quot;https:\\\/\\\/www.youtube.com\\\/watch?v=nivzp4Ywl7U&quot;,&quot;background_play_on_mobile&quot;:&quot;yes&quot;,&quot;background_video_start&quot;:10}\">\n\t\t<div class=\"elementor-background-video-container\">\n\t\t\t\t\t\t\t<div class=\"elementor-background-video-embed\" role=\"presentation\"><\/div>\n\t\t\t\t\t\t<\/div>\t\t<div class=\"elementor-element elementor-element-18c991f elementor-widget elementor-widget-image\" data-id=\"18c991f\" data-element_type=\"widget\" data-e-type=\"widget\" data-widget_type=\"image.default\">\n\t\t\t\t<div class=\"elementor-widget-container\">\n\t\t\t\t\t\t\t\t\t\t\t\t\t\t\t<img decoding=\"async\" width=\"346\" height=\"99\" data-src=\"https:\/\/cheri-heater.com\/tr\/wp-content\/uploads\/2024\/06\/cropped-logo-resize.png\" class=\"attachment-full size-full wp-image-21 lazyload\" alt=\"\" data-srcset=\"https:\/\/cheri-heater.com\/tr\/wp-content\/uploads\/2024\/06\/cropped-logo-resize.png 346w, https:\/\/cheri-heater.com\/tr\/wp-content\/uploads\/2024\/06\/cropped-logo-resize-300x86.png 300w\" data-sizes=\"(max-width: 346px) 100vw, 346px\" src=\"data:image\/svg+xml;base64,PHN2ZyB3aWR0aD0iMSIgaGVpZ2h0PSIxIiB4bWxucz0iaHR0cDovL3d3dy53My5vcmcvMjAwMC9zdmciPjwvc3ZnPg==\" style=\"--smush-placeholder-width: 346px; --smush-placeholder-aspect-ratio: 346\/99;\" \/>\t\t\t\t\t\t\t\t\t\t\t\t\t\t\t<\/div>\n\t\t\t\t<\/div>\n\t\t\t\t<\/div>\n\t\t<div class=\"elementor-element elementor-element-08730a7 e-con-full e-flex e-con e-child\" data-id=\"08730a7\" data-element_type=\"container\" data-e-type=\"container\">\n\t\t\t\t<div class=\"elementor-element elementor-element-80a72f2 elementor-widget elementor-widget-heading\" data-id=\"80a72f2\" data-element_type=\"widget\" data-e-type=\"widget\" data-widget_type=\"heading.default\">\n\t\t\t\t<div class=\"elementor-widget-container\">\n\t\t\t\t\t<div class=\"elementor-heading-title elementor-size-default\">HAKKIMIZDA<\/div>\t\t\t\t<\/div>\n\t\t\t\t<\/div>\n\t\t\t\t<div class=\"elementor-element elementor-element-2d08514 elementor-widget elementor-widget-heading\" data-id=\"2d08514\" data-element_type=\"widget\" data-e-type=\"widget\" data-widget_type=\"heading.default\">\n\t\t\t\t<div class=\"elementor-widget-container\">\n\t\t\t\t\t<div class=\"elementor-heading-title elementor-size-default\">Cheri Is\u0131t\u0131c\u0131 Teknolojisi A.\u015e.<\/div>\t\t\t\t<\/div>\n\t\t\t\t<\/div>\n\t\t\t\t<div class=\"elementor-element elementor-element-58b383e elementor-widget elementor-widget-text-editor\" data-id=\"58b383e\" data-element_type=\"widget\" data-e-type=\"widget\" data-widget_type=\"text-editor.default\">\n\t\t\t\t<div class=\"elementor-widget-container\">\n\t\t\t\t\t\t\t\t\t<p>ISO 9001:2008 ve CE Sertifikal\u0131 bir \u015eirket olan Cheri Heater Technology Co.,Ltd., Y\u00fcksek Kaliteli End\u00fcstriyel Is\u0131t\u0131c\u0131lar\u0131n \u00f6nde gelen \u00fcreticilerinden biridir.<br \/>Kartu\u015f Is\u0131t\u0131c\u0131lar (D\u00fc\u015f\u00fck Yo\u011funluklu ve Y\u00fcksek Yo\u011funluklu), Termokupllar,<br \/>Nozul Is\u0131t\u0131c\u0131lar, Boru Is\u0131t\u0131c\u0131lar, Mika ve Seramik Bant Is\u0131t\u0131c\u0131lar vb. \u00fcretiyoruz.<\/p><p>Cheri Heater Technology Co.,Ltd., 2003 y\u0131l\u0131nda Kurucumuz taraf\u0131ndan kurulmu\u015ftur.<br \/>Sekt\u00f6rdeki 20 y\u0131ll\u0131k hizmeti boyunca, iyi kalitede, \u00f6zel tasar\u0131ml\u0131 End\u00fcstriyel Is\u0131t\u0131c\u0131lara y\u00f6nelik g\u00fc\u00e7l\u00fc bir<br \/>ihtiya\u00e7 hissetmi\u015ftir.<\/p><p>Y\u0131llar ge\u00e7tik\u00e7e, \u00fcretim ve teknik yeteneklerimizi geni\u015fleterek ve \u00fcr\u00fcn kalitesini ve m\u00fc\u015fteri odakl\u0131 bir i\u015f modelini koruyarak \u00fcr\u00fcn portf\u00f6y\u00fcm\u00fcz\u00fc ve m\u00fc\u015fteri taban\u0131m\u0131z\u0131 b\u00fcy\u00fctt\u00fck. \u015eimdi, \u015firket i\u00e7i<br \/>kesme, \u015fekillendirme, i\u015fleme, kavrama ve bitirme yeteneklerimiz var. Rekabet\u00e7i maliyetleri koruyarak ve kaliteyi kontrol ederek kendi Is\u0131t\u0131c\u0131lar\u0131m\u0131z\u0131<br \/>tasarl\u0131yoruz.<\/p>\t\t\t\t\t\t\t\t<\/div>\n\t\t\t\t<\/div>\n\t\t\t\t<\/div>\n\t\t\t\t<\/div>\n\t\t<div class=\"elementor-element elementor-element-bc79b83 e-con-full e-flex e-con e-parent\" data-id=\"bc79b83\" data-element_type=\"container\" data-e-type=\"container\">\n\t\t<div class=\"elementor-element elementor-element-bb6b7bd e-con-full e-flex e-con e-child\" data-id=\"bb6b7bd\" data-element_type=\"container\" data-e-type=\"container\">\n\t\t\t\t<div class=\"elementor-element elementor-element-7e36285 elementor-widget elementor-widget-heading\" data-id=\"7e36285\" data-element_type=\"widget\" data-e-type=\"widget\" data-widget_type=\"heading.default\">\n\t\t\t\t<div class=\"elementor-widget-container\">\n\t\t\t\t\t<div class=\"elementor-heading-title elementor-size-default\">Kapsaml\u0131 End\u00fcstriyel Is\u0131tma \u00c7\u00f6z\u00fcmleri: Tasar\u0131m, \u00dcretim ve M\u00fc\u015fteri Memnuniyetinde M\u00fckemmellik<\/div>\t\t\t\t<\/div>\n\t\t\t\t<\/div>\n\t\t\t\t<div class=\"elementor-element elementor-element-0d125b3 elementor-widget elementor-widget-text-editor\" data-id=\"0d125b3\" data-element_type=\"widget\" data-e-type=\"widget\" data-widget_type=\"text-editor.default\">\n\t\t\t\t<div class=\"elementor-widget-container\">\n\t\t\t\t\t\t\t\t\t<p>\u015eu anda, tek \u00e7at\u0131 alt\u0131nda son teknoloji \u00fcretim tesisimiz, Ara\u015ft\u0131rma ve Geli\u015ftirme tesisimiz, Test Laboratuvar\u0131m\u0131z bulunmaktad\u0131r. \u015eimdiye kadar, en d\u00fc\u015f\u00fck fiyata \u00fcst\u00fcn performansla m\u00fc\u015fteri gereksinimlerine g\u00f6re binlerce End\u00fcstriyel Is\u0131t\u0131c\u0131 tasarlad\u0131k ve \u00fcrettik. Tekrarlanan i\u015fin de\u011ferini anl\u0131yoruz. \u00dcr\u00fcnlerimizde, S\u00fcre\u00e7lerimizde ve \u0130nsanlar\u0131m\u0131zda s\u00fcrekli iyile\u015ftirmeler yaparak toplam m\u00fc\u015fteri memnuniyeti sa\u011flamaya kararl\u0131y\u0131z.<\/p>\t\t\t\t\t\t\t\t<\/div>\n\t\t\t\t<\/div>\n\t\t\t\t<\/div>\n\t\t<div class=\"elementor-element elementor-element-6d567ab e-con-full e-flex e-con e-child\" data-id=\"6d567ab\" data-element_type=\"container\" data-e-type=\"container\" data-settings=\"{&quot;background_background&quot;:&quot;video&quot;,&quot;background_video_link&quot;:&quot;https:\\\/\\\/youtu.be\\\/KVdWeNMSoTo?si=XJ65geJKVIBUdw97&quot;,&quot;background_play_on_mobile&quot;:&quot;yes&quot;,&quot;background_video_start&quot;:10}\">\n\t\t<div class=\"elementor-background-video-container\">\n\t\t\t\t\t\t\t<div class=\"elementor-background-video-embed\" role=\"presentation\"><\/div>\n\t\t\t\t\t\t<\/div>\t\t<div class=\"elementor-element elementor-element-a8e447f elementor-widget elementor-widget-image\" data-id=\"a8e447f\" data-element_type=\"widget\" data-e-type=\"widget\" data-widget_type=\"image.default\">\n\t\t\t\t<div class=\"elementor-widget-container\">\n\t\t\t\t\t\t\t\t\t\t\t\t\t\t\t<img decoding=\"async\" width=\"346\" height=\"99\" data-src=\"https:\/\/cheri-heater.com\/tr\/wp-content\/uploads\/2024\/06\/cropped-logo-resize.png\" class=\"attachment-full size-full wp-image-21 lazyload\" alt=\"\" data-srcset=\"https:\/\/cheri-heater.com\/tr\/wp-content\/uploads\/2024\/06\/cropped-logo-resize.png 346w, https:\/\/cheri-heater.com\/tr\/wp-content\/uploads\/2024\/06\/cropped-logo-resize-300x86.png 300w\" data-sizes=\"(max-width: 346px) 100vw, 346px\" src=\"data:image\/svg+xml;base64,PHN2ZyB3aWR0aD0iMSIgaGVpZ2h0PSIxIiB4bWxucz0iaHR0cDovL3d3dy53My5vcmcvMjAwMC9zdmciPjwvc3ZnPg==\" style=\"--smush-placeholder-width: 346px; --smush-placeholder-aspect-ratio: 346\/99;\" \/>\t\t\t\t\t\t\t\t\t\t\t\t\t\t\t<\/div>\n\t\t\t\t<\/div>\n\t\t\t\t<\/div>\n\t\t\t\t<\/div>\n\t\t<div class=\"elementor-element elementor-element-22927ef e-con-full e-flex e-con e-parent\" data-id=\"22927ef\" data-element_type=\"container\" data-e-type=\"container\" data-settings=\"{&quot;background_background&quot;:&quot;classic&quot;}\">\n\t\t\t\t<\/div>\n\t\t<div class=\"elementor-element elementor-element-cf983fe e-con-full e-flex e-con e-parent\" data-id=\"cf983fe\" data-element_type=\"container\" data-e-type=\"container\" data-settings=\"{&quot;background_background&quot;:&quot;classic&quot;}\">\n\t\t\t\t<\/div>\n\t\t<div class=\"elementor-element elementor-element-6812ba9 e-con-full e-flex e-con e-parent\" data-id=\"6812ba9\" data-element_type=\"container\" data-e-type=\"container\">\n\t\t<div class=\"elementor-element elementor-element-4d974bb e-con-full e-flex e-con e-child\" data-id=\"4d974bb\" data-element_type=\"container\" data-e-type=\"container\">\n\t\t\t\t<div class=\"elementor-element elementor-element-4ecafe5 elementor-widget elementor-widget-heading\" data-id=\"4ecafe5\" data-element_type=\"widget\" data-e-type=\"widget\" data-widget_type=\"heading.default\">\n\t\t\t\t<div class=\"elementor-widget-container\">\n\t\t\t\t\t<div class=\"elementor-heading-title elementor-size-default\">Yenilik\u00e7i Tasar\u0131m ve Geli\u015ftirme<\/div>\t\t\t\t<\/div>\n\t\t\t\t<\/div>\n\t\t\t\t<div class=\"elementor-element elementor-element-0675a08 elementor-widget elementor-widget-image\" data-id=\"0675a08\" data-element_type=\"widget\" data-e-type=\"widget\" data-widget_type=\"image.default\">\n\t\t\t\t<div class=\"elementor-widget-container\">\n\t\t\t\t\t\t\t\t\t\t\t\t\t\t\t<img fetchpriority=\"high\" decoding=\"async\" width=\"704\" height=\"704\" src=\"https:\/\/cheri-heater.com\/tr\/wp-content\/uploads\/2024\/06\/dOeHx5VZ5qg-VzBiR89gQOd6DXiN2bSb-1.png\" class=\"attachment-full size-full wp-image-778\" alt=\"\" srcset=\"https:\/\/cheri-heater.com\/tr\/wp-content\/uploads\/2024\/06\/dOeHx5VZ5qg-VzBiR89gQOd6DXiN2bSb-1.png 704w, https:\/\/cheri-heater.com\/tr\/wp-content\/uploads\/2024\/06\/dOeHx5VZ5qg-VzBiR89gQOd6DXiN2bSb-1-300x300.png 300w, https:\/\/cheri-heater.com\/tr\/wp-content\/uploads\/2024\/06\/dOeHx5VZ5qg-VzBiR89gQOd6DXiN2bSb-1-100x100.png 100w, https:\/\/cheri-heater.com\/tr\/wp-content\/uploads\/2024\/06\/dOeHx5VZ5qg-VzBiR89gQOd6DXiN2bSb-1-600x600.png 600w, https:\/\/cheri-heater.com\/tr\/wp-content\/uploads\/2024\/06\/dOeHx5VZ5qg-VzBiR89gQOd6DXiN2bSb-1-150x150.png 150w\" sizes=\"(max-width: 704px) 100vw, 704px\" \/>\t\t\t\t\t\t\t\t\t\t\t\t\t\t\t<\/div>\n\t\t\t\t<\/div>\n\t\t\t\t<div class=\"elementor-element elementor-element-a35a166 elementor-widget elementor-widget-text-editor\" data-id=\"a35a166\" data-element_type=\"widget\" data-e-type=\"widget\" data-widget_type=\"text-editor.default\">\n\t\t\t\t<div class=\"elementor-widget-container\">\n\t\t\t\t\t\t\t\t\t<p>Belirli m\u00fc\u015fteri gereksinimlerine g\u00f6re \u00f6zelle\u015ftirilmi\u015f end\u00fcstriyel \u0131s\u0131t\u0131c\u0131lar.<br \/>Binlerce end\u00fcstriyel \u0131s\u0131t\u0131c\u0131 tasarland\u0131 ve \u00fcretildi.<\/p>\t\t\t\t\t\t\t\t<\/div>\n\t\t\t\t<\/div>\n\t\t\t\t<\/div>\n\t\t<div class=\"elementor-element elementor-element-4ac647b e-con-full e-flex e-con e-child\" data-id=\"4ac647b\" data-element_type=\"container\" data-e-type=\"container\">\n\t\t\t\t<div class=\"elementor-element elementor-element-d695e7b elementor-widget elementor-widget-heading\" data-id=\"d695e7b\" data-element_type=\"widget\" data-e-type=\"widget\" data-widget_type=\"heading.default\">\n\t\t\t\t<div class=\"elementor-widget-container\">\n\t\t\t\t\t<div class=\"elementor-heading-title elementor-size-default\">Kaliteye ba\u011fl\u0131l\u0131k<\/div>\t\t\t\t<\/div>\n\t\t\t\t<\/div>\n\t\t\t\t<div class=\"elementor-element elementor-element-16c8f51 elementor-widget elementor-widget-image\" data-id=\"16c8f51\" data-element_type=\"widget\" data-e-type=\"widget\" data-widget_type=\"image.default\">\n\t\t\t\t<div class=\"elementor-widget-container\">\n\t\t\t\t\t\t\t\t\t\t\t\t\t\t\t<img decoding=\"async\" width=\"990\" height=\"990\" data-src=\"https:\/\/cheri-heater.com\/tr\/wp-content\/uploads\/2024\/06\/nr_pE0X1BCErtojMZqDNXldSPxVH7CIRu4fI91Em2I1r8pFL-UGRHRTbrBKpP1zJIii3euxz-1.jpg\" class=\"attachment-full size-full wp-image-779 lazyload\" alt=\"\" data-srcset=\"https:\/\/cheri-heater.com\/tr\/wp-content\/uploads\/2024\/06\/nr_pE0X1BCErtojMZqDNXldSPxVH7CIRu4fI91Em2I1r8pFL-UGRHRTbrBKpP1zJIii3euxz-1.jpg 990w, https:\/\/cheri-heater.com\/tr\/wp-content\/uploads\/2024\/06\/nr_pE0X1BCErtojMZqDNXldSPxVH7CIRu4fI91Em2I1r8pFL-UGRHRTbrBKpP1zJIii3euxz-1-300x300.jpg 300w, https:\/\/cheri-heater.com\/tr\/wp-content\/uploads\/2024\/06\/nr_pE0X1BCErtojMZqDNXldSPxVH7CIRu4fI91Em2I1r8pFL-UGRHRTbrBKpP1zJIii3euxz-1-100x100.jpg 100w, https:\/\/cheri-heater.com\/tr\/wp-content\/uploads\/2024\/06\/nr_pE0X1BCErtojMZqDNXldSPxVH7CIRu4fI91Em2I1r8pFL-UGRHRTbrBKpP1zJIii3euxz-1-600x600.jpg 600w, https:\/\/cheri-heater.com\/tr\/wp-content\/uploads\/2024\/06\/nr_pE0X1BCErtojMZqDNXldSPxVH7CIRu4fI91Em2I1r8pFL-UGRHRTbrBKpP1zJIii3euxz-1-150x150.jpg 150w, https:\/\/cheri-heater.com\/tr\/wp-content\/uploads\/2024\/06\/nr_pE0X1BCErtojMZqDNXldSPxVH7CIRu4fI91Em2I1r8pFL-UGRHRTbrBKpP1zJIii3euxz-1-768x768.jpg 768w\" data-sizes=\"(max-width: 990px) 100vw, 990px\" src=\"data:image\/svg+xml;base64,PHN2ZyB3aWR0aD0iMSIgaGVpZ2h0PSIxIiB4bWxucz0iaHR0cDovL3d3dy53My5vcmcvMjAwMC9zdmciPjwvc3ZnPg==\" style=\"--smush-placeholder-width: 990px; --smush-placeholder-aspect-ratio: 990\/990;\" \/>\t\t\t\t\t\t\t\t\t\t\t\t\t\t\t<\/div>\n\t\t\t\t<\/div>\n\t\t\t\t<div class=\"elementor-element elementor-element-49dabd1 elementor-widget elementor-widget-text-editor\" data-id=\"49dabd1\" data-element_type=\"widget\" data-e-type=\"widget\" data-widget_type=\"text-editor.default\">\n\t\t\t\t<div class=\"elementor-widget-container\">\n\t\t\t\t\t\t\t\t\t<p>20 y\u0131l\u0131 a\u015fk\u0131n deneyim.<br \/>Son teknoloji \u00dcretim, Ara\u015ft\u0131rma ve Geli\u015ftirme ve Test Laboratuvar\u0131.<br \/>Rekabet\u00e7i fiyatlarla \u00fcst\u00fcn performansa sahip \u00f6zel olarak tasarlanm\u0131\u015f \u00e7\u00f6z\u00fcmler.<\/p>\t\t\t\t\t\t\t\t<\/div>\n\t\t\t\t<\/div>\n\t\t\t\t<\/div>\n\t\t<div class=\"elementor-element elementor-element-91ad04f e-con-full e-flex e-con e-child\" data-id=\"91ad04f\" data-element_type=\"container\" data-e-type=\"container\">\n\t\t\t\t<div class=\"elementor-element elementor-element-f0ba558 elementor-widget elementor-widget-heading\" data-id=\"f0ba558\" data-element_type=\"widget\" data-e-type=\"widget\" data-widget_type=\"heading.default\">\n\t\t\t\t<div class=\"elementor-widget-container\">\n\t\t\t\t\t<div class=\"elementor-heading-title elementor-size-default\">Kalite kontrol<\/div>\t\t\t\t<\/div>\n\t\t\t\t<\/div>\n\t\t\t\t<div class=\"elementor-element elementor-element-22df1e8 elementor-widget elementor-widget-image\" data-id=\"22df1e8\" data-element_type=\"widget\" data-e-type=\"widget\" data-widget_type=\"image.default\">\n\t\t\t\t<div class=\"elementor-widget-container\">\n\t\t\t\t\t\t\t\t\t\t\t\t\t\t\t<img decoding=\"async\" width=\"1080\" height=\"1080\" data-src=\"https:\/\/cheri-heater.com\/tr\/wp-content\/uploads\/2024\/06\/5f6330f6d79c21f746e526f7_Muenchner-Kindl92-Instagram-1.jpg\" class=\"attachment-full size-full wp-image-780 lazyload\" alt=\"\" data-srcset=\"https:\/\/cheri-heater.com\/tr\/wp-content\/uploads\/2024\/06\/5f6330f6d79c21f746e526f7_Muenchner-Kindl92-Instagram-1.jpg 1080w, https:\/\/cheri-heater.com\/tr\/wp-content\/uploads\/2024\/06\/5f6330f6d79c21f746e526f7_Muenchner-Kindl92-Instagram-1-300x300.jpg 300w, https:\/\/cheri-heater.com\/tr\/wp-content\/uploads\/2024\/06\/5f6330f6d79c21f746e526f7_Muenchner-Kindl92-Instagram-1-100x100.jpg 100w, https:\/\/cheri-heater.com\/tr\/wp-content\/uploads\/2024\/06\/5f6330f6d79c21f746e526f7_Muenchner-Kindl92-Instagram-1-600x600.jpg 600w, https:\/\/cheri-heater.com\/tr\/wp-content\/uploads\/2024\/06\/5f6330f6d79c21f746e526f7_Muenchner-Kindl92-Instagram-1-1024x1024.jpg 1024w, https:\/\/cheri-heater.com\/tr\/wp-content\/uploads\/2024\/06\/5f6330f6d79c21f746e526f7_Muenchner-Kindl92-Instagram-1-150x150.jpg 150w, https:\/\/cheri-heater.com\/tr\/wp-content\/uploads\/2024\/06\/5f6330f6d79c21f746e526f7_Muenchner-Kindl92-Instagram-1-768x768.jpg 768w\" data-sizes=\"(max-width: 1080px) 100vw, 1080px\" src=\"data:image\/svg+xml;base64,PHN2ZyB3aWR0aD0iMSIgaGVpZ2h0PSIxIiB4bWxucz0iaHR0cDovL3d3dy53My5vcmcvMjAwMC9zdmciPjwvc3ZnPg==\" style=\"--smush-placeholder-width: 1080px; --smush-placeholder-aspect-ratio: 1080\/1080;\" \/>\t\t\t\t\t\t\t\t\t\t\t\t\t\t\t<\/div>\n\t\t\t\t<\/div>\n\t\t\t\t<div class=\"elementor-element elementor-element-48a17b3 elementor-widget elementor-widget-text-editor\" data-id=\"48a17b3\" data-element_type=\"widget\" data-e-type=\"widget\" data-widget_type=\"text-editor.default\">\n\t\t\t\t<div class=\"elementor-widget-container\">\n\t\t\t\t\t\t\t\t\t<p>Y\u00fcksek kalite standartlar\u0131n\u0131 garanti alt\u0131na al\u0131rken rekabet\u00e7i maliyetleri korumak.<br \/>\u00dcr\u00fcnlerde, s\u00fcre\u00e7lerde ve personelde s\u00fcrekli iyile\u015ftirmeler.<\/p>\t\t\t\t\t\t\t\t<\/div>\n\t\t\t\t<\/div>\n\t\t\t\t<\/div>\n\t\t\t\t<\/div>\n\t\t\t\t<\/div>\n\t\t","protected":false},"excerpt":{"rendered":"<p>HAKKIMIZDA Cheri Is\u0131t\u0131c\u0131 Teknolojisi A.\u015e. ISO 9001:2008 ve CE Sertifikal\u0131 bir \u015eirket olan Cheri Heater Technology Co.,Ltd., Y\u00fcksek Kaliteli End\u00fcstriyel Is\u0131t\u0131c\u0131lar\u0131n \u00f6nde gelen \u00fcreticilerinden biridir.Kartu\u015f Is\u0131t\u0131c\u0131lar (D\u00fc\u015f\u00fck Yo\u011funluklu ve Y\u00fcksek Yo\u011funluklu), Termokupllar,Nozul Is\u0131t\u0131c\u0131lar, Boru Is\u0131t\u0131c\u0131lar, Mika ve Seramik Bant Is\u0131t\u0131c\u0131lar vb. \u00fcretiyoruz. Cheri Heater Technology Co.,Ltd., 2003 y\u0131l\u0131nda Kurucumuz taraf\u0131ndan kurulmu\u015ftur.Sekt\u00f6rdeki 20 y\u0131ll\u0131k hizmeti boyunca, [&hellip;]<\/p>\n","protected":false},"author":1,"featured_media":0,"parent":0,"menu_order":0,"comment_status":"closed","ping_status":"closed","template":"","meta":{"footnotes":""},"class_list":["post-738","page","type-page","status-publish","hentry"],"yoast_head":"<!-- This site is optimized with the Yoast SEO plugin v27.3 - https:\/\/yoast.com\/product\/yoast-seo-wordpress\/ -->\n<title>About Us - Cheri Heater Technology Co.,Ltd.<\/title>\n<meta name=\"robots\" content=\"index, follow, max-snippet:-1, max-image-preview:large, max-video-preview:-1\" \/>\n<link rel=\"canonical\" href=\"https:\/\/cheri-heater.com\/tr\/about-us\/\" \/>\n<meta property=\"og:locale\" content=\"en_US\" \/>\n<meta property=\"og:type\" content=\"article\" \/>\n<meta property=\"og:title\" content=\"About Us - Cheri Heater Technology Co.,Ltd.\" \/>\n<meta property=\"og:description\" content=\"HAKKIMIZDA Cheri Is\u0131t\u0131c\u0131 Teknolojisi A.\u015e. ISO 9001:2008 ve CE Sertifikal\u0131 bir \u015eirket olan Cheri Heater Technology Co.,Ltd., Y\u00fcksek Kaliteli End\u00fcstriyel Is\u0131t\u0131c\u0131lar\u0131n \u00f6nde gelen \u00fcreticilerinden biridir.Kartu\u015f Is\u0131t\u0131c\u0131lar (D\u00fc\u015f\u00fck Yo\u011funluklu ve Y\u00fcksek Yo\u011funluklu), Termokupllar,Nozul Is\u0131t\u0131c\u0131lar, Boru Is\u0131t\u0131c\u0131lar, Mika ve Seramik Bant Is\u0131t\u0131c\u0131lar vb. \u00fcretiyoruz. Cheri Heater Technology Co.,Ltd., 2003 y\u0131l\u0131nda Kurucumuz taraf\u0131ndan kurulmu\u015ftur.Sekt\u00f6rdeki 20 y\u0131ll\u0131k hizmeti boyunca, [&hellip;]\" \/>\n<meta property=\"og:url\" content=\"https:\/\/cheri-heater.com\/tr\/about-us\/\" \/>\n<meta property=\"og:site_name\" content=\"Cheri Heater Technology Co.,Ltd.\" \/>\n<meta property=\"article:modified_time\" content=\"2024-07-30T23:48:11+00:00\" \/>\n<meta property=\"og:image\" content=\"https:\/\/cheri-heater.com\/tr\/wp-content\/uploads\/2024\/06\/cropped-logo-resize.png\" \/>\n<meta name=\"twitter:card\" content=\"summary_large_image\" \/>\n<meta name=\"twitter:label1\" content=\"Est. reading time\" \/>\n\t<meta name=\"twitter:data1\" content=\"3 minutes\" \/>\n<!-- \/ Yoast SEO plugin. -->","yoast_head_json":{"title":"About Us - Cheri Heater Technology Co.,Ltd.","robots":{"index":"index","follow":"follow","max-snippet":"max-snippet:-1","max-image-preview":"max-image-preview:large","max-video-preview":"max-video-preview:-1"},"canonical":"https:\/\/cheri-heater.com\/tr\/about-us\/","og_locale":"en_US","og_type":"article","og_title":"About Us - Cheri Heater Technology Co.,Ltd.","og_description":"HAKKIMIZDA Cheri Is\u0131t\u0131c\u0131 Teknolojisi A.\u015e. ISO 9001:2008 ve CE Sertifikal\u0131 bir \u015eirket olan Cheri Heater Technology Co.,Ltd., Y\u00fcksek Kaliteli End\u00fcstriyel Is\u0131t\u0131c\u0131lar\u0131n \u00f6nde gelen \u00fcreticilerinden biridir.Kartu\u015f Is\u0131t\u0131c\u0131lar (D\u00fc\u015f\u00fck Yo\u011funluklu ve Y\u00fcksek Yo\u011funluklu), Termokupllar,Nozul Is\u0131t\u0131c\u0131lar, Boru Is\u0131t\u0131c\u0131lar, Mika ve Seramik Bant Is\u0131t\u0131c\u0131lar vb. \u00fcretiyoruz. Cheri Heater Technology Co.,Ltd., 2003 y\u0131l\u0131nda Kurucumuz taraf\u0131ndan kurulmu\u015ftur.Sekt\u00f6rdeki 20 y\u0131ll\u0131k hizmeti boyunca, [&hellip;]","og_url":"https:\/\/cheri-heater.com\/tr\/about-us\/","og_site_name":"Cheri Heater Technology Co.,Ltd.","article_modified_time":"2024-07-30T23:48:11+00:00","og_image":[{"url":"https:\/\/cheri-heater.com\/tr\/wp-content\/uploads\/2024\/06\/cropped-logo-resize.png","type":"","width":"","height":""}],"twitter_card":"summary_large_image","twitter_misc":{"Est. reading time":"3 minutes"},"schema":{"@context":"https:\/\/schema.org","@graph":[{"@type":"WebPage","@id":"https:\/\/cheri-heater.com\/tr\/about-us\/","url":"https:\/\/cheri-heater.com\/tr\/about-us\/","name":"About Us - Cheri Heater Technology Co.,Ltd.","isPartOf":{"@id":"https:\/\/cheri-heater.com\/tr\/#website"},"primaryImageOfPage":{"@id":"https:\/\/cheri-heater.com\/tr\/about-us\/#primaryimage"},"image":{"@id":"https:\/\/cheri-heater.com\/tr\/about-us\/#primaryimage"},"thumbnailUrl":"https:\/\/cheri-heater.com\/tr\/wp-content\/uploads\/2024\/06\/cropped-logo-resize.png","datePublished":"2024-06-03T16:31:11+00:00","dateModified":"2024-07-30T23:48:11+00:00","breadcrumb":{"@id":"https:\/\/cheri-heater.com\/tr\/about-us\/#breadcrumb"},"inLanguage":"en-US","potentialAction":[{"@type":"ReadAction","target":["https:\/\/cheri-heater.com\/tr\/about-us\/"]}]},{"@type":"ImageObject","inLanguage":"en-US","@id":"https:\/\/cheri-heater.com\/tr\/about-us\/#primaryimage","url":"https:\/\/cheri-heater.com\/tr\/wp-content\/uploads\/2024\/06\/cropped-logo-resize.png","contentUrl":"https:\/\/cheri-heater.com\/tr\/wp-content\/uploads\/2024\/06\/cropped-logo-resize.png","width":346,"height":99},{"@type":"BreadcrumbList","@id":"https:\/\/cheri-heater.com\/tr\/about-us\/#breadcrumb","itemListElement":[{"@type":"ListItem","position":1,"name":"Home","item":"https:\/\/cheri-heater.com\/tr\/"},{"@type":"ListItem","position":2,"name":"About Us"}]},{"@type":"WebSite","@id":"https:\/\/cheri-heater.com\/tr\/#website","url":"https:\/\/cheri-heater.com\/tr\/","name":"Cheri Heater Technology Co.,Ltd.","description":"","publisher":{"@id":"https:\/\/cheri-heater.com\/tr\/#organization"},"potentialAction":[{"@type":"SearchAction","target":{"@type":"EntryPoint","urlTemplate":"https:\/\/cheri-heater.com\/tr\/?s={search_term_string}"},"query-input":{"@type":"PropertyValueSpecification","valueRequired":true,"valueName":"search_term_string"}}],"inLanguage":"en-US"},{"@type":"Organization","@id":"https:\/\/cheri-heater.com\/tr\/#organization","name":"Cheri Heater Technology Co.,Ltd.","url":"https:\/\/cheri-heater.com\/tr\/","logo":{"@type":"ImageObject","inLanguage":"en-US","@id":"https:\/\/cheri-heater.com\/tr\/#\/schema\/logo\/image\/","url":"https:\/\/cheri-heater.com\/tr\/wp-content\/uploads\/2024\/06\/cropped-logo-resize.png","contentUrl":"https:\/\/cheri-heater.com\/tr\/wp-content\/uploads\/2024\/06\/cropped-logo-resize.png","width":346,"height":99,"caption":"Cheri Heater Technology Co.,Ltd."},"image":{"@id":"https:\/\/cheri-heater.com\/tr\/#\/schema\/logo\/image\/"}}]}},"_links":{"self":[{"href":"https:\/\/cheri-heater.com\/tr\/wp-json\/wp\/v2\/pages\/738","targetHints":{"allow":["GET"]}}],"collection":[{"href":"https:\/\/cheri-heater.com\/tr\/wp-json\/wp\/v2\/pages"}],"about":[{"href":"https:\/\/cheri-heater.com\/tr\/wp-json\/wp\/v2\/types\/page"}],"author":[{"embeddable":true,"href":"https:\/\/cheri-heater.com\/tr\/wp-json\/wp\/v2\/users\/1"}],"replies":[{"embeddable":true,"href":"https:\/\/cheri-heater.com\/tr\/wp-json\/wp\/v2\/comments?post=738"}],"version-history":[{"count":55,"href":"https:\/\/cheri-heater.com\/tr\/wp-json\/wp\/v2\/pages\/738\/revisions"}],"predecessor-version":[{"id":1673,"href":"https:\/\/cheri-heater.com\/tr\/wp-json\/wp\/v2\/pages\/738\/revisions\/1673"}],"wp:attachment":[{"href":"https:\/\/cheri-heater.com\/tr\/wp-json\/wp\/v2\/media?parent=738"}],"curies":[{"name":"wp","href":"https:\/\/api.w.org\/{rel}","templated":true}]}}