{"id":1014,"date":"2024-06-04T18:28:49","date_gmt":"2024-06-04T18:28:49","guid":{"rendered":"https:\/\/cheri-heater.com\/tr\/?post_type=product&#038;p=1014"},"modified":"2024-07-30T22:08:46","modified_gmt":"2024-07-30T22:08:46","slug":"warm-floor-cable","status":"publish","type":"product","link":"https:\/\/cheri-heater.com\/tr\/product\/warm-floor-cable\/","title":{"rendered":"S\u0131cak Zemin Kablo"},"content":{"rendered":"<p align=\"left\"><strong class=\"western\"><span style=\"color: #000000;\"><span style=\"font-family: Arial, sans-serif;\"><span style=\"font-size: x-large;\"><b><span style=\"font-size: medium;\">Teknik Veriler:<\/span><\/b><\/span><\/span><\/span><\/strong><\/p>\n<p class=\"western\" align=\"left\"><span style=\"font-size: large;\"><span style=\"font-family: Arial, sans-serif;\">\u00dcr\u00fcn Ad\u0131: Karbon fiber \u0131s\u0131tma teli<\/span><\/span><\/p>\n<p class=\"western\" align=\"left\"><span style=\"font-size: large;\"><span style=\"font-family: Arial, sans-serif;\">Yal\u0131t\u0131m malzemesi: Silikon kau\u00e7uk<\/span><\/span><\/p>\n<p class=\"western\" align=\"left\"><span style=\"font-size: large;\"><span style=\"font-family: Arial, sans-serif;\">Maksimum dayanma s\u0131cakl\u0131\u011f\u0131: 200\u00b0C<\/span><\/span><\/p>\n<p class=\"western\" align=\"left\"><span style=\"font-size: large;\"><span style=\"font-family: Arial, sans-serif;\">Is\u0131tma s\u0131cakl\u0131\u011f\u0131: Kullan\u0131m uzunlu\u011funa ba\u011fl\u0131d\u0131r<\/span><\/span><\/p>\n<p class=\"western\" align=\"left\"><span style=\"font-size: large;\"><span style=\"font-family: Arial, sans-serif;\">Is\u0131tma iletkeni: 12K<\/span><\/span><\/p>\n<p class=\"western\" align=\"left\"><span style=\"font-size: large;\"><span style=\"font-family: Arial, sans-serif;\">Ka\u00e7ak ak\u0131m: 0.05mA\/m<\/span><\/span><\/p>\n<p class=\"western\" align=\"left\"><span style=\"font-size: large;\"><span style=\"font-family: Arial, sans-serif;\">\u00dcr\u00fcn maksimum g\u00fc\u00e7: 25W\/M<\/span><\/span><\/p>\n<p class=\"western\" align=\"left\"><span style=\"color: #000000;\"><span style=\"font-family: Arial, sans-serif;\"><span style=\"font-size: large;\"><span lang=\"en-US\">\u00c7ap: 3\u00b10.1 MM (<\/span><\/span><\/span><\/span><span style=\"color: #000000;\"><span style=\"font-family: Arial, sans-serif;\"><span style=\"font-size: large;\"><span lang=\"en-US\"><b><strong class=\"western\">Daha Kal\u0131n ve G\u00fcvenli<\/strong><\/b><\/span><\/span><\/span><\/span><span style=\"color: #000000;\"><span style=\"font-family: Arial, sans-serif;\"><span style=\"font-size: large;\"><span lang=\"en-US\">)<\/span><\/span><\/span><\/span><\/p>\n<p class=\"western\" align=\"left\"><span style=\"font-size: large;\"><span style=\"font-family: Arial, sans-serif;\">Renkler: K\u0131rm\u0131z\u0131<\/span><\/span><\/p>\n<p class=\"western\" align=\"left\"><span style=\"font-size: large;\"><span style=\"font-family: Arial, sans-serif;\">K\u0131z\u0131l\u00f6tesi dalga boyu: 8UM-18UM<\/span><\/span><\/p>\n<p class=\"western\" align=\"left\"><span style=\"font-size: large;\"><span style=\"font-family: Arial, sans-serif;\">\u0130letken direnci: 33\u00b110% \u03a9\/m<\/span><\/span><\/p>\n<p class=\"western\" align=\"left\"><span style=\"color: #000000;\"><span style=\"font-family: Arial, sans-serif;\"><span style=\"font-size: x-large;\"><span lang=\"en-US\"><b><strong class=\"western\">G\u00fc\u00e7 Nas\u0131l Hesaplan\u0131r?<\/strong><\/b><\/span><\/span><\/span><\/span><\/p>\n<p class=\"western\" align=\"left\"><span style=\"font-size: large;\"><span style=\"font-family: Arial, sans-serif;\">Gerilim*Gerilim\u00f7diren\u00e7=elektrik g\u00fcc\u00fc<\/span><\/span><\/p>\n<p class=\"western\" align=\"left\"><span style=\"font-size: large;\"><span style=\"font-family: Arial, sans-serif;\">12K=33ohm\/metre<\/span><\/span><\/p>\n<p class=\"western\" align=\"left\"><span style=\"font-size: large;\"><span style=\"font-family: Arial, sans-serif;\">\u00d6rne\u011fin, 10m 12K karbon fiber kabloyu 220V&#8217;ye ba\u011flad\u0131\u011f\u0131n\u0131zda, g\u00fc\u00e7:<\/span><\/span><\/p>\n<p class=\"western\" align=\"left\"><span style=\"font-size: large;\"><span style=\"font-family: Arial, sans-serif;\">220V*220V\u00f7(10metre*33\u03a9)=150W<\/span><\/span><\/p>\n<p class=\"western\" align=\"left\"><span style=\"font-family: Arial, sans-serif;\"><span style=\"font-size: large;\"><span lang=\"en-US\">\u00d6rne\u011fin,\u00a0<\/span><\/span><\/span><span style=\"font-family: Arial, sans-serif;\"><span style=\"font-size: small;\"><span lang=\"en-US\">\u00a0<\/span><\/span><\/span><span style=\"font-family: Arial, sans-serif;\"><span style=\"font-size: large;\"><span lang=\"en-US\">15m 12K karbon fiber kabloyu 220V&#8217;ye ba\u011flad\u0131\u011f\u0131n\u0131zda, g\u00fc\u00e7:<\/span><\/span><\/span><\/p>\n<p class=\"western\" align=\"left\"><span style=\"font-size: large;\"><span style=\"font-family: Arial, sans-serif;\">220V*220V\u00f7(15metre*33\u03a9)=100W<\/span><\/span><\/p>\n<p class=\"western\" align=\"left\"><span style=\"font-size: large;\"><span style=\"font-family: Arial, sans-serif;\">Daha uzun uzunluk, daha k\u00fc\u00e7\u00fck g\u00fc\u00e7 ve daha d\u00fc\u015f\u00fck \u0131s\u0131tma s\u0131cakl\u0131\u011f\u0131 anlam\u0131na gelir.<\/span><\/span><\/p>\n<p align=\"left\"><strong class=\"western\"><span style=\"color: #000000;\"><span style=\"font-family: Arial, sans-serif;\"><span style=\"font-size: x-large;\"><b><span style=\"font-size: medium;\">Sorular ve Cevaplar:<\/span><\/b><\/span><\/span><\/span><\/strong><\/p>\n<p class=\"western\" align=\"left\"><span style=\"color: #000000;\"><span style=\"font-family: Arial, sans-serif;\"><span style=\"font-size: medium;\"><span lang=\"en-US\"><b><strong class=\"western\">S1:<\/strong><\/b><\/span><\/span><\/span><\/span><span style=\"color: #000000;\"><span style=\"font-family: Arial, sans-serif;\"><span style=\"font-size: medium;\"><span lang=\"en-US\"> &#8220;12K&#8221; ne anlama geliyor? 12K ve 24K aras\u0131ndaki fark nedir?<\/span><\/span><\/span><\/span><\/p>\n<p class=\"western\" align=\"left\"><span style=\"color: #000000;\"><span style=\"font-family: Arial, sans-serif;\"><span style=\"font-size: medium;\"><span lang=\"en-US\"><b><strong class=\"western\">C1:<\/strong><\/b><\/span><\/span><\/span><\/span><span style=\"color: #000000;\"><span style=\"font-family: Arial, sans-serif;\"><span style=\"font-size: medium;\"><span lang=\"en-US\"> &#8220;K&#8221; bin anlam\u0131na gelir, bu y\u00fczden 12K, 12 bin anlam\u0131na gelir; bu, 12K karbon fiber \u0131s\u0131tma kablosunun iletkeninin 12000 adet karbon fiber ile birle\u015fti\u011fi, direncin ise 33 Ohm\/m oldu\u011fu anlam\u0131na gelir. 24K kablosunun iletkeni 24000 adet karbon fiber ile birle\u015fir, direnci ise 17 Ohm\/m&#8217;dir.<\/span><\/span><\/span><\/span><\/p>\n<p class=\"western\" align=\"left\"><span style=\"color: #000000;\"><span style=\"font-family: Arial, sans-serif;\"><span style=\"font-size: medium;\"><span lang=\"en-US\"><b><strong class=\"western\">S2:<\/strong><\/b><\/span><\/span><\/span><\/span><span style=\"color: #000000;\"><span style=\"font-family: Arial, sans-serif;\"><span style=\"font-size: medium;\"><span lang=\"en-US\"> Kau\u00e7uk ve Teflon kaplamalar aras\u0131ndaki fark nedir?<\/span><\/span><\/span><\/span><\/p>\n<p class=\"western\" align=\"left\"><span style=\"color: #000000;\"><span style=\"font-family: Arial, sans-serif;\"><span style=\"font-size: medium;\"><span lang=\"en-US\"><b><strong class=\"western\">C2:<\/strong><\/b><\/span><\/span><\/span><\/span><span style=\"color: #000000;\"><span style=\"font-family: Arial, sans-serif;\"><span style=\"font-size: medium;\"><span lang=\"en-US\"> 1. Kau\u00e7uk kaplama daha esnek ve daha kal\u0131nd\u0131r. Biraz koku yapabilir, ancak koku birka\u00e7 g\u00fcn sonra kaybolur.<\/span><\/span><\/span><\/span><\/p>\n<p class=\"western\" align=\"left\">\u00a0\u00a0\u00a0\u00a0\u00a0\u00a0 <span style=\"font-family: Arial, sans-serif;\"><span style=\"font-size: medium;\">2. Teflon kaplama, kau\u00e7uk kaplamadan biraz daha sert ve ince olup, kokusuzdur ve iyi bir korozyon direnci sa\u011flar.<\/span><\/span><\/p>\n<p class=\"western\" align=\"left\"><span style=\"color: #000000;\"><span style=\"font-family: Arial, sans-serif;\"><span style=\"font-size: medium;\"><span lang=\"en-US\"><b><strong class=\"western\">S3: <\/strong><\/b><\/span><\/span><\/span><\/span><span style=\"color: #000000;\"><span style=\"font-family: Arial, sans-serif;\"><span style=\"font-size: medium;\"><span lang=\"en-US\">Kablonun g\u00fcc\u00fc nedir? Is\u0131tma s\u0131cakl\u0131\u011f\u0131 nedir?<\/span><\/span><\/span><\/span><\/p>\n<p class=\"western\" align=\"left\"><span style=\"color: #000000;\"><span style=\"font-family: Arial, sans-serif;\"><span style=\"font-size: medium;\"><span lang=\"en-US\"><b><strong class=\"western\">C3:<\/strong><\/b><\/span><\/span><\/span><\/span><span style=\"color: #000000;\"><span style=\"font-family: Arial, sans-serif;\"><span style=\"font-size: medium;\"><span lang=\"en-US\"> 1. Kablonun g\u00fcc\u00fc, kulland\u0131\u011f\u0131n\u0131z uzunlu\u011fa ba\u011fl\u0131d\u0131r, g\u00fcc\u00fc yukar\u0131daki \u00f6rneklere g\u00f6re hesaplayabilirsiniz.<\/span><\/span><\/span><\/span><\/p>\n<p class=\"western\" align=\"left\">\u00a0\u00a0\u00a0\u00a0\u00a0\u00a0 <span style=\"font-family: Arial, sans-serif;\"><span style=\"font-size: medium;\">2. G\u00fc\u00e7 = 5W\/m, s\u0131cakl\u0131k yakla\u015f\u0131k 30~40\u00b0C;<\/span><\/span><\/p>\n<p class=\"western\" align=\"left\">\u00a0\u00a0\u00a0\u00a0\u00a0\u00a0\u00a0\u00a0\u00a0\u00a0 <span style=\"font-family: Arial, sans-serif;\"><span style=\"font-size: medium;\">G\u00fc\u00e7 = 10W\/m, s\u0131cakl\u0131k yakla\u015f\u0131k 40~50\u00b0C;<\/span><\/span><\/p>\n<p class=\"western\" align=\"left\">\u00a0\u00a0\u00a0\u00a0\u00a0\u00a0\u00a0\u00a0\u00a0\u00a0 <span style=\"font-family: Arial, sans-serif;\"><span style=\"font-size: medium;\">G\u00fc\u00e7 = 15W\/m, s\u0131cakl\u0131k yakla\u015f\u0131k 50~60\u00b0C;<\/span><\/span><\/p>\n<p class=\"western\" align=\"left\">\u00a0\u00a0\u00a0\u00a0\u00a0\u00a0\u00a0\u00a0\u00a0\u00a0 <span style=\"font-family: Arial, sans-serif;\"><span style=\"font-size: medium;\">G\u00fc\u00e7 = 20W\/m, s\u0131cakl\u0131k yakla\u015f\u0131k 60~70\u00b0C;<\/span><\/span><\/p>\n<p class=\"western\" align=\"left\">\u00a0\u00a0\u00a0\u00a0\u00a0\u00a0\u00a0\u00a0\u00a0\u00a0 <span style=\"font-family: Arial, sans-serif;\"><span style=\"font-size: medium;\">G\u00fc\u00e7 = 25W\/m, s\u0131cakl\u0131k yakla\u015f\u0131k 70~90\u00b0C. L\u00fctfen bu bilgilerin referans ama\u00e7l\u0131 oldu\u011funu, test ko\u015fullar\u0131na g\u00f6re tam olarak do\u011fru olmayabilece\u011fini unutmay\u0131n.<\/span><\/span><\/p>\n<p align=\"left\"><img fetchpriority=\"high\" decoding=\"async\" class=\"aligncenter size-full wp-image-1018\" src=\"https:\/\/cheri-heater.com\/tr\/wp-content\/uploads\/2024\/06\/description-2.jpg\" alt=\"\" width=\"720\" height=\"498\" srcset=\"https:\/\/cheri-heater.com\/tr\/wp-content\/uploads\/2024\/06\/description-2.jpg 720w, https:\/\/cheri-heater.com\/tr\/wp-content\/uploads\/2024\/06\/description-2-600x415.jpg 600w, https:\/\/cheri-heater.com\/tr\/wp-content\/uploads\/2024\/06\/description-2-300x208.jpg 300w\" sizes=\"(max-width: 720px) 100vw, 720px\" \/><\/p>\n<p align=\"left\"><img decoding=\"async\" class=\"aligncenter size-full wp-image-1019 lazyload\" data-src=\"https:\/\/cheri-heater.com\/tr\/wp-content\/uploads\/2024\/06\/description2-3.jpg\" alt=\"\" width=\"1000\" height=\"857\" data-srcset=\"https:\/\/cheri-heater.com\/tr\/wp-content\/uploads\/2024\/06\/description2-3.jpg 1000w, https:\/\/cheri-heater.com\/tr\/wp-content\/uploads\/2024\/06\/description2-3-600x514.jpg 600w, https:\/\/cheri-heater.com\/tr\/wp-content\/uploads\/2024\/06\/description2-3-300x257.jpg 300w, https:\/\/cheri-heater.com\/tr\/wp-content\/uploads\/2024\/06\/description2-3-768x658.jpg 768w\" data-sizes=\"(max-width: 1000px) 100vw, 1000px\" src=\"data:image\/svg+xml;base64,PHN2ZyB3aWR0aD0iMSIgaGVpZ2h0PSIxIiB4bWxucz0iaHR0cDovL3d3dy53My5vcmcvMjAwMC9zdmciPjwvc3ZnPg==\" style=\"--smush-placeholder-width: 1000px; --smush-placeholder-aspect-ratio: 1000\/857;\" \/><\/p>\n","protected":false},"excerpt":{"rendered":"<p>Teknik Veriler: \u00dcr\u00fcn Ad\u0131: Karbon fiber \u0131s\u0131tma teli Yal\u0131t\u0131m malzemesi: Silikon kau\u00e7uk Maksimum dayanma s\u0131cakl\u0131\u011f\u0131: 200\u00b0C Is\u0131tma s\u0131cakl\u0131\u011f\u0131: Kullan\u0131m uzunlu\u011funa ba\u011fl\u0131d\u0131r Is\u0131tma iletkeni: 12K Ka\u00e7ak ak\u0131m: 0.05mA\/m \u00dcr\u00fcn maksimum g\u00fc\u00e7: 25W\/M \u00c7ap: 3\u00b10.1 MM (Daha Kal\u0131n ve G\u00fcvenli) Renkler: K\u0131rm\u0131z\u0131 K\u0131z\u0131l\u00f6tesi dalga boyu: 8UM-18UM \u0130letken direnci: 33\u00b110% \u03a9\/m G\u00fc\u00e7 Nas\u0131l Hesaplan\u0131r? Gerilim*Gerilim\u00f7diren\u00e7=elektrik g\u00fcc\u00fc 12K=33ohm\/metre \u00d6rne\u011fin, [&hellip;]<\/p>\n","protected":false},"featured_media":1017,"template":"","meta":[],"product_brand":[],"product_cat":[22],"product_tag":[156],"class_list":{"0":"post-1014","1":"product","2":"type-product","3":"status-publish","4":"has-post-thumbnail","6":"product_cat-heating-cable","7":"product_tag-warm-floor-cable","9":"first","10":"instock","11":"shipping-taxable","12":"product-type-simple"},"yoast_head":"<!-- This site is optimized with the Yoast SEO plugin v27.3 - https:\/\/yoast.com\/product\/yoast-seo-wordpress\/ -->\n<title>Premium S\u0131cak Zemin Kablolar\u0131 \u00dcreticileri | Cheri-heater.com<\/title>\n<meta name=\"description\" content=\"Verimli yer alt\u0131 \u0131s\u0131tmas\u0131 i\u00e7in y\u00fcksek kaliteli s\u0131cak zemin kablolar\u0131. \u00dcst\u00fcn kaliteli kablolar\u0131m\u0131z, e\u015fit \u0131s\u0131 da\u011f\u0131l\u0131m\u0131 ve enerji tasarrufu sa\u011flar, b\u00f6ylece rahat ve konforlu bir ya\u015fam alan\u0131 olu\u015fturur. Uzman kurulum ve destek i\u00e7in bug\u00fcn bizimle ileti\u015fime ge\u00e7in!\" \/>\n<meta name=\"robots\" content=\"index, follow, max-snippet:-1, max-image-preview:large, max-video-preview:-1\" \/>\n<link rel=\"canonical\" href=\"https:\/\/cheri-heater.com\/tr\/product\/warm-floor-cable\/\" \/>\n<meta property=\"og:locale\" content=\"en_US\" \/>\n<meta property=\"og:type\" content=\"article\" \/>\n<meta property=\"og:title\" content=\"Premium S\u0131cak Zemin Kablolar\u0131 \u00dcreticileri | Cheri-heater.com\" \/>\n<meta property=\"og:description\" content=\"Verimli yer alt\u0131 \u0131s\u0131tmas\u0131 i\u00e7in y\u00fcksek kaliteli s\u0131cak zemin kablolar\u0131. \u00dcst\u00fcn kaliteli kablolar\u0131m\u0131z, e\u015fit \u0131s\u0131 da\u011f\u0131l\u0131m\u0131 ve enerji tasarrufu sa\u011flar, b\u00f6ylece rahat ve konforlu bir ya\u015fam alan\u0131 olu\u015fturur. Uzman kurulum ve destek i\u00e7in bug\u00fcn bizimle ileti\u015fime ge\u00e7in!\" \/>\n<meta property=\"og:url\" content=\"https:\/\/cheri-heater.com\/tr\/product\/warm-floor-cable\/\" \/>\n<meta property=\"og:site_name\" content=\"Cheri Heater Technology Co.,Ltd.\" \/>\n<meta property=\"article:modified_time\" content=\"2024-07-30T22:08:46+00:00\" \/>\n<meta property=\"og:image\" content=\"https:\/\/cheri-heater.com\/tr\/wp-content\/uploads\/2024\/06\/H725fe4e01ae94c68b8d1262a9d01f9afU-1.jpg_720x720q50-1.jpg\" \/>\n\t<meta property=\"og:image:width\" content=\"720\" \/>\n\t<meta property=\"og:image:height\" content=\"720\" \/>\n\t<meta property=\"og:image:type\" content=\"image\/jpeg\" \/>\n<meta name=\"twitter:card\" content=\"summary_large_image\" \/>\n<meta name=\"twitter:label1\" content=\"Est. reading time\" \/>\n\t<meta name=\"twitter:data1\" content=\"2 minutes\" \/>\n<!-- \/ Yoast SEO plugin. -->","yoast_head_json":{"title":"Premium S\u0131cak Zemin Kablolar\u0131 \u00dcreticileri | Cheri-heater.com","description":"Verimli yer alt\u0131 \u0131s\u0131tmas\u0131 i\u00e7in y\u00fcksek kaliteli s\u0131cak zemin kablolar\u0131. \u00dcst\u00fcn kaliteli kablolar\u0131m\u0131z, e\u015fit \u0131s\u0131 da\u011f\u0131l\u0131m\u0131 ve enerji tasarrufu sa\u011flar, b\u00f6ylece rahat ve konforlu bir ya\u015fam alan\u0131 olu\u015fturur. Uzman kurulum ve destek i\u00e7in bug\u00fcn bizimle ileti\u015fime ge\u00e7in!","robots":{"index":"index","follow":"follow","max-snippet":"max-snippet:-1","max-image-preview":"max-image-preview:large","max-video-preview":"max-video-preview:-1"},"canonical":"https:\/\/cheri-heater.com\/tr\/product\/warm-floor-cable\/","og_locale":"en_US","og_type":"article","og_title":"Premium S\u0131cak Zemin Kablolar\u0131 \u00dcreticileri | Cheri-heater.com","og_description":"Verimli yer alt\u0131 \u0131s\u0131tmas\u0131 i\u00e7in y\u00fcksek kaliteli s\u0131cak zemin kablolar\u0131. \u00dcst\u00fcn kaliteli kablolar\u0131m\u0131z, e\u015fit \u0131s\u0131 da\u011f\u0131l\u0131m\u0131 ve enerji tasarrufu sa\u011flar, b\u00f6ylece rahat ve konforlu bir ya\u015fam alan\u0131 olu\u015fturur. Uzman kurulum ve destek i\u00e7in bug\u00fcn bizimle ileti\u015fime ge\u00e7in!","og_url":"https:\/\/cheri-heater.com\/tr\/product\/warm-floor-cable\/","og_site_name":"Cheri Heater Technology Co.,Ltd.","article_modified_time":"2024-07-30T22:08:46+00:00","og_image":[{"width":720,"height":720,"url":"https:\/\/cheri-heater.com\/tr\/wp-content\/uploads\/2024\/06\/H725fe4e01ae94c68b8d1262a9d01f9afU-1.jpg_720x720q50-1.jpg","type":"image\/jpeg"}],"twitter_card":"summary_large_image","twitter_misc":{"Est. reading time":"2 minutes"},"schema":{"@context":"https:\/\/schema.org","@graph":[{"@type":"WebPage","@id":"https:\/\/cheri-heater.com\/tr\/product\/warm-floor-cable\/","url":"https:\/\/cheri-heater.com\/tr\/product\/warm-floor-cable\/","name":"Premium S\u0131cak Zemin Kablolar\u0131 \u00dcreticileri | Cheri-heater.com","isPartOf":{"@id":"https:\/\/cheri-heater.com\/tr\/#website"},"primaryImageOfPage":{"@id":"https:\/\/cheri-heater.com\/tr\/product\/warm-floor-cable\/#primaryimage"},"image":{"@id":"https:\/\/cheri-heater.com\/tr\/product\/warm-floor-cable\/#primaryimage"},"thumbnailUrl":"https:\/\/cheri-heater.com\/tr\/wp-content\/uploads\/2024\/06\/H725fe4e01ae94c68b8d1262a9d01f9afU-1.jpg_720x720q50-1.jpg","datePublished":"2024-06-04T18:28:49+00:00","dateModified":"2024-07-30T22:08:46+00:00","description":"Verimli yer alt\u0131 \u0131s\u0131tmas\u0131 i\u00e7in y\u00fcksek kaliteli s\u0131cak zemin kablolar\u0131. \u00dcst\u00fcn kaliteli kablolar\u0131m\u0131z, e\u015fit \u0131s\u0131 da\u011f\u0131l\u0131m\u0131 ve enerji tasarrufu sa\u011flar, b\u00f6ylece rahat ve konforlu bir ya\u015fam alan\u0131 olu\u015fturur. Uzman kurulum ve destek i\u00e7in bug\u00fcn bizimle ileti\u015fime ge\u00e7in!","breadcrumb":{"@id":"https:\/\/cheri-heater.com\/tr\/product\/warm-floor-cable\/#breadcrumb"},"inLanguage":"en-US","potentialAction":[{"@type":"ReadAction","target":["https:\/\/cheri-heater.com\/tr\/product\/warm-floor-cable\/"]}]},{"@type":"ImageObject","inLanguage":"en-US","@id":"https:\/\/cheri-heater.com\/tr\/product\/warm-floor-cable\/#primaryimage","url":"https:\/\/cheri-heater.com\/tr\/wp-content\/uploads\/2024\/06\/H725fe4e01ae94c68b8d1262a9d01f9afU-1.jpg_720x720q50-1.jpg","contentUrl":"https:\/\/cheri-heater.com\/tr\/wp-content\/uploads\/2024\/06\/H725fe4e01ae94c68b8d1262a9d01f9afU-1.jpg_720x720q50-1.jpg","width":720,"height":720},{"@type":"BreadcrumbList","@id":"https:\/\/cheri-heater.com\/tr\/product\/warm-floor-cable\/#breadcrumb","itemListElement":[{"@type":"ListItem","position":1,"name":"Home","item":"https:\/\/cheri-heater.com\/tr\/"},{"@type":"ListItem","position":2,"name":"Products","item":"https:\/\/cheri-heater.com\/tr\/products\/"},{"@type":"ListItem","position":3,"name":"S\u0131cak Zemin Kablo"}]},{"@type":"WebSite","@id":"https:\/\/cheri-heater.com\/tr\/#website","url":"https:\/\/cheri-heater.com\/tr\/","name":"Cheri Heater Technology Co.,Ltd.","description":"","publisher":{"@id":"https:\/\/cheri-heater.com\/tr\/#organization"},"potentialAction":[{"@type":"SearchAction","target":{"@type":"EntryPoint","urlTemplate":"https:\/\/cheri-heater.com\/tr\/?s={search_term_string}"},"query-input":{"@type":"PropertyValueSpecification","valueRequired":true,"valueName":"search_term_string"}}],"inLanguage":"en-US"},{"@type":"Organization","@id":"https:\/\/cheri-heater.com\/tr\/#organization","name":"Cheri Heater Technology Co.,Ltd.","url":"https:\/\/cheri-heater.com\/tr\/","logo":{"@type":"ImageObject","inLanguage":"en-US","@id":"https:\/\/cheri-heater.com\/tr\/#\/schema\/logo\/image\/","url":"https:\/\/cheri-heater.com\/tr\/wp-content\/uploads\/2024\/06\/cropped-logo-resize.png","contentUrl":"https:\/\/cheri-heater.com\/tr\/wp-content\/uploads\/2024\/06\/cropped-logo-resize.png","width":346,"height":99,"caption":"Cheri Heater Technology Co.,Ltd."},"image":{"@id":"https:\/\/cheri-heater.com\/tr\/#\/schema\/logo\/image\/"}}]}},"_links":{"self":[{"href":"https:\/\/cheri-heater.com\/tr\/wp-json\/wp\/v2\/product\/1014","targetHints":{"allow":["GET"]}}],"collection":[{"href":"https:\/\/cheri-heater.com\/tr\/wp-json\/wp\/v2\/product"}],"about":[{"href":"https:\/\/cheri-heater.com\/tr\/wp-json\/wp\/v2\/types\/product"}],"wp:featuredmedia":[{"embeddable":true,"href":"https:\/\/cheri-heater.com\/tr\/wp-json\/wp\/v2\/media\/1017"}],"wp:attachment":[{"href":"https:\/\/cheri-heater.com\/tr\/wp-json\/wp\/v2\/media?parent=1014"}],"wp:term":[{"taxonomy":"product_brand","embeddable":true,"href":"https:\/\/cheri-heater.com\/tr\/wp-json\/wp\/v2\/product_brand?post=1014"},{"taxonomy":"product_cat","embeddable":true,"href":"https:\/\/cheri-heater.com\/tr\/wp-json\/wp\/v2\/product_cat?post=1014"},{"taxonomy":"product_tag","embeddable":true,"href":"https:\/\/cheri-heater.com\/tr\/wp-json\/wp\/v2\/product_tag?post=1014"}],"curies":[{"name":"wp","href":"https:\/\/api.w.org\/{rel}","templated":true}]}}