{"id":1020,"date":"2024-06-04T18:32:03","date_gmt":"2024-06-04T18:32:03","guid":{"rendered":"https:\/\/cheri-heater.com\/tr\/?post_type=product&#038;p=1020"},"modified":"2024-07-30T22:07:27","modified_gmt":"2024-07-30T22:07:27","slug":"mica-heat-proof-cable","status":"publish","type":"product","link":"https:\/\/cheri-heater.com\/tr\/product\/mica-heat-proof-cable\/","title":{"rendered":"Mika Is\u0131ya Dayan\u0131kl\u0131 Kablo"},"content":{"rendered":"<p align=\"left\"><strong class=\"western\"><span style=\"color: #333333;\"><span style=\"font-family: Arial, sans-serif;\"><span style=\"font-size: large;\"><b><span style=\"font-size: medium;\">\u00d6zellikler<\/span><\/b><\/span><\/span><\/span><\/strong><span style=\"color: #333333;\"> <\/span><\/p>\n<table cellspacing=\"0\" cellpadding=\"2\">\n<tbody>\n<tr>\n<td bgcolor=\"#ffffff\" height=\"24\">\n<p class=\"western\" align=\"center\"><span style=\"font-family: Arial, sans-serif;\"><span style=\"font-size: large;\"><span lang=\"tr\"><b><strong class=\"western\">Ad\u0131<\/strong><\/b><\/span><\/span><\/span><\/p>\n<\/td>\n<td bgcolor=\"#ffffff\">\n<p class=\"western\" align=\"center\"><span style=\"font-family: Arial, sans-serif;\"><span style=\"font-size: large;\"><span lang=\"tr\"><b><strong class=\"western\">Kullan\u0131m s\u0131cakl\u0131\u011f\u0131<\/strong><\/b><\/span><\/span><\/span><\/p>\n<\/td>\n<td bgcolor=\"#ffffff\">\n<p class=\"western\" align=\"center\"><span style=\"font-family: Arial, sans-serif;\"><span style=\"font-size: large;\"><span lang=\"tr\"><b><strong class=\"western\">\u0130letken malzeme<\/strong><\/b><\/span><\/span><\/span><\/p>\n<\/td>\n<td bgcolor=\"#ffffff\">\n<p class=\"western\" align=\"center\"><span style=\"font-family: Arial, sans-serif;\"><span style=\"font-size: large;\"><span lang=\"tr\"><b><strong class=\"western\">\u0130zolasyon malzemesi<\/strong><\/b><\/span><\/span><\/span><\/p>\n<\/td>\n<\/tr>\n<tr>\n<td bgcolor=\"#ffffff\" height=\"20\">\n<p align=\"center\"><span style=\"font-size: medium;\"><span style=\"font-family: Arial, sans-serif;\">GN 500<\/span><\/span><\/p>\n<\/td>\n<td bgcolor=\"#ffffff\">\n<p class=\"western\" align=\"center\"><span style=\"font-size: medium;\"><span style=\"font-family: Arial, sans-serif;\">500C<\/span><\/span><\/p>\n<\/td>\n<td bgcolor=\"#ffffff\">\n<p class=\"western\" align=\"center\"><span style=\"font-size: medium;\"><span style=\"font-family: Arial, sans-serif;\">Saf bak\u0131r tel<\/span><\/span><\/p>\n<\/td>\n<td bgcolor=\"#ffffff\">\n<p class=\"western\" align=\"center\"><span style=\"font-size: medium;\"><span style=\"font-family: Arial, sans-serif;\">Cam elyaf+mika \u015ferit+cam elyaf<\/span><\/span><\/p>\n<\/td>\n<\/tr>\n<tr>\n<td bgcolor=\"#ffffff\" height=\"44\">\n<p class=\"western\" align=\"center\"><span style=\"font-size: medium;\"><span style=\"font-family: Arial, sans-serif;\">GN 600<\/span><\/span><\/p>\n<\/td>\n<td bgcolor=\"#ffffff\">\n<p class=\"western\" align=\"center\"><span style=\"font-size: medium;\"><span style=\"font-family: Arial, sans-serif;\">600C<\/span><\/span><\/p>\n<\/td>\n<td bgcolor=\"#ffffff\">\n<p class=\"western\" align=\"center\"><span style=\"font-size: medium;\"><span style=\"font-family: Arial, sans-serif;\">Nikel kapl\u0131 bak\u0131r tel<\/span><\/span><\/p>\n<\/td>\n<td bgcolor=\"#ffffff\">\n<p class=\"western\" align=\"center\"><span style=\"font-size: medium;\"><span style=\"font-family: Verdana;\">Cam elyaf+mika \u015ferit+cam elyaf<\/span><\/span><\/p>\n<\/td>\n<\/tr>\n<tr>\n<td bgcolor=\"#ffffff\" height=\"20\">\n<p class=\"western\" align=\"center\"><span style=\"font-size: medium;\"><span style=\"font-family: Arial, sans-serif;\">GN800<\/span><\/span><\/p>\n<\/td>\n<td bgcolor=\"#ffffff\">\n<p class=\"western\" align=\"center\"><span style=\"font-size: medium;\"><span style=\"font-family: Arial, sans-serif;\">800C<\/span><\/span><\/p>\n<\/td>\n<td bgcolor=\"#ffffff\">\n<p class=\"western\" align=\"center\"><span style=\"font-size: medium;\"><span style=\"font-family: Arial, sans-serif;\">Saf nikel tel<\/span><\/span><\/p>\n<\/td>\n<td bgcolor=\"#ffffff\">\n<p class=\"western\" align=\"center\"><span style=\"font-size: medium;\"><span style=\"font-family: Verdana;\">Cam elyaf+mika \u015ferit+cam elyaf<\/span><\/span><\/p>\n<\/td>\n<\/tr>\n<tr>\n<td bgcolor=\"#ffffff\" height=\"43\">\n<p class=\"western\" align=\"center\"><span style=\"font-size: medium;\"><span style=\"font-family: Arial, sans-serif;\">GN 1000<\/span><\/span><\/p>\n<\/td>\n<td bgcolor=\"#ffffff\">\n<p class=\"western\" align=\"center\"><span style=\"font-size: medium;\"><span style=\"font-family: Arial, sans-serif;\">1000C<\/span><\/span><\/p>\n<\/td>\n<td bgcolor=\"#ffffff\">\n<p class=\"western\" align=\"center\"><span style=\"font-size: medium;\"><span style=\"font-family: Arial, sans-serif;\">Y\u00fcksek s\u0131cakl\u0131k saf nikel tel<\/span><\/span><\/p>\n<\/td>\n<td bgcolor=\"#ffffff\">\n<p class=\"western\" align=\"center\"><span style=\"font-size: medium;\"><span style=\"font-family: Verdana;\">Seramik fiber+mika \u015ferit+seramik fiber<\/span><\/span><\/p>\n<\/td>\n<\/tr>\n<\/tbody>\n<\/table>\n<p><img decoding=\"async\" class=\"aligncenter size-full wp-image-1027 lazyload\" data-src=\"https:\/\/cheri-heater.com\/tr\/wp-content\/uploads\/2024\/06\/13723875654_740155133.jpg\" alt=\"\" height=\"208\" data-srcset=\"https:\/\/cheri-heater.com\/tr\/wp-content\/uploads\/2024\/06\/13723875654_740155133.jpg 793w, https:\/\/cheri-heater.com\/tr\/wp-content\/uploads\/2024\/06\/13723875654_740155133-600x157.jpg 600w, https:\/\/cheri-heater.com\/tr\/wp-content\/uploads\/2024\/06\/13723875654_740155133-300x79.jpg 300w, https:\/\/cheri-heater.com\/tr\/wp-content\/uploads\/2024\/06\/13723875654_740155133-768x201.jpg 768w\" data-sizes=\"(max-width: 793px) 100vw, 793px\" src=\"data:image\/svg+xml;base64,PHN2ZyB3aWR0aD0iMSIgaGVpZ2h0PSIxIiB4bWxucz0iaHR0cDovL3d3dy53My5vcmcvMjAwMC9zdmciPjwvc3ZnPg==\" style=\"--smush-placeholder-width: 793px; --smush-placeholder-aspect-ratio: 793\/208;\" \/><br \/>\n<img decoding=\"async\" class=\"aligncenter size-full wp-image-1028 lazyload\" data-src=\"https:\/\/cheri-heater.com\/tr\/wp-content\/uploads\/2024\/06\/O1CN01a2Xfgz1Mzn7NP0lmx_6000000001506-0-cib.jpg_Q75_\u526f\u672c.jpg\" alt=\"\" height=\"497\" data-srcset=\"https:\/\/cheri-heater.com\/tr\/wp-content\/uploads\/2024\/06\/O1CN01a2Xfgz1Mzn7NP0lmx_6000000001506-0-cib.jpg_Q75_\u526f\u672c.jpg 447w, https:\/\/cheri-heater.com\/tr\/wp-content\/uploads\/2024\/06\/O1CN01a2Xfgz1Mzn7NP0lmx_6000000001506-0-cib.jpg_Q75_\u526f\u672c-270x300.jpg 270w\" data-sizes=\"(max-width: 447px) 100vw, 447px\" src=\"data:image\/svg+xml;base64,PHN2ZyB3aWR0aD0iMSIgaGVpZ2h0PSIxIiB4bWxucz0iaHR0cDovL3d3dy53My5vcmcvMjAwMC9zdmciPjwvc3ZnPg==\" style=\"--smush-placeholder-width: 447px; --smush-placeholder-aspect-ratio: 447\/497;\" \/><\/p>\n","protected":false},"excerpt":{"rendered":"<h1><span style=\"color: #000000;\">Y\u00fcksek Kaliteli Mica Is\u0131ya Dayan\u0131kl\u0131 Kablo \u00dcreticisi<\/span><\/h1>\n<p><span style=\"color: #000000;\">Cheri Heater Technology Co., Ltd, 2003 y\u0131l\u0131ndan bu yana y\u00fcksek kaliteli end\u00fcstriyel \u0131s\u0131tma \u00e7\u00f6z\u00fcmleri sunman\u0131n \u00f6nc\u00fcs\u00fc olmu\u015ftur. \u00c7e\u015fitli \u00fcr\u00fcn yelpazemiz, end\u00fcstriyel ortamlar\u0131n zorlu taleplerini kar\u015f\u0131lamak i\u00e7in tasarlanm\u0131\u015f y\u00fcksek s\u0131cakl\u0131k Mica Is\u0131ya Dayan\u0131kl\u0131 Kabloyu i\u00e7ermektedir.<\/span><\/p>\n<h2><span style=\"color: #000000;\">Mica Is\u0131ya Dayan\u0131kl\u0131 Kablolar ile Sekt\u00f6rde Liderlik<\/span><\/h2>\n<p><span style=\"color: #000000;\">Cheri Heater olarak, end\u00fcstriyel uygulamalarda g\u00fcvenilirlik ve performans\u0131n kritik \u00f6nemini anl\u0131yoruz. Mica Is\u0131ya Dayan\u0131kl\u0131 Kablolar\u0131m\u0131z, a\u015f\u0131r\u0131 s\u0131cakl\u0131klara dayanacak \u015fekilde \u00f6zenle \u00fcretilmi\u015ftir ve bu nedenle metalurji ve di\u011fer \u00f6zel ortamlar i\u00e7in ideal bir se\u00e7imdir. Kendi tesisimizde kesme, \u015fekillendirme, i\u015fleme, s\u0131kma ve bitirme yeteneklerimizi kullanarak, tutarl\u0131 performans ve dayan\u0131kl\u0131l\u0131k sunan Mica Is\u0131ya Dayan\u0131kl\u0131 Kablolar \u00fcretmekteyiz.<\/span><\/p>\n<h3><span style=\"color: #000000;\">Neden Mica Is\u0131ya Dayan\u0131kl\u0131 Kablolar \u0130\u00e7in Cheri Heater\u2019\u0131 Se\u00e7melisiniz?<\/span><\/h3>\n<p><span style=\"color: #000000;\">Cheri Heater Technology Co., Ltd\u2019yi Mica Is\u0131ya Dayan\u0131kl\u0131 Kablo \u00fcreticiniz olarak se\u00e7ti\u011finizde, e\u015fsiz uzmanl\u0131k, m\u00fc\u015fteri deste\u011fi ve end\u00fcstriyel uygulamalar\u0131n\u0131z\u0131n benzersiz ihtiya\u00e7lar\u0131n\u0131 kar\u015f\u0131lamak i\u00e7in \u00f6zelle\u015ftirilmi\u015f \u0131s\u0131tma \u00e7\u00f6z\u00fcmleri \u00fcretme taahh\u00fcd\u00fcne sahip olursunuz. ISO 9001:2008 ve CE sertifikal\u0131 end\u00fcstriyel \u0131s\u0131t\u0131c\u0131lar\u0131m\u0131z, Mica Is\u0131ya Dayan\u0131kl\u0131 Kablo da dahil olmak \u00fczere, optimal termal performans, minimal enerji t\u00fcketimi ve uzun \u00f6m\u00fcr sa\u011flamak i\u00e7in y\u00fcksek kaliteli malzemeler kullan\u0131larak \u00fcretilmi\u015ftir. Ayr\u0131ca, g\u00fc\u00e7l\u00fc garantiler sunuyor ve kapsaml\u0131 sat\u0131\u015f sonras\u0131 hizmet sa\u011fl\u0131yoruz, b\u00f6ylece tam memnuniyetinizi garanti ediyoruz.<\/span><\/p>\n<h4><span style=\"color: #000000;\">End\u00fcstriyel Is\u0131tma \u00c7\u00f6z\u00fcmlerimizi Ke\u015ffedin<\/span><\/h4>\n<p><span style=\"color: #000000;\">Mica Is\u0131ya Dayan\u0131kl\u0131 Kablolar\u0131n yan\u0131 s\u0131ra, <a style=\"color: #000000;\" href=\"https:\/\/cheri-heater.com\/tr\/\">Cheri Heater<\/a>, kartu\u015f \u0131s\u0131t\u0131c\u0131lar\u0131, boru \u0131s\u0131t\u0131c\u0131lar\u0131, termokupllar ve daha fazlas\u0131n\u0131 i\u00e7eren geni\u015f bir end\u00fcstriyel \u0131s\u0131tma elemanlar\u0131 se\u00e7kisi sunmaktad\u0131r. \u00dcr\u00fcnlerimiz hassasiyetle \u00fcretilmi\u015f ve en y\u00fcksek end\u00fcstri standartlar\u0131na uygun olarak tasarlanm\u0131\u015ft\u0131r, bu da bizi g\u00fcvenilir \u0131s\u0131tma \u00e7\u00f6z\u00fcmleri arayan i\u015fletmeler i\u00e7in tercih edilen bir se\u00e7enek yapmaktad\u0131r.<\/span><\/p>\n<p>&nbsp;<\/p>\n","protected":false},"featured_media":1024,"template":"","meta":[],"product_brand":[],"product_cat":[23],"product_tag":[42,43],"class_list":{"0":"post-1020","1":"product","2":"type-product","3":"status-publish","4":"has-post-thumbnail","6":"product_cat-high-temperature-cable","7":"product_tag-mica-heat-proof-cable","8":"product_tag-mica-heat-proof-cable-manufacturer","10":"first","11":"instock","12":"shipping-taxable","13":"product-type-simple"},"yoast_head":"<!-- This site is optimized with the Yoast SEO plugin v27.3 - https:\/\/yoast.com\/product\/yoast-seo-wordpress\/ -->\n<title>Mika Is\u0131ya Dayan\u0131kl\u0131 Kablo \u00dcreticisi | Dayan\u0131kl\u0131 ve G\u00fcvenilir Kablolar<\/title>\n<meta name=\"description\" content=\"Y\u00fcksek kaliteli mika \u0131s\u0131ya dayan\u0131kl\u0131 kablolar\u0131 \u00f6nde gelen \u00fcreticiden ke\u015ffedin. Dayan\u0131kl\u0131 ve g\u00fcvenilir kablolar\u0131m\u0131z, a\u015f\u0131r\u0131 s\u0131cakl\u0131klara dayanacak \u015fekilde tasarlanm\u0131\u015f olup, uygulamalar\u0131n\u0131zda g\u00fcvenlik ve verimlilik sa\u011flar. \u00d6zelle\u015ftirilmi\u015f \u00e7\u00f6z\u00fcmler i\u00e7in bizimle bug\u00fcn ileti\u015fime ge\u00e7in!\" \/>\n<meta name=\"robots\" content=\"index, follow, max-snippet:-1, max-image-preview:large, max-video-preview:-1\" \/>\n<link rel=\"canonical\" href=\"https:\/\/cheri-heater.com\/tr\/product\/mica-heat-proof-cable\/\" \/>\n<meta property=\"og:locale\" content=\"en_US\" \/>\n<meta property=\"og:type\" content=\"article\" \/>\n<meta property=\"og:title\" content=\"Mika Is\u0131ya Dayan\u0131kl\u0131 Kablo \u00dcreticisi | Dayan\u0131kl\u0131 ve G\u00fcvenilir Kablolar\" \/>\n<meta property=\"og:description\" content=\"Y\u00fcksek kaliteli mika \u0131s\u0131ya dayan\u0131kl\u0131 kablolar\u0131 \u00f6nde gelen \u00fcreticiden ke\u015ffedin. Dayan\u0131kl\u0131 ve g\u00fcvenilir kablolar\u0131m\u0131z, a\u015f\u0131r\u0131 s\u0131cakl\u0131klara dayanacak \u015fekilde tasarlanm\u0131\u015f olup, uygulamalar\u0131n\u0131zda g\u00fcvenlik ve verimlilik sa\u011flar. \u00d6zelle\u015ftirilmi\u015f \u00e7\u00f6z\u00fcmler i\u00e7in bizimle bug\u00fcn ileti\u015fime ge\u00e7in!\" \/>\n<meta property=\"og:url\" content=\"https:\/\/cheri-heater.com\/tr\/product\/mica-heat-proof-cable\/\" \/>\n<meta property=\"og:site_name\" content=\"Cheri Heater Technology Co.,Ltd.\" \/>\n<meta property=\"article:modified_time\" content=\"2024-07-30T22:07:27+00:00\" \/>\n<meta property=\"og:image\" content=\"https:\/\/cheri-heater.com\/tr\/wp-content\/uploads\/2024\/06\/19117442473_740155133.jpg\" \/>\n\t<meta property=\"og:image:width\" content=\"800\" \/>\n\t<meta property=\"og:image:height\" content=\"800\" \/>\n\t<meta property=\"og:image:type\" content=\"image\/jpeg\" \/>\n<meta name=\"twitter:card\" content=\"summary_large_image\" \/>\n<meta name=\"twitter:label1\" content=\"Est. reading time\" \/>\n\t<meta name=\"twitter:data1\" content=\"1 minute\" \/>\n<!-- \/ Yoast SEO plugin. -->","yoast_head_json":{"title":"Mika Is\u0131ya Dayan\u0131kl\u0131 Kablo \u00dcreticisi | Dayan\u0131kl\u0131 ve G\u00fcvenilir Kablolar","description":"Y\u00fcksek kaliteli mika \u0131s\u0131ya dayan\u0131kl\u0131 kablolar\u0131 \u00f6nde gelen \u00fcreticiden ke\u015ffedin. Dayan\u0131kl\u0131 ve g\u00fcvenilir kablolar\u0131m\u0131z, a\u015f\u0131r\u0131 s\u0131cakl\u0131klara dayanacak \u015fekilde tasarlanm\u0131\u015f olup, uygulamalar\u0131n\u0131zda g\u00fcvenlik ve verimlilik sa\u011flar. \u00d6zelle\u015ftirilmi\u015f \u00e7\u00f6z\u00fcmler i\u00e7in bizimle bug\u00fcn ileti\u015fime ge\u00e7in!","robots":{"index":"index","follow":"follow","max-snippet":"max-snippet:-1","max-image-preview":"max-image-preview:large","max-video-preview":"max-video-preview:-1"},"canonical":"https:\/\/cheri-heater.com\/tr\/product\/mica-heat-proof-cable\/","og_locale":"en_US","og_type":"article","og_title":"Mika Is\u0131ya Dayan\u0131kl\u0131 Kablo \u00dcreticisi | Dayan\u0131kl\u0131 ve G\u00fcvenilir Kablolar","og_description":"Y\u00fcksek kaliteli mika \u0131s\u0131ya dayan\u0131kl\u0131 kablolar\u0131 \u00f6nde gelen \u00fcreticiden ke\u015ffedin. Dayan\u0131kl\u0131 ve g\u00fcvenilir kablolar\u0131m\u0131z, a\u015f\u0131r\u0131 s\u0131cakl\u0131klara dayanacak \u015fekilde tasarlanm\u0131\u015f olup, uygulamalar\u0131n\u0131zda g\u00fcvenlik ve verimlilik sa\u011flar. \u00d6zelle\u015ftirilmi\u015f \u00e7\u00f6z\u00fcmler i\u00e7in bizimle bug\u00fcn ileti\u015fime ge\u00e7in!","og_url":"https:\/\/cheri-heater.com\/tr\/product\/mica-heat-proof-cable\/","og_site_name":"Cheri Heater Technology Co.,Ltd.","article_modified_time":"2024-07-30T22:07:27+00:00","og_image":[{"width":800,"height":800,"url":"https:\/\/cheri-heater.com\/tr\/wp-content\/uploads\/2024\/06\/19117442473_740155133.jpg","type":"image\/jpeg"}],"twitter_card":"summary_large_image","twitter_misc":{"Est. reading time":"1 minute"},"schema":{"@context":"https:\/\/schema.org","@graph":[{"@type":"WebPage","@id":"https:\/\/cheri-heater.com\/tr\/product\/mica-heat-proof-cable\/","url":"https:\/\/cheri-heater.com\/tr\/product\/mica-heat-proof-cable\/","name":"Mika Is\u0131ya Dayan\u0131kl\u0131 Kablo \u00dcreticisi | Dayan\u0131kl\u0131 ve G\u00fcvenilir Kablolar","isPartOf":{"@id":"https:\/\/cheri-heater.com\/tr\/#website"},"primaryImageOfPage":{"@id":"https:\/\/cheri-heater.com\/tr\/product\/mica-heat-proof-cable\/#primaryimage"},"image":{"@id":"https:\/\/cheri-heater.com\/tr\/product\/mica-heat-proof-cable\/#primaryimage"},"thumbnailUrl":"https:\/\/cheri-heater.com\/tr\/wp-content\/uploads\/2024\/06\/19117442473_740155133.jpg","datePublished":"2024-06-04T18:32:03+00:00","dateModified":"2024-07-30T22:07:27+00:00","description":"Y\u00fcksek kaliteli mika \u0131s\u0131ya dayan\u0131kl\u0131 kablolar\u0131 \u00f6nde gelen \u00fcreticiden ke\u015ffedin. Dayan\u0131kl\u0131 ve g\u00fcvenilir kablolar\u0131m\u0131z, a\u015f\u0131r\u0131 s\u0131cakl\u0131klara dayanacak \u015fekilde tasarlanm\u0131\u015f olup, uygulamalar\u0131n\u0131zda g\u00fcvenlik ve verimlilik sa\u011flar. \u00d6zelle\u015ftirilmi\u015f \u00e7\u00f6z\u00fcmler i\u00e7in bizimle bug\u00fcn ileti\u015fime ge\u00e7in!","breadcrumb":{"@id":"https:\/\/cheri-heater.com\/tr\/product\/mica-heat-proof-cable\/#breadcrumb"},"inLanguage":"en-US","potentialAction":[{"@type":"ReadAction","target":["https:\/\/cheri-heater.com\/tr\/product\/mica-heat-proof-cable\/"]}]},{"@type":"ImageObject","inLanguage":"en-US","@id":"https:\/\/cheri-heater.com\/tr\/product\/mica-heat-proof-cable\/#primaryimage","url":"https:\/\/cheri-heater.com\/tr\/wp-content\/uploads\/2024\/06\/19117442473_740155133.jpg","contentUrl":"https:\/\/cheri-heater.com\/tr\/wp-content\/uploads\/2024\/06\/19117442473_740155133.jpg","width":800,"height":800},{"@type":"BreadcrumbList","@id":"https:\/\/cheri-heater.com\/tr\/product\/mica-heat-proof-cable\/#breadcrumb","itemListElement":[{"@type":"ListItem","position":1,"name":"Home","item":"https:\/\/cheri-heater.com\/tr\/"},{"@type":"ListItem","position":2,"name":"Products","item":"https:\/\/cheri-heater.com\/tr\/products\/"},{"@type":"ListItem","position":3,"name":"Mika Is\u0131ya Dayan\u0131kl\u0131 Kablo"}]},{"@type":"WebSite","@id":"https:\/\/cheri-heater.com\/tr\/#website","url":"https:\/\/cheri-heater.com\/tr\/","name":"Cheri Heater Technology Co.,Ltd.","description":"","publisher":{"@id":"https:\/\/cheri-heater.com\/tr\/#organization"},"potentialAction":[{"@type":"SearchAction","target":{"@type":"EntryPoint","urlTemplate":"https:\/\/cheri-heater.com\/tr\/?s={search_term_string}"},"query-input":{"@type":"PropertyValueSpecification","valueRequired":true,"valueName":"search_term_string"}}],"inLanguage":"en-US"},{"@type":"Organization","@id":"https:\/\/cheri-heater.com\/tr\/#organization","name":"Cheri Heater Technology Co.,Ltd.","url":"https:\/\/cheri-heater.com\/tr\/","logo":{"@type":"ImageObject","inLanguage":"en-US","@id":"https:\/\/cheri-heater.com\/tr\/#\/schema\/logo\/image\/","url":"https:\/\/cheri-heater.com\/tr\/wp-content\/uploads\/2024\/06\/cropped-logo-resize.png","contentUrl":"https:\/\/cheri-heater.com\/tr\/wp-content\/uploads\/2024\/06\/cropped-logo-resize.png","width":346,"height":99,"caption":"Cheri Heater Technology Co.,Ltd."},"image":{"@id":"https:\/\/cheri-heater.com\/tr\/#\/schema\/logo\/image\/"}}]}},"_links":{"self":[{"href":"https:\/\/cheri-heater.com\/tr\/wp-json\/wp\/v2\/product\/1020","targetHints":{"allow":["GET"]}}],"collection":[{"href":"https:\/\/cheri-heater.com\/tr\/wp-json\/wp\/v2\/product"}],"about":[{"href":"https:\/\/cheri-heater.com\/tr\/wp-json\/wp\/v2\/types\/product"}],"wp:featuredmedia":[{"embeddable":true,"href":"https:\/\/cheri-heater.com\/tr\/wp-json\/wp\/v2\/media\/1024"}],"wp:attachment":[{"href":"https:\/\/cheri-heater.com\/tr\/wp-json\/wp\/v2\/media?parent=1020"}],"wp:term":[{"taxonomy":"product_brand","embeddable":true,"href":"https:\/\/cheri-heater.com\/tr\/wp-json\/wp\/v2\/product_brand?post=1020"},{"taxonomy":"product_cat","embeddable":true,"href":"https:\/\/cheri-heater.com\/tr\/wp-json\/wp\/v2\/product_cat?post=1020"},{"taxonomy":"product_tag","embeddable":true,"href":"https:\/\/cheri-heater.com\/tr\/wp-json\/wp\/v2\/product_tag?post=1020"}],"curies":[{"name":"wp","href":"https:\/\/api.w.org\/{rel}","templated":true}]}}