{"id":1029,"date":"2024-06-04T18:36:02","date_gmt":"2024-06-04T18:36:02","guid":{"rendered":"https:\/\/cheri-heater.com\/tr\/?post_type=product&#038;p=1029"},"modified":"2024-07-30T22:06:10","modified_gmt":"2024-07-30T22:06:10","slug":"silicone-fiberglass-cable","status":"publish","type":"product","link":"https:\/\/cheri-heater.com\/tr\/product\/silicone-fiberglass-cable\/","title":{"rendered":"Silikon Cam Elyaf Kablo"},"content":{"rendered":"<p class=\"western\" lang=\"tr\" align=\"left\"><span style=\"color: #333333;\"><span style=\"font-family: Arial, serif;\"><span style=\"font-size: small;\"><span lang=\"tr\">\u00dcr\u00fcn Ad\u0131: Silikon \u00f6rg\u00fcl\u00fc y\u00fcksek s\u0131cakl\u0131k kablosu<\/span><\/span><\/span><\/span><\/p>\n<p class=\"western\" lang=\"tr\" align=\"left\"><span style=\"color: #333333;\"><span style=\"font-family: Arial, serif;\"><span style=\"font-size: small;\"><span lang=\"tr\">\u00dcr\u00fcn \u00f6zellikleri:<\/span><\/span><\/span><\/span><\/p>\n<p class=\"western\" lang=\"tr\" align=\"left\"><span style=\"color: #333333;\"><span style=\"font-family: Arial, serif;\"><span style=\"font-size: small;\"><span lang=\"tr\">22AWG (0.3 milimetrekare)<\/span><\/span><\/span><\/span><\/p>\n<p class=\"western\" lang=\"tr\" align=\"left\"><span style=\"color: #333333;\"><span style=\"font-family: Arial, serif;\"><span style=\"font-size: small;\"><span lang=\"tr\">20AWG (0.5 milimetrekare)<\/span><\/span><\/span><\/span><\/p>\n<p class=\"western\" lang=\"tr\" align=\"left\"><span style=\"color: #333333;\"><span style=\"font-family: Arial, serif;\"><span style=\"font-size: small;\"><span lang=\"tr\">18AWG (0.75 milimetrekare)<\/span><\/span><\/span><\/span><\/p>\n<p class=\"western\" lang=\"tr\" align=\"left\"><span style=\"color: #333333;\"><span style=\"font-family: Arial, serif;\"><span style=\"font-size: small;\"><span lang=\"tr\">17AWG (1.0 milimetrekare)<\/span><\/span><\/span><\/span><\/p>\n<p class=\"western\" lang=\"tr\" align=\"left\"><span style=\"color: #333333;\"><span style=\"font-family: Arial, serif;\"><span style=\"font-size: small;\"><span lang=\"tr\">15AWG (1.5 milimetrekare)<\/span><\/span><\/span><\/span><\/p>\n<p class=\"western\" lang=\"tr\" align=\"left\"><span style=\"color: #333333;\"><span style=\"font-family: Arial, serif;\"><span style=\"font-size: small;\"><span lang=\"tr\">13AWG (2.5 milimetrekare)<\/span><\/span><\/span><\/span><\/p>\n<p class=\"western\" lang=\"tr\" align=\"left\"><span style=\"color: #333333;\"><span style=\"font-family: Arial, serif;\"><span style=\"font-size: small;\"><span lang=\"tr\">11AWG (4.0 milimetrekare)<\/span><\/span><\/span><\/span><\/p>\n<p class=\"western\" lang=\"tr\" align=\"left\"><span style=\"color: #333333;\"><span style=\"font-family: Arial, serif;\"><span style=\"font-size: small;\"><span lang=\"tr\">9AWG (6.0 milimetrekare)<\/span><\/span><\/span><\/span><\/p>\n<p class=\"western\" lang=\"tr\" align=\"left\"><span style=\"color: #333333;\"><span style=\"font-family: Arial, serif;\"><span style=\"font-size: small;\"><span lang=\"tr\">Renk: k\u0131rm\u0131z\u0131, siyah, sar\u0131, mavi, beyaz, ye\u015fil (iste\u011fe ba\u011fl\u0131)<\/span><\/span><\/span><\/span><\/p>\n<p class=\"western\" lang=\"tr\" align=\"left\"><span style=\"color: #333333;\"><span style=\"font-family: Arial, serif;\"><span style=\"font-size: small;\"><span lang=\"tr\">Uygulama Alan\u0131:<\/span><\/span><\/span><\/span><\/p>\n<p class=\"western\" lang=\"tr\" align=\"left\"><span style=\"color: #333333;\">\u00a0<\/span><span style=\"color: #333333;\"><span style=\"font-family: Arial, serif;\"><span style=\"font-size: small;\"><span lang=\"tr\">Metalurji, petrol, kimya, rafineri, gaz gibi \u00f6zel ortamlarda \u00e7e\u015fitli makinelerin \u00fcretiminde yayg\u0131n olarak kullan\u0131l\u0131r. \u00c7e\u015fitli elektriksel \u00f6zelliklere sahip alev almaz kablolar ve teller ile \u00e7e\u015fitli elektrikli ekipmanlar ve elektrikli \u0131s\u0131tma cihazlar\u0131 gerektirir.<\/span><\/span><\/span><\/span><\/p>\n<p class=\"western\" lang=\"tr\" align=\"left\"><span style=\"color: #333333;\"><span style=\"font-family: Arial, serif;\"><span style=\"font-size: small;\"><span lang=\"tr\">Nominal voltaj: 500V.<\/span><\/span><\/span><\/span><\/p>\n<p class=\"western\" lang=\"tr\" align=\"left\"><span style=\"color: #333333;\"><span style=\"font-family: Arial, serif;\"><span style=\"font-size: small;\"><span lang=\"tr\">Nominal s\u0131cakl\u0131k: 300\u00b0 (d\u00fc\u015f\u00fck s\u0131cakl\u0131k dayan\u0131m\u0131 -60\u00b0)<\/span><\/span><\/span><\/span><\/p>\n<p class=\"western\" lang=\"tr\" align=\"left\"><span style=\"color: #333333;\"><span style=\"font-family: Arial, serif;\"><span style=\"font-size: small;\"><span lang=\"tr\">\u00d6zellik:<\/span><\/span><\/span><\/span><\/p>\n<p class=\"western\" lang=\"tr\" align=\"left\"><span style=\"color: #333333;\"><span style=\"font-family: Arial, serif;\"><span style=\"font-size: small;\"><span lang=\"tr\">Alev geciktirici, y\u00fcksek s\u0131cakl\u0131k dayan\u0131ml\u0131, ya\u015flanma dayan\u0131ml\u0131, a\u015f\u0131nmaya dayan\u0131kl\u0131, yumu\u015fak ve elastik, b\u00fck\u00fclebilir, yanmaz, alev geciktirici, uzun \u00f6m\u00fcrl\u00fc.<\/span><\/span><\/span><\/span><\/p>\n","protected":false},"excerpt":{"rendered":"<p class=\"western\" lang=\"tr\" align=\"left\"><span style=\"color: #333333;\"><span style=\"font-family: Arial, serif;\"><span style=\"font-size: small;\"><span lang=\"tr\">Saf a\u00e7\u0131k tel izolasyonu, y\u00fcksek s\u0131cakl\u0131k dayan\u0131ml\u0131 cam elyaf dokuma kaplama, d\u0131\u015f cam elyaf dokuma kabuk kullan\u0131r; y\u00fcksek s\u0131cakl\u0131k dayan\u0131m\u0131, alev ge\u00e7irmez, su ge\u00e7irmez, ya\u015flanma kar\u015f\u0131t\u0131, a\u015f\u0131nmaya dayan\u0131kl\u0131 ve g\u00fcvenlik korumas\u0131 sa\u011flar!<\/span><\/span><\/span><\/span><\/p>\n","protected":false},"featured_media":1036,"template":"","meta":[],"product_brand":[],"product_cat":[23],"product_tag":[157],"class_list":{"0":"post-1029","1":"product","2":"type-product","3":"status-publish","4":"has-post-thumbnail","6":"product_cat-high-temperature-cable","7":"product_tag-silicone-fiberglass-cable","9":"first","10":"instock","11":"shipping-taxable","12":"product-type-simple"},"yoast_head":"<!-- This site is optimized with the Yoast SEO plugin v27.3 - https:\/\/yoast.com\/product\/yoast-seo-wordpress\/ -->\n<title>Y\u00fcksek Kaliteli Silikon Cam Elyaf Kablo \u00dcreticileri<\/title>\n<meta name=\"description\" content=\"Y\u00fcksek performansl\u0131 silikon cam elyaf kablolar, dayan\u0131kl\u0131l\u0131k ve \u0131s\u0131ya kar\u015f\u0131 diren\u00e7 sa\u011flamak \u00fczere tasarlanm\u0131\u015ft\u0131r. Zorlu end\u00fcstriyel uygulamalar i\u00e7in ideal olan kablolar\u0131m\u0131z, ekstrem ko\u015fullar alt\u0131nda g\u00fcvenilir performans sunar. \u00d6zelle\u015ftirilmi\u015f \u00e7\u00f6z\u00fcmler ve uzman destek i\u00e7in bug\u00fcn bizimle ileti\u015fime ge\u00e7in!\" \/>\n<meta name=\"robots\" content=\"index, follow, max-snippet:-1, max-image-preview:large, max-video-preview:-1\" \/>\n<link rel=\"canonical\" href=\"https:\/\/cheri-heater.com\/tr\/product\/silicone-fiberglass-cable\/\" \/>\n<meta property=\"og:locale\" content=\"en_US\" \/>\n<meta property=\"og:type\" content=\"article\" \/>\n<meta property=\"og:title\" content=\"Y\u00fcksek Kaliteli Silikon Cam Elyaf Kablo \u00dcreticileri\" \/>\n<meta property=\"og:description\" content=\"Y\u00fcksek performansl\u0131 silikon cam elyaf kablolar, dayan\u0131kl\u0131l\u0131k ve \u0131s\u0131ya kar\u015f\u0131 diren\u00e7 sa\u011flamak \u00fczere tasarlanm\u0131\u015ft\u0131r. Zorlu end\u00fcstriyel uygulamalar i\u00e7in ideal olan kablolar\u0131m\u0131z, ekstrem ko\u015fullar alt\u0131nda g\u00fcvenilir performans sunar. \u00d6zelle\u015ftirilmi\u015f \u00e7\u00f6z\u00fcmler ve uzman destek i\u00e7in bug\u00fcn bizimle ileti\u015fime ge\u00e7in!\" \/>\n<meta property=\"og:url\" content=\"https:\/\/cheri-heater.com\/tr\/product\/silicone-fiberglass-cable\/\" \/>\n<meta property=\"og:site_name\" content=\"Cheri Heater Technology Co.,Ltd.\" \/>\n<meta property=\"article:modified_time\" content=\"2024-07-30T22:06:10+00:00\" \/>\n<meta property=\"og:image\" content=\"https:\/\/cheri-heater.com\/tr\/wp-content\/uploads\/2024\/06\/O1CN010mJouR27kwLoHm0Cb_1858937836-0-cib.jpg\" \/>\n\t<meta property=\"og:image:width\" content=\"800\" \/>\n\t<meta property=\"og:image:height\" content=\"800\" \/>\n\t<meta property=\"og:image:type\" content=\"image\/jpeg\" \/>\n<meta name=\"twitter:card\" content=\"summary_large_image\" \/>\n<meta name=\"twitter:label1\" content=\"Est. reading time\" \/>\n\t<meta name=\"twitter:data1\" content=\"1 minute\" \/>\n<!-- \/ Yoast SEO plugin. -->","yoast_head_json":{"title":"Y\u00fcksek Kaliteli Silikon Cam Elyaf Kablo \u00dcreticileri","description":"Y\u00fcksek performansl\u0131 silikon cam elyaf kablolar, dayan\u0131kl\u0131l\u0131k ve \u0131s\u0131ya kar\u015f\u0131 diren\u00e7 sa\u011flamak \u00fczere tasarlanm\u0131\u015ft\u0131r. Zorlu end\u00fcstriyel uygulamalar i\u00e7in ideal olan kablolar\u0131m\u0131z, ekstrem ko\u015fullar alt\u0131nda g\u00fcvenilir performans sunar. \u00d6zelle\u015ftirilmi\u015f \u00e7\u00f6z\u00fcmler ve uzman destek i\u00e7in bug\u00fcn bizimle ileti\u015fime ge\u00e7in!","robots":{"index":"index","follow":"follow","max-snippet":"max-snippet:-1","max-image-preview":"max-image-preview:large","max-video-preview":"max-video-preview:-1"},"canonical":"https:\/\/cheri-heater.com\/tr\/product\/silicone-fiberglass-cable\/","og_locale":"en_US","og_type":"article","og_title":"Y\u00fcksek Kaliteli Silikon Cam Elyaf Kablo \u00dcreticileri","og_description":"Y\u00fcksek performansl\u0131 silikon cam elyaf kablolar, dayan\u0131kl\u0131l\u0131k ve \u0131s\u0131ya kar\u015f\u0131 diren\u00e7 sa\u011flamak \u00fczere tasarlanm\u0131\u015ft\u0131r. Zorlu end\u00fcstriyel uygulamalar i\u00e7in ideal olan kablolar\u0131m\u0131z, ekstrem ko\u015fullar alt\u0131nda g\u00fcvenilir performans sunar. \u00d6zelle\u015ftirilmi\u015f \u00e7\u00f6z\u00fcmler ve uzman destek i\u00e7in bug\u00fcn bizimle ileti\u015fime ge\u00e7in!","og_url":"https:\/\/cheri-heater.com\/tr\/product\/silicone-fiberglass-cable\/","og_site_name":"Cheri Heater Technology Co.,Ltd.","article_modified_time":"2024-07-30T22:06:10+00:00","og_image":[{"width":800,"height":800,"url":"https:\/\/cheri-heater.com\/tr\/wp-content\/uploads\/2024\/06\/O1CN010mJouR27kwLoHm0Cb_1858937836-0-cib.jpg","type":"image\/jpeg"}],"twitter_card":"summary_large_image","twitter_misc":{"Est. reading time":"1 minute"},"schema":{"@context":"https:\/\/schema.org","@graph":[{"@type":"WebPage","@id":"https:\/\/cheri-heater.com\/tr\/product\/silicone-fiberglass-cable\/","url":"https:\/\/cheri-heater.com\/tr\/product\/silicone-fiberglass-cable\/","name":"Y\u00fcksek Kaliteli Silikon Cam Elyaf Kablo \u00dcreticileri","isPartOf":{"@id":"https:\/\/cheri-heater.com\/tr\/#website"},"primaryImageOfPage":{"@id":"https:\/\/cheri-heater.com\/tr\/product\/silicone-fiberglass-cable\/#primaryimage"},"image":{"@id":"https:\/\/cheri-heater.com\/tr\/product\/silicone-fiberglass-cable\/#primaryimage"},"thumbnailUrl":"https:\/\/cheri-heater.com\/tr\/wp-content\/uploads\/2024\/06\/O1CN010mJouR27kwLoHm0Cb_1858937836-0-cib.jpg","datePublished":"2024-06-04T18:36:02+00:00","dateModified":"2024-07-30T22:06:10+00:00","description":"Y\u00fcksek performansl\u0131 silikon cam elyaf kablolar, dayan\u0131kl\u0131l\u0131k ve \u0131s\u0131ya kar\u015f\u0131 diren\u00e7 sa\u011flamak \u00fczere tasarlanm\u0131\u015ft\u0131r. Zorlu end\u00fcstriyel uygulamalar i\u00e7in ideal olan kablolar\u0131m\u0131z, ekstrem ko\u015fullar alt\u0131nda g\u00fcvenilir performans sunar. \u00d6zelle\u015ftirilmi\u015f \u00e7\u00f6z\u00fcmler ve uzman destek i\u00e7in bug\u00fcn bizimle ileti\u015fime ge\u00e7in!","breadcrumb":{"@id":"https:\/\/cheri-heater.com\/tr\/product\/silicone-fiberglass-cable\/#breadcrumb"},"inLanguage":"en-US","potentialAction":[{"@type":"ReadAction","target":["https:\/\/cheri-heater.com\/tr\/product\/silicone-fiberglass-cable\/"]}]},{"@type":"ImageObject","inLanguage":"en-US","@id":"https:\/\/cheri-heater.com\/tr\/product\/silicone-fiberglass-cable\/#primaryimage","url":"https:\/\/cheri-heater.com\/tr\/wp-content\/uploads\/2024\/06\/O1CN010mJouR27kwLoHm0Cb_1858937836-0-cib.jpg","contentUrl":"https:\/\/cheri-heater.com\/tr\/wp-content\/uploads\/2024\/06\/O1CN010mJouR27kwLoHm0Cb_1858937836-0-cib.jpg","width":800,"height":800},{"@type":"BreadcrumbList","@id":"https:\/\/cheri-heater.com\/tr\/product\/silicone-fiberglass-cable\/#breadcrumb","itemListElement":[{"@type":"ListItem","position":1,"name":"Home","item":"https:\/\/cheri-heater.com\/tr\/"},{"@type":"ListItem","position":2,"name":"Products","item":"https:\/\/cheri-heater.com\/tr\/products\/"},{"@type":"ListItem","position":3,"name":"Silikon Cam Elyaf Kablo"}]},{"@type":"WebSite","@id":"https:\/\/cheri-heater.com\/tr\/#website","url":"https:\/\/cheri-heater.com\/tr\/","name":"Cheri Heater Technology Co.,Ltd.","description":"","publisher":{"@id":"https:\/\/cheri-heater.com\/tr\/#organization"},"potentialAction":[{"@type":"SearchAction","target":{"@type":"EntryPoint","urlTemplate":"https:\/\/cheri-heater.com\/tr\/?s={search_term_string}"},"query-input":{"@type":"PropertyValueSpecification","valueRequired":true,"valueName":"search_term_string"}}],"inLanguage":"en-US"},{"@type":"Organization","@id":"https:\/\/cheri-heater.com\/tr\/#organization","name":"Cheri Heater Technology Co.,Ltd.","url":"https:\/\/cheri-heater.com\/tr\/","logo":{"@type":"ImageObject","inLanguage":"en-US","@id":"https:\/\/cheri-heater.com\/tr\/#\/schema\/logo\/image\/","url":"https:\/\/cheri-heater.com\/tr\/wp-content\/uploads\/2024\/06\/cropped-logo-resize.png","contentUrl":"https:\/\/cheri-heater.com\/tr\/wp-content\/uploads\/2024\/06\/cropped-logo-resize.png","width":346,"height":99,"caption":"Cheri Heater Technology Co.,Ltd."},"image":{"@id":"https:\/\/cheri-heater.com\/tr\/#\/schema\/logo\/image\/"}}]}},"_links":{"self":[{"href":"https:\/\/cheri-heater.com\/tr\/wp-json\/wp\/v2\/product\/1029","targetHints":{"allow":["GET"]}}],"collection":[{"href":"https:\/\/cheri-heater.com\/tr\/wp-json\/wp\/v2\/product"}],"about":[{"href":"https:\/\/cheri-heater.com\/tr\/wp-json\/wp\/v2\/types\/product"}],"wp:featuredmedia":[{"embeddable":true,"href":"https:\/\/cheri-heater.com\/tr\/wp-json\/wp\/v2\/media\/1036"}],"wp:attachment":[{"href":"https:\/\/cheri-heater.com\/tr\/wp-json\/wp\/v2\/media?parent=1029"}],"wp:term":[{"taxonomy":"product_brand","embeddable":true,"href":"https:\/\/cheri-heater.com\/tr\/wp-json\/wp\/v2\/product_brand?post=1029"},{"taxonomy":"product_cat","embeddable":true,"href":"https:\/\/cheri-heater.com\/tr\/wp-json\/wp\/v2\/product_cat?post=1029"},{"taxonomy":"product_tag","embeddable":true,"href":"https:\/\/cheri-heater.com\/tr\/wp-json\/wp\/v2\/product_tag?post=1029"}],"curies":[{"name":"wp","href":"https:\/\/api.w.org\/{rel}","templated":true}]}}