{"id":1037,"date":"2024-06-04T18:38:29","date_gmt":"2024-06-04T18:38:29","guid":{"rendered":"https:\/\/cheri-heater.com\/tr\/?post_type=product&#038;p=1037"},"modified":"2024-07-30T22:05:07","modified_gmt":"2024-07-30T22:05:07","slug":"hot-runner-heater","status":"publish","type":"product","link":"https:\/\/cheri-heater.com\/tr\/product\/hot-runner-heater\/","title":{"rendered":"S\u0131cak Yatak Is\u0131t\u0131c\u0131"},"content":{"rendered":"<p class=\"western\" align=\"left\"><span style=\"font-family: Helvetica, Arial, sans-serif;\"><span style=\"font-size: small;\"><span style=\"color: #333333;\">Y\u00fcksek \u00e7al\u0131\u015fma s\u0131cakl\u0131\u011f\u0131, h\u0131zl\u0131 \u0131s\u0131nma, uniform \u0131s\u0131nma hassasiyeti, uzun hizmet \u00f6mr\u00fc, otomatik kontrol edilebilen alan, y\u00fcksek termal iletkenlik \u00f6zelliklerine sahiptir. \u0130\u00e7 \u0131s\u0131tma malzemesi zarar g\u00f6rse de d\u0131\u015f k\u0131s\u0131mlar yeniden kullan\u0131labilir. Is\u0131t\u0131c\u0131lar, herhangi bir \u015fekle b\u00fck\u00fclebilirlik kazanmak i\u00e7in tavlanm\u0131\u015ft\u0131r. Ayr\u0131ca, yerle\u015fik termokupl bulunan s\u0131cak runner \u0131s\u0131t\u0131c\u0131lar da mevcuttur.<\/span><\/span><\/span><\/p>\n<table width=\"750\" cellspacing=\"0\" cellpadding=\"0\">\n<tbody>\n<tr valign=\"top\">\n<td width=\"198\">\n<p class=\"western\" align=\"left\"><span style=\"font-size: small;\"><b><span style=\"font-family: \u5b8b\u4f53;\">K\u0131l\u0131f Malzemesi<\/span><\/b><\/span><\/p>\n<\/td>\n<td width=\"121\">\n<p class=\"western\" align=\"left\"><span style=\"font-size: small;\"><span style=\"font-family: \u5b8b\u4f53;\">Cr Ni-\u00c7elik<\/span><\/span><\/p>\n<\/td>\n<td width=\"225\">\n<p class=\"western\" align=\"left\"><span style=\"font-size: small;\"><b><span style=\"font-family: \u5b8b\u4f53;\">Termokupl<\/span><\/b><\/span><\/p>\n<\/td>\n<td width=\"205\">\n<p class=\"western\" align=\"left\"><span style=\"font-size: small;\"><span style=\"font-family: \u5b8b\u4f53;\">J-tipi (standart); K-tipi<\/span><\/span><\/p>\n<\/td>\n<\/tr>\n<tr valign=\"top\">\n<td width=\"198\">\n<p class=\"western\" align=\"left\"><span style=\"font-size: small;\"><b><span style=\"font-family: \u5b8b\u4f53;\">\u0130zolasyon Malzemesi<\/span><\/b><\/span><\/p>\n<\/td>\n<td width=\"121\">\n<p class=\"western\" align=\"left\"><span style=\"font-size: small;\"><span style=\"font-family: \u5b8b\u4f53;\">MgO<\/span><\/span><\/p>\n<\/td>\n<td width=\"225\">\n<p class=\"western\" align=\"left\"><span style=\"font-size: small;\"><b><span style=\"font-family: \u5b8b\u4f53;\">Uzunluk Tolerans\u0131 (d\u00fcz)<\/span><\/b><\/span><\/p>\n<\/td>\n<td width=\"205\">\n<p class=\"western\" align=\"left\"><span style=\"font-size: small;\"><span style=\"font-family: \u5b8b\u4f53;\">%5<\/span><\/span><\/p>\n<\/td>\n<\/tr>\n<tr valign=\"top\">\n<td width=\"198\">\n<p class=\"western\" align=\"left\"><span style=\"font-size: small;\"><b><span style=\"font-family: \u5b8b\u4f53;\">Diren\u00e7 Teli<\/span><\/b><\/span><\/p>\n<\/td>\n<td width=\"121\">\n<p class=\"western\" align=\"left\"><span style=\"font-size: small;\"><span style=\"font-family: \u5b8b\u4f53;\">NiCr 80-20<\/span><\/span><\/p>\n<\/td>\n<td width=\"225\">\n<p class=\"western\" align=\"left\"><span style=\"font-size: small;\"><b><span style=\"font-family: \u5b8b\u4f53;\">Watt Tolerans\u0131<\/span><\/b><\/span><\/p>\n<\/td>\n<td width=\"205\">\n<p class=\"western\" align=\"left\"><span style=\"font-size: small;\"><span style=\"font-family: \u5b8b\u4f53;\">%5<\/span><\/span><\/p>\n<\/td>\n<\/tr>\n<tr valign=\"top\">\n<td width=\"198\">\n<p class=\"western\" align=\"left\"><span style=\"font-size: small;\"><b><span style=\"font-family: \u5b8b\u4f53;\">Termokupl<\/span><\/b><\/span><\/p>\n<\/td>\n<td width=\"121\">\n<p class=\"western\" align=\"left\"><span style=\"font-size: small;\"><span style=\"font-family: \u5b8b\u4f53;\">J-tipi; K-tipi<\/span><\/span><\/p>\n<\/td>\n<td width=\"225\">\n<p class=\"western\" align=\"left\"><span style=\"font-size: small;\"><b><span style=\"font-family: \u5b8b\u4f53;\">Diren\u00e7 Tolerans\u0131<\/span><\/b><\/span><\/p>\n<\/td>\n<td width=\"205\">\n<p class=\"western\" align=\"left\"><span style=\"font-size: small;\"><span style=\"font-family: \u5b8b\u4f53;\">%5<\/span><\/span><\/p>\n<\/td>\n<\/tr>\n<tr valign=\"top\">\n<td width=\"198\">\n<p class=\"western\" align=\"left\"><span style=\"font-size: small;\"><b><span style=\"font-family: \u5b8b\u4f53;\">Maks. K\u0131l\u0131f S\u0131cakl\u0131\u011f\u0131<\/span><\/b><\/span><\/p>\n<\/td>\n<td width=\"121\">\n<p class=\"western\" align=\"left\"><span style=\"font-size: small;\"><span style=\"font-family: \u5b8b\u4f53;\">650\u00b0C<\/span><\/span><\/p>\n<\/td>\n<td width=\"225\">\n<p class=\"western\" align=\"left\"><span style=\"font-size: small;\"><b><span style=\"font-family: \u5b8b\u4f53;\">Is\u0131t\u0131lmam\u0131\u015f Uzunluk<\/span><\/b><\/span><\/p>\n<\/td>\n<td width=\"205\">\n<p class=\"western\" align=\"left\"><span style=\"font-size: small;\"><span style=\"font-family: \u5b8b\u4f53;\">35mm (standart)<\/span><\/span><\/p>\n<\/td>\n<\/tr>\n<tr valign=\"top\">\n<td width=\"198\">\n<p class=\"western\" align=\"left\"><span style=\"font-size: small;\"><b><span style=\"font-family: \u5b8b\u4f53;\">Die Elektriksel G\u00fc\u00e7<\/span><\/b><\/span><\/p>\n<\/td>\n<td width=\"121\">\n<p class=\"western\" align=\"left\"><span style=\"font-size: small;\"><span style=\"font-family: \u5b8b\u4f53;\">800V A\/C<\/span><\/span><\/p>\n<\/td>\n<td rowspan=\"2\" width=\"225\">\n<p class=\"western\" align=\"center\"><span style=\"font-size: small;\"><b><span style=\"font-family: \u5b8b\u4f53;\">Boyut Tolerans\u0131<\/span><\/b><\/span><\/p>\n<\/td>\n<td width=\"205\">\n<p class=\"western\" align=\"left\"><span style=\"font-size: small;\"><span style=\"font-family: \u5b8b\u4f53;\">Bobin I.D + 0.1~0.2mm<\/span><\/span><\/p>\n<\/td>\n<\/tr>\n<tr valign=\"top\">\n<td width=\"198\">\n<p class=\"western\" align=\"left\"><span style=\"font-size: small;\"><b><span style=\"font-family: \u5b8b\u4f53;\">\u0130zolasyon<\/span><\/b><\/span><\/p>\n<\/td>\n<td width=\"121\">\n<p class=\"western\" align=\"left\"><span style=\"font-size: small;\"><span style=\"font-family: \u5b8b\u4f53;\">>5MW<\/span><\/span><\/p>\n<\/td>\n<td width=\"205\">\n<p class=\"western\" align=\"left\"><span style=\"font-size: small;\"><span style=\"font-family: \u5b8b\u4f53;\">Bobin uzunlu\u011fu +1mm<\/span><\/span><\/p>\n<\/td>\n<\/tr>\n<\/tbody>\n<\/table>\n<p>&nbsp;<\/p>\n<p><img fetchpriority=\"high\" decoding=\"async\" class=\"aligncenter size-full wp-image-1048\" src=\"https:\/\/cheri-heater.com\/tr\/wp-content\/uploads\/2024\/06\/H73bf5cf87a994a70be1b61577df4bc1d0.jpg\" alt=\"\" width=\"1000\" height=\"747\" srcset=\"https:\/\/cheri-heater.com\/tr\/wp-content\/uploads\/2024\/06\/H73bf5cf87a994a70be1b61577df4bc1d0.jpg 1000w, https:\/\/cheri-heater.com\/tr\/wp-content\/uploads\/2024\/06\/H73bf5cf87a994a70be1b61577df4bc1d0-600x448.jpg 600w, https:\/\/cheri-heater.com\/tr\/wp-content\/uploads\/2024\/06\/H73bf5cf87a994a70be1b61577df4bc1d0-300x224.jpg 300w, https:\/\/cheri-heater.com\/tr\/wp-content\/uploads\/2024\/06\/H73bf5cf87a994a70be1b61577df4bc1d0-768x574.jpg 768w\" sizes=\"(max-width: 1000px) 100vw, 1000px\" \/><\/p>\n","protected":false},"excerpt":{"rendered":"<p class=\"western\" align=\"left\"><span style=\"color: #333333;\"><span style=\"font-family: Arial, sans-serif;\"><span style=\"font-size: medium;\"><span lang=\"en-US\">End\u00fcstriyel enjeksiyon s\u0131cak runner bobin \u0131s\u0131t\u0131c\u0131 eleman\u0131<\/span><\/span><\/span><\/span><span style=\"color: #333333;\"><span style=\"font-family: Arial, sans-serif;\"><span style=\"font-size: medium;\"><span lang=\"en-US\">h\u0131zl\u0131 ve verimli \u0131s\u0131 transferi i\u00e7in s\u0131k\u0131\u015ft\u0131r\u0131lm\u0131\u015ft\u0131r. Genellikle uzunlu\u011fu 20-3000mm aras\u0131nda de\u011fi\u015fen, d\u0131\u015far\u0131da y\u00fcksek kaliteli Ni-Cr \u00e7elik boru kullan\u0131lan yayl\u0131 \u0131s\u0131tma halkas\u0131, i\u00e7 k\u0131s\u0131mda y\u00fcksek safl\u0131kl\u0131 magnezyum oksit ve y\u00fcksek s\u0131cakl\u0131k direncine sahip tel kullan\u0131r.<\/span><\/span><\/span><\/span><\/p>\n","protected":false},"featured_media":1047,"template":"","meta":[],"product_brand":[],"product_cat":[33],"product_tag":[],"class_list":{"0":"post-1037","1":"product","2":"type-product","3":"status-publish","4":"has-post-thumbnail","6":"product_cat-hot-runner-heater","8":"first","9":"instock","10":"shipping-taxable","11":"product-type-simple"},"yoast_head":"<!-- This site is optimized with the Yoast SEO plugin v27.4 - https:\/\/yoast.com\/product\/yoast-seo-wordpress\/ -->\n<title>S\u0131cak Yatak Is\u0131t\u0131c\u0131 - Cheri Heater Technology Co.,Ltd.<\/title>\n<meta name=\"robots\" content=\"index, follow, max-snippet:-1, max-image-preview:large, max-video-preview:-1\" \/>\n<link rel=\"canonical\" href=\"https:\/\/cheri-heater.com\/tr\/product\/hot-runner-heater\/\" \/>\n<meta property=\"og:locale\" content=\"en_US\" \/>\n<meta property=\"og:type\" content=\"article\" \/>\n<meta property=\"og:title\" content=\"S\u0131cak Yatak Is\u0131t\u0131c\u0131 - Cheri Heater Technology Co.,Ltd.\" \/>\n<meta property=\"og:description\" content=\"End\u00fcstriyel enjeksiyon s\u0131cak runner bobin \u0131s\u0131t\u0131c\u0131 eleman\u0131h\u0131zl\u0131 ve verimli \u0131s\u0131 transferi i\u00e7in s\u0131k\u0131\u015ft\u0131r\u0131lm\u0131\u015ft\u0131r. Genellikle uzunlu\u011fu 20-3000mm aras\u0131nda de\u011fi\u015fen, d\u0131\u015far\u0131da y\u00fcksek kaliteli Ni-Cr \u00e7elik boru kullan\u0131lan yayl\u0131 \u0131s\u0131tma halkas\u0131, i\u00e7 k\u0131s\u0131mda y\u00fcksek safl\u0131kl\u0131 magnezyum oksit ve y\u00fcksek s\u0131cakl\u0131k direncine sahip tel kullan\u0131r.\" \/>\n<meta property=\"og:url\" content=\"https:\/\/cheri-heater.com\/tr\/product\/hot-runner-heater\/\" \/>\n<meta property=\"og:site_name\" content=\"Cheri Heater Technology Co.,Ltd.\" \/>\n<meta property=\"article:modified_time\" content=\"2024-07-30T22:05:07+00:00\" \/>\n<meta property=\"og:image\" content=\"https:\/\/cheri-heater.com\/tr\/wp-content\/uploads\/2024\/06\/H51a98d732aa84388a57c4fecf7a365bfg.jpg_720x720q50.jpg\" \/>\n\t<meta property=\"og:image:width\" content=\"720\" \/>\n\t<meta property=\"og:image:height\" content=\"720\" \/>\n\t<meta property=\"og:image:type\" content=\"image\/jpeg\" \/>\n<meta name=\"twitter:card\" content=\"summary_large_image\" \/>\n<meta name=\"twitter:label1\" content=\"Est. reading time\" \/>\n\t<meta name=\"twitter:data1\" content=\"1 minute\" \/>\n<!-- \/ Yoast SEO plugin. -->","yoast_head_json":{"title":"S\u0131cak Yatak Is\u0131t\u0131c\u0131 - Cheri Heater Technology Co.,Ltd.","robots":{"index":"index","follow":"follow","max-snippet":"max-snippet:-1","max-image-preview":"max-image-preview:large","max-video-preview":"max-video-preview:-1"},"canonical":"https:\/\/cheri-heater.com\/tr\/product\/hot-runner-heater\/","og_locale":"en_US","og_type":"article","og_title":"S\u0131cak Yatak Is\u0131t\u0131c\u0131 - Cheri Heater Technology Co.,Ltd.","og_description":"End\u00fcstriyel enjeksiyon s\u0131cak runner bobin \u0131s\u0131t\u0131c\u0131 eleman\u0131h\u0131zl\u0131 ve verimli \u0131s\u0131 transferi i\u00e7in s\u0131k\u0131\u015ft\u0131r\u0131lm\u0131\u015ft\u0131r. Genellikle uzunlu\u011fu 20-3000mm aras\u0131nda de\u011fi\u015fen, d\u0131\u015far\u0131da y\u00fcksek kaliteli Ni-Cr \u00e7elik boru kullan\u0131lan yayl\u0131 \u0131s\u0131tma halkas\u0131, i\u00e7 k\u0131s\u0131mda y\u00fcksek safl\u0131kl\u0131 magnezyum oksit ve y\u00fcksek s\u0131cakl\u0131k direncine sahip tel kullan\u0131r.","og_url":"https:\/\/cheri-heater.com\/tr\/product\/hot-runner-heater\/","og_site_name":"Cheri Heater Technology Co.,Ltd.","article_modified_time":"2024-07-30T22:05:07+00:00","og_image":[{"width":720,"height":720,"url":"https:\/\/cheri-heater.com\/tr\/wp-content\/uploads\/2024\/06\/H51a98d732aa84388a57c4fecf7a365bfg.jpg_720x720q50.jpg","type":"image\/jpeg"}],"twitter_card":"summary_large_image","twitter_misc":{"Est. reading time":"1 minute"},"schema":{"@context":"https:\/\/schema.org","@graph":[{"@type":"WebPage","@id":"https:\/\/cheri-heater.com\/tr\/product\/hot-runner-heater\/","url":"https:\/\/cheri-heater.com\/tr\/product\/hot-runner-heater\/","name":"S\u0131cak Yatak Is\u0131t\u0131c\u0131 - Cheri Heater Technology Co.,Ltd.","isPartOf":{"@id":"https:\/\/cheri-heater.com\/tr\/#website"},"primaryImageOfPage":{"@id":"https:\/\/cheri-heater.com\/tr\/product\/hot-runner-heater\/#primaryimage"},"image":{"@id":"https:\/\/cheri-heater.com\/tr\/product\/hot-runner-heater\/#primaryimage"},"thumbnailUrl":"https:\/\/cheri-heater.com\/tr\/wp-content\/uploads\/2024\/06\/H51a98d732aa84388a57c4fecf7a365bfg.jpg_720x720q50.jpg","datePublished":"2024-06-04T18:38:29+00:00","dateModified":"2024-07-30T22:05:07+00:00","breadcrumb":{"@id":"https:\/\/cheri-heater.com\/tr\/product\/hot-runner-heater\/#breadcrumb"},"inLanguage":"en-US","potentialAction":[{"@type":"ReadAction","target":["https:\/\/cheri-heater.com\/tr\/product\/hot-runner-heater\/"]}]},{"@type":"ImageObject","inLanguage":"en-US","@id":"https:\/\/cheri-heater.com\/tr\/product\/hot-runner-heater\/#primaryimage","url":"https:\/\/cheri-heater.com\/tr\/wp-content\/uploads\/2024\/06\/H51a98d732aa84388a57c4fecf7a365bfg.jpg_720x720q50.jpg","contentUrl":"https:\/\/cheri-heater.com\/tr\/wp-content\/uploads\/2024\/06\/H51a98d732aa84388a57c4fecf7a365bfg.jpg_720x720q50.jpg","width":720,"height":720},{"@type":"BreadcrumbList","@id":"https:\/\/cheri-heater.com\/tr\/product\/hot-runner-heater\/#breadcrumb","itemListElement":[{"@type":"ListItem","position":1,"name":"Home","item":"https:\/\/cheri-heater.com\/tr\/"},{"@type":"ListItem","position":2,"name":"Products","item":"https:\/\/cheri-heater.com\/tr\/products\/"},{"@type":"ListItem","position":3,"name":"S\u0131cak Yatak Is\u0131t\u0131c\u0131"}]},{"@type":"WebSite","@id":"https:\/\/cheri-heater.com\/tr\/#website","url":"https:\/\/cheri-heater.com\/tr\/","name":"Cheri Heater Technology Co.,Ltd.","description":"","publisher":{"@id":"https:\/\/cheri-heater.com\/tr\/#organization"},"potentialAction":[{"@type":"SearchAction","target":{"@type":"EntryPoint","urlTemplate":"https:\/\/cheri-heater.com\/tr\/?s={search_term_string}"},"query-input":{"@type":"PropertyValueSpecification","valueRequired":true,"valueName":"search_term_string"}}],"inLanguage":"en-US"},{"@type":"Organization","@id":"https:\/\/cheri-heater.com\/tr\/#organization","name":"Cheri Heater Technology Co.,Ltd.","url":"https:\/\/cheri-heater.com\/tr\/","logo":{"@type":"ImageObject","inLanguage":"en-US","@id":"https:\/\/cheri-heater.com\/tr\/#\/schema\/logo\/image\/","url":"https:\/\/cheri-heater.com\/tr\/wp-content\/uploads\/2024\/06\/cropped-logo-resize.png","contentUrl":"https:\/\/cheri-heater.com\/tr\/wp-content\/uploads\/2024\/06\/cropped-logo-resize.png","width":346,"height":99,"caption":"Cheri Heater Technology Co.,Ltd."},"image":{"@id":"https:\/\/cheri-heater.com\/tr\/#\/schema\/logo\/image\/"}}]}},"_links":{"self":[{"href":"https:\/\/cheri-heater.com\/tr\/wp-json\/wp\/v2\/product\/1037","targetHints":{"allow":["GET"]}}],"collection":[{"href":"https:\/\/cheri-heater.com\/tr\/wp-json\/wp\/v2\/product"}],"about":[{"href":"https:\/\/cheri-heater.com\/tr\/wp-json\/wp\/v2\/types\/product"}],"wp:featuredmedia":[{"embeddable":true,"href":"https:\/\/cheri-heater.com\/tr\/wp-json\/wp\/v2\/media\/1047"}],"wp:attachment":[{"href":"https:\/\/cheri-heater.com\/tr\/wp-json\/wp\/v2\/media?parent=1037"}],"wp:term":[{"taxonomy":"product_brand","embeddable":true,"href":"https:\/\/cheri-heater.com\/tr\/wp-json\/wp\/v2\/product_brand?post=1037"},{"taxonomy":"product_cat","embeddable":true,"href":"https:\/\/cheri-heater.com\/tr\/wp-json\/wp\/v2\/product_cat?post=1037"},{"taxonomy":"product_tag","embeddable":true,"href":"https:\/\/cheri-heater.com\/tr\/wp-json\/wp\/v2\/product_tag?post=1037"}],"curies":[{"name":"wp","href":"https:\/\/api.w.org\/{rel}","templated":true}]}}