{"id":1049,"date":"2024-06-04T18:38:54","date_gmt":"2024-06-04T18:38:54","guid":{"rendered":"https:\/\/cheri-heater.com\/tr\/?post_type=product&#038;p=1049"},"modified":"2024-07-30T22:04:46","modified_gmt":"2024-07-30T22:04:46","slug":"pipeline-heater","status":"publish","type":"product","link":"https:\/\/cheri-heater.com\/tr\/product\/pipeline-heater\/","title":{"rendered":"Borulama Is\u0131t\u0131c\u0131"},"content":{"rendered":"<p class=\"western\"><span style=\"color: #333333;\"><span style=\"font-family: Roboto, serif;\"><span style=\"font-size: medium;\"><span lang=\"en-US\"><b>\u00d6<\/b><\/span><\/span><\/span><\/span><span style=\"color: #333333;\"><span style=\"font-family: Roboto, serif;\"><span style=\"font-size: medium;\"><b>zellikler:<\/b><\/span><\/span><\/span> <span style=\"color: #333333;\"><span style=\"font-family: Arial, serif;\"><span style=\"font-size: small;\">1. Is\u0131 verimlili\u011fi %95&#8217;ten fazlad\u0131r 2. Dikey tip boru \u0131s\u0131t\u0131c\u0131 k\u00fc\u00e7\u00fck bir alan kaplar ancak bir y\u00fckseklik gereksinimi vard\u0131r. Yatay tip geni\u015f bir alan kaplar ancak y\u00fckseklik gereksinimi yoktur. 3. Boru \u0131s\u0131t\u0131c\u0131n\u0131n malzemeleri: karbon \u00e7elik, paslanmaz \u00e7elik SUS304, paslanmaz \u00e7elik SUS316L, paslanmaz \u00e7elik 310S vb. Farkl\u0131 \u0131s\u0131tma s\u00fcre\u00e7 gereksinimlerine g\u00f6re uygun malzemeleri se\u00e7in. 4. Boru \u0131s\u0131t\u0131c\u0131lar flan\u015fl\u0131 elektrikli t\u00fcplerle \u0131s\u0131t\u0131l\u0131r ve elektrikli \u0131s\u0131tma t\u00fcp\u00fcn\u00fcn e\u015fit \u015fekilde \u0131s\u0131 \u00fcretmesini ve \u0131s\u0131tma ortam\u0131n\u0131n \u0131s\u0131y\u0131 tamamen emmesini sa\u011flamak i\u00e7in profesyonel olarak tasarlanm\u0131\u015f y\u00f6nlendiricilerle donat\u0131lm\u0131\u015ft\u0131r. 5. Y\u00fcksek s\u0131cakl\u0131k gereksinimleri i\u00e7in (hava \u00e7\u0131k\u0131\u015f s\u0131cakl\u0131\u011f\u0131 600 dereceden fazla), \u0131s\u0131tma i\u00e7in y\u00fcksek s\u0131cakl\u0131k dayan\u0131ml\u0131 paslanmaz \u00e7elik 310S elektrikli radyasyon \u0131s\u0131tma t\u00fcp\u00fc kullan\u0131n ve hava \u00e7\u0131k\u0131\u015f s\u0131cakl\u0131\u011f\u0131 800 \u2103&#8217;ye ula\u015fabilir.<\/span><\/span><\/span><\/p>\n<p><img fetchpriority=\"high\" decoding=\"async\" class=\"aligncenter size-full wp-image-1054\" src=\"https:\/\/cheri-heater.com\/tr\/wp-content\/uploads\/2024\/06\/decription.png\" alt=\"\" width=\"1213\" height=\"412\" srcset=\"https:\/\/cheri-heater.com\/tr\/wp-content\/uploads\/2024\/06\/decription.png 1213w, https:\/\/cheri-heater.com\/tr\/wp-content\/uploads\/2024\/06\/decription-600x204.png 600w, https:\/\/cheri-heater.com\/tr\/wp-content\/uploads\/2024\/06\/decription-300x102.png 300w, https:\/\/cheri-heater.com\/tr\/wp-content\/uploads\/2024\/06\/decription-1024x348.png 1024w, https:\/\/cheri-heater.com\/tr\/wp-content\/uploads\/2024\/06\/decription-768x261.png 768w\" sizes=\"(max-width: 1213px) 100vw, 1213px\" \/><\/p>\n<p>&nbsp;<\/p>\n<p class=\"western\" align=\"left\"><strong><span style=\"font-family: Helvetica, Arial, sans-serif;\"><span style=\"font-size: medium;\"><span style=\"color: #222222;\">Uygulanabilir Sekt\u00f6rler: <\/span><\/span><\/span><\/strong><span style=\"font-family: Helvetica, Arial, sans-serif;\"><span style=\"font-size: medium;\"><span style=\"color: #222222;\">Makine Tamir At\u00f6lyeleri, \u00dcretim Tesisi, \u00c7iftlikler, Bask\u0131 At\u00f6lyeleri, \u0130n\u015faat i\u015fleri, Enerji ve Madencilik<\/span><\/span><\/span><\/p>\n<p class=\"western\" align=\"left\"><strong><span style=\"font-family: Helvetica, Arial, sans-serif;\"><span style=\"font-size: medium;\"><span style=\"color: #222222;\">Men\u015fei Yeri: <\/span><\/span><\/span><\/strong><span style=\"font-family: Helvetica, Arial, sans-serif;\"><span style=\"font-size: medium;\"><span style=\"color: #222222;\">Jiangsu, \u00c7in<\/span><\/span><\/span><\/p>\n<p class=\"western\" align=\"left\"><strong><span style=\"font-family: Helvetica, Arial, sans-serif;\"><span style=\"font-size: medium;\"><span style=\"color: #222222;\">A\u011f\u0131rl\u0131k: <\/span><\/span><\/span><\/strong><span style=\"font-family: Helvetica, Arial, sans-serif;\"><span style=\"font-size: medium;\"><span style=\"color: #222222;\">250 KG<\/span><\/span><\/span><\/p>\n<p class=\"western\" align=\"left\"><strong><span style=\"font-family: Helvetica, Arial, sans-serif;\"><span style=\"font-size: medium;\"><span style=\"color: #222222;\">Garanti: <\/span><\/span><\/span><\/strong><span style=\"font-family: Helvetica, Arial, sans-serif;\"><span style=\"font-size: medium;\"><span style=\"color: #222222;\">1 Y\u0131l<\/span><\/span><\/span><\/p>\n<p class=\"western\" align=\"left\"><strong><span style=\"font-family: Helvetica, Arial, sans-serif;\"><span style=\"font-size: medium;\"><span style=\"color: #222222;\">Malzeme: <\/span><\/span><\/span><\/strong><span style=\"font-family: Helvetica, Arial, sans-serif;\"><span style=\"font-size: medium;\"><span style=\"color: #222222;\">Paslanmaz \u00e7elik<\/span><\/span><\/span><\/p>\n<p class=\"western\" align=\"left\"><strong><span style=\"font-family: Helvetica, Arial, sans-serif;\"><span style=\"font-size: medium;\"><span style=\"color: #222222;\">Ana Sat\u0131\u015f Noktalar\u0131: <\/span><\/span><\/span><\/strong><span style=\"font-family: Helvetica, Arial, sans-serif;\"><span style=\"font-size: medium;\"><span style=\"color: #222222;\">Enerji tasarrufu<\/span><\/span><\/span><\/p>\n<p class=\"western\" align=\"left\"><strong><span style=\"font-family: Helvetica, Arial, sans-serif;\"><span style=\"font-size: medium;\"><span style=\"color: #222222;\">Durum: <\/span><\/span><\/span><\/strong><span style=\"font-family: Helvetica, Arial, sans-serif;\"><span style=\"font-size: medium;\"><span style=\"color: #222222;\">Yeni<\/span><\/span><\/span><\/p>\n<p class=\"western\" align=\"left\"><strong><span style=\"font-family: Helvetica, Arial, sans-serif;\"><span style=\"font-size: medium;\"><span style=\"color: #222222;\">Marka Ad\u0131: <\/span><\/span><\/span><\/strong><span style=\"font-family: Helvetica, Arial, sans-serif;\"><span style=\"font-size: medium;\"><span style=\"color: #222222;\">Cheri<\/span><\/span><\/span><\/p>\n<p class=\"western\" align=\"left\"><strong><span style=\"font-family: Helvetica, Arial, sans-serif;\"><span style=\"font-size: medium;\"><span style=\"color: #222222;\">Boyut (U*G*Y): <\/span><\/span><\/span><\/strong><span style=\"font-family: Helvetica, Arial, sans-serif;\"><span style=\"font-size: medium;\"><span style=\"color: #222222;\">1250*285*585<\/span><\/span><\/span><\/p>\n<p class=\"western\" align=\"left\"><strong><span style=\"font-family: Helvetica, Arial, sans-serif;\"><span style=\"font-size: medium;\"><span style=\"color: #222222;\">\u00c7al\u0131\u015fma S\u0131cakl\u0131\u011f\u0131 Aral\u0131\u011f\u0131: <\/span><\/span><\/span><\/strong><span style=\"font-family: Helvetica, Arial, sans-serif;\"><span style=\"font-size: medium;\"><span style=\"color: #222222;\">0 &#8211; 600 \u2103<\/span><\/span><\/span><\/p>\n<p class=\"western\" align=\"left\"><strong><span style=\"font-family: Helvetica, Arial, sans-serif;\"><span style=\"font-size: medium;\"><span style=\"color: #222222;\">Ana bile\u015fenlerin garantisi: <\/span><\/span><\/span><\/strong><span style=\"font-family: Helvetica, Arial, sans-serif;\"><span style=\"font-size: medium;\"><span style=\"color: #222222;\">1 Y\u0131l<\/span><\/span><\/span><\/p>\n<p class=\"western\" align=\"left\"><strong><span style=\"font-family: Helvetica, Arial, sans-serif;\"><span style=\"font-size: medium;\"><span style=\"color: #222222;\">Ana Bile\u015fenler: <\/span><\/span><\/span><\/strong><span style=\"font-family: Helvetica, Arial, sans-serif;\"><span style=\"font-size: medium;\"><span style=\"color: #222222;\">Is\u0131tma elemanlar\u0131<\/span><\/span><\/span><\/p>\n<p class=\"western\" align=\"left\"><strong><span style=\"font-family: Helvetica, Arial, sans-serif;\"><span style=\"font-size: medium;\"><span style=\"color: #222222;\">\u00dcr\u00fcn ad\u0131: <\/span><\/span><\/span><\/strong><span style=\"font-family: Helvetica, Arial, sans-serif;\"><span style=\"font-size: medium;\"><span style=\"color: #222222;\">boru \u0131s\u0131t\u0131c\u0131<\/span><\/span><\/span><\/p>\n<p class=\"western\" align=\"left\"><strong><span style=\"font-family: Helvetica, Arial, sans-serif;\"><span style=\"font-size: medium;\"><span style=\"color: #222222;\">Mevcut Voltajlar: <\/span><\/span><\/span><\/strong><span style=\"font-family: Helvetica, Arial, sans-serif;\"><span style=\"font-size: medium;\"><span style=\"color: #222222;\">110V-600V<\/span><\/span><\/span><\/p>\n<p class=\"western\" align=\"left\"><strong><span style=\"font-family: Helvetica, Arial, sans-serif;\"><span style=\"font-size: medium;\"><span style=\"color: #222222;\">G\u00fc\u00e7: <\/span><\/span><\/span><\/strong><span style=\"font-family: Helvetica, Arial, sans-serif;\"><span style=\"font-size: medium;\"><span style=\"color: #222222;\">5KW-1000KW<\/span><\/span><\/span><\/p>\n<p class=\"western\" align=\"left\"><strong><span style=\"font-family: Helvetica, Arial, sans-serif;\"><span style=\"font-size: medium;\"><span style=\"color: #222222;\">Is\u0131tma ortam\u0131: <\/span><\/span><\/span><\/strong><span style=\"font-family: Helvetica, Arial, sans-serif;\"><span style=\"font-size: medium;\"><span style=\"color: #222222;\">s\u0131v\u0131 veya gaz<\/span><\/span><\/span><\/p>\n<p class=\"western\" align=\"left\"><strong><span style=\"font-family: Helvetica, Arial, sans-serif;\"><span style=\"font-size: medium;\"><span style=\"color: #222222;\">Malzeme: <\/span><\/span><\/span><\/strong><span style=\"font-family: Helvetica, Arial, sans-serif;\"><span style=\"font-size: medium;\"><span style=\"color: #222222;\">Karbon \u00c7elik veya paslanmaz \u00e7elik<\/span><\/span><\/span><\/p>\n<p class=\"western\" align=\"left\"><strong><span style=\"font-family: Helvetica, Arial, sans-serif;\"><span style=\"font-size: medium;\"><span style=\"color: #222222;\">Sat\u0131\u015f Sonras\u0131 Hizmet: <\/span><\/span><\/span><\/strong><span style=\"font-family: Helvetica, Arial, sans-serif;\"><span style=\"font-size: medium;\"><span style=\"color: #222222;\">\u00c7evrimi\u00e7i Destek<\/span><\/span><\/span><\/p>\n<p class=\"western\" align=\"left\"><strong><span style=\"font-family: Helvetica, Arial, sans-serif;\"><span style=\"font-size: medium;\"><span style=\"color: #222222;\">K\u0131l\u0131f malzemesi: <\/span><\/span><\/span><\/strong><span style=\"font-family: Helvetica, Arial, sans-serif;\"><span style=\"font-size: medium;\"><span style=\"color: #222222;\">Karbon \u00c7elik veya paslanmaz \u00e7elik<\/span><\/span><\/span><\/p>\n<p class=\"western\" align=\"left\"><strong><span style=\"font-family: Helvetica, Arial, sans-serif;\"><span style=\"font-size: medium;\"><span style=\"color: #222222;\">\u00c7al\u0131\u015fma s\u0131cakl\u0131\u011f\u0131: <\/span><\/span><\/span><\/strong><span style=\"font-family: Helvetica, Arial, sans-serif;\"><span style=\"font-size: medium;\"><span style=\"color: #222222;\">0-600C<\/span><\/span><\/span><\/p>\n<p class=\"western\" align=\"left\"><strong><span style=\"font-family: Helvetica, Arial, sans-serif;\"><span style=\"font-size: medium;\"><span style=\"color: #222222;\">Is\u0131tma y\u00f6ntemi: <\/span><\/span><\/span><\/strong><span style=\"font-family: Helvetica, Arial, sans-serif;\"><span style=\"font-size: medium;\"><span style=\"color: #222222;\">Elektrik \u0131s\u0131tma<\/span><\/span><\/span><\/p>\n<p class=\"western\" align=\"left\"><strong><span style=\"font-family: Helvetica, Arial, sans-serif;\"><span style=\"font-size: medium;\"><span style=\"color: #222222;\">Ambalaj: <\/span><\/span><\/span><\/strong><span style=\"font-family: Helvetica, Arial, sans-serif;\"><span style=\"font-size: medium;\"><span style=\"color: #222222;\">Ah\u015fap paket<\/span><\/span><\/span><\/p>\n<p><img decoding=\"async\" class=\"aligncenter size-full wp-image-1055 lazyload\" data-src=\"https:\/\/cheri-heater.com\/tr\/wp-content\/uploads\/2024\/06\/\u5fae\u4fe1\u56fe\u7247_202306151303051.jpg\" alt=\"\" width=\"711\" height=\"846\" data-srcset=\"https:\/\/cheri-heater.com\/tr\/wp-content\/uploads\/2024\/06\/\u5fae\u4fe1\u56fe\u7247_202306151303051.jpg 711w, https:\/\/cheri-heater.com\/tr\/wp-content\/uploads\/2024\/06\/\u5fae\u4fe1\u56fe\u7247_202306151303051-600x714.jpg 600w, https:\/\/cheri-heater.com\/tr\/wp-content\/uploads\/2024\/06\/\u5fae\u4fe1\u56fe\u7247_202306151303051-252x300.jpg 252w\" data-sizes=\"(max-width: 711px) 100vw, 711px\" src=\"data:image\/svg+xml;base64,PHN2ZyB3aWR0aD0iMSIgaGVpZ2h0PSIxIiB4bWxucz0iaHR0cDovL3d3dy53My5vcmcvMjAwMC9zdmciPjwvc3ZnPg==\" style=\"--smush-placeholder-width: 711px; --smush-placeholder-aspect-ratio: 711\/846;\" \/><\/p>\n","protected":false},"excerpt":{"rendered":"<p class=\"western\" align=\"justify\"><span style=\"color: #333333;\"><span style=\"font-family: Arial, serif;\"><span style=\"font-size: small;\"><span lang=\"en-US\">Boru \u0131s\u0131t\u0131c\u0131, \u0131s\u0131tma ortam\u0131n\u0131 \u00f6nceden \u0131s\u0131tan enerji tasarruflu bir ekipmand\u0131r. Is\u0131tma ortam\u0131 ekipman\u0131ndan \u00f6nce kurulur ve ortam\u0131 do\u011frudan \u0131s\u0131tarak, y\u00fcksek s\u0131cakl\u0131klarda dola\u015f\u0131m \u0131s\u0131nmas\u0131n\u0131 sa\u011flar ve sonunda enerji tasarrufu amac\u0131na ula\u015f\u0131r. A\u011f\u0131r ya\u011f, asfalt ve berrak ya\u011f gibi yak\u0131t ya\u011flar\u0131n\u0131n \u00f6n \u0131s\u0131t\u0131lmas\u0131nda yayg\u0131n olarak kullan\u0131l\u0131r. Boru \u0131s\u0131t\u0131c\u0131, bir g\u00f6vde ve bir kontrol sisteminden olu\u015fur. Is\u0131tma eleman\u0131, koruyucu k\u0131l\u0131f olarak diki\u015fsiz paslanmaz \u00e7elik borudan, y\u00fcksek s\u0131cakl\u0131\u011fa dayan\u0131kl\u0131 ala\u015f\u0131m telden ve y\u00fcksek safl\u0131kta kristal magnezyum oksit tozundan yap\u0131lm\u0131\u015ft\u0131r. S\u0131k\u0131\u015ft\u0131rma i\u015flemi ile i\u015flenmi\u015ftir ve kontrol k\u0131sm\u0131, ayarlanabilir s\u0131cakl\u0131k \u00f6l\u00e7\u00fcm\u00fc ve sabit s\u0131cakl\u0131k sistemi olu\u015fturan geli\u015fmi\u015f dijital devreler, entegre devre tetikleyiciler vb. kullan\u0131r, elektrikli \u0131s\u0131t\u0131c\u0131n\u0131n normal \u00e7al\u0131\u015fmas\u0131n\u0131 sa\u011flamak i\u00e7in.<\/span><\/span><\/span><\/span><\/p>\n","protected":false},"featured_media":1053,"template":"","meta":[],"product_brand":[],"product_cat":[34],"product_tag":[],"class_list":{"0":"post-1049","1":"product","2":"type-product","3":"status-publish","4":"has-post-thumbnail","6":"product_cat-pipeline-heater","8":"first","9":"instock","10":"shipping-taxable","11":"product-type-simple"},"yoast_head":"<!-- This site is optimized with the Yoast SEO plugin v27.4 - https:\/\/yoast.com\/product\/yoast-seo-wordpress\/ -->\n<title>Borulama Is\u0131t\u0131c\u0131 - Cheri Heater Technology Co.,Ltd.<\/title>\n<meta name=\"robots\" content=\"index, follow, max-snippet:-1, max-image-preview:large, max-video-preview:-1\" \/>\n<link rel=\"canonical\" href=\"https:\/\/cheri-heater.com\/tr\/product\/pipeline-heater\/\" \/>\n<meta property=\"og:locale\" content=\"en_US\" \/>\n<meta property=\"og:type\" content=\"article\" \/>\n<meta property=\"og:title\" content=\"Borulama Is\u0131t\u0131c\u0131 - Cheri Heater Technology Co.,Ltd.\" \/>\n<meta property=\"og:description\" content=\"Boru \u0131s\u0131t\u0131c\u0131, \u0131s\u0131tma ortam\u0131n\u0131 \u00f6nceden \u0131s\u0131tan enerji tasarruflu bir ekipmand\u0131r. Is\u0131tma ortam\u0131 ekipman\u0131ndan \u00f6nce kurulur ve ortam\u0131 do\u011frudan \u0131s\u0131tarak, y\u00fcksek s\u0131cakl\u0131klarda dola\u015f\u0131m \u0131s\u0131nmas\u0131n\u0131 sa\u011flar ve sonunda enerji tasarrufu amac\u0131na ula\u015f\u0131r. A\u011f\u0131r ya\u011f, asfalt ve berrak ya\u011f gibi yak\u0131t ya\u011flar\u0131n\u0131n \u00f6n \u0131s\u0131t\u0131lmas\u0131nda yayg\u0131n olarak kullan\u0131l\u0131r. Boru \u0131s\u0131t\u0131c\u0131, bir g\u00f6vde ve bir kontrol sisteminden olu\u015fur. Is\u0131tma eleman\u0131, koruyucu k\u0131l\u0131f olarak diki\u015fsiz paslanmaz \u00e7elik borudan, y\u00fcksek s\u0131cakl\u0131\u011fa dayan\u0131kl\u0131 ala\u015f\u0131m telden ve y\u00fcksek safl\u0131kta kristal magnezyum oksit tozundan yap\u0131lm\u0131\u015ft\u0131r. S\u0131k\u0131\u015ft\u0131rma i\u015flemi ile i\u015flenmi\u015ftir ve kontrol k\u0131sm\u0131, ayarlanabilir s\u0131cakl\u0131k \u00f6l\u00e7\u00fcm\u00fc ve sabit s\u0131cakl\u0131k sistemi olu\u015fturan geli\u015fmi\u015f dijital devreler, entegre devre tetikleyiciler vb. kullan\u0131r, elektrikli \u0131s\u0131t\u0131c\u0131n\u0131n normal \u00e7al\u0131\u015fmas\u0131n\u0131 sa\u011flamak i\u00e7in.\" \/>\n<meta property=\"og:url\" content=\"https:\/\/cheri-heater.com\/tr\/product\/pipeline-heater\/\" \/>\n<meta property=\"og:site_name\" content=\"Cheri Heater Technology Co.,Ltd.\" \/>\n<meta property=\"article:modified_time\" content=\"2024-07-30T22:04:46+00:00\" \/>\n<meta property=\"og:image\" content=\"https:\/\/cheri-heater.com\/tr\/wp-content\/uploads\/2024\/06\/\u5fae\u4fe1\u56fe\u7247_202306151303055.jpg\" \/>\n\t<meta property=\"og:image:width\" content=\"750\" \/>\n\t<meta property=\"og:image:height\" content=\"750\" \/>\n\t<meta property=\"og:image:type\" content=\"image\/jpeg\" \/>\n<meta name=\"twitter:card\" content=\"summary_large_image\" \/>\n<meta name=\"twitter:label1\" content=\"Est. reading time\" \/>\n\t<meta name=\"twitter:data1\" content=\"2 minutes\" \/>\n<!-- \/ Yoast SEO plugin. -->","yoast_head_json":{"title":"Borulama Is\u0131t\u0131c\u0131 - Cheri Heater Technology Co.,Ltd.","robots":{"index":"index","follow":"follow","max-snippet":"max-snippet:-1","max-image-preview":"max-image-preview:large","max-video-preview":"max-video-preview:-1"},"canonical":"https:\/\/cheri-heater.com\/tr\/product\/pipeline-heater\/","og_locale":"en_US","og_type":"article","og_title":"Borulama Is\u0131t\u0131c\u0131 - Cheri Heater Technology Co.,Ltd.","og_description":"Boru \u0131s\u0131t\u0131c\u0131, \u0131s\u0131tma ortam\u0131n\u0131 \u00f6nceden \u0131s\u0131tan enerji tasarruflu bir ekipmand\u0131r. Is\u0131tma ortam\u0131 ekipman\u0131ndan \u00f6nce kurulur ve ortam\u0131 do\u011frudan \u0131s\u0131tarak, y\u00fcksek s\u0131cakl\u0131klarda dola\u015f\u0131m \u0131s\u0131nmas\u0131n\u0131 sa\u011flar ve sonunda enerji tasarrufu amac\u0131na ula\u015f\u0131r. A\u011f\u0131r ya\u011f, asfalt ve berrak ya\u011f gibi yak\u0131t ya\u011flar\u0131n\u0131n \u00f6n \u0131s\u0131t\u0131lmas\u0131nda yayg\u0131n olarak kullan\u0131l\u0131r. Boru \u0131s\u0131t\u0131c\u0131, bir g\u00f6vde ve bir kontrol sisteminden olu\u015fur. Is\u0131tma eleman\u0131, koruyucu k\u0131l\u0131f olarak diki\u015fsiz paslanmaz \u00e7elik borudan, y\u00fcksek s\u0131cakl\u0131\u011fa dayan\u0131kl\u0131 ala\u015f\u0131m telden ve y\u00fcksek safl\u0131kta kristal magnezyum oksit tozundan yap\u0131lm\u0131\u015ft\u0131r. S\u0131k\u0131\u015ft\u0131rma i\u015flemi ile i\u015flenmi\u015ftir ve kontrol k\u0131sm\u0131, ayarlanabilir s\u0131cakl\u0131k \u00f6l\u00e7\u00fcm\u00fc ve sabit s\u0131cakl\u0131k sistemi olu\u015fturan geli\u015fmi\u015f dijital devreler, entegre devre tetikleyiciler vb. kullan\u0131r, elektrikli \u0131s\u0131t\u0131c\u0131n\u0131n normal \u00e7al\u0131\u015fmas\u0131n\u0131 sa\u011flamak i\u00e7in.","og_url":"https:\/\/cheri-heater.com\/tr\/product\/pipeline-heater\/","og_site_name":"Cheri Heater Technology Co.,Ltd.","article_modified_time":"2024-07-30T22:04:46+00:00","og_image":[{"width":750,"height":750,"url":"https:\/\/cheri-heater.com\/tr\/wp-content\/uploads\/2024\/06\/\u5fae\u4fe1\u56fe\u7247_202306151303055.jpg","type":"image\/jpeg"}],"twitter_card":"summary_large_image","twitter_misc":{"Est. reading time":"2 minutes"},"schema":{"@context":"https:\/\/schema.org","@graph":[{"@type":"WebPage","@id":"https:\/\/cheri-heater.com\/tr\/product\/pipeline-heater\/","url":"https:\/\/cheri-heater.com\/tr\/product\/pipeline-heater\/","name":"Borulama Is\u0131t\u0131c\u0131 - Cheri Heater Technology Co.,Ltd.","isPartOf":{"@id":"https:\/\/cheri-heater.com\/tr\/#website"},"primaryImageOfPage":{"@id":"https:\/\/cheri-heater.com\/tr\/product\/pipeline-heater\/#primaryimage"},"image":{"@id":"https:\/\/cheri-heater.com\/tr\/product\/pipeline-heater\/#primaryimage"},"thumbnailUrl":"https:\/\/cheri-heater.com\/tr\/wp-content\/uploads\/2024\/06\/\u5fae\u4fe1\u56fe\u7247_202306151303055.jpg","datePublished":"2024-06-04T18:38:54+00:00","dateModified":"2024-07-30T22:04:46+00:00","breadcrumb":{"@id":"https:\/\/cheri-heater.com\/tr\/product\/pipeline-heater\/#breadcrumb"},"inLanguage":"en-US","potentialAction":[{"@type":"ReadAction","target":["https:\/\/cheri-heater.com\/tr\/product\/pipeline-heater\/"]}]},{"@type":"ImageObject","inLanguage":"en-US","@id":"https:\/\/cheri-heater.com\/tr\/product\/pipeline-heater\/#primaryimage","url":"https:\/\/cheri-heater.com\/tr\/wp-content\/uploads\/2024\/06\/\u5fae\u4fe1\u56fe\u7247_202306151303055.jpg","contentUrl":"https:\/\/cheri-heater.com\/tr\/wp-content\/uploads\/2024\/06\/\u5fae\u4fe1\u56fe\u7247_202306151303055.jpg","width":750,"height":750},{"@type":"BreadcrumbList","@id":"https:\/\/cheri-heater.com\/tr\/product\/pipeline-heater\/#breadcrumb","itemListElement":[{"@type":"ListItem","position":1,"name":"Home","item":"https:\/\/cheri-heater.com\/tr\/"},{"@type":"ListItem","position":2,"name":"Products","item":"https:\/\/cheri-heater.com\/tr\/products\/"},{"@type":"ListItem","position":3,"name":"Borulama Is\u0131t\u0131c\u0131"}]},{"@type":"WebSite","@id":"https:\/\/cheri-heater.com\/tr\/#website","url":"https:\/\/cheri-heater.com\/tr\/","name":"Cheri Heater Technology Co.,Ltd.","description":"","publisher":{"@id":"https:\/\/cheri-heater.com\/tr\/#organization"},"potentialAction":[{"@type":"SearchAction","target":{"@type":"EntryPoint","urlTemplate":"https:\/\/cheri-heater.com\/tr\/?s={search_term_string}"},"query-input":{"@type":"PropertyValueSpecification","valueRequired":true,"valueName":"search_term_string"}}],"inLanguage":"en-US"},{"@type":"Organization","@id":"https:\/\/cheri-heater.com\/tr\/#organization","name":"Cheri Heater Technology Co.,Ltd.","url":"https:\/\/cheri-heater.com\/tr\/","logo":{"@type":"ImageObject","inLanguage":"en-US","@id":"https:\/\/cheri-heater.com\/tr\/#\/schema\/logo\/image\/","url":"https:\/\/cheri-heater.com\/tr\/wp-content\/uploads\/2024\/06\/cropped-logo-resize.png","contentUrl":"https:\/\/cheri-heater.com\/tr\/wp-content\/uploads\/2024\/06\/cropped-logo-resize.png","width":346,"height":99,"caption":"Cheri Heater Technology Co.,Ltd."},"image":{"@id":"https:\/\/cheri-heater.com\/tr\/#\/schema\/logo\/image\/"}}]}},"_links":{"self":[{"href":"https:\/\/cheri-heater.com\/tr\/wp-json\/wp\/v2\/product\/1049","targetHints":{"allow":["GET"]}}],"collection":[{"href":"https:\/\/cheri-heater.com\/tr\/wp-json\/wp\/v2\/product"}],"about":[{"href":"https:\/\/cheri-heater.com\/tr\/wp-json\/wp\/v2\/types\/product"}],"wp:featuredmedia":[{"embeddable":true,"href":"https:\/\/cheri-heater.com\/tr\/wp-json\/wp\/v2\/media\/1053"}],"wp:attachment":[{"href":"https:\/\/cheri-heater.com\/tr\/wp-json\/wp\/v2\/media?parent=1049"}],"wp:term":[{"taxonomy":"product_brand","embeddable":true,"href":"https:\/\/cheri-heater.com\/tr\/wp-json\/wp\/v2\/product_brand?post=1049"},{"taxonomy":"product_cat","embeddable":true,"href":"https:\/\/cheri-heater.com\/tr\/wp-json\/wp\/v2\/product_cat?post=1049"},{"taxonomy":"product_tag","embeddable":true,"href":"https:\/\/cheri-heater.com\/tr\/wp-json\/wp\/v2\/product_tag?post=1049"}],"curies":[{"name":"wp","href":"https:\/\/api.w.org\/{rel}","templated":true}]}}