{"id":1056,"date":"2024-06-04T18:44:01","date_gmt":"2024-06-04T18:44:01","guid":{"rendered":"https:\/\/cheri-heater.com\/tr\/?post_type=product&#038;p=1056"},"modified":"2024-07-30T22:04:21","modified_gmt":"2024-07-30T22:04:21","slug":"silicone-rubber-heater","status":"publish","type":"product","link":"https:\/\/cheri-heater.com\/tr\/product\/silicone-rubber-heater\/","title":{"rendered":"Silicone Kau\u00e7uk Is\u0131t\u0131c\u0131"},"content":{"rendered":"<table width=\"1060\" cellspacing=\"0\" cellpadding=\"2\">\n<tbody>\n<tr>\n<td bgcolor=\"#f3f4f8\" width=\"283\">\n<p class=\"western\" align=\"center\"><span style=\"font-size: small;\"><span style=\"font-family: Arial, sans-serif;\">Boyut<\/span><\/span><\/p>\n<\/td>\n<td bgcolor=\"#ffffff\" width=\"767\">\n<p class=\"western\" align=\"left\"><span style=\"font-size: small;\"><span style=\"font-family: Arial, sans-serif;\">Dikd\u00f6rtgen (Uzunluk*Geni\u015flik), Yuvarlak (\u00c7ap) veya \u00e7izimleri sa\u011flay\u0131n<\/span><\/span><\/p>\n<\/td>\n<\/tr>\n<tr>\n<td bgcolor=\"#f3f4f8\" width=\"283\">\n<p class=\"western\" align=\"center\"><span style=\"font-size: small;\"><span style=\"font-family: Arial, sans-serif;\">\u015eekil<\/span><\/span><\/p>\n<\/td>\n<td bgcolor=\"#ffffff\" width=\"767\">\n<p class=\"western\" align=\"left\"><span style=\"font-size: small;\"><span style=\"font-family: Arial, sans-serif;\">Yuvarlak, Dikd\u00f6rtgen, Kare, gereksiniminize g\u00f6re herhangi bir \u015fekil<\/span><\/span><\/p>\n<\/td>\n<\/tr>\n<tr>\n<td bgcolor=\"#f3f4f8\" width=\"283\">\n<p class=\"western\" align=\"center\"><span style=\"font-size: small;\"><span style=\"font-family: Arial, sans-serif;\">Voltaj Aral\u0131\u011f\u0131<\/span><\/span><\/p>\n<\/td>\n<td bgcolor=\"#ffffff\" width=\"767\">\n<p class=\"western\" align=\"left\"><span style=\"font-size: small;\"><span style=\"font-family: Arial, sans-serif;\">1.5V~400V<\/span><\/span><\/p>\n<\/td>\n<\/tr>\n<tr>\n<td bgcolor=\"#f3f4f8\" width=\"283\">\n<p class=\"western\" align=\"center\"><span style=\"font-size: small;\"><span style=\"font-family: Arial, sans-serif;\">G\u00fc\u00e7 Yo\u011funlu\u011fu Aral\u0131\u011f\u0131<\/span><\/span><\/p>\n<\/td>\n<td bgcolor=\"#ffffff\" width=\"767\">\n<p class=\"western\" align=\"left\"><span style=\"font-size: small;\"><span style=\"font-family: Arial, sans-serif;\">0.1w\/cm\u00b2 &#8211; 2.5w\/cm\u00b2<\/span><\/span><\/p>\n<\/td>\n<\/tr>\n<tr>\n<td bgcolor=\"#f3f4f8\" width=\"283\">\n<p class=\"western\" align=\"center\"><span style=\"font-size: small;\"><span style=\"font-family: Arial, sans-serif;\">Is\u0131t\u0131c\u0131 Boyutu<\/span><\/span><\/p>\n<\/td>\n<td bgcolor=\"#ffffff\" width=\"767\">\n<p class=\"western\" align=\"left\"><span style=\"font-size: small;\"><span style=\"font-family: Arial, sans-serif;\">10mm~1000mm<\/span><\/span><\/p>\n<\/td>\n<\/tr>\n<tr>\n<td bgcolor=\"#f3f4f8\" width=\"283\">\n<p class=\"western\" align=\"center\"><span style=\"font-size: small;\"><span style=\"font-family: Arial, sans-serif;\">Is\u0131t\u0131c\u0131 Kal\u0131nl\u0131\u011f\u0131<\/span><\/span><\/p>\n<\/td>\n<td bgcolor=\"#ffffff\" width=\"767\">\n<p class=\"western\" align=\"left\"><span style=\"font-size: small;\"><span style=\"font-family: Arial, sans-serif;\">1.5mm<\/span><\/span><\/p>\n<\/td>\n<\/tr>\n<tr>\n<td bgcolor=\"#f3f4f8\" width=\"283\">\n<p class=\"western\" align=\"center\"><span style=\"font-size: small;\"><span style=\"font-family: Arial, sans-serif;\">Kullan\u0131m S\u0131cakl\u0131k Aral\u0131\u011f\u0131<\/span><\/span><\/p>\n<\/td>\n<td bgcolor=\"#ffffff\" width=\"767\">\n<p class=\"western\" align=\"left\"><span style=\"font-size: small;\"><span style=\"font-family: Arial, sans-serif;\">0\u00baC~180\u00baC<\/span><\/span><\/p>\n<\/td>\n<\/tr>\n<tr>\n<td bgcolor=\"#f3f4f8\" width=\"283\">\n<p class=\"western\" align=\"center\"><span style=\"font-size: small;\"><span style=\"font-family: Arial, sans-serif;\">Is\u0131tma Malzemesi<\/span><\/span><\/p>\n<\/td>\n<td bgcolor=\"#ffffff\" width=\"767\">\n<p class=\"western\" align=\"left\"><span style=\"font-size: small;\"><span style=\"font-family: Arial, sans-serif;\">Erozyonlu nikel krom folyo<\/span><\/span><\/p>\n<\/td>\n<\/tr>\n<tr>\n<td bgcolor=\"#f3f4f8\" width=\"283\">\n<p class=\"western\" align=\"center\"><span style=\"font-size: small;\"><span style=\"font-family: Arial, sans-serif;\">Yal\u0131t\u0131m Malzemesi<\/span><\/span><\/p>\n<\/td>\n<td bgcolor=\"#ffffff\" width=\"767\">\n<p class=\"western\" align=\"left\"><span style=\"font-size: small;\"><span style=\"font-family: Arial, sans-serif;\">Silikon Kau\u00e7uk<\/span><\/span><\/p>\n<\/td>\n<\/tr>\n<tr>\n<td bgcolor=\"#f3f4f8\" width=\"283\">\n<p class=\"western\" align=\"center\"><span style=\"font-size: small;\"><span style=\"font-family: Arial, sans-serif;\">Ba\u011flant\u0131 Kablosu<\/span><\/span><\/p>\n<\/td>\n<td bgcolor=\"#ffffff\" width=\"767\">\n<p class=\"western\" align=\"left\"><span style=\"font-size: small;\"><span style=\"font-family: Arial, sans-serif;\">Kapton veya silikon yal\u0131t\u0131ml\u0131 kablolar<\/span><\/span><\/p>\n<\/td>\n<\/tr>\n<\/tbody>\n<\/table>\n<p align=\"left\"><span style=\"color: #212529;\"><span style=\"font-family: Arial, sans-serif;\"><span style=\"font-size: small;\"><span style=\"font-size: medium;\"><\/span><\/span><\/span><\/span><span style=\"color: #333333;\"><span style=\"font-family: Arial, sans-serif;\"><span style=\"font-size: small;\"><b>\u00d6zet<\/b><\/span><\/span><\/span><span style=\"color: #333333;\"><span style=\"font-family: Arial, sans-serif;\"><span style=\"font-size: medium;\"> &#8212; H\u0131zl\u0131 \u0131s\u0131nma, e\u015fit s\u0131cakl\u0131k, y\u00fcksek termal verimlilik, y\u00fcksek dayan\u0131kl\u0131l\u0131k, kullan\u0131m kolayl\u0131\u011f\u0131, uzun \u00f6m\u00fcr, kolay ya\u015flanmama ve y\u00fczeyini b\u00fck\u00fcp \u015fekillendirebilme \u00f6zelliklerine sahiptir, b\u00f6ylece \u0131s\u0131, \u0131s\u0131t\u0131lacak nesne ile temas eden her par\u00e7aya e\u015fit olarak iletilebilir.<\/span><\/span><\/span><\/p>\n<p><span style=\"color: #212529;\"><span style=\"font-family: Arial, sans-serif;\"><span style=\"font-size: small;\"><b>\u00d6zellikler<\/b><\/span><\/span><\/span><\/p>\n<p class=\"western\" align=\"left\"><span style=\"font-family: Arial, sans-serif;\"><span style=\"font-size: small;\"><span style=\"color: #333333;\">* Silikon kau\u00e7uk \u0131s\u0131t\u0131c\u0131lar\u0131n ince, hafif ve esnek olma avantaj\u0131 vard\u0131r;<\/span><\/span><\/span><\/p>\n<p class=\"western\" align=\"left\"><span style=\"color: #333333;\"><span style=\"font-family: Arial, sans-serif;\"><span style=\"font-size: small;\"><span lang=\"tr\">* Silikon kau\u00e7uk \u0131s\u0131t\u0131c\u0131, \u0131s\u0131 transferini iyile\u015ftirebilir, \u0131s\u0131nmay\u0131 h\u0131zland\u0131rabilir ve i\u015flem s\u0131ras\u0131nda g\u00fcc\u00fc azaltabilir;<br \/>\n* Fiberglas takviyeli silikon kau\u00e7uk, \u0131s\u0131t\u0131c\u0131lar\u0131n boyutunu stabilize eder;<br \/>\n* Silikon kau\u00e7uk \u0131s\u0131t\u0131c\u0131n\u0131n maksimum watt g\u00fcc\u00fc 1 w\/cm\u00b2 yap\u0131labilir;<br \/>\n* Silikon kau\u00e7uk \u0131s\u0131t\u0131c\u0131, herhangi bir boyut ve herhangi bir \u015fekilde yap\u0131labilir.<\/span><\/span><\/span><\/span><\/p>\n<p>&nbsp;<\/p>\n<p><img decoding=\"async\" class=\"aligncenter size-full wp-image-1066 lazyload\" data-src=\"https:\/\/cheri-heater.com\/tr\/wp-content\/uploads\/2024\/06\/\u5fae\u4fe1\u56fe\u7247_20240428145609.jpg\" alt=\"\" width=\"7\n\n<\/p srcset=\"https:\/\/cheri-heater.com\/tr\/wp-content\/uploads\/2024\/06\/\u5fae\u4fe1\u56fe\u7247_20240428145609.jpg 750w, https:\/\/cheri-heater.com\/tr\/wp-content\/uploads\/2024\/06\/\u5fae\u4fe1\u56fe\u7247_20240428145609-600x669.jpg 600w, https:\/\/cheri-heater.com\/tr\/wp-content\/uploads\/2024\/06\/\u5fae\u4fe1\u56fe\u7247_20240428145609-269x300.jpg 269w\" data-sizes=\"(max-width: 750px) 100vw, 750px\" src=\"data:image\/svg+xml;base64,PHN2ZyB3aWR0aD0iMSIgaGVpZ2h0PSIxIiB4bWxucz0iaHR0cDovL3d3dy53My5vcmcvMjAwMC9zdmciPjwvc3ZnPg==\" style=\"--smush-placeholder-width: 750px; --smush-placeholder-aspect-ratio: 750\/836;\" \/>\n","protected":false},"excerpt":{"rendered":"<p class=\"western\" align=\"justify\"><span style=\"color: #333333;\"><span style=\"font-family: Arial, sans-serif;\"><span style=\"font-size: medium;\">&#8212; Silikon \u0131s\u0131t\u0131c\u0131, esas olarak bir nikel-krom ala\u015f\u0131ml\u0131 elektrikli \u0131s\u0131tma teli ve cam elyaf takviyeli silikon kau\u00e7uk yal\u0131t\u0131m bezinden olu\u015fur.<\/span><\/span><\/span><\/p>\n","protected":false},"featured_media":1057,"template":"","meta":[],"product_brand":[],"product_cat":[35],"product_tag":[],"class_list":{"0":"post-1056","1":"product","2":"type-product","3":"status-publish","4":"has-post-thumbnail","6":"product_cat-silicone-rubber-heater","8":"first","9":"instock","10":"shipping-taxable","11":"product-type-simple"},"yoast_head":"<!-- This site is optimized with the Yoast SEO plugin v27.3 - https:\/\/yoast.com\/product\/yoast-seo-wordpress\/ -->\n<title>Silicone Kau\u00e7uk Is\u0131t\u0131c\u0131 - Cheri Heater Technology Co.,Ltd.<\/title>\n<meta name=\"robots\" content=\"index, follow, max-snippet:-1, max-image-preview:large, max-video-preview:-1\" \/>\n<link rel=\"canonical\" href=\"https:\/\/cheri-heater.com\/tr\/product\/silicone-rubber-heater\/\" \/>\n<meta property=\"og:locale\" content=\"en_US\" \/>\n<meta property=\"og:type\" content=\"article\" \/>\n<meta property=\"og:title\" content=\"Silicone Kau\u00e7uk Is\u0131t\u0131c\u0131 - Cheri Heater Technology Co.,Ltd.\" \/>\n<meta property=\"og:description\" content=\"-- Silikon \u0131s\u0131t\u0131c\u0131, esas olarak bir nikel-krom ala\u015f\u0131ml\u0131 elektrikli \u0131s\u0131tma teli ve cam elyaf takviyeli silikon kau\u00e7uk yal\u0131t\u0131m bezinden olu\u015fur.\" \/>\n<meta property=\"og:url\" content=\"https:\/\/cheri-heater.com\/tr\/product\/silicone-rubber-heater\/\" \/>\n<meta property=\"og:site_name\" content=\"Cheri Heater Technology Co.,Ltd.\" \/>\n<meta property=\"article:modified_time\" content=\"2024-07-30T22:04:21+00:00\" \/>\n<meta property=\"og:image\" content=\"https:\/\/cheri-heater.com\/tr\/wp-content\/uploads\/2024\/06\/\u52a0\u70ed\u5e26\u52a0\u6e29\u63a72.jpg\" \/>\n\t<meta property=\"og:image:width\" content=\"2000\" \/>\n\t<meta property=\"og:image:height\" content=\"2000\" \/>\n\t<meta property=\"og:image:type\" content=\"image\/jpeg\" \/>\n<meta name=\"twitter:card\" content=\"summary_large_image\" \/>\n<meta name=\"twitter:label1\" content=\"Est. reading time\" \/>\n\t<meta name=\"twitter:data1\" content=\"2 minutes\" \/>\n<!-- \/ Yoast SEO plugin. -->","yoast_head_json":{"title":"Silicone Kau\u00e7uk Is\u0131t\u0131c\u0131 - Cheri Heater Technology Co.,Ltd.","robots":{"index":"index","follow":"follow","max-snippet":"max-snippet:-1","max-image-preview":"max-image-preview:large","max-video-preview":"max-video-preview:-1"},"canonical":"https:\/\/cheri-heater.com\/tr\/product\/silicone-rubber-heater\/","og_locale":"en_US","og_type":"article","og_title":"Silicone Kau\u00e7uk Is\u0131t\u0131c\u0131 - Cheri Heater Technology Co.,Ltd.","og_description":"-- Silikon \u0131s\u0131t\u0131c\u0131, esas olarak bir nikel-krom ala\u015f\u0131ml\u0131 elektrikli \u0131s\u0131tma teli ve cam elyaf takviyeli silikon kau\u00e7uk yal\u0131t\u0131m bezinden olu\u015fur.","og_url":"https:\/\/cheri-heater.com\/tr\/product\/silicone-rubber-heater\/","og_site_name":"Cheri Heater Technology Co.,Ltd.","article_modified_time":"2024-07-30T22:04:21+00:00","og_image":[{"width":2000,"height":2000,"url":"https:\/\/cheri-heater.com\/tr\/wp-content\/uploads\/2024\/06\/\u52a0\u70ed\u5e26\u52a0\u6e29\u63a72.jpg","type":"image\/jpeg"}],"twitter_card":"summary_large_image","twitter_misc":{"Est. reading time":"2 minutes"},"schema":{"@context":"https:\/\/schema.org","@graph":[{"@type":"WebPage","@id":"https:\/\/cheri-heater.com\/tr\/product\/silicone-rubber-heater\/","url":"https:\/\/cheri-heater.com\/tr\/product\/silicone-rubber-heater\/","name":"Silicone Kau\u00e7uk Is\u0131t\u0131c\u0131 - Cheri Heater Technology Co.,Ltd.","isPartOf":{"@id":"https:\/\/cheri-heater.com\/tr\/#website"},"primaryImageOfPage":{"@id":"https:\/\/cheri-heater.com\/tr\/product\/silicone-rubber-heater\/#primaryimage"},"image":{"@id":"https:\/\/cheri-heater.com\/tr\/product\/silicone-rubber-heater\/#primaryimage"},"thumbnailUrl":"https:\/\/cheri-heater.com\/tr\/wp-content\/uploads\/2024\/06\/\u52a0\u70ed\u5e26\u52a0\u6e29\u63a72.jpg","datePublished":"2024-06-04T18:44:01+00:00","dateModified":"2024-07-30T22:04:21+00:00","breadcrumb":{"@id":"https:\/\/cheri-heater.com\/tr\/product\/silicone-rubber-heater\/#breadcrumb"},"inLanguage":"en-US","potentialAction":[{"@type":"ReadAction","target":["https:\/\/cheri-heater.com\/tr\/product\/silicone-rubber-heater\/"]}]},{"@type":"ImageObject","inLanguage":"en-US","@id":"https:\/\/cheri-heater.com\/tr\/product\/silicone-rubber-heater\/#primaryimage","url":"https:\/\/cheri-heater.com\/tr\/wp-content\/uploads\/2024\/06\/\u52a0\u70ed\u5e26\u52a0\u6e29\u63a72.jpg","contentUrl":"https:\/\/cheri-heater.com\/tr\/wp-content\/uploads\/2024\/06\/\u52a0\u70ed\u5e26\u52a0\u6e29\u63a72.jpg","width":2000,"height":2000},{"@type":"BreadcrumbList","@id":"https:\/\/cheri-heater.com\/tr\/product\/silicone-rubber-heater\/#breadcrumb","itemListElement":[{"@type":"ListItem","position":1,"name":"Home","item":"https:\/\/cheri-heater.com\/tr\/"},{"@type":"ListItem","position":2,"name":"Products","item":"https:\/\/cheri-heater.com\/tr\/products\/"},{"@type":"ListItem","position":3,"name":"Silicone Kau\u00e7uk Is\u0131t\u0131c\u0131"}]},{"@type":"WebSite","@id":"https:\/\/cheri-heater.com\/tr\/#website","url":"https:\/\/cheri-heater.com\/tr\/","name":"Cheri Heater Technology Co.,Ltd.","description":"","publisher":{"@id":"https:\/\/cheri-heater.com\/tr\/#organization"},"potentialAction":[{"@type":"SearchAction","target":{"@type":"EntryPoint","urlTemplate":"https:\/\/cheri-heater.com\/tr\/?s={search_term_string}"},"query-input":{"@type":"PropertyValueSpecification","valueRequired":true,"valueName":"search_term_string"}}],"inLanguage":"en-US"},{"@type":"Organization","@id":"https:\/\/cheri-heater.com\/tr\/#organization","name":"Cheri Heater Technology Co.,Ltd.","url":"https:\/\/cheri-heater.com\/tr\/","logo":{"@type":"ImageObject","inLanguage":"en-US","@id":"https:\/\/cheri-heater.com\/tr\/#\/schema\/logo\/image\/","url":"https:\/\/cheri-heater.com\/tr\/wp-content\/uploads\/2024\/06\/cropped-logo-resize.png","contentUrl":"https:\/\/cheri-heater.com\/tr\/wp-content\/uploads\/2024\/06\/cropped-logo-resize.png","width":346,"height":99,"caption":"Cheri Heater Technology Co.,Ltd."},"image":{"@id":"https:\/\/cheri-heater.com\/tr\/#\/schema\/logo\/image\/"}}]}},"_links":{"self":[{"href":"https:\/\/cheri-heater.com\/tr\/wp-json\/wp\/v2\/product\/1056","targetHints":{"allow":["GET"]}}],"collection":[{"href":"https:\/\/cheri-heater.com\/tr\/wp-json\/wp\/v2\/product"}],"about":[{"href":"https:\/\/cheri-heater.com\/tr\/wp-json\/wp\/v2\/types\/product"}],"wp:featuredmedia":[{"embeddable":true,"href":"https:\/\/cheri-heater.com\/tr\/wp-json\/wp\/v2\/media\/1057"}],"wp:attachment":[{"href":"https:\/\/cheri-heater.com\/tr\/wp-json\/wp\/v2\/media?parent=1056"}],"wp:term":[{"taxonomy":"product_brand","embeddable":true,"href":"https:\/\/cheri-heater.com\/tr\/wp-json\/wp\/v2\/product_brand?post=1056"},{"taxonomy":"product_cat","embeddable":true,"href":"https:\/\/cheri-heater.com\/tr\/wp-json\/wp\/v2\/product_cat?post=1056"},{"taxonomy":"product_tag","embeddable":true,"href":"https:\/\/cheri-heater.com\/tr\/wp-json\/wp\/v2\/product_tag?post=1056"}],"curies":[{"name":"wp","href":"https:\/\/api.w.org\/{rel}","templated":true}]}}