{"id":1082,"date":"2024-06-05T17:08:06","date_gmt":"2024-06-05T17:08:06","guid":{"rendered":"https:\/\/cheri-heater.com\/tr\/?post_type=product&#038;p=1082"},"modified":"2024-07-30T22:03:51","modified_gmt":"2024-07-30T22:03:51","slug":"kejtn-type-thermocouple","status":"publish","type":"product","link":"https:\/\/cheri-heater.com\/tr\/product\/kejtn-type-thermocouple\/","title":{"rendered":"K E J T N Tipi Termokupllar"},"content":{"rendered":"<h3 class=\"western\"><span style=\"font-size: large;\"><b><span style=\"font-family: Arial, sans-serif;\">K Tipi Termokupl Tan\u0131m\u0131:<\/span><\/b><\/span><\/h3>\n<p class=\"western\" align=\"left\"><span style=\"color: #000000;\"><span style=\"font-family: Arial, sans-serif;\"><span style=\"font-size: small;\"><span lang=\"tr\"><b>K tipi<\/b><\/span><\/span><\/span><\/span><span style=\"color: #000000;\"><span style=\"font-family: Arial, sans-serif;\"><span style=\"font-size: small;\"><span lang=\"tr\"> termokupllar \u00e7ok basit ve dayan\u0131kl\u0131 s\u0131cakl\u0131k sens\u00f6rleridir. Termokupllar, \u00e7ok geni\u015f bir uygulama yelpazesi i\u00e7in farkl\u0131 malzeme e\u015fle\u015ftirmeleri ile gelir. Farkl\u0131 bile\u015fimler termokupl tiplerine standardize edilmi\u015ftir. Farkl\u0131 tipler, end\u00fcstri genelinde standardize edilen harf isimleriyle belirtilir. <\/span><\/span><\/span><\/span><span style=\"color: #000000;\"><span style=\"font-family: Arial, sans-serif;\"><span style=\"font-size: small;\"><span lang=\"tr\"><b>K tipi<\/b><\/span><\/span><\/span><\/span><span style=\"color: #000000;\"><span style=\"font-family: Arial, sans-serif;\"><span style=\"font-size: small;\"><span lang=\"tr\"> termokupllar bir\u00e7ok farkl\u0131 konfig\u00fcrasyonda, \u00e7ok say\u0131da uygulama i\u00e7in \u00fcretilir. \u00c7aplar, uzunluklar, k\u0131l\u0131f malzemesi, kablo uzunluklar\u0131 ve sens\u00f6r malzemesi, \u00fcretim s\u0131ras\u0131nda belirlenen stil de\u011fi\u015fkenlerinden sadece birka\u00e7\u0131d\u0131r. Bir uygulamada hangi tip termokuplun kullan\u0131lmas\u0131 gerekti\u011fini belirleyen ana fakt\u00f6rler s\u0131cakl\u0131k, ortam, yan\u0131t s\u00fcresi ve do\u011fruluktur. Termokuplun ba\u011flant\u0131 noktas\u0131 toprakl\u0131, topraks\u0131z veya a\u00e7\u0131k olabilir. <\/span><\/span><\/span><\/span><span style=\"color: #000000;\"><span style=\"font-family: Arial, sans-serif;\"><span style=\"font-size: small;\"><span lang=\"tr\"><b>K tipi<\/b><\/span><\/span><\/span><\/span><span style=\"color: #000000;\"><span style=\"font-family: Arial, sans-serif;\"><span style=\"font-size: small;\"><span lang=\"tr\"> termokupllar kullan\u0131m\u0131 kolayd\u0131r, Termokupllar en pop\u00fcler s\u0131cakl\u0131k sens\u00f6rleridir. Ucuz, de\u011fi\u015ftirilebilir, standart konnekt\u00f6rlere sahip ve geni\u015f bir s\u0131cakl\u0131k aral\u0131\u011f\u0131n\u0131 \u00f6l\u00e7ebilirler. Termokupllar ve RTD pt100 sens\u00f6rleri geni\u015f bir s\u0131cakl\u0131k aral\u0131\u011f\u0131n\u0131 \u00f6l\u00e7ebilir.<\/span><\/span><\/span><\/span><\/p>\n<p class=\"western\" align=\"left\"><span style=\"font-size: large;\"><b><span style=\"font-family: Arial, sans-serif;\">Se\u00e7ilecek Termokupl Tipi:<\/span><\/b><\/span><\/p>\n<table dir=\"ltr\" width=\"750\" cellspacing=\"0\" cellpadding=\"0\" align=\"left\">\n<tbody>\n<tr valign=\"top\">\n<td bgcolor=\"#f3f4f8\" width=\"130\">\n<p class=\"western\" align=\"left\"><span style=\"font-size: small;\"><span style=\"font-family: Arial, sans-serif;\">\u00dcr\u00fcn<\/span><\/span><\/p>\n<\/td>\n<td bgcolor=\"#f7f8fa\" width=\"160\">\n<p class=\"western\" align=\"left\"><span style=\"font-size: small;\"><span style=\"font-family: Arial, sans-serif;\">\u0130letken Malzemesi<\/span><\/span><\/p>\n<\/td>\n<td bgcolor=\"#f7f8fa\" width=\"39\">\n<p class=\"western\" align=\"left\"><span style=\"font-size: small;\"><span style=\"font-family: Arial, sans-serif;\">Tip<\/span><\/span><\/p>\n<\/td>\n<td bgcolor=\"#f7f8fa\" width=\"77\">\n<p class=\"western\" align=\"left\"><span style=\"font-size: small;\"><span style=\"font-family: Arial, sans-serif;\">Derecelendirme<\/span><\/span><\/p>\n<\/td>\n<td bgcolor=\"#f7f8fa\" width=\"210\">\n<p class=\"western\" align=\"left\"><span style=\"font-size: small;\"><span style=\"font-family: Arial, sans-serif;\">Kullan\u0131m S\u0131cakl\u0131\u011f\u0131\u00b0C(k\u0131sa s\u00fcre)<\/span><\/span><\/p>\n<\/td>\n<td bgcolor=\"#f7f8fa\" width=\"131\">\n<p class=\"western\" align=\"left\"><span style=\"font-size: small;\"><span style=\"font-family: Arial, sans-serif;\">Kullan\u0131m S\u0131cakl\u0131\u011f\u0131\u00b0C<\/span><\/span><\/p>\n<\/td>\n<\/tr>\n<tr valign=\"top\">\n<td bgcolor=\"#f3f4f8\" width=\"130\">\n<p class=\"western\" align=\"left\"><span style=\"font-size: small;\"><span style=\"font-family: Arial, sans-serif;\">Termokupl<\/span><\/span><\/p>\n<\/td>\n<td width=\"160\">\n<p class=\"western\" align=\"left\"><span style=\"font-size: small;\"><span style=\"font-family: Arial, sans-serif;\">PtRh30-Ptrh6<\/span><\/span><\/p>\n<\/td>\n<td width=\"39\">\n<p class=\"western\" align=\"left\"><span style=\"font-size: small;\"><span style=\"font-family: Arial, sans-serif;\">WRR<\/span><\/span><\/p>\n<\/td>\n<td width=\"77\">\n<p class=\"western\" align=\"left\"><span style=\"font-size: small;\"><span style=\"font-family: Arial, sans-serif;\">B<\/span><\/span><\/p>\n<\/td>\n<td width=\"210\">\n<p class=\"western\" align=\"left\"><span style=\"font-size: small;\"><span style=\"font-family: Arial, sans-serif;\">0-1800\u00b0C<\/span><\/span><\/p>\n<\/td>\n<td width=\"131\">\n<p class=\"western\" align=\"left\"><span style=\"font-size: small;\"><span style=\"font-family: Arial, sans-serif;\">0-1600\u00b0C<\/span><\/span><\/p>\n<\/td>\n<\/tr>\n<tr valign=\"top\">\n<td bgcolor=\"#f3f4f8\" width=\"130\"><\/td>\n<td width=\"160\">\n<p class=\"western\" align=\"left\"><span style=\"font-size: small;\"><span style=\"font-family: Arial, sans-serif;\">PtRh10-Pt<\/span><\/span><\/p>\n<\/td>\n<td width=\"39\">\n<p class=\"western\" align=\"left\"><span style=\"font-size: small;\"><span style=\"font-family: Arial, sans-serif;\">WRP<\/span><\/span><\/p>\n<\/td>\n<td width=\"77\">\n<p class=\"western\" align=\"left\"><span style=\"font-size: small;\"><span style=\"font-family: Arial, sans-serif;\">R<\/span><\/span><\/p>\n<\/td>\n<td width=\"210\">\n<p class=\"western\" align=\"left\"><span style=\"font-size: small;\"><span style=\"font-family: Arial, sans-serif;\">0-1600\u00b0C<\/span><\/span><\/p>\n<\/td>\n<td width=\"131\">\n<p class=\"western\" align=\"left\"><span style=\"font-size: small;\"><span style=\"font-family: Arial, sans-serif;\">0-1300\u00b0C<\/span><\/span><\/p>\n<\/td>\n<\/tr>\n<tr valign=\"top\">\n<td bgcolor=\"#f3f4f8\" width=\"130\"><\/td>\n<td width=\"160\">\n<p class=\"western\" align=\"left\"><span style=\"font-size: small;\"><span style=\"font-family: Arial, sans-serif;\">PtRh13-Pt<\/span><\/span><\/p>\n<\/td>\n<td width=\"39\">\n<p class=\"western\" align=\"left\"><span style=\"font-size: small;\"><span style=\"font-family: Arial, sans-serif;\">WRB<\/span><\/span><\/p>\n<\/td>\n<td width=\"77\">\n<p class=\"western\" align=\"left\"><span style=\"font-size: small;\"><span style=\"font-family: Arial, sans-serif;\">S<\/span><\/span><\/p>\n<\/td>\n<td width=\"210\">\n<p class=\"western\" align=\"left\"><span style=\"font-size: small;\"><span style=\"font-family: Arial, sans-serif;\">0-1600\u00b0C<\/span><\/span><\/p>\n<\/td>\n<td width=\"131\">\n<p class=\"western\" align=\"left\"><span style=\"font-size: small;\"><span style=\"font-family: Arial, sans-serif;\">0-1300\u00b0C<\/span><\/span><\/p>\n<\/td>\n<\/tr>\n<tr valign=\"top\">\n<td bgcolor=\"#f3f4f8\" width=\"130\"><\/td>\n<td width=\"160\">\n<p class=\"western\" align=\"left\"><span style=\"font-size: small;\"><span style=\"font-family: Arial, sans-serif;\">NiCrSi-NiSi<\/span><\/span><\/p>\n<\/td>\n<td width=\"39\">\n<p class=\"western\" align=\"left\"><span style=\"font-size: small;\"><span style=\"font-family: Arial, sans-serif;\">WRM<\/span><\/span><\/p>\n<\/td>\n<td width=\"77\">\n<p class=\"western\" align=\"left\"><span style=\"font-size: small;\"><span style=\"font-family: Arial, sans-serif;\">N<\/span><\/span><\/p>\n<\/td>\n<td width=\"210\">\n<p class=\"western\" align=\"left\"><span style=\"font-size: small;\"><span style=\"font-family: Arial, sans-serif;\">0-1000\u00b0C<\/span><\/span><\/p>\n<\/td>\n<td width=\"131\">\n<p class=\"western\" align=\"left\"><span style=\"font-size: small;\"><span style=\"font-family: Arial, sans-serif;\">0-1000\u00b0C<\/span><\/span><\/p>\n<\/td>\n<\/tr>\n<tr valign=\"top\">\n<td bgcolor=\"#f3f4f8\" width=\"130\"><\/td>\n<td width=\"160\">\n<p class=\"western\" align=\"left\"><span style=\"font-size: small;\"><span style=\"font-family: Arial, sans-serif;\">NiCr-NiAl<\/span><\/span><\/p>\n<\/td>\n<td width=\"39\">\n<p class=\"western\" align=\"left\"><span style=\"font-size: small;\"><span style=\"font-family: Arial, sans-serif;\">WRN<\/span><\/span><\/p>\n<\/td>\n<td width=\"77\">\n<p class=\"western\" align=\"left\"><span style=\"font-size: small;\"><span style=\"font-family: Arial, sans-serif;\">K<\/span><\/span><\/p>\n<\/td>\n<td width=\"210\">\n<p class=\"western\" align=\"left\"><span style=\"font-size: small;\"><span style=\"font-family: Arial, sans-serif;\">0-1000\u00b0C<\/span><\/span><\/p>\n<\/td>\n<td width=\"131\">\n<p class=\"western\" align=\"left\"><span style=\"font-size: small;\"><span style=\"font-family: Arial, sans-serif;\">0-900\u00b0C<\/span><\/span><\/p>\n<\/td>\n<\/tr>\n<tr valign=\"top\">\n<td bgcolor=\"#f3f4f8\" width=\"130\"><\/td>\n<td width=\"160\">\n<p class=\"western\" align=\"left\"><span style=\"font-size: small;\"><span style=\"font-family: Arial, sans-serif;\">NiCr-CuNi<\/span><\/span><\/p>\n<\/td>\n<td width=\"39\">\n<p class=\"western\" align=\"left\"><span style=\"font-size: small;\"><span style=\"font-family: Arial, sans-serif;\">WR<\/span><\/span><\/p>\n<\/td>\n<td width=\"77\">\n<p class=\"western\" align=\"left\"><span style=\"font-size: small;\"><span style=\"font-family: Arial, sans-serif;\">E<\/span><\/span><\/p>\n<\/td>\n<td width=\"210\">\n<p class=\"western\" align=\"left\"><span style=\"font-size: small;\"><span style=\"font-family: Arial, sans-serif;\">0-700\u00b0C<\/span><\/span><\/p>\n<\/td>\n<td width=\"131\">\n<p class=\"western\" align=\"left\"><span style=\"font-size: small;\"><span style=\"font-family: Arial, sans-serif;\">0-700\u00b0C<\/span><\/span><\/p>\n<\/td>\n<\/tr>\n<tr valign=\"top\">\n<td bgcolor=\"#f3f4f8\" width=\"130\"><\/td>\n<td width=\"160\">\n<p class=\"western\" align=\"left\"><span style=\"font-size: small;\"><span style=\"font-family: Arial, sans-serif;\">Cu-CuNi<\/span><\/span><\/p>\n<\/td>\n<td width=\"39\">\n<p class=\"western\" align=\"left\"><span style=\"font-size: small;\"><span style=\"font-family: Arial, sans-serif;\">WRC<\/span><\/span><\/p>\n<\/td>\n<td width=\"77\">\n<p class=\"western\" align=\"left\"><span style=\"font-size: small;\"><span style=\"font-family: Arial, sans-serif;\">T<\/span><\/span><\/p>\n<\/td>\n<td width=\"210\">\n<p class=\"western\" align=\"left\"><span style=\"font-size: small;\"><span style=\"font-family: Arial, sans-serif;\">0-350\u00b0C<\/span><\/span><\/p>\n<\/td>\n<td width=\"131\">\n<p class=\"western\" align=\"left\"><span style=\"font-size: small;\"><span style=\"font-family: Arial, sans-serif;\">0-300\u00b0C<\/span><\/span><\/p>\n<\/td>\n<\/tr>\n<tr valign=\"top\">\n<td bgcolor=\"#f3f4f8\" width=\"130\"><\/td>\n<td width=\"160\">\n<p class=\"western\" align=\"left\"><span style=\"font-size: small;\"><span style=\"font-family: Arial, sans-serif;\">Fe-CuNi<\/span><\/span><\/p>\n<\/td>\n<td width=\"39\">\n<p class=\"western\" align=\"left\"><span style=\"font-size: small;\"><span style=\"font-family: Arial, sans-serif;\">WRF<\/span><\/span><\/p>\n<\/td>\n<td width=\"77\">\n<p class=\"western\" align=\"left\"><span style=\"font-size: small;\"><span style=\"font-family: Arial, sans-serif;\">J<\/span><\/span><\/p>\n<\/td>\n<td width=\"210\">\n<p class=\"western\" align=\"left\"><span style=\"font-size: small;\"><span style=\"font-family: Arial, sans-serif;\">0-600\u00b0C<\/span><\/span><\/p>\n<\/td>\n<td width=\"131\">\n<p class=\"western\" align=\"left\"><span style=\"font-size: small;\"><span style=\"font-family: Arial, sans-serif;\">0-600\u00b0C<\/span><\/span><\/p>\n<\/td>\n<\/tr>\n<\/tbody>\n<\/table>\n","protected":false},"excerpt":{"rendered":"<p class=\"western\" align=\"left\"><span style=\"color: #000000;\"><span style=\"font-family: Arial, sans-serif;\"><span style=\"font-size: small;\"><span lang=\"tr\"><b>K tipi<\/b><\/span><\/span><\/span><\/span><span style=\"color: #000000;\"><span style=\"font-family: Arial, sans-serif;\"><span style=\"font-size: small;\"><span lang=\"tr\"> termokupllar \u00e7ok basit ve dayan\u0131kl\u0131 s\u0131cakl\u0131k sens\u00f6rleridir. Termokupllar, \u00e7ok geni\u015f bir uygulama yelpazesi i\u00e7in farkl\u0131 malzeme e\u015fle\u015ftirmeleri ile gelir.<\/span><\/span><\/span><\/span><\/p>\n","protected":false},"featured_media":1086,"template":"","meta":[],"product_brand":[],"product_cat":[27],"product_tag":[160],"class_list":{"0":"post-1082","1":"product","2":"type-product","3":"status-publish","4":"has-post-thumbnail","6":"product_cat-thermocouple","7":"product_tag-kejtn-type-thermocouple","9":"first","10":"instock","11":"shipping-taxable","12":"product-type-simple"},"yoast_head":"<!-- This site is optimized with the Yoast SEO plugin v27.3 - https:\/\/yoast.com\/product\/yoast-seo-wordpress\/ -->\n<title>En \u0130yi K E J T N Tipi Termokupllar | Cheri-heater.com<\/title>\n<meta name=\"description\" content=\"\u00c7e\u015fitli uygulamalar i\u00e7in hassas s\u0131cakl\u0131k \u00f6l\u00e7\u00fcm\u00fc sa\u011flayan K, E, J, T ve N tipleri dahil olmak \u00fczere \u00e7ok y\u00f6nl\u00fc termokupl \u00e7e\u015fitlerimizi ke\u015ffedin. Do\u011fru okumalar ve g\u00fcvenilir performans i\u00e7in kaliteli termokupllar\u0131m\u0131za g\u00fcvenin. \u015eimdi g\u00f6z at\u0131n!\" \/>\n<meta name=\"robots\" content=\"index, follow, max-snippet:-1, max-image-preview:large, max-video-preview:-1\" \/>\n<link rel=\"canonical\" href=\"https:\/\/cheri-heater.com\/tr\/product\/kejtn-type-thermocouple\/\" \/>\n<meta property=\"og:locale\" content=\"en_US\" \/>\n<meta property=\"og:type\" content=\"article\" \/>\n<meta property=\"og:title\" content=\"En \u0130yi K E J T N Tipi Termokupllar | Cheri-heater.com\" \/>\n<meta property=\"og:description\" content=\"\u00c7e\u015fitli uygulamalar i\u00e7in hassas s\u0131cakl\u0131k \u00f6l\u00e7\u00fcm\u00fc sa\u011flayan K, E, J, T ve N tipleri dahil olmak \u00fczere \u00e7ok y\u00f6nl\u00fc termokupl \u00e7e\u015fitlerimizi ke\u015ffedin. Do\u011fru okumalar ve g\u00fcvenilir performans i\u00e7in kaliteli termokupllar\u0131m\u0131za g\u00fcvenin. \u015eimdi g\u00f6z at\u0131n!\" \/>\n<meta property=\"og:url\" content=\"https:\/\/cheri-heater.com\/tr\/product\/kejtn-type-thermocouple\/\" \/>\n<meta property=\"og:site_name\" content=\"Cheri Heater Technology Co.,Ltd.\" \/>\n<meta property=\"article:modified_time\" content=\"2024-07-30T22:03:51+00:00\" \/>\n<meta property=\"og:image\" content=\"https:\/\/cheri-heater.com\/tr\/wp-content\/uploads\/2024\/06\/\u5fae\u4fe1\u56fe\u7247_202303061512584.jpg\" \/>\n\t<meta property=\"og:image:width\" content=\"760\" \/>\n\t<meta property=\"og:image:height\" content=\"760\" \/>\n\t<meta property=\"og:image:type\" content=\"image\/jpeg\" \/>\n<meta name=\"twitter:card\" content=\"summary_large_image\" \/>\n<meta name=\"twitter:label1\" content=\"Est. reading time\" \/>\n\t<meta name=\"twitter:data1\" content=\"2 minutes\" \/>\n<!-- \/ Yoast SEO plugin. -->","yoast_head_json":{"title":"En \u0130yi K E J T N Tipi Termokupllar | Cheri-heater.com","description":"\u00c7e\u015fitli uygulamalar i\u00e7in hassas s\u0131cakl\u0131k \u00f6l\u00e7\u00fcm\u00fc sa\u011flayan K, E, J, T ve N tipleri dahil olmak \u00fczere \u00e7ok y\u00f6nl\u00fc termokupl \u00e7e\u015fitlerimizi ke\u015ffedin. Do\u011fru okumalar ve g\u00fcvenilir performans i\u00e7in kaliteli termokupllar\u0131m\u0131za g\u00fcvenin. \u015eimdi g\u00f6z at\u0131n!","robots":{"index":"index","follow":"follow","max-snippet":"max-snippet:-1","max-image-preview":"max-image-preview:large","max-video-preview":"max-video-preview:-1"},"canonical":"https:\/\/cheri-heater.com\/tr\/product\/kejtn-type-thermocouple\/","og_locale":"en_US","og_type":"article","og_title":"En \u0130yi K E J T N Tipi Termokupllar | Cheri-heater.com","og_description":"\u00c7e\u015fitli uygulamalar i\u00e7in hassas s\u0131cakl\u0131k \u00f6l\u00e7\u00fcm\u00fc sa\u011flayan K, E, J, T ve N tipleri dahil olmak \u00fczere \u00e7ok y\u00f6nl\u00fc termokupl \u00e7e\u015fitlerimizi ke\u015ffedin. Do\u011fru okumalar ve g\u00fcvenilir performans i\u00e7in kaliteli termokupllar\u0131m\u0131za g\u00fcvenin. \u015eimdi g\u00f6z at\u0131n!","og_url":"https:\/\/cheri-heater.com\/tr\/product\/kejtn-type-thermocouple\/","og_site_name":"Cheri Heater Technology Co.,Ltd.","article_modified_time":"2024-07-30T22:03:51+00:00","og_image":[{"width":760,"height":760,"url":"https:\/\/cheri-heater.com\/tr\/wp-content\/uploads\/2024\/06\/\u5fae\u4fe1\u56fe\u7247_202303061512584.jpg","type":"image\/jpeg"}],"twitter_card":"summary_large_image","twitter_misc":{"Est. reading time":"2 minutes"},"schema":{"@context":"https:\/\/schema.org","@graph":[{"@type":"WebPage","@id":"https:\/\/cheri-heater.com\/tr\/product\/kejtn-type-thermocouple\/","url":"https:\/\/cheri-heater.com\/tr\/product\/kejtn-type-thermocouple\/","name":"En \u0130yi K E J T N Tipi Termokupllar | Cheri-heater.com","isPartOf":{"@id":"https:\/\/cheri-heater.com\/tr\/#website"},"primaryImageOfPage":{"@id":"https:\/\/cheri-heater.com\/tr\/product\/kejtn-type-thermocouple\/#primaryimage"},"image":{"@id":"https:\/\/cheri-heater.com\/tr\/product\/kejtn-type-thermocouple\/#primaryimage"},"thumbnailUrl":"https:\/\/cheri-heater.com\/tr\/wp-content\/uploads\/2024\/06\/\u5fae\u4fe1\u56fe\u7247_202303061512584.jpg","datePublished":"2024-06-05T17:08:06+00:00","dateModified":"2024-07-30T22:03:51+00:00","description":"\u00c7e\u015fitli uygulamalar i\u00e7in hassas s\u0131cakl\u0131k \u00f6l\u00e7\u00fcm\u00fc sa\u011flayan K, E, J, T ve N tipleri dahil olmak \u00fczere \u00e7ok y\u00f6nl\u00fc termokupl \u00e7e\u015fitlerimizi ke\u015ffedin. Do\u011fru okumalar ve g\u00fcvenilir performans i\u00e7in kaliteli termokupllar\u0131m\u0131za g\u00fcvenin. \u015eimdi g\u00f6z at\u0131n!","breadcrumb":{"@id":"https:\/\/cheri-heater.com\/tr\/product\/kejtn-type-thermocouple\/#breadcrumb"},"inLanguage":"en-US","potentialAction":[{"@type":"ReadAction","target":["https:\/\/cheri-heater.com\/tr\/product\/kejtn-type-thermocouple\/"]}]},{"@type":"ImageObject","inLanguage":"en-US","@id":"https:\/\/cheri-heater.com\/tr\/product\/kejtn-type-thermocouple\/#primaryimage","url":"https:\/\/cheri-heater.com\/tr\/wp-content\/uploads\/2024\/06\/\u5fae\u4fe1\u56fe\u7247_202303061512584.jpg","contentUrl":"https:\/\/cheri-heater.com\/tr\/wp-content\/uploads\/2024\/06\/\u5fae\u4fe1\u56fe\u7247_202303061512584.jpg","width":760,"height":760},{"@type":"BreadcrumbList","@id":"https:\/\/cheri-heater.com\/tr\/product\/kejtn-type-thermocouple\/#breadcrumb","itemListElement":[{"@type":"ListItem","position":1,"name":"Home","item":"https:\/\/cheri-heater.com\/tr\/"},{"@type":"ListItem","position":2,"name":"Products","item":"https:\/\/cheri-heater.com\/tr\/products\/"},{"@type":"ListItem","position":3,"name":"K E J T N Tipi Termokupllar"}]},{"@type":"WebSite","@id":"https:\/\/cheri-heater.com\/tr\/#website","url":"https:\/\/cheri-heater.com\/tr\/","name":"Cheri Heater Technology Co.,Ltd.","description":"","publisher":{"@id":"https:\/\/cheri-heater.com\/tr\/#organization"},"potentialAction":[{"@type":"SearchAction","target":{"@type":"EntryPoint","urlTemplate":"https:\/\/cheri-heater.com\/tr\/?s={search_term_string}"},"query-input":{"@type":"PropertyValueSpecification","valueRequired":true,"valueName":"search_term_string"}}],"inLanguage":"en-US"},{"@type":"Organization","@id":"https:\/\/cheri-heater.com\/tr\/#organization","name":"Cheri Heater Technology Co.,Ltd.","url":"https:\/\/cheri-heater.com\/tr\/","logo":{"@type":"ImageObject","inLanguage":"en-US","@id":"https:\/\/cheri-heater.com\/tr\/#\/schema\/logo\/image\/","url":"https:\/\/cheri-heater.com\/tr\/wp-content\/uploads\/2024\/06\/cropped-logo-resize.png","contentUrl":"https:\/\/cheri-heater.com\/tr\/wp-content\/uploads\/2024\/06\/cropped-logo-resize.png","width":346,"height":99,"caption":"Cheri Heater Technology Co.,Ltd."},"image":{"@id":"https:\/\/cheri-heater.com\/tr\/#\/schema\/logo\/image\/"}}]}},"_links":{"self":[{"href":"https:\/\/cheri-heater.com\/tr\/wp-json\/wp\/v2\/product\/1082","targetHints":{"allow":["GET"]}}],"collection":[{"href":"https:\/\/cheri-heater.com\/tr\/wp-json\/wp\/v2\/product"}],"about":[{"href":"https:\/\/cheri-heater.com\/tr\/wp-json\/wp\/v2\/types\/product"}],"wp:featuredmedia":[{"embeddable":true,"href":"https:\/\/cheri-heater.com\/tr\/wp-json\/wp\/v2\/media\/1086"}],"wp:attachment":[{"href":"https:\/\/cheri-heater.com\/tr\/wp-json\/wp\/v2\/media?parent=1082"}],"wp:term":[{"taxonomy":"product_brand","embeddable":true,"href":"https:\/\/cheri-heater.com\/tr\/wp-json\/wp\/v2\/product_brand?post=1082"},{"taxonomy":"product_cat","embeddable":true,"href":"https:\/\/cheri-heater.com\/tr\/wp-json\/wp\/v2\/product_cat?post=1082"},{"taxonomy":"product_tag","embeddable":true,"href":"https:\/\/cheri-heater.com\/tr\/wp-json\/wp\/v2\/product_tag?post=1082"}],"curies":[{"name":"wp","href":"https:\/\/api.w.org\/{rel}","templated":true}]}}