{"id":1097,"date":"2024-06-05T17:08:13","date_gmt":"2024-06-05T17:08:13","guid":{"rendered":"https:\/\/cheri-heater.com\/tr\/?post_type=product&#038;p=1097"},"modified":"2024-07-30T22:02:32","modified_gmt":"2024-07-30T22:02:32","slug":"rtd-sensor","status":"publish","type":"product","link":"https:\/\/cheri-heater.com\/tr\/product\/rtd-sensor\/","title":{"rendered":"RTD Sens\u00f6r\u00fc"},"content":{"rendered":"<p>Diren\u00e7li S\u0131cakl\u0131k Dedekt\u00f6rleri (RTD&#8217;ler), s\u0131cakl\u0131k de\u011fi\u015ftik\u00e7e diren\u00e7 de\u011ferini de\u011fi\u015ftiren bir diren\u00e7 i\u00e7eren s\u0131cakl\u0131k sens\u00f6rleridir. Laboratuvar ve end\u00fcstriyel s\u00fcre\u00e7lerde s\u0131cakl\u0131\u011f\u0131 \u00f6l\u00e7mek i\u00e7in uzun y\u0131llard\u0131r kullan\u0131lmaktad\u0131rlar ve do\u011fruluk, tekrar edilebilirlik ve kararl\u0131l\u0131k a\u00e7\u0131s\u0131ndan iyi bir \u00fcne sahiptirler. RTD&#8217;ler, en do\u011fru s\u0131cakl\u0131k sens\u00f6rlerinden biridir. Yaln\u0131zca iyi bir do\u011fruluk sa\u011flamakla kalmaz, ayn\u0131 zamanda m\u00fckemmel kararl\u0131l\u0131k ve tekrar edebilirlik de sunar. RTD&#8217;ler, elektriksel g\u00fcr\u00fclt\u00fcye kar\u015f\u0131 nispeten ba\u011f\u0131\u015f\u0131k olduklar\u0131ndan, \u00f6zellikle motorlar, jenerat\u00f6rler ve di\u011fer y\u00fcksek voltajl\u0131 ekipmanlar\u0131n etraf\u0131ndaki end\u00fcstriyel ortamlarda s\u0131cakl\u0131k \u00f6l\u00e7\u00fcm\u00fc i\u00e7in uygundur.<\/p>\n","protected":false},"excerpt":{"rendered":"<p>Diren\u00e7li S\u0131cakl\u0131k Dedekt\u00f6rleri (RTD&#8217;ler), s\u0131cakl\u0131k de\u011fi\u015ftik\u00e7e diren\u00e7 de\u011ferini de\u011fi\u015ftiren bir diren\u00e7 i\u00e7eren s\u0131cakl\u0131k sens\u00f6rleridir. Laboratuvar ve end\u00fcstriyel s\u00fcre\u00e7lerde s\u0131cakl\u0131\u011f\u0131 \u00f6l\u00e7mek i\u00e7in uzun y\u0131llard\u0131r kullan\u0131lmaktad\u0131rlar ve do\u011fruluk, tekrar edilebilirlik ve kararl\u0131l\u0131k a\u00e7\u0131s\u0131ndan iyi bir \u00fcne sahiptirler. RTD&#8217;ler, en do\u011fru s\u0131cakl\u0131k sens\u00f6rlerinden biridir. Yaln\u0131zca iyi bir do\u011fruluk sa\u011flamakla kalmaz, ayn\u0131 zamanda m\u00fckemmel kararl\u0131l\u0131k ve tekrar edebilirlik de [&hellip;]<\/p>\n","protected":false},"featured_media":1101,"template":"","meta":[],"product_brand":[],"product_cat":[27],"product_tag":[161],"class_list":{"0":"post-1097","1":"product","2":"type-product","3":"status-publish","4":"has-post-thumbnail","6":"product_cat-thermocouple","7":"product_tag-rtd-sensor","9":"first","10":"instock","11":"shipping-taxable","12":"product-type-simple"},"yoast_head":"<!-- This site is optimized with the Yoast SEO plugin v27.3 - https:\/\/yoast.com\/product\/yoast-seo-wordpress\/ -->\n<title>\u00d6nde Gelen RTD Sens\u00f6r \u00dcreticileri | Cheri-heater.com<\/title>\n<meta name=\"description\" content=\"G\u00fcvenilir bir \u00fcreticiden hassas s\u0131cakl\u0131k \u00f6l\u00e7\u00fcm \u00e7\u00f6z\u00fcmleri i\u00e7in en kaliteli RTD sens\u00f6rlerini bulun. \u00c7e\u015fitli end\u00fcstrilerde do\u011fruluk ve dayan\u0131kl\u0131l\u0131k i\u00e7in tasarlanm\u0131\u015f g\u00fcvenilir RTD sens\u00f6rlerimizi ke\u015ffedin. S\u0131cakl\u0131k \u00f6l\u00e7\u00fcm ihtiya\u00e7lar\u0131n\u0131z i\u00e7in bug\u00fcn bizimle ileti\u015fime ge\u00e7in!\" \/>\n<meta name=\"robots\" content=\"index, follow, max-snippet:-1, max-image-preview:large, max-video-preview:-1\" \/>\n<link rel=\"canonical\" href=\"https:\/\/cheri-heater.com\/tr\/product\/rtd-sensor\/\" \/>\n<meta property=\"og:locale\" content=\"en_US\" \/>\n<meta property=\"og:type\" content=\"article\" \/>\n<meta property=\"og:title\" content=\"\u00d6nde Gelen RTD Sens\u00f6r \u00dcreticileri | Cheri-heater.com\" \/>\n<meta property=\"og:description\" content=\"G\u00fcvenilir bir \u00fcreticiden hassas s\u0131cakl\u0131k \u00f6l\u00e7\u00fcm \u00e7\u00f6z\u00fcmleri i\u00e7in en kaliteli RTD sens\u00f6rlerini bulun. \u00c7e\u015fitli end\u00fcstrilerde do\u011fruluk ve dayan\u0131kl\u0131l\u0131k i\u00e7in tasarlanm\u0131\u015f g\u00fcvenilir RTD sens\u00f6rlerimizi ke\u015ffedin. S\u0131cakl\u0131k \u00f6l\u00e7\u00fcm ihtiya\u00e7lar\u0131n\u0131z i\u00e7in bug\u00fcn bizimle ileti\u015fime ge\u00e7in!\" \/>\n<meta property=\"og:url\" content=\"https:\/\/cheri-heater.com\/tr\/product\/rtd-sensor\/\" \/>\n<meta property=\"og:site_name\" content=\"Cheri Heater Technology Co.,Ltd.\" \/>\n<meta property=\"article:modified_time\" content=\"2024-07-30T22:02:32+00:00\" \/>\n<meta property=\"og:image\" content=\"https:\/\/cheri-heater.com\/tr\/wp-content\/uploads\/2024\/06\/\u5fae\u4fe1\u56fe\u7247_20230221123322.jpg\" \/>\n\t<meta property=\"og:image:width\" content=\"973\" \/>\n\t<meta property=\"og:image:height\" content=\"760\" \/>\n\t<meta property=\"og:image:type\" content=\"image\/jpeg\" \/>\n<meta name=\"twitter:card\" content=\"summary_large_image\" \/>\n<meta name=\"twitter:label1\" content=\"Est. reading time\" \/>\n\t<meta name=\"twitter:data1\" content=\"1 minute\" \/>\n<!-- \/ Yoast SEO plugin. -->","yoast_head_json":{"title":"\u00d6nde Gelen RTD Sens\u00f6r \u00dcreticileri | Cheri-heater.com","description":"G\u00fcvenilir bir \u00fcreticiden hassas s\u0131cakl\u0131k \u00f6l\u00e7\u00fcm \u00e7\u00f6z\u00fcmleri i\u00e7in en kaliteli RTD sens\u00f6rlerini bulun. \u00c7e\u015fitli end\u00fcstrilerde do\u011fruluk ve dayan\u0131kl\u0131l\u0131k i\u00e7in tasarlanm\u0131\u015f g\u00fcvenilir RTD sens\u00f6rlerimizi ke\u015ffedin. S\u0131cakl\u0131k \u00f6l\u00e7\u00fcm ihtiya\u00e7lar\u0131n\u0131z i\u00e7in bug\u00fcn bizimle ileti\u015fime ge\u00e7in!","robots":{"index":"index","follow":"follow","max-snippet":"max-snippet:-1","max-image-preview":"max-image-preview:large","max-video-preview":"max-video-preview:-1"},"canonical":"https:\/\/cheri-heater.com\/tr\/product\/rtd-sensor\/","og_locale":"en_US","og_type":"article","og_title":"\u00d6nde Gelen RTD Sens\u00f6r \u00dcreticileri | Cheri-heater.com","og_description":"G\u00fcvenilir bir \u00fcreticiden hassas s\u0131cakl\u0131k \u00f6l\u00e7\u00fcm \u00e7\u00f6z\u00fcmleri i\u00e7in en kaliteli RTD sens\u00f6rlerini bulun. \u00c7e\u015fitli end\u00fcstrilerde do\u011fruluk ve dayan\u0131kl\u0131l\u0131k i\u00e7in tasarlanm\u0131\u015f g\u00fcvenilir RTD sens\u00f6rlerimizi ke\u015ffedin. S\u0131cakl\u0131k \u00f6l\u00e7\u00fcm ihtiya\u00e7lar\u0131n\u0131z i\u00e7in bug\u00fcn bizimle ileti\u015fime ge\u00e7in!","og_url":"https:\/\/cheri-heater.com\/tr\/product\/rtd-sensor\/","og_site_name":"Cheri Heater Technology Co.,Ltd.","article_modified_time":"2024-07-30T22:02:32+00:00","og_image":[{"width":973,"height":760,"url":"https:\/\/cheri-heater.com\/tr\/wp-content\/uploads\/2024\/06\/\u5fae\u4fe1\u56fe\u7247_20230221123322.jpg","type":"image\/jpeg"}],"twitter_card":"summary_large_image","twitter_misc":{"Est. reading time":"1 minute"},"schema":{"@context":"https:\/\/schema.org","@graph":[{"@type":"WebPage","@id":"https:\/\/cheri-heater.com\/tr\/product\/rtd-sensor\/","url":"https:\/\/cheri-heater.com\/tr\/product\/rtd-sensor\/","name":"\u00d6nde Gelen RTD Sens\u00f6r \u00dcreticileri | Cheri-heater.com","isPartOf":{"@id":"https:\/\/cheri-heater.com\/tr\/#website"},"primaryImageOfPage":{"@id":"https:\/\/cheri-heater.com\/tr\/product\/rtd-sensor\/#primaryimage"},"image":{"@id":"https:\/\/cheri-heater.com\/tr\/product\/rtd-sensor\/#primaryimage"},"thumbnailUrl":"https:\/\/cheri-heater.com\/tr\/wp-content\/uploads\/2024\/06\/\u5fae\u4fe1\u56fe\u7247_20230221123322.jpg","datePublished":"2024-06-05T17:08:13+00:00","dateModified":"2024-07-30T22:02:32+00:00","description":"G\u00fcvenilir bir \u00fcreticiden hassas s\u0131cakl\u0131k \u00f6l\u00e7\u00fcm \u00e7\u00f6z\u00fcmleri i\u00e7in en kaliteli RTD sens\u00f6rlerini bulun. \u00c7e\u015fitli end\u00fcstrilerde do\u011fruluk ve dayan\u0131kl\u0131l\u0131k i\u00e7in tasarlanm\u0131\u015f g\u00fcvenilir RTD sens\u00f6rlerimizi ke\u015ffedin. S\u0131cakl\u0131k \u00f6l\u00e7\u00fcm ihtiya\u00e7lar\u0131n\u0131z i\u00e7in bug\u00fcn bizimle ileti\u015fime ge\u00e7in!","breadcrumb":{"@id":"https:\/\/cheri-heater.com\/tr\/product\/rtd-sensor\/#breadcrumb"},"inLanguage":"en-US","potentialAction":[{"@type":"ReadAction","target":["https:\/\/cheri-heater.com\/tr\/product\/rtd-sensor\/"]}]},{"@type":"ImageObject","inLanguage":"en-US","@id":"https:\/\/cheri-heater.com\/tr\/product\/rtd-sensor\/#primaryimage","url":"https:\/\/cheri-heater.com\/tr\/wp-content\/uploads\/2024\/06\/\u5fae\u4fe1\u56fe\u7247_20230221123322.jpg","contentUrl":"https:\/\/cheri-heater.com\/tr\/wp-content\/uploads\/2024\/06\/\u5fae\u4fe1\u56fe\u7247_20230221123322.jpg","width":973,"height":760},{"@type":"BreadcrumbList","@id":"https:\/\/cheri-heater.com\/tr\/product\/rtd-sensor\/#breadcrumb","itemListElement":[{"@type":"ListItem","position":1,"name":"Home","item":"https:\/\/cheri-heater.com\/tr\/"},{"@type":"ListItem","position":2,"name":"Products","item":"https:\/\/cheri-heater.com\/tr\/products\/"},{"@type":"ListItem","position":3,"name":"RTD Sens\u00f6r\u00fc"}]},{"@type":"WebSite","@id":"https:\/\/cheri-heater.com\/tr\/#website","url":"https:\/\/cheri-heater.com\/tr\/","name":"Cheri Heater Technology Co.,Ltd.","description":"","publisher":{"@id":"https:\/\/cheri-heater.com\/tr\/#organization"},"potentialAction":[{"@type":"SearchAction","target":{"@type":"EntryPoint","urlTemplate":"https:\/\/cheri-heater.com\/tr\/?s={search_term_string}"},"query-input":{"@type":"PropertyValueSpecification","valueRequired":true,"valueName":"search_term_string"}}],"inLanguage":"en-US"},{"@type":"Organization","@id":"https:\/\/cheri-heater.com\/tr\/#organization","name":"Cheri Heater Technology Co.,Ltd.","url":"https:\/\/cheri-heater.com\/tr\/","logo":{"@type":"ImageObject","inLanguage":"en-US","@id":"https:\/\/cheri-heater.com\/tr\/#\/schema\/logo\/image\/","url":"https:\/\/cheri-heater.com\/tr\/wp-content\/uploads\/2024\/06\/cropped-logo-resize.png","contentUrl":"https:\/\/cheri-heater.com\/tr\/wp-content\/uploads\/2024\/06\/cropped-logo-resize.png","width":346,"height":99,"caption":"Cheri Heater Technology Co.,Ltd."},"image":{"@id":"https:\/\/cheri-heater.com\/tr\/#\/schema\/logo\/image\/"}}]}},"_links":{"self":[{"href":"https:\/\/cheri-heater.com\/tr\/wp-json\/wp\/v2\/product\/1097","targetHints":{"allow":["GET"]}}],"collection":[{"href":"https:\/\/cheri-heater.com\/tr\/wp-json\/wp\/v2\/product"}],"about":[{"href":"https:\/\/cheri-heater.com\/tr\/wp-json\/wp\/v2\/types\/product"}],"wp:featuredmedia":[{"embeddable":true,"href":"https:\/\/cheri-heater.com\/tr\/wp-json\/wp\/v2\/media\/1101"}],"wp:attachment":[{"href":"https:\/\/cheri-heater.com\/tr\/wp-json\/wp\/v2\/media?parent=1097"}],"wp:term":[{"taxonomy":"product_brand","embeddable":true,"href":"https:\/\/cheri-heater.com\/tr\/wp-json\/wp\/v2\/product_brand?post=1097"},{"taxonomy":"product_cat","embeddable":true,"href":"https:\/\/cheri-heater.com\/tr\/wp-json\/wp\/v2\/product_cat?post=1097"},{"taxonomy":"product_tag","embeddable":true,"href":"https:\/\/cheri-heater.com\/tr\/wp-json\/wp\/v2\/product_tag?post=1097"}],"curies":[{"name":"wp","href":"https:\/\/api.w.org\/{rel}","templated":true}]}}