{"id":1124,"date":"2024-06-05T17:16:39","date_gmt":"2024-06-05T17:16:39","guid":{"rendered":"https:\/\/cheri-heater.com\/tr\/?post_type=product&#038;p=1124"},"modified":"2024-07-30T21:57:44","modified_gmt":"2024-07-30T21:57:44","slug":"ceramic-radiant-tube-heater","status":"publish","type":"product","link":"https:\/\/cheri-heater.com\/tr\/product\/ceramic-radiant-tube-heater\/","title":{"rendered":"Seramik Radyant Boru Is\u0131t\u0131c\u0131lar\u0131"},"content":{"rendered":"<h4 class=\"western\"><span style=\"font-family: Helvetica, Arial, sans-serif;\"><span style=\"font-size: medium;\"><b><span style=\"color: #333333;\">Sekt\u00f6re \u00d6zel Nitelikler<\/span><\/b><\/span><\/span><\/h4>\n<p class=\"western\" align=\"left\"><span style=\"font-family: Helvetica, Arial, sans-serif;\"><span style=\"font-size: medium;\"><span style=\"color: #222222;\">T\u00fcr<\/span><\/span><\/span><\/p>\n<p class=\"western\" align=\"left\"><span style=\"font-family: Helvetica, Arial, sans-serif;\"><span style=\"font-size: medium;\"><span style=\"color: #222222;\">Hava Is\u0131t\u0131c\u0131<\/span><\/span><\/span><\/p>\n<p class=\"western\" align=\"left\"><span style=\"font-family: Helvetica, Arial, sans-serif;\"><span style=\"font-size: medium;\"><span style=\"color: #222222;\">G\u00fc\u00e7 Kayna\u011f\u0131<\/span><\/span><\/span><\/p>\n<p class=\"western\" align=\"left\"><span style=\"font-family: Helvetica, Arial, sans-serif;\"><span style=\"font-size: medium;\"><span style=\"color: #222222;\">Elektrik<\/span><\/span><\/span><\/p>\n<p class=\"western\" align=\"left\"><span style=\"font-family: Helvetica, Arial, sans-serif;\"><span style=\"font-size: medium;\"><span style=\"color: #222222;\">Voltaj<\/span><\/span><\/span><\/p>\n<p class=\"western\" align=\"left\"><span style=\"font-family: Helvetica, Arial, sans-serif;\"><span style=\"font-size: medium;\"><span style=\"color: #222222;\">\u00d6zelle\u015ftirilebilir<\/span><\/span><\/span><\/p>\n<h4 class=\"western\"><span style=\"font-family: Helvetica, Arial, sans-serif;\"><span style=\"font-size: medium;\"><b><span style=\"color: #333333;\">Di\u011fer \u00d6zellikler<\/span><\/b><\/span><\/span><\/h4>\n<p class=\"western\" align=\"left\"><span style=\"font-family: Helvetica, Arial, sans-serif;\"><span style=\"font-size: medium;\"><span style=\"color: #222222;\">Uygulanabilir End\u00fcstriler<\/span><\/span><\/span><\/p>\n<p class=\"western\" align=\"left\"><span style=\"font-family: Helvetica, Arial, sans-serif;\"><span style=\"font-size: medium;\"><span style=\"color: #222222;\">G\u0131da ve \u0130\u00e7ecek Fabrikas\u0131, Di\u011fer<\/span><\/span><\/span><\/p>\n<p class=\"western\" align=\"left\"><span style=\"font-family: Helvetica, Arial, sans-serif;\"><span style=\"font-size: medium;\"><span style=\"color: #222222;\">Men\u015fei<\/span><\/span><\/span><\/p>\n<p class=\"western\" align=\"left\"><span style=\"font-family: Helvetica, Arial, sans-serif;\"><span style=\"font-size: medium;\"><span style=\"color: #222222;\">Jiangsu, \u00c7in<\/span><\/span><\/span><\/p>\n<p class=\"western\" align=\"left\"><span style=\"font-family: Helvetica, Arial, sans-serif;\"><span style=\"font-size: medium;\"><span style=\"color: #222222;\">A\u011f\u0131rl\u0131k<\/span><\/span><\/span><\/p>\n<p class=\"western\" align=\"left\"><span style=\"font-family: Helvetica, Arial, sans-serif;\"><span style=\"font-size: medium;\"><span style=\"color: #222222;\">2.5 KG<\/span><\/span><\/span><\/p>\n<p class=\"western\" align=\"left\"><span style=\"font-family: Helvetica, Arial, sans-serif;\"><span style=\"font-size: medium;\"><span style=\"color: #222222;\">Garanti<\/span><\/span><\/span><\/p>\n<p class=\"western\" align=\"left\"><span style=\"font-family: Helvetica, Arial, sans-serif;\"><span style=\"font-size: medium;\"><span style=\"color: #222222;\">1 Y\u0131l<\/span><\/span><\/span><\/p>\n<p class=\"western\" align=\"left\"><span style=\"font-family: Helvetica, Arial, sans-serif;\"><span style=\"font-size: medium;\"><span style=\"color: #222222;\">Malzeme<\/span><\/span><\/span><\/p>\n<p class=\"western\" align=\"left\"><span style=\"font-family: Helvetica, Arial, sans-serif;\"><span style=\"font-size: medium;\"><span style=\"color: #222222;\">Di\u011fer<\/span><\/span><\/span><\/p>\n<p class=\"western\" align=\"left\"><span style=\"font-family: Helvetica, Arial, sans-serif;\"><span style=\"font-size: medium;\"><span style=\"color: #222222;\">Ana Sat\u0131\u015f Noktalar\u0131<\/span><\/span><\/span><\/p>\n<p class=\"western\" align=\"left\"><span style=\"font-family: Helvetica, Arial, sans-serif;\"><span style=\"font-size: medium;\"><span style=\"color: #222222;\">Enerji Tasarrufu<\/span><\/span><\/span><\/p>\n<p class=\"western\" align=\"left\"><span style=\"font-family: Helvetica, Arial, sans-serif;\"><span style=\"font-size: medium;\"><span style=\"color: #222222;\">Durum<\/span><\/span><\/span><\/p>\n<p class=\"western\" align=\"left\"><span style=\"font-family: Helvetica, Arial, sans-serif;\"><span style=\"font-size: medium;\"><span style=\"color: #222222;\">Yeni<\/span><\/span><\/span><\/p>\n<p class=\"western\" align=\"left\"><span style=\"font-family: Helvetica, Arial, sans-serif;\"><span style=\"font-size: medium;\"><span style=\"color: #222222;\">Marka Ad\u0131<\/span><\/span><\/span><\/p>\n<p class=\"western\" align=\"left\"><span style=\"font-family: Helvetica, Arial, sans-serif;\"><span style=\"font-size: medium;\"><span style=\"color: #222222;\">Cheri<\/span><\/span><\/span><\/p>\n<p class=\"western\" align=\"left\"><span style=\"font-family: Helvetica, Arial, sans-serif;\"><span style=\"font-size: medium;\"><span style=\"color: #222222;\">\u00c7al\u0131\u015fma S\u0131cakl\u0131k Aral\u0131\u011f\u0131<\/span><\/span><\/span><\/p>\n<p class=\"western\" align=\"left\"><span style=\"font-family: Helvetica, Arial, sans-serif;\"><span style=\"font-size: medium;\"><span style=\"color: #222222;\">1 &#8211; 1200 \u2103<\/span><\/span><\/span><\/p>\n<p class=\"western\" align=\"left\"><span style=\"font-family: Helvetica, Arial, sans-serif;\"><span style=\"font-size: medium;\"><span style=\"color: #222222;\">\u00c7ekirdek Bile\u015fenlerin Garantisi<\/span><\/span><\/span><\/p>\n<p class=\"western\" align=\"left\"><span style=\"font-family: Helvetica, Arial, sans-serif;\"><span style=\"font-size: medium;\"><span style=\"color: #222222;\">1 Y\u0131l<\/span><\/span><\/span><\/p>\n<p class=\"western\" align=\"left\"><span style=\"font-family: Helvetica, Arial, sans-serif;\"><span style=\"font-size: medium;\"><span style=\"color: #222222;\">\u00c7ekirdek Bile\u015fenler<\/span><\/span><\/span><\/p>\n<p class=\"western\" align=\"left\"><span style=\"font-family: Helvetica, Arial, sans-serif;\"><span style=\"font-size: medium;\"><span style=\"color: #222222;\">Motor<\/span><\/span><\/span><\/p>\n<p class=\"western\" align=\"left\"><span style=\"font-family: Helvetica, Arial, sans-serif;\"><span style=\"font-size: medium;\"><span style=\"color: #222222;\">Makine Test Raporu<\/span><\/span><\/span><\/p>\n<p class=\"western\" align=\"left\"><span style=\"font-family: Helvetica, Arial, sans-serif;\"><span style=\"font-size: medium;\"><span style=\"color: #222222;\">Sa\u011fland\u0131<\/span><\/span><\/span><\/p>\n<p class=\"western\" align=\"left\"><span style=\"font-family: Helvetica, Arial, sans-serif;\"><span style=\"font-size: medium;\"><span style=\"color: #222222;\">Video \u00c7\u0131k\u0131\u015f \u0130ncelemesi<\/span><\/span><\/span><\/p>\n<p class=\"western\" align=\"left\"><span style=\"font-family: Helvetica, Arial, sans-serif;\"><span style=\"font-size: medium;\"><span style=\"color: #222222;\">Sa\u011fland\u0131<\/span><\/span><\/span><\/p>\n<p class=\"western\" align=\"left\"><span style=\"font-family: Helvetica, Arial, sans-serif;\"><span style=\"font-size: medium;\"><span style=\"color: #222222;\">\u00c7al\u0131\u015fma S\u0131cakl\u0131\u011f\u0131<\/span><\/span><\/span><\/p>\n<p class=\"western\" align=\"left\"><span style=\"font-family: Helvetica, Arial, sans-serif;\"><span style=\"font-size: medium;\"><span style=\"color: #222222;\">1250<\/span><\/span><\/span><\/p>\n<p class=\"western\" align=\"left\"><span style=\"font-family: Helvetica, Arial, sans-serif;\"><span style=\"font-size: medium;\"><span style=\"color: #222222;\">Is\u0131tma Eleman\u0131<\/span><\/span><\/span><\/p>\n<p class=\"western\" align=\"left\"><span style=\"font-family: Helvetica, Arial, sans-serif;\"><span style=\"font-size: medium;\"><span style=\"color: #222222;\">Radyant T\u00fcp Is\u0131t\u0131c\u0131<\/span><\/span><\/span><\/p>\n<p class=\"western\" align=\"left\"><span style=\"font-family: Helvetica, Arial, sans-serif;\"><span style=\"font-size: medium;\"><span style=\"color: #222222;\">Is\u0131tma Teli<\/span><\/span><\/span><\/p>\n<p class=\"western\" align=\"left\"><span style=\"font-family: Helvetica, Arial, sans-serif;\"><span style=\"font-size: medium;\"><span style=\"color: #222222;\">Is\u0131tma Teli<\/span><\/span><\/span><\/p>\n<p class=\"western\" align=\"left\"><span style=\"font-family: Helvetica, Arial, sans-serif;\"><span style=\"font-size: medium;\"><span style=\"color: #222222;\">Voltaj<\/span><\/span><\/span><\/p>\n<p class=\"western\" align=\"left\"><span style=\"font-family: Helvetica, Arial, sans-serif;\"><span style=\"font-size: medium;\"><span style=\"color: #222222;\">30v ile 380v (\u00f6zelle\u015ftirilebilir)<\/span><\/span><\/span><\/p>\n<p class=\"western\" align=\"left\"><span style=\"font-family: Helvetica, Arial, sans-serif;\"><span style=\"font-size: medium;\"><span style=\"color: #222222;\">T\u00fcr<\/span><\/span><\/span><\/p>\n<p class=\"western\" align=\"left\"><span style=\"font-family: Helvetica, Arial, sans-serif;\"><span style=\"font-size: medium;\"><span style=\"color: #222222;\">Hava Is\u0131t\u0131c\u0131<\/span><\/span><\/span><\/p>\n<p class=\"western\" align=\"left\"><span style=\"font-family: Helvetica, Arial, sans-serif;\"><span style=\"font-size: medium;\"><span style=\"color: #222222;\">Is\u0131t\u0131c\u0131<\/span><\/span><\/span><\/p>\n<p class=\"western\" align=\"left\"><span style=\"font-family: Helvetica, Arial, sans-serif;\"><span style=\"font-size: medium;\"><span style=\"color: #222222;\">F\u0131r\u0131n Is\u0131t\u0131c\u0131<\/span><\/span><\/span><\/p>\n<p class=\"western\" align=\"left\"><span style=\"font-family: Helvetica, Arial, sans-serif;\"><span style=\"font-size: medium;\"><span style=\"color: #222222;\">Yal\u0131tkan<\/span><\/span><\/span><\/p>\n<p class=\"western\" align=\"left\"><span style=\"font-family: Helvetica, Arial, sans-serif;\"><span style=\"font-size: medium;\"><span style=\"color: #222222;\">Pahal\u0131 Seramik<\/span><\/span><\/span><\/p>\n<p class=\"western\" align=\"left\"><span style=\"font-family: Helvetica, Arial, sans-serif;\"><span style=\"font-size: medium;\"><span style=\"color: #222222;\">\u00c7al\u0131\u015fma S\u00fcreci<\/span><\/span><\/span><\/p>\n<p class=\"western\" align=\"left\"><span style=\"font-family: Helvetica, Arial, sans-serif;\"><span style=\"font-size: medium;\"><span style=\"color: #222222;\">Is\u0131 Radyasyonu<\/span><\/span><\/span><\/p>\n<p class=\"western\" align=\"left\"><span style=\"font-family: \u5b8b\u4f53;\"><span style=\"font-size: large;\"><b><span style=\"color: #333333;\">Gaz karbonlama i\u00e7in kullan\u0131l\u0131r ve seramik lif kaplamal\u0131 f\u0131r\u0131nlar ve genel ama\u00e7l\u0131 f\u0131r\u0131nlar i\u00e7in montaj ve de\u011fi\u015fim kolayl\u0131\u011f\u0131 sa\u011flar.<\/span><\/b><\/span><\/span><\/p>\n<p class=\"western\" align=\"left\"><span style=\"font-family: Helvetica, Arial, sans-serif;\"><span style=\"font-size: small;\"><span lang=\"en-US\"><b><span style=\"color: #333333;\">Uygulama : Hava, Ekzotermik gaz, NX gaz\u0131, Karbonlama ve Parti tipi f\u0131r\u0131n<br \/>\nMontaj : Boylamas\u0131na ve enlemesine y\u00f6nler<br \/>\nRadyant t\u00fcp malzemesi : SUS310s, Santrif\u00fcj d\u00f6k\u00fcm t\u00fcp, SiC t\u00fcp, vb.<\/span><\/b><\/span><\/span><\/span><\/p>\n<table width=\"750\" cellspacing=\"0\" cellpadding=\"0\">\n<tbody>\n<tr valign=\"top\">\n<td width=\"418\">\n<p class=\"western\" align=\"left\"><span style=\"font-size: small;\"><span style=\"font-family: \u5b8b\u4f53;\">Yal\u0131t\u0131m<\/span><\/span><\/p>\n<\/td>\n<td width=\"330\">\n<p class=\"western\" align=\"left\"><span style=\"font-size: small;\"><span style=\"font-family: \u5b8b\u4f53;\">Al\u00fcmina Seramik<\/span><\/span><\/p>\n<\/td>\n<\/tr>\n<tr valign=\"top\">\n<td width=\"418\">\n<p class=\"western\" align=\"left\"><span style=\"font-size: small;\"><span style=\"font-family: \u5b8b\u4f53;\">D\u0131\u015f \u00c7ap<\/span><\/span><\/p>\n<\/td>\n<td width=\"330\">\n<p class=\"western\" align=\"left\"><span style=\"font-size: small;\"><span style=\"font-family: \u5b8b\u4f53;\">40mm &#8211; 350mm<\/span><\/span><\/p>\n<\/td>\n<\/tr>\n<tr valign=\"top\">\n<td width=\"418\">\n<p class=\"western\" align=\"left\"><span style=\"font-size: small;\"><span style=\"font-family: \u5b8b\u4f53;\">Is\u0131tma Uzunlu\u011fu<\/span><\/span><\/p>\n<\/td>\n<td width=\"330\">\n<p class=\"western\" align=\"left\"><span style=\"font-size: small;\"><span style=\"font-family: \u5b8b\u4f53;\">420mm &#8211; 3600mm<\/span><\/span><\/p>\n<\/td>\n<\/tr>\n<tr valign=\"top\">\n<td width=\"418\">\n<p class=\"western\" align=\"left\"><span style=\"font-size: small;\"><span style=\"font-family: \u5b8b\u4f53;\">Maksimum S\u0131cakl\u0131k<\/span><\/span><\/p>\n<\/td>\n<td width=\"330\">\n<p class=\"western\" align=\"left\"><span style=\"font-size: small;\"><span style=\"font-family: \u5b8b\u4f53;\">+1300\u2103<\/span><\/span><\/p>\n<\/td>\n<\/tr>\n<tr valign=\"top\">\n<td width=\"418\">\n<p class=\"western\" align=\"left\"><span style=\"font-size: small;\"><span style=\"font-family: \u5b8b\u4f53;\">G\u00fc\u00e7<\/span><\/span><\/p>\n<\/td>\n<td width=\"330\">\n<p class=\"western\" align=\"left\"><span style=\"font-size: small;\"><span style=\"font-family: \u5b8b\u4f53;\">\u00d6zelle\u015ftirilebilir<\/span><\/span><\/p>\n<\/td>\n<\/tr>\n<tr valign=\"top\">\n<td width=\"418\">\n<p class=\"western\" align=\"left\"><span style=\"font-size: small;\"><span style=\"font-family: \u5b8b\u4f53;\">Uygulama<\/span><\/span><\/p>\n<\/td>\n<td width=\"330\">\n<p class=\"western\" align=\"left\"><span style=\"font-size: small;\"><span style=\"font-family: \u5b8b\u4f53;\">F\u0131r\u0131n Is\u0131tma<\/span><\/span><\/p>\n<\/td>\n<\/tr>\n<\/tbody>\n<\/table>\n<p class=\"western\" align=\"left\"><span style=\"color: #333333;\"><span style=\"font-family: Helvetica, Arial, sans-serif;\"><span style=\"font-size: large;\"><span lang=\"en-US\">Avantajlar:<br \/>\n1. Silikon kontroll\u00fc anahtarlama cihazlar\u0131 ile d\u00fc\u015f\u00fck voltaj tasar\u0131m\u0131, \u0131s\u0131tma s\u0131cakl\u0131\u011f\u0131n\u0131 kontrol edebilir;<br \/>\n2. Uzun \u00f6m\u00fcr, d\u00fc\u015f\u00fck enerji t\u00fcketimi;<br \/>\n3. Kullan\u0131m s\u0131cakl\u0131\u011f\u0131 1200 \u2103&#8217;ye kadar \u00e7\u0131kabilir.<\/span><\/span><\/span><\/span><\/p>\n","protected":false},"excerpt":{"rendered":"<p>Profesyonel End\u00fcstriyel Seramik Is\u0131tma Radyant Boru Is\u0131t\u0131c\u0131, \u0131s\u0131ya dayan\u0131kl\u0131 ala\u015f\u0131m borudan olu\u015fur ve \u0131s\u0131nma elemanlar\u0131 bu boruya monte edilmi\u015ftir.<\/p>\n","protected":false},"featured_media":1132,"template":"","meta":[],"product_brand":[],"product_cat":[28],"product_tag":[158],"class_list":{"0":"post-1124","1":"product","2":"type-product","3":"status-publish","4":"has-post-thumbnail","6":"product_cat-tubular-heater","7":"product_tag-ceramic-radiant-tube-heater","9":"first","10":"instock","11":"shipping-taxable","12":"product-type-simple"},"yoast_head":"<!-- This site is optimized with the Yoast SEO plugin v27.3 - https:\/\/yoast.com\/product\/yoast-seo-wordpress\/ -->\n<title>En \u0130yi Seramik Radyant Boru Is\u0131t\u0131c\u0131lar\u0131 | End\u00fcstriyel Is\u0131tma \u00c7\u00f6z\u00fcmleri<\/title>\n<meta name=\"description\" content=\"En iyi seramik radyant boru \u0131s\u0131t\u0131c\u0131lar\u0131, verimli end\u00fcstriyel \u0131s\u0131tma i\u00e7in idealdir. \u00dcst d\u00fczey \u0131s\u0131t\u0131c\u0131lar\u0131m\u0131z, \u00fcst\u00fcn performans, dayan\u0131kl\u0131l\u0131k ve enerji verimlili\u011fi sunar. \u0130htiya\u00e7lar\u0131n\u0131za uygun m\u00fckemmel \u0131s\u0131tma \u00e7\u00f6z\u00fcm\u00fcn\u00fc bulmak i\u00e7in uzman rehberli\u011fi ve ola\u011fan\u00fcst\u00fc m\u00fc\u015fteri hizmetleri ile ke\u015ffedin. Se\u00e7imimizi bug\u00fcn ke\u015ffedin!\" \/>\n<meta name=\"robots\" content=\"index, follow, max-snippet:-1, max-image-preview:large, max-video-preview:-1\" \/>\n<link rel=\"canonical\" href=\"https:\/\/cheri-heater.com\/tr\/product\/ceramic-radiant-tube-heater\/\" \/>\n<meta property=\"og:locale\" content=\"en_US\" \/>\n<meta property=\"og:type\" content=\"article\" \/>\n<meta property=\"og:title\" content=\"En \u0130yi Seramik Radyant Boru Is\u0131t\u0131c\u0131lar\u0131 | End\u00fcstriyel Is\u0131tma \u00c7\u00f6z\u00fcmleri\" \/>\n<meta property=\"og:description\" content=\"En iyi seramik radyant boru \u0131s\u0131t\u0131c\u0131lar\u0131, verimli end\u00fcstriyel \u0131s\u0131tma i\u00e7in idealdir. \u00dcst d\u00fczey \u0131s\u0131t\u0131c\u0131lar\u0131m\u0131z, \u00fcst\u00fcn performans, dayan\u0131kl\u0131l\u0131k ve enerji verimlili\u011fi sunar. \u0130htiya\u00e7lar\u0131n\u0131za uygun m\u00fckemmel \u0131s\u0131tma \u00e7\u00f6z\u00fcm\u00fcn\u00fc bulmak i\u00e7in uzman rehberli\u011fi ve ola\u011fan\u00fcst\u00fc m\u00fc\u015fteri hizmetleri ile ke\u015ffedin. Se\u00e7imimizi bug\u00fcn ke\u015ffedin!\" \/>\n<meta property=\"og:url\" content=\"https:\/\/cheri-heater.com\/tr\/product\/ceramic-radiant-tube-heater\/\" \/>\n<meta property=\"og:site_name\" content=\"Cheri Heater Technology Co.,Ltd.\" \/>\n<meta property=\"article:modified_time\" content=\"2024-07-30T21:57:44+00:00\" \/>\n<meta property=\"og:image\" content=\"https:\/\/cheri-heater.com\/tr\/wp-content\/uploads\/2024\/06\/\u5fae\u4fe1\u56fe\u7247_202306151435146.jpg\" \/>\n\t<meta property=\"og:image:width\" content=\"620\" \/>\n\t<meta property=\"og:image:height\" content=\"620\" \/>\n\t<meta property=\"og:image:type\" content=\"image\/jpeg\" \/>\n<meta name=\"twitter:card\" content=\"summary_large_image\" \/>\n<meta name=\"twitter:label1\" content=\"Est. reading time\" \/>\n\t<meta name=\"twitter:data1\" content=\"2 minutes\" \/>\n<!-- \/ Yoast SEO plugin. -->","yoast_head_json":{"title":"En \u0130yi Seramik Radyant Boru Is\u0131t\u0131c\u0131lar\u0131 | End\u00fcstriyel Is\u0131tma \u00c7\u00f6z\u00fcmleri","description":"En iyi seramik radyant boru \u0131s\u0131t\u0131c\u0131lar\u0131, verimli end\u00fcstriyel \u0131s\u0131tma i\u00e7in idealdir. \u00dcst d\u00fczey \u0131s\u0131t\u0131c\u0131lar\u0131m\u0131z, \u00fcst\u00fcn performans, dayan\u0131kl\u0131l\u0131k ve enerji verimlili\u011fi sunar. \u0130htiya\u00e7lar\u0131n\u0131za uygun m\u00fckemmel \u0131s\u0131tma \u00e7\u00f6z\u00fcm\u00fcn\u00fc bulmak i\u00e7in uzman rehberli\u011fi ve ola\u011fan\u00fcst\u00fc m\u00fc\u015fteri hizmetleri ile ke\u015ffedin. Se\u00e7imimizi bug\u00fcn ke\u015ffedin!","robots":{"index":"index","follow":"follow","max-snippet":"max-snippet:-1","max-image-preview":"max-image-preview:large","max-video-preview":"max-video-preview:-1"},"canonical":"https:\/\/cheri-heater.com\/tr\/product\/ceramic-radiant-tube-heater\/","og_locale":"en_US","og_type":"article","og_title":"En \u0130yi Seramik Radyant Boru Is\u0131t\u0131c\u0131lar\u0131 | End\u00fcstriyel Is\u0131tma \u00c7\u00f6z\u00fcmleri","og_description":"En iyi seramik radyant boru \u0131s\u0131t\u0131c\u0131lar\u0131, verimli end\u00fcstriyel \u0131s\u0131tma i\u00e7in idealdir. \u00dcst d\u00fczey \u0131s\u0131t\u0131c\u0131lar\u0131m\u0131z, \u00fcst\u00fcn performans, dayan\u0131kl\u0131l\u0131k ve enerji verimlili\u011fi sunar. \u0130htiya\u00e7lar\u0131n\u0131za uygun m\u00fckemmel \u0131s\u0131tma \u00e7\u00f6z\u00fcm\u00fcn\u00fc bulmak i\u00e7in uzman rehberli\u011fi ve ola\u011fan\u00fcst\u00fc m\u00fc\u015fteri hizmetleri ile ke\u015ffedin. Se\u00e7imimizi bug\u00fcn ke\u015ffedin!","og_url":"https:\/\/cheri-heater.com\/tr\/product\/ceramic-radiant-tube-heater\/","og_site_name":"Cheri Heater Technology Co.,Ltd.","article_modified_time":"2024-07-30T21:57:44+00:00","og_image":[{"width":620,"height":620,"url":"https:\/\/cheri-heater.com\/tr\/wp-content\/uploads\/2024\/06\/\u5fae\u4fe1\u56fe\u7247_202306151435146.jpg","type":"image\/jpeg"}],"twitter_card":"summary_large_image","twitter_misc":{"Est. reading time":"2 minutes"},"schema":{"@context":"https:\/\/schema.org","@graph":[{"@type":"WebPage","@id":"https:\/\/cheri-heater.com\/tr\/product\/ceramic-radiant-tube-heater\/","url":"https:\/\/cheri-heater.com\/tr\/product\/ceramic-radiant-tube-heater\/","name":"En \u0130yi Seramik Radyant Boru Is\u0131t\u0131c\u0131lar\u0131 | End\u00fcstriyel Is\u0131tma \u00c7\u00f6z\u00fcmleri","isPartOf":{"@id":"https:\/\/cheri-heater.com\/tr\/#website"},"primaryImageOfPage":{"@id":"https:\/\/cheri-heater.com\/tr\/product\/ceramic-radiant-tube-heater\/#primaryimage"},"image":{"@id":"https:\/\/cheri-heater.com\/tr\/product\/ceramic-radiant-tube-heater\/#primaryimage"},"thumbnailUrl":"https:\/\/cheri-heater.com\/tr\/wp-content\/uploads\/2024\/06\/\u5fae\u4fe1\u56fe\u7247_202306151435146.jpg","datePublished":"2024-06-05T17:16:39+00:00","dateModified":"2024-07-30T21:57:44+00:00","description":"En iyi seramik radyant boru \u0131s\u0131t\u0131c\u0131lar\u0131, verimli end\u00fcstriyel \u0131s\u0131tma i\u00e7in idealdir. \u00dcst d\u00fczey \u0131s\u0131t\u0131c\u0131lar\u0131m\u0131z, \u00fcst\u00fcn performans, dayan\u0131kl\u0131l\u0131k ve enerji verimlili\u011fi sunar. \u0130htiya\u00e7lar\u0131n\u0131za uygun m\u00fckemmel \u0131s\u0131tma \u00e7\u00f6z\u00fcm\u00fcn\u00fc bulmak i\u00e7in uzman rehberli\u011fi ve ola\u011fan\u00fcst\u00fc m\u00fc\u015fteri hizmetleri ile ke\u015ffedin. Se\u00e7imimizi bug\u00fcn ke\u015ffedin!","breadcrumb":{"@id":"https:\/\/cheri-heater.com\/tr\/product\/ceramic-radiant-tube-heater\/#breadcrumb"},"inLanguage":"en-US","potentialAction":[{"@type":"ReadAction","target":["https:\/\/cheri-heater.com\/tr\/product\/ceramic-radiant-tube-heater\/"]}]},{"@type":"ImageObject","inLanguage":"en-US","@id":"https:\/\/cheri-heater.com\/tr\/product\/ceramic-radiant-tube-heater\/#primaryimage","url":"https:\/\/cheri-heater.com\/tr\/wp-content\/uploads\/2024\/06\/\u5fae\u4fe1\u56fe\u7247_202306151435146.jpg","contentUrl":"https:\/\/cheri-heater.com\/tr\/wp-content\/uploads\/2024\/06\/\u5fae\u4fe1\u56fe\u7247_202306151435146.jpg","width":620,"height":620},{"@type":"BreadcrumbList","@id":"https:\/\/cheri-heater.com\/tr\/product\/ceramic-radiant-tube-heater\/#breadcrumb","itemListElement":[{"@type":"ListItem","position":1,"name":"Home","item":"https:\/\/cheri-heater.com\/tr\/"},{"@type":"ListItem","position":2,"name":"Products","item":"https:\/\/cheri-heater.com\/tr\/products\/"},{"@type":"ListItem","position":3,"name":"Seramik Radyant Boru Is\u0131t\u0131c\u0131lar\u0131"}]},{"@type":"WebSite","@id":"https:\/\/cheri-heater.com\/tr\/#website","url":"https:\/\/cheri-heater.com\/tr\/","name":"Cheri Heater Technology Co.,Ltd.","description":"","publisher":{"@id":"https:\/\/cheri-heater.com\/tr\/#organization"},"potentialAction":[{"@type":"SearchAction","target":{"@type":"EntryPoint","urlTemplate":"https:\/\/cheri-heater.com\/tr\/?s={search_term_string}"},"query-input":{"@type":"PropertyValueSpecification","valueRequired":true,"valueName":"search_term_string"}}],"inLanguage":"en-US"},{"@type":"Organization","@id":"https:\/\/cheri-heater.com\/tr\/#organization","name":"Cheri Heater Technology Co.,Ltd.","url":"https:\/\/cheri-heater.com\/tr\/","logo":{"@type":"ImageObject","inLanguage":"en-US","@id":"https:\/\/cheri-heater.com\/tr\/#\/schema\/logo\/image\/","url":"https:\/\/cheri-heater.com\/tr\/wp-content\/uploads\/2024\/06\/cropped-logo-resize.png","contentUrl":"https:\/\/cheri-heater.com\/tr\/wp-content\/uploads\/2024\/06\/cropped-logo-resize.png","width":346,"height":99,"caption":"Cheri Heater Technology Co.,Ltd."},"image":{"@id":"https:\/\/cheri-heater.com\/tr\/#\/schema\/logo\/image\/"}}]}},"_links":{"self":[{"href":"https:\/\/cheri-heater.com\/tr\/wp-json\/wp\/v2\/product\/1124","targetHints":{"allow":["GET"]}}],"collection":[{"href":"https:\/\/cheri-heater.com\/tr\/wp-json\/wp\/v2\/product"}],"about":[{"href":"https:\/\/cheri-heater.com\/tr\/wp-json\/wp\/v2\/types\/product"}],"wp:featuredmedia":[{"embeddable":true,"href":"https:\/\/cheri-heater.com\/tr\/wp-json\/wp\/v2\/media\/1132"}],"wp:attachment":[{"href":"https:\/\/cheri-heater.com\/tr\/wp-json\/wp\/v2\/media?parent=1124"}],"wp:term":[{"taxonomy":"product_brand","embeddable":true,"href":"https:\/\/cheri-heater.com\/tr\/wp-json\/wp\/v2\/product_brand?post=1124"},{"taxonomy":"product_cat","embeddable":true,"href":"https:\/\/cheri-heater.com\/tr\/wp-json\/wp\/v2\/product_cat?post=1124"},{"taxonomy":"product_tag","embeddable":true,"href":"https:\/\/cheri-heater.com\/tr\/wp-json\/wp\/v2\/product_tag?post=1124"}],"curies":[{"name":"wp","href":"https:\/\/api.w.org\/{rel}","templated":true}]}}