{"id":1125,"date":"2024-06-05T17:19:12","date_gmt":"2024-06-05T17:19:12","guid":{"rendered":"https:\/\/cheri-heater.com\/tr\/?post_type=product&#038;p=1125"},"modified":"2024-07-30T21:55:38","modified_gmt":"2024-07-30T21:55:38","slug":"finned-tubular-heater","status":"publish","type":"product","link":"https:\/\/cheri-heater.com\/tr\/product\/finned-tubular-heater\/","title":{"rendered":"Kanatl\u0131 Borulu Is\u0131t\u0131c\u0131lar"},"content":{"rendered":"<table width=\"100%\" cellspacing=\"0\" cellpadding=\"0\">\n<tbody>\n<tr valign=\"top\">\n<td width=\"42%\">\n<p class=\"western\" align=\"left\"><span style=\"font-family: \u5b8b\u4f53;\"><span style=\"font-size: small;\">\u00dcr\u00fcn kategorisi<\/span><\/span><\/p>\n<\/td>\n<td width=\"58%\">\n<p class=\"western\" align=\"left\"><span style=\"font-family: \u5b8b\u4f53;\"><span style=\"font-size: small;\">Kanatl\u0131 \u0131s\u0131tma t\u00fcp\u00fc<\/span><\/span><\/p>\n<\/td>\n<\/tr>\n<tr valign=\"top\">\n<td width=\"42%\">\n<p class=\"western\" align=\"left\"><span style=\"font-family: \u5b8b\u4f53;\"><span style=\"font-size: small;\">Model<\/span><\/span><\/p>\n<\/td>\n<td width=\"58%\">\n<p class=\"western\" align=\"left\"><span style=\"font-family: \u5b8b\u4f53;\"><span style=\"font-size: small;\"><span lang=\"en-US\">W-\u015fekilli<\/span><\/span><\/span><span style=\"font-family: \u5b8b\u4f53;\"><span style=\"font-size: small;\"><span lang=\"en-US\">\/U-\u015fekilli\/d\u00fcz<\/span><\/span><\/span><\/p>\n<\/td>\n<\/tr>\n<tr valign=\"top\">\n<td width=\"42%\">\n<p class=\"western\" align=\"left\"><span style=\"font-family: \u5b8b\u4f53;\"><span style=\"font-size: small;\">Voltaj<\/span><\/span><\/p>\n<\/td>\n<td width=\"58%\">\n<p class=\"western\" align=\"left\"><span style=\"font-family: \u5b8b\u4f53;\"><span style=\"font-size: small;\">\u00d6zelle\u015ftirilebilir<\/span><\/span><\/p>\n<\/td>\n<\/tr>\n<tr valign=\"top\">\n<td width=\"42%\">\n<p class=\"western\" align=\"left\"><span style=\"font-family: \u5b8b\u4f53;\"><span style=\"font-size: small;\">G\u00fc\u00e7<\/span><\/span><\/p>\n<\/td>\n<td width=\"58%\">\n<p class=\"western\" align=\"left\"><span style=\"font-family: \u5b8b\u4f53;\"><span style=\"font-size: small;\">\u00d6zelle\u015ftirilebilir<\/span><\/span><\/p>\n<\/td>\n<\/tr>\n<tr valign=\"top\">\n<td width=\"42%\">\n<p class=\"western\" align=\"left\"><span style=\"font-family: \u5b8b\u4f53;\"><span style=\"font-size: small;\">T\u00fcp \u00c7ap\u0131 (mm)<\/span><\/span><\/p>\n<\/td>\n<td width=\"58%\">\n<p class=\"western\" align=\"left\"><span style=\"font-family: \u5b8b\u4f53;\"><span style=\"font-size: small;\">Talep \u00fczerine \u00f6zelle\u015ftirme<\/span><\/span><\/p>\n<\/td>\n<\/tr>\n<tr valign=\"top\">\n<td width=\"42%\">\n<p class=\"western\" align=\"left\"><span style=\"font-family: \u5b8b\u4f53;\"><span style=\"font-size: small;\">K\u0131l\u0131f Malzemesi<\/span><\/span><span style=\"font-family: \u5b8b\u4f53;\"><span style=\"font-size: small;\"><span lang=\"zh-CN\">\uff08<\/span><\/span><\/span><span style=\"font-family: \u5b8b\u4f53;\"><span style=\"font-size: small;\">Paslanmaz \u00c7elik<\/span><\/span><span style=\"font-family: \u5b8b\u4f53;\"><span style=\"font-size: small;\"><span lang=\"zh-CN\">\uff09<\/span><\/span><\/span><\/p>\n<\/td>\n<td width=\"58%\">\n<p class=\"western\" align=\"left\"><span style=\"font-family: \u5b8b\u4f53;\"><span style=\"font-size: small;\">201\/304 (Kanat Malzemesi Al\u00fcminyum\/Paslanmaz \u00e7elik)<\/span><\/span><\/p>\n<\/td>\n<\/tr>\n<tr valign=\"top\">\n<td width=\"42%\">\n<p class=\"western\" align=\"left\"><span style=\"font-family: \u5b8b\u4f53;\"><span style=\"font-size: small;\">Kullan\u0131m<\/span><\/span><\/p>\n<\/td>\n<td width=\"58%\">\n<p class=\"western\" align=\"left\"><span style=\"font-family: \u5b8b\u4f53;\"><span style=\"font-size: small;\">End\u00fcstriyel F\u0131r\u0131n\/S\u0131cak hava \u00fcfleyici.<\/span><\/span><\/p>\n<\/td>\n<\/tr>\n<tr valign=\"top\">\n<td width=\"42%\">\n<p class=\"western\" align=\"left\"><span style=\"font-family: \u5b8b\u4f53;\"><span style=\"font-size: small;\">Di\u015f spesifikasyonu<\/span><\/span><\/p>\n<\/td>\n<td width=\"58%\">\n<p class=\"western\" align=\"left\"><span style=\"font-family: \u5b8b\u4f53;\"><span style=\"font-size: small;\">M10\/12\/16\/20\/24\/27\/30 vb.<\/span><\/span><\/p>\n<\/td>\n<\/tr>\n<\/tbody>\n<\/table>\n<p><img fetchpriority=\"high\" decoding=\"async\" class=\"aligncenter size-full wp-image-1138\" src=\"https:\/\/cheri-heater.com\/tr\/wp-content\/uploads\/2024\/06\/H9eebc13db6f24308b9c83965fa9b1af17.jpg\" alt=\"\" width=\"750\" height=\"400\" srcset=\"https:\/\/cheri-heater.com\/tr\/wp-content\/uploads\/2024\/06\/H9eebc13db6f24308b9c83965fa9b1af17.jpg 750w, https:\/\/cheri-heater.com\/tr\/wp-content\/uploads\/2024\/06\/H9eebc13db6f24308b9c83965fa9b1af17-600x320.jpg 600w, https:\/\/cheri-heater.com\/tr\/wp-content\/uploads\/2024\/06\/H9eebc13db6f24308b9c83965fa9b1af17-300x160.jpg 300w\" sizes=\"(max-width: 750px) 100vw, 750px\" \/><\/p>\n<p><img decoding=\"async\" class=\"aligncenter size-full wp-image-1139 lazyload\" data-src=\"https:\/\/cheri-heater.com\/tr\/wp-content\/uploads\/2024\/06\/H59c6492ce300472f95148d07030edc7d2.jpg\" alt=\"\" width=\"750\" height=\"619\" data-srcset=\"https:\/\/cheri-heater.com\/tr\/wp-content\/uploads\/2024\/06\/H59c6492ce300472f95148d07030edc7d2.jpg 750w, https:\/\/cheri-heater.com\/tr\/wp-content\/uploads\/2024\/06\/H59c6492ce300472f95148d07030edc7d2-600x495.jpg 600w, https:\/\/cheri-heater.com\/tr\/wp-content\/uploads\/2024\/06\/H59c6492ce300472f95148d07030edc7d2-300x248.jpg 300w\" data-sizes=\"(max-width: 750px) 100vw, 750px\" src=\"data:image\/svg+xml;base64,PHN2ZyB3aWR0aD0iMSIgaGVpZ2h0PSIxIiB4bWxucz0iaHR0cDovL3d3dy53My5vcmcvMjAwMC9zdmciPjwvc3ZnPg==\" style=\"--smush-placeholder-width: 750px; --smush-placeholder-aspect-ratio: 750\/619;\" \/><\/p>\n<p><img decoding=\"async\" class=\"aligncenter size-full wp-image-1140 lazyload\" data-src=\"https:\/\/cheri-heater.com\/tr\/wp-content\/uploads\/2024\/06\/H879ff686e5e8434293683cbfa757f501u.jpg\" alt=\"\" width=\"772\" height=\"278\" data-srcset=\"https:\/\/cheri-heater.com\/tr\/wp-content\/uploads\/2024\/06\/H879ff686e5e8434293683cbfa757f501u.jpg 772w, https:\/\/cheri-heater.com\/tr\/wp-content\/uploads\/2024\/06\/H879ff686e5e8434293683cbfa757f501u-600x216.jpg 600w, https:\/\/cheri-heater.com\/tr\/wp-content\/uploads\/2024\/06\/H879ff686e5e8434293683cbfa757f501u-300x108.jpg 300w, https:\/\/cheri-heater.com\/tr\/wp-content\/uploads\/2024\/06\/H879ff686e5e8434293683cbfa757f501u-768x277.jpg 768w\" data-sizes=\"(max-width: 772px) 100vw, 772px\" src=\"data:image\/svg+xml;base64,PHN2ZyB3aWR0aD0iMSIgaGVpZ2h0PSIxIiB4bWxucz0iaHR0cDovL3d3dy53My5vcmcvMjAwMC9zdmciPjwvc3ZnPg==\" style=\"--smush-placeholder-width: 772px; --smush-placeholder-aspect-ratio: 772\/278;\" \/><\/p>\n<p><img decoding=\"async\" class=\"aligncenter size-full wp-image-1141 lazyload\" data-src=\"https:\/\/cheri-heater.com\/tr\/wp-content\/uploads\/2024\/06\/H1888d911b0154c8c9c39ebef512fa15eH.jpg\" alt=\"\" width=\"750\" height=\"683\" data-srcset=\"https:\/\/cheri-heater.com\/tr\/wp-content\/uploads\/2024\/06\/H1888d911b0154c8c9c39ebef512fa15eH.jpg 750w, https:\/\/cheri-heater.com\/tr\/wp-content\/uploads\/2024\/06\/H1888d911b0154c8c9c39ebef512fa15eH-600x546.jpg 600w, https:\/\/cheri-heater.com\/tr\/wp-content\/uploads\/2024\/06\/H1888d911b0154c8c9c39ebef512fa15eH-300x273.jpg 300w\" data-sizes=\"(max-width: 750px) 100vw, 750px\" src=\"data:image\/svg+xml;base64,PHN2ZyB3aWR0aD0iMSIgaGVpZ2h0PSIxIiB4bWxucz0iaHR0cDovL3d3dy53My5vcmcvMjAwMC9zdmciPjwvc3ZnPg==\" style=\"--smush-placeholder-width: 750px; --smush-placeholder-aspect-ratio: 750\/683;\" \/><\/p>\n<p><img decoding=\"async\" class=\"aligncenter size-full wp-image-1142 lazyload\" data-src=\"https:\/\/cheri-heater.com\/tr\/wp-content\/uploads\/2024\/06\/H6625aa49ef194abd8662bc7375708ca3X.jpg\" alt=\"\" width=\"800\" height=\"393\" data-srcset=\"https:\/\/cheri-heater.com\/tr\/wp-content\/uploads\/2024\/06\/H6625aa49ef194abd8662bc7375708ca3X.jpg 800w, https:\/\/cheri-heater.com\/tr\/wp-content\/uploads\/2024\/06\/H6625aa49ef194abd8662bc7375708ca3X-600x295.jpg 600w, https:\/\/cheri-heater.com\/tr\/wp-content\/uploads\/2024\/06\/H6625aa49ef194abd8662bc7375708ca3X-300x147.jpg 300w, https:\/\/cheri-heater.com\/tr\/wp-content\/uploads\/2024\/06\/H6625aa49ef194abd8662bc7375708ca3X-768x377.jpg 768w\" data-sizes=\"(max-width: 800px) 100vw, 800px\" src=\"data:image\/svg+xml;base64,PHN2ZyB3aWR0aD0iMSIgaGVpZ2h0PSIxIiB4bWxucz0iaHR0cDovL3d3dy53My5vcmcvMjAwMC9zdmciPjwvc3ZnPg==\" style=\"--smush-placeholder-width: 800px; --smush-placeholder-aspect-ratio: 800\/393;\" \/><\/p>\n<p><img decoding=\"async\" class=\"aligncenter size-full wp-image-1143 lazyload\" data-src=\"https:\/\/cheri-heater.com\/tr\/wp-content\/uploads\/2024\/06\/Ha8542368b0434bffa65a1a37f60a6739p.jpg\" alt=\"\" width=\"812\" height=\"894\" data-srcset=\"https:\/\/cheri-heater.com\/tr\/wp-content\/uploads\/2024\/06\/Ha8542368b0434bffa65a1a37f60a6739p.jpg 812w, https:\/\/cheri-heater.com\/tr\/wp-content\/uploads\/2024\/06\/Ha8542368b0434bffa65a1a37f60a6739p-600x661.jpg 600w, https:\/\/cheri-heater.com\/tr\/wp-content\/uploads\/2024\/06\/Ha8542368b0434bffa65a1a37f60a6739p-272x300.jpg 272w, https:\/\/cheri-heater.com\/tr\/wp-content\/uploads\/2024\/06\/Ha8542368b0434bffa65a1a37f60a6739p-768x846.jpg 768w\" data-sizes=\"(max-width: 812px) 100vw, 812px\" src=\"data:image\/svg+xml;base64,PHN2ZyB3aWR0aD0iMSIgaGVpZ2h0PSIxIiB4bWxucz0iaHR0cDovL3d3dy53My5vcmcvMjAwMC9zdmciPjwvc3ZnPg==\" style=\"--smush-placeholder-width: 812px; --smush-placeholder-aspect-ratio: 812\/894;\" \/><\/p>\n<p><img decoding=\"async\" class=\"aligncenter size-full wp-image-1144 lazyload\" data-src=\"https:\/\/cheri-heater.com\/tr\/wp-content\/uploads\/2024\/06\/Hc8bb5ef6abb640d7b382464a32dc12f4m.jpg\" alt=\"\" width=\"800\" height=\"800\" data-srcset=\"https:\/\/cheri-heater.com\/tr\/wp-content\/uploads\/2024\/06\/Hc8bb5ef6abb640d7b382464a32dc12f4m.jpg 800w, https:\/\/cheri-heater.com\/tr\/wp-content\/uploads\/2024\/06\/Hc8bb5ef6abb640d7b382464a32dc12f4m-300x300.jpg 300w, https:\/\/cheri-heater.com\/tr\/wp-content\/uploads\/2024\/06\/Hc8bb5ef6abb640d7b382464a32dc12f4m-100x100.jpg 100w, https:\/\/cheri-heater.com\/tr\/wp-content\/uploads\/2024\/06\/Hc8bb5ef6abb640d7b382464a32dc12f4m-600x600.jpg 600w, https:\/\/cheri-heater.com\/tr\/wp-content\/uploads\/2024\/06\/Hc8bb5ef6abb640d7b382464a32dc12f4m-150x150.jpg 150w, https:\/\/cheri-heater.com\/tr\/wp-content\/uploads\/2024\/06\/Hc8bb5ef6abb640d7b382464a32dc12f4m-768x768.jpg 768w\" data-sizes=\"(max-width: 800px) 100vw, 800px\" src=\"data:image\/svg+xml;base64,PHN2ZyB3aWR0aD0iMSIgaGVpZ2h0PSIxIiB4bWxucz0iaHR0cDovL3d3dy53My5vcmcvMjAwMC9zdmciPjwvc3ZnPg==\" style=\"--smush-placeholder-width: 800px; --smush-placeholder-aspect-ratio: 800\/800;\" \/><\/p>\n<p><img decoding=\"async\" class=\"aligncenter size-full wp-image-1145 lazyload\" data-src=\"https:\/\/cheri-heater.com\/tr\/wp-content\/uploads\/2024\/06\/Hf10dc1a000fe4592bafe37fa75d50c7cj.jpg\" alt=\"\" width=\"887\" height=\"588\" data-srcset=\"https:\/\/cheri-heater.com\/tr\/wp-content\/uploads\/2024\/06\/Hf10dc1a000fe4592bafe37fa75d50c7cj.jpg 887w, https:\/\/cheri-heater.com\/tr\/wp-content\/uploads\/2024\/06\/Hf10dc1a000fe4592bafe37fa75d50c7cj-600x398.jpg 600w, https:\/\/cheri-heater.com\/tr\/wp-content\/uploads\/2024\/06\/Hf10dc1a000fe4592bafe37fa75d50c7cj-300x199.jpg 300w, https:\/\/cheri-heater.com\/tr\/wp-content\/uploads\/2024\/06\/Hf10dc1a000fe4592bafe37fa75d50c7cj-768x509.jpg 768w\" data-sizes=\"(max-width: 887px) 100vw, 887px\" src=\"data:image\/svg+xml;base64,PHN2ZyB3aWR0aD0iMSIgaGVpZ2h0PSIxIiB4bWxucz0iaHR0cDovL3d3dy53My5vcmcvMjAwMC9zdmciPjwvc3ZnPg==\" style=\"--smush-placeholder-width: 887px; --smush-placeholder-aspect-ratio: 887\/588;\" \/><\/p>\n","protected":false},"excerpt":{"rendered":"<p>Hava Kanal\u0131 Elektrikli Kanatl\u0131 Borulu Is\u0131t\u0131c\u0131, temel borulu elemanlar gibi in\u015fa edilmi\u015ftir, ancak s\u00fcrekli spiral kanatlar\u0131n eklenmesiyle geli\u015ftirilmi\u015ftir. Bu kanatlar, her in\u00e7te 4-5 adet olmak \u00fczere, k\u0131l\u0131fa kal\u0131c\u0131 olarak kaynat\u0131lm\u0131\u015ft\u0131r. Kanatlar, y\u00fczey alan\u0131n\u0131 b\u00fcy\u00fck \u00f6l\u00e7\u00fcde art\u0131r\u0131r ve havaya daha h\u0131zl\u0131 \u0131s\u0131 transferi sa\u011flar, bu da y\u00fczey eleman s\u0131cakl\u0131klar\u0131n\u0131n d\u00fc\u015fmesine neden olur.<\/p>\n","protected":false},"featured_media":1136,"template":"","meta":[],"product_brand":[],"product_cat":[28],"product_tag":[159],"class_list":{"0":"post-1125","1":"product","2":"type-product","3":"status-publish","4":"has-post-thumbnail","6":"product_cat-tubular-heater","7":"product_tag-finned-tubular-heater","9":"first","10":"instock","11":"shipping-taxable","12":"product-type-simple"},"yoast_head":"<!-- This site is optimized with the Yoast SEO plugin v27.3 - https:\/\/yoast.com\/product\/yoast-seo-wordpress\/ -->\n<title>Y\u00fcksek Kaliteli Kanatl\u0131 Borulu Is\u0131t\u0131c\u0131lar | Verimli Is\u0131tma \u00c7\u00f6z\u00fcmleri<\/title>\n<meta name=\"description\" content=\"Y\u00fcksek kaliteli kanatl\u0131 borulu \u0131s\u0131t\u0131c\u0131lar, verimli ve g\u00fcvenilir \u0131s\u0131tma \u00e7\u00f6z\u00fcmleri i\u00e7in tasarlanm\u0131\u015ft\u0131r. \u00c7e\u015fitli end\u00fcstriyel uygulamalar i\u00e7in m\u00fckemmel olan \u0131s\u0131t\u0131c\u0131lar\u0131m\u0131z, \u00fcst\u00fcn performans ve dayan\u0131kl\u0131l\u0131k sa\u011flar. \u0130htiya\u00e7lar\u0131n\u0131za uygun ideal \u00fcr\u00fcn\u00fc bulmak i\u00e7in uzman tavsiyesi ve m\u00fckemmel m\u00fc\u015fteri deste\u011fi al\u0131n. \u015eimdi al\u0131\u015fveri\u015f yap\u0131n!\" \/>\n<meta name=\"robots\" content=\"index, follow, max-snippet:-1, max-image-preview:large, max-video-preview:-1\" \/>\n<link rel=\"canonical\" href=\"https:\/\/cheri-heater.com\/tr\/product\/finned-tubular-heater\/\" \/>\n<meta property=\"og:locale\" content=\"en_US\" \/>\n<meta property=\"og:type\" content=\"article\" \/>\n<meta property=\"og:title\" content=\"Y\u00fcksek Kaliteli Kanatl\u0131 Borulu Is\u0131t\u0131c\u0131lar | Verimli Is\u0131tma \u00c7\u00f6z\u00fcmleri\" \/>\n<meta property=\"og:description\" content=\"Y\u00fcksek kaliteli kanatl\u0131 borulu \u0131s\u0131t\u0131c\u0131lar, verimli ve g\u00fcvenilir \u0131s\u0131tma \u00e7\u00f6z\u00fcmleri i\u00e7in tasarlanm\u0131\u015ft\u0131r. \u00c7e\u015fitli end\u00fcstriyel uygulamalar i\u00e7in m\u00fckemmel olan \u0131s\u0131t\u0131c\u0131lar\u0131m\u0131z, \u00fcst\u00fcn performans ve dayan\u0131kl\u0131l\u0131k sa\u011flar. \u0130htiya\u00e7lar\u0131n\u0131za uygun ideal \u00fcr\u00fcn\u00fc bulmak i\u00e7in uzman tavsiyesi ve m\u00fckemmel m\u00fc\u015fteri deste\u011fi al\u0131n. \u015eimdi al\u0131\u015fveri\u015f yap\u0131n!\" \/>\n<meta property=\"og:url\" content=\"https:\/\/cheri-heater.com\/tr\/product\/finned-tubular-heater\/\" \/>\n<meta property=\"og:site_name\" content=\"Cheri Heater Technology Co.,Ltd.\" \/>\n<meta property=\"article:modified_time\" content=\"2024-07-30T21:55:38+00:00\" \/>\n<meta property=\"og:image\" content=\"https:\/\/cheri-heater.com\/tr\/wp-content\/uploads\/2024\/06\/Cheri-Electrothermal-Equipment-Limited-Company-11-2.jpg\" \/>\n\t<meta property=\"og:image:width\" content=\"712\" \/>\n\t<meta property=\"og:image:height\" content=\"506\" \/>\n\t<meta property=\"og:image:type\" content=\"image\/jpeg\" \/>\n<meta name=\"twitter:card\" content=\"summary_large_image\" \/>\n<meta name=\"twitter:label1\" content=\"Est. reading time\" \/>\n\t<meta name=\"twitter:data1\" content=\"2 minutes\" \/>\n<!-- \/ Yoast SEO plugin. -->","yoast_head_json":{"title":"Y\u00fcksek Kaliteli Kanatl\u0131 Borulu Is\u0131t\u0131c\u0131lar | Verimli Is\u0131tma \u00c7\u00f6z\u00fcmleri","description":"Y\u00fcksek kaliteli kanatl\u0131 borulu \u0131s\u0131t\u0131c\u0131lar, verimli ve g\u00fcvenilir \u0131s\u0131tma \u00e7\u00f6z\u00fcmleri i\u00e7in tasarlanm\u0131\u015ft\u0131r. \u00c7e\u015fitli end\u00fcstriyel uygulamalar i\u00e7in m\u00fckemmel olan \u0131s\u0131t\u0131c\u0131lar\u0131m\u0131z, \u00fcst\u00fcn performans ve dayan\u0131kl\u0131l\u0131k sa\u011flar. \u0130htiya\u00e7lar\u0131n\u0131za uygun ideal \u00fcr\u00fcn\u00fc bulmak i\u00e7in uzman tavsiyesi ve m\u00fckemmel m\u00fc\u015fteri deste\u011fi al\u0131n. \u015eimdi al\u0131\u015fveri\u015f yap\u0131n!","robots":{"index":"index","follow":"follow","max-snippet":"max-snippet:-1","max-image-preview":"max-image-preview:large","max-video-preview":"max-video-preview:-1"},"canonical":"https:\/\/cheri-heater.com\/tr\/product\/finned-tubular-heater\/","og_locale":"en_US","og_type":"article","og_title":"Y\u00fcksek Kaliteli Kanatl\u0131 Borulu Is\u0131t\u0131c\u0131lar | Verimli Is\u0131tma \u00c7\u00f6z\u00fcmleri","og_description":"Y\u00fcksek kaliteli kanatl\u0131 borulu \u0131s\u0131t\u0131c\u0131lar, verimli ve g\u00fcvenilir \u0131s\u0131tma \u00e7\u00f6z\u00fcmleri i\u00e7in tasarlanm\u0131\u015ft\u0131r. \u00c7e\u015fitli end\u00fcstriyel uygulamalar i\u00e7in m\u00fckemmel olan \u0131s\u0131t\u0131c\u0131lar\u0131m\u0131z, \u00fcst\u00fcn performans ve dayan\u0131kl\u0131l\u0131k sa\u011flar. \u0130htiya\u00e7lar\u0131n\u0131za uygun ideal \u00fcr\u00fcn\u00fc bulmak i\u00e7in uzman tavsiyesi ve m\u00fckemmel m\u00fc\u015fteri deste\u011fi al\u0131n. \u015eimdi al\u0131\u015fveri\u015f yap\u0131n!","og_url":"https:\/\/cheri-heater.com\/tr\/product\/finned-tubular-heater\/","og_site_name":"Cheri Heater Technology Co.,Ltd.","article_modified_time":"2024-07-30T21:55:38+00:00","og_image":[{"width":712,"height":506,"url":"https:\/\/cheri-heater.com\/tr\/wp-content\/uploads\/2024\/06\/Cheri-Electrothermal-Equipment-Limited-Company-11-2.jpg","type":"image\/jpeg"}],"twitter_card":"summary_large_image","twitter_misc":{"Est. reading time":"2 minutes"},"schema":{"@context":"https:\/\/schema.org","@graph":[{"@type":"WebPage","@id":"https:\/\/cheri-heater.com\/tr\/product\/finned-tubular-heater\/","url":"https:\/\/cheri-heater.com\/tr\/product\/finned-tubular-heater\/","name":"Y\u00fcksek Kaliteli Kanatl\u0131 Borulu Is\u0131t\u0131c\u0131lar | Verimli Is\u0131tma \u00c7\u00f6z\u00fcmleri","isPartOf":{"@id":"https:\/\/cheri-heater.com\/tr\/#website"},"primaryImageOfPage":{"@id":"https:\/\/cheri-heater.com\/tr\/product\/finned-tubular-heater\/#primaryimage"},"image":{"@id":"https:\/\/cheri-heater.com\/tr\/product\/finned-tubular-heater\/#primaryimage"},"thumbnailUrl":"https:\/\/cheri-heater.com\/tr\/wp-content\/uploads\/2024\/06\/Cheri-Electrothermal-Equipment-Limited-Company-11-2.jpg","datePublished":"2024-06-05T17:19:12+00:00","dateModified":"2024-07-30T21:55:38+00:00","description":"Y\u00fcksek kaliteli kanatl\u0131 borulu \u0131s\u0131t\u0131c\u0131lar, verimli ve g\u00fcvenilir \u0131s\u0131tma \u00e7\u00f6z\u00fcmleri i\u00e7in tasarlanm\u0131\u015ft\u0131r. \u00c7e\u015fitli end\u00fcstriyel uygulamalar i\u00e7in m\u00fckemmel olan \u0131s\u0131t\u0131c\u0131lar\u0131m\u0131z, \u00fcst\u00fcn performans ve dayan\u0131kl\u0131l\u0131k sa\u011flar. \u0130htiya\u00e7lar\u0131n\u0131za uygun ideal \u00fcr\u00fcn\u00fc bulmak i\u00e7in uzman tavsiyesi ve m\u00fckemmel m\u00fc\u015fteri deste\u011fi al\u0131n. \u015eimdi al\u0131\u015fveri\u015f yap\u0131n!","breadcrumb":{"@id":"https:\/\/cheri-heater.com\/tr\/product\/finned-tubular-heater\/#breadcrumb"},"inLanguage":"en-US","potentialAction":[{"@type":"ReadAction","target":["https:\/\/cheri-heater.com\/tr\/product\/finned-tubular-heater\/"]}]},{"@type":"ImageObject","inLanguage":"en-US","@id":"https:\/\/cheri-heater.com\/tr\/product\/finned-tubular-heater\/#primaryimage","url":"https:\/\/cheri-heater.com\/tr\/wp-content\/uploads\/2024\/06\/Cheri-Electrothermal-Equipment-Limited-Company-11-2.jpg","contentUrl":"https:\/\/cheri-heater.com\/tr\/wp-content\/uploads\/2024\/06\/Cheri-Electrothermal-Equipment-Limited-Company-11-2.jpg","width":712,"height":506},{"@type":"BreadcrumbList","@id":"https:\/\/cheri-heater.com\/tr\/product\/finned-tubular-heater\/#breadcrumb","itemListElement":[{"@type":"ListItem","position":1,"name":"Home","item":"https:\/\/cheri-heater.com\/tr\/"},{"@type":"ListItem","position":2,"name":"Products","item":"https:\/\/cheri-heater.com\/tr\/products\/"},{"@type":"ListItem","position":3,"name":"Kanatl\u0131 Borulu Is\u0131t\u0131c\u0131lar"}]},{"@type":"WebSite","@id":"https:\/\/cheri-heater.com\/tr\/#website","url":"https:\/\/cheri-heater.com\/tr\/","name":"Cheri Heater Technology Co.,Ltd.","description":"","publisher":{"@id":"https:\/\/cheri-heater.com\/tr\/#organization"},"potentialAction":[{"@type":"SearchAction","target":{"@type":"EntryPoint","urlTemplate":"https:\/\/cheri-heater.com\/tr\/?s={search_term_string}"},"query-input":{"@type":"PropertyValueSpecification","valueRequired":true,"valueName":"search_term_string"}}],"inLanguage":"en-US"},{"@type":"Organization","@id":"https:\/\/cheri-heater.com\/tr\/#organization","name":"Cheri Heater Technology Co.,Ltd.","url":"https:\/\/cheri-heater.com\/tr\/","logo":{"@type":"ImageObject","inLanguage":"en-US","@id":"https:\/\/cheri-heater.com\/tr\/#\/schema\/logo\/image\/","url":"https:\/\/cheri-heater.com\/tr\/wp-content\/uploads\/2024\/06\/cropped-logo-resize.png","contentUrl":"https:\/\/cheri-heater.com\/tr\/wp-content\/uploads\/2024\/06\/cropped-logo-resize.png","width":346,"height":99,"caption":"Cheri Heater Technology Co.,Ltd."},"image":{"@id":"https:\/\/cheri-heater.com\/tr\/#\/schema\/logo\/image\/"}}]}},"_links":{"self":[{"href":"https:\/\/cheri-heater.com\/tr\/wp-json\/wp\/v2\/product\/1125","targetHints":{"allow":["GET"]}}],"collection":[{"href":"https:\/\/cheri-heater.com\/tr\/wp-json\/wp\/v2\/product"}],"about":[{"href":"https:\/\/cheri-heater.com\/tr\/wp-json\/wp\/v2\/types\/product"}],"wp:featuredmedia":[{"embeddable":true,"href":"https:\/\/cheri-heater.com\/tr\/wp-json\/wp\/v2\/media\/1136"}],"wp:attachment":[{"href":"https:\/\/cheri-heater.com\/tr\/wp-json\/wp\/v2\/media?parent=1125"}],"wp:term":[{"taxonomy":"product_brand","embeddable":true,"href":"https:\/\/cheri-heater.com\/tr\/wp-json\/wp\/v2\/product_brand?post=1125"},{"taxonomy":"product_cat","embeddable":true,"href":"https:\/\/cheri-heater.com\/tr\/wp-json\/wp\/v2\/product_cat?post=1125"},{"taxonomy":"product_tag","embeddable":true,"href":"https:\/\/cheri-heater.com\/tr\/wp-json\/wp\/v2\/product_tag?post=1125"}],"curies":[{"name":"wp","href":"https:\/\/api.w.org\/{rel}","templated":true}]}}