{"id":1126,"date":"2024-06-05T17:21:32","date_gmt":"2024-06-05T17:21:32","guid":{"rendered":"https:\/\/cheri-heater.com\/tr\/?post_type=product&#038;p=1126"},"modified":"2024-07-30T21:54:12","modified_gmt":"2024-07-30T21:54:12","slug":"flange-tubular-heater","status":"publish","type":"product","link":"https:\/\/cheri-heater.com\/tr\/product\/flange-tubular-heater\/","title":{"rendered":"Flan\u015fl\u0131 Borulu Is\u0131t\u0131c\u0131lar"},"content":{"rendered":"<table width=\"750\" cellspacing=\"0\" cellpadding=\"0\">\n<tbody>\n<tr valign=\"top\">\n<td bgcolor=\"#f3f4f8\" width=\"226\">\n<p class=\"western\" align=\"left\"><span style=\"font-family: \u9ed1\u4f53;\"><span style=\"font-size: medium;\"><span style=\"color: #333333;\">\u00dcr\u00fcn Ad\u0131<\/span><\/span><\/span><\/p>\n<\/td>\n<td bgcolor=\"#f7f8fa\" width=\"522\">\n<p class=\"western\" align=\"left\"><span style=\"font-family: \u9ed1\u4f53;\"><span style=\"font-size: medium;\"><span style=\"color: #333333;\">Flan\u015f Dald\u0131rma Is\u0131t\u0131c\u0131<\/span><\/span><\/span><\/p>\n<\/td>\n<\/tr>\n<tr valign=\"top\">\n<td bgcolor=\"#f3f4f8\" width=\"226\">\n<p class=\"western\" align=\"left\"><span style=\"font-family: \u9ed1\u4f53;\"><span style=\"font-size: medium;\"><span style=\"color: #333333;\">G\u00fc\u00e7 Tolerans\u0131<\/span><\/span><\/span><\/p>\n<\/td>\n<td bgcolor=\"#ffffff\" width=\"522\">\n<p class=\"western\" align=\"left\"><span style=\"font-family: \u9ed1\u4f53;\"><span style=\"font-size: medium;\"><span style=\"color: #333333;\">+5%, -10%<\/span><\/span><\/span><\/p>\n<\/td>\n<\/tr>\n<tr valign=\"top\">\n<td bgcolor=\"#f3f4f8\" width=\"226\">\n<p class=\"western\" align=\"left\"><span style=\"font-family: \u9ed1\u4f53;\"><span style=\"font-size: medium;\"><span style=\"color: #333333;\">Diren\u00e7 Tolerans\u0131<\/span><\/span><\/span><\/p>\n<\/td>\n<td bgcolor=\"#f7f8fa\" width=\"522\">\n<p class=\"western\" align=\"left\"><span style=\"font-family: \u9ed1\u4f53;\"><span style=\"font-size: medium;\"><span style=\"color: #333333;\">+10%, -5%<\/span><\/span><\/span><\/p>\n<\/td>\n<\/tr>\n<tr valign=\"top\">\n<td bgcolor=\"#f3f4f8\" width=\"226\">\n<p class=\"western\" align=\"left\"><span style=\"font-family: \u9ed1\u4f53;\"><span style=\"font-size: medium;\"><span style=\"color: #333333;\">Yal\u0131t\u0131m Direnci (so\u011fuk)<\/span><\/span><\/span><\/p>\n<\/td>\n<td bgcolor=\"#ffffff\" width=\"522\">\n<p class=\"western\" align=\"left\"><span style=\"color: #333333;\">\u2265 <span style=\"font-family: \u9ed1\u4f53;\"><span style=\"font-size: medium;\">500 M\u03a9<\/span><\/span><\/span><\/p>\n<\/td>\n<\/tr>\n<tr valign=\"top\">\n<td bgcolor=\"#f3f4f8\" width=\"226\">\n<p class=\"western\" align=\"left\"><span style=\"font-family: \u9ed1\u4f53;\"><span style=\"font-size: medium;\"><span style=\"color: #333333;\">Maksimum Ka\u00e7ak Ak\u0131m\u0131 (so\u011fuk)<\/span><\/span><\/span><\/p>\n<\/td>\n<td bgcolor=\"#f7f8fa\" width=\"522\">\n<p class=\"western\" align=\"left\"><span style=\"color: #333333;\">\u2264 <span style=\"font-family: \u9ed1\u4f53;\"><span style=\"font-size: medium;\">0.5 mA<\/span><\/span><\/span><\/p>\n<\/td>\n<\/tr>\n<tr valign=\"top\">\n<td bgcolor=\"#f3f4f8\" width=\"226\">\n<p class=\"western\" align=\"left\"><span style=\"font-family: \u9ed1\u4f53;\"><span style=\"font-size: medium;\"><span style=\"color: #333333;\">Boru \u00c7ap\u0131<\/span><\/span><\/span><\/p>\n<\/td>\n<td bgcolor=\"#ffffff\" width=\"522\">\n<p class=\"western\" align=\"left\"><span style=\"font-family: \u9ed1\u4f53;\"><span style=\"font-size: medium;\"><span style=\"color: #333333;\">\u03a66.5mm-\u03a620mm<\/span><\/span><\/span><\/p>\n<\/td>\n<\/tr>\n<tr valign=\"top\">\n<td bgcolor=\"#f3f4f8\" width=\"226\">\n<p class=\"western\" align=\"left\"><span style=\"font-family: \u9ed1\u4f53;\"><span style=\"font-size: medium;\"><span style=\"color: #333333;\">Yal\u0131t\u0131m Malzemesi<\/span><\/span><\/span><\/p>\n<\/td>\n<td bgcolor=\"#f7f8fa\" width=\"522\">\n<p class=\"western\" align=\"left\"><span style=\"font-family: \u9ed1\u4f53;\"><span style=\"font-size: medium;\"><span style=\"color: #333333;\">Y\u00fcksek safl\u0131kta Mgo<\/span><\/span><\/span><\/p>\n<\/td>\n<\/tr>\n<tr valign=\"top\">\n<td bgcolor=\"#f3f4f8\" width=\"226\">\n<p class=\"western\" align=\"left\"><span style=\"font-family: \u9ed1\u4f53;\"><span style=\"font-size: medium;\"><span style=\"color: #333333;\">Diren\u00e7 Tel Eleman\u0131<\/span><\/span><\/span><\/p>\n<\/td>\n<td bgcolor=\"#ffffff\" width=\"522\">\n<p class=\"western\" align=\"left\"><span style=\"font-family: \u9ed1\u4f53;\"><span style=\"font-size: medium;\"><span style=\"color: #333333;\">Ni-Cr veya FeCr<\/span><\/span><\/span><\/p>\n<\/td>\n<\/tr>\n<tr valign=\"top\">\n<td bgcolor=\"#f3f4f8\" width=\"226\">\n<p class=\"western\" align=\"left\"><span style=\"font-family: \u9ed1\u4f53;\"><span style=\"font-size: medium;\"><span style=\"color: #333333;\">Ba\u011flant\u0131 Se\u00e7ene\u011fi<\/span><\/span><\/span><\/p>\n<\/td>\n<td bgcolor=\"#f7f8fa\" width=\"522\">\n<p class=\"western\" align=\"left\"><span style=\"font-family: \u9ed1\u4f53;\"><span style=\"font-size: medium;\"><span style=\"color: #333333;\">S\u0131k\u0131\u015ft\u0131r\u0131lm\u0131\u015f veya Bask\u0131l\u0131 ba\u011flant\u0131lar<\/span><\/span><\/span><\/p>\n<\/td>\n<\/tr>\n<tr valign=\"top\">\n<td bgcolor=\"#f3f4f8\" width=\"226\">\n<p class=\"western\" align=\"left\"><span style=\"font-family: \u9ed1\u4f53;\"><span style=\"font-size: medium;\"><span style=\"color: #333333;\">Voltaj ve G\u00fc\u00e7<\/span><\/span><\/span><\/p>\n<\/td>\n<td bgcolor=\"#ffffff\" width=\"522\">\n<p class=\"western\" align=\"left\"><span style=\"font-family: \u9ed1\u4f53;\"><span style=\"font-size: medium;\"><span style=\"color: #333333;\">\u00f6zelle\u015ftirilebilir<\/span><\/span><\/span><\/p>\n<\/td>\n<\/tr>\n<tr valign=\"top\">\n<td bgcolor=\"#f3f4f8\" width=\"226\">\n<p class=\"western\" align=\"left\"><span style=\"font-family: \u9ed1\u4f53;\"><span style=\"font-size: medium;\"><span style=\"color: #333333;\">Garanti<\/span><\/span><\/span><\/p>\n<\/td>\n<td bgcolor=\"#f7f8fa\" width=\"522\">\n<p class=\"western\" align=\"left\"><span style=\"font-family: \u9ed1\u4f53;\"><span style=\"font-size: medium;\"><span style=\"color: #333333;\">bir y\u0131l<\/span><\/span><\/span><\/p>\n<\/td>\n<\/tr>\n<tr valign=\"top\">\n<td bgcolor=\"#f3f4f8\" width=\"226\">\n<p class=\"western\" align=\"left\"><span style=\"font-family: \u9ed1\u4f53;\"><span style=\"font-size: medium;\"><span style=\"color: #333333;\">Malzeme<\/span><\/span><\/span><\/p>\n<\/td>\n<td bgcolor=\"#ffffff\" width=\"522\">\n<p class=\"western\" align=\"left\"><span style=\"font-family: \u9ed1\u4f53;\"><span style=\"font-size: medium;\"><span style=\"color: #333333;\">SUS304, SUS321, SUS316 ve di\u011fer \u00f6zelle\u015ftirmeler<\/span><\/span><\/span><\/p>\n<\/td>\n<\/tr>\n<tr valign=\"top\">\n<td bgcolor=\"#f3f4f8\" width=\"226\">\n<p class=\"western\" align=\"left\"><span style=\"font-family: \u9ed1\u4f53;\"><span style=\"font-size: medium;\"><span style=\"color: #333333;\">Di\u015f \u00d6l\u00e7\u00fcs\u00fc<\/span><\/span><\/span><\/p>\n<\/td>\n<td bgcolor=\"#f7f8fa\" width=\"522\">\n<p class=\"western\" align=\"left\"><span style=\"font-family: \u9ed1\u4f53;\"><span style=\"font-size: medium;\"><span style=\"color: #333333;\">1&#8243;, 1.25&#8243;, 1.5&#8243;, 2&#8243;, 2.5&#8243; ve di\u011fer \u00f6zelle\u015ftirmeler<\/span><\/span><\/span><\/p>\n<\/td>\n<\/tr>\n<tr valign=\"top\">\n<td bgcolor=\"#f3f4f8\" width=\"226\">\n<p class=\"western\" align=\"left\"><span style=\"font-family: \u9ed1\u4f53;\"><span style=\"font-size: medium;\"><span style=\"color: #333333;\">Boru Uzunlu\u011fu<\/span><\/span><\/span><\/p>\n<\/td>\n<td bgcolor=\"#ffffff\" width=\"522\">\n<p class=\"western\" align=\"left\"><span style=\"color: #333333;\">\u2265<span style=\"font-family: \u9ed1\u4f53;\"><span style=\"font-size: medium;\">200mm<\/span><\/span><\/span><\/p>\n<\/td>\n<\/tr>\n<tr valign=\"top\">\n<td bgcolor=\"#f3f4f8\" width=\"226\">\n<p class=\"western\" align=\"left\"><span style=\"font-family: \u9ed1\u4f53;\"><span style=\"font-size: medium;\"><span style=\"color: #333333;\">Sertifika<\/span><\/span><\/span><\/p>\n<\/td>\n<td bgcolor=\"#f7f8fa\" width=\"522\">\n<p class=\"western\" align=\"left\"><span style=\"color: #333333;\">CE <span style=\"font-family: \u9ed1\u4f53;\"><span style=\"font-size: medium;\">sertifikal\u0131<\/span><\/span><\/span><\/p>\n<\/td>\n<\/tr>\n<tr valign=\"top\">\n<td bgcolor=\"#f3f4f8\" width=\"226\">\n<p class=\"western\" align=\"left\"><span style=\"font-family: \u9ed1\u4f53;\"><span style=\"font-size: medium;\"><span style=\"color: #333333;\">OEM Hizmeti<\/span><\/span><\/span><\/p>\n<\/td>\n<td bgcolor=\"#ffffff\" width=\"522\">\n<p class=\"western\" align=\"left\"><span style=\"font-family: \u9ed1\u4f53;\"><span style=\"font-size: medium;\"><span style=\"color: #333333;\">Kabul edilir<\/span><\/span><\/span><\/p>\n<\/td>\n<\/tr>\n<tr valign=\"top\">\n<td bgcolor=\"#f3f4f8\" width=\"226\">\n<p class=\"western\" align=\"left\"><span style=\"font-family: \u9ed1\u4f53;\"><span style=\"font-size: medium;\"><span style=\"color: #333333;\">Teslim S\u00fcresi<\/span><\/span><\/span><\/p>\n<\/td>\n<td bgcolor=\"#f7f8fa\" width=\"522\">\n<p class=\"western\" align=\"left\"><span style=\"font-family: \u9ed1\u4f53;\"><span style=\"font-size: medium;\"><span style=\"color: #333333;\">7-15 g\u00fcn<\/span><\/span><\/span><\/p>\n<\/td>\n<\/tr>\n<\/tbody>\n<\/table>\n","protected":false},"excerpt":{"rendered":"<p>Borulu \u0131s\u0131tma elemanlar\u0131, neredeyse her t\u00fcr \u0131s\u0131tma cihaz\u0131nda kullan\u0131l\u0131r. \u015eekillendirilmesi kolayd\u0131r ve ayn\u0131 anda y\u00fcksek mekanik stabilite ve elektriksel \u00f6zelliklere sahiptir.<\/p>\n","protected":false},"featured_media":1147,"template":"","meta":[],"product_brand":[],"product_cat":[28],"product_tag":[],"class_list":{"0":"post-1126","1":"product","2":"type-product","3":"status-publish","4":"has-post-thumbnail","6":"product_cat-tubular-heater","8":"first","9":"instock","10":"shipping-taxable","11":"product-type-simple"},"yoast_head":"<!-- This site is optimized with the Yoast SEO plugin v27.3 - https:\/\/yoast.com\/product\/yoast-seo-wordpress\/ -->\n<title>Bu \u00e7eviri do\u011fru g\u00f6r\u00fcn\u00fcyor. Ba\u015fka bir \u00e7eviri veya yard\u0131ma ihtiyac\u0131n\u0131z var m\u0131?<\/title>\n<meta name=\"description\" content=\"En iyi flan\u015fl\u0131 borulu \u0131s\u0131t\u0131c\u0131lar, g\u00fcvenilir ve verimli end\u00fcstriyel \u0131s\u0131tma i\u00e7in idealdir. Y\u00fcksek kaliteli \u0131s\u0131t\u0131c\u0131lar\u0131m\u0131z, \u00e7e\u015fitli uygulamalar i\u00e7in ola\u011fan\u00fcst\u00fc performans ve dayan\u0131kl\u0131l\u0131k sa\u011flar. M\u00fckemmel \u0131s\u0131tma \u00e7\u00f6z\u00fcm\u00fcn\u00fc bulmak i\u00e7in uzman rehberli\u011fi ve ola\u011fan\u00fcst\u00fc m\u00fc\u015fteri hizmeti al\u0131n. Se\u00e7imimizi bug\u00fcn ke\u015ffedin!\" \/>\n<meta name=\"robots\" content=\"index, follow, max-snippet:-1, max-image-preview:large, max-video-preview:-1\" \/>\n<link rel=\"canonical\" href=\"https:\/\/cheri-heater.com\/tr\/product\/flange-tubular-heater\/\" \/>\n<meta property=\"og:locale\" content=\"en_US\" \/>\n<meta property=\"og:type\" content=\"article\" \/>\n<meta property=\"og:title\" content=\"Bu \u00e7eviri do\u011fru g\u00f6r\u00fcn\u00fcyor. Ba\u015fka bir \u00e7eviri veya yard\u0131ma ihtiyac\u0131n\u0131z var m\u0131?\" \/>\n<meta property=\"og:description\" content=\"En iyi flan\u015fl\u0131 borulu \u0131s\u0131t\u0131c\u0131lar, g\u00fcvenilir ve verimli end\u00fcstriyel \u0131s\u0131tma i\u00e7in idealdir. Y\u00fcksek kaliteli \u0131s\u0131t\u0131c\u0131lar\u0131m\u0131z, \u00e7e\u015fitli uygulamalar i\u00e7in ola\u011fan\u00fcst\u00fc performans ve dayan\u0131kl\u0131l\u0131k sa\u011flar. M\u00fckemmel \u0131s\u0131tma \u00e7\u00f6z\u00fcm\u00fcn\u00fc bulmak i\u00e7in uzman rehberli\u011fi ve ola\u011fan\u00fcst\u00fc m\u00fc\u015fteri hizmeti al\u0131n. Se\u00e7imimizi bug\u00fcn ke\u015ffedin!\" \/>\n<meta property=\"og:url\" content=\"https:\/\/cheri-heater.com\/tr\/product\/flange-tubular-heater\/\" \/>\n<meta property=\"og:site_name\" content=\"Cheri Heater Technology Co.,Ltd.\" \/>\n<meta property=\"article:modified_time\" content=\"2024-07-30T21:54:12+00:00\" \/>\n<meta property=\"og:image\" content=\"https:\/\/cheri-heater.com\/tr\/wp-content\/uploads\/2024\/06\/front-1-1.jpg\" \/>\n\t<meta property=\"og:image:width\" content=\"760\" \/>\n\t<meta property=\"og:image:height\" content=\"760\" \/>\n\t<meta property=\"og:image:type\" content=\"image\/jpeg\" \/>\n<meta name=\"twitter:card\" content=\"summary_large_image\" \/>\n<meta name=\"twitter:label1\" content=\"Est. reading time\" \/>\n\t<meta name=\"twitter:data1\" content=\"2 minutes\" \/>\n<!-- \/ Yoast SEO plugin. -->","yoast_head_json":{"title":"Bu \u00e7eviri do\u011fru g\u00f6r\u00fcn\u00fcyor. Ba\u015fka bir \u00e7eviri veya yard\u0131ma ihtiyac\u0131n\u0131z var m\u0131?","description":"En iyi flan\u015fl\u0131 borulu \u0131s\u0131t\u0131c\u0131lar, g\u00fcvenilir ve verimli end\u00fcstriyel \u0131s\u0131tma i\u00e7in idealdir. Y\u00fcksek kaliteli \u0131s\u0131t\u0131c\u0131lar\u0131m\u0131z, \u00e7e\u015fitli uygulamalar i\u00e7in ola\u011fan\u00fcst\u00fc performans ve dayan\u0131kl\u0131l\u0131k sa\u011flar. M\u00fckemmel \u0131s\u0131tma \u00e7\u00f6z\u00fcm\u00fcn\u00fc bulmak i\u00e7in uzman rehberli\u011fi ve ola\u011fan\u00fcst\u00fc m\u00fc\u015fteri hizmeti al\u0131n. Se\u00e7imimizi bug\u00fcn ke\u015ffedin!","robots":{"index":"index","follow":"follow","max-snippet":"max-snippet:-1","max-image-preview":"max-image-preview:large","max-video-preview":"max-video-preview:-1"},"canonical":"https:\/\/cheri-heater.com\/tr\/product\/flange-tubular-heater\/","og_locale":"en_US","og_type":"article","og_title":"Bu \u00e7eviri do\u011fru g\u00f6r\u00fcn\u00fcyor. Ba\u015fka bir \u00e7eviri veya yard\u0131ma ihtiyac\u0131n\u0131z var m\u0131?","og_description":"En iyi flan\u015fl\u0131 borulu \u0131s\u0131t\u0131c\u0131lar, g\u00fcvenilir ve verimli end\u00fcstriyel \u0131s\u0131tma i\u00e7in idealdir. Y\u00fcksek kaliteli \u0131s\u0131t\u0131c\u0131lar\u0131m\u0131z, \u00e7e\u015fitli uygulamalar i\u00e7in ola\u011fan\u00fcst\u00fc performans ve dayan\u0131kl\u0131l\u0131k sa\u011flar. M\u00fckemmel \u0131s\u0131tma \u00e7\u00f6z\u00fcm\u00fcn\u00fc bulmak i\u00e7in uzman rehberli\u011fi ve ola\u011fan\u00fcst\u00fc m\u00fc\u015fteri hizmeti al\u0131n. Se\u00e7imimizi bug\u00fcn ke\u015ffedin!","og_url":"https:\/\/cheri-heater.com\/tr\/product\/flange-tubular-heater\/","og_site_name":"Cheri Heater Technology Co.,Ltd.","article_modified_time":"2024-07-30T21:54:12+00:00","og_image":[{"width":760,"height":760,"url":"https:\/\/cheri-heater.com\/tr\/wp-content\/uploads\/2024\/06\/front-1-1.jpg","type":"image\/jpeg"}],"twitter_card":"summary_large_image","twitter_misc":{"Est. reading time":"2 minutes"},"schema":{"@context":"https:\/\/schema.org","@graph":[{"@type":"WebPage","@id":"https:\/\/cheri-heater.com\/tr\/product\/flange-tubular-heater\/","url":"https:\/\/cheri-heater.com\/tr\/product\/flange-tubular-heater\/","name":"Bu \u00e7eviri do\u011fru g\u00f6r\u00fcn\u00fcyor. Ba\u015fka bir \u00e7eviri veya yard\u0131ma ihtiyac\u0131n\u0131z var m\u0131?","isPartOf":{"@id":"https:\/\/cheri-heater.com\/tr\/#website"},"primaryImageOfPage":{"@id":"https:\/\/cheri-heater.com\/tr\/product\/flange-tubular-heater\/#primaryimage"},"image":{"@id":"https:\/\/cheri-heater.com\/tr\/product\/flange-tubular-heater\/#primaryimage"},"thumbnailUrl":"https:\/\/cheri-heater.com\/tr\/wp-content\/uploads\/2024\/06\/front-1-1.jpg","datePublished":"2024-06-05T17:21:32+00:00","dateModified":"2024-07-30T21:54:12+00:00","description":"En iyi flan\u015fl\u0131 borulu \u0131s\u0131t\u0131c\u0131lar, g\u00fcvenilir ve verimli end\u00fcstriyel \u0131s\u0131tma i\u00e7in idealdir. Y\u00fcksek kaliteli \u0131s\u0131t\u0131c\u0131lar\u0131m\u0131z, \u00e7e\u015fitli uygulamalar i\u00e7in ola\u011fan\u00fcst\u00fc performans ve dayan\u0131kl\u0131l\u0131k sa\u011flar. M\u00fckemmel \u0131s\u0131tma \u00e7\u00f6z\u00fcm\u00fcn\u00fc bulmak i\u00e7in uzman rehberli\u011fi ve ola\u011fan\u00fcst\u00fc m\u00fc\u015fteri hizmeti al\u0131n. Se\u00e7imimizi bug\u00fcn ke\u015ffedin!","breadcrumb":{"@id":"https:\/\/cheri-heater.com\/tr\/product\/flange-tubular-heater\/#breadcrumb"},"inLanguage":"en-US","potentialAction":[{"@type":"ReadAction","target":["https:\/\/cheri-heater.com\/tr\/product\/flange-tubular-heater\/"]}]},{"@type":"ImageObject","inLanguage":"en-US","@id":"https:\/\/cheri-heater.com\/tr\/product\/flange-tubular-heater\/#primaryimage","url":"https:\/\/cheri-heater.com\/tr\/wp-content\/uploads\/2024\/06\/front-1-1.jpg","contentUrl":"https:\/\/cheri-heater.com\/tr\/wp-content\/uploads\/2024\/06\/front-1-1.jpg","width":760,"height":760},{"@type":"BreadcrumbList","@id":"https:\/\/cheri-heater.com\/tr\/product\/flange-tubular-heater\/#breadcrumb","itemListElement":[{"@type":"ListItem","position":1,"name":"Home","item":"https:\/\/cheri-heater.com\/tr\/"},{"@type":"ListItem","position":2,"name":"Products","item":"https:\/\/cheri-heater.com\/tr\/products\/"},{"@type":"ListItem","position":3,"name":"Flan\u015fl\u0131 Borulu Is\u0131t\u0131c\u0131lar"}]},{"@type":"WebSite","@id":"https:\/\/cheri-heater.com\/tr\/#website","url":"https:\/\/cheri-heater.com\/tr\/","name":"Cheri Heater Technology Co.,Ltd.","description":"","publisher":{"@id":"https:\/\/cheri-heater.com\/tr\/#organization"},"potentialAction":[{"@type":"SearchAction","target":{"@type":"EntryPoint","urlTemplate":"https:\/\/cheri-heater.com\/tr\/?s={search_term_string}"},"query-input":{"@type":"PropertyValueSpecification","valueRequired":true,"valueName":"search_term_string"}}],"inLanguage":"en-US"},{"@type":"Organization","@id":"https:\/\/cheri-heater.com\/tr\/#organization","name":"Cheri Heater Technology Co.,Ltd.","url":"https:\/\/cheri-heater.com\/tr\/","logo":{"@type":"ImageObject","inLanguage":"en-US","@id":"https:\/\/cheri-heater.com\/tr\/#\/schema\/logo\/image\/","url":"https:\/\/cheri-heater.com\/tr\/wp-content\/uploads\/2024\/06\/cropped-logo-resize.png","contentUrl":"https:\/\/cheri-heater.com\/tr\/wp-content\/uploads\/2024\/06\/cropped-logo-resize.png","width":346,"height":99,"caption":"Cheri Heater Technology Co.,Ltd."},"image":{"@id":"https:\/\/cheri-heater.com\/tr\/#\/schema\/logo\/image\/"}}]}},"_links":{"self":[{"href":"https:\/\/cheri-heater.com\/tr\/wp-json\/wp\/v2\/product\/1126","targetHints":{"allow":["GET"]}}],"collection":[{"href":"https:\/\/cheri-heater.com\/tr\/wp-json\/wp\/v2\/product"}],"about":[{"href":"https:\/\/cheri-heater.com\/tr\/wp-json\/wp\/v2\/types\/product"}],"wp:featuredmedia":[{"embeddable":true,"href":"https:\/\/cheri-heater.com\/tr\/wp-json\/wp\/v2\/media\/1147"}],"wp:attachment":[{"href":"https:\/\/cheri-heater.com\/tr\/wp-json\/wp\/v2\/media?parent=1126"}],"wp:term":[{"taxonomy":"product_brand","embeddable":true,"href":"https:\/\/cheri-heater.com\/tr\/wp-json\/wp\/v2\/product_brand?post=1126"},{"taxonomy":"product_cat","embeddable":true,"href":"https:\/\/cheri-heater.com\/tr\/wp-json\/wp\/v2\/product_cat?post=1126"},{"taxonomy":"product_tag","embeddable":true,"href":"https:\/\/cheri-heater.com\/tr\/wp-json\/wp\/v2\/product_tag?post=1126"}],"curies":[{"name":"wp","href":"https:\/\/api.w.org\/{rel}","templated":true}]}}